{"id":28219,"date":"2025-12-12T18:28:32","date_gmt":"2025-12-12T17:28:32","guid":{"rendered":"https:\/\/test.ecbeaute.com\/?post_type=product&#038;p=28219"},"modified":"2025-12-12T18:28:36","modified_gmt":"2025-12-12T17:28:36","slug":"neostrata-firming-puissant-complexe-au-retinol-30-ml-2","status":"publish","type":"product","link":"https:\/\/paracherkaoui.ma\/index.php\/produit\/neostrata-firming-puissant-complexe-au-retinol-30-ml-2\/","title":{"rendered":"NEOSTRATA FIRMING PUISSANT COMPLEXE AU RETINOL 30 ML"},"content":{"rendered":"<p>Le Neostrata Firming Complexe R\u00e9parateur R\u00e9tinol est un s\u00e9rum de nuit puissant qui associe les bienfaits du r\u00e9tinol, de la niacinamide, de la n\u00e9oglucosamine, de la Centella Asiatica et de l\u2019acide hyaluronique pour offrir une peau plus lisse, hydrat\u00e9e et uniforme. Les avantages de ce produit comprennent :<br \/>\nR\u00e9duction des rides et ridules.<br \/>\nAtt\u00e9nuation des taches de vieillesse et des taches brunes.<br \/>\nRaffermissement de la peau.<br \/>\nHydratation en profondeur.<br \/>\nApaisement des peaux d\u00e9shydrat\u00e9es et r\u00e9actives.<br \/>\nConvient aux peaux s\u00e8ches, normales et grasses.<br \/>\nSans parfum.<br \/>\nTest\u00e9 sous contr\u00f4le dermatologique et allergique.<br \/>\nConvient \u00e0 toutes les carnations.<br \/>\nLes ingr\u00e9dients cl\u00e9s de ce produit sont :<br \/>\n0,3 % de r\u00e9tinol pur :\u00a0Une forme de la puissante vitamine A antioxydante qui favorise le renouvellement cellulaire, r\u00e9duit les rides et ridules, et cible la production de collag\u00e8ne pour une peau plus ferme.<br \/>\n4 % de niacinamide :\u00a0R\u00e9duit l\u2019apparence des taches de vieillesse et am\u00e9liore l\u2019apparence g\u00e9n\u00e9rale de la peau.<br \/>\n2 % de n\u00e9oglucosamine :\u00a0Aide \u00e0 raffermir la peau et \u00e0 lisser les rides et ridules tout en am\u00e9liorant l\u2019apparence de la peau photovieillie.<br \/>\nCentella Asiatica (Tigergrass) :\u00a0Un antioxydant v\u00e9g\u00e9tal qui apaise et \u00e9quilibre les peaux d\u00e9shydrat\u00e9es et r\u00e9actives tout en les prot\u00e9geant contre les agressions environnementales dess\u00e9chantes.<br \/>\nAcide hyaluronique :\u00a0Un humectant puissant qui hydrate la peau en profondeur pour un aspect repulpant.<br \/>\nApr\u00e8s 8 semaines d\u2019utilisation, de nombreux participants ont constat\u00e9 une peau plus ferme, moins de rides visibles et des taches de vieillesse att\u00e9nu\u00e9es. Apr\u00e8s 12 semaines, une am\u00e9lioration suppl\u00e9mentaire de l\u2019uniformit\u00e9 du teint a \u00e9t\u00e9 observ\u00e9e.<br \/>\nConseils d\u2019application :<br \/>\nAppliquez sur une peau propre une \u00e0 deux fois par semaine le soir, en augmentant progressivement la fr\u00e9quence selon votre tol\u00e9rance.<br \/>\nConvient pour une utilisation en soir\u00e9e.<br \/>\nVous pouvez suivre avec l\u2019application de votre cr\u00e8me contour des yeux et de votre hydratant Neostrata pr\u00e9f\u00e9r\u00e9.<\/p>\n","protected":false},"excerpt":{"rendered":"<p>Le Neostrata Firming Complexe R\u00e9parateur R\u00e9tinol est un s\u00e9rum de nuit puissant qui associe les bienfaits du r\u00e9tinol, de la<\/p>\n","protected":false},"featured_media":23920,"comment_status":"open","ping_status":"closed","template":"","meta":[],"product_brand":[404],"product_cat":[534],"product_tag":[],"class_list":{"0":"post-28219","1":"product","2":"type-product","3":"status-publish","4":"has-post-thumbnail","6":"product_brand-neostrata","7":"product_cat-cremes-nuit","9":"first","10":"instock","11":"sale","12":"shipping-taxable","13":"purchasable","14":"product-type-simple"},"yoast_head":"<!-- This site is optimized with the Yoast SEO plugin v26.6 - https:\/\/yoast.com\/wordpress\/plugins\/seo\/ -->\r\n<title>NEOSTRATA FIRMING PUISSANT COMPLEXE AU RETINOL 30 ML - Paracherkaoui.ma<\/title>\r\n<meta name=\"robots\" content=\"index, follow, max-snippet:-1, max-image-preview:large, max-video-preview:-1\" \/>\r\n<link rel=\"canonical\" href=\"https:\/\/paracherkaoui.ma\/index.php\/produit\/neostrata-firming-puissant-complexe-au-retinol-30-ml-2\/\" \/>\r\n<meta property=\"og:locale\" content=\"fr_FR\" \/>\r\n<meta property=\"og:type\" content=\"article\" \/>\r\n<meta property=\"og:title\" content=\"NEOSTRATA FIRMING PUISSANT COMPLEXE AU RETINOL 30 ML - Paracherkaoui.ma\" \/>\r\n<meta property=\"og:description\" content=\"Le Neostrata Firming Complexe R\u00e9parateur R\u00e9tinol est un s\u00e9rum de nuit puissant qui associe les bienfaits du r\u00e9tinol, de la\" \/>\r\n<meta property=\"og:url\" content=\"https:\/\/paracherkaoui.ma\/index.php\/produit\/neostrata-firming-puissant-complexe-au-retinol-30-ml-2\/\" \/>\r\n<meta property=\"og:site_name\" content=\"Paracherkaoui.ma\" \/>\r\n<meta property=\"article:modified_time\" content=\"2025-12-12T17:28:36+00:00\" \/>\r\n<meta property=\"og:image\" content=\"https:\/\/paracherkaoui.ma\/wp-content\/uploads\/2025\/12\/neostrata-neostrata-firming-puissant-complexe-au-retinol-30-ml-premieres-rides.jpg\" \/>\r\n\t<meta property=\"og:image:width\" content=\"700\" \/>\r\n\t<meta property=\"og:image:height\" content=\"700\" \/>\r\n\t<meta property=\"og:image:type\" content=\"image\/jpeg\" \/>\r\n<meta name=\"twitter:card\" content=\"summary_large_image\" \/>\r\n<meta name=\"twitter:label1\" content=\"Dur\u00e9e de lecture estim\u00e9e\" \/>\n\t<meta name=\"twitter:data1\" content=\"2 minutes\" \/>\r\n<script type=\"application\/ld+json\" class=\"yoast-schema-graph\">{\"@context\":\"https:\/\/schema.org\",\"@graph\":[{\"@type\":\"WebPage\",\"@id\":\"https:\/\/paracherkaoui.ma\/index.php\/produit\/neostrata-firming-puissant-complexe-au-retinol-30-ml-2\/\",\"url\":\"https:\/\/paracherkaoui.ma\/index.php\/produit\/neostrata-firming-puissant-complexe-au-retinol-30-ml-2\/\",\"name\":\"NEOSTRATA FIRMING PUISSANT COMPLEXE AU RETINOL 30 ML - Paracherkaoui.ma\",\"isPartOf\":{\"@id\":\"https:\/\/paracherkaoui.ma\/#website\"},\"primaryImageOfPage\":{\"@id\":\"https:\/\/paracherkaoui.ma\/index.php\/produit\/neostrata-firming-puissant-complexe-au-retinol-30-ml-2\/#primaryimage\"},\"image\":{\"@id\":\"https:\/\/paracherkaoui.ma\/index.php\/produit\/neostrata-firming-puissant-complexe-au-retinol-30-ml-2\/#primaryimage\"},\"thumbnailUrl\":\"https:\/\/paracherkaoui.ma\/wp-content\/uploads\/2025\/12\/neostrata-neostrata-firming-puissant-complexe-au-retinol-30-ml-premieres-rides.jpg\",\"datePublished\":\"2025-12-12T17:28:32+00:00\",\"dateModified\":\"2025-12-12T17:28:36+00:00\",\"breadcrumb\":{\"@id\":\"https:\/\/paracherkaoui.ma\/index.php\/produit\/neostrata-firming-puissant-complexe-au-retinol-30-ml-2\/#breadcrumb\"},\"inLanguage\":\"fr-FR\",\"potentialAction\":[{\"@type\":\"ReadAction\",\"target\":[\"https:\/\/paracherkaoui.ma\/index.php\/produit\/neostrata-firming-puissant-complexe-au-retinol-30-ml-2\/\"]}]},{\"@type\":\"ImageObject\",\"inLanguage\":\"fr-FR\",\"@id\":\"https:\/\/paracherkaoui.ma\/index.php\/produit\/neostrata-firming-puissant-complexe-au-retinol-30-ml-2\/#primaryimage\",\"url\":\"https:\/\/paracherkaoui.ma\/wp-content\/uploads\/2025\/12\/neostrata-neostrata-firming-puissant-complexe-au-retinol-30-ml-premieres-rides.jpg\",\"contentUrl\":\"https:\/\/paracherkaoui.ma\/wp-content\/uploads\/2025\/12\/neostrata-neostrata-firming-puissant-complexe-au-retinol-30-ml-premieres-rides.jpg\",\"width\":700,\"height\":700},{\"@type\":\"BreadcrumbList\",\"@id\":\"https:\/\/paracherkaoui.ma\/index.php\/produit\/neostrata-firming-puissant-complexe-au-retinol-30-ml-2\/#breadcrumb\",\"itemListElement\":[{\"@type\":\"ListItem\",\"position\":1,\"name\":\"Accueil\",\"item\":\"https:\/\/paracherkaoui.ma\/\"},{\"@type\":\"ListItem\",\"position\":2,\"name\":\"Boutique\",\"item\":\"https:\/\/paracherkaoui.ma\/index.php\/boutique\/\"},{\"@type\":\"ListItem\",\"position\":3,\"name\":\"NEOSTRATA FIRMING PUISSANT COMPLEXE AU RETINOL 30 ML\"}]},{\"@type\":\"WebSite\",\"@id\":\"https:\/\/paracherkaoui.ma\/#website\",\"url\":\"https:\/\/paracherkaoui.ma\/\",\"name\":\"Paracherkaoui.ma\",\"description\":\"Achetez en ligne sur Paracherkaoui.ma\",\"potentialAction\":[{\"@type\":\"SearchAction\",\"target\":{\"@type\":\"EntryPoint\",\"urlTemplate\":\"https:\/\/paracherkaoui.ma\/?s={search_term_string}\"},\"query-input\":{\"@type\":\"PropertyValueSpecification\",\"valueRequired\":true,\"valueName\":\"search_term_string\"}}],\"inLanguage\":\"fr-FR\"}]}<\/script>\r\n<!-- \/ Yoast SEO plugin. -->","yoast_head_json":{"title":"NEOSTRATA FIRMING PUISSANT COMPLEXE AU RETINOL 30 ML - Paracherkaoui.ma","robots":{"index":"index","follow":"follow","max-snippet":"max-snippet:-1","max-image-preview":"max-image-preview:large","max-video-preview":"max-video-preview:-1"},"canonical":"https:\/\/paracherkaoui.ma\/index.php\/produit\/neostrata-firming-puissant-complexe-au-retinol-30-ml-2\/","og_locale":"fr_FR","og_type":"article","og_title":"NEOSTRATA FIRMING PUISSANT COMPLEXE AU RETINOL 30 ML - Paracherkaoui.ma","og_description":"Le Neostrata Firming Complexe R\u00e9parateur R\u00e9tinol est un s\u00e9rum de nuit puissant qui associe les bienfaits du r\u00e9tinol, de la","og_url":"https:\/\/paracherkaoui.ma\/index.php\/produit\/neostrata-firming-puissant-complexe-au-retinol-30-ml-2\/","og_site_name":"Paracherkaoui.ma","article_modified_time":"2025-12-12T17:28:36+00:00","og_image":[{"width":700,"height":700,"url":"https:\/\/paracherkaoui.ma\/wp-content\/uploads\/2025\/12\/neostrata-neostrata-firming-puissant-complexe-au-retinol-30-ml-premieres-rides.jpg","type":"image\/jpeg"}],"twitter_card":"summary_large_image","twitter_misc":{"Dur\u00e9e de lecture estim\u00e9e":"2 minutes"},"schema":{"@context":"https:\/\/schema.org","@graph":[{"@type":"WebPage","@id":"https:\/\/paracherkaoui.ma\/index.php\/produit\/neostrata-firming-puissant-complexe-au-retinol-30-ml-2\/","url":"https:\/\/paracherkaoui.ma\/index.php\/produit\/neostrata-firming-puissant-complexe-au-retinol-30-ml-2\/","name":"NEOSTRATA FIRMING PUISSANT COMPLEXE AU RETINOL 30 ML - Paracherkaoui.ma","isPartOf":{"@id":"https:\/\/paracherkaoui.ma\/#website"},"primaryImageOfPage":{"@id":"https:\/\/paracherkaoui.ma\/index.php\/produit\/neostrata-firming-puissant-complexe-au-retinol-30-ml-2\/#primaryimage"},"image":{"@id":"https:\/\/paracherkaoui.ma\/index.php\/produit\/neostrata-firming-puissant-complexe-au-retinol-30-ml-2\/#primaryimage"},"thumbnailUrl":"https:\/\/paracherkaoui.ma\/wp-content\/uploads\/2025\/12\/neostrata-neostrata-firming-puissant-complexe-au-retinol-30-ml-premieres-rides.jpg","datePublished":"2025-12-12T17:28:32+00:00","dateModified":"2025-12-12T17:28:36+00:00","breadcrumb":{"@id":"https:\/\/paracherkaoui.ma\/index.php\/produit\/neostrata-firming-puissant-complexe-au-retinol-30-ml-2\/#breadcrumb"},"inLanguage":"fr-FR","potentialAction":[{"@type":"ReadAction","target":["https:\/\/paracherkaoui.ma\/index.php\/produit\/neostrata-firming-puissant-complexe-au-retinol-30-ml-2\/"]}]},{"@type":"ImageObject","inLanguage":"fr-FR","@id":"https:\/\/paracherkaoui.ma\/index.php\/produit\/neostrata-firming-puissant-complexe-au-retinol-30-ml-2\/#primaryimage","url":"https:\/\/paracherkaoui.ma\/wp-content\/uploads\/2025\/12\/neostrata-neostrata-firming-puissant-complexe-au-retinol-30-ml-premieres-rides.jpg","contentUrl":"https:\/\/paracherkaoui.ma\/wp-content\/uploads\/2025\/12\/neostrata-neostrata-firming-puissant-complexe-au-retinol-30-ml-premieres-rides.jpg","width":700,"height":700},{"@type":"BreadcrumbList","@id":"https:\/\/paracherkaoui.ma\/index.php\/produit\/neostrata-firming-puissant-complexe-au-retinol-30-ml-2\/#breadcrumb","itemListElement":[{"@type":"ListItem","position":1,"name":"Accueil","item":"https:\/\/paracherkaoui.ma\/"},{"@type":"ListItem","position":2,"name":"Boutique","item":"https:\/\/paracherkaoui.ma\/index.php\/boutique\/"},{"@type":"ListItem","position":3,"name":"NEOSTRATA FIRMING PUISSANT COMPLEXE AU RETINOL 30 ML"}]},{"@type":"WebSite","@id":"https:\/\/paracherkaoui.ma\/#website","url":"https:\/\/paracherkaoui.ma\/","name":"Paracherkaoui.ma","description":"Achetez en ligne sur Paracherkaoui.ma","potentialAction":[{"@type":"SearchAction","target":{"@type":"EntryPoint","urlTemplate":"https:\/\/paracherkaoui.ma\/?s={search_term_string}"},"query-input":{"@type":"PropertyValueSpecification","valueRequired":true,"valueName":"search_term_string"}}],"inLanguage":"fr-FR"}]}},"_links":{"self":[{"href":"https:\/\/paracherkaoui.ma\/index.php\/wp-json\/wp\/v2\/product\/28219","targetHints":{"allow":["GET"]}}],"collection":[{"href":"https:\/\/paracherkaoui.ma\/index.php\/wp-json\/wp\/v2\/product"}],"about":[{"href":"https:\/\/paracherkaoui.ma\/index.php\/wp-json\/wp\/v2\/types\/product"}],"replies":[{"embeddable":true,"href":"https:\/\/paracherkaoui.ma\/index.php\/wp-json\/wp\/v2\/comments?post=28219"}],"version-history":[{"count":1,"href":"https:\/\/paracherkaoui.ma\/index.php\/wp-json\/wp\/v2\/product\/28219\/revisions"}],"predecessor-version":[{"id":28254,"href":"https:\/\/paracherkaoui.ma\/index.php\/wp-json\/wp\/v2\/product\/28219\/revisions\/28254"}],"wp:featuredmedia":[{"embeddable":true,"href":"https:\/\/paracherkaoui.ma\/index.php\/wp-json\/wp\/v2\/media\/23920"}],"wp:attachment":[{"href":"https:\/\/paracherkaoui.ma\/index.php\/wp-json\/wp\/v2\/media?parent=28219"}],"wp:term":[{"taxonomy":"product_brand","embeddable":true,"href":"https:\/\/paracherkaoui.ma\/index.php\/wp-json\/wp\/v2\/product_brand?post=28219"},{"taxonomy":"product_cat","embeddable":true,"href":"https:\/\/paracherkaoui.ma\/index.php\/wp-json\/wp\/v2\/product_cat?post=28219"},{"taxonomy":"product_tag","embeddable":true,"href":"https:\/\/paracherkaoui.ma\/index.php\/wp-json\/wp\/v2\/product_tag?post=28219"}],"curies":[{"name":"wp","href":"https:\/\/api.w.org\/{rel}","templated":true}]}}