{"id":28211,"date":"2025-12-12T18:28:31","date_gmt":"2025-12-12T17:28:31","guid":{"rendered":"https:\/\/test.ecbeaute.com\/?post_type=product&#038;p=28211"},"modified":"2025-12-12T18:28:35","modified_gmt":"2025-12-12T17:28:35","slug":"new-oil-cosmetics-huile-de-myrte-10-ml-2","status":"publish","type":"product","link":"https:\/\/paracherkaoui.ma\/index.php\/produit\/new-oil-cosmetics-huile-de-myrte-10-ml-2\/","title":{"rendered":"NEW OIL COSMETICS HUILE DE MYRTE 10 ML"},"content":{"rendered":"<p>New Oil Cosmetics huile de Myrte est une huile aux multiples vertus. Gr\u00e2ce \u00e0 sa contenance en ac\u00e9tate de myrt\u00e9nyle, principe actif assainissant, elle est surtout indiqu\u00e9e pour ses propri\u00e9tes astringentes, antibact\u00e9riennes, anti-infectieuses et antiseptiques : id\u00e9al pour l\u2019Ecz\u00e9ma, les mycoses cutan\u00e9es et les parasitoses.<br \/>\nTonifie les peaux rel\u00e2che\u00e9s et purifie les peaux \u00e0 probl\u00e8mes.<br \/>\nConseils d&rsquo;utilisation :<br \/>\nDiluer dans une huile v\u00e9g\u00e9tale et appliquer sur la partie concern\u00e9e.<\/p>\n","protected":false},"excerpt":{"rendered":"<p>New Oil Cosmetics huile de Myrte est une huile aux multiples vertus. Gr\u00e2ce \u00e0 sa contenance en ac\u00e9tate de myrt\u00e9nyle,<\/p>\n","protected":false},"featured_media":27079,"comment_status":"open","ping_status":"closed","template":"","meta":[],"product_brand":[290],"product_cat":[534],"product_tag":[],"class_list":{"0":"post-28211","1":"product","2":"type-product","3":"status-publish","4":"has-post-thumbnail","6":"product_brand-new-oil-cosmetics","7":"product_cat-cremes-nuit","9":"first","10":"instock","11":"sale","12":"shipping-taxable","13":"purchasable","14":"product-type-simple"},"yoast_head":"<!-- This site is optimized with the Yoast SEO plugin v26.6 - https:\/\/yoast.com\/wordpress\/plugins\/seo\/ -->\r\n<title>NEW OIL COSMETICS HUILE DE MYRTE 10 ML - Paracherkaoui.ma<\/title>\r\n<meta name=\"robots\" content=\"index, follow, max-snippet:-1, max-image-preview:large, max-video-preview:-1\" \/>\r\n<link rel=\"canonical\" href=\"https:\/\/paracherkaoui.ma\/index.php\/produit\/new-oil-cosmetics-huile-de-myrte-10-ml-2\/\" \/>\r\n<meta property=\"og:locale\" content=\"fr_FR\" \/>\r\n<meta property=\"og:type\" content=\"article\" \/>\r\n<meta property=\"og:title\" content=\"NEW OIL COSMETICS HUILE DE MYRTE 10 ML - Paracherkaoui.ma\" \/>\r\n<meta property=\"og:description\" content=\"New Oil Cosmetics huile de Myrte est une huile aux multiples vertus. Gr\u00e2ce \u00e0 sa contenance en ac\u00e9tate de myrt\u00e9nyle,\" \/>\r\n<meta property=\"og:url\" content=\"https:\/\/paracherkaoui.ma\/index.php\/produit\/new-oil-cosmetics-huile-de-myrte-10-ml-2\/\" \/>\r\n<meta property=\"og:site_name\" content=\"Paracherkaoui.ma\" \/>\r\n<meta property=\"article:modified_time\" content=\"2025-12-12T17:28:35+00:00\" \/>\r\n<meta property=\"og:image\" content=\"https:\/\/paracherkaoui.ma\/wp-content\/uploads\/2025\/12\/new-oil-cosmetics-new-oil-cosmetics-huile-de-myrte-10-ml-cremes-jour.jpg\" \/>\r\n\t<meta property=\"og:image:width\" content=\"700\" \/>\r\n\t<meta property=\"og:image:height\" content=\"700\" \/>\r\n\t<meta property=\"og:image:type\" content=\"image\/jpeg\" \/>\r\n<meta name=\"twitter:card\" content=\"summary_large_image\" \/>\r\n<script type=\"application\/ld+json\" class=\"yoast-schema-graph\">{\"@context\":\"https:\/\/schema.org\",\"@graph\":[{\"@type\":\"WebPage\",\"@id\":\"https:\/\/paracherkaoui.ma\/index.php\/produit\/new-oil-cosmetics-huile-de-myrte-10-ml-2\/\",\"url\":\"https:\/\/paracherkaoui.ma\/index.php\/produit\/new-oil-cosmetics-huile-de-myrte-10-ml-2\/\",\"name\":\"NEW OIL COSMETICS HUILE DE MYRTE 10 ML - Paracherkaoui.ma\",\"isPartOf\":{\"@id\":\"https:\/\/paracherkaoui.ma\/#website\"},\"primaryImageOfPage\":{\"@id\":\"https:\/\/paracherkaoui.ma\/index.php\/produit\/new-oil-cosmetics-huile-de-myrte-10-ml-2\/#primaryimage\"},\"image\":{\"@id\":\"https:\/\/paracherkaoui.ma\/index.php\/produit\/new-oil-cosmetics-huile-de-myrte-10-ml-2\/#primaryimage\"},\"thumbnailUrl\":\"https:\/\/paracherkaoui.ma\/wp-content\/uploads\/2025\/12\/new-oil-cosmetics-new-oil-cosmetics-huile-de-myrte-10-ml-cremes-jour.jpg\",\"datePublished\":\"2025-12-12T17:28:31+00:00\",\"dateModified\":\"2025-12-12T17:28:35+00:00\",\"breadcrumb\":{\"@id\":\"https:\/\/paracherkaoui.ma\/index.php\/produit\/new-oil-cosmetics-huile-de-myrte-10-ml-2\/#breadcrumb\"},\"inLanguage\":\"fr-FR\",\"potentialAction\":[{\"@type\":\"ReadAction\",\"target\":[\"https:\/\/paracherkaoui.ma\/index.php\/produit\/new-oil-cosmetics-huile-de-myrte-10-ml-2\/\"]}]},{\"@type\":\"ImageObject\",\"inLanguage\":\"fr-FR\",\"@id\":\"https:\/\/paracherkaoui.ma\/index.php\/produit\/new-oil-cosmetics-huile-de-myrte-10-ml-2\/#primaryimage\",\"url\":\"https:\/\/paracherkaoui.ma\/wp-content\/uploads\/2025\/12\/new-oil-cosmetics-new-oil-cosmetics-huile-de-myrte-10-ml-cremes-jour.jpg\",\"contentUrl\":\"https:\/\/paracherkaoui.ma\/wp-content\/uploads\/2025\/12\/new-oil-cosmetics-new-oil-cosmetics-huile-de-myrte-10-ml-cremes-jour.jpg\",\"width\":700,\"height\":700},{\"@type\":\"BreadcrumbList\",\"@id\":\"https:\/\/paracherkaoui.ma\/index.php\/produit\/new-oil-cosmetics-huile-de-myrte-10-ml-2\/#breadcrumb\",\"itemListElement\":[{\"@type\":\"ListItem\",\"position\":1,\"name\":\"Accueil\",\"item\":\"https:\/\/paracherkaoui.ma\/\"},{\"@type\":\"ListItem\",\"position\":2,\"name\":\"Boutique\",\"item\":\"https:\/\/paracherkaoui.ma\/index.php\/boutique\/\"},{\"@type\":\"ListItem\",\"position\":3,\"name\":\"NEW OIL COSMETICS HUILE DE MYRTE 10 ML\"}]},{\"@type\":\"WebSite\",\"@id\":\"https:\/\/paracherkaoui.ma\/#website\",\"url\":\"https:\/\/paracherkaoui.ma\/\",\"name\":\"Paracherkaoui.ma\",\"description\":\"Achetez en ligne sur Paracherkaoui.ma\",\"potentialAction\":[{\"@type\":\"SearchAction\",\"target\":{\"@type\":\"EntryPoint\",\"urlTemplate\":\"https:\/\/paracherkaoui.ma\/?s={search_term_string}\"},\"query-input\":{\"@type\":\"PropertyValueSpecification\",\"valueRequired\":true,\"valueName\":\"search_term_string\"}}],\"inLanguage\":\"fr-FR\"}]}<\/script>\r\n<!-- \/ Yoast SEO plugin. -->","yoast_head_json":{"title":"NEW OIL COSMETICS HUILE DE MYRTE 10 ML - Paracherkaoui.ma","robots":{"index":"index","follow":"follow","max-snippet":"max-snippet:-1","max-image-preview":"max-image-preview:large","max-video-preview":"max-video-preview:-1"},"canonical":"https:\/\/paracherkaoui.ma\/index.php\/produit\/new-oil-cosmetics-huile-de-myrte-10-ml-2\/","og_locale":"fr_FR","og_type":"article","og_title":"NEW OIL COSMETICS HUILE DE MYRTE 10 ML - Paracherkaoui.ma","og_description":"New Oil Cosmetics huile de Myrte est une huile aux multiples vertus. Gr\u00e2ce \u00e0 sa contenance en ac\u00e9tate de myrt\u00e9nyle,","og_url":"https:\/\/paracherkaoui.ma\/index.php\/produit\/new-oil-cosmetics-huile-de-myrte-10-ml-2\/","og_site_name":"Paracherkaoui.ma","article_modified_time":"2025-12-12T17:28:35+00:00","og_image":[{"width":700,"height":700,"url":"https:\/\/paracherkaoui.ma\/wp-content\/uploads\/2025\/12\/new-oil-cosmetics-new-oil-cosmetics-huile-de-myrte-10-ml-cremes-jour.jpg","type":"image\/jpeg"}],"twitter_card":"summary_large_image","schema":{"@context":"https:\/\/schema.org","@graph":[{"@type":"WebPage","@id":"https:\/\/paracherkaoui.ma\/index.php\/produit\/new-oil-cosmetics-huile-de-myrte-10-ml-2\/","url":"https:\/\/paracherkaoui.ma\/index.php\/produit\/new-oil-cosmetics-huile-de-myrte-10-ml-2\/","name":"NEW OIL COSMETICS HUILE DE MYRTE 10 ML - Paracherkaoui.ma","isPartOf":{"@id":"https:\/\/paracherkaoui.ma\/#website"},"primaryImageOfPage":{"@id":"https:\/\/paracherkaoui.ma\/index.php\/produit\/new-oil-cosmetics-huile-de-myrte-10-ml-2\/#primaryimage"},"image":{"@id":"https:\/\/paracherkaoui.ma\/index.php\/produit\/new-oil-cosmetics-huile-de-myrte-10-ml-2\/#primaryimage"},"thumbnailUrl":"https:\/\/paracherkaoui.ma\/wp-content\/uploads\/2025\/12\/new-oil-cosmetics-new-oil-cosmetics-huile-de-myrte-10-ml-cremes-jour.jpg","datePublished":"2025-12-12T17:28:31+00:00","dateModified":"2025-12-12T17:28:35+00:00","breadcrumb":{"@id":"https:\/\/paracherkaoui.ma\/index.php\/produit\/new-oil-cosmetics-huile-de-myrte-10-ml-2\/#breadcrumb"},"inLanguage":"fr-FR","potentialAction":[{"@type":"ReadAction","target":["https:\/\/paracherkaoui.ma\/index.php\/produit\/new-oil-cosmetics-huile-de-myrte-10-ml-2\/"]}]},{"@type":"ImageObject","inLanguage":"fr-FR","@id":"https:\/\/paracherkaoui.ma\/index.php\/produit\/new-oil-cosmetics-huile-de-myrte-10-ml-2\/#primaryimage","url":"https:\/\/paracherkaoui.ma\/wp-content\/uploads\/2025\/12\/new-oil-cosmetics-new-oil-cosmetics-huile-de-myrte-10-ml-cremes-jour.jpg","contentUrl":"https:\/\/paracherkaoui.ma\/wp-content\/uploads\/2025\/12\/new-oil-cosmetics-new-oil-cosmetics-huile-de-myrte-10-ml-cremes-jour.jpg","width":700,"height":700},{"@type":"BreadcrumbList","@id":"https:\/\/paracherkaoui.ma\/index.php\/produit\/new-oil-cosmetics-huile-de-myrte-10-ml-2\/#breadcrumb","itemListElement":[{"@type":"ListItem","position":1,"name":"Accueil","item":"https:\/\/paracherkaoui.ma\/"},{"@type":"ListItem","position":2,"name":"Boutique","item":"https:\/\/paracherkaoui.ma\/index.php\/boutique\/"},{"@type":"ListItem","position":3,"name":"NEW OIL COSMETICS HUILE DE MYRTE 10 ML"}]},{"@type":"WebSite","@id":"https:\/\/paracherkaoui.ma\/#website","url":"https:\/\/paracherkaoui.ma\/","name":"Paracherkaoui.ma","description":"Achetez en ligne sur Paracherkaoui.ma","potentialAction":[{"@type":"SearchAction","target":{"@type":"EntryPoint","urlTemplate":"https:\/\/paracherkaoui.ma\/?s={search_term_string}"},"query-input":{"@type":"PropertyValueSpecification","valueRequired":true,"valueName":"search_term_string"}}],"inLanguage":"fr-FR"}]}},"_links":{"self":[{"href":"https:\/\/paracherkaoui.ma\/index.php\/wp-json\/wp\/v2\/product\/28211","targetHints":{"allow":["GET"]}}],"collection":[{"href":"https:\/\/paracherkaoui.ma\/index.php\/wp-json\/wp\/v2\/product"}],"about":[{"href":"https:\/\/paracherkaoui.ma\/index.php\/wp-json\/wp\/v2\/types\/product"}],"replies":[{"embeddable":true,"href":"https:\/\/paracherkaoui.ma\/index.php\/wp-json\/wp\/v2\/comments?post=28211"}],"version-history":[{"count":1,"href":"https:\/\/paracherkaoui.ma\/index.php\/wp-json\/wp\/v2\/product\/28211\/revisions"}],"predecessor-version":[{"id":28244,"href":"https:\/\/paracherkaoui.ma\/index.php\/wp-json\/wp\/v2\/product\/28211\/revisions\/28244"}],"wp:featuredmedia":[{"embeddable":true,"href":"https:\/\/paracherkaoui.ma\/index.php\/wp-json\/wp\/v2\/media\/27079"}],"wp:attachment":[{"href":"https:\/\/paracherkaoui.ma\/index.php\/wp-json\/wp\/v2\/media?parent=28211"}],"wp:term":[{"taxonomy":"product_brand","embeddable":true,"href":"https:\/\/paracherkaoui.ma\/index.php\/wp-json\/wp\/v2\/product_brand?post=28211"},{"taxonomy":"product_cat","embeddable":true,"href":"https:\/\/paracherkaoui.ma\/index.php\/wp-json\/wp\/v2\/product_cat?post=28211"},{"taxonomy":"product_tag","embeddable":true,"href":"https:\/\/paracherkaoui.ma\/index.php\/wp-json\/wp\/v2\/product_tag?post=28211"}],"curies":[{"name":"wp","href":"https:\/\/api.w.org\/{rel}","templated":true}]}}