{"id":28204,"date":"2025-12-12T18:28:30","date_gmt":"2025-12-12T17:28:30","guid":{"rendered":"https:\/\/test.ecbeaute.com\/?post_type=product&#038;p=28204"},"modified":"2025-12-12T18:28:34","modified_gmt":"2025-12-12T17:28:34","slug":"skinor-rite-nocturne-creme-de-nuit-anti-age-50-ml","status":"publish","type":"product","link":"https:\/\/paracherkaoui.ma\/index.php\/produit\/skinor-rite-nocturne-creme-de-nuit-anti-age-50-ml\/","title":{"rendered":"SKINOR RITE NOCTURNE CREME DE NUIT ANTI AGE 50 ML"},"content":{"rendered":"<p>Cette bonne cr\u00e8me de nuit est naturelle \u00e0 100 %, elle est labellis\u00e9e bio, sa texture est velout\u00e9e, lisse, douce etcr\u00e9meuse, et elle s\u2019absorbe sans peine, tr\u00e8s naturellement. Elle est fabriqu\u00e9e \u00e0 base d\u2019huiles parfaitement pures \u2013 qui conservent leur puret\u00e9 tout en rehaussant leur efficacit\u00e9 \u2013 m\u00e9lang\u00e9es de fa\u00e7on parfaitement millim\u00e9tr\u00e9e pour le bien-\u00eatre et le bienfait de votre peau.<br \/>\nCette bonne cr\u00e8me de nuit nourrit les couches profondes et prot\u00e8ge avec ses hautes concentrations d\u2019agents actifs principaux et totalement naturels\u2026<\/p>\n","protected":false},"excerpt":{"rendered":"<p>Cette bonne cr\u00e8me de nuit est naturelle \u00e0 100 %, elle est labellis\u00e9e bio, sa texture est velout\u00e9e, lisse, douce<\/p>\n","protected":false},"featured_media":28234,"comment_status":"open","ping_status":"closed","template":"","meta":[],"product_brand":[213],"product_cat":[534],"product_tag":[],"class_list":{"0":"post-28204","1":"product","2":"type-product","3":"status-publish","4":"has-post-thumbnail","6":"product_brand-skinor","7":"product_cat-cremes-nuit","9":"first","10":"instock","11":"sale","12":"shipping-taxable","13":"purchasable","14":"product-type-simple"},"yoast_head":"<!-- This site is optimized with the Yoast SEO plugin v26.6 - https:\/\/yoast.com\/wordpress\/plugins\/seo\/ -->\r\n<title>SKINOR RITE NOCTURNE CREME DE NUIT ANTI AGE 50 ML - Paracherkaoui.ma<\/title>\r\n<meta name=\"robots\" content=\"index, follow, max-snippet:-1, max-image-preview:large, max-video-preview:-1\" \/>\r\n<link rel=\"canonical\" href=\"https:\/\/paracherkaoui.ma\/index.php\/produit\/skinor-rite-nocturne-creme-de-nuit-anti-age-50-ml\/\" \/>\r\n<meta property=\"og:locale\" content=\"fr_FR\" \/>\r\n<meta property=\"og:type\" content=\"article\" \/>\r\n<meta property=\"og:title\" content=\"SKINOR RITE NOCTURNE CREME DE NUIT ANTI AGE 50 ML - Paracherkaoui.ma\" \/>\r\n<meta property=\"og:description\" content=\"Cette bonne cr\u00e8me de nuit est naturelle \u00e0 100 %, elle est labellis\u00e9e bio, sa texture est velout\u00e9e, lisse, douce\" \/>\r\n<meta property=\"og:url\" content=\"https:\/\/paracherkaoui.ma\/index.php\/produit\/skinor-rite-nocturne-creme-de-nuit-anti-age-50-ml\/\" \/>\r\n<meta property=\"og:site_name\" content=\"Paracherkaoui.ma\" \/>\r\n<meta property=\"article:modified_time\" content=\"2025-12-12T17:28:34+00:00\" \/>\r\n<meta property=\"og:image\" content=\"https:\/\/paracherkaoui.ma\/wp-content\/uploads\/2025\/12\/skinor-rite-nocturne-creme-de-nuit-anti-age-50-ml.jpg\" \/>\r\n\t<meta property=\"og:image:width\" content=\"700\" \/>\r\n\t<meta property=\"og:image:height\" content=\"700\" \/>\r\n\t<meta property=\"og:image:type\" content=\"image\/jpeg\" \/>\r\n<meta name=\"twitter:card\" content=\"summary_large_image\" \/>\r\n<script type=\"application\/ld+json\" class=\"yoast-schema-graph\">{\"@context\":\"https:\/\/schema.org\",\"@graph\":[{\"@type\":\"WebPage\",\"@id\":\"https:\/\/paracherkaoui.ma\/index.php\/produit\/skinor-rite-nocturne-creme-de-nuit-anti-age-50-ml\/\",\"url\":\"https:\/\/paracherkaoui.ma\/index.php\/produit\/skinor-rite-nocturne-creme-de-nuit-anti-age-50-ml\/\",\"name\":\"SKINOR RITE NOCTURNE CREME DE NUIT ANTI AGE 50 ML - Paracherkaoui.ma\",\"isPartOf\":{\"@id\":\"https:\/\/paracherkaoui.ma\/#website\"},\"primaryImageOfPage\":{\"@id\":\"https:\/\/paracherkaoui.ma\/index.php\/produit\/skinor-rite-nocturne-creme-de-nuit-anti-age-50-ml\/#primaryimage\"},\"image\":{\"@id\":\"https:\/\/paracherkaoui.ma\/index.php\/produit\/skinor-rite-nocturne-creme-de-nuit-anti-age-50-ml\/#primaryimage\"},\"thumbnailUrl\":\"https:\/\/paracherkaoui.ma\/wp-content\/uploads\/2025\/12\/skinor-rite-nocturne-creme-de-nuit-anti-age-50-ml.jpg\",\"datePublished\":\"2025-12-12T17:28:30+00:00\",\"dateModified\":\"2025-12-12T17:28:34+00:00\",\"breadcrumb\":{\"@id\":\"https:\/\/paracherkaoui.ma\/index.php\/produit\/skinor-rite-nocturne-creme-de-nuit-anti-age-50-ml\/#breadcrumb\"},\"inLanguage\":\"fr-FR\",\"potentialAction\":[{\"@type\":\"ReadAction\",\"target\":[\"https:\/\/paracherkaoui.ma\/index.php\/produit\/skinor-rite-nocturne-creme-de-nuit-anti-age-50-ml\/\"]}]},{\"@type\":\"ImageObject\",\"inLanguage\":\"fr-FR\",\"@id\":\"https:\/\/paracherkaoui.ma\/index.php\/produit\/skinor-rite-nocturne-creme-de-nuit-anti-age-50-ml\/#primaryimage\",\"url\":\"https:\/\/paracherkaoui.ma\/wp-content\/uploads\/2025\/12\/skinor-rite-nocturne-creme-de-nuit-anti-age-50-ml.jpg\",\"contentUrl\":\"https:\/\/paracherkaoui.ma\/wp-content\/uploads\/2025\/12\/skinor-rite-nocturne-creme-de-nuit-anti-age-50-ml.jpg\",\"width\":700,\"height\":700},{\"@type\":\"BreadcrumbList\",\"@id\":\"https:\/\/paracherkaoui.ma\/index.php\/produit\/skinor-rite-nocturne-creme-de-nuit-anti-age-50-ml\/#breadcrumb\",\"itemListElement\":[{\"@type\":\"ListItem\",\"position\":1,\"name\":\"Accueil\",\"item\":\"https:\/\/paracherkaoui.ma\/\"},{\"@type\":\"ListItem\",\"position\":2,\"name\":\"Boutique\",\"item\":\"https:\/\/paracherkaoui.ma\/index.php\/boutique\/\"},{\"@type\":\"ListItem\",\"position\":3,\"name\":\"SKINOR RITE NOCTURNE CREME DE NUIT ANTI AGE 50 ML\"}]},{\"@type\":\"WebSite\",\"@id\":\"https:\/\/paracherkaoui.ma\/#website\",\"url\":\"https:\/\/paracherkaoui.ma\/\",\"name\":\"Paracherkaoui.ma\",\"description\":\"Achetez en ligne sur Paracherkaoui.ma\",\"potentialAction\":[{\"@type\":\"SearchAction\",\"target\":{\"@type\":\"EntryPoint\",\"urlTemplate\":\"https:\/\/paracherkaoui.ma\/?s={search_term_string}\"},\"query-input\":{\"@type\":\"PropertyValueSpecification\",\"valueRequired\":true,\"valueName\":\"search_term_string\"}}],\"inLanguage\":\"fr-FR\"}]}<\/script>\r\n<!-- \/ Yoast SEO plugin. -->","yoast_head_json":{"title":"SKINOR RITE NOCTURNE CREME DE NUIT ANTI AGE 50 ML - Paracherkaoui.ma","robots":{"index":"index","follow":"follow","max-snippet":"max-snippet:-1","max-image-preview":"max-image-preview:large","max-video-preview":"max-video-preview:-1"},"canonical":"https:\/\/paracherkaoui.ma\/index.php\/produit\/skinor-rite-nocturne-creme-de-nuit-anti-age-50-ml\/","og_locale":"fr_FR","og_type":"article","og_title":"SKINOR RITE NOCTURNE CREME DE NUIT ANTI AGE 50 ML - Paracherkaoui.ma","og_description":"Cette bonne cr\u00e8me de nuit est naturelle \u00e0 100 %, elle est labellis\u00e9e bio, sa texture est velout\u00e9e, lisse, douce","og_url":"https:\/\/paracherkaoui.ma\/index.php\/produit\/skinor-rite-nocturne-creme-de-nuit-anti-age-50-ml\/","og_site_name":"Paracherkaoui.ma","article_modified_time":"2025-12-12T17:28:34+00:00","og_image":[{"width":700,"height":700,"url":"https:\/\/paracherkaoui.ma\/wp-content\/uploads\/2025\/12\/skinor-rite-nocturne-creme-de-nuit-anti-age-50-ml.jpg","type":"image\/jpeg"}],"twitter_card":"summary_large_image","schema":{"@context":"https:\/\/schema.org","@graph":[{"@type":"WebPage","@id":"https:\/\/paracherkaoui.ma\/index.php\/produit\/skinor-rite-nocturne-creme-de-nuit-anti-age-50-ml\/","url":"https:\/\/paracherkaoui.ma\/index.php\/produit\/skinor-rite-nocturne-creme-de-nuit-anti-age-50-ml\/","name":"SKINOR RITE NOCTURNE CREME DE NUIT ANTI AGE 50 ML - Paracherkaoui.ma","isPartOf":{"@id":"https:\/\/paracherkaoui.ma\/#website"},"primaryImageOfPage":{"@id":"https:\/\/paracherkaoui.ma\/index.php\/produit\/skinor-rite-nocturne-creme-de-nuit-anti-age-50-ml\/#primaryimage"},"image":{"@id":"https:\/\/paracherkaoui.ma\/index.php\/produit\/skinor-rite-nocturne-creme-de-nuit-anti-age-50-ml\/#primaryimage"},"thumbnailUrl":"https:\/\/paracherkaoui.ma\/wp-content\/uploads\/2025\/12\/skinor-rite-nocturne-creme-de-nuit-anti-age-50-ml.jpg","datePublished":"2025-12-12T17:28:30+00:00","dateModified":"2025-12-12T17:28:34+00:00","breadcrumb":{"@id":"https:\/\/paracherkaoui.ma\/index.php\/produit\/skinor-rite-nocturne-creme-de-nuit-anti-age-50-ml\/#breadcrumb"},"inLanguage":"fr-FR","potentialAction":[{"@type":"ReadAction","target":["https:\/\/paracherkaoui.ma\/index.php\/produit\/skinor-rite-nocturne-creme-de-nuit-anti-age-50-ml\/"]}]},{"@type":"ImageObject","inLanguage":"fr-FR","@id":"https:\/\/paracherkaoui.ma\/index.php\/produit\/skinor-rite-nocturne-creme-de-nuit-anti-age-50-ml\/#primaryimage","url":"https:\/\/paracherkaoui.ma\/wp-content\/uploads\/2025\/12\/skinor-rite-nocturne-creme-de-nuit-anti-age-50-ml.jpg","contentUrl":"https:\/\/paracherkaoui.ma\/wp-content\/uploads\/2025\/12\/skinor-rite-nocturne-creme-de-nuit-anti-age-50-ml.jpg","width":700,"height":700},{"@type":"BreadcrumbList","@id":"https:\/\/paracherkaoui.ma\/index.php\/produit\/skinor-rite-nocturne-creme-de-nuit-anti-age-50-ml\/#breadcrumb","itemListElement":[{"@type":"ListItem","position":1,"name":"Accueil","item":"https:\/\/paracherkaoui.ma\/"},{"@type":"ListItem","position":2,"name":"Boutique","item":"https:\/\/paracherkaoui.ma\/index.php\/boutique\/"},{"@type":"ListItem","position":3,"name":"SKINOR RITE NOCTURNE CREME DE NUIT ANTI AGE 50 ML"}]},{"@type":"WebSite","@id":"https:\/\/paracherkaoui.ma\/#website","url":"https:\/\/paracherkaoui.ma\/","name":"Paracherkaoui.ma","description":"Achetez en ligne sur Paracherkaoui.ma","potentialAction":[{"@type":"SearchAction","target":{"@type":"EntryPoint","urlTemplate":"https:\/\/paracherkaoui.ma\/?s={search_term_string}"},"query-input":{"@type":"PropertyValueSpecification","valueRequired":true,"valueName":"search_term_string"}}],"inLanguage":"fr-FR"}]}},"_links":{"self":[{"href":"https:\/\/paracherkaoui.ma\/index.php\/wp-json\/wp\/v2\/product\/28204","targetHints":{"allow":["GET"]}}],"collection":[{"href":"https:\/\/paracherkaoui.ma\/index.php\/wp-json\/wp\/v2\/product"}],"about":[{"href":"https:\/\/paracherkaoui.ma\/index.php\/wp-json\/wp\/v2\/types\/product"}],"replies":[{"embeddable":true,"href":"https:\/\/paracherkaoui.ma\/index.php\/wp-json\/wp\/v2\/comments?post=28204"}],"version-history":[{"count":1,"href":"https:\/\/paracherkaoui.ma\/index.php\/wp-json\/wp\/v2\/product\/28204\/revisions"}],"predecessor-version":[{"id":28235,"href":"https:\/\/paracherkaoui.ma\/index.php\/wp-json\/wp\/v2\/product\/28204\/revisions\/28235"}],"wp:featuredmedia":[{"embeddable":true,"href":"https:\/\/paracherkaoui.ma\/index.php\/wp-json\/wp\/v2\/media\/28234"}],"wp:attachment":[{"href":"https:\/\/paracherkaoui.ma\/index.php\/wp-json\/wp\/v2\/media?parent=28204"}],"wp:term":[{"taxonomy":"product_brand","embeddable":true,"href":"https:\/\/paracherkaoui.ma\/index.php\/wp-json\/wp\/v2\/product_brand?post=28204"},{"taxonomy":"product_cat","embeddable":true,"href":"https:\/\/paracherkaoui.ma\/index.php\/wp-json\/wp\/v2\/product_cat?post=28204"},{"taxonomy":"product_tag","embeddable":true,"href":"https:\/\/paracherkaoui.ma\/index.php\/wp-json\/wp\/v2\/product_tag?post=28204"}],"curies":[{"name":"wp","href":"https:\/\/api.w.org\/{rel}","templated":true}]}}