{"id":28203,"date":"2025-12-12T18:28:30","date_gmt":"2025-12-12T17:28:30","guid":{"rendered":"https:\/\/test.ecbeaute.com\/?post_type=product&#038;p=28203"},"modified":"2025-12-12T18:28:34","modified_gmt":"2025-12-12T17:28:34","slug":"nuxe-creme-fraiche-de-beaute-creme-riche-peaux-seches-50-ml-2","status":"publish","type":"product","link":"https:\/\/paracherkaoui.ma\/index.php\/produit\/nuxe-creme-fraiche-de-beaute-creme-riche-peaux-seches-50-ml-2\/","title":{"rendered":"NUXE CREME FRAICHE DE BEAUTE CREME RICHE PEAUX SECHES 50 ML"},"content":{"rendered":"<p>Enrichie en Lait V\u00e9g\u00e9tal, Huile d&rsquo;Amande Douce et en Beurres V\u00e9g\u00e9taux (Karit\u00e9 et Moringa), cette cr\u00e8me riche est id\u00e9ale pour les peaux s\u00e8ches. Elle booste l&rsquo;hydratation pendant 48h* et apporte nutrition \u00e0 la peau sans effet gras.<br \/>\nLa peau est plus belle, imm\u00e9diatement nourrie et r\u00e9confort\u00e9e pour 100%** des femmes.<br \/>\nLes sensations d&rsquo;inconforts et de tiraillements sont r\u00e9duites pour un apaisement imm\u00e9diat. La peau est plus fra\u00eeche, le teint est lumineux et \u00e9clatant.<br \/>\nSa formule respecte le microbiome cutan\u00e9, la peau est saine et pleine de vitalit\u00e9.<br \/>\nCONSEIL D&rsquo;UTILISATIONS :<br \/>\nAppliquer sur une peau propre et s\u00e8che.<\/p>\n","protected":false},"excerpt":{"rendered":"<p>Enrichie en Lait V\u00e9g\u00e9tal, Huile d&rsquo;Amande Douce et en Beurres V\u00e9g\u00e9taux (Karit\u00e9 et Moringa), cette cr\u00e8me riche est id\u00e9ale pour<\/p>\n","protected":false},"featured_media":27002,"comment_status":"open","ping_status":"closed","template":"","meta":[],"product_brand":[230],"product_cat":[534],"product_tag":[],"class_list":{"0":"post-28203","1":"product","2":"type-product","3":"status-publish","4":"has-post-thumbnail","6":"product_brand-nuxe","7":"product_cat-cremes-nuit","9":"first","10":"instock","11":"sale","12":"shipping-taxable","13":"purchasable","14":"product-type-simple"},"yoast_head":"<!-- This site is optimized with the Yoast SEO plugin v26.6 - https:\/\/yoast.com\/wordpress\/plugins\/seo\/ -->\r\n<title>NUXE CREME FRAICHE DE BEAUTE CREME RICHE PEAUX SECHES 50 ML - Paracherkaoui.ma<\/title>\r\n<meta name=\"robots\" content=\"index, follow, max-snippet:-1, max-image-preview:large, max-video-preview:-1\" \/>\r\n<link rel=\"canonical\" href=\"https:\/\/paracherkaoui.ma\/index.php\/produit\/nuxe-creme-fraiche-de-beaute-creme-riche-peaux-seches-50-ml-2\/\" \/>\r\n<meta property=\"og:locale\" content=\"fr_FR\" \/>\r\n<meta property=\"og:type\" content=\"article\" \/>\r\n<meta property=\"og:title\" content=\"NUXE CREME FRAICHE DE BEAUTE CREME RICHE PEAUX SECHES 50 ML - Paracherkaoui.ma\" \/>\r\n<meta property=\"og:description\" content=\"Enrichie en Lait V\u00e9g\u00e9tal, Huile d&rsquo;Amande Douce et en Beurres V\u00e9g\u00e9taux (Karit\u00e9 et Moringa), cette cr\u00e8me riche est id\u00e9ale pour\" \/>\r\n<meta property=\"og:url\" content=\"https:\/\/paracherkaoui.ma\/index.php\/produit\/nuxe-creme-fraiche-de-beaute-creme-riche-peaux-seches-50-ml-2\/\" \/>\r\n<meta property=\"og:site_name\" content=\"Paracherkaoui.ma\" \/>\r\n<meta property=\"article:modified_time\" content=\"2025-12-12T17:28:34+00:00\" \/>\r\n<meta property=\"og:image\" content=\"https:\/\/paracherkaoui.ma\/wp-content\/uploads\/2025\/12\/nuxe-nuxe-creme-fraiche-de-beaute-creme-riche-peaux-seches-50-ml-cremes-jour.jpg\" \/>\r\n\t<meta property=\"og:image:width\" content=\"700\" \/>\r\n\t<meta property=\"og:image:height\" content=\"700\" \/>\r\n\t<meta property=\"og:image:type\" content=\"image\/jpeg\" \/>\r\n<meta name=\"twitter:card\" content=\"summary_large_image\" \/>\r\n<meta name=\"twitter:label1\" content=\"Dur\u00e9e de lecture estim\u00e9e\" \/>\n\t<meta name=\"twitter:data1\" content=\"1 minute\" \/>\r\n<script type=\"application\/ld+json\" class=\"yoast-schema-graph\">{\"@context\":\"https:\/\/schema.org\",\"@graph\":[{\"@type\":\"WebPage\",\"@id\":\"https:\/\/paracherkaoui.ma\/index.php\/produit\/nuxe-creme-fraiche-de-beaute-creme-riche-peaux-seches-50-ml-2\/\",\"url\":\"https:\/\/paracherkaoui.ma\/index.php\/produit\/nuxe-creme-fraiche-de-beaute-creme-riche-peaux-seches-50-ml-2\/\",\"name\":\"NUXE CREME FRAICHE DE BEAUTE CREME RICHE PEAUX SECHES 50 ML - Paracherkaoui.ma\",\"isPartOf\":{\"@id\":\"https:\/\/paracherkaoui.ma\/#website\"},\"primaryImageOfPage\":{\"@id\":\"https:\/\/paracherkaoui.ma\/index.php\/produit\/nuxe-creme-fraiche-de-beaute-creme-riche-peaux-seches-50-ml-2\/#primaryimage\"},\"image\":{\"@id\":\"https:\/\/paracherkaoui.ma\/index.php\/produit\/nuxe-creme-fraiche-de-beaute-creme-riche-peaux-seches-50-ml-2\/#primaryimage\"},\"thumbnailUrl\":\"https:\/\/paracherkaoui.ma\/wp-content\/uploads\/2025\/12\/nuxe-nuxe-creme-fraiche-de-beaute-creme-riche-peaux-seches-50-ml-cremes-jour.jpg\",\"datePublished\":\"2025-12-12T17:28:30+00:00\",\"dateModified\":\"2025-12-12T17:28:34+00:00\",\"breadcrumb\":{\"@id\":\"https:\/\/paracherkaoui.ma\/index.php\/produit\/nuxe-creme-fraiche-de-beaute-creme-riche-peaux-seches-50-ml-2\/#breadcrumb\"},\"inLanguage\":\"fr-FR\",\"potentialAction\":[{\"@type\":\"ReadAction\",\"target\":[\"https:\/\/paracherkaoui.ma\/index.php\/produit\/nuxe-creme-fraiche-de-beaute-creme-riche-peaux-seches-50-ml-2\/\"]}]},{\"@type\":\"ImageObject\",\"inLanguage\":\"fr-FR\",\"@id\":\"https:\/\/paracherkaoui.ma\/index.php\/produit\/nuxe-creme-fraiche-de-beaute-creme-riche-peaux-seches-50-ml-2\/#primaryimage\",\"url\":\"https:\/\/paracherkaoui.ma\/wp-content\/uploads\/2025\/12\/nuxe-nuxe-creme-fraiche-de-beaute-creme-riche-peaux-seches-50-ml-cremes-jour.jpg\",\"contentUrl\":\"https:\/\/paracherkaoui.ma\/wp-content\/uploads\/2025\/12\/nuxe-nuxe-creme-fraiche-de-beaute-creme-riche-peaux-seches-50-ml-cremes-jour.jpg\",\"width\":700,\"height\":700},{\"@type\":\"BreadcrumbList\",\"@id\":\"https:\/\/paracherkaoui.ma\/index.php\/produit\/nuxe-creme-fraiche-de-beaute-creme-riche-peaux-seches-50-ml-2\/#breadcrumb\",\"itemListElement\":[{\"@type\":\"ListItem\",\"position\":1,\"name\":\"Accueil\",\"item\":\"https:\/\/paracherkaoui.ma\/\"},{\"@type\":\"ListItem\",\"position\":2,\"name\":\"Boutique\",\"item\":\"https:\/\/paracherkaoui.ma\/index.php\/boutique\/\"},{\"@type\":\"ListItem\",\"position\":3,\"name\":\"NUXE CREME FRAICHE DE BEAUTE CREME RICHE PEAUX SECHES 50 ML\"}]},{\"@type\":\"WebSite\",\"@id\":\"https:\/\/paracherkaoui.ma\/#website\",\"url\":\"https:\/\/paracherkaoui.ma\/\",\"name\":\"Paracherkaoui.ma\",\"description\":\"Achetez en ligne sur Paracherkaoui.ma\",\"potentialAction\":[{\"@type\":\"SearchAction\",\"target\":{\"@type\":\"EntryPoint\",\"urlTemplate\":\"https:\/\/paracherkaoui.ma\/?s={search_term_string}\"},\"query-input\":{\"@type\":\"PropertyValueSpecification\",\"valueRequired\":true,\"valueName\":\"search_term_string\"}}],\"inLanguage\":\"fr-FR\"}]}<\/script>\r\n<!-- \/ Yoast SEO plugin. -->","yoast_head_json":{"title":"NUXE CREME FRAICHE DE BEAUTE CREME RICHE PEAUX SECHES 50 ML - Paracherkaoui.ma","robots":{"index":"index","follow":"follow","max-snippet":"max-snippet:-1","max-image-preview":"max-image-preview:large","max-video-preview":"max-video-preview:-1"},"canonical":"https:\/\/paracherkaoui.ma\/index.php\/produit\/nuxe-creme-fraiche-de-beaute-creme-riche-peaux-seches-50-ml-2\/","og_locale":"fr_FR","og_type":"article","og_title":"NUXE CREME FRAICHE DE BEAUTE CREME RICHE PEAUX SECHES 50 ML - Paracherkaoui.ma","og_description":"Enrichie en Lait V\u00e9g\u00e9tal, Huile d&rsquo;Amande Douce et en Beurres V\u00e9g\u00e9taux (Karit\u00e9 et Moringa), cette cr\u00e8me riche est id\u00e9ale pour","og_url":"https:\/\/paracherkaoui.ma\/index.php\/produit\/nuxe-creme-fraiche-de-beaute-creme-riche-peaux-seches-50-ml-2\/","og_site_name":"Paracherkaoui.ma","article_modified_time":"2025-12-12T17:28:34+00:00","og_image":[{"width":700,"height":700,"url":"https:\/\/paracherkaoui.ma\/wp-content\/uploads\/2025\/12\/nuxe-nuxe-creme-fraiche-de-beaute-creme-riche-peaux-seches-50-ml-cremes-jour.jpg","type":"image\/jpeg"}],"twitter_card":"summary_large_image","twitter_misc":{"Dur\u00e9e de lecture estim\u00e9e":"1 minute"},"schema":{"@context":"https:\/\/schema.org","@graph":[{"@type":"WebPage","@id":"https:\/\/paracherkaoui.ma\/index.php\/produit\/nuxe-creme-fraiche-de-beaute-creme-riche-peaux-seches-50-ml-2\/","url":"https:\/\/paracherkaoui.ma\/index.php\/produit\/nuxe-creme-fraiche-de-beaute-creme-riche-peaux-seches-50-ml-2\/","name":"NUXE CREME FRAICHE DE BEAUTE CREME RICHE PEAUX SECHES 50 ML - Paracherkaoui.ma","isPartOf":{"@id":"https:\/\/paracherkaoui.ma\/#website"},"primaryImageOfPage":{"@id":"https:\/\/paracherkaoui.ma\/index.php\/produit\/nuxe-creme-fraiche-de-beaute-creme-riche-peaux-seches-50-ml-2\/#primaryimage"},"image":{"@id":"https:\/\/paracherkaoui.ma\/index.php\/produit\/nuxe-creme-fraiche-de-beaute-creme-riche-peaux-seches-50-ml-2\/#primaryimage"},"thumbnailUrl":"https:\/\/paracherkaoui.ma\/wp-content\/uploads\/2025\/12\/nuxe-nuxe-creme-fraiche-de-beaute-creme-riche-peaux-seches-50-ml-cremes-jour.jpg","datePublished":"2025-12-12T17:28:30+00:00","dateModified":"2025-12-12T17:28:34+00:00","breadcrumb":{"@id":"https:\/\/paracherkaoui.ma\/index.php\/produit\/nuxe-creme-fraiche-de-beaute-creme-riche-peaux-seches-50-ml-2\/#breadcrumb"},"inLanguage":"fr-FR","potentialAction":[{"@type":"ReadAction","target":["https:\/\/paracherkaoui.ma\/index.php\/produit\/nuxe-creme-fraiche-de-beaute-creme-riche-peaux-seches-50-ml-2\/"]}]},{"@type":"ImageObject","inLanguage":"fr-FR","@id":"https:\/\/paracherkaoui.ma\/index.php\/produit\/nuxe-creme-fraiche-de-beaute-creme-riche-peaux-seches-50-ml-2\/#primaryimage","url":"https:\/\/paracherkaoui.ma\/wp-content\/uploads\/2025\/12\/nuxe-nuxe-creme-fraiche-de-beaute-creme-riche-peaux-seches-50-ml-cremes-jour.jpg","contentUrl":"https:\/\/paracherkaoui.ma\/wp-content\/uploads\/2025\/12\/nuxe-nuxe-creme-fraiche-de-beaute-creme-riche-peaux-seches-50-ml-cremes-jour.jpg","width":700,"height":700},{"@type":"BreadcrumbList","@id":"https:\/\/paracherkaoui.ma\/index.php\/produit\/nuxe-creme-fraiche-de-beaute-creme-riche-peaux-seches-50-ml-2\/#breadcrumb","itemListElement":[{"@type":"ListItem","position":1,"name":"Accueil","item":"https:\/\/paracherkaoui.ma\/"},{"@type":"ListItem","position":2,"name":"Boutique","item":"https:\/\/paracherkaoui.ma\/index.php\/boutique\/"},{"@type":"ListItem","position":3,"name":"NUXE CREME FRAICHE DE BEAUTE CREME RICHE PEAUX SECHES 50 ML"}]},{"@type":"WebSite","@id":"https:\/\/paracherkaoui.ma\/#website","url":"https:\/\/paracherkaoui.ma\/","name":"Paracherkaoui.ma","description":"Achetez en ligne sur Paracherkaoui.ma","potentialAction":[{"@type":"SearchAction","target":{"@type":"EntryPoint","urlTemplate":"https:\/\/paracherkaoui.ma\/?s={search_term_string}"},"query-input":{"@type":"PropertyValueSpecification","valueRequired":true,"valueName":"search_term_string"}}],"inLanguage":"fr-FR"}]}},"_links":{"self":[{"href":"https:\/\/paracherkaoui.ma\/index.php\/wp-json\/wp\/v2\/product\/28203","targetHints":{"allow":["GET"]}}],"collection":[{"href":"https:\/\/paracherkaoui.ma\/index.php\/wp-json\/wp\/v2\/product"}],"about":[{"href":"https:\/\/paracherkaoui.ma\/index.php\/wp-json\/wp\/v2\/types\/product"}],"replies":[{"embeddable":true,"href":"https:\/\/paracherkaoui.ma\/index.php\/wp-json\/wp\/v2\/comments?post=28203"}],"version-history":[{"count":1,"href":"https:\/\/paracherkaoui.ma\/index.php\/wp-json\/wp\/v2\/product\/28203\/revisions"}],"predecessor-version":[{"id":28233,"href":"https:\/\/paracherkaoui.ma\/index.php\/wp-json\/wp\/v2\/product\/28203\/revisions\/28233"}],"wp:featuredmedia":[{"embeddable":true,"href":"https:\/\/paracherkaoui.ma\/index.php\/wp-json\/wp\/v2\/media\/27002"}],"wp:attachment":[{"href":"https:\/\/paracherkaoui.ma\/index.php\/wp-json\/wp\/v2\/media?parent=28203"}],"wp:term":[{"taxonomy":"product_brand","embeddable":true,"href":"https:\/\/paracherkaoui.ma\/index.php\/wp-json\/wp\/v2\/product_brand?post=28203"},{"taxonomy":"product_cat","embeddable":true,"href":"https:\/\/paracherkaoui.ma\/index.php\/wp-json\/wp\/v2\/product_cat?post=28203"},{"taxonomy":"product_tag","embeddable":true,"href":"https:\/\/paracherkaoui.ma\/index.php\/wp-json\/wp\/v2\/product_tag?post=28203"}],"curies":[{"name":"wp","href":"https:\/\/api.w.org\/{rel}","templated":true}]}}