{"id":28199,"date":"2025-12-12T18:28:29","date_gmt":"2025-12-12T17:28:29","guid":{"rendered":"https:\/\/test.ecbeaute.com\/?post_type=product&#038;p=28199"},"modified":"2025-12-12T18:28:33","modified_gmt":"2025-12-12T17:28:33","slug":"caudalie-vinohydra-serum-hyaluronique-30ml-2","status":"publish","type":"product","link":"https:\/\/paracherkaoui.ma\/index.php\/produit\/caudalie-vinohydra-serum-hyaluronique-30ml-2\/","title":{"rendered":"CAUDALIE VINOHYDRA SERUM HYALURONIQUE 30ML"},"content":{"rendered":"<p>Offrez \u00e0 votre peau une hydratation exceptionnelle avec le S\u00e9rum Hyaluronique VinoHydra, sp\u00e9cialement formul\u00e9 pour capter et diffuser l\u2019eau en continu tout au long de la journ\u00e9e. Ce s\u00e9rum innovant r\u00e9tablit l\u2019\u00e9quilibre hydrique de l\u2019\u00e9piderme, laissant votre peau ressourc\u00e9e, apais\u00e9e, et incroyablement douce et souple.<br \/>\nUne Hydratation Profonde et Durable<br \/>\nEnrichi en acide hyaluronique, le S\u00e9rum Hyaluronique VinoHydra p\u00e9n\u00e8tre en profondeur pour apporter une hydratation intense et durable. L\u2019acide hyaluronique, reconnu pour sa capacit\u00e9 \u00e0 retenir jusqu\u2019\u00e0 1000 fois son poids en eau, assure une hydratation optimale de l\u2019\u00e9piderme, m\u00eame pour les peaux les plus d\u00e9shydrat\u00e9es.<br \/>\nRestaure l\u2019\u00c9quilibre Hydrique de l\u2019\u00c9piderme<br \/>\nGr\u00e2ce \u00e0 sa formule avanc\u00e9e, ce s\u00e9rum r\u00e9tablit l\u2019\u00e9quilibre hydrique de la peau, pr\u00e9venant la d\u00e9shydratation et les sensations d\u2019inconfort. En renfor\u00e7ant la barri\u00e8re cutan\u00e9e, il prot\u00e8ge votre peau des agressions ext\u00e9rieures et maintient une hydratation continue tout au long de la journ\u00e9e.<br \/>\nUne Peau Apais\u00e9e et Ressourc\u00e9e<br \/>\nLe S\u00e9rum Hyaluronique VinoHydra apaise les peaux stress\u00e9es et irrit\u00e9es, leur apportant confort et douceur. Sa texture l\u00e9g\u00e8re et non grasse fond instantan\u00e9ment sur la peau, laissant une sensation de fra\u00eecheur et de bien-\u00eatre. D\u00e8s la premi\u00e8re application, la peau est visiblement plus souple, plus douce et plus \u00e9clatante.<br \/>\nComposition :<br \/>\naqua\/water\/eau, vitis vinifera (grape) fruit water, glycerin, butylene glycol, ethylhexyl palmitate, palmitoyl grape seed extract, polyacrylate crosspolymer-6, caprylyl glycol, squalane, vitis vinifera (grape) juice, xanthan gum, sorbitan oleate, sodium carboxymethyl beta-glucan, citric acid, hyaluronic acid, sorbitan laurate, sodium phytate, sodium benzoate, sodium hydroxide, disodium acetyl glucosamine phosphate, potassium sorbate, myristyl malate phosphonic acid, parfum (fragrance).(245\/059)<br \/>\nConseils d&rsquo;utilisation:<br \/>\nAppliquer matin et soir sur le visage et le cou, sous la cr\u00e8me.<\/p>\n","protected":false},"excerpt":{"rendered":"<p>Offrez \u00e0 votre peau une hydratation exceptionnelle avec le S\u00e9rum Hyaluronique VinoHydra, sp\u00e9cialement formul\u00e9 pour capter et diffuser l\u2019eau en<\/p>\n","protected":false},"featured_media":26933,"comment_status":"open","ping_status":"closed","template":"","meta":[],"product_brand":[358],"product_cat":[534],"product_tag":[],"class_list":{"0":"post-28199","1":"product","2":"type-product","3":"status-publish","4":"has-post-thumbnail","6":"product_brand-caudalie","7":"product_cat-cremes-nuit","9":"first","10":"instock","11":"shipping-taxable","12":"purchasable","13":"product-type-simple"},"yoast_head":"<!-- This site is optimized with the Yoast SEO plugin v26.6 - https:\/\/yoast.com\/wordpress\/plugins\/seo\/ -->\r\n<title>CAUDALIE VINOHYDRA SERUM HYALURONIQUE 30ML - Paracherkaoui.ma<\/title>\r\n<meta name=\"robots\" content=\"index, follow, max-snippet:-1, max-image-preview:large, max-video-preview:-1\" \/>\r\n<link rel=\"canonical\" href=\"https:\/\/paracherkaoui.ma\/index.php\/produit\/caudalie-vinohydra-serum-hyaluronique-30ml-2\/\" \/>\r\n<meta property=\"og:locale\" content=\"fr_FR\" \/>\r\n<meta property=\"og:type\" content=\"article\" \/>\r\n<meta property=\"og:title\" content=\"CAUDALIE VINOHYDRA SERUM HYALURONIQUE 30ML - Paracherkaoui.ma\" \/>\r\n<meta property=\"og:description\" content=\"Offrez \u00e0 votre peau une hydratation exceptionnelle avec le S\u00e9rum Hyaluronique VinoHydra, sp\u00e9cialement formul\u00e9 pour capter et diffuser l\u2019eau en\" \/>\r\n<meta property=\"og:url\" content=\"https:\/\/paracherkaoui.ma\/index.php\/produit\/caudalie-vinohydra-serum-hyaluronique-30ml-2\/\" \/>\r\n<meta property=\"og:site_name\" content=\"Paracherkaoui.ma\" \/>\r\n<meta property=\"article:modified_time\" content=\"2025-12-12T17:28:33+00:00\" \/>\r\n<meta property=\"og:image\" content=\"https:\/\/paracherkaoui.ma\/wp-content\/uploads\/2025\/12\/caudalie-vinohydra-serum-hyaluronique-30ml.jpg\" \/>\r\n\t<meta property=\"og:image:width\" content=\"700\" \/>\r\n\t<meta property=\"og:image:height\" content=\"700\" \/>\r\n\t<meta property=\"og:image:type\" content=\"image\/jpeg\" \/>\r\n<meta name=\"twitter:card\" content=\"summary_large_image\" \/>\r\n<meta name=\"twitter:label1\" content=\"Dur\u00e9e de lecture estim\u00e9e\" \/>\n\t<meta name=\"twitter:data1\" content=\"2 minutes\" \/>\r\n<script type=\"application\/ld+json\" class=\"yoast-schema-graph\">{\"@context\":\"https:\/\/schema.org\",\"@graph\":[{\"@type\":\"WebPage\",\"@id\":\"https:\/\/paracherkaoui.ma\/index.php\/produit\/caudalie-vinohydra-serum-hyaluronique-30ml-2\/\",\"url\":\"https:\/\/paracherkaoui.ma\/index.php\/produit\/caudalie-vinohydra-serum-hyaluronique-30ml-2\/\",\"name\":\"CAUDALIE VINOHYDRA SERUM HYALURONIQUE 30ML - Paracherkaoui.ma\",\"isPartOf\":{\"@id\":\"https:\/\/paracherkaoui.ma\/#website\"},\"primaryImageOfPage\":{\"@id\":\"https:\/\/paracherkaoui.ma\/index.php\/produit\/caudalie-vinohydra-serum-hyaluronique-30ml-2\/#primaryimage\"},\"image\":{\"@id\":\"https:\/\/paracherkaoui.ma\/index.php\/produit\/caudalie-vinohydra-serum-hyaluronique-30ml-2\/#primaryimage\"},\"thumbnailUrl\":\"https:\/\/paracherkaoui.ma\/wp-content\/uploads\/2025\/12\/caudalie-vinohydra-serum-hyaluronique-30ml.jpg\",\"datePublished\":\"2025-12-12T17:28:29+00:00\",\"dateModified\":\"2025-12-12T17:28:33+00:00\",\"breadcrumb\":{\"@id\":\"https:\/\/paracherkaoui.ma\/index.php\/produit\/caudalie-vinohydra-serum-hyaluronique-30ml-2\/#breadcrumb\"},\"inLanguage\":\"fr-FR\",\"potentialAction\":[{\"@type\":\"ReadAction\",\"target\":[\"https:\/\/paracherkaoui.ma\/index.php\/produit\/caudalie-vinohydra-serum-hyaluronique-30ml-2\/\"]}]},{\"@type\":\"ImageObject\",\"inLanguage\":\"fr-FR\",\"@id\":\"https:\/\/paracherkaoui.ma\/index.php\/produit\/caudalie-vinohydra-serum-hyaluronique-30ml-2\/#primaryimage\",\"url\":\"https:\/\/paracherkaoui.ma\/wp-content\/uploads\/2025\/12\/caudalie-vinohydra-serum-hyaluronique-30ml.jpg\",\"contentUrl\":\"https:\/\/paracherkaoui.ma\/wp-content\/uploads\/2025\/12\/caudalie-vinohydra-serum-hyaluronique-30ml.jpg\",\"width\":700,\"height\":700},{\"@type\":\"BreadcrumbList\",\"@id\":\"https:\/\/paracherkaoui.ma\/index.php\/produit\/caudalie-vinohydra-serum-hyaluronique-30ml-2\/#breadcrumb\",\"itemListElement\":[{\"@type\":\"ListItem\",\"position\":1,\"name\":\"Accueil\",\"item\":\"https:\/\/paracherkaoui.ma\/\"},{\"@type\":\"ListItem\",\"position\":2,\"name\":\"Boutique\",\"item\":\"https:\/\/paracherkaoui.ma\/index.php\/boutique\/\"},{\"@type\":\"ListItem\",\"position\":3,\"name\":\"CAUDALIE VINOHYDRA SERUM HYALURONIQUE 30ML\"}]},{\"@type\":\"WebSite\",\"@id\":\"https:\/\/paracherkaoui.ma\/#website\",\"url\":\"https:\/\/paracherkaoui.ma\/\",\"name\":\"Paracherkaoui.ma\",\"description\":\"Achetez en ligne sur Paracherkaoui.ma\",\"potentialAction\":[{\"@type\":\"SearchAction\",\"target\":{\"@type\":\"EntryPoint\",\"urlTemplate\":\"https:\/\/paracherkaoui.ma\/?s={search_term_string}\"},\"query-input\":{\"@type\":\"PropertyValueSpecification\",\"valueRequired\":true,\"valueName\":\"search_term_string\"}}],\"inLanguage\":\"fr-FR\"}]}<\/script>\r\n<!-- \/ Yoast SEO plugin. -->","yoast_head_json":{"title":"CAUDALIE VINOHYDRA SERUM HYALURONIQUE 30ML - Paracherkaoui.ma","robots":{"index":"index","follow":"follow","max-snippet":"max-snippet:-1","max-image-preview":"max-image-preview:large","max-video-preview":"max-video-preview:-1"},"canonical":"https:\/\/paracherkaoui.ma\/index.php\/produit\/caudalie-vinohydra-serum-hyaluronique-30ml-2\/","og_locale":"fr_FR","og_type":"article","og_title":"CAUDALIE VINOHYDRA SERUM HYALURONIQUE 30ML - Paracherkaoui.ma","og_description":"Offrez \u00e0 votre peau une hydratation exceptionnelle avec le S\u00e9rum Hyaluronique VinoHydra, sp\u00e9cialement formul\u00e9 pour capter et diffuser l\u2019eau en","og_url":"https:\/\/paracherkaoui.ma\/index.php\/produit\/caudalie-vinohydra-serum-hyaluronique-30ml-2\/","og_site_name":"Paracherkaoui.ma","article_modified_time":"2025-12-12T17:28:33+00:00","og_image":[{"width":700,"height":700,"url":"https:\/\/paracherkaoui.ma\/wp-content\/uploads\/2025\/12\/caudalie-vinohydra-serum-hyaluronique-30ml.jpg","type":"image\/jpeg"}],"twitter_card":"summary_large_image","twitter_misc":{"Dur\u00e9e de lecture estim\u00e9e":"2 minutes"},"schema":{"@context":"https:\/\/schema.org","@graph":[{"@type":"WebPage","@id":"https:\/\/paracherkaoui.ma\/index.php\/produit\/caudalie-vinohydra-serum-hyaluronique-30ml-2\/","url":"https:\/\/paracherkaoui.ma\/index.php\/produit\/caudalie-vinohydra-serum-hyaluronique-30ml-2\/","name":"CAUDALIE VINOHYDRA SERUM HYALURONIQUE 30ML - Paracherkaoui.ma","isPartOf":{"@id":"https:\/\/paracherkaoui.ma\/#website"},"primaryImageOfPage":{"@id":"https:\/\/paracherkaoui.ma\/index.php\/produit\/caudalie-vinohydra-serum-hyaluronique-30ml-2\/#primaryimage"},"image":{"@id":"https:\/\/paracherkaoui.ma\/index.php\/produit\/caudalie-vinohydra-serum-hyaluronique-30ml-2\/#primaryimage"},"thumbnailUrl":"https:\/\/paracherkaoui.ma\/wp-content\/uploads\/2025\/12\/caudalie-vinohydra-serum-hyaluronique-30ml.jpg","datePublished":"2025-12-12T17:28:29+00:00","dateModified":"2025-12-12T17:28:33+00:00","breadcrumb":{"@id":"https:\/\/paracherkaoui.ma\/index.php\/produit\/caudalie-vinohydra-serum-hyaluronique-30ml-2\/#breadcrumb"},"inLanguage":"fr-FR","potentialAction":[{"@type":"ReadAction","target":["https:\/\/paracherkaoui.ma\/index.php\/produit\/caudalie-vinohydra-serum-hyaluronique-30ml-2\/"]}]},{"@type":"ImageObject","inLanguage":"fr-FR","@id":"https:\/\/paracherkaoui.ma\/index.php\/produit\/caudalie-vinohydra-serum-hyaluronique-30ml-2\/#primaryimage","url":"https:\/\/paracherkaoui.ma\/wp-content\/uploads\/2025\/12\/caudalie-vinohydra-serum-hyaluronique-30ml.jpg","contentUrl":"https:\/\/paracherkaoui.ma\/wp-content\/uploads\/2025\/12\/caudalie-vinohydra-serum-hyaluronique-30ml.jpg","width":700,"height":700},{"@type":"BreadcrumbList","@id":"https:\/\/paracherkaoui.ma\/index.php\/produit\/caudalie-vinohydra-serum-hyaluronique-30ml-2\/#breadcrumb","itemListElement":[{"@type":"ListItem","position":1,"name":"Accueil","item":"https:\/\/paracherkaoui.ma\/"},{"@type":"ListItem","position":2,"name":"Boutique","item":"https:\/\/paracherkaoui.ma\/index.php\/boutique\/"},{"@type":"ListItem","position":3,"name":"CAUDALIE VINOHYDRA SERUM HYALURONIQUE 30ML"}]},{"@type":"WebSite","@id":"https:\/\/paracherkaoui.ma\/#website","url":"https:\/\/paracherkaoui.ma\/","name":"Paracherkaoui.ma","description":"Achetez en ligne sur Paracherkaoui.ma","potentialAction":[{"@type":"SearchAction","target":{"@type":"EntryPoint","urlTemplate":"https:\/\/paracherkaoui.ma\/?s={search_term_string}"},"query-input":{"@type":"PropertyValueSpecification","valueRequired":true,"valueName":"search_term_string"}}],"inLanguage":"fr-FR"}]}},"_links":{"self":[{"href":"https:\/\/paracherkaoui.ma\/index.php\/wp-json\/wp\/v2\/product\/28199","targetHints":{"allow":["GET"]}}],"collection":[{"href":"https:\/\/paracherkaoui.ma\/index.php\/wp-json\/wp\/v2\/product"}],"about":[{"href":"https:\/\/paracherkaoui.ma\/index.php\/wp-json\/wp\/v2\/types\/product"}],"replies":[{"embeddable":true,"href":"https:\/\/paracherkaoui.ma\/index.php\/wp-json\/wp\/v2\/comments?post=28199"}],"version-history":[{"count":1,"href":"https:\/\/paracherkaoui.ma\/index.php\/wp-json\/wp\/v2\/product\/28199\/revisions"}],"predecessor-version":[{"id":28229,"href":"https:\/\/paracherkaoui.ma\/index.php\/wp-json\/wp\/v2\/product\/28199\/revisions\/28229"}],"wp:featuredmedia":[{"embeddable":true,"href":"https:\/\/paracherkaoui.ma\/index.php\/wp-json\/wp\/v2\/media\/26933"}],"wp:attachment":[{"href":"https:\/\/paracherkaoui.ma\/index.php\/wp-json\/wp\/v2\/media?parent=28199"}],"wp:term":[{"taxonomy":"product_brand","embeddable":true,"href":"https:\/\/paracherkaoui.ma\/index.php\/wp-json\/wp\/v2\/product_brand?post=28199"},{"taxonomy":"product_cat","embeddable":true,"href":"https:\/\/paracherkaoui.ma\/index.php\/wp-json\/wp\/v2\/product_cat?post=28199"},{"taxonomy":"product_tag","embeddable":true,"href":"https:\/\/paracherkaoui.ma\/index.php\/wp-json\/wp\/v2\/product_tag?post=28199"}],"curies":[{"name":"wp","href":"https:\/\/api.w.org\/{rel}","templated":true}]}}