{"id":28160,"date":"2025-12-12T18:28:11","date_gmt":"2025-12-12T17:28:11","guid":{"rendered":"https:\/\/test.ecbeaute.com\/?post_type=product&#038;p=28160"},"modified":"2025-12-12T18:28:13","modified_gmt":"2025-12-12T17:28:13","slug":"caudalie-vinohydra-creme-hydratation-intense-50-ml-2","status":"publish","type":"product","link":"https:\/\/paracherkaoui.ma\/index.php\/produit\/caudalie-vinohydra-creme-hydratation-intense-50-ml-2\/","title":{"rendered":"CAUDALIE VINOHYDRA CREME HYDRATATION INTENSE 50 ML"},"content":{"rendered":"<p>Cette cr\u00e8me hydratante intense est enrichie en ingr\u00e9dients naturels qui nourrissent et prot\u00e8gent votre peau des agressions quotidiennes. Sa texture sensorielle et sa fragrance phyto-aromatique subtile et fra\u00eeche transforment votre routine de soin en un v\u00e9ritable moment de plaisir. Elle apaise instantan\u00e9ment les tiraillements et les sensations d\u2019inconfort, laissant votre peau hydrat\u00e9e et souple tout au long de la journ\u00e9e.<br \/>\nHydratation intense : Sa formule p\u00e9n\u00e8tre profond\u00e9ment pour hydrater l&rsquo;\u00e9piderme en profondeur.<br \/>\nApaise les tiraillements : Fini les sensations de tiraillements et d&rsquo;inconfort.<br \/>\nPeau douce et repulp\u00e9e: La peau retrouve sa souplesse et son \u00e9clat naturel.<br \/>\nConfort durable : Une hydratation qui dure toute la journ\u00e9e pour un confort continu.<br \/>\nCette cr\u00e8me est parfaite pour les peaux s\u00e8ches et sensibles qui ont besoin d\u2019un soin hydratant quotidien. Int\u00e9grez-la dans votre routine beaut\u00e9 pour dire adieu aux rougeurs et aux irritations, et bonjour \u00e0 une peau hydrat\u00e9e, douce et lumineuse.<br \/>\nCOMPOSITION<br \/>\naqua\/water\/eau, glycerin*, squalane*, ethylhexyl cocoate*, ethylhexyl palmitate*, cetearyl alcohol*, vitis vinifera (grape) fruit water*, borago officinalis seed oil*, potassium cetyl phosphate, coco-caprylate\/caprate*, cetearyl wheat straw glycosides*, caprylic\/capric triglyceride*, palmitoyl grape seed extract*, vitis vinifera (grape) juice*, crithmum maritimum extract*, sodium carboxymethyl beta-glucan, sodium hyaluronate, oleyl alcohol*, cetearyl glucoside*, hydrogenated olive oil stearyl esters*, parfum (fragrance), tocopheryl acetate*, carbomer, caprylyl glycol, hydrogenated vegetable oil*, helianthus annuus (sunflower) seed oil*, citric acid*, sodium hydroxide, tocopherol*, acrylates\/c10-30 alkyl acrylate crosspolymer, potassium sorbate, sodium benzoate (235\/001)<br \/>\nCONSEIL D\u2019UTILISATION<br \/>\nPour de meilleurs r\u00e9sultats, appliquez la Cr\u00e8me Hydratation Intense VinoHydra de Caudalie matin et soir sur une peau propre et s\u00e8che. Utilisez-la seule ou apr\u00e8s votre s\u00e9rum pour optimiser ses effets hydratants. Appliquez une petite quantit\u00e9 sur votre visage et votre cou, en massant d\u00e9licatement jusqu&rsquo;\u00e0 absorption compl\u00e8te.<\/p>\n","protected":false},"excerpt":{"rendered":"<p>Cette cr\u00e8me hydratante intense est enrichie en ingr\u00e9dients naturels qui nourrissent et prot\u00e8gent votre peau des agressions quotidiennes. Sa texture<\/p>\n","protected":false},"featured_media":26763,"comment_status":"open","ping_status":"closed","template":"","meta":[],"product_brand":[358],"product_cat":[534],"product_tag":[],"class_list":{"0":"post-28160","1":"product","2":"type-product","3":"status-publish","4":"has-post-thumbnail","6":"product_brand-caudalie","7":"product_cat-cremes-nuit","9":"first","10":"instock","11":"shipping-taxable","12":"purchasable","13":"product-type-simple"},"yoast_head":"<!-- This site is optimized with the Yoast SEO plugin v26.6 - https:\/\/yoast.com\/wordpress\/plugins\/seo\/ -->\r\n<title>CAUDALIE VINOHYDRA CREME HYDRATATION INTENSE 50 ML - Paracherkaoui.ma<\/title>\r\n<meta name=\"robots\" content=\"index, follow, max-snippet:-1, max-image-preview:large, max-video-preview:-1\" \/>\r\n<link rel=\"canonical\" href=\"https:\/\/paracherkaoui.ma\/index.php\/produit\/caudalie-vinohydra-creme-hydratation-intense-50-ml-2\/\" \/>\r\n<meta property=\"og:locale\" content=\"fr_FR\" \/>\r\n<meta property=\"og:type\" content=\"article\" \/>\r\n<meta property=\"og:title\" content=\"CAUDALIE VINOHYDRA CREME HYDRATATION INTENSE 50 ML - Paracherkaoui.ma\" \/>\r\n<meta property=\"og:description\" content=\"Cette cr\u00e8me hydratante intense est enrichie en ingr\u00e9dients naturels qui nourrissent et prot\u00e8gent votre peau des agressions quotidiennes. Sa texture\" \/>\r\n<meta property=\"og:url\" content=\"https:\/\/paracherkaoui.ma\/index.php\/produit\/caudalie-vinohydra-creme-hydratation-intense-50-ml-2\/\" \/>\r\n<meta property=\"og:site_name\" content=\"Paracherkaoui.ma\" \/>\r\n<meta property=\"article:modified_time\" content=\"2025-12-12T17:28:13+00:00\" \/>\r\n<meta property=\"og:image\" content=\"https:\/\/paracherkaoui.ma\/wp-content\/uploads\/2025\/12\/caudalie-caudalie-vinohydra-creme-hydratation-intense-50-ml-cremes-jour.jpg\" \/>\r\n\t<meta property=\"og:image:width\" content=\"700\" \/>\r\n\t<meta property=\"og:image:height\" content=\"700\" \/>\r\n\t<meta property=\"og:image:type\" content=\"image\/jpeg\" \/>\r\n<meta name=\"twitter:card\" content=\"summary_large_image\" \/>\r\n<meta name=\"twitter:label1\" content=\"Dur\u00e9e de lecture estim\u00e9e\" \/>\n\t<meta name=\"twitter:data1\" content=\"2 minutes\" \/>\r\n<script type=\"application\/ld+json\" class=\"yoast-schema-graph\">{\"@context\":\"https:\/\/schema.org\",\"@graph\":[{\"@type\":\"WebPage\",\"@id\":\"https:\/\/paracherkaoui.ma\/index.php\/produit\/caudalie-vinohydra-creme-hydratation-intense-50-ml-2\/\",\"url\":\"https:\/\/paracherkaoui.ma\/index.php\/produit\/caudalie-vinohydra-creme-hydratation-intense-50-ml-2\/\",\"name\":\"CAUDALIE VINOHYDRA CREME HYDRATATION INTENSE 50 ML - Paracherkaoui.ma\",\"isPartOf\":{\"@id\":\"https:\/\/paracherkaoui.ma\/#website\"},\"primaryImageOfPage\":{\"@id\":\"https:\/\/paracherkaoui.ma\/index.php\/produit\/caudalie-vinohydra-creme-hydratation-intense-50-ml-2\/#primaryimage\"},\"image\":{\"@id\":\"https:\/\/paracherkaoui.ma\/index.php\/produit\/caudalie-vinohydra-creme-hydratation-intense-50-ml-2\/#primaryimage\"},\"thumbnailUrl\":\"https:\/\/paracherkaoui.ma\/wp-content\/uploads\/2025\/12\/caudalie-caudalie-vinohydra-creme-hydratation-intense-50-ml-cremes-jour.jpg\",\"datePublished\":\"2025-12-12T17:28:11+00:00\",\"dateModified\":\"2025-12-12T17:28:13+00:00\",\"breadcrumb\":{\"@id\":\"https:\/\/paracherkaoui.ma\/index.php\/produit\/caudalie-vinohydra-creme-hydratation-intense-50-ml-2\/#breadcrumb\"},\"inLanguage\":\"fr-FR\",\"potentialAction\":[{\"@type\":\"ReadAction\",\"target\":[\"https:\/\/paracherkaoui.ma\/index.php\/produit\/caudalie-vinohydra-creme-hydratation-intense-50-ml-2\/\"]}]},{\"@type\":\"ImageObject\",\"inLanguage\":\"fr-FR\",\"@id\":\"https:\/\/paracherkaoui.ma\/index.php\/produit\/caudalie-vinohydra-creme-hydratation-intense-50-ml-2\/#primaryimage\",\"url\":\"https:\/\/paracherkaoui.ma\/wp-content\/uploads\/2025\/12\/caudalie-caudalie-vinohydra-creme-hydratation-intense-50-ml-cremes-jour.jpg\",\"contentUrl\":\"https:\/\/paracherkaoui.ma\/wp-content\/uploads\/2025\/12\/caudalie-caudalie-vinohydra-creme-hydratation-intense-50-ml-cremes-jour.jpg\",\"width\":700,\"height\":700},{\"@type\":\"BreadcrumbList\",\"@id\":\"https:\/\/paracherkaoui.ma\/index.php\/produit\/caudalie-vinohydra-creme-hydratation-intense-50-ml-2\/#breadcrumb\",\"itemListElement\":[{\"@type\":\"ListItem\",\"position\":1,\"name\":\"Accueil\",\"item\":\"https:\/\/paracherkaoui.ma\/\"},{\"@type\":\"ListItem\",\"position\":2,\"name\":\"Boutique\",\"item\":\"https:\/\/paracherkaoui.ma\/index.php\/boutique\/\"},{\"@type\":\"ListItem\",\"position\":3,\"name\":\"CAUDALIE VINOHYDRA CREME HYDRATATION INTENSE 50 ML\"}]},{\"@type\":\"WebSite\",\"@id\":\"https:\/\/paracherkaoui.ma\/#website\",\"url\":\"https:\/\/paracherkaoui.ma\/\",\"name\":\"Paracherkaoui.ma\",\"description\":\"Achetez en ligne sur Paracherkaoui.ma\",\"potentialAction\":[{\"@type\":\"SearchAction\",\"target\":{\"@type\":\"EntryPoint\",\"urlTemplate\":\"https:\/\/paracherkaoui.ma\/?s={search_term_string}\"},\"query-input\":{\"@type\":\"PropertyValueSpecification\",\"valueRequired\":true,\"valueName\":\"search_term_string\"}}],\"inLanguage\":\"fr-FR\"}]}<\/script>\r\n<!-- \/ Yoast SEO plugin. -->","yoast_head_json":{"title":"CAUDALIE VINOHYDRA CREME HYDRATATION INTENSE 50 ML - Paracherkaoui.ma","robots":{"index":"index","follow":"follow","max-snippet":"max-snippet:-1","max-image-preview":"max-image-preview:large","max-video-preview":"max-video-preview:-1"},"canonical":"https:\/\/paracherkaoui.ma\/index.php\/produit\/caudalie-vinohydra-creme-hydratation-intense-50-ml-2\/","og_locale":"fr_FR","og_type":"article","og_title":"CAUDALIE VINOHYDRA CREME HYDRATATION INTENSE 50 ML - Paracherkaoui.ma","og_description":"Cette cr\u00e8me hydratante intense est enrichie en ingr\u00e9dients naturels qui nourrissent et prot\u00e8gent votre peau des agressions quotidiennes. Sa texture","og_url":"https:\/\/paracherkaoui.ma\/index.php\/produit\/caudalie-vinohydra-creme-hydratation-intense-50-ml-2\/","og_site_name":"Paracherkaoui.ma","article_modified_time":"2025-12-12T17:28:13+00:00","og_image":[{"width":700,"height":700,"url":"https:\/\/paracherkaoui.ma\/wp-content\/uploads\/2025\/12\/caudalie-caudalie-vinohydra-creme-hydratation-intense-50-ml-cremes-jour.jpg","type":"image\/jpeg"}],"twitter_card":"summary_large_image","twitter_misc":{"Dur\u00e9e de lecture estim\u00e9e":"2 minutes"},"schema":{"@context":"https:\/\/schema.org","@graph":[{"@type":"WebPage","@id":"https:\/\/paracherkaoui.ma\/index.php\/produit\/caudalie-vinohydra-creme-hydratation-intense-50-ml-2\/","url":"https:\/\/paracherkaoui.ma\/index.php\/produit\/caudalie-vinohydra-creme-hydratation-intense-50-ml-2\/","name":"CAUDALIE VINOHYDRA CREME HYDRATATION INTENSE 50 ML - Paracherkaoui.ma","isPartOf":{"@id":"https:\/\/paracherkaoui.ma\/#website"},"primaryImageOfPage":{"@id":"https:\/\/paracherkaoui.ma\/index.php\/produit\/caudalie-vinohydra-creme-hydratation-intense-50-ml-2\/#primaryimage"},"image":{"@id":"https:\/\/paracherkaoui.ma\/index.php\/produit\/caudalie-vinohydra-creme-hydratation-intense-50-ml-2\/#primaryimage"},"thumbnailUrl":"https:\/\/paracherkaoui.ma\/wp-content\/uploads\/2025\/12\/caudalie-caudalie-vinohydra-creme-hydratation-intense-50-ml-cremes-jour.jpg","datePublished":"2025-12-12T17:28:11+00:00","dateModified":"2025-12-12T17:28:13+00:00","breadcrumb":{"@id":"https:\/\/paracherkaoui.ma\/index.php\/produit\/caudalie-vinohydra-creme-hydratation-intense-50-ml-2\/#breadcrumb"},"inLanguage":"fr-FR","potentialAction":[{"@type":"ReadAction","target":["https:\/\/paracherkaoui.ma\/index.php\/produit\/caudalie-vinohydra-creme-hydratation-intense-50-ml-2\/"]}]},{"@type":"ImageObject","inLanguage":"fr-FR","@id":"https:\/\/paracherkaoui.ma\/index.php\/produit\/caudalie-vinohydra-creme-hydratation-intense-50-ml-2\/#primaryimage","url":"https:\/\/paracherkaoui.ma\/wp-content\/uploads\/2025\/12\/caudalie-caudalie-vinohydra-creme-hydratation-intense-50-ml-cremes-jour.jpg","contentUrl":"https:\/\/paracherkaoui.ma\/wp-content\/uploads\/2025\/12\/caudalie-caudalie-vinohydra-creme-hydratation-intense-50-ml-cremes-jour.jpg","width":700,"height":700},{"@type":"BreadcrumbList","@id":"https:\/\/paracherkaoui.ma\/index.php\/produit\/caudalie-vinohydra-creme-hydratation-intense-50-ml-2\/#breadcrumb","itemListElement":[{"@type":"ListItem","position":1,"name":"Accueil","item":"https:\/\/paracherkaoui.ma\/"},{"@type":"ListItem","position":2,"name":"Boutique","item":"https:\/\/paracherkaoui.ma\/index.php\/boutique\/"},{"@type":"ListItem","position":3,"name":"CAUDALIE VINOHYDRA CREME HYDRATATION INTENSE 50 ML"}]},{"@type":"WebSite","@id":"https:\/\/paracherkaoui.ma\/#website","url":"https:\/\/paracherkaoui.ma\/","name":"Paracherkaoui.ma","description":"Achetez en ligne sur Paracherkaoui.ma","potentialAction":[{"@type":"SearchAction","target":{"@type":"EntryPoint","urlTemplate":"https:\/\/paracherkaoui.ma\/?s={search_term_string}"},"query-input":{"@type":"PropertyValueSpecification","valueRequired":true,"valueName":"search_term_string"}}],"inLanguage":"fr-FR"}]}},"_links":{"self":[{"href":"https:\/\/paracherkaoui.ma\/index.php\/wp-json\/wp\/v2\/product\/28160","targetHints":{"allow":["GET"]}}],"collection":[{"href":"https:\/\/paracherkaoui.ma\/index.php\/wp-json\/wp\/v2\/product"}],"about":[{"href":"https:\/\/paracherkaoui.ma\/index.php\/wp-json\/wp\/v2\/types\/product"}],"replies":[{"embeddable":true,"href":"https:\/\/paracherkaoui.ma\/index.php\/wp-json\/wp\/v2\/comments?post=28160"}],"version-history":[{"count":1,"href":"https:\/\/paracherkaoui.ma\/index.php\/wp-json\/wp\/v2\/product\/28160\/revisions"}],"predecessor-version":[{"id":28180,"href":"https:\/\/paracherkaoui.ma\/index.php\/wp-json\/wp\/v2\/product\/28160\/revisions\/28180"}],"wp:featuredmedia":[{"embeddable":true,"href":"https:\/\/paracherkaoui.ma\/index.php\/wp-json\/wp\/v2\/media\/26763"}],"wp:attachment":[{"href":"https:\/\/paracherkaoui.ma\/index.php\/wp-json\/wp\/v2\/media?parent=28160"}],"wp:term":[{"taxonomy":"product_brand","embeddable":true,"href":"https:\/\/paracherkaoui.ma\/index.php\/wp-json\/wp\/v2\/product_brand?post=28160"},{"taxonomy":"product_cat","embeddable":true,"href":"https:\/\/paracherkaoui.ma\/index.php\/wp-json\/wp\/v2\/product_cat?post=28160"},{"taxonomy":"product_tag","embeddable":true,"href":"https:\/\/paracherkaoui.ma\/index.php\/wp-json\/wp\/v2\/product_tag?post=28160"}],"curies":[{"name":"wp","href":"https:\/\/api.w.org\/{rel}","templated":true}]}}