{"id":28118,"date":"2025-12-12T18:28:08","date_gmt":"2025-12-12T17:28:08","guid":{"rendered":"https:\/\/test.ecbeaute.com\/?post_type=product&#038;p=28118"},"modified":"2025-12-12T18:28:10","modified_gmt":"2025-12-12T17:28:10","slug":"avene-xeracalm-nutrition-lait-hydratant-200-ml-2","status":"publish","type":"product","link":"https:\/\/paracherkaoui.ma\/index.php\/produit\/avene-xeracalm-nutrition-lait-hydratant-200-ml-2\/","title":{"rendered":"AVENE XERACALM NUTRITION LAIT HYDRATANT 200 ML"},"content":{"rendered":"<p>Sa formule innovante, enrichie en huile de chardon-marie et en eau thermale d&rsquo;Av\u00e8ne, hydrate intens\u00e9ment la peau, tout en la nourrissant et en renfor\u00e7ant sa barri\u00e8re protectrice. Gr\u00e2ce \u00e0 ses propri\u00e9t\u00e9s anti-dess\u00e8chement, il aide \u00e0 apaiser les sensations de tiraillements et d&rsquo;inconfort d\u00e8s l&rsquo;application. Sa texture unique combine la richesse d&rsquo;une cr\u00e8me avec la l\u00e9g\u00e8ret\u00e9 d&rsquo;un lait pour une application rapide, facile, et un habillage imm\u00e9diat, rendant son usage particuli\u00e8rement adapt\u00e9 au quotidien des familles.<br \/>\nAvec 97 % d\u2019ingr\u00e9dients d\u2019origine naturelle, ce soin respecte la peau et l\u2019environnement. Il est id\u00e9al pour les nourrissons, les enfants et les adultes cherchant un produit efficace et doux pour hydrater, apaiser et prot\u00e9ger leur peau tout au long de la journ\u00e9e.<br \/>\nComposition<br \/>\nAvene Thermal Spring Water (Avene Aqua). Caprylic\/Capric Triglyceride. Glycerin. Polyglyceryl-2 Dipolyhydroxystearate. Niacinamide. Pentaerythrityl Tetracaprylate\/Tetracaprate. Behenyl Alcohol. Benzoic Acid. Caprylyl Glycol. Fragrance (Parfum). Helianthus Annuus (Sunflower) Seed Oil (Helianthus Annuus Seed Oil). Hydroxyethylcellulose. Lauryl Glucoside. Silybum Marianum Seed Oil. Sodium Citrate. Sodium Lauryl Glucose Carboxylate. Sodium Stearoyl Glutamate. Sorbic Acid. Tocopherol. Water (Aqua). Xanthan Gum<br \/>\nConseils d\u2019utilisation<br \/>\nNettoyez d\u00e9licatement la peau avec un produit adapt\u00e9 aux peaux sensibles.<br \/>\nAppliquez le lait hydratant 1 \u00e0 2 fois par jour sur une peau propre et s\u00e8che, en effectuant des mouvements circulaires jusqu\u2019\u00e0 absorption compl\u00e8te.<br \/>\nInsistez sur les zones les plus s\u00e8ches ou sujettes aux tiraillements pour maximiser les bienfaits hydratants et apaisants.<\/p>\n","protected":false},"excerpt":{"rendered":"<p>Sa formule innovante, enrichie en huile de chardon-marie et en eau thermale d&rsquo;Av\u00e8ne, hydrate intens\u00e9ment la peau, tout en la<\/p>\n","protected":false},"featured_media":26653,"comment_status":"open","ping_status":"closed","template":"","meta":[],"product_brand":[136],"product_cat":[534],"product_tag":[],"class_list":{"0":"post-28118","1":"product","2":"type-product","3":"status-publish","4":"has-post-thumbnail","6":"product_brand-avene","7":"product_cat-cremes-nuit","9":"first","10":"instock","11":"sale","12":"shipping-taxable","13":"purchasable","14":"product-type-simple"},"yoast_head":"<!-- This site is optimized with the Yoast SEO plugin v26.6 - https:\/\/yoast.com\/wordpress\/plugins\/seo\/ -->\r\n<title>AVENE XERACALM NUTRITION LAIT HYDRATANT 200 ML - Paracherkaoui.ma<\/title>\r\n<meta name=\"robots\" content=\"index, follow, max-snippet:-1, max-image-preview:large, max-video-preview:-1\" \/>\r\n<link rel=\"canonical\" href=\"https:\/\/paracherkaoui.ma\/index.php\/produit\/avene-xeracalm-nutrition-lait-hydratant-200-ml-2\/\" \/>\r\n<meta property=\"og:locale\" content=\"fr_FR\" \/>\r\n<meta property=\"og:type\" content=\"article\" \/>\r\n<meta property=\"og:title\" content=\"AVENE XERACALM NUTRITION LAIT HYDRATANT 200 ML - Paracherkaoui.ma\" \/>\r\n<meta property=\"og:description\" content=\"Sa formule innovante, enrichie en huile de chardon-marie et en eau thermale d&rsquo;Av\u00e8ne, hydrate intens\u00e9ment la peau, tout en la\" \/>\r\n<meta property=\"og:url\" content=\"https:\/\/paracherkaoui.ma\/index.php\/produit\/avene-xeracalm-nutrition-lait-hydratant-200-ml-2\/\" \/>\r\n<meta property=\"og:site_name\" content=\"Paracherkaoui.ma\" \/>\r\n<meta property=\"article:modified_time\" content=\"2025-12-12T17:28:10+00:00\" \/>\r\n<meta property=\"og:image\" content=\"https:\/\/paracherkaoui.ma\/wp-content\/uploads\/2025\/12\/avene-avene-xeracalm-nutrition-lait-hydratant-200-ml-soins-hydratants.jpg\" \/>\r\n\t<meta property=\"og:image:width\" content=\"700\" \/>\r\n\t<meta property=\"og:image:height\" content=\"700\" \/>\r\n\t<meta property=\"og:image:type\" content=\"image\/jpeg\" \/>\r\n<meta name=\"twitter:card\" content=\"summary_large_image\" \/>\r\n<meta name=\"twitter:label1\" content=\"Dur\u00e9e de lecture estim\u00e9e\" \/>\n\t<meta name=\"twitter:data1\" content=\"1 minute\" \/>\r\n<script type=\"application\/ld+json\" class=\"yoast-schema-graph\">{\"@context\":\"https:\/\/schema.org\",\"@graph\":[{\"@type\":\"WebPage\",\"@id\":\"https:\/\/paracherkaoui.ma\/index.php\/produit\/avene-xeracalm-nutrition-lait-hydratant-200-ml-2\/\",\"url\":\"https:\/\/paracherkaoui.ma\/index.php\/produit\/avene-xeracalm-nutrition-lait-hydratant-200-ml-2\/\",\"name\":\"AVENE XERACALM NUTRITION LAIT HYDRATANT 200 ML - Paracherkaoui.ma\",\"isPartOf\":{\"@id\":\"https:\/\/paracherkaoui.ma\/#website\"},\"primaryImageOfPage\":{\"@id\":\"https:\/\/paracherkaoui.ma\/index.php\/produit\/avene-xeracalm-nutrition-lait-hydratant-200-ml-2\/#primaryimage\"},\"image\":{\"@id\":\"https:\/\/paracherkaoui.ma\/index.php\/produit\/avene-xeracalm-nutrition-lait-hydratant-200-ml-2\/#primaryimage\"},\"thumbnailUrl\":\"https:\/\/paracherkaoui.ma\/wp-content\/uploads\/2025\/12\/avene-avene-xeracalm-nutrition-lait-hydratant-200-ml-soins-hydratants.jpg\",\"datePublished\":\"2025-12-12T17:28:08+00:00\",\"dateModified\":\"2025-12-12T17:28:10+00:00\",\"breadcrumb\":{\"@id\":\"https:\/\/paracherkaoui.ma\/index.php\/produit\/avene-xeracalm-nutrition-lait-hydratant-200-ml-2\/#breadcrumb\"},\"inLanguage\":\"fr-FR\",\"potentialAction\":[{\"@type\":\"ReadAction\",\"target\":[\"https:\/\/paracherkaoui.ma\/index.php\/produit\/avene-xeracalm-nutrition-lait-hydratant-200-ml-2\/\"]}]},{\"@type\":\"ImageObject\",\"inLanguage\":\"fr-FR\",\"@id\":\"https:\/\/paracherkaoui.ma\/index.php\/produit\/avene-xeracalm-nutrition-lait-hydratant-200-ml-2\/#primaryimage\",\"url\":\"https:\/\/paracherkaoui.ma\/wp-content\/uploads\/2025\/12\/avene-avene-xeracalm-nutrition-lait-hydratant-200-ml-soins-hydratants.jpg\",\"contentUrl\":\"https:\/\/paracherkaoui.ma\/wp-content\/uploads\/2025\/12\/avene-avene-xeracalm-nutrition-lait-hydratant-200-ml-soins-hydratants.jpg\",\"width\":700,\"height\":700},{\"@type\":\"BreadcrumbList\",\"@id\":\"https:\/\/paracherkaoui.ma\/index.php\/produit\/avene-xeracalm-nutrition-lait-hydratant-200-ml-2\/#breadcrumb\",\"itemListElement\":[{\"@type\":\"ListItem\",\"position\":1,\"name\":\"Accueil\",\"item\":\"https:\/\/paracherkaoui.ma\/\"},{\"@type\":\"ListItem\",\"position\":2,\"name\":\"Boutique\",\"item\":\"https:\/\/paracherkaoui.ma\/index.php\/boutique\/\"},{\"@type\":\"ListItem\",\"position\":3,\"name\":\"AVENE XERACALM NUTRITION LAIT HYDRATANT 200 ML\"}]},{\"@type\":\"WebSite\",\"@id\":\"https:\/\/paracherkaoui.ma\/#website\",\"url\":\"https:\/\/paracherkaoui.ma\/\",\"name\":\"Paracherkaoui.ma\",\"description\":\"Achetez en ligne sur Paracherkaoui.ma\",\"potentialAction\":[{\"@type\":\"SearchAction\",\"target\":{\"@type\":\"EntryPoint\",\"urlTemplate\":\"https:\/\/paracherkaoui.ma\/?s={search_term_string}\"},\"query-input\":{\"@type\":\"PropertyValueSpecification\",\"valueRequired\":true,\"valueName\":\"search_term_string\"}}],\"inLanguage\":\"fr-FR\"}]}<\/script>\r\n<!-- \/ Yoast SEO plugin. -->","yoast_head_json":{"title":"AVENE XERACALM NUTRITION LAIT HYDRATANT 200 ML - Paracherkaoui.ma","robots":{"index":"index","follow":"follow","max-snippet":"max-snippet:-1","max-image-preview":"max-image-preview:large","max-video-preview":"max-video-preview:-1"},"canonical":"https:\/\/paracherkaoui.ma\/index.php\/produit\/avene-xeracalm-nutrition-lait-hydratant-200-ml-2\/","og_locale":"fr_FR","og_type":"article","og_title":"AVENE XERACALM NUTRITION LAIT HYDRATANT 200 ML - Paracherkaoui.ma","og_description":"Sa formule innovante, enrichie en huile de chardon-marie et en eau thermale d&rsquo;Av\u00e8ne, hydrate intens\u00e9ment la peau, tout en la","og_url":"https:\/\/paracherkaoui.ma\/index.php\/produit\/avene-xeracalm-nutrition-lait-hydratant-200-ml-2\/","og_site_name":"Paracherkaoui.ma","article_modified_time":"2025-12-12T17:28:10+00:00","og_image":[{"width":700,"height":700,"url":"https:\/\/paracherkaoui.ma\/wp-content\/uploads\/2025\/12\/avene-avene-xeracalm-nutrition-lait-hydratant-200-ml-soins-hydratants.jpg","type":"image\/jpeg"}],"twitter_card":"summary_large_image","twitter_misc":{"Dur\u00e9e de lecture estim\u00e9e":"1 minute"},"schema":{"@context":"https:\/\/schema.org","@graph":[{"@type":"WebPage","@id":"https:\/\/paracherkaoui.ma\/index.php\/produit\/avene-xeracalm-nutrition-lait-hydratant-200-ml-2\/","url":"https:\/\/paracherkaoui.ma\/index.php\/produit\/avene-xeracalm-nutrition-lait-hydratant-200-ml-2\/","name":"AVENE XERACALM NUTRITION LAIT HYDRATANT 200 ML - Paracherkaoui.ma","isPartOf":{"@id":"https:\/\/paracherkaoui.ma\/#website"},"primaryImageOfPage":{"@id":"https:\/\/paracherkaoui.ma\/index.php\/produit\/avene-xeracalm-nutrition-lait-hydratant-200-ml-2\/#primaryimage"},"image":{"@id":"https:\/\/paracherkaoui.ma\/index.php\/produit\/avene-xeracalm-nutrition-lait-hydratant-200-ml-2\/#primaryimage"},"thumbnailUrl":"https:\/\/paracherkaoui.ma\/wp-content\/uploads\/2025\/12\/avene-avene-xeracalm-nutrition-lait-hydratant-200-ml-soins-hydratants.jpg","datePublished":"2025-12-12T17:28:08+00:00","dateModified":"2025-12-12T17:28:10+00:00","breadcrumb":{"@id":"https:\/\/paracherkaoui.ma\/index.php\/produit\/avene-xeracalm-nutrition-lait-hydratant-200-ml-2\/#breadcrumb"},"inLanguage":"fr-FR","potentialAction":[{"@type":"ReadAction","target":["https:\/\/paracherkaoui.ma\/index.php\/produit\/avene-xeracalm-nutrition-lait-hydratant-200-ml-2\/"]}]},{"@type":"ImageObject","inLanguage":"fr-FR","@id":"https:\/\/paracherkaoui.ma\/index.php\/produit\/avene-xeracalm-nutrition-lait-hydratant-200-ml-2\/#primaryimage","url":"https:\/\/paracherkaoui.ma\/wp-content\/uploads\/2025\/12\/avene-avene-xeracalm-nutrition-lait-hydratant-200-ml-soins-hydratants.jpg","contentUrl":"https:\/\/paracherkaoui.ma\/wp-content\/uploads\/2025\/12\/avene-avene-xeracalm-nutrition-lait-hydratant-200-ml-soins-hydratants.jpg","width":700,"height":700},{"@type":"BreadcrumbList","@id":"https:\/\/paracherkaoui.ma\/index.php\/produit\/avene-xeracalm-nutrition-lait-hydratant-200-ml-2\/#breadcrumb","itemListElement":[{"@type":"ListItem","position":1,"name":"Accueil","item":"https:\/\/paracherkaoui.ma\/"},{"@type":"ListItem","position":2,"name":"Boutique","item":"https:\/\/paracherkaoui.ma\/index.php\/boutique\/"},{"@type":"ListItem","position":3,"name":"AVENE XERACALM NUTRITION LAIT HYDRATANT 200 ML"}]},{"@type":"WebSite","@id":"https:\/\/paracherkaoui.ma\/#website","url":"https:\/\/paracherkaoui.ma\/","name":"Paracherkaoui.ma","description":"Achetez en ligne sur Paracherkaoui.ma","potentialAction":[{"@type":"SearchAction","target":{"@type":"EntryPoint","urlTemplate":"https:\/\/paracherkaoui.ma\/?s={search_term_string}"},"query-input":{"@type":"PropertyValueSpecification","valueRequired":true,"valueName":"search_term_string"}}],"inLanguage":"fr-FR"}]}},"_links":{"self":[{"href":"https:\/\/paracherkaoui.ma\/index.php\/wp-json\/wp\/v2\/product\/28118","targetHints":{"allow":["GET"]}}],"collection":[{"href":"https:\/\/paracherkaoui.ma\/index.php\/wp-json\/wp\/v2\/product"}],"about":[{"href":"https:\/\/paracherkaoui.ma\/index.php\/wp-json\/wp\/v2\/types\/product"}],"replies":[{"embeddable":true,"href":"https:\/\/paracherkaoui.ma\/index.php\/wp-json\/wp\/v2\/comments?post=28118"}],"version-history":[{"count":1,"href":"https:\/\/paracherkaoui.ma\/index.php\/wp-json\/wp\/v2\/product\/28118\/revisions"}],"predecessor-version":[{"id":28148,"href":"https:\/\/paracherkaoui.ma\/index.php\/wp-json\/wp\/v2\/product\/28118\/revisions\/28148"}],"wp:featuredmedia":[{"embeddable":true,"href":"https:\/\/paracherkaoui.ma\/index.php\/wp-json\/wp\/v2\/media\/26653"}],"wp:attachment":[{"href":"https:\/\/paracherkaoui.ma\/index.php\/wp-json\/wp\/v2\/media?parent=28118"}],"wp:term":[{"taxonomy":"product_brand","embeddable":true,"href":"https:\/\/paracherkaoui.ma\/index.php\/wp-json\/wp\/v2\/product_brand?post=28118"},{"taxonomy":"product_cat","embeddable":true,"href":"https:\/\/paracherkaoui.ma\/index.php\/wp-json\/wp\/v2\/product_cat?post=28118"},{"taxonomy":"product_tag","embeddable":true,"href":"https:\/\/paracherkaoui.ma\/index.php\/wp-json\/wp\/v2\/product_tag?post=28118"}],"curies":[{"name":"wp","href":"https:\/\/api.w.org\/{rel}","templated":true}]}}