{"id":28111,"date":"2025-12-12T18:28:07","date_gmt":"2025-12-12T17:28:07","guid":{"rendered":"https:\/\/test.ecbeaute.com\/?post_type=product&#038;p=28111"},"modified":"2025-12-12T18:28:09","modified_gmt":"2025-12-12T17:28:09","slug":"novexpert-creme-hydro-biotique-peau-sensible-2","status":"publish","type":"product","link":"https:\/\/paracherkaoui.ma\/index.php\/produit\/novexpert-creme-hydro-biotique-peau-sensible-2\/","title":{"rendered":"NOVEXPERT CREME HYDRO BIOTIQUE PEAU SENSIBLE"},"content":{"rendered":"<p>La\u00a0CREME DOUCEUR HYDRO-BIOTIQUE\u00a0r\u00e9initialise la peau sensible en peau normale.<br \/>\nId\u00e9ale\u00a0pour les peaux atopiques, sensibles\u00a0et pour celles qui ne veulent pas le devenir, sa texture riche\u00a0reconstitue le film hydrolipidique, r\u00e9tablit la flore cutan\u00e9e r\u00e9sidente tout en limitant les bact\u00e9ries pathog\u00e8nes, corrige l\u2019hypersensibilit\u00e9 immunitaire de la peau et module l\u2019hypersensibilit\u00e9 neuronale.<br \/>\nElle fixe l\u2019eau dans la couche corn\u00e9e, diminue les pertes d\u2019eaux \u00e9pidermiques,\u00a0stimule la synth\u00e8se lipidique cutan\u00e9e pour reconstituer le film hydrolipidique.<br \/>\nCOMPOSITION &#038; ACTIONS<br \/>\nAction Anti-\u00c2ge :<br \/>\n&#8211; La novaxyline\u00a0anti-radicalaire, stimule les g\u00e8nes de la long\u00e9vit\u00e9 et booste le collag\u00e8ne et l\u2019acide hyaluronique.<br \/>\n&#8211; La vitamine E et l\u2019acide phytique\u00a0\u00e0 l\u2019action anti-radicalaire.<br \/>\nAction Hydratation :<br \/>\n&#8211; La glyc\u00e9rine v\u00e9g\u00e9tale, le sodium PCA et le sodium lactate, trois humectants.<br \/>\nAction Anti-D\u00e9shydratation :<br \/>\n&#8211; Le polysaccharide et l\u2019acide hyaluronique fragment\u00e9\u00a0maintiennent l\u2019hydratation.<br \/>\nAction Nutrition :<br \/>\n&#8211; Une forte concentration en huiles de tournesol et de cameline nourrit et reconstitue le film hydro-lipidique.<br \/>\nAction Pro Flore :<br \/>\n&#8211; Le pr\u00e9biotique\u00a0renforce la flore cutan\u00e9e r\u00e9sidente.<br \/>\n&#8211; L\u2019acide hyaluronique\u00a0r\u00e9duit les bact\u00e9ries pathog\u00e8nes.<br \/>\n&#8211; Le probiotique\u00a0renforce la flore cutan\u00e9e r\u00e9sidente et r\u00e9duit les bact\u00e9ries pathog\u00e8nes.<br \/>\nAction Apaisante :<br \/>\n&#8211; Le gel d\u2019aloe vera\u00a0apaisant.<br \/>\n&#8211; La novaxyline\u00a0anti-inflammatoire.<br \/>\n&#8211; Le pr\u00e9biotique\u00a0calme le syst\u00e8me nerveux cutan\u00e9.<br \/>\nSans conservateur, alcool, allerg\u00e8ne ni huile essentielle.<\/p>\n","protected":false},"excerpt":{"rendered":"<p>La\u00a0CREME DOUCEUR HYDRO-BIOTIQUE\u00a0r\u00e9initialise la peau sensible en peau normale. Id\u00e9ale\u00a0pour les peaux atopiques, sensibles\u00a0et pour celles qui ne veulent pas<\/p>\n","protected":false},"featured_media":26603,"comment_status":"open","ping_status":"closed","template":"","meta":[],"product_brand":[349],"product_cat":[534],"product_tag":[],"class_list":{"0":"post-28111","1":"product","2":"type-product","3":"status-publish","4":"has-post-thumbnail","6":"product_brand-novexpert","7":"product_cat-cremes-nuit","9":"first","10":"instock","11":"sale","12":"shipping-taxable","13":"purchasable","14":"product-type-simple"},"yoast_head":"<!-- This site is optimized with the Yoast SEO plugin v26.6 - https:\/\/yoast.com\/wordpress\/plugins\/seo\/ -->\r\n<title>NOVEXPERT CREME HYDRO BIOTIQUE PEAU SENSIBLE - Paracherkaoui.ma<\/title>\r\n<meta name=\"robots\" content=\"index, follow, max-snippet:-1, max-image-preview:large, max-video-preview:-1\" \/>\r\n<link rel=\"canonical\" href=\"https:\/\/paracherkaoui.ma\/index.php\/produit\/novexpert-creme-hydro-biotique-peau-sensible-2\/\" \/>\r\n<meta property=\"og:locale\" content=\"fr_FR\" \/>\r\n<meta property=\"og:type\" content=\"article\" \/>\r\n<meta property=\"og:title\" content=\"NOVEXPERT CREME HYDRO BIOTIQUE PEAU SENSIBLE - Paracherkaoui.ma\" \/>\r\n<meta property=\"og:description\" content=\"La\u00a0CREME DOUCEUR HYDRO-BIOTIQUE\u00a0r\u00e9initialise la peau sensible en peau normale. Id\u00e9ale\u00a0pour les peaux atopiques, sensibles\u00a0et pour celles qui ne veulent pas\" \/>\r\n<meta property=\"og:url\" content=\"https:\/\/paracherkaoui.ma\/index.php\/produit\/novexpert-creme-hydro-biotique-peau-sensible-2\/\" \/>\r\n<meta property=\"og:site_name\" content=\"Paracherkaoui.ma\" \/>\r\n<meta property=\"article:modified_time\" content=\"2025-12-12T17:28:09+00:00\" \/>\r\n<meta property=\"og:image\" content=\"https:\/\/paracherkaoui.ma\/wp-content\/uploads\/2025\/12\/novexpert-novexpert-creme-hydro-biotique-peau-sensible-hydratants-peaux-intolerantes.jpg\" \/>\r\n\t<meta property=\"og:image:width\" content=\"700\" \/>\r\n\t<meta property=\"og:image:height\" content=\"700\" \/>\r\n\t<meta property=\"og:image:type\" content=\"image\/jpeg\" \/>\r\n<meta name=\"twitter:card\" content=\"summary_large_image\" \/>\r\n<meta name=\"twitter:label1\" content=\"Dur\u00e9e de lecture estim\u00e9e\" \/>\n\t<meta name=\"twitter:data1\" content=\"1 minute\" \/>\r\n<script type=\"application\/ld+json\" class=\"yoast-schema-graph\">{\"@context\":\"https:\/\/schema.org\",\"@graph\":[{\"@type\":\"WebPage\",\"@id\":\"https:\/\/paracherkaoui.ma\/index.php\/produit\/novexpert-creme-hydro-biotique-peau-sensible-2\/\",\"url\":\"https:\/\/paracherkaoui.ma\/index.php\/produit\/novexpert-creme-hydro-biotique-peau-sensible-2\/\",\"name\":\"NOVEXPERT CREME HYDRO BIOTIQUE PEAU SENSIBLE - Paracherkaoui.ma\",\"isPartOf\":{\"@id\":\"https:\/\/paracherkaoui.ma\/#website\"},\"primaryImageOfPage\":{\"@id\":\"https:\/\/paracherkaoui.ma\/index.php\/produit\/novexpert-creme-hydro-biotique-peau-sensible-2\/#primaryimage\"},\"image\":{\"@id\":\"https:\/\/paracherkaoui.ma\/index.php\/produit\/novexpert-creme-hydro-biotique-peau-sensible-2\/#primaryimage\"},\"thumbnailUrl\":\"https:\/\/paracherkaoui.ma\/wp-content\/uploads\/2025\/12\/novexpert-novexpert-creme-hydro-biotique-peau-sensible-hydratants-peaux-intolerantes.jpg\",\"datePublished\":\"2025-12-12T17:28:07+00:00\",\"dateModified\":\"2025-12-12T17:28:09+00:00\",\"breadcrumb\":{\"@id\":\"https:\/\/paracherkaoui.ma\/index.php\/produit\/novexpert-creme-hydro-biotique-peau-sensible-2\/#breadcrumb\"},\"inLanguage\":\"fr-FR\",\"potentialAction\":[{\"@type\":\"ReadAction\",\"target\":[\"https:\/\/paracherkaoui.ma\/index.php\/produit\/novexpert-creme-hydro-biotique-peau-sensible-2\/\"]}]},{\"@type\":\"ImageObject\",\"inLanguage\":\"fr-FR\",\"@id\":\"https:\/\/paracherkaoui.ma\/index.php\/produit\/novexpert-creme-hydro-biotique-peau-sensible-2\/#primaryimage\",\"url\":\"https:\/\/paracherkaoui.ma\/wp-content\/uploads\/2025\/12\/novexpert-novexpert-creme-hydro-biotique-peau-sensible-hydratants-peaux-intolerantes.jpg\",\"contentUrl\":\"https:\/\/paracherkaoui.ma\/wp-content\/uploads\/2025\/12\/novexpert-novexpert-creme-hydro-biotique-peau-sensible-hydratants-peaux-intolerantes.jpg\",\"width\":700,\"height\":700},{\"@type\":\"BreadcrumbList\",\"@id\":\"https:\/\/paracherkaoui.ma\/index.php\/produit\/novexpert-creme-hydro-biotique-peau-sensible-2\/#breadcrumb\",\"itemListElement\":[{\"@type\":\"ListItem\",\"position\":1,\"name\":\"Accueil\",\"item\":\"https:\/\/paracherkaoui.ma\/\"},{\"@type\":\"ListItem\",\"position\":2,\"name\":\"Boutique\",\"item\":\"https:\/\/paracherkaoui.ma\/index.php\/boutique\/\"},{\"@type\":\"ListItem\",\"position\":3,\"name\":\"NOVEXPERT CREME HYDRO BIOTIQUE PEAU SENSIBLE\"}]},{\"@type\":\"WebSite\",\"@id\":\"https:\/\/paracherkaoui.ma\/#website\",\"url\":\"https:\/\/paracherkaoui.ma\/\",\"name\":\"Paracherkaoui.ma\",\"description\":\"Achetez en ligne sur Paracherkaoui.ma\",\"potentialAction\":[{\"@type\":\"SearchAction\",\"target\":{\"@type\":\"EntryPoint\",\"urlTemplate\":\"https:\/\/paracherkaoui.ma\/?s={search_term_string}\"},\"query-input\":{\"@type\":\"PropertyValueSpecification\",\"valueRequired\":true,\"valueName\":\"search_term_string\"}}],\"inLanguage\":\"fr-FR\"}]}<\/script>\r\n<!-- \/ Yoast SEO plugin. -->","yoast_head_json":{"title":"NOVEXPERT CREME HYDRO BIOTIQUE PEAU SENSIBLE - Paracherkaoui.ma","robots":{"index":"index","follow":"follow","max-snippet":"max-snippet:-1","max-image-preview":"max-image-preview:large","max-video-preview":"max-video-preview:-1"},"canonical":"https:\/\/paracherkaoui.ma\/index.php\/produit\/novexpert-creme-hydro-biotique-peau-sensible-2\/","og_locale":"fr_FR","og_type":"article","og_title":"NOVEXPERT CREME HYDRO BIOTIQUE PEAU SENSIBLE - Paracherkaoui.ma","og_description":"La\u00a0CREME DOUCEUR HYDRO-BIOTIQUE\u00a0r\u00e9initialise la peau sensible en peau normale. Id\u00e9ale\u00a0pour les peaux atopiques, sensibles\u00a0et pour celles qui ne veulent pas","og_url":"https:\/\/paracherkaoui.ma\/index.php\/produit\/novexpert-creme-hydro-biotique-peau-sensible-2\/","og_site_name":"Paracherkaoui.ma","article_modified_time":"2025-12-12T17:28:09+00:00","og_image":[{"width":700,"height":700,"url":"https:\/\/paracherkaoui.ma\/wp-content\/uploads\/2025\/12\/novexpert-novexpert-creme-hydro-biotique-peau-sensible-hydratants-peaux-intolerantes.jpg","type":"image\/jpeg"}],"twitter_card":"summary_large_image","twitter_misc":{"Dur\u00e9e de lecture estim\u00e9e":"1 minute"},"schema":{"@context":"https:\/\/schema.org","@graph":[{"@type":"WebPage","@id":"https:\/\/paracherkaoui.ma\/index.php\/produit\/novexpert-creme-hydro-biotique-peau-sensible-2\/","url":"https:\/\/paracherkaoui.ma\/index.php\/produit\/novexpert-creme-hydro-biotique-peau-sensible-2\/","name":"NOVEXPERT CREME HYDRO BIOTIQUE PEAU SENSIBLE - Paracherkaoui.ma","isPartOf":{"@id":"https:\/\/paracherkaoui.ma\/#website"},"primaryImageOfPage":{"@id":"https:\/\/paracherkaoui.ma\/index.php\/produit\/novexpert-creme-hydro-biotique-peau-sensible-2\/#primaryimage"},"image":{"@id":"https:\/\/paracherkaoui.ma\/index.php\/produit\/novexpert-creme-hydro-biotique-peau-sensible-2\/#primaryimage"},"thumbnailUrl":"https:\/\/paracherkaoui.ma\/wp-content\/uploads\/2025\/12\/novexpert-novexpert-creme-hydro-biotique-peau-sensible-hydratants-peaux-intolerantes.jpg","datePublished":"2025-12-12T17:28:07+00:00","dateModified":"2025-12-12T17:28:09+00:00","breadcrumb":{"@id":"https:\/\/paracherkaoui.ma\/index.php\/produit\/novexpert-creme-hydro-biotique-peau-sensible-2\/#breadcrumb"},"inLanguage":"fr-FR","potentialAction":[{"@type":"ReadAction","target":["https:\/\/paracherkaoui.ma\/index.php\/produit\/novexpert-creme-hydro-biotique-peau-sensible-2\/"]}]},{"@type":"ImageObject","inLanguage":"fr-FR","@id":"https:\/\/paracherkaoui.ma\/index.php\/produit\/novexpert-creme-hydro-biotique-peau-sensible-2\/#primaryimage","url":"https:\/\/paracherkaoui.ma\/wp-content\/uploads\/2025\/12\/novexpert-novexpert-creme-hydro-biotique-peau-sensible-hydratants-peaux-intolerantes.jpg","contentUrl":"https:\/\/paracherkaoui.ma\/wp-content\/uploads\/2025\/12\/novexpert-novexpert-creme-hydro-biotique-peau-sensible-hydratants-peaux-intolerantes.jpg","width":700,"height":700},{"@type":"BreadcrumbList","@id":"https:\/\/paracherkaoui.ma\/index.php\/produit\/novexpert-creme-hydro-biotique-peau-sensible-2\/#breadcrumb","itemListElement":[{"@type":"ListItem","position":1,"name":"Accueil","item":"https:\/\/paracherkaoui.ma\/"},{"@type":"ListItem","position":2,"name":"Boutique","item":"https:\/\/paracherkaoui.ma\/index.php\/boutique\/"},{"@type":"ListItem","position":3,"name":"NOVEXPERT CREME HYDRO BIOTIQUE PEAU SENSIBLE"}]},{"@type":"WebSite","@id":"https:\/\/paracherkaoui.ma\/#website","url":"https:\/\/paracherkaoui.ma\/","name":"Paracherkaoui.ma","description":"Achetez en ligne sur Paracherkaoui.ma","potentialAction":[{"@type":"SearchAction","target":{"@type":"EntryPoint","urlTemplate":"https:\/\/paracherkaoui.ma\/?s={search_term_string}"},"query-input":{"@type":"PropertyValueSpecification","valueRequired":true,"valueName":"search_term_string"}}],"inLanguage":"fr-FR"}]}},"_links":{"self":[{"href":"https:\/\/paracherkaoui.ma\/index.php\/wp-json\/wp\/v2\/product\/28111","targetHints":{"allow":["GET"]}}],"collection":[{"href":"https:\/\/paracherkaoui.ma\/index.php\/wp-json\/wp\/v2\/product"}],"about":[{"href":"https:\/\/paracherkaoui.ma\/index.php\/wp-json\/wp\/v2\/types\/product"}],"replies":[{"embeddable":true,"href":"https:\/\/paracherkaoui.ma\/index.php\/wp-json\/wp\/v2\/comments?post=28111"}],"version-history":[{"count":1,"href":"https:\/\/paracherkaoui.ma\/index.php\/wp-json\/wp\/v2\/product\/28111\/revisions"}],"predecessor-version":[{"id":28141,"href":"https:\/\/paracherkaoui.ma\/index.php\/wp-json\/wp\/v2\/product\/28111\/revisions\/28141"}],"wp:featuredmedia":[{"embeddable":true,"href":"https:\/\/paracherkaoui.ma\/index.php\/wp-json\/wp\/v2\/media\/26603"}],"wp:attachment":[{"href":"https:\/\/paracherkaoui.ma\/index.php\/wp-json\/wp\/v2\/media?parent=28111"}],"wp:term":[{"taxonomy":"product_brand","embeddable":true,"href":"https:\/\/paracherkaoui.ma\/index.php\/wp-json\/wp\/v2\/product_brand?post=28111"},{"taxonomy":"product_cat","embeddable":true,"href":"https:\/\/paracherkaoui.ma\/index.php\/wp-json\/wp\/v2\/product_cat?post=28111"},{"taxonomy":"product_tag","embeddable":true,"href":"https:\/\/paracherkaoui.ma\/index.php\/wp-json\/wp\/v2\/product_tag?post=28111"}],"curies":[{"name":"wp","href":"https:\/\/api.w.org\/{rel}","templated":true}]}}