{"id":28055,"date":"2025-12-12T18:28:02","date_gmt":"2025-12-12T17:28:02","guid":{"rendered":"https:\/\/test.ecbeaute.com\/?post_type=product&#038;p=28055"},"modified":"2025-12-12T18:28:06","modified_gmt":"2025-12-12T17:28:06","slug":"cerave-lait-hydratant-peaux-seches-a-tres-seches-473-ml-4","status":"publish","type":"product","link":"https:\/\/paracherkaoui.ma\/index.php\/produit\/cerave-lait-hydratant-peaux-seches-a-tres-seches-473-ml-4\/","title":{"rendered":"CERAVE LAIT HYDRATANT PEAUX SECHES A TRES SECHES 473 ML"},"content":{"rendered":"<p>.elementor-218 .elementor-element.elementor-element-4dd014dd .elementor-tab-title, .elementor-218 .elementor-element.elementor-element-4dd014dd .elementor-tab-title:before, .elementor-218 .elementor-element.elementor-element-4dd014dd .elementor-tab-title:after, .elementor-218 .elementor-element.elementor-element-4dd014dd .elementor-tab-content, .elementor-218 .elementor-element.elementor-element-4dd014dd .elementor-tabs-content-wrapper{border-width:0.5px;}.elementor-218 .elementor-element.elementor-element-4dd014dd .elementor-tab-title{color:#000000;}.elementor-218 .elementor-element.elementor-element-4dd014dd .elementor-tab-title.elementor-active{color:#00a28d;}.elementor-218 .elementor-element.elementor-element-4dd014dd .elementor-tab-content{color:#000000;}.elementor-218 .elementor-element.elementor-element-37b3fe9b .axps-swiper-slider .swiper-slide img{width:auto;}.elementor-218 .elementor-element.elementor-element-37b3fe9b .wrapper-items:not(.swiper-container-initialized) .item{-ms-flex:0 0 calc(100%\/4);flex:0 0 calc(100%\/4);max-width:calc(100%\/4);}.elementor-218 .elementor-element.elementor-element-37b3fe9b .wrapper-items .swiper-slide{padding-left:calc(30px\/2);padding-right:calc(30px\/2);}.elementor-218 .elementor-element.elementor-element-37b3fe9b .wrapper-items .swiper-slide .item-inner{margin-bottom:30px;}.elementor-218 .elementor-element.elementor-element-37b3fe9b .wrapper-items{margin-left:calc(-30px\/2);margin-right:calc(-30px\/2);}.elementor-218 .elementor-element.elementor-element-37b3fe9b .swiper-wrapper .item-inner{text-align:center;}.elementor-218 .elementor-element.elementor-element-2e673d67{margin-top:-16px;margin-bottom:0px;}.elementor-218 .elementor-element.elementor-element-4c29f0ac > .elementor-widget-container{margin:-46px 0px 0px 0px;}.elementor-218 .elementor-element.elementor-element-43525c47 > .elementor-widget-container{margin:-46px 0px 0px 0px;}.elementor-218 .elementor-element.elementor-element-54df8fcd > .elementor-widget-container{margin:-46px 0px 0px 0px;}.elementor-218 .elementor-element.elementor-element-13a387e1{margin-top:-16px;margin-bottom:0px;}.elementor-218 .elementor-element.elementor-element-481ee16f > .elementor-widget-container{margin:-46px 0px 0px 0px;}.elementor-218 .elementor-element.elementor-element-f1570d2 > .elementor-widget-container{margin:-46px 0px 0px 0px;}.elementor-218 .elementor-element.elementor-element-4a7f19eb > .elementor-widget-container{margin:-46px 0px 0px 0px;}@media(max-width:1024px){.elementor-218 .elementor-element.elementor-element-37b3fe9b .wrapper-items:not(.swiper-container-initialized) .item{-ms-flex:0 0 calc(100%\/4);flex:0 0 calc(100%\/4);max-width:calc(100%\/4);}.elementor-218 .elementor-element.elementor-element-37b3fe9b .wrapper-items .swiper-slide{padding-left:calc(20px\/2);padding-right:calc(20px\/2);}.elementor-218 .elementor-element.elementor-element-37b3fe9b .wrapper-items .swiper-slide .item-inner{margin-bottom:20px;}.elementor-218 .elementor-element.elementor-element-37b3fe9b .wrapper-items{margin-left:calc(-20px\/2);margin-right:calc(-20px\/2);}.elementor-218 .elementor-element.elementor-element-4c29f0ac > .elementor-widget-container{margin:-33px 0px 0px 0px;}.elementor-218 .elementor-element.elementor-element-43525c47 > .elementor-widget-container{margin:-33px 0px 0px 0px;}.elementor-218 .elementor-element.elementor-element-54df8fcd > .elementor-widget-container{margin:-33px 0px 0px 0px;}.elementor-218 .elementor-element.elementor-element-481ee16f > .elementor-widget-container{margin:-33px 0px 0px 0px;}.elementor-218 .elementor-element.elementor-element-f1570d2 > .elementor-widget-container{margin:-33px 0px 0px 0px;}.elementor-218 .elementor-element.elementor-element-4a7f19eb > .elementor-widget-container{margin:-33px 0px 0px 0px;}}@media(max-width:767px){.elementor-218 .elementor-element.elementor-element-37b3fe9b .wrapper-items:not(.swiper-container-initialized) .item{-ms-flex:0 0 calc(100%\/4);flex:0 0 calc(100%\/4);max-width:calc(100%\/4);}.elementor-218 .elementor-element.elementor-element-37b3fe9b .wrapper-items .swiper-slide{padding-left:calc(10px\/2);padding-right:calc(10px\/2);}.elementor-218 .elementor-element.elementor-element-37b3fe9b .wrapper-items .swiper-slide .item-inner{margin-bottom:10px;}.elementor-218 .elementor-element.elementor-element-37b3fe9b .wrapper-items{margin-left:calc(-10px\/2);margin-right:calc(-10px\/2);}.elementor-218 .elementor-element.elementor-element-74cb2b1d{width:50%;}.elementor-218 .elementor-element.elementor-element-4c29f0ac > .elementor-widget-container{margin:-26px 0px 0px 0px;}.elementor-218 .elementor-element.elementor-element-5931cee0{width:50%;}.elementor-218 .elementor-element.elementor-element-43525c47 > .elementor-widget-container{margin:-26px 0px 0px 0px;}.elementor-218 .elementor-element.elementor-element-6416bd11{width:50%;}.elementor-218 .elementor-element.elementor-element-54df8fcd > .elementor-widget-container{margin:-26px 0px 0px 0px;}.elementor-218 .elementor-element.elementor-element-70f46d51{width:50%;}.elementor-218 .elementor-element.elementor-element-481ee16f > .elementor-widget-container{margin:-26px 0px 0px 0px;}.elementor-218 .elementor-element.elementor-element-1dcdcb1c{width:50%;}.elementor-218 .elementor-element.elementor-element-f1570d2 > .elementor-widget-container{margin:-26px 0px 0px 0px;}.elementor-218 .elementor-element.elementor-element-3652143f{width:50%;}.elementor-218 .elementor-element.elementor-element-4a7f19eb > .elementor-widget-container{margin:-26px 0px 0px 0px;}}<br \/>\nDescription<br \/>\nConseils d&rsquo;utilisation<br \/>\nComposition<br \/>\nDescription<br \/>\nGr\u00e2ce \u00e0 la\u00a0technologie brevet\u00e9e MVE, ce soin lib\u00e8re progressivement ses actifs pour une\u00a0hydratation continue pendant 24 heures, sans effet gras ni collant. Adapt\u00e9 \u00e0 toute la famille, m\u00eame les peaux sensibles, il associe l\u2019acide hyaluronique, pour maintenir une hydratation optimale, et la\u00a0glyc\u00e9rine, reconnue pour ses vertus adoucissantes et protectrices.<br \/>\nCe\u00a0lait hydratant visage\u00a0et\u00a0corps\u00a0est\u00a0sans parfum, sans paraben, hypoallerg\u00e9nique et non-com\u00e9dog\u00e8ne, ce qui en fait un soin id\u00e9al au quotidien, \u00e9t\u00e9 comme hiver. Il p\u00e9n\u00e8tre rapidement, laissant la peau douce, souple et visiblement plus confortable, sans film gras.<br \/>\nId\u00e9al pour :<br \/>\nPeaux s\u00e8ches \u00e0 tr\u00e8s s\u00e8ches, d\u00e9shydrat\u00e9es, sensibles ou agress\u00e9es par le froid, les frottements ou les traitements dermatologiques.<br \/>\nConseils d&rsquo;utilisation<br \/>\nAppliquez matin et soir sur une peau propre et s\u00e8che.<br \/>\nUtilisable sur le\u00a0visage et le corps, en massant d\u00e9licatement jusqu\u2019\u00e0 absorption compl\u00e8te.<br \/>\nPour de meilleurs r\u00e9sultats, utilisez-le\u00a0apr\u00e8s la douche, sur une peau encore l\u00e9g\u00e8rement humide.<br \/>\n\u00c9vitez le contour des yeux.<br \/>\nComposition<br \/>\nAQUA\/WATER, GLYCERIN, CETEARYL ALCOHOL, PHENOXYETHANOL, STEARYL ALCOHOL, CETYL ALCOHOL, PEG-40 STEARATE, BEHENTRIMONIUM METHOSULFATE, GLYCERYL STEARATE, POLYSORBATE 20, ETHYLHEXYLGLYCERIN, POTASSIUM PHOSPHATE, DISODIUM EDTA, DIPOTASSIUM PHOSPHATE, SODIUM LAUROYL LACTYLATE, CERAMIDE NP, CERAMIDE AP, PHYTOSPHINGOSINE, CHOLESTEROL, SODIUM HYALURONATE, XANTHAN GUM, CARBOMER, TOCOPHEROL, CERAMIDE EOP<br \/>\nAjouter au Panier<br \/>\nAjouter au Panier<br \/>\nAjouter au Panier<br \/>\nAjouter au Panier<br \/>\nAjouter au Panier<br \/>\nAjouter au Panier<\/p>\n","protected":false},"excerpt":{"rendered":"<p>.elementor-218 .elementor-element.elementor-element-4dd014dd .elementor-tab-title, .elementor-218 .elementor-element.elementor-element-4dd014dd .elementor-tab-title:before, .elementor-218 .elementor-element.elementor-element-4dd014dd .elementor-tab-title:after, .elementor-218 .elementor-element.elementor-element-4dd014dd .elementor-tab-content, .elementor-218 .elementor-element.elementor-element-4dd014dd .elementor-tabs-content-wrapper{border-width:0.5px;}.elementor-218 .elementor-element.elementor-element-4dd014dd .elementor-tab-title{color:#000000;}.elementor-218 .elementor-element.elementor-element-4dd014dd .elementor-tab-title.elementor-active{color:#00a28d;}.elementor-218 .elementor-element.elementor-element-4dd014dd<\/p>\n","protected":false},"featured_media":11081,"comment_status":"open","ping_status":"closed","template":"","meta":[],"product_brand":[131],"product_cat":[534],"product_tag":[],"class_list":{"0":"post-28055","1":"product","2":"type-product","3":"status-publish","4":"has-post-thumbnail","6":"product_brand-cerave","7":"product_cat-cremes-nuit","9":"first","10":"instock","11":"sale","12":"shipping-taxable","13":"purchasable","14":"product-type-simple"},"yoast_head":"<!-- This site is optimized with the Yoast SEO plugin v26.6 - https:\/\/yoast.com\/wordpress\/plugins\/seo\/ -->\r\n<title>CERAVE LAIT HYDRATANT PEAUX SECHES A TRES SECHES 473 ML - Paracherkaoui.ma<\/title>\r\n<meta name=\"robots\" content=\"index, follow, max-snippet:-1, max-image-preview:large, max-video-preview:-1\" \/>\r\n<link rel=\"canonical\" href=\"https:\/\/paracherkaoui.ma\/index.php\/produit\/cerave-lait-hydratant-peaux-seches-a-tres-seches-473-ml-4\/\" \/>\r\n<meta property=\"og:locale\" content=\"fr_FR\" \/>\r\n<meta property=\"og:type\" content=\"article\" \/>\r\n<meta property=\"og:title\" content=\"CERAVE LAIT HYDRATANT PEAUX SECHES A TRES SECHES 473 ML - Paracherkaoui.ma\" \/>\r\n<meta property=\"og:description\" content=\".elementor-218 .elementor-element.elementor-element-4dd014dd .elementor-tab-title, .elementor-218 .elementor-element.elementor-element-4dd014dd .elementor-tab-title:before, .elementor-218 .elementor-element.elementor-element-4dd014dd .elementor-tab-title:after, .elementor-218 .elementor-element.elementor-element-4dd014dd .elementor-tab-content, .elementor-218 .elementor-element.elementor-element-4dd014dd .elementor-tabs-content-wrapper{border-width:0.5px;}.elementor-218 .elementor-element.elementor-element-4dd014dd .elementor-tab-title{color:#000000;}.elementor-218 .elementor-element.elementor-element-4dd014dd .elementor-tab-title.elementor-active{color:#00a28d;}.elementor-218 .elementor-element.elementor-element-4dd014dd\" \/>\r\n<meta property=\"og:url\" content=\"https:\/\/paracherkaoui.ma\/index.php\/produit\/cerave-lait-hydratant-peaux-seches-a-tres-seches-473-ml-4\/\" \/>\r\n<meta property=\"og:site_name\" content=\"Paracherkaoui.ma\" \/>\r\n<meta property=\"article:modified_time\" content=\"2025-12-12T17:28:06+00:00\" \/>\r\n<meta property=\"og:image\" content=\"https:\/\/paracherkaoui.ma\/wp-content\/uploads\/2025\/12\/cerave-cerave-lait-hydratant-peaux-seches-a-tres-seches-473-ml-cremes-jour.jpg\" \/>\r\n\t<meta property=\"og:image:width\" content=\"700\" \/>\r\n\t<meta property=\"og:image:height\" content=\"700\" \/>\r\n\t<meta property=\"og:image:type\" content=\"image\/jpeg\" \/>\r\n<meta name=\"twitter:card\" content=\"summary_large_image\" \/>\r\n<meta name=\"twitter:label1\" content=\"Dur\u00e9e de lecture estim\u00e9e\" \/>\n\t<meta name=\"twitter:data1\" content=\"4 minutes\" \/>\r\n<script type=\"application\/ld+json\" class=\"yoast-schema-graph\">{\"@context\":\"https:\/\/schema.org\",\"@graph\":[{\"@type\":\"WebPage\",\"@id\":\"https:\/\/paracherkaoui.ma\/index.php\/produit\/cerave-lait-hydratant-peaux-seches-a-tres-seches-473-ml-4\/\",\"url\":\"https:\/\/paracherkaoui.ma\/index.php\/produit\/cerave-lait-hydratant-peaux-seches-a-tres-seches-473-ml-4\/\",\"name\":\"CERAVE LAIT HYDRATANT PEAUX SECHES A TRES SECHES 473 ML - Paracherkaoui.ma\",\"isPartOf\":{\"@id\":\"https:\/\/paracherkaoui.ma\/#website\"},\"primaryImageOfPage\":{\"@id\":\"https:\/\/paracherkaoui.ma\/index.php\/produit\/cerave-lait-hydratant-peaux-seches-a-tres-seches-473-ml-4\/#primaryimage\"},\"image\":{\"@id\":\"https:\/\/paracherkaoui.ma\/index.php\/produit\/cerave-lait-hydratant-peaux-seches-a-tres-seches-473-ml-4\/#primaryimage\"},\"thumbnailUrl\":\"https:\/\/paracherkaoui.ma\/wp-content\/uploads\/2025\/12\/cerave-cerave-lait-hydratant-peaux-seches-a-tres-seches-473-ml-cremes-jour.jpg\",\"datePublished\":\"2025-12-12T17:28:02+00:00\",\"dateModified\":\"2025-12-12T17:28:06+00:00\",\"breadcrumb\":{\"@id\":\"https:\/\/paracherkaoui.ma\/index.php\/produit\/cerave-lait-hydratant-peaux-seches-a-tres-seches-473-ml-4\/#breadcrumb\"},\"inLanguage\":\"fr-FR\",\"potentialAction\":[{\"@type\":\"ReadAction\",\"target\":[\"https:\/\/paracherkaoui.ma\/index.php\/produit\/cerave-lait-hydratant-peaux-seches-a-tres-seches-473-ml-4\/\"]}]},{\"@type\":\"ImageObject\",\"inLanguage\":\"fr-FR\",\"@id\":\"https:\/\/paracherkaoui.ma\/index.php\/produit\/cerave-lait-hydratant-peaux-seches-a-tres-seches-473-ml-4\/#primaryimage\",\"url\":\"https:\/\/paracherkaoui.ma\/wp-content\/uploads\/2025\/12\/cerave-cerave-lait-hydratant-peaux-seches-a-tres-seches-473-ml-cremes-jour.jpg\",\"contentUrl\":\"https:\/\/paracherkaoui.ma\/wp-content\/uploads\/2025\/12\/cerave-cerave-lait-hydratant-peaux-seches-a-tres-seches-473-ml-cremes-jour.jpg\",\"width\":700,\"height\":700},{\"@type\":\"BreadcrumbList\",\"@id\":\"https:\/\/paracherkaoui.ma\/index.php\/produit\/cerave-lait-hydratant-peaux-seches-a-tres-seches-473-ml-4\/#breadcrumb\",\"itemListElement\":[{\"@type\":\"ListItem\",\"position\":1,\"name\":\"Accueil\",\"item\":\"https:\/\/paracherkaoui.ma\/\"},{\"@type\":\"ListItem\",\"position\":2,\"name\":\"Boutique\",\"item\":\"https:\/\/paracherkaoui.ma\/index.php\/boutique\/\"},{\"@type\":\"ListItem\",\"position\":3,\"name\":\"CERAVE LAIT HYDRATANT PEAUX SECHES A TRES SECHES 473 ML\"}]},{\"@type\":\"WebSite\",\"@id\":\"https:\/\/paracherkaoui.ma\/#website\",\"url\":\"https:\/\/paracherkaoui.ma\/\",\"name\":\"Paracherkaoui.ma\",\"description\":\"Achetez en ligne sur Paracherkaoui.ma\",\"potentialAction\":[{\"@type\":\"SearchAction\",\"target\":{\"@type\":\"EntryPoint\",\"urlTemplate\":\"https:\/\/paracherkaoui.ma\/?s={search_term_string}\"},\"query-input\":{\"@type\":\"PropertyValueSpecification\",\"valueRequired\":true,\"valueName\":\"search_term_string\"}}],\"inLanguage\":\"fr-FR\"}]}<\/script>\r\n<!-- \/ Yoast SEO plugin. -->","yoast_head_json":{"title":"CERAVE LAIT HYDRATANT PEAUX SECHES A TRES SECHES 473 ML - Paracherkaoui.ma","robots":{"index":"index","follow":"follow","max-snippet":"max-snippet:-1","max-image-preview":"max-image-preview:large","max-video-preview":"max-video-preview:-1"},"canonical":"https:\/\/paracherkaoui.ma\/index.php\/produit\/cerave-lait-hydratant-peaux-seches-a-tres-seches-473-ml-4\/","og_locale":"fr_FR","og_type":"article","og_title":"CERAVE LAIT HYDRATANT PEAUX SECHES A TRES SECHES 473 ML - Paracherkaoui.ma","og_description":".elementor-218 .elementor-element.elementor-element-4dd014dd .elementor-tab-title, .elementor-218 .elementor-element.elementor-element-4dd014dd .elementor-tab-title:before, .elementor-218 .elementor-element.elementor-element-4dd014dd .elementor-tab-title:after, .elementor-218 .elementor-element.elementor-element-4dd014dd .elementor-tab-content, .elementor-218 .elementor-element.elementor-element-4dd014dd .elementor-tabs-content-wrapper{border-width:0.5px;}.elementor-218 .elementor-element.elementor-element-4dd014dd .elementor-tab-title{color:#000000;}.elementor-218 .elementor-element.elementor-element-4dd014dd .elementor-tab-title.elementor-active{color:#00a28d;}.elementor-218 .elementor-element.elementor-element-4dd014dd","og_url":"https:\/\/paracherkaoui.ma\/index.php\/produit\/cerave-lait-hydratant-peaux-seches-a-tres-seches-473-ml-4\/","og_site_name":"Paracherkaoui.ma","article_modified_time":"2025-12-12T17:28:06+00:00","og_image":[{"width":700,"height":700,"url":"https:\/\/paracherkaoui.ma\/wp-content\/uploads\/2025\/12\/cerave-cerave-lait-hydratant-peaux-seches-a-tres-seches-473-ml-cremes-jour.jpg","type":"image\/jpeg"}],"twitter_card":"summary_large_image","twitter_misc":{"Dur\u00e9e de lecture estim\u00e9e":"4 minutes"},"schema":{"@context":"https:\/\/schema.org","@graph":[{"@type":"WebPage","@id":"https:\/\/paracherkaoui.ma\/index.php\/produit\/cerave-lait-hydratant-peaux-seches-a-tres-seches-473-ml-4\/","url":"https:\/\/paracherkaoui.ma\/index.php\/produit\/cerave-lait-hydratant-peaux-seches-a-tres-seches-473-ml-4\/","name":"CERAVE LAIT HYDRATANT PEAUX SECHES A TRES SECHES 473 ML - Paracherkaoui.ma","isPartOf":{"@id":"https:\/\/paracherkaoui.ma\/#website"},"primaryImageOfPage":{"@id":"https:\/\/paracherkaoui.ma\/index.php\/produit\/cerave-lait-hydratant-peaux-seches-a-tres-seches-473-ml-4\/#primaryimage"},"image":{"@id":"https:\/\/paracherkaoui.ma\/index.php\/produit\/cerave-lait-hydratant-peaux-seches-a-tres-seches-473-ml-4\/#primaryimage"},"thumbnailUrl":"https:\/\/paracherkaoui.ma\/wp-content\/uploads\/2025\/12\/cerave-cerave-lait-hydratant-peaux-seches-a-tres-seches-473-ml-cremes-jour.jpg","datePublished":"2025-12-12T17:28:02+00:00","dateModified":"2025-12-12T17:28:06+00:00","breadcrumb":{"@id":"https:\/\/paracherkaoui.ma\/index.php\/produit\/cerave-lait-hydratant-peaux-seches-a-tres-seches-473-ml-4\/#breadcrumb"},"inLanguage":"fr-FR","potentialAction":[{"@type":"ReadAction","target":["https:\/\/paracherkaoui.ma\/index.php\/produit\/cerave-lait-hydratant-peaux-seches-a-tres-seches-473-ml-4\/"]}]},{"@type":"ImageObject","inLanguage":"fr-FR","@id":"https:\/\/paracherkaoui.ma\/index.php\/produit\/cerave-lait-hydratant-peaux-seches-a-tres-seches-473-ml-4\/#primaryimage","url":"https:\/\/paracherkaoui.ma\/wp-content\/uploads\/2025\/12\/cerave-cerave-lait-hydratant-peaux-seches-a-tres-seches-473-ml-cremes-jour.jpg","contentUrl":"https:\/\/paracherkaoui.ma\/wp-content\/uploads\/2025\/12\/cerave-cerave-lait-hydratant-peaux-seches-a-tres-seches-473-ml-cremes-jour.jpg","width":700,"height":700},{"@type":"BreadcrumbList","@id":"https:\/\/paracherkaoui.ma\/index.php\/produit\/cerave-lait-hydratant-peaux-seches-a-tres-seches-473-ml-4\/#breadcrumb","itemListElement":[{"@type":"ListItem","position":1,"name":"Accueil","item":"https:\/\/paracherkaoui.ma\/"},{"@type":"ListItem","position":2,"name":"Boutique","item":"https:\/\/paracherkaoui.ma\/index.php\/boutique\/"},{"@type":"ListItem","position":3,"name":"CERAVE LAIT HYDRATANT PEAUX SECHES A TRES SECHES 473 ML"}]},{"@type":"WebSite","@id":"https:\/\/paracherkaoui.ma\/#website","url":"https:\/\/paracherkaoui.ma\/","name":"Paracherkaoui.ma","description":"Achetez en ligne sur Paracherkaoui.ma","potentialAction":[{"@type":"SearchAction","target":{"@type":"EntryPoint","urlTemplate":"https:\/\/paracherkaoui.ma\/?s={search_term_string}"},"query-input":{"@type":"PropertyValueSpecification","valueRequired":true,"valueName":"search_term_string"}}],"inLanguage":"fr-FR"}]}},"_links":{"self":[{"href":"https:\/\/paracherkaoui.ma\/index.php\/wp-json\/wp\/v2\/product\/28055","targetHints":{"allow":["GET"]}}],"collection":[{"href":"https:\/\/paracherkaoui.ma\/index.php\/wp-json\/wp\/v2\/product"}],"about":[{"href":"https:\/\/paracherkaoui.ma\/index.php\/wp-json\/wp\/v2\/types\/product"}],"replies":[{"embeddable":true,"href":"https:\/\/paracherkaoui.ma\/index.php\/wp-json\/wp\/v2\/comments?post=28055"}],"version-history":[{"count":1,"href":"https:\/\/paracherkaoui.ma\/index.php\/wp-json\/wp\/v2\/product\/28055\/revisions"}],"predecessor-version":[{"id":28096,"href":"https:\/\/paracherkaoui.ma\/index.php\/wp-json\/wp\/v2\/product\/28055\/revisions\/28096"}],"wp:featuredmedia":[{"embeddable":true,"href":"https:\/\/paracherkaoui.ma\/index.php\/wp-json\/wp\/v2\/media\/11081"}],"wp:attachment":[{"href":"https:\/\/paracherkaoui.ma\/index.php\/wp-json\/wp\/v2\/media?parent=28055"}],"wp:term":[{"taxonomy":"product_brand","embeddable":true,"href":"https:\/\/paracherkaoui.ma\/index.php\/wp-json\/wp\/v2\/product_brand?post=28055"},{"taxonomy":"product_cat","embeddable":true,"href":"https:\/\/paracherkaoui.ma\/index.php\/wp-json\/wp\/v2\/product_cat?post=28055"},{"taxonomy":"product_tag","embeddable":true,"href":"https:\/\/paracherkaoui.ma\/index.php\/wp-json\/wp\/v2\/product_tag?post=28055"}],"curies":[{"name":"wp","href":"https:\/\/api.w.org\/{rel}","templated":true}]}}