{"id":28051,"date":"2025-12-12T18:28:02","date_gmt":"2025-12-12T17:28:02","guid":{"rendered":"https:\/\/test.ecbeaute.com\/?post_type=product&#038;p=28051"},"modified":"2025-12-12T18:28:06","modified_gmt":"2025-12-12T17:28:06","slug":"la-roche-posay-toleriane-sensitive-soin-hydratant-apaisant-40ml-4","status":"publish","type":"product","link":"https:\/\/paracherkaoui.ma\/index.php\/produit\/la-roche-posay-toleriane-sensitive-soin-hydratant-apaisant-40ml-4\/","title":{"rendered":"LA ROCHE POSAY TOLERIANE SENSITIVE SOIN HYDRATANT APAISANT 40ML"},"content":{"rendered":"<p>Sa formule minimaliste et ultra-s\u00e9curitaire associe des actifs rigoureusement s\u00e9lectionn\u00e9s :<br \/>\nGlyc\u00e9rine pour une hydratation durable,<br \/>\nBeurre de Karit\u00e9 aux vertus r\u00e9paratrices,<br \/>\nVitamine B3 (Niacinamide) pour apaiser en profondeur,<br \/>\net Eau Thermale La Roche-Posay reconnue pour ses propri\u00e9t\u00e9s anti-irritantes.<br \/>\nCe soin respecte l\u2019\u00e9quilibre naturel de la barri\u00e8re microbiotique de la peau, essentielle pour la prot\u00e9ger des agressions ext\u00e9rieures. La texture cr\u00e8me onctueuse p\u00e9n\u00e8tre rapidement sans laisser de film gras, pour un confort imm\u00e9diat.<br \/>\nTest\u00e9e sous contr\u00f4le dermatologique et ophtalmologique, sans parfum, sans alcool, sans conservateur, cette cr\u00e8me est non com\u00e9dog\u00e8ne et adapt\u00e9e \u00e0 toute la famille.<br \/>\nR\u00e9sultats cliniques prouv\u00e9s apr\u00e8s 4 semaines :<br \/>\n68 % de r\u00e9duction des picotements,<br \/>\n55 % de r\u00e9duction de la s\u00e9cheresse,<br \/>\n76 % de r\u00e9duction des tiraillements et d\u00e9mangeaisons,<br \/>\n89 % de r\u00e9duction des fourmillements.<br \/>\nConseils d&rsquo;utilisation<br \/>\nAppliquer matin et soir, sur le visage et le cou, pr\u00e9alablement nettoy\u00e9s. Convient aussi \u00e0 la peau d\u00e9licate des b\u00e9b\u00e9s. Id\u00e9al comme base de maquillage.<br \/>\nComposition<br \/>\nAQUA \/ WATER, GLYCERIN, SQUALANE, DIMETHICONE, ZEA MAYS STARCH \/ CORN STARCH, NIACINAMIDE, AMMONIUM POLYACRYLOYLDIMETHYL TAURATE, MYRISTYL MYRISTATE, STEARIC ACID, CERAMIDE NP, POTASSIUM CETYL PHOSPHATE, GLYCERYL STEARATE SE, SODIUM HYDROXIDE, MYRISTIC ACID, PALMITIC ACID, CAPRYLOYL GLYCINE, CAPRYLYL GLYCOL, XANTHAN GUM<\/p>\n","protected":false},"excerpt":{"rendered":"<p>Sa formule minimaliste et ultra-s\u00e9curitaire associe des actifs rigoureusement s\u00e9lectionn\u00e9s : Glyc\u00e9rine pour une hydratation durable, Beurre de Karit\u00e9 aux<\/p>\n","protected":false},"featured_media":11568,"comment_status":"open","ping_status":"closed","template":"","meta":[],"product_brand":[132],"product_cat":[534],"product_tag":[],"class_list":{"0":"post-28051","1":"product","2":"type-product","3":"status-publish","4":"has-post-thumbnail","6":"product_brand-la-roche-posay","7":"product_cat-cremes-nuit","9":"first","10":"instock","11":"sale","12":"shipping-taxable","13":"purchasable","14":"product-type-simple"},"yoast_head":"<!-- This site is optimized with the Yoast SEO plugin v26.6 - https:\/\/yoast.com\/wordpress\/plugins\/seo\/ -->\r\n<title>LA ROCHE POSAY TOLERIANE SENSITIVE SOIN HYDRATANT APAISANT 40ML - Paracherkaoui.ma<\/title>\r\n<meta name=\"robots\" content=\"index, follow, max-snippet:-1, max-image-preview:large, max-video-preview:-1\" \/>\r\n<link rel=\"canonical\" href=\"https:\/\/paracherkaoui.ma\/index.php\/produit\/la-roche-posay-toleriane-sensitive-soin-hydratant-apaisant-40ml-4\/\" \/>\r\n<meta property=\"og:locale\" content=\"fr_FR\" \/>\r\n<meta property=\"og:type\" content=\"article\" \/>\r\n<meta property=\"og:title\" content=\"LA ROCHE POSAY TOLERIANE SENSITIVE SOIN HYDRATANT APAISANT 40ML - Paracherkaoui.ma\" \/>\r\n<meta property=\"og:description\" content=\"Sa formule minimaliste et ultra-s\u00e9curitaire associe des actifs rigoureusement s\u00e9lectionn\u00e9s : Glyc\u00e9rine pour une hydratation durable, Beurre de Karit\u00e9 aux\" \/>\r\n<meta property=\"og:url\" content=\"https:\/\/paracherkaoui.ma\/index.php\/produit\/la-roche-posay-toleriane-sensitive-soin-hydratant-apaisant-40ml-4\/\" \/>\r\n<meta property=\"og:site_name\" content=\"Paracherkaoui.ma\" \/>\r\n<meta property=\"article:modified_time\" content=\"2025-12-12T17:28:06+00:00\" \/>\r\n<meta property=\"og:image\" content=\"https:\/\/paracherkaoui.ma\/wp-content\/uploads\/2025\/12\/la-roche-posay-la-roche-posay-toleriane-sensitive-soin-hydratant-apaisant-40ml-cremes-jour.jpg\" \/>\r\n\t<meta property=\"og:image:width\" content=\"700\" \/>\r\n\t<meta property=\"og:image:height\" content=\"700\" \/>\r\n\t<meta property=\"og:image:type\" content=\"image\/jpeg\" \/>\r\n<meta name=\"twitter:card\" content=\"summary_large_image\" \/>\r\n<meta name=\"twitter:label1\" content=\"Dur\u00e9e de lecture estim\u00e9e\" \/>\n\t<meta name=\"twitter:data1\" content=\"1 minute\" \/>\r\n<script type=\"application\/ld+json\" class=\"yoast-schema-graph\">{\"@context\":\"https:\/\/schema.org\",\"@graph\":[{\"@type\":\"WebPage\",\"@id\":\"https:\/\/paracherkaoui.ma\/index.php\/produit\/la-roche-posay-toleriane-sensitive-soin-hydratant-apaisant-40ml-4\/\",\"url\":\"https:\/\/paracherkaoui.ma\/index.php\/produit\/la-roche-posay-toleriane-sensitive-soin-hydratant-apaisant-40ml-4\/\",\"name\":\"LA ROCHE POSAY TOLERIANE SENSITIVE SOIN HYDRATANT APAISANT 40ML - Paracherkaoui.ma\",\"isPartOf\":{\"@id\":\"https:\/\/paracherkaoui.ma\/#website\"},\"primaryImageOfPage\":{\"@id\":\"https:\/\/paracherkaoui.ma\/index.php\/produit\/la-roche-posay-toleriane-sensitive-soin-hydratant-apaisant-40ml-4\/#primaryimage\"},\"image\":{\"@id\":\"https:\/\/paracherkaoui.ma\/index.php\/produit\/la-roche-posay-toleriane-sensitive-soin-hydratant-apaisant-40ml-4\/#primaryimage\"},\"thumbnailUrl\":\"https:\/\/paracherkaoui.ma\/wp-content\/uploads\/2025\/12\/la-roche-posay-la-roche-posay-toleriane-sensitive-soin-hydratant-apaisant-40ml-cremes-jour.jpg\",\"datePublished\":\"2025-12-12T17:28:02+00:00\",\"dateModified\":\"2025-12-12T17:28:06+00:00\",\"breadcrumb\":{\"@id\":\"https:\/\/paracherkaoui.ma\/index.php\/produit\/la-roche-posay-toleriane-sensitive-soin-hydratant-apaisant-40ml-4\/#breadcrumb\"},\"inLanguage\":\"fr-FR\",\"potentialAction\":[{\"@type\":\"ReadAction\",\"target\":[\"https:\/\/paracherkaoui.ma\/index.php\/produit\/la-roche-posay-toleriane-sensitive-soin-hydratant-apaisant-40ml-4\/\"]}]},{\"@type\":\"ImageObject\",\"inLanguage\":\"fr-FR\",\"@id\":\"https:\/\/paracherkaoui.ma\/index.php\/produit\/la-roche-posay-toleriane-sensitive-soin-hydratant-apaisant-40ml-4\/#primaryimage\",\"url\":\"https:\/\/paracherkaoui.ma\/wp-content\/uploads\/2025\/12\/la-roche-posay-la-roche-posay-toleriane-sensitive-soin-hydratant-apaisant-40ml-cremes-jour.jpg\",\"contentUrl\":\"https:\/\/paracherkaoui.ma\/wp-content\/uploads\/2025\/12\/la-roche-posay-la-roche-posay-toleriane-sensitive-soin-hydratant-apaisant-40ml-cremes-jour.jpg\",\"width\":700,\"height\":700},{\"@type\":\"BreadcrumbList\",\"@id\":\"https:\/\/paracherkaoui.ma\/index.php\/produit\/la-roche-posay-toleriane-sensitive-soin-hydratant-apaisant-40ml-4\/#breadcrumb\",\"itemListElement\":[{\"@type\":\"ListItem\",\"position\":1,\"name\":\"Accueil\",\"item\":\"https:\/\/paracherkaoui.ma\/\"},{\"@type\":\"ListItem\",\"position\":2,\"name\":\"Boutique\",\"item\":\"https:\/\/paracherkaoui.ma\/index.php\/boutique\/\"},{\"@type\":\"ListItem\",\"position\":3,\"name\":\"LA ROCHE POSAY TOLERIANE SENSITIVE SOIN HYDRATANT APAISANT 40ML\"}]},{\"@type\":\"WebSite\",\"@id\":\"https:\/\/paracherkaoui.ma\/#website\",\"url\":\"https:\/\/paracherkaoui.ma\/\",\"name\":\"Paracherkaoui.ma\",\"description\":\"Achetez en ligne sur Paracherkaoui.ma\",\"potentialAction\":[{\"@type\":\"SearchAction\",\"target\":{\"@type\":\"EntryPoint\",\"urlTemplate\":\"https:\/\/paracherkaoui.ma\/?s={search_term_string}\"},\"query-input\":{\"@type\":\"PropertyValueSpecification\",\"valueRequired\":true,\"valueName\":\"search_term_string\"}}],\"inLanguage\":\"fr-FR\"}]}<\/script>\r\n<!-- \/ Yoast SEO plugin. -->","yoast_head_json":{"title":"LA ROCHE POSAY TOLERIANE SENSITIVE SOIN HYDRATANT APAISANT 40ML - Paracherkaoui.ma","robots":{"index":"index","follow":"follow","max-snippet":"max-snippet:-1","max-image-preview":"max-image-preview:large","max-video-preview":"max-video-preview:-1"},"canonical":"https:\/\/paracherkaoui.ma\/index.php\/produit\/la-roche-posay-toleriane-sensitive-soin-hydratant-apaisant-40ml-4\/","og_locale":"fr_FR","og_type":"article","og_title":"LA ROCHE POSAY TOLERIANE SENSITIVE SOIN HYDRATANT APAISANT 40ML - Paracherkaoui.ma","og_description":"Sa formule minimaliste et ultra-s\u00e9curitaire associe des actifs rigoureusement s\u00e9lectionn\u00e9s : Glyc\u00e9rine pour une hydratation durable, Beurre de Karit\u00e9 aux","og_url":"https:\/\/paracherkaoui.ma\/index.php\/produit\/la-roche-posay-toleriane-sensitive-soin-hydratant-apaisant-40ml-4\/","og_site_name":"Paracherkaoui.ma","article_modified_time":"2025-12-12T17:28:06+00:00","og_image":[{"width":700,"height":700,"url":"https:\/\/paracherkaoui.ma\/wp-content\/uploads\/2025\/12\/la-roche-posay-la-roche-posay-toleriane-sensitive-soin-hydratant-apaisant-40ml-cremes-jour.jpg","type":"image\/jpeg"}],"twitter_card":"summary_large_image","twitter_misc":{"Dur\u00e9e de lecture estim\u00e9e":"1 minute"},"schema":{"@context":"https:\/\/schema.org","@graph":[{"@type":"WebPage","@id":"https:\/\/paracherkaoui.ma\/index.php\/produit\/la-roche-posay-toleriane-sensitive-soin-hydratant-apaisant-40ml-4\/","url":"https:\/\/paracherkaoui.ma\/index.php\/produit\/la-roche-posay-toleriane-sensitive-soin-hydratant-apaisant-40ml-4\/","name":"LA ROCHE POSAY TOLERIANE SENSITIVE SOIN HYDRATANT APAISANT 40ML - Paracherkaoui.ma","isPartOf":{"@id":"https:\/\/paracherkaoui.ma\/#website"},"primaryImageOfPage":{"@id":"https:\/\/paracherkaoui.ma\/index.php\/produit\/la-roche-posay-toleriane-sensitive-soin-hydratant-apaisant-40ml-4\/#primaryimage"},"image":{"@id":"https:\/\/paracherkaoui.ma\/index.php\/produit\/la-roche-posay-toleriane-sensitive-soin-hydratant-apaisant-40ml-4\/#primaryimage"},"thumbnailUrl":"https:\/\/paracherkaoui.ma\/wp-content\/uploads\/2025\/12\/la-roche-posay-la-roche-posay-toleriane-sensitive-soin-hydratant-apaisant-40ml-cremes-jour.jpg","datePublished":"2025-12-12T17:28:02+00:00","dateModified":"2025-12-12T17:28:06+00:00","breadcrumb":{"@id":"https:\/\/paracherkaoui.ma\/index.php\/produit\/la-roche-posay-toleriane-sensitive-soin-hydratant-apaisant-40ml-4\/#breadcrumb"},"inLanguage":"fr-FR","potentialAction":[{"@type":"ReadAction","target":["https:\/\/paracherkaoui.ma\/index.php\/produit\/la-roche-posay-toleriane-sensitive-soin-hydratant-apaisant-40ml-4\/"]}]},{"@type":"ImageObject","inLanguage":"fr-FR","@id":"https:\/\/paracherkaoui.ma\/index.php\/produit\/la-roche-posay-toleriane-sensitive-soin-hydratant-apaisant-40ml-4\/#primaryimage","url":"https:\/\/paracherkaoui.ma\/wp-content\/uploads\/2025\/12\/la-roche-posay-la-roche-posay-toleriane-sensitive-soin-hydratant-apaisant-40ml-cremes-jour.jpg","contentUrl":"https:\/\/paracherkaoui.ma\/wp-content\/uploads\/2025\/12\/la-roche-posay-la-roche-posay-toleriane-sensitive-soin-hydratant-apaisant-40ml-cremes-jour.jpg","width":700,"height":700},{"@type":"BreadcrumbList","@id":"https:\/\/paracherkaoui.ma\/index.php\/produit\/la-roche-posay-toleriane-sensitive-soin-hydratant-apaisant-40ml-4\/#breadcrumb","itemListElement":[{"@type":"ListItem","position":1,"name":"Accueil","item":"https:\/\/paracherkaoui.ma\/"},{"@type":"ListItem","position":2,"name":"Boutique","item":"https:\/\/paracherkaoui.ma\/index.php\/boutique\/"},{"@type":"ListItem","position":3,"name":"LA ROCHE POSAY TOLERIANE SENSITIVE SOIN HYDRATANT APAISANT 40ML"}]},{"@type":"WebSite","@id":"https:\/\/paracherkaoui.ma\/#website","url":"https:\/\/paracherkaoui.ma\/","name":"Paracherkaoui.ma","description":"Achetez en ligne sur Paracherkaoui.ma","potentialAction":[{"@type":"SearchAction","target":{"@type":"EntryPoint","urlTemplate":"https:\/\/paracherkaoui.ma\/?s={search_term_string}"},"query-input":{"@type":"PropertyValueSpecification","valueRequired":true,"valueName":"search_term_string"}}],"inLanguage":"fr-FR"}]}},"_links":{"self":[{"href":"https:\/\/paracherkaoui.ma\/index.php\/wp-json\/wp\/v2\/product\/28051","targetHints":{"allow":["GET"]}}],"collection":[{"href":"https:\/\/paracherkaoui.ma\/index.php\/wp-json\/wp\/v2\/product"}],"about":[{"href":"https:\/\/paracherkaoui.ma\/index.php\/wp-json\/wp\/v2\/types\/product"}],"replies":[{"embeddable":true,"href":"https:\/\/paracherkaoui.ma\/index.php\/wp-json\/wp\/v2\/comments?post=28051"}],"version-history":[{"count":1,"href":"https:\/\/paracherkaoui.ma\/index.php\/wp-json\/wp\/v2\/product\/28051\/revisions"}],"predecessor-version":[{"id":28092,"href":"https:\/\/paracherkaoui.ma\/index.php\/wp-json\/wp\/v2\/product\/28051\/revisions\/28092"}],"wp:featuredmedia":[{"embeddable":true,"href":"https:\/\/paracherkaoui.ma\/index.php\/wp-json\/wp\/v2\/media\/11568"}],"wp:attachment":[{"href":"https:\/\/paracherkaoui.ma\/index.php\/wp-json\/wp\/v2\/media?parent=28051"}],"wp:term":[{"taxonomy":"product_brand","embeddable":true,"href":"https:\/\/paracherkaoui.ma\/index.php\/wp-json\/wp\/v2\/product_brand?post=28051"},{"taxonomy":"product_cat","embeddable":true,"href":"https:\/\/paracherkaoui.ma\/index.php\/wp-json\/wp\/v2\/product_cat?post=28051"},{"taxonomy":"product_tag","embeddable":true,"href":"https:\/\/paracherkaoui.ma\/index.php\/wp-json\/wp\/v2\/product_tag?post=28051"}],"curies":[{"name":"wp","href":"https:\/\/api.w.org\/{rel}","templated":true}]}}