{"id":28030,"date":"2025-12-12T18:28:00","date_gmt":"2025-12-12T17:28:00","guid":{"rendered":"https:\/\/test.ecbeaute.com\/?post_type=product&#038;p=28030"},"modified":"2025-12-12T18:28:03","modified_gmt":"2025-12-12T17:28:03","slug":"inoderm-creme-anti-taches-brunes-eclaircissante-50-ml-2","status":"publish","type":"product","link":"https:\/\/paracherkaoui.ma\/index.php\/produit\/inoderm-creme-anti-taches-brunes-eclaircissante-50-ml-2\/","title":{"rendered":"INODERM CR\u00c8ME ANTI TACHES BRUNES ECLAIRCISSANTE 50 ML"},"content":{"rendered":"<p>La cr\u00e8me anti taches brunes \u00e9claircissante, visage,d\u00e9collet\u00e9 et mains est enrichis en aloe vera et glc\u00e9rine actifs hydrataants et protecteurs d&rsquo;origine v\u00e9g\u00e9tale.<br \/>\nCette cr\u00e8me \u00e0 l&rsquo;hydroquinone a \u00e9t\u00e9 con\u00e7ue pour eclair\u00e7ir , unifier et illuminer le teint.<br \/>\nFavorise la disparition des taches\u00a0 brunes et pr\u00e8vient leur apparition tout en respectant la peau.<br \/>\nCONSEILS D&rsquo;UTILISATION :<br \/>\nApppliquer une fois par jour, de pr\u00e9f\u00e9rence la nuit sur une peau parfaitement propre.<br \/>\nBien se laver les mains apr\u00e8s utilisation.<br \/>\nNe pas s&rsquo;exposer au soleil\u00a0 durant le traitement.<br \/>\nNe pas s&rsquo;exposer au soleil durant le traitement.<br \/>\nA ne pas appliquer sur les plaies ouvertes, ni sur les muqueuses et \u00e9viter le contact avec les yeux et les l\u00e9vres<\/p>\n","protected":false},"excerpt":{"rendered":"<p>La cr\u00e8me anti taches brunes \u00e9claircissante, visage,d\u00e9collet\u00e9 et mains est enrichis en aloe vera et glc\u00e9rine actifs hydrataants et protecteurs<\/p>\n","protected":false},"featured_media":26131,"comment_status":"open","ping_status":"closed","template":"","meta":[],"product_brand":[514],"product_cat":[525],"product_tag":[],"class_list":{"0":"post-28030","1":"product","2":"type-product","3":"status-publish","4":"has-post-thumbnail","6":"product_brand-inoderm","7":"product_cat-cremes-jour","9":"first","10":"instock","11":"sale","12":"shipping-taxable","13":"purchasable","14":"product-type-simple"},"yoast_head":"<!-- This site is optimized with the Yoast SEO plugin v26.6 - https:\/\/yoast.com\/wordpress\/plugins\/seo\/ -->\r\n<title>INODERM CR\u00c8ME ANTI TACHES BRUNES ECLAIRCISSANTE 50 ML - Paracherkaoui.ma<\/title>\r\n<meta name=\"robots\" content=\"index, follow, max-snippet:-1, max-image-preview:large, max-video-preview:-1\" \/>\r\n<link rel=\"canonical\" href=\"https:\/\/paracherkaoui.ma\/index.php\/produit\/inoderm-creme-anti-taches-brunes-eclaircissante-50-ml-2\/\" \/>\r\n<meta property=\"og:locale\" content=\"fr_FR\" \/>\r\n<meta property=\"og:type\" content=\"article\" \/>\r\n<meta property=\"og:title\" content=\"INODERM CR\u00c8ME ANTI TACHES BRUNES ECLAIRCISSANTE 50 ML - Paracherkaoui.ma\" \/>\r\n<meta property=\"og:description\" content=\"La cr\u00e8me anti taches brunes \u00e9claircissante, visage,d\u00e9collet\u00e9 et mains est enrichis en aloe vera et glc\u00e9rine actifs hydrataants et protecteurs\" \/>\r\n<meta property=\"og:url\" content=\"https:\/\/paracherkaoui.ma\/index.php\/produit\/inoderm-creme-anti-taches-brunes-eclaircissante-50-ml-2\/\" \/>\r\n<meta property=\"og:site_name\" content=\"Paracherkaoui.ma\" \/>\r\n<meta property=\"article:modified_time\" content=\"2025-12-12T17:28:03+00:00\" \/>\r\n<meta property=\"og:image\" content=\"https:\/\/paracherkaoui.ma\/wp-content\/uploads\/2025\/12\/inoderm-inoderm-creme-anti-taches-brunes-eclaircissante-50-ml-cremes-depigmentantes.jpg\" \/>\r\n\t<meta property=\"og:image:width\" content=\"700\" \/>\r\n\t<meta property=\"og:image:height\" content=\"700\" \/>\r\n\t<meta property=\"og:image:type\" content=\"image\/jpeg\" \/>\r\n<meta name=\"twitter:card\" content=\"summary_large_image\" \/>\r\n<meta name=\"twitter:label1\" content=\"Dur\u00e9e de lecture estim\u00e9e\" \/>\n\t<meta name=\"twitter:data1\" content=\"1 minute\" \/>\r\n<script type=\"application\/ld+json\" class=\"yoast-schema-graph\">{\"@context\":\"https:\/\/schema.org\",\"@graph\":[{\"@type\":\"WebPage\",\"@id\":\"https:\/\/paracherkaoui.ma\/index.php\/produit\/inoderm-creme-anti-taches-brunes-eclaircissante-50-ml-2\/\",\"url\":\"https:\/\/paracherkaoui.ma\/index.php\/produit\/inoderm-creme-anti-taches-brunes-eclaircissante-50-ml-2\/\",\"name\":\"INODERM CR\u00c8ME ANTI TACHES BRUNES ECLAIRCISSANTE 50 ML - Paracherkaoui.ma\",\"isPartOf\":{\"@id\":\"https:\/\/paracherkaoui.ma\/#website\"},\"primaryImageOfPage\":{\"@id\":\"https:\/\/paracherkaoui.ma\/index.php\/produit\/inoderm-creme-anti-taches-brunes-eclaircissante-50-ml-2\/#primaryimage\"},\"image\":{\"@id\":\"https:\/\/paracherkaoui.ma\/index.php\/produit\/inoderm-creme-anti-taches-brunes-eclaircissante-50-ml-2\/#primaryimage\"},\"thumbnailUrl\":\"https:\/\/paracherkaoui.ma\/wp-content\/uploads\/2025\/12\/inoderm-inoderm-creme-anti-taches-brunes-eclaircissante-50-ml-cremes-depigmentantes.jpg\",\"datePublished\":\"2025-12-12T17:28:00+00:00\",\"dateModified\":\"2025-12-12T17:28:03+00:00\",\"breadcrumb\":{\"@id\":\"https:\/\/paracherkaoui.ma\/index.php\/produit\/inoderm-creme-anti-taches-brunes-eclaircissante-50-ml-2\/#breadcrumb\"},\"inLanguage\":\"fr-FR\",\"potentialAction\":[{\"@type\":\"ReadAction\",\"target\":[\"https:\/\/paracherkaoui.ma\/index.php\/produit\/inoderm-creme-anti-taches-brunes-eclaircissante-50-ml-2\/\"]}]},{\"@type\":\"ImageObject\",\"inLanguage\":\"fr-FR\",\"@id\":\"https:\/\/paracherkaoui.ma\/index.php\/produit\/inoderm-creme-anti-taches-brunes-eclaircissante-50-ml-2\/#primaryimage\",\"url\":\"https:\/\/paracherkaoui.ma\/wp-content\/uploads\/2025\/12\/inoderm-inoderm-creme-anti-taches-brunes-eclaircissante-50-ml-cremes-depigmentantes.jpg\",\"contentUrl\":\"https:\/\/paracherkaoui.ma\/wp-content\/uploads\/2025\/12\/inoderm-inoderm-creme-anti-taches-brunes-eclaircissante-50-ml-cremes-depigmentantes.jpg\",\"width\":700,\"height\":700},{\"@type\":\"BreadcrumbList\",\"@id\":\"https:\/\/paracherkaoui.ma\/index.php\/produit\/inoderm-creme-anti-taches-brunes-eclaircissante-50-ml-2\/#breadcrumb\",\"itemListElement\":[{\"@type\":\"ListItem\",\"position\":1,\"name\":\"Accueil\",\"item\":\"https:\/\/paracherkaoui.ma\/\"},{\"@type\":\"ListItem\",\"position\":2,\"name\":\"Boutique\",\"item\":\"https:\/\/paracherkaoui.ma\/index.php\/boutique\/\"},{\"@type\":\"ListItem\",\"position\":3,\"name\":\"INODERM CR\u00c8ME ANTI TACHES BRUNES ECLAIRCISSANTE 50 ML\"}]},{\"@type\":\"WebSite\",\"@id\":\"https:\/\/paracherkaoui.ma\/#website\",\"url\":\"https:\/\/paracherkaoui.ma\/\",\"name\":\"Paracherkaoui.ma\",\"description\":\"Achetez en ligne sur Paracherkaoui.ma\",\"potentialAction\":[{\"@type\":\"SearchAction\",\"target\":{\"@type\":\"EntryPoint\",\"urlTemplate\":\"https:\/\/paracherkaoui.ma\/?s={search_term_string}\"},\"query-input\":{\"@type\":\"PropertyValueSpecification\",\"valueRequired\":true,\"valueName\":\"search_term_string\"}}],\"inLanguage\":\"fr-FR\"}]}<\/script>\r\n<!-- \/ Yoast SEO plugin. -->","yoast_head_json":{"title":"INODERM CR\u00c8ME ANTI TACHES BRUNES ECLAIRCISSANTE 50 ML - Paracherkaoui.ma","robots":{"index":"index","follow":"follow","max-snippet":"max-snippet:-1","max-image-preview":"max-image-preview:large","max-video-preview":"max-video-preview:-1"},"canonical":"https:\/\/paracherkaoui.ma\/index.php\/produit\/inoderm-creme-anti-taches-brunes-eclaircissante-50-ml-2\/","og_locale":"fr_FR","og_type":"article","og_title":"INODERM CR\u00c8ME ANTI TACHES BRUNES ECLAIRCISSANTE 50 ML - Paracherkaoui.ma","og_description":"La cr\u00e8me anti taches brunes \u00e9claircissante, visage,d\u00e9collet\u00e9 et mains est enrichis en aloe vera et glc\u00e9rine actifs hydrataants et protecteurs","og_url":"https:\/\/paracherkaoui.ma\/index.php\/produit\/inoderm-creme-anti-taches-brunes-eclaircissante-50-ml-2\/","og_site_name":"Paracherkaoui.ma","article_modified_time":"2025-12-12T17:28:03+00:00","og_image":[{"width":700,"height":700,"url":"https:\/\/paracherkaoui.ma\/wp-content\/uploads\/2025\/12\/inoderm-inoderm-creme-anti-taches-brunes-eclaircissante-50-ml-cremes-depigmentantes.jpg","type":"image\/jpeg"}],"twitter_card":"summary_large_image","twitter_misc":{"Dur\u00e9e de lecture estim\u00e9e":"1 minute"},"schema":{"@context":"https:\/\/schema.org","@graph":[{"@type":"WebPage","@id":"https:\/\/paracherkaoui.ma\/index.php\/produit\/inoderm-creme-anti-taches-brunes-eclaircissante-50-ml-2\/","url":"https:\/\/paracherkaoui.ma\/index.php\/produit\/inoderm-creme-anti-taches-brunes-eclaircissante-50-ml-2\/","name":"INODERM CR\u00c8ME ANTI TACHES BRUNES ECLAIRCISSANTE 50 ML - Paracherkaoui.ma","isPartOf":{"@id":"https:\/\/paracherkaoui.ma\/#website"},"primaryImageOfPage":{"@id":"https:\/\/paracherkaoui.ma\/index.php\/produit\/inoderm-creme-anti-taches-brunes-eclaircissante-50-ml-2\/#primaryimage"},"image":{"@id":"https:\/\/paracherkaoui.ma\/index.php\/produit\/inoderm-creme-anti-taches-brunes-eclaircissante-50-ml-2\/#primaryimage"},"thumbnailUrl":"https:\/\/paracherkaoui.ma\/wp-content\/uploads\/2025\/12\/inoderm-inoderm-creme-anti-taches-brunes-eclaircissante-50-ml-cremes-depigmentantes.jpg","datePublished":"2025-12-12T17:28:00+00:00","dateModified":"2025-12-12T17:28:03+00:00","breadcrumb":{"@id":"https:\/\/paracherkaoui.ma\/index.php\/produit\/inoderm-creme-anti-taches-brunes-eclaircissante-50-ml-2\/#breadcrumb"},"inLanguage":"fr-FR","potentialAction":[{"@type":"ReadAction","target":["https:\/\/paracherkaoui.ma\/index.php\/produit\/inoderm-creme-anti-taches-brunes-eclaircissante-50-ml-2\/"]}]},{"@type":"ImageObject","inLanguage":"fr-FR","@id":"https:\/\/paracherkaoui.ma\/index.php\/produit\/inoderm-creme-anti-taches-brunes-eclaircissante-50-ml-2\/#primaryimage","url":"https:\/\/paracherkaoui.ma\/wp-content\/uploads\/2025\/12\/inoderm-inoderm-creme-anti-taches-brunes-eclaircissante-50-ml-cremes-depigmentantes.jpg","contentUrl":"https:\/\/paracherkaoui.ma\/wp-content\/uploads\/2025\/12\/inoderm-inoderm-creme-anti-taches-brunes-eclaircissante-50-ml-cremes-depigmentantes.jpg","width":700,"height":700},{"@type":"BreadcrumbList","@id":"https:\/\/paracherkaoui.ma\/index.php\/produit\/inoderm-creme-anti-taches-brunes-eclaircissante-50-ml-2\/#breadcrumb","itemListElement":[{"@type":"ListItem","position":1,"name":"Accueil","item":"https:\/\/paracherkaoui.ma\/"},{"@type":"ListItem","position":2,"name":"Boutique","item":"https:\/\/paracherkaoui.ma\/index.php\/boutique\/"},{"@type":"ListItem","position":3,"name":"INODERM CR\u00c8ME ANTI TACHES BRUNES ECLAIRCISSANTE 50 ML"}]},{"@type":"WebSite","@id":"https:\/\/paracherkaoui.ma\/#website","url":"https:\/\/paracherkaoui.ma\/","name":"Paracherkaoui.ma","description":"Achetez en ligne sur Paracherkaoui.ma","potentialAction":[{"@type":"SearchAction","target":{"@type":"EntryPoint","urlTemplate":"https:\/\/paracherkaoui.ma\/?s={search_term_string}"},"query-input":{"@type":"PropertyValueSpecification","valueRequired":true,"valueName":"search_term_string"}}],"inLanguage":"fr-FR"}]}},"_links":{"self":[{"href":"https:\/\/paracherkaoui.ma\/index.php\/wp-json\/wp\/v2\/product\/28030","targetHints":{"allow":["GET"]}}],"collection":[{"href":"https:\/\/paracherkaoui.ma\/index.php\/wp-json\/wp\/v2\/product"}],"about":[{"href":"https:\/\/paracherkaoui.ma\/index.php\/wp-json\/wp\/v2\/types\/product"}],"replies":[{"embeddable":true,"href":"https:\/\/paracherkaoui.ma\/index.php\/wp-json\/wp\/v2\/comments?post=28030"}],"version-history":[{"count":1,"href":"https:\/\/paracherkaoui.ma\/index.php\/wp-json\/wp\/v2\/product\/28030\/revisions"}],"predecessor-version":[{"id":28060,"href":"https:\/\/paracherkaoui.ma\/index.php\/wp-json\/wp\/v2\/product\/28030\/revisions\/28060"}],"wp:featuredmedia":[{"embeddable":true,"href":"https:\/\/paracherkaoui.ma\/index.php\/wp-json\/wp\/v2\/media\/26131"}],"wp:attachment":[{"href":"https:\/\/paracherkaoui.ma\/index.php\/wp-json\/wp\/v2\/media?parent=28030"}],"wp:term":[{"taxonomy":"product_brand","embeddable":true,"href":"https:\/\/paracherkaoui.ma\/index.php\/wp-json\/wp\/v2\/product_brand?post=28030"},{"taxonomy":"product_cat","embeddable":true,"href":"https:\/\/paracherkaoui.ma\/index.php\/wp-json\/wp\/v2\/product_cat?post=28030"},{"taxonomy":"product_tag","embeddable":true,"href":"https:\/\/paracherkaoui.ma\/index.php\/wp-json\/wp\/v2\/product_tag?post=28030"}],"curies":[{"name":"wp","href":"https:\/\/api.w.org\/{rel}","templated":true}]}}