{"id":28029,"date":"2025-12-12T18:28:00","date_gmt":"2025-12-12T17:28:00","guid":{"rendered":"https:\/\/test.ecbeaute.com\/?post_type=product&#038;p=28029"},"modified":"2025-12-12T18:28:03","modified_gmt":"2025-12-12T17:28:03","slug":"eucerin-aquaporin-active-soin-hydratant-protecteur-spf-25-50-ml-3","status":"publish","type":"product","link":"https:\/\/paracherkaoui.ma\/index.php\/produit\/eucerin-aquaporin-active-soin-hydratant-protecteur-spf-25-50-ml-3\/","title":{"rendered":"EUCERIN AQUAPORIN ACTIVE SOIN HYDRATANT PROTECTEUR SPF 25 &#8211; 50 ML"},"content":{"rendered":"<p>EUCERIN AQUAporin ACTIVE Soin Hydratant Protecteur SPF 25 (50ml)<\/p>\n<p>EUCERIN AQUAporin ACTIVE Soin Hydratant Protecteur SPF 25 est un soin sans parfum pour le visage qui apporte une hydratation intense, imm\u00e9diate et durable, ainsi qu&rsquo;une protection anti-UVA et anti-UVB.<\/p>\n<p>La peau a besoin d&rsquo;eau pour \u00eatre douce et souple. Mais pour l&rsquo;hydrater correctement, il ne suffit pas de lui apporter une grande quantit\u00e9 d&rsquo;eau. Encore faut-il que celle-ci soit efficacement distribu\u00e9e dans l&rsquo;\u00e9piderme. Texture cr\u00e8me de EUCERIN AQUAporin ACTIVE Soin Hydratant Protecteur SPF 25 d\u00e9veloppe le r\u00e9seau naturel de distribution de l&rsquo;eau dans l&rsquo;\u00e9piderme afin que la peau re\u00e7oive toute l&rsquo;eau dont elle a besoin.<\/p>\n<p>EUCERIN AQUAporin ACTIVE Soin Hydratant Protecteur SPF 25 s&rsquo;inspire de la d\u00e9couverte des Aquaporines, r\u00e9compens\u00e9e par un prix Nobel. Les Aquaporines sont des canaux qui transportent l&rsquo;eau entre les cellules. La formule contient du Gluco-glyc\u00e9rol qui stimule la cr\u00e9ation d&rsquo;Aquaporines, am\u00e9liorant ainsi le transport de l&rsquo;eau dans la peau. C&rsquo;est cliniquement prouv\u00e9.<\/p>\n<p>EUCERIN AQUAporin ACTIVE Soin Hydratant Protecteur SPF 25 convient aux peaux sensibles. Gr\u00e2ce \u00e0 sa formule rapidement absorb\u00e9e, elle constitue une base id\u00e9ale pour le maquillage. La peau est radieuse, plus douce et plus souple. Pour longtemps.<\/p>\n","protected":false},"excerpt":{"rendered":"<p>EUCERIN AQUAporin ACTIVE Soin Hydratant Protecteur SPF 25 (50ml) EUCERIN AQUAporin ACTIVE Soin Hydratant Protecteur SPF 25 est un soin<\/p>\n","protected":false},"featured_media":11552,"comment_status":"open","ping_status":"closed","template":"","meta":[],"product_brand":[134],"product_cat":[525],"product_tag":[],"class_list":{"0":"post-28029","1":"product","2":"type-product","3":"status-publish","4":"has-post-thumbnail","6":"product_brand-eucerin","7":"product_cat-cremes-jour","9":"first","10":"instock","11":"sale","12":"shipping-taxable","13":"purchasable","14":"product-type-simple"},"yoast_head":"<!-- This site is optimized with the Yoast SEO plugin v26.6 - https:\/\/yoast.com\/wordpress\/plugins\/seo\/ -->\r\n<title>EUCERIN AQUAPORIN ACTIVE SOIN HYDRATANT PROTECTEUR SPF 25 - 50 ML - Paracherkaoui.ma<\/title>\r\n<meta name=\"robots\" content=\"index, follow, max-snippet:-1, max-image-preview:large, max-video-preview:-1\" \/>\r\n<link rel=\"canonical\" href=\"https:\/\/paracherkaoui.ma\/index.php\/produit\/eucerin-aquaporin-active-soin-hydratant-protecteur-spf-25-50-ml-3\/\" \/>\r\n<meta property=\"og:locale\" content=\"fr_FR\" \/>\r\n<meta property=\"og:type\" content=\"article\" \/>\r\n<meta property=\"og:title\" content=\"EUCERIN AQUAPORIN ACTIVE SOIN HYDRATANT PROTECTEUR SPF 25 - 50 ML - Paracherkaoui.ma\" \/>\r\n<meta property=\"og:description\" content=\"EUCERIN AQUAporin ACTIVE Soin Hydratant Protecteur SPF 25 (50ml) EUCERIN AQUAporin ACTIVE Soin Hydratant Protecteur SPF 25 est un soin\" \/>\r\n<meta property=\"og:url\" content=\"https:\/\/paracherkaoui.ma\/index.php\/produit\/eucerin-aquaporin-active-soin-hydratant-protecteur-spf-25-50-ml-3\/\" \/>\r\n<meta property=\"og:site_name\" content=\"Paracherkaoui.ma\" \/>\r\n<meta property=\"article:modified_time\" content=\"2025-12-12T17:28:03+00:00\" \/>\r\n<meta property=\"og:image\" content=\"https:\/\/paracherkaoui.ma\/wp-content\/uploads\/2025\/12\/eucerin-aquaporin-active-soin-hydratant-protecteur-spf-25-50-ml.jpg\" \/>\r\n\t<meta property=\"og:image:width\" content=\"700\" \/>\r\n\t<meta property=\"og:image:height\" content=\"700\" \/>\r\n\t<meta property=\"og:image:type\" content=\"image\/jpeg\" \/>\r\n<meta name=\"twitter:card\" content=\"summary_large_image\" \/>\r\n<meta name=\"twitter:label1\" content=\"Dur\u00e9e de lecture estim\u00e9e\" \/>\n\t<meta name=\"twitter:data1\" content=\"1 minute\" \/>\r\n<script type=\"application\/ld+json\" class=\"yoast-schema-graph\">{\"@context\":\"https:\/\/schema.org\",\"@graph\":[{\"@type\":\"WebPage\",\"@id\":\"https:\/\/paracherkaoui.ma\/index.php\/produit\/eucerin-aquaporin-active-soin-hydratant-protecteur-spf-25-50-ml-3\/\",\"url\":\"https:\/\/paracherkaoui.ma\/index.php\/produit\/eucerin-aquaporin-active-soin-hydratant-protecteur-spf-25-50-ml-3\/\",\"name\":\"EUCERIN AQUAPORIN ACTIVE SOIN HYDRATANT PROTECTEUR SPF 25 - 50 ML - Paracherkaoui.ma\",\"isPartOf\":{\"@id\":\"https:\/\/paracherkaoui.ma\/#website\"},\"primaryImageOfPage\":{\"@id\":\"https:\/\/paracherkaoui.ma\/index.php\/produit\/eucerin-aquaporin-active-soin-hydratant-protecteur-spf-25-50-ml-3\/#primaryimage\"},\"image\":{\"@id\":\"https:\/\/paracherkaoui.ma\/index.php\/produit\/eucerin-aquaporin-active-soin-hydratant-protecteur-spf-25-50-ml-3\/#primaryimage\"},\"thumbnailUrl\":\"https:\/\/paracherkaoui.ma\/wp-content\/uploads\/2025\/12\/eucerin-aquaporin-active-soin-hydratant-protecteur-spf-25-50-ml.jpg\",\"datePublished\":\"2025-12-12T17:28:00+00:00\",\"dateModified\":\"2025-12-12T17:28:03+00:00\",\"breadcrumb\":{\"@id\":\"https:\/\/paracherkaoui.ma\/index.php\/produit\/eucerin-aquaporin-active-soin-hydratant-protecteur-spf-25-50-ml-3\/#breadcrumb\"},\"inLanguage\":\"fr-FR\",\"potentialAction\":[{\"@type\":\"ReadAction\",\"target\":[\"https:\/\/paracherkaoui.ma\/index.php\/produit\/eucerin-aquaporin-active-soin-hydratant-protecteur-spf-25-50-ml-3\/\"]}]},{\"@type\":\"ImageObject\",\"inLanguage\":\"fr-FR\",\"@id\":\"https:\/\/paracherkaoui.ma\/index.php\/produit\/eucerin-aquaporin-active-soin-hydratant-protecteur-spf-25-50-ml-3\/#primaryimage\",\"url\":\"https:\/\/paracherkaoui.ma\/wp-content\/uploads\/2025\/12\/eucerin-aquaporin-active-soin-hydratant-protecteur-spf-25-50-ml.jpg\",\"contentUrl\":\"https:\/\/paracherkaoui.ma\/wp-content\/uploads\/2025\/12\/eucerin-aquaporin-active-soin-hydratant-protecteur-spf-25-50-ml.jpg\",\"width\":700,\"height\":700},{\"@type\":\"BreadcrumbList\",\"@id\":\"https:\/\/paracherkaoui.ma\/index.php\/produit\/eucerin-aquaporin-active-soin-hydratant-protecteur-spf-25-50-ml-3\/#breadcrumb\",\"itemListElement\":[{\"@type\":\"ListItem\",\"position\":1,\"name\":\"Accueil\",\"item\":\"https:\/\/paracherkaoui.ma\/\"},{\"@type\":\"ListItem\",\"position\":2,\"name\":\"Boutique\",\"item\":\"https:\/\/paracherkaoui.ma\/index.php\/boutique\/\"},{\"@type\":\"ListItem\",\"position\":3,\"name\":\"EUCERIN AQUAPORIN ACTIVE SOIN HYDRATANT PROTECTEUR SPF 25 &#8211; 50 ML\"}]},{\"@type\":\"WebSite\",\"@id\":\"https:\/\/paracherkaoui.ma\/#website\",\"url\":\"https:\/\/paracherkaoui.ma\/\",\"name\":\"Paracherkaoui.ma\",\"description\":\"Achetez en ligne sur Paracherkaoui.ma\",\"potentialAction\":[{\"@type\":\"SearchAction\",\"target\":{\"@type\":\"EntryPoint\",\"urlTemplate\":\"https:\/\/paracherkaoui.ma\/?s={search_term_string}\"},\"query-input\":{\"@type\":\"PropertyValueSpecification\",\"valueRequired\":true,\"valueName\":\"search_term_string\"}}],\"inLanguage\":\"fr-FR\"}]}<\/script>\r\n<!-- \/ Yoast SEO plugin. -->","yoast_head_json":{"title":"EUCERIN AQUAPORIN ACTIVE SOIN HYDRATANT PROTECTEUR SPF 25 - 50 ML - Paracherkaoui.ma","robots":{"index":"index","follow":"follow","max-snippet":"max-snippet:-1","max-image-preview":"max-image-preview:large","max-video-preview":"max-video-preview:-1"},"canonical":"https:\/\/paracherkaoui.ma\/index.php\/produit\/eucerin-aquaporin-active-soin-hydratant-protecteur-spf-25-50-ml-3\/","og_locale":"fr_FR","og_type":"article","og_title":"EUCERIN AQUAPORIN ACTIVE SOIN HYDRATANT PROTECTEUR SPF 25 - 50 ML - Paracherkaoui.ma","og_description":"EUCERIN AQUAporin ACTIVE Soin Hydratant Protecteur SPF 25 (50ml) EUCERIN AQUAporin ACTIVE Soin Hydratant Protecteur SPF 25 est un soin","og_url":"https:\/\/paracherkaoui.ma\/index.php\/produit\/eucerin-aquaporin-active-soin-hydratant-protecteur-spf-25-50-ml-3\/","og_site_name":"Paracherkaoui.ma","article_modified_time":"2025-12-12T17:28:03+00:00","og_image":[{"width":700,"height":700,"url":"https:\/\/paracherkaoui.ma\/wp-content\/uploads\/2025\/12\/eucerin-aquaporin-active-soin-hydratant-protecteur-spf-25-50-ml.jpg","type":"image\/jpeg"}],"twitter_card":"summary_large_image","twitter_misc":{"Dur\u00e9e de lecture estim\u00e9e":"1 minute"},"schema":{"@context":"https:\/\/schema.org","@graph":[{"@type":"WebPage","@id":"https:\/\/paracherkaoui.ma\/index.php\/produit\/eucerin-aquaporin-active-soin-hydratant-protecteur-spf-25-50-ml-3\/","url":"https:\/\/paracherkaoui.ma\/index.php\/produit\/eucerin-aquaporin-active-soin-hydratant-protecteur-spf-25-50-ml-3\/","name":"EUCERIN AQUAPORIN ACTIVE SOIN HYDRATANT PROTECTEUR SPF 25 - 50 ML - Paracherkaoui.ma","isPartOf":{"@id":"https:\/\/paracherkaoui.ma\/#website"},"primaryImageOfPage":{"@id":"https:\/\/paracherkaoui.ma\/index.php\/produit\/eucerin-aquaporin-active-soin-hydratant-protecteur-spf-25-50-ml-3\/#primaryimage"},"image":{"@id":"https:\/\/paracherkaoui.ma\/index.php\/produit\/eucerin-aquaporin-active-soin-hydratant-protecteur-spf-25-50-ml-3\/#primaryimage"},"thumbnailUrl":"https:\/\/paracherkaoui.ma\/wp-content\/uploads\/2025\/12\/eucerin-aquaporin-active-soin-hydratant-protecteur-spf-25-50-ml.jpg","datePublished":"2025-12-12T17:28:00+00:00","dateModified":"2025-12-12T17:28:03+00:00","breadcrumb":{"@id":"https:\/\/paracherkaoui.ma\/index.php\/produit\/eucerin-aquaporin-active-soin-hydratant-protecteur-spf-25-50-ml-3\/#breadcrumb"},"inLanguage":"fr-FR","potentialAction":[{"@type":"ReadAction","target":["https:\/\/paracherkaoui.ma\/index.php\/produit\/eucerin-aquaporin-active-soin-hydratant-protecteur-spf-25-50-ml-3\/"]}]},{"@type":"ImageObject","inLanguage":"fr-FR","@id":"https:\/\/paracherkaoui.ma\/index.php\/produit\/eucerin-aquaporin-active-soin-hydratant-protecteur-spf-25-50-ml-3\/#primaryimage","url":"https:\/\/paracherkaoui.ma\/wp-content\/uploads\/2025\/12\/eucerin-aquaporin-active-soin-hydratant-protecteur-spf-25-50-ml.jpg","contentUrl":"https:\/\/paracherkaoui.ma\/wp-content\/uploads\/2025\/12\/eucerin-aquaporin-active-soin-hydratant-protecteur-spf-25-50-ml.jpg","width":700,"height":700},{"@type":"BreadcrumbList","@id":"https:\/\/paracherkaoui.ma\/index.php\/produit\/eucerin-aquaporin-active-soin-hydratant-protecteur-spf-25-50-ml-3\/#breadcrumb","itemListElement":[{"@type":"ListItem","position":1,"name":"Accueil","item":"https:\/\/paracherkaoui.ma\/"},{"@type":"ListItem","position":2,"name":"Boutique","item":"https:\/\/paracherkaoui.ma\/index.php\/boutique\/"},{"@type":"ListItem","position":3,"name":"EUCERIN AQUAPORIN ACTIVE SOIN HYDRATANT PROTECTEUR SPF 25 &#8211; 50 ML"}]},{"@type":"WebSite","@id":"https:\/\/paracherkaoui.ma\/#website","url":"https:\/\/paracherkaoui.ma\/","name":"Paracherkaoui.ma","description":"Achetez en ligne sur Paracherkaoui.ma","potentialAction":[{"@type":"SearchAction","target":{"@type":"EntryPoint","urlTemplate":"https:\/\/paracherkaoui.ma\/?s={search_term_string}"},"query-input":{"@type":"PropertyValueSpecification","valueRequired":true,"valueName":"search_term_string"}}],"inLanguage":"fr-FR"}]}},"_links":{"self":[{"href":"https:\/\/paracherkaoui.ma\/index.php\/wp-json\/wp\/v2\/product\/28029","targetHints":{"allow":["GET"]}}],"collection":[{"href":"https:\/\/paracherkaoui.ma\/index.php\/wp-json\/wp\/v2\/product"}],"about":[{"href":"https:\/\/paracherkaoui.ma\/index.php\/wp-json\/wp\/v2\/types\/product"}],"replies":[{"embeddable":true,"href":"https:\/\/paracherkaoui.ma\/index.php\/wp-json\/wp\/v2\/comments?post=28029"}],"version-history":[{"count":1,"href":"https:\/\/paracherkaoui.ma\/index.php\/wp-json\/wp\/v2\/product\/28029\/revisions"}],"predecessor-version":[{"id":28059,"href":"https:\/\/paracherkaoui.ma\/index.php\/wp-json\/wp\/v2\/product\/28029\/revisions\/28059"}],"wp:featuredmedia":[{"embeddable":true,"href":"https:\/\/paracherkaoui.ma\/index.php\/wp-json\/wp\/v2\/media\/11552"}],"wp:attachment":[{"href":"https:\/\/paracherkaoui.ma\/index.php\/wp-json\/wp\/v2\/media?parent=28029"}],"wp:term":[{"taxonomy":"product_brand","embeddable":true,"href":"https:\/\/paracherkaoui.ma\/index.php\/wp-json\/wp\/v2\/product_brand?post=28029"},{"taxonomy":"product_cat","embeddable":true,"href":"https:\/\/paracherkaoui.ma\/index.php\/wp-json\/wp\/v2\/product_cat?post=28029"},{"taxonomy":"product_tag","embeddable":true,"href":"https:\/\/paracherkaoui.ma\/index.php\/wp-json\/wp\/v2\/product_tag?post=28029"}],"curies":[{"name":"wp","href":"https:\/\/api.w.org\/{rel}","templated":true}]}}