{"id":27962,"date":"2025-12-12T18:27:53","date_gmt":"2025-12-12T17:27:53","guid":{"rendered":"https:\/\/test.ecbeaute.com\/?post_type=product&#038;p=27962"},"modified":"2025-12-12T18:27:56","modified_gmt":"2025-12-12T17:27:56","slug":"kaline-k-aqua-soin-hydratant-peaux-normales-a-seches-50-ml","status":"publish","type":"product","link":"https:\/\/paracherkaoui.ma\/index.php\/produit\/kaline-k-aqua-soin-hydratant-peaux-normales-a-seches-50-ml\/","title":{"rendered":"KALINE K.AQUA SOIN HYDRATANT PEAUX NORMALES A SECHES 50 ML"},"content":{"rendered":"<p>KALINE K.AQUA Soin hydratant peaux normales \u00e0 s\u00e8ches 50ml<\/p>\n<p>Kaline k-aqua cold cream, cr\u00e8me \u00e9molliente, riche et voluptueuse procure une hydratation Imm\u00e9diate, apaise, raffermit et lisse la peau. Am\u00e9liore la capacit\u00e9 de la peau \u00e0 pr\u00e9server son capital en eau et lui offre une hydratation Continue en renforcant le film hydrolipidique. Peaux s\u00e8ches \u00e0 tr\u00e9s s\u00e8ches, peaux irritables et squameuses Peaux atopiques, pr\u00e9vention du vieillesement cutan\u00e9 Base de pr\u00e9paration magistrale. Conseils d&rsquo;utilisation: \u00c0, utiliser matin et soir sur le visage et le cou. appliquer sur une peau propre et s\u00e8che en Massant l\u00e9g\u00e8rement pour optimiser l&rsquo;effet hydratant.<\/p>\n","protected":false},"excerpt":{"rendered":"<p>KALINE K.AQUA Soin hydratant peaux normales \u00e0 s\u00e8ches 50ml Kaline k-aqua cold cream, cr\u00e8me \u00e9molliente, riche et voluptueuse procure une<\/p>\n","protected":false},"featured_media":27997,"comment_status":"open","ping_status":"closed","template":"","meta":[],"product_brand":[431],"product_cat":[525],"product_tag":[],"class_list":{"0":"post-27962","1":"product","2":"type-product","3":"status-publish","4":"has-post-thumbnail","6":"product_brand-kaline","7":"product_cat-cremes-jour","9":"first","10":"instock","11":"sale","12":"shipping-taxable","13":"purchasable","14":"product-type-simple"},"yoast_head":"<!-- This site is optimized with the Yoast SEO plugin v26.6 - https:\/\/yoast.com\/wordpress\/plugins\/seo\/ -->\r\n<title>KALINE K.AQUA SOIN HYDRATANT PEAUX NORMALES A SECHES 50 ML - Paracherkaoui.ma<\/title>\r\n<meta name=\"robots\" content=\"index, follow, max-snippet:-1, max-image-preview:large, max-video-preview:-1\" \/>\r\n<link rel=\"canonical\" href=\"https:\/\/paracherkaoui.ma\/index.php\/produit\/kaline-k-aqua-soin-hydratant-peaux-normales-a-seches-50-ml\/\" \/>\r\n<meta property=\"og:locale\" content=\"fr_FR\" \/>\r\n<meta property=\"og:type\" content=\"article\" \/>\r\n<meta property=\"og:title\" content=\"KALINE K.AQUA SOIN HYDRATANT PEAUX NORMALES A SECHES 50 ML - Paracherkaoui.ma\" \/>\r\n<meta property=\"og:description\" content=\"KALINE K.AQUA Soin hydratant peaux normales \u00e0 s\u00e8ches 50ml Kaline k-aqua cold cream, cr\u00e8me \u00e9molliente, riche et voluptueuse procure une\" \/>\r\n<meta property=\"og:url\" content=\"https:\/\/paracherkaoui.ma\/index.php\/produit\/kaline-k-aqua-soin-hydratant-peaux-normales-a-seches-50-ml\/\" \/>\r\n<meta property=\"og:site_name\" content=\"Paracherkaoui.ma\" \/>\r\n<meta property=\"article:modified_time\" content=\"2025-12-12T17:27:56+00:00\" \/>\r\n<meta property=\"og:image\" content=\"https:\/\/paracherkaoui.ma\/wp-content\/uploads\/2025\/12\/kaline-kaline-kaqua-soin-hydratant-peaux-normales-a-seches-50-ml-visage.jpg\" \/>\r\n\t<meta property=\"og:image:width\" content=\"700\" \/>\r\n\t<meta property=\"og:image:height\" content=\"700\" \/>\r\n\t<meta property=\"og:image:type\" content=\"image\/jpeg\" \/>\r\n<meta name=\"twitter:card\" content=\"summary_large_image\" \/>\r\n<meta name=\"twitter:label1\" content=\"Dur\u00e9e de lecture estim\u00e9e\" \/>\n\t<meta name=\"twitter:data1\" content=\"1 minute\" \/>\r\n<script type=\"application\/ld+json\" class=\"yoast-schema-graph\">{\"@context\":\"https:\/\/schema.org\",\"@graph\":[{\"@type\":\"WebPage\",\"@id\":\"https:\/\/paracherkaoui.ma\/index.php\/produit\/kaline-k-aqua-soin-hydratant-peaux-normales-a-seches-50-ml\/\",\"url\":\"https:\/\/paracherkaoui.ma\/index.php\/produit\/kaline-k-aqua-soin-hydratant-peaux-normales-a-seches-50-ml\/\",\"name\":\"KALINE K.AQUA SOIN HYDRATANT PEAUX NORMALES A SECHES 50 ML - Paracherkaoui.ma\",\"isPartOf\":{\"@id\":\"https:\/\/paracherkaoui.ma\/#website\"},\"primaryImageOfPage\":{\"@id\":\"https:\/\/paracherkaoui.ma\/index.php\/produit\/kaline-k-aqua-soin-hydratant-peaux-normales-a-seches-50-ml\/#primaryimage\"},\"image\":{\"@id\":\"https:\/\/paracherkaoui.ma\/index.php\/produit\/kaline-k-aqua-soin-hydratant-peaux-normales-a-seches-50-ml\/#primaryimage\"},\"thumbnailUrl\":\"https:\/\/paracherkaoui.ma\/wp-content\/uploads\/2025\/12\/kaline-kaline-kaqua-soin-hydratant-peaux-normales-a-seches-50-ml-visage.jpg\",\"datePublished\":\"2025-12-12T17:27:53+00:00\",\"dateModified\":\"2025-12-12T17:27:56+00:00\",\"breadcrumb\":{\"@id\":\"https:\/\/paracherkaoui.ma\/index.php\/produit\/kaline-k-aqua-soin-hydratant-peaux-normales-a-seches-50-ml\/#breadcrumb\"},\"inLanguage\":\"fr-FR\",\"potentialAction\":[{\"@type\":\"ReadAction\",\"target\":[\"https:\/\/paracherkaoui.ma\/index.php\/produit\/kaline-k-aqua-soin-hydratant-peaux-normales-a-seches-50-ml\/\"]}]},{\"@type\":\"ImageObject\",\"inLanguage\":\"fr-FR\",\"@id\":\"https:\/\/paracherkaoui.ma\/index.php\/produit\/kaline-k-aqua-soin-hydratant-peaux-normales-a-seches-50-ml\/#primaryimage\",\"url\":\"https:\/\/paracherkaoui.ma\/wp-content\/uploads\/2025\/12\/kaline-kaline-kaqua-soin-hydratant-peaux-normales-a-seches-50-ml-visage.jpg\",\"contentUrl\":\"https:\/\/paracherkaoui.ma\/wp-content\/uploads\/2025\/12\/kaline-kaline-kaqua-soin-hydratant-peaux-normales-a-seches-50-ml-visage.jpg\",\"width\":700,\"height\":700},{\"@type\":\"BreadcrumbList\",\"@id\":\"https:\/\/paracherkaoui.ma\/index.php\/produit\/kaline-k-aqua-soin-hydratant-peaux-normales-a-seches-50-ml\/#breadcrumb\",\"itemListElement\":[{\"@type\":\"ListItem\",\"position\":1,\"name\":\"Accueil\",\"item\":\"https:\/\/paracherkaoui.ma\/\"},{\"@type\":\"ListItem\",\"position\":2,\"name\":\"Boutique\",\"item\":\"https:\/\/paracherkaoui.ma\/index.php\/boutique\/\"},{\"@type\":\"ListItem\",\"position\":3,\"name\":\"KALINE K.AQUA SOIN HYDRATANT PEAUX NORMALES A SECHES 50 ML\"}]},{\"@type\":\"WebSite\",\"@id\":\"https:\/\/paracherkaoui.ma\/#website\",\"url\":\"https:\/\/paracherkaoui.ma\/\",\"name\":\"Paracherkaoui.ma\",\"description\":\"Achetez en ligne sur Paracherkaoui.ma\",\"potentialAction\":[{\"@type\":\"SearchAction\",\"target\":{\"@type\":\"EntryPoint\",\"urlTemplate\":\"https:\/\/paracherkaoui.ma\/?s={search_term_string}\"},\"query-input\":{\"@type\":\"PropertyValueSpecification\",\"valueRequired\":true,\"valueName\":\"search_term_string\"}}],\"inLanguage\":\"fr-FR\"}]}<\/script>\r\n<!-- \/ Yoast SEO plugin. -->","yoast_head_json":{"title":"KALINE K.AQUA SOIN HYDRATANT PEAUX NORMALES A SECHES 50 ML - Paracherkaoui.ma","robots":{"index":"index","follow":"follow","max-snippet":"max-snippet:-1","max-image-preview":"max-image-preview:large","max-video-preview":"max-video-preview:-1"},"canonical":"https:\/\/paracherkaoui.ma\/index.php\/produit\/kaline-k-aqua-soin-hydratant-peaux-normales-a-seches-50-ml\/","og_locale":"fr_FR","og_type":"article","og_title":"KALINE K.AQUA SOIN HYDRATANT PEAUX NORMALES A SECHES 50 ML - Paracherkaoui.ma","og_description":"KALINE K.AQUA Soin hydratant peaux normales \u00e0 s\u00e8ches 50ml Kaline k-aqua cold cream, cr\u00e8me \u00e9molliente, riche et voluptueuse procure une","og_url":"https:\/\/paracherkaoui.ma\/index.php\/produit\/kaline-k-aqua-soin-hydratant-peaux-normales-a-seches-50-ml\/","og_site_name":"Paracherkaoui.ma","article_modified_time":"2025-12-12T17:27:56+00:00","og_image":[{"width":700,"height":700,"url":"https:\/\/paracherkaoui.ma\/wp-content\/uploads\/2025\/12\/kaline-kaline-kaqua-soin-hydratant-peaux-normales-a-seches-50-ml-visage.jpg","type":"image\/jpeg"}],"twitter_card":"summary_large_image","twitter_misc":{"Dur\u00e9e de lecture estim\u00e9e":"1 minute"},"schema":{"@context":"https:\/\/schema.org","@graph":[{"@type":"WebPage","@id":"https:\/\/paracherkaoui.ma\/index.php\/produit\/kaline-k-aqua-soin-hydratant-peaux-normales-a-seches-50-ml\/","url":"https:\/\/paracherkaoui.ma\/index.php\/produit\/kaline-k-aqua-soin-hydratant-peaux-normales-a-seches-50-ml\/","name":"KALINE K.AQUA SOIN HYDRATANT PEAUX NORMALES A SECHES 50 ML - Paracherkaoui.ma","isPartOf":{"@id":"https:\/\/paracherkaoui.ma\/#website"},"primaryImageOfPage":{"@id":"https:\/\/paracherkaoui.ma\/index.php\/produit\/kaline-k-aqua-soin-hydratant-peaux-normales-a-seches-50-ml\/#primaryimage"},"image":{"@id":"https:\/\/paracherkaoui.ma\/index.php\/produit\/kaline-k-aqua-soin-hydratant-peaux-normales-a-seches-50-ml\/#primaryimage"},"thumbnailUrl":"https:\/\/paracherkaoui.ma\/wp-content\/uploads\/2025\/12\/kaline-kaline-kaqua-soin-hydratant-peaux-normales-a-seches-50-ml-visage.jpg","datePublished":"2025-12-12T17:27:53+00:00","dateModified":"2025-12-12T17:27:56+00:00","breadcrumb":{"@id":"https:\/\/paracherkaoui.ma\/index.php\/produit\/kaline-k-aqua-soin-hydratant-peaux-normales-a-seches-50-ml\/#breadcrumb"},"inLanguage":"fr-FR","potentialAction":[{"@type":"ReadAction","target":["https:\/\/paracherkaoui.ma\/index.php\/produit\/kaline-k-aqua-soin-hydratant-peaux-normales-a-seches-50-ml\/"]}]},{"@type":"ImageObject","inLanguage":"fr-FR","@id":"https:\/\/paracherkaoui.ma\/index.php\/produit\/kaline-k-aqua-soin-hydratant-peaux-normales-a-seches-50-ml\/#primaryimage","url":"https:\/\/paracherkaoui.ma\/wp-content\/uploads\/2025\/12\/kaline-kaline-kaqua-soin-hydratant-peaux-normales-a-seches-50-ml-visage.jpg","contentUrl":"https:\/\/paracherkaoui.ma\/wp-content\/uploads\/2025\/12\/kaline-kaline-kaqua-soin-hydratant-peaux-normales-a-seches-50-ml-visage.jpg","width":700,"height":700},{"@type":"BreadcrumbList","@id":"https:\/\/paracherkaoui.ma\/index.php\/produit\/kaline-k-aqua-soin-hydratant-peaux-normales-a-seches-50-ml\/#breadcrumb","itemListElement":[{"@type":"ListItem","position":1,"name":"Accueil","item":"https:\/\/paracherkaoui.ma\/"},{"@type":"ListItem","position":2,"name":"Boutique","item":"https:\/\/paracherkaoui.ma\/index.php\/boutique\/"},{"@type":"ListItem","position":3,"name":"KALINE K.AQUA SOIN HYDRATANT PEAUX NORMALES A SECHES 50 ML"}]},{"@type":"WebSite","@id":"https:\/\/paracherkaoui.ma\/#website","url":"https:\/\/paracherkaoui.ma\/","name":"Paracherkaoui.ma","description":"Achetez en ligne sur Paracherkaoui.ma","potentialAction":[{"@type":"SearchAction","target":{"@type":"EntryPoint","urlTemplate":"https:\/\/paracherkaoui.ma\/?s={search_term_string}"},"query-input":{"@type":"PropertyValueSpecification","valueRequired":true,"valueName":"search_term_string"}}],"inLanguage":"fr-FR"}]}},"_links":{"self":[{"href":"https:\/\/paracherkaoui.ma\/index.php\/wp-json\/wp\/v2\/product\/27962","targetHints":{"allow":["GET"]}}],"collection":[{"href":"https:\/\/paracherkaoui.ma\/index.php\/wp-json\/wp\/v2\/product"}],"about":[{"href":"https:\/\/paracherkaoui.ma\/index.php\/wp-json\/wp\/v2\/types\/product"}],"replies":[{"embeddable":true,"href":"https:\/\/paracherkaoui.ma\/index.php\/wp-json\/wp\/v2\/comments?post=27962"}],"version-history":[{"count":1,"href":"https:\/\/paracherkaoui.ma\/index.php\/wp-json\/wp\/v2\/product\/27962\/revisions"}],"predecessor-version":[{"id":27998,"href":"https:\/\/paracherkaoui.ma\/index.php\/wp-json\/wp\/v2\/product\/27962\/revisions\/27998"}],"wp:featuredmedia":[{"embeddable":true,"href":"https:\/\/paracherkaoui.ma\/index.php\/wp-json\/wp\/v2\/media\/27997"}],"wp:attachment":[{"href":"https:\/\/paracherkaoui.ma\/index.php\/wp-json\/wp\/v2\/media?parent=27962"}],"wp:term":[{"taxonomy":"product_brand","embeddable":true,"href":"https:\/\/paracherkaoui.ma\/index.php\/wp-json\/wp\/v2\/product_brand?post=27962"},{"taxonomy":"product_cat","embeddable":true,"href":"https:\/\/paracherkaoui.ma\/index.php\/wp-json\/wp\/v2\/product_cat?post=27962"},{"taxonomy":"product_tag","embeddable":true,"href":"https:\/\/paracherkaoui.ma\/index.php\/wp-json\/wp\/v2\/product_tag?post=27962"}],"curies":[{"name":"wp","href":"https:\/\/api.w.org\/{rel}","templated":true}]}}