{"id":27899,"date":"2025-12-12T18:27:47","date_gmt":"2025-12-12T17:27:47","guid":{"rendered":"https:\/\/test.ecbeaute.com\/?post_type=product&#038;p=27899"},"modified":"2025-12-12T18:27:52","modified_gmt":"2025-12-12T17:27:52","slug":"hyfac-hydrafac-creme-legere-40ml","status":"publish","type":"product","link":"https:\/\/paracherkaoui.ma\/index.php\/produit\/hyfac-hydrafac-creme-legere-40ml\/","title":{"rendered":"HYFAC Hydrafac Cr\u00e8me l\u00e9g\u00e8re \/40ML"},"content":{"rendered":"<p>La cr\u00e8me l\u00e9g\u00e8re procure une hydratation imm\u00e9diate de l&rsquo;\u00e9piderme et \u00ab booste \u00bb la fonction d&rsquo;hydratation de la peau.<br \/>\nElle am\u00e9liore le renouvellement de l&rsquo;\u00e9piderme pour maintenir la protection de la barri\u00e8re cutan\u00e9e et augmente \u00e9galement la pr\u00e9sence d&rsquo;eau dans le stratum corn\u00e9um.<\/p>\n<p>Extraits d&rsquo;ajonc : Hydratation imm\u00e9diate qui se prolonge tout au long de la journ\u00e9e.<br \/>\nXopolysaccharides : renforce les d\u00e9fenses de l&rsquo;\u00e9piderme.<\/p>\n<p>Hydrate instantan\u00e9ment la peau<br \/>\nEffet \u201c peau neuve \u201d : lisse le grain de peau<br \/>\nApporte douceur et confort<br \/>\nTexture non collante, a\u00e9r\u00e9e, p\u00e9n\u00e8tre imm\u00e9diatement<br \/>\nHypoallerg\u00e9nique<br \/>\nHYDRAFAC\u00ae l\u00e9g\u00e8re convient particuli\u00e8rement aux peaux mixtes, ou pour l&rsquo;\u00e9t\u00e9, ou comme base de maquillage le matin.<br \/>\nAppliquer matin et soir sur peau parfaitement nettoy\u00e9e.<\/p>\n","protected":false},"excerpt":{"rendered":"<p>La cr\u00e8me l\u00e9g\u00e8re procure une hydratation imm\u00e9diate de l&rsquo;\u00e9piderme et \u00ab booste \u00bb la fonction d&rsquo;hydratation de la peau. Elle<\/p>\n","protected":false},"featured_media":27944,"comment_status":"open","ping_status":"closed","template":"","meta":[],"product_brand":[365],"product_cat":[525],"product_tag":[],"class_list":{"0":"post-27899","1":"product","2":"type-product","3":"status-publish","4":"has-post-thumbnail","6":"product_brand-hyfac","7":"product_cat-cremes-jour","9":"first","10":"instock","11":"sale","12":"shipping-taxable","13":"purchasable","14":"product-type-simple"},"yoast_head":"<!-- This site is optimized with the Yoast SEO plugin v26.6 - https:\/\/yoast.com\/wordpress\/plugins\/seo\/ -->\r\n<title>HYFAC Hydrafac Cr\u00e8me l\u00e9g\u00e8re \/40ML - Paracherkaoui.ma<\/title>\r\n<meta name=\"robots\" content=\"index, follow, max-snippet:-1, max-image-preview:large, max-video-preview:-1\" \/>\r\n<link rel=\"canonical\" href=\"https:\/\/paracherkaoui.ma\/index.php\/produit\/hyfac-hydrafac-creme-legere-40ml\/\" \/>\r\n<meta property=\"og:locale\" content=\"fr_FR\" \/>\r\n<meta property=\"og:type\" content=\"article\" \/>\r\n<meta property=\"og:title\" content=\"HYFAC Hydrafac Cr\u00e8me l\u00e9g\u00e8re \/40ML - Paracherkaoui.ma\" \/>\r\n<meta property=\"og:description\" content=\"La cr\u00e8me l\u00e9g\u00e8re procure une hydratation imm\u00e9diate de l&rsquo;\u00e9piderme et \u00ab booste \u00bb la fonction d&rsquo;hydratation de la peau. Elle\" \/>\r\n<meta property=\"og:url\" content=\"https:\/\/paracherkaoui.ma\/index.php\/produit\/hyfac-hydrafac-creme-legere-40ml\/\" \/>\r\n<meta property=\"og:site_name\" content=\"Paracherkaoui.ma\" \/>\r\n<meta property=\"article:modified_time\" content=\"2025-12-12T17:27:52+00:00\" \/>\r\n<meta property=\"og:image\" content=\"https:\/\/paracherkaoui.ma\/wp-content\/uploads\/2025\/12\/hyfac-hyfac-hydrafac-creme-legere-40ml-hydratants-peaux-normales-a-mixtes.jpg\" \/>\r\n\t<meta property=\"og:image:width\" content=\"700\" \/>\r\n\t<meta property=\"og:image:height\" content=\"700\" \/>\r\n\t<meta property=\"og:image:type\" content=\"image\/jpeg\" \/>\r\n<meta name=\"twitter:card\" content=\"summary_large_image\" \/>\r\n<meta name=\"twitter:label1\" content=\"Dur\u00e9e de lecture estim\u00e9e\" \/>\n\t<meta name=\"twitter:data1\" content=\"1 minute\" \/>\r\n<script type=\"application\/ld+json\" class=\"yoast-schema-graph\">{\"@context\":\"https:\/\/schema.org\",\"@graph\":[{\"@type\":\"WebPage\",\"@id\":\"https:\/\/paracherkaoui.ma\/index.php\/produit\/hyfac-hydrafac-creme-legere-40ml\/\",\"url\":\"https:\/\/paracherkaoui.ma\/index.php\/produit\/hyfac-hydrafac-creme-legere-40ml\/\",\"name\":\"HYFAC Hydrafac Cr\u00e8me l\u00e9g\u00e8re \/40ML - Paracherkaoui.ma\",\"isPartOf\":{\"@id\":\"https:\/\/paracherkaoui.ma\/#website\"},\"primaryImageOfPage\":{\"@id\":\"https:\/\/paracherkaoui.ma\/index.php\/produit\/hyfac-hydrafac-creme-legere-40ml\/#primaryimage\"},\"image\":{\"@id\":\"https:\/\/paracherkaoui.ma\/index.php\/produit\/hyfac-hydrafac-creme-legere-40ml\/#primaryimage\"},\"thumbnailUrl\":\"https:\/\/paracherkaoui.ma\/wp-content\/uploads\/2025\/12\/hyfac-hyfac-hydrafac-creme-legere-40ml-hydratants-peaux-normales-a-mixtes.jpg\",\"datePublished\":\"2025-12-12T17:27:47+00:00\",\"dateModified\":\"2025-12-12T17:27:52+00:00\",\"breadcrumb\":{\"@id\":\"https:\/\/paracherkaoui.ma\/index.php\/produit\/hyfac-hydrafac-creme-legere-40ml\/#breadcrumb\"},\"inLanguage\":\"fr-FR\",\"potentialAction\":[{\"@type\":\"ReadAction\",\"target\":[\"https:\/\/paracherkaoui.ma\/index.php\/produit\/hyfac-hydrafac-creme-legere-40ml\/\"]}]},{\"@type\":\"ImageObject\",\"inLanguage\":\"fr-FR\",\"@id\":\"https:\/\/paracherkaoui.ma\/index.php\/produit\/hyfac-hydrafac-creme-legere-40ml\/#primaryimage\",\"url\":\"https:\/\/paracherkaoui.ma\/wp-content\/uploads\/2025\/12\/hyfac-hyfac-hydrafac-creme-legere-40ml-hydratants-peaux-normales-a-mixtes.jpg\",\"contentUrl\":\"https:\/\/paracherkaoui.ma\/wp-content\/uploads\/2025\/12\/hyfac-hyfac-hydrafac-creme-legere-40ml-hydratants-peaux-normales-a-mixtes.jpg\",\"width\":700,\"height\":700},{\"@type\":\"BreadcrumbList\",\"@id\":\"https:\/\/paracherkaoui.ma\/index.php\/produit\/hyfac-hydrafac-creme-legere-40ml\/#breadcrumb\",\"itemListElement\":[{\"@type\":\"ListItem\",\"position\":1,\"name\":\"Accueil\",\"item\":\"https:\/\/paracherkaoui.ma\/\"},{\"@type\":\"ListItem\",\"position\":2,\"name\":\"Boutique\",\"item\":\"https:\/\/paracherkaoui.ma\/index.php\/boutique\/\"},{\"@type\":\"ListItem\",\"position\":3,\"name\":\"HYFAC Hydrafac Cr\u00e8me l\u00e9g\u00e8re \/40ML\"}]},{\"@type\":\"WebSite\",\"@id\":\"https:\/\/paracherkaoui.ma\/#website\",\"url\":\"https:\/\/paracherkaoui.ma\/\",\"name\":\"Paracherkaoui.ma\",\"description\":\"Achetez en ligne sur Paracherkaoui.ma\",\"potentialAction\":[{\"@type\":\"SearchAction\",\"target\":{\"@type\":\"EntryPoint\",\"urlTemplate\":\"https:\/\/paracherkaoui.ma\/?s={search_term_string}\"},\"query-input\":{\"@type\":\"PropertyValueSpecification\",\"valueRequired\":true,\"valueName\":\"search_term_string\"}}],\"inLanguage\":\"fr-FR\"}]}<\/script>\r\n<!-- \/ Yoast SEO plugin. -->","yoast_head_json":{"title":"HYFAC Hydrafac Cr\u00e8me l\u00e9g\u00e8re \/40ML - Paracherkaoui.ma","robots":{"index":"index","follow":"follow","max-snippet":"max-snippet:-1","max-image-preview":"max-image-preview:large","max-video-preview":"max-video-preview:-1"},"canonical":"https:\/\/paracherkaoui.ma\/index.php\/produit\/hyfac-hydrafac-creme-legere-40ml\/","og_locale":"fr_FR","og_type":"article","og_title":"HYFAC Hydrafac Cr\u00e8me l\u00e9g\u00e8re \/40ML - Paracherkaoui.ma","og_description":"La cr\u00e8me l\u00e9g\u00e8re procure une hydratation imm\u00e9diate de l&rsquo;\u00e9piderme et \u00ab booste \u00bb la fonction d&rsquo;hydratation de la peau. Elle","og_url":"https:\/\/paracherkaoui.ma\/index.php\/produit\/hyfac-hydrafac-creme-legere-40ml\/","og_site_name":"Paracherkaoui.ma","article_modified_time":"2025-12-12T17:27:52+00:00","og_image":[{"width":700,"height":700,"url":"https:\/\/paracherkaoui.ma\/wp-content\/uploads\/2025\/12\/hyfac-hyfac-hydrafac-creme-legere-40ml-hydratants-peaux-normales-a-mixtes.jpg","type":"image\/jpeg"}],"twitter_card":"summary_large_image","twitter_misc":{"Dur\u00e9e de lecture estim\u00e9e":"1 minute"},"schema":{"@context":"https:\/\/schema.org","@graph":[{"@type":"WebPage","@id":"https:\/\/paracherkaoui.ma\/index.php\/produit\/hyfac-hydrafac-creme-legere-40ml\/","url":"https:\/\/paracherkaoui.ma\/index.php\/produit\/hyfac-hydrafac-creme-legere-40ml\/","name":"HYFAC Hydrafac Cr\u00e8me l\u00e9g\u00e8re \/40ML - Paracherkaoui.ma","isPartOf":{"@id":"https:\/\/paracherkaoui.ma\/#website"},"primaryImageOfPage":{"@id":"https:\/\/paracherkaoui.ma\/index.php\/produit\/hyfac-hydrafac-creme-legere-40ml\/#primaryimage"},"image":{"@id":"https:\/\/paracherkaoui.ma\/index.php\/produit\/hyfac-hydrafac-creme-legere-40ml\/#primaryimage"},"thumbnailUrl":"https:\/\/paracherkaoui.ma\/wp-content\/uploads\/2025\/12\/hyfac-hyfac-hydrafac-creme-legere-40ml-hydratants-peaux-normales-a-mixtes.jpg","datePublished":"2025-12-12T17:27:47+00:00","dateModified":"2025-12-12T17:27:52+00:00","breadcrumb":{"@id":"https:\/\/paracherkaoui.ma\/index.php\/produit\/hyfac-hydrafac-creme-legere-40ml\/#breadcrumb"},"inLanguage":"fr-FR","potentialAction":[{"@type":"ReadAction","target":["https:\/\/paracherkaoui.ma\/index.php\/produit\/hyfac-hydrafac-creme-legere-40ml\/"]}]},{"@type":"ImageObject","inLanguage":"fr-FR","@id":"https:\/\/paracherkaoui.ma\/index.php\/produit\/hyfac-hydrafac-creme-legere-40ml\/#primaryimage","url":"https:\/\/paracherkaoui.ma\/wp-content\/uploads\/2025\/12\/hyfac-hyfac-hydrafac-creme-legere-40ml-hydratants-peaux-normales-a-mixtes.jpg","contentUrl":"https:\/\/paracherkaoui.ma\/wp-content\/uploads\/2025\/12\/hyfac-hyfac-hydrafac-creme-legere-40ml-hydratants-peaux-normales-a-mixtes.jpg","width":700,"height":700},{"@type":"BreadcrumbList","@id":"https:\/\/paracherkaoui.ma\/index.php\/produit\/hyfac-hydrafac-creme-legere-40ml\/#breadcrumb","itemListElement":[{"@type":"ListItem","position":1,"name":"Accueil","item":"https:\/\/paracherkaoui.ma\/"},{"@type":"ListItem","position":2,"name":"Boutique","item":"https:\/\/paracherkaoui.ma\/index.php\/boutique\/"},{"@type":"ListItem","position":3,"name":"HYFAC Hydrafac Cr\u00e8me l\u00e9g\u00e8re \/40ML"}]},{"@type":"WebSite","@id":"https:\/\/paracherkaoui.ma\/#website","url":"https:\/\/paracherkaoui.ma\/","name":"Paracherkaoui.ma","description":"Achetez en ligne sur Paracherkaoui.ma","potentialAction":[{"@type":"SearchAction","target":{"@type":"EntryPoint","urlTemplate":"https:\/\/paracherkaoui.ma\/?s={search_term_string}"},"query-input":{"@type":"PropertyValueSpecification","valueRequired":true,"valueName":"search_term_string"}}],"inLanguage":"fr-FR"}]}},"_links":{"self":[{"href":"https:\/\/paracherkaoui.ma\/index.php\/wp-json\/wp\/v2\/product\/27899","targetHints":{"allow":["GET"]}}],"collection":[{"href":"https:\/\/paracherkaoui.ma\/index.php\/wp-json\/wp\/v2\/product"}],"about":[{"href":"https:\/\/paracherkaoui.ma\/index.php\/wp-json\/wp\/v2\/types\/product"}],"replies":[{"embeddable":true,"href":"https:\/\/paracherkaoui.ma\/index.php\/wp-json\/wp\/v2\/comments?post=27899"}],"version-history":[{"count":1,"href":"https:\/\/paracherkaoui.ma\/index.php\/wp-json\/wp\/v2\/product\/27899\/revisions"}],"predecessor-version":[{"id":27945,"href":"https:\/\/paracherkaoui.ma\/index.php\/wp-json\/wp\/v2\/product\/27899\/revisions\/27945"}],"wp:featuredmedia":[{"embeddable":true,"href":"https:\/\/paracherkaoui.ma\/index.php\/wp-json\/wp\/v2\/media\/27944"}],"wp:attachment":[{"href":"https:\/\/paracherkaoui.ma\/index.php\/wp-json\/wp\/v2\/media?parent=27899"}],"wp:term":[{"taxonomy":"product_brand","embeddable":true,"href":"https:\/\/paracherkaoui.ma\/index.php\/wp-json\/wp\/v2\/product_brand?post=27899"},{"taxonomy":"product_cat","embeddable":true,"href":"https:\/\/paracherkaoui.ma\/index.php\/wp-json\/wp\/v2\/product_cat?post=27899"},{"taxonomy":"product_tag","embeddable":true,"href":"https:\/\/paracherkaoui.ma\/index.php\/wp-json\/wp\/v2\/product_tag?post=27899"}],"curies":[{"name":"wp","href":"https:\/\/api.w.org\/{rel}","templated":true}]}}