{"id":27889,"date":"2025-12-12T18:27:47","date_gmt":"2025-12-12T17:27:47","guid":{"rendered":"https:\/\/test.ecbeaute.com\/?post_type=product&#038;p=27889"},"modified":"2025-12-12T18:27:50","modified_gmt":"2025-12-12T17:27:50","slug":"htderm-white-gelee-150-ml-2","status":"publish","type":"product","link":"https:\/\/paracherkaoui.ma\/index.php\/produit\/htderm-white-gelee-150-ml-2\/","title":{"rendered":"HTDERM WHITE GELEE 150 ML"},"content":{"rendered":"<p>Gel nettoyant exfoliant, \u00e9claircissant et lissant. Convient \u00e0 tous les types de peau en particulier les peaux grasses et mixtes. Efficacit\u00e9 cliniquement prouv\u00e9e<br \/>\nIndications et propri\u00e9t\u00e9s<br \/>\nHTDERM WHITE GELEE a \u00e9t\u00e9 sp\u00e9cialement d\u00e9velopp\u00e9 pour les peaux grasses, \u00e0 combiner avec des taches pigmentaires. Enrichi en actifs lissants, nettoyants et exfoliants, il nettoie en douceur tout en unifiant le teint et en lui redonnant son \u00e9clat. Meilleur traitement pour l&rsquo;acn\u00e9 des points noirs!<\/p>\n","protected":false},"excerpt":{"rendered":"<p>Gel nettoyant exfoliant, \u00e9claircissant et lissant. Convient \u00e0 tous les types de peau en particulier les peaux grasses et mixtes.<\/p>\n","protected":false},"featured_media":25999,"comment_status":"open","ping_status":"closed","template":"","meta":[],"product_brand":[519],"product_cat":[525],"product_tag":[],"class_list":{"0":"post-27889","1":"product","2":"type-product","3":"status-publish","4":"has-post-thumbnail","6":"product_brand-htderm","7":"product_cat-cremes-jour","9":"first","10":"instock","11":"sale","12":"shipping-taxable","13":"purchasable","14":"product-type-simple"},"yoast_head":"<!-- This site is optimized with the Yoast SEO plugin v26.6 - https:\/\/yoast.com\/wordpress\/plugins\/seo\/ -->\r\n<title>HTDERM WHITE GELEE 150 ML - Paracherkaoui.ma<\/title>\r\n<meta name=\"robots\" content=\"index, follow, max-snippet:-1, max-image-preview:large, max-video-preview:-1\" \/>\r\n<link rel=\"canonical\" href=\"https:\/\/paracherkaoui.ma\/index.php\/produit\/htderm-white-gelee-150-ml-2\/\" \/>\r\n<meta property=\"og:locale\" content=\"fr_FR\" \/>\r\n<meta property=\"og:type\" content=\"article\" \/>\r\n<meta property=\"og:title\" content=\"HTDERM WHITE GELEE 150 ML - Paracherkaoui.ma\" \/>\r\n<meta property=\"og:description\" content=\"Gel nettoyant exfoliant, \u00e9claircissant et lissant. Convient \u00e0 tous les types de peau en particulier les peaux grasses et mixtes.\" \/>\r\n<meta property=\"og:url\" content=\"https:\/\/paracherkaoui.ma\/index.php\/produit\/htderm-white-gelee-150-ml-2\/\" \/>\r\n<meta property=\"og:site_name\" content=\"Paracherkaoui.ma\" \/>\r\n<meta property=\"article:modified_time\" content=\"2025-12-12T17:27:50+00:00\" \/>\r\n<meta property=\"og:image\" content=\"https:\/\/paracherkaoui.ma\/wp-content\/uploads\/2025\/12\/htderm-htderm-white-gelee-150-ml-cremes-depigmentantes.jpg\" \/>\r\n\t<meta property=\"og:image:width\" content=\"700\" \/>\r\n\t<meta property=\"og:image:height\" content=\"700\" \/>\r\n\t<meta property=\"og:image:type\" content=\"image\/jpeg\" \/>\r\n<meta name=\"twitter:card\" content=\"summary_large_image\" \/>\r\n<script type=\"application\/ld+json\" class=\"yoast-schema-graph\">{\"@context\":\"https:\/\/schema.org\",\"@graph\":[{\"@type\":\"WebPage\",\"@id\":\"https:\/\/paracherkaoui.ma\/index.php\/produit\/htderm-white-gelee-150-ml-2\/\",\"url\":\"https:\/\/paracherkaoui.ma\/index.php\/produit\/htderm-white-gelee-150-ml-2\/\",\"name\":\"HTDERM WHITE GELEE 150 ML - Paracherkaoui.ma\",\"isPartOf\":{\"@id\":\"https:\/\/paracherkaoui.ma\/#website\"},\"primaryImageOfPage\":{\"@id\":\"https:\/\/paracherkaoui.ma\/index.php\/produit\/htderm-white-gelee-150-ml-2\/#primaryimage\"},\"image\":{\"@id\":\"https:\/\/paracherkaoui.ma\/index.php\/produit\/htderm-white-gelee-150-ml-2\/#primaryimage\"},\"thumbnailUrl\":\"https:\/\/paracherkaoui.ma\/wp-content\/uploads\/2025\/12\/htderm-htderm-white-gelee-150-ml-cremes-depigmentantes.jpg\",\"datePublished\":\"2025-12-12T17:27:47+00:00\",\"dateModified\":\"2025-12-12T17:27:50+00:00\",\"breadcrumb\":{\"@id\":\"https:\/\/paracherkaoui.ma\/index.php\/produit\/htderm-white-gelee-150-ml-2\/#breadcrumb\"},\"inLanguage\":\"fr-FR\",\"potentialAction\":[{\"@type\":\"ReadAction\",\"target\":[\"https:\/\/paracherkaoui.ma\/index.php\/produit\/htderm-white-gelee-150-ml-2\/\"]}]},{\"@type\":\"ImageObject\",\"inLanguage\":\"fr-FR\",\"@id\":\"https:\/\/paracherkaoui.ma\/index.php\/produit\/htderm-white-gelee-150-ml-2\/#primaryimage\",\"url\":\"https:\/\/paracherkaoui.ma\/wp-content\/uploads\/2025\/12\/htderm-htderm-white-gelee-150-ml-cremes-depigmentantes.jpg\",\"contentUrl\":\"https:\/\/paracherkaoui.ma\/wp-content\/uploads\/2025\/12\/htderm-htderm-white-gelee-150-ml-cremes-depigmentantes.jpg\",\"width\":700,\"height\":700},{\"@type\":\"BreadcrumbList\",\"@id\":\"https:\/\/paracherkaoui.ma\/index.php\/produit\/htderm-white-gelee-150-ml-2\/#breadcrumb\",\"itemListElement\":[{\"@type\":\"ListItem\",\"position\":1,\"name\":\"Accueil\",\"item\":\"https:\/\/paracherkaoui.ma\/\"},{\"@type\":\"ListItem\",\"position\":2,\"name\":\"Boutique\",\"item\":\"https:\/\/paracherkaoui.ma\/index.php\/boutique\/\"},{\"@type\":\"ListItem\",\"position\":3,\"name\":\"HTDERM WHITE GELEE 150 ML\"}]},{\"@type\":\"WebSite\",\"@id\":\"https:\/\/paracherkaoui.ma\/#website\",\"url\":\"https:\/\/paracherkaoui.ma\/\",\"name\":\"Paracherkaoui.ma\",\"description\":\"Achetez en ligne sur Paracherkaoui.ma\",\"potentialAction\":[{\"@type\":\"SearchAction\",\"target\":{\"@type\":\"EntryPoint\",\"urlTemplate\":\"https:\/\/paracherkaoui.ma\/?s={search_term_string}\"},\"query-input\":{\"@type\":\"PropertyValueSpecification\",\"valueRequired\":true,\"valueName\":\"search_term_string\"}}],\"inLanguage\":\"fr-FR\"}]}<\/script>\r\n<!-- \/ Yoast SEO plugin. -->","yoast_head_json":{"title":"HTDERM WHITE GELEE 150 ML - Paracherkaoui.ma","robots":{"index":"index","follow":"follow","max-snippet":"max-snippet:-1","max-image-preview":"max-image-preview:large","max-video-preview":"max-video-preview:-1"},"canonical":"https:\/\/paracherkaoui.ma\/index.php\/produit\/htderm-white-gelee-150-ml-2\/","og_locale":"fr_FR","og_type":"article","og_title":"HTDERM WHITE GELEE 150 ML - Paracherkaoui.ma","og_description":"Gel nettoyant exfoliant, \u00e9claircissant et lissant. Convient \u00e0 tous les types de peau en particulier les peaux grasses et mixtes.","og_url":"https:\/\/paracherkaoui.ma\/index.php\/produit\/htderm-white-gelee-150-ml-2\/","og_site_name":"Paracherkaoui.ma","article_modified_time":"2025-12-12T17:27:50+00:00","og_image":[{"width":700,"height":700,"url":"https:\/\/paracherkaoui.ma\/wp-content\/uploads\/2025\/12\/htderm-htderm-white-gelee-150-ml-cremes-depigmentantes.jpg","type":"image\/jpeg"}],"twitter_card":"summary_large_image","schema":{"@context":"https:\/\/schema.org","@graph":[{"@type":"WebPage","@id":"https:\/\/paracherkaoui.ma\/index.php\/produit\/htderm-white-gelee-150-ml-2\/","url":"https:\/\/paracherkaoui.ma\/index.php\/produit\/htderm-white-gelee-150-ml-2\/","name":"HTDERM WHITE GELEE 150 ML - Paracherkaoui.ma","isPartOf":{"@id":"https:\/\/paracherkaoui.ma\/#website"},"primaryImageOfPage":{"@id":"https:\/\/paracherkaoui.ma\/index.php\/produit\/htderm-white-gelee-150-ml-2\/#primaryimage"},"image":{"@id":"https:\/\/paracherkaoui.ma\/index.php\/produit\/htderm-white-gelee-150-ml-2\/#primaryimage"},"thumbnailUrl":"https:\/\/paracherkaoui.ma\/wp-content\/uploads\/2025\/12\/htderm-htderm-white-gelee-150-ml-cremes-depigmentantes.jpg","datePublished":"2025-12-12T17:27:47+00:00","dateModified":"2025-12-12T17:27:50+00:00","breadcrumb":{"@id":"https:\/\/paracherkaoui.ma\/index.php\/produit\/htderm-white-gelee-150-ml-2\/#breadcrumb"},"inLanguage":"fr-FR","potentialAction":[{"@type":"ReadAction","target":["https:\/\/paracherkaoui.ma\/index.php\/produit\/htderm-white-gelee-150-ml-2\/"]}]},{"@type":"ImageObject","inLanguage":"fr-FR","@id":"https:\/\/paracherkaoui.ma\/index.php\/produit\/htderm-white-gelee-150-ml-2\/#primaryimage","url":"https:\/\/paracherkaoui.ma\/wp-content\/uploads\/2025\/12\/htderm-htderm-white-gelee-150-ml-cremes-depigmentantes.jpg","contentUrl":"https:\/\/paracherkaoui.ma\/wp-content\/uploads\/2025\/12\/htderm-htderm-white-gelee-150-ml-cremes-depigmentantes.jpg","width":700,"height":700},{"@type":"BreadcrumbList","@id":"https:\/\/paracherkaoui.ma\/index.php\/produit\/htderm-white-gelee-150-ml-2\/#breadcrumb","itemListElement":[{"@type":"ListItem","position":1,"name":"Accueil","item":"https:\/\/paracherkaoui.ma\/"},{"@type":"ListItem","position":2,"name":"Boutique","item":"https:\/\/paracherkaoui.ma\/index.php\/boutique\/"},{"@type":"ListItem","position":3,"name":"HTDERM WHITE GELEE 150 ML"}]},{"@type":"WebSite","@id":"https:\/\/paracherkaoui.ma\/#website","url":"https:\/\/paracherkaoui.ma\/","name":"Paracherkaoui.ma","description":"Achetez en ligne sur Paracherkaoui.ma","potentialAction":[{"@type":"SearchAction","target":{"@type":"EntryPoint","urlTemplate":"https:\/\/paracherkaoui.ma\/?s={search_term_string}"},"query-input":{"@type":"PropertyValueSpecification","valueRequired":true,"valueName":"search_term_string"}}],"inLanguage":"fr-FR"}]}},"_links":{"self":[{"href":"https:\/\/paracherkaoui.ma\/index.php\/wp-json\/wp\/v2\/product\/27889","targetHints":{"allow":["GET"]}}],"collection":[{"href":"https:\/\/paracherkaoui.ma\/index.php\/wp-json\/wp\/v2\/product"}],"about":[{"href":"https:\/\/paracherkaoui.ma\/index.php\/wp-json\/wp\/v2\/types\/product"}],"replies":[{"embeddable":true,"href":"https:\/\/paracherkaoui.ma\/index.php\/wp-json\/wp\/v2\/comments?post=27889"}],"version-history":[{"count":1,"href":"https:\/\/paracherkaoui.ma\/index.php\/wp-json\/wp\/v2\/product\/27889\/revisions"}],"predecessor-version":[{"id":27927,"href":"https:\/\/paracherkaoui.ma\/index.php\/wp-json\/wp\/v2\/product\/27889\/revisions\/27927"}],"wp:featuredmedia":[{"embeddable":true,"href":"https:\/\/paracherkaoui.ma\/index.php\/wp-json\/wp\/v2\/media\/25999"}],"wp:attachment":[{"href":"https:\/\/paracherkaoui.ma\/index.php\/wp-json\/wp\/v2\/media?parent=27889"}],"wp:term":[{"taxonomy":"product_brand","embeddable":true,"href":"https:\/\/paracherkaoui.ma\/index.php\/wp-json\/wp\/v2\/product_brand?post=27889"},{"taxonomy":"product_cat","embeddable":true,"href":"https:\/\/paracherkaoui.ma\/index.php\/wp-json\/wp\/v2\/product_cat?post=27889"},{"taxonomy":"product_tag","embeddable":true,"href":"https:\/\/paracherkaoui.ma\/index.php\/wp-json\/wp\/v2\/product_tag?post=27889"}],"curies":[{"name":"wp","href":"https:\/\/api.w.org\/{rel}","templated":true}]}}