{"id":27885,"date":"2025-12-12T18:27:47","date_gmt":"2025-12-12T17:27:47","guid":{"rendered":"https:\/\/test.ecbeaute.com\/?post_type=product&#038;p=27885"},"modified":"2025-12-12T18:27:50","modified_gmt":"2025-12-12T17:27:50","slug":"aderma-phys-ac-global-soin-complet-40-ml","status":"publish","type":"product","link":"https:\/\/paracherkaoui.ma\/index.php\/produit\/aderma-phys-ac-global-soin-complet-40-ml\/","title":{"rendered":"ADERMA PHYS AC GLOBAL SOIN COMPLET 40 ML"},"content":{"rendered":"<p>Phys-AC Global est un soin complet au double b\u00e9n\u00e9fice : la peau n&rsquo;est pas agress\u00e9e par une haute dose d&rsquo;actifs lib\u00e9r\u00e9s en une fois et elle b\u00e9n\u00e9ficie d&rsquo;une hydratation et d&rsquo;un confort longue dur\u00e9e, La tol\u00e9rance est optimis\u00e9e, D\u00e9licatement parfum\u00e9, Ce soin r\u00e9duit l&rsquo;exc\u00e8s de s\u00e9bum, limite l&rsquo;adh\u00e9sion des bact\u00e9ries (P, Acnes, apaise et diminue les rougeurs li\u00e9es \u00e0 l&rsquo;irritation, exfolie et d\u00e9sincruste les pores, En plus, des agents hydratants compensateurs apportent confort et restaurent l&rsquo;\u00e9quilibre de la peau,<br \/>\nLes r\u00e9sultats cliniques montrent : R\u00e9duction de la s\u00e9borrh\u00e9e -36% ; Diminution des points noirs -61% ; Diminution des boutons inflammatoires -32%,<br \/>\nEvaluation clinique sous contr\u00f4le dermatologique sur 46 sujets acn\u00e9iques apr\u00e8s 6 semaines d&rsquo;utilisation,<br \/>\nEvaluation clinique sous contr\u00f4le dermatologique sur 32 sujets acn\u00e9iques apr\u00e8s 6 semaines d&rsquo;utilisation,<br \/>\nComposition :<br \/>\nS\u00e9bolia \u2192 S\u00e9bor\u00e9ducteur<br \/>\nExtrait de Plantules d&rsquo;Avoine Rhealba \u2192 Apaisant, anti-adh\u00e9sion P, Acnes<br \/>\nZincol \u2192 apaisant<br \/>\nConseils d&rsquo;utilisation :<br \/>\nPour profiter pleinement des bienfaits de notre soin, nous vous recommandons de l\u2019utiliser 1 \u00e0 2 fois par jour, apr\u00e8s avoir nettoy\u00e9 votre visage avec notre Gel moussant nettoyant purifiant ou notre Eau micellaire nettoyante purifiante.<\/p>\n","protected":false},"excerpt":{"rendered":"<p>Phys-AC Global est un soin complet au double b\u00e9n\u00e9fice : la peau n&rsquo;est pas agress\u00e9e par une haute dose d&rsquo;actifs<\/p>\n","protected":false},"featured_media":27921,"comment_status":"open","ping_status":"closed","template":"","meta":[],"product_brand":[372],"product_cat":[525],"product_tag":[],"class_list":{"0":"post-27885","1":"product","2":"type-product","3":"status-publish","4":"has-post-thumbnail","6":"product_brand-a-derma","7":"product_cat-cremes-jour","9":"first","10":"instock","11":"sale","12":"shipping-taxable","13":"purchasable","14":"product-type-simple"},"yoast_head":"<!-- This site is optimized with the Yoast SEO plugin v26.6 - https:\/\/yoast.com\/wordpress\/plugins\/seo\/ -->\r\n<title>ADERMA PHYS AC GLOBAL SOIN COMPLET 40 ML - Paracherkaoui.ma<\/title>\r\n<meta name=\"robots\" content=\"index, follow, max-snippet:-1, max-image-preview:large, max-video-preview:-1\" \/>\r\n<link rel=\"canonical\" href=\"https:\/\/paracherkaoui.ma\/index.php\/produit\/aderma-phys-ac-global-soin-complet-40-ml\/\" \/>\r\n<meta property=\"og:locale\" content=\"fr_FR\" \/>\r\n<meta property=\"og:type\" content=\"article\" \/>\r\n<meta property=\"og:title\" content=\"ADERMA PHYS AC GLOBAL SOIN COMPLET 40 ML - Paracherkaoui.ma\" \/>\r\n<meta property=\"og:description\" content=\"Phys-AC Global est un soin complet au double b\u00e9n\u00e9fice : la peau n&rsquo;est pas agress\u00e9e par une haute dose d&rsquo;actifs\" \/>\r\n<meta property=\"og:url\" content=\"https:\/\/paracherkaoui.ma\/index.php\/produit\/aderma-phys-ac-global-soin-complet-40-ml\/\" \/>\r\n<meta property=\"og:site_name\" content=\"Paracherkaoui.ma\" \/>\r\n<meta property=\"article:modified_time\" content=\"2025-12-12T17:27:50+00:00\" \/>\r\n<meta property=\"og:image\" content=\"https:\/\/paracherkaoui.ma\/wp-content\/uploads\/2025\/12\/a-derma-aderma-phys-ac-global-soin-complet-40-ml-cremes-jour.jpg\" \/>\r\n\t<meta property=\"og:image:width\" content=\"700\" \/>\r\n\t<meta property=\"og:image:height\" content=\"700\" \/>\r\n\t<meta property=\"og:image:type\" content=\"image\/jpeg\" \/>\r\n<meta name=\"twitter:card\" content=\"summary_large_image\" \/>\r\n<meta name=\"twitter:label1\" content=\"Dur\u00e9e de lecture estim\u00e9e\" \/>\n\t<meta name=\"twitter:data1\" content=\"1 minute\" \/>\r\n<script type=\"application\/ld+json\" class=\"yoast-schema-graph\">{\"@context\":\"https:\/\/schema.org\",\"@graph\":[{\"@type\":\"WebPage\",\"@id\":\"https:\/\/paracherkaoui.ma\/index.php\/produit\/aderma-phys-ac-global-soin-complet-40-ml\/\",\"url\":\"https:\/\/paracherkaoui.ma\/index.php\/produit\/aderma-phys-ac-global-soin-complet-40-ml\/\",\"name\":\"ADERMA PHYS AC GLOBAL SOIN COMPLET 40 ML - Paracherkaoui.ma\",\"isPartOf\":{\"@id\":\"https:\/\/paracherkaoui.ma\/#website\"},\"primaryImageOfPage\":{\"@id\":\"https:\/\/paracherkaoui.ma\/index.php\/produit\/aderma-phys-ac-global-soin-complet-40-ml\/#primaryimage\"},\"image\":{\"@id\":\"https:\/\/paracherkaoui.ma\/index.php\/produit\/aderma-phys-ac-global-soin-complet-40-ml\/#primaryimage\"},\"thumbnailUrl\":\"https:\/\/paracherkaoui.ma\/wp-content\/uploads\/2025\/12\/a-derma-aderma-phys-ac-global-soin-complet-40-ml-cremes-jour.jpg\",\"datePublished\":\"2025-12-12T17:27:47+00:00\",\"dateModified\":\"2025-12-12T17:27:50+00:00\",\"breadcrumb\":{\"@id\":\"https:\/\/paracherkaoui.ma\/index.php\/produit\/aderma-phys-ac-global-soin-complet-40-ml\/#breadcrumb\"},\"inLanguage\":\"fr-FR\",\"potentialAction\":[{\"@type\":\"ReadAction\",\"target\":[\"https:\/\/paracherkaoui.ma\/index.php\/produit\/aderma-phys-ac-global-soin-complet-40-ml\/\"]}]},{\"@type\":\"ImageObject\",\"inLanguage\":\"fr-FR\",\"@id\":\"https:\/\/paracherkaoui.ma\/index.php\/produit\/aderma-phys-ac-global-soin-complet-40-ml\/#primaryimage\",\"url\":\"https:\/\/paracherkaoui.ma\/wp-content\/uploads\/2025\/12\/a-derma-aderma-phys-ac-global-soin-complet-40-ml-cremes-jour.jpg\",\"contentUrl\":\"https:\/\/paracherkaoui.ma\/wp-content\/uploads\/2025\/12\/a-derma-aderma-phys-ac-global-soin-complet-40-ml-cremes-jour.jpg\",\"width\":700,\"height\":700},{\"@type\":\"BreadcrumbList\",\"@id\":\"https:\/\/paracherkaoui.ma\/index.php\/produit\/aderma-phys-ac-global-soin-complet-40-ml\/#breadcrumb\",\"itemListElement\":[{\"@type\":\"ListItem\",\"position\":1,\"name\":\"Accueil\",\"item\":\"https:\/\/paracherkaoui.ma\/\"},{\"@type\":\"ListItem\",\"position\":2,\"name\":\"Boutique\",\"item\":\"https:\/\/paracherkaoui.ma\/index.php\/boutique\/\"},{\"@type\":\"ListItem\",\"position\":3,\"name\":\"ADERMA PHYS AC GLOBAL SOIN COMPLET 40 ML\"}]},{\"@type\":\"WebSite\",\"@id\":\"https:\/\/paracherkaoui.ma\/#website\",\"url\":\"https:\/\/paracherkaoui.ma\/\",\"name\":\"Paracherkaoui.ma\",\"description\":\"Achetez en ligne sur Paracherkaoui.ma\",\"potentialAction\":[{\"@type\":\"SearchAction\",\"target\":{\"@type\":\"EntryPoint\",\"urlTemplate\":\"https:\/\/paracherkaoui.ma\/?s={search_term_string}\"},\"query-input\":{\"@type\":\"PropertyValueSpecification\",\"valueRequired\":true,\"valueName\":\"search_term_string\"}}],\"inLanguage\":\"fr-FR\"}]}<\/script>\r\n<!-- \/ Yoast SEO plugin. -->","yoast_head_json":{"title":"ADERMA PHYS AC GLOBAL SOIN COMPLET 40 ML - Paracherkaoui.ma","robots":{"index":"index","follow":"follow","max-snippet":"max-snippet:-1","max-image-preview":"max-image-preview:large","max-video-preview":"max-video-preview:-1"},"canonical":"https:\/\/paracherkaoui.ma\/index.php\/produit\/aderma-phys-ac-global-soin-complet-40-ml\/","og_locale":"fr_FR","og_type":"article","og_title":"ADERMA PHYS AC GLOBAL SOIN COMPLET 40 ML - Paracherkaoui.ma","og_description":"Phys-AC Global est un soin complet au double b\u00e9n\u00e9fice : la peau n&rsquo;est pas agress\u00e9e par une haute dose d&rsquo;actifs","og_url":"https:\/\/paracherkaoui.ma\/index.php\/produit\/aderma-phys-ac-global-soin-complet-40-ml\/","og_site_name":"Paracherkaoui.ma","article_modified_time":"2025-12-12T17:27:50+00:00","og_image":[{"width":700,"height":700,"url":"https:\/\/paracherkaoui.ma\/wp-content\/uploads\/2025\/12\/a-derma-aderma-phys-ac-global-soin-complet-40-ml-cremes-jour.jpg","type":"image\/jpeg"}],"twitter_card":"summary_large_image","twitter_misc":{"Dur\u00e9e de lecture estim\u00e9e":"1 minute"},"schema":{"@context":"https:\/\/schema.org","@graph":[{"@type":"WebPage","@id":"https:\/\/paracherkaoui.ma\/index.php\/produit\/aderma-phys-ac-global-soin-complet-40-ml\/","url":"https:\/\/paracherkaoui.ma\/index.php\/produit\/aderma-phys-ac-global-soin-complet-40-ml\/","name":"ADERMA PHYS AC GLOBAL SOIN COMPLET 40 ML - Paracherkaoui.ma","isPartOf":{"@id":"https:\/\/paracherkaoui.ma\/#website"},"primaryImageOfPage":{"@id":"https:\/\/paracherkaoui.ma\/index.php\/produit\/aderma-phys-ac-global-soin-complet-40-ml\/#primaryimage"},"image":{"@id":"https:\/\/paracherkaoui.ma\/index.php\/produit\/aderma-phys-ac-global-soin-complet-40-ml\/#primaryimage"},"thumbnailUrl":"https:\/\/paracherkaoui.ma\/wp-content\/uploads\/2025\/12\/a-derma-aderma-phys-ac-global-soin-complet-40-ml-cremes-jour.jpg","datePublished":"2025-12-12T17:27:47+00:00","dateModified":"2025-12-12T17:27:50+00:00","breadcrumb":{"@id":"https:\/\/paracherkaoui.ma\/index.php\/produit\/aderma-phys-ac-global-soin-complet-40-ml\/#breadcrumb"},"inLanguage":"fr-FR","potentialAction":[{"@type":"ReadAction","target":["https:\/\/paracherkaoui.ma\/index.php\/produit\/aderma-phys-ac-global-soin-complet-40-ml\/"]}]},{"@type":"ImageObject","inLanguage":"fr-FR","@id":"https:\/\/paracherkaoui.ma\/index.php\/produit\/aderma-phys-ac-global-soin-complet-40-ml\/#primaryimage","url":"https:\/\/paracherkaoui.ma\/wp-content\/uploads\/2025\/12\/a-derma-aderma-phys-ac-global-soin-complet-40-ml-cremes-jour.jpg","contentUrl":"https:\/\/paracherkaoui.ma\/wp-content\/uploads\/2025\/12\/a-derma-aderma-phys-ac-global-soin-complet-40-ml-cremes-jour.jpg","width":700,"height":700},{"@type":"BreadcrumbList","@id":"https:\/\/paracherkaoui.ma\/index.php\/produit\/aderma-phys-ac-global-soin-complet-40-ml\/#breadcrumb","itemListElement":[{"@type":"ListItem","position":1,"name":"Accueil","item":"https:\/\/paracherkaoui.ma\/"},{"@type":"ListItem","position":2,"name":"Boutique","item":"https:\/\/paracherkaoui.ma\/index.php\/boutique\/"},{"@type":"ListItem","position":3,"name":"ADERMA PHYS AC GLOBAL SOIN COMPLET 40 ML"}]},{"@type":"WebSite","@id":"https:\/\/paracherkaoui.ma\/#website","url":"https:\/\/paracherkaoui.ma\/","name":"Paracherkaoui.ma","description":"Achetez en ligne sur Paracherkaoui.ma","potentialAction":[{"@type":"SearchAction","target":{"@type":"EntryPoint","urlTemplate":"https:\/\/paracherkaoui.ma\/?s={search_term_string}"},"query-input":{"@type":"PropertyValueSpecification","valueRequired":true,"valueName":"search_term_string"}}],"inLanguage":"fr-FR"}]}},"_links":{"self":[{"href":"https:\/\/paracherkaoui.ma\/index.php\/wp-json\/wp\/v2\/product\/27885","targetHints":{"allow":["GET"]}}],"collection":[{"href":"https:\/\/paracherkaoui.ma\/index.php\/wp-json\/wp\/v2\/product"}],"about":[{"href":"https:\/\/paracherkaoui.ma\/index.php\/wp-json\/wp\/v2\/types\/product"}],"replies":[{"embeddable":true,"href":"https:\/\/paracherkaoui.ma\/index.php\/wp-json\/wp\/v2\/comments?post=27885"}],"version-history":[{"count":1,"href":"https:\/\/paracherkaoui.ma\/index.php\/wp-json\/wp\/v2\/product\/27885\/revisions"}],"predecessor-version":[{"id":27922,"href":"https:\/\/paracherkaoui.ma\/index.php\/wp-json\/wp\/v2\/product\/27885\/revisions\/27922"}],"wp:featuredmedia":[{"embeddable":true,"href":"https:\/\/paracherkaoui.ma\/index.php\/wp-json\/wp\/v2\/media\/27921"}],"wp:attachment":[{"href":"https:\/\/paracherkaoui.ma\/index.php\/wp-json\/wp\/v2\/media?parent=27885"}],"wp:term":[{"taxonomy":"product_brand","embeddable":true,"href":"https:\/\/paracherkaoui.ma\/index.php\/wp-json\/wp\/v2\/product_brand?post=27885"},{"taxonomy":"product_cat","embeddable":true,"href":"https:\/\/paracherkaoui.ma\/index.php\/wp-json\/wp\/v2\/product_cat?post=27885"},{"taxonomy":"product_tag","embeddable":true,"href":"https:\/\/paracherkaoui.ma\/index.php\/wp-json\/wp\/v2\/product_tag?post=27885"}],"curies":[{"name":"wp","href":"https:\/\/api.w.org\/{rel}","templated":true}]}}