{"id":27878,"date":"2025-12-12T18:27:46","date_gmt":"2025-12-12T17:27:46","guid":{"rendered":"https:\/\/test.ecbeaute.com\/?post_type=product&#038;p=27878"},"modified":"2025-12-12T18:27:49","modified_gmt":"2025-12-12T17:27:49","slug":"rilastil-aqua-legere-creme-50ml","status":"publish","type":"product","link":"https:\/\/paracherkaoui.ma\/index.php\/produit\/rilastil-aqua-legere-creme-50ml\/","title":{"rendered":"RILASTIL AQUA L\u00c9G\u00c8RE CR\u00c8ME 50ML"},"content":{"rendered":"<p>Traitement qui aide \u00e0 restaurer le bon niveau d\u2019hydratation de la peau (acide hyaluronique \u00e0 haut poids mol\u00e9culaire pour une hydratation superficielle et \u00e0 faible poids mol\u00e9culaire pour une hydratation en profondeur) et rend la peau lumineuse et lisse. Convient aux peaux normales et mixtes.<br \/>\nCONSEILS D\u2019UTILISATION :<br \/>\nAppliquer matin et soir apr\u00e8s le nettoyage.<\/p>\n","protected":false},"excerpt":{"rendered":"<p>Traitement qui aide \u00e0 restaurer le bon niveau d\u2019hydratation de la peau (acide hyaluronique \u00e0 haut poids mol\u00e9culaire pour une<\/p>\n","protected":false},"featured_media":27911,"comment_status":"open","ping_status":"closed","template":"","meta":[],"product_brand":[393],"product_cat":[525],"product_tag":[],"class_list":{"0":"post-27878","1":"product","2":"type-product","3":"status-publish","4":"has-post-thumbnail","6":"product_brand-rilastil","7":"product_cat-cremes-jour","9":"first","10":"instock","11":"sale","12":"shipping-taxable","13":"purchasable","14":"product-type-simple"},"yoast_head":"<!-- This site is optimized with the Yoast SEO plugin v26.6 - https:\/\/yoast.com\/wordpress\/plugins\/seo\/ -->\r\n<title>RILASTIL AQUA L\u00c9G\u00c8RE CR\u00c8ME 50ML - Paracherkaoui.ma<\/title>\r\n<meta name=\"robots\" content=\"index, follow, max-snippet:-1, max-image-preview:large, max-video-preview:-1\" \/>\r\n<link rel=\"canonical\" href=\"https:\/\/paracherkaoui.ma\/index.php\/produit\/rilastil-aqua-legere-creme-50ml\/\" \/>\r\n<meta property=\"og:locale\" content=\"fr_FR\" \/>\r\n<meta property=\"og:type\" content=\"article\" \/>\r\n<meta property=\"og:title\" content=\"RILASTIL AQUA L\u00c9G\u00c8RE CR\u00c8ME 50ML - Paracherkaoui.ma\" \/>\r\n<meta property=\"og:description\" content=\"Traitement qui aide \u00e0 restaurer le bon niveau d\u2019hydratation de la peau (acide hyaluronique \u00e0 haut poids mol\u00e9culaire pour une\" \/>\r\n<meta property=\"og:url\" content=\"https:\/\/paracherkaoui.ma\/index.php\/produit\/rilastil-aqua-legere-creme-50ml\/\" \/>\r\n<meta property=\"og:site_name\" content=\"Paracherkaoui.ma\" \/>\r\n<meta property=\"article:modified_time\" content=\"2025-12-12T17:27:49+00:00\" \/>\r\n<meta property=\"og:image\" content=\"https:\/\/paracherkaoui.ma\/wp-content\/uploads\/2025\/12\/rilastil-rilastil-aqua-legere-creme-50ml-home.jpg\" \/>\r\n\t<meta property=\"og:image:width\" content=\"700\" \/>\r\n\t<meta property=\"og:image:height\" content=\"700\" \/>\r\n\t<meta property=\"og:image:type\" content=\"image\/jpeg\" \/>\r\n<meta name=\"twitter:card\" content=\"summary_large_image\" \/>\r\n<script type=\"application\/ld+json\" class=\"yoast-schema-graph\">{\"@context\":\"https:\/\/schema.org\",\"@graph\":[{\"@type\":\"WebPage\",\"@id\":\"https:\/\/paracherkaoui.ma\/index.php\/produit\/rilastil-aqua-legere-creme-50ml\/\",\"url\":\"https:\/\/paracherkaoui.ma\/index.php\/produit\/rilastil-aqua-legere-creme-50ml\/\",\"name\":\"RILASTIL AQUA L\u00c9G\u00c8RE CR\u00c8ME 50ML - Paracherkaoui.ma\",\"isPartOf\":{\"@id\":\"https:\/\/paracherkaoui.ma\/#website\"},\"primaryImageOfPage\":{\"@id\":\"https:\/\/paracherkaoui.ma\/index.php\/produit\/rilastil-aqua-legere-creme-50ml\/#primaryimage\"},\"image\":{\"@id\":\"https:\/\/paracherkaoui.ma\/index.php\/produit\/rilastil-aqua-legere-creme-50ml\/#primaryimage\"},\"thumbnailUrl\":\"https:\/\/paracherkaoui.ma\/wp-content\/uploads\/2025\/12\/rilastil-rilastil-aqua-legere-creme-50ml-home.jpg\",\"datePublished\":\"2025-12-12T17:27:46+00:00\",\"dateModified\":\"2025-12-12T17:27:49+00:00\",\"breadcrumb\":{\"@id\":\"https:\/\/paracherkaoui.ma\/index.php\/produit\/rilastil-aqua-legere-creme-50ml\/#breadcrumb\"},\"inLanguage\":\"fr-FR\",\"potentialAction\":[{\"@type\":\"ReadAction\",\"target\":[\"https:\/\/paracherkaoui.ma\/index.php\/produit\/rilastil-aqua-legere-creme-50ml\/\"]}]},{\"@type\":\"ImageObject\",\"inLanguage\":\"fr-FR\",\"@id\":\"https:\/\/paracherkaoui.ma\/index.php\/produit\/rilastil-aqua-legere-creme-50ml\/#primaryimage\",\"url\":\"https:\/\/paracherkaoui.ma\/wp-content\/uploads\/2025\/12\/rilastil-rilastil-aqua-legere-creme-50ml-home.jpg\",\"contentUrl\":\"https:\/\/paracherkaoui.ma\/wp-content\/uploads\/2025\/12\/rilastil-rilastil-aqua-legere-creme-50ml-home.jpg\",\"width\":700,\"height\":700},{\"@type\":\"BreadcrumbList\",\"@id\":\"https:\/\/paracherkaoui.ma\/index.php\/produit\/rilastil-aqua-legere-creme-50ml\/#breadcrumb\",\"itemListElement\":[{\"@type\":\"ListItem\",\"position\":1,\"name\":\"Accueil\",\"item\":\"https:\/\/paracherkaoui.ma\/\"},{\"@type\":\"ListItem\",\"position\":2,\"name\":\"Boutique\",\"item\":\"https:\/\/paracherkaoui.ma\/index.php\/boutique\/\"},{\"@type\":\"ListItem\",\"position\":3,\"name\":\"RILASTIL AQUA L\u00c9G\u00c8RE CR\u00c8ME 50ML\"}]},{\"@type\":\"WebSite\",\"@id\":\"https:\/\/paracherkaoui.ma\/#website\",\"url\":\"https:\/\/paracherkaoui.ma\/\",\"name\":\"Paracherkaoui.ma\",\"description\":\"Achetez en ligne sur Paracherkaoui.ma\",\"potentialAction\":[{\"@type\":\"SearchAction\",\"target\":{\"@type\":\"EntryPoint\",\"urlTemplate\":\"https:\/\/paracherkaoui.ma\/?s={search_term_string}\"},\"query-input\":{\"@type\":\"PropertyValueSpecification\",\"valueRequired\":true,\"valueName\":\"search_term_string\"}}],\"inLanguage\":\"fr-FR\"}]}<\/script>\r\n<!-- \/ Yoast SEO plugin. -->","yoast_head_json":{"title":"RILASTIL AQUA L\u00c9G\u00c8RE CR\u00c8ME 50ML - Paracherkaoui.ma","robots":{"index":"index","follow":"follow","max-snippet":"max-snippet:-1","max-image-preview":"max-image-preview:large","max-video-preview":"max-video-preview:-1"},"canonical":"https:\/\/paracherkaoui.ma\/index.php\/produit\/rilastil-aqua-legere-creme-50ml\/","og_locale":"fr_FR","og_type":"article","og_title":"RILASTIL AQUA L\u00c9G\u00c8RE CR\u00c8ME 50ML - Paracherkaoui.ma","og_description":"Traitement qui aide \u00e0 restaurer le bon niveau d\u2019hydratation de la peau (acide hyaluronique \u00e0 haut poids mol\u00e9culaire pour une","og_url":"https:\/\/paracherkaoui.ma\/index.php\/produit\/rilastil-aqua-legere-creme-50ml\/","og_site_name":"Paracherkaoui.ma","article_modified_time":"2025-12-12T17:27:49+00:00","og_image":[{"width":700,"height":700,"url":"https:\/\/paracherkaoui.ma\/wp-content\/uploads\/2025\/12\/rilastil-rilastil-aqua-legere-creme-50ml-home.jpg","type":"image\/jpeg"}],"twitter_card":"summary_large_image","schema":{"@context":"https:\/\/schema.org","@graph":[{"@type":"WebPage","@id":"https:\/\/paracherkaoui.ma\/index.php\/produit\/rilastil-aqua-legere-creme-50ml\/","url":"https:\/\/paracherkaoui.ma\/index.php\/produit\/rilastil-aqua-legere-creme-50ml\/","name":"RILASTIL AQUA L\u00c9G\u00c8RE CR\u00c8ME 50ML - Paracherkaoui.ma","isPartOf":{"@id":"https:\/\/paracherkaoui.ma\/#website"},"primaryImageOfPage":{"@id":"https:\/\/paracherkaoui.ma\/index.php\/produit\/rilastil-aqua-legere-creme-50ml\/#primaryimage"},"image":{"@id":"https:\/\/paracherkaoui.ma\/index.php\/produit\/rilastil-aqua-legere-creme-50ml\/#primaryimage"},"thumbnailUrl":"https:\/\/paracherkaoui.ma\/wp-content\/uploads\/2025\/12\/rilastil-rilastil-aqua-legere-creme-50ml-home.jpg","datePublished":"2025-12-12T17:27:46+00:00","dateModified":"2025-12-12T17:27:49+00:00","breadcrumb":{"@id":"https:\/\/paracherkaoui.ma\/index.php\/produit\/rilastil-aqua-legere-creme-50ml\/#breadcrumb"},"inLanguage":"fr-FR","potentialAction":[{"@type":"ReadAction","target":["https:\/\/paracherkaoui.ma\/index.php\/produit\/rilastil-aqua-legere-creme-50ml\/"]}]},{"@type":"ImageObject","inLanguage":"fr-FR","@id":"https:\/\/paracherkaoui.ma\/index.php\/produit\/rilastil-aqua-legere-creme-50ml\/#primaryimage","url":"https:\/\/paracherkaoui.ma\/wp-content\/uploads\/2025\/12\/rilastil-rilastil-aqua-legere-creme-50ml-home.jpg","contentUrl":"https:\/\/paracherkaoui.ma\/wp-content\/uploads\/2025\/12\/rilastil-rilastil-aqua-legere-creme-50ml-home.jpg","width":700,"height":700},{"@type":"BreadcrumbList","@id":"https:\/\/paracherkaoui.ma\/index.php\/produit\/rilastil-aqua-legere-creme-50ml\/#breadcrumb","itemListElement":[{"@type":"ListItem","position":1,"name":"Accueil","item":"https:\/\/paracherkaoui.ma\/"},{"@type":"ListItem","position":2,"name":"Boutique","item":"https:\/\/paracherkaoui.ma\/index.php\/boutique\/"},{"@type":"ListItem","position":3,"name":"RILASTIL AQUA L\u00c9G\u00c8RE CR\u00c8ME 50ML"}]},{"@type":"WebSite","@id":"https:\/\/paracherkaoui.ma\/#website","url":"https:\/\/paracherkaoui.ma\/","name":"Paracherkaoui.ma","description":"Achetez en ligne sur Paracherkaoui.ma","potentialAction":[{"@type":"SearchAction","target":{"@type":"EntryPoint","urlTemplate":"https:\/\/paracherkaoui.ma\/?s={search_term_string}"},"query-input":{"@type":"PropertyValueSpecification","valueRequired":true,"valueName":"search_term_string"}}],"inLanguage":"fr-FR"}]}},"_links":{"self":[{"href":"https:\/\/paracherkaoui.ma\/index.php\/wp-json\/wp\/v2\/product\/27878","targetHints":{"allow":["GET"]}}],"collection":[{"href":"https:\/\/paracherkaoui.ma\/index.php\/wp-json\/wp\/v2\/product"}],"about":[{"href":"https:\/\/paracherkaoui.ma\/index.php\/wp-json\/wp\/v2\/types\/product"}],"replies":[{"embeddable":true,"href":"https:\/\/paracherkaoui.ma\/index.php\/wp-json\/wp\/v2\/comments?post=27878"}],"version-history":[{"count":1,"href":"https:\/\/paracherkaoui.ma\/index.php\/wp-json\/wp\/v2\/product\/27878\/revisions"}],"predecessor-version":[{"id":27912,"href":"https:\/\/paracherkaoui.ma\/index.php\/wp-json\/wp\/v2\/product\/27878\/revisions\/27912"}],"wp:featuredmedia":[{"embeddable":true,"href":"https:\/\/paracherkaoui.ma\/index.php\/wp-json\/wp\/v2\/media\/27911"}],"wp:attachment":[{"href":"https:\/\/paracherkaoui.ma\/index.php\/wp-json\/wp\/v2\/media?parent=27878"}],"wp:term":[{"taxonomy":"product_brand","embeddable":true,"href":"https:\/\/paracherkaoui.ma\/index.php\/wp-json\/wp\/v2\/product_brand?post=27878"},{"taxonomy":"product_cat","embeddable":true,"href":"https:\/\/paracherkaoui.ma\/index.php\/wp-json\/wp\/v2\/product_cat?post=27878"},{"taxonomy":"product_tag","embeddable":true,"href":"https:\/\/paracherkaoui.ma\/index.php\/wp-json\/wp\/v2\/product_tag?post=27878"}],"curies":[{"name":"wp","href":"https:\/\/api.w.org\/{rel}","templated":true}]}}