{"id":27876,"date":"2025-12-12T18:27:46","date_gmt":"2025-12-12T17:27:46","guid":{"rendered":"https:\/\/test.ecbeaute.com\/?post_type=product&#038;p=27876"},"modified":"2025-12-12T18:27:48","modified_gmt":"2025-12-12T17:27:48","slug":"eptaderm-epta-creme-hydratante-peau-seche-50-ml","status":"publish","type":"product","link":"https:\/\/paracherkaoui.ma\/index.php\/produit\/eptaderm-epta-creme-hydratante-peau-seche-50-ml\/","title":{"rendered":"EPTADERM EPTA CREME HYDRATANTE PEAU SECHE 50 ML"},"content":{"rendered":"<p>Eptaderm EPTA CR\u00c8ME HYDRATANTE traitement cosm\u00e9tique id\u00e9al \u00e9mollient et hydratant * pour les peaux s\u00e8ches, soulign\u00e9 par des traitements pharmacologiques ou irrit\u00e9es par des agents ext\u00e9rieurs. Compl\u00e8tement et sans paraben, avec sa texture douce et non grasse sans parfum, EPTA CR\u00c8ME Visage Hydratant peut \u00eatre utilis\u00e9 comme un hydratant quotidien pour le visage *, ainsi que d&rsquo; une base pour le maquillage.<br \/>\nFormule<br \/>\nGlacier Swiss Water, riche en oligo-\u00e9l\u00e9ments, pour apaiser les rougeurs et les d\u00e9mangeaisons;<br \/>\nIRWINOL, avec un effet hydratant puissant effectue la double t\u00e2che de restaurer la barri\u00e8re cutan\u00e9e et le film hydro-lipidique;<br \/>\nHuile de Jojoba, fournit la teneur en lipides parfaite n\u00e9cessaire de renforcer la fonction barri\u00e8re de la peau;<br \/>\nLa vitamine E, avec une action anti-oxydant pour prot\u00e9ger la peau contre les radicaux libres et d&rsquo;am\u00e9liorer la fonction barri\u00e8re de la peau.<br \/>\n* Hydratation des couches sup\u00e9rieures de l&rsquo;\u00e9piderme<\/p>\n","protected":false},"excerpt":{"rendered":"<p>Eptaderm EPTA CR\u00c8ME HYDRATANTE traitement cosm\u00e9tique id\u00e9al \u00e9mollient et hydratant * pour les peaux s\u00e8ches, soulign\u00e9 par des traitements pharmacologiques<\/p>\n","protected":false},"featured_media":27907,"comment_status":"open","ping_status":"closed","template":"","meta":[],"product_brand":[243],"product_cat":[525],"product_tag":[],"class_list":{"0":"post-27876","1":"product","2":"type-product","3":"status-publish","4":"has-post-thumbnail","6":"product_brand-eptaderm","7":"product_cat-cremes-jour","9":"first","10":"instock","11":"sale","12":"shipping-taxable","13":"purchasable","14":"product-type-simple"},"yoast_head":"<!-- This site is optimized with the Yoast SEO plugin v26.6 - https:\/\/yoast.com\/wordpress\/plugins\/seo\/ -->\r\n<title>EPTADERM EPTA CREME HYDRATANTE PEAU SECHE 50 ML - Paracherkaoui.ma<\/title>\r\n<meta name=\"robots\" content=\"index, follow, max-snippet:-1, max-image-preview:large, max-video-preview:-1\" \/>\r\n<link rel=\"canonical\" href=\"https:\/\/paracherkaoui.ma\/index.php\/produit\/eptaderm-epta-creme-hydratante-peau-seche-50-ml\/\" \/>\r\n<meta property=\"og:locale\" content=\"fr_FR\" \/>\r\n<meta property=\"og:type\" content=\"article\" \/>\r\n<meta property=\"og:title\" content=\"EPTADERM EPTA CREME HYDRATANTE PEAU SECHE 50 ML - Paracherkaoui.ma\" \/>\r\n<meta property=\"og:description\" content=\"Eptaderm EPTA CR\u00c8ME HYDRATANTE traitement cosm\u00e9tique id\u00e9al \u00e9mollient et hydratant * pour les peaux s\u00e8ches, soulign\u00e9 par des traitements pharmacologiques\" \/>\r\n<meta property=\"og:url\" content=\"https:\/\/paracherkaoui.ma\/index.php\/produit\/eptaderm-epta-creme-hydratante-peau-seche-50-ml\/\" \/>\r\n<meta property=\"og:site_name\" content=\"Paracherkaoui.ma\" \/>\r\n<meta property=\"article:modified_time\" content=\"2025-12-12T17:27:48+00:00\" \/>\r\n<meta property=\"og:image\" content=\"https:\/\/paracherkaoui.ma\/wp-content\/uploads\/2025\/12\/eptaderm-eptaderm-epta-creme-hydratante-peau-seche-50-ml-cremes-jour.jpg\" \/>\r\n\t<meta property=\"og:image:width\" content=\"700\" \/>\r\n\t<meta property=\"og:image:height\" content=\"700\" \/>\r\n\t<meta property=\"og:image:type\" content=\"image\/jpeg\" \/>\r\n<meta name=\"twitter:card\" content=\"summary_large_image\" \/>\r\n<meta name=\"twitter:label1\" content=\"Dur\u00e9e de lecture estim\u00e9e\" \/>\n\t<meta name=\"twitter:data1\" content=\"1 minute\" \/>\r\n<script type=\"application\/ld+json\" class=\"yoast-schema-graph\">{\"@context\":\"https:\/\/schema.org\",\"@graph\":[{\"@type\":\"WebPage\",\"@id\":\"https:\/\/paracherkaoui.ma\/index.php\/produit\/eptaderm-epta-creme-hydratante-peau-seche-50-ml\/\",\"url\":\"https:\/\/paracherkaoui.ma\/index.php\/produit\/eptaderm-epta-creme-hydratante-peau-seche-50-ml\/\",\"name\":\"EPTADERM EPTA CREME HYDRATANTE PEAU SECHE 50 ML - Paracherkaoui.ma\",\"isPartOf\":{\"@id\":\"https:\/\/paracherkaoui.ma\/#website\"},\"primaryImageOfPage\":{\"@id\":\"https:\/\/paracherkaoui.ma\/index.php\/produit\/eptaderm-epta-creme-hydratante-peau-seche-50-ml\/#primaryimage\"},\"image\":{\"@id\":\"https:\/\/paracherkaoui.ma\/index.php\/produit\/eptaderm-epta-creme-hydratante-peau-seche-50-ml\/#primaryimage\"},\"thumbnailUrl\":\"https:\/\/paracherkaoui.ma\/wp-content\/uploads\/2025\/12\/eptaderm-eptaderm-epta-creme-hydratante-peau-seche-50-ml-cremes-jour.jpg\",\"datePublished\":\"2025-12-12T17:27:46+00:00\",\"dateModified\":\"2025-12-12T17:27:48+00:00\",\"breadcrumb\":{\"@id\":\"https:\/\/paracherkaoui.ma\/index.php\/produit\/eptaderm-epta-creme-hydratante-peau-seche-50-ml\/#breadcrumb\"},\"inLanguage\":\"fr-FR\",\"potentialAction\":[{\"@type\":\"ReadAction\",\"target\":[\"https:\/\/paracherkaoui.ma\/index.php\/produit\/eptaderm-epta-creme-hydratante-peau-seche-50-ml\/\"]}]},{\"@type\":\"ImageObject\",\"inLanguage\":\"fr-FR\",\"@id\":\"https:\/\/paracherkaoui.ma\/index.php\/produit\/eptaderm-epta-creme-hydratante-peau-seche-50-ml\/#primaryimage\",\"url\":\"https:\/\/paracherkaoui.ma\/wp-content\/uploads\/2025\/12\/eptaderm-eptaderm-epta-creme-hydratante-peau-seche-50-ml-cremes-jour.jpg\",\"contentUrl\":\"https:\/\/paracherkaoui.ma\/wp-content\/uploads\/2025\/12\/eptaderm-eptaderm-epta-creme-hydratante-peau-seche-50-ml-cremes-jour.jpg\",\"width\":700,\"height\":700},{\"@type\":\"BreadcrumbList\",\"@id\":\"https:\/\/paracherkaoui.ma\/index.php\/produit\/eptaderm-epta-creme-hydratante-peau-seche-50-ml\/#breadcrumb\",\"itemListElement\":[{\"@type\":\"ListItem\",\"position\":1,\"name\":\"Accueil\",\"item\":\"https:\/\/paracherkaoui.ma\/\"},{\"@type\":\"ListItem\",\"position\":2,\"name\":\"Boutique\",\"item\":\"https:\/\/paracherkaoui.ma\/index.php\/boutique\/\"},{\"@type\":\"ListItem\",\"position\":3,\"name\":\"EPTADERM EPTA CREME HYDRATANTE PEAU SECHE 50 ML\"}]},{\"@type\":\"WebSite\",\"@id\":\"https:\/\/paracherkaoui.ma\/#website\",\"url\":\"https:\/\/paracherkaoui.ma\/\",\"name\":\"Paracherkaoui.ma\",\"description\":\"Achetez en ligne sur Paracherkaoui.ma\",\"potentialAction\":[{\"@type\":\"SearchAction\",\"target\":{\"@type\":\"EntryPoint\",\"urlTemplate\":\"https:\/\/paracherkaoui.ma\/?s={search_term_string}\"},\"query-input\":{\"@type\":\"PropertyValueSpecification\",\"valueRequired\":true,\"valueName\":\"search_term_string\"}}],\"inLanguage\":\"fr-FR\"}]}<\/script>\r\n<!-- \/ Yoast SEO plugin. -->","yoast_head_json":{"title":"EPTADERM EPTA CREME HYDRATANTE PEAU SECHE 50 ML - Paracherkaoui.ma","robots":{"index":"index","follow":"follow","max-snippet":"max-snippet:-1","max-image-preview":"max-image-preview:large","max-video-preview":"max-video-preview:-1"},"canonical":"https:\/\/paracherkaoui.ma\/index.php\/produit\/eptaderm-epta-creme-hydratante-peau-seche-50-ml\/","og_locale":"fr_FR","og_type":"article","og_title":"EPTADERM EPTA CREME HYDRATANTE PEAU SECHE 50 ML - Paracherkaoui.ma","og_description":"Eptaderm EPTA CR\u00c8ME HYDRATANTE traitement cosm\u00e9tique id\u00e9al \u00e9mollient et hydratant * pour les peaux s\u00e8ches, soulign\u00e9 par des traitements pharmacologiques","og_url":"https:\/\/paracherkaoui.ma\/index.php\/produit\/eptaderm-epta-creme-hydratante-peau-seche-50-ml\/","og_site_name":"Paracherkaoui.ma","article_modified_time":"2025-12-12T17:27:48+00:00","og_image":[{"width":700,"height":700,"url":"https:\/\/paracherkaoui.ma\/wp-content\/uploads\/2025\/12\/eptaderm-eptaderm-epta-creme-hydratante-peau-seche-50-ml-cremes-jour.jpg","type":"image\/jpeg"}],"twitter_card":"summary_large_image","twitter_misc":{"Dur\u00e9e de lecture estim\u00e9e":"1 minute"},"schema":{"@context":"https:\/\/schema.org","@graph":[{"@type":"WebPage","@id":"https:\/\/paracherkaoui.ma\/index.php\/produit\/eptaderm-epta-creme-hydratante-peau-seche-50-ml\/","url":"https:\/\/paracherkaoui.ma\/index.php\/produit\/eptaderm-epta-creme-hydratante-peau-seche-50-ml\/","name":"EPTADERM EPTA CREME HYDRATANTE PEAU SECHE 50 ML - Paracherkaoui.ma","isPartOf":{"@id":"https:\/\/paracherkaoui.ma\/#website"},"primaryImageOfPage":{"@id":"https:\/\/paracherkaoui.ma\/index.php\/produit\/eptaderm-epta-creme-hydratante-peau-seche-50-ml\/#primaryimage"},"image":{"@id":"https:\/\/paracherkaoui.ma\/index.php\/produit\/eptaderm-epta-creme-hydratante-peau-seche-50-ml\/#primaryimage"},"thumbnailUrl":"https:\/\/paracherkaoui.ma\/wp-content\/uploads\/2025\/12\/eptaderm-eptaderm-epta-creme-hydratante-peau-seche-50-ml-cremes-jour.jpg","datePublished":"2025-12-12T17:27:46+00:00","dateModified":"2025-12-12T17:27:48+00:00","breadcrumb":{"@id":"https:\/\/paracherkaoui.ma\/index.php\/produit\/eptaderm-epta-creme-hydratante-peau-seche-50-ml\/#breadcrumb"},"inLanguage":"fr-FR","potentialAction":[{"@type":"ReadAction","target":["https:\/\/paracherkaoui.ma\/index.php\/produit\/eptaderm-epta-creme-hydratante-peau-seche-50-ml\/"]}]},{"@type":"ImageObject","inLanguage":"fr-FR","@id":"https:\/\/paracherkaoui.ma\/index.php\/produit\/eptaderm-epta-creme-hydratante-peau-seche-50-ml\/#primaryimage","url":"https:\/\/paracherkaoui.ma\/wp-content\/uploads\/2025\/12\/eptaderm-eptaderm-epta-creme-hydratante-peau-seche-50-ml-cremes-jour.jpg","contentUrl":"https:\/\/paracherkaoui.ma\/wp-content\/uploads\/2025\/12\/eptaderm-eptaderm-epta-creme-hydratante-peau-seche-50-ml-cremes-jour.jpg","width":700,"height":700},{"@type":"BreadcrumbList","@id":"https:\/\/paracherkaoui.ma\/index.php\/produit\/eptaderm-epta-creme-hydratante-peau-seche-50-ml\/#breadcrumb","itemListElement":[{"@type":"ListItem","position":1,"name":"Accueil","item":"https:\/\/paracherkaoui.ma\/"},{"@type":"ListItem","position":2,"name":"Boutique","item":"https:\/\/paracherkaoui.ma\/index.php\/boutique\/"},{"@type":"ListItem","position":3,"name":"EPTADERM EPTA CREME HYDRATANTE PEAU SECHE 50 ML"}]},{"@type":"WebSite","@id":"https:\/\/paracherkaoui.ma\/#website","url":"https:\/\/paracherkaoui.ma\/","name":"Paracherkaoui.ma","description":"Achetez en ligne sur Paracherkaoui.ma","potentialAction":[{"@type":"SearchAction","target":{"@type":"EntryPoint","urlTemplate":"https:\/\/paracherkaoui.ma\/?s={search_term_string}"},"query-input":{"@type":"PropertyValueSpecification","valueRequired":true,"valueName":"search_term_string"}}],"inLanguage":"fr-FR"}]}},"_links":{"self":[{"href":"https:\/\/paracherkaoui.ma\/index.php\/wp-json\/wp\/v2\/product\/27876","targetHints":{"allow":["GET"]}}],"collection":[{"href":"https:\/\/paracherkaoui.ma\/index.php\/wp-json\/wp\/v2\/product"}],"about":[{"href":"https:\/\/paracherkaoui.ma\/index.php\/wp-json\/wp\/v2\/types\/product"}],"replies":[{"embeddable":true,"href":"https:\/\/paracherkaoui.ma\/index.php\/wp-json\/wp\/v2\/comments?post=27876"}],"version-history":[{"count":1,"href":"https:\/\/paracherkaoui.ma\/index.php\/wp-json\/wp\/v2\/product\/27876\/revisions"}],"predecessor-version":[{"id":27908,"href":"https:\/\/paracherkaoui.ma\/index.php\/wp-json\/wp\/v2\/product\/27876\/revisions\/27908"}],"wp:featuredmedia":[{"embeddable":true,"href":"https:\/\/paracherkaoui.ma\/index.php\/wp-json\/wp\/v2\/media\/27907"}],"wp:attachment":[{"href":"https:\/\/paracherkaoui.ma\/index.php\/wp-json\/wp\/v2\/media?parent=27876"}],"wp:term":[{"taxonomy":"product_brand","embeddable":true,"href":"https:\/\/paracherkaoui.ma\/index.php\/wp-json\/wp\/v2\/product_brand?post=27876"},{"taxonomy":"product_cat","embeddable":true,"href":"https:\/\/paracherkaoui.ma\/index.php\/wp-json\/wp\/v2\/product_cat?post=27876"},{"taxonomy":"product_tag","embeddable":true,"href":"https:\/\/paracherkaoui.ma\/index.php\/wp-json\/wp\/v2\/product_tag?post=27876"}],"curies":[{"name":"wp","href":"https:\/\/api.w.org\/{rel}","templated":true}]}}