{"id":27818,"date":"2025-12-12T18:27:41","date_gmt":"2025-12-12T17:27:41","guid":{"rendered":"https:\/\/test.ecbeaute.com\/?post_type=product&#038;p=27818"},"modified":"2025-12-12T18:27:45","modified_gmt":"2025-12-12T17:27:45","slug":"isispharma-teen-derm-hydra-hydratant-compensateur-apaisant-legere-100-ml","status":"publish","type":"product","link":"https:\/\/paracherkaoui.ma\/index.php\/produit\/isispharma-teen-derm-hydra-hydratant-compensateur-apaisant-legere-100-ml\/","title":{"rendered":"ISISPHARMA TEEN DERM HYDRA HYDRATANT COMPENSATEUR APAISANT LEGERE 100 ML"},"content":{"rendered":"<p>Isis Pharma TEEN DERM hydra Hydratant compensateur apaisant a \u00e9t\u00e9 sp\u00e9cialement d\u00e9velopp\u00e9 pour accompagner les peaux \u00e0 tendance acn\u00e9ique fragilis\u00e9es par les traitements dess\u00e9chants. Riche en puissants actifs hydratants, restructurants et apaisants, il hydrate, nourrit et apaise durablement. La peau retrouve confort et souplesse. Texture l\u00e9g\u00e8re.<br \/>\nEfficacit\u00e9 cliniquement prouv\u00e9e.<br \/>\nPROPRI\u00c9T\u00c9S DES PRINCIPAUX ACTIFS<br \/>\n\u2022 BEURRE DE CACAO et GLUCOSE + XYLITOL NATUREL : hydratants \/ restructurants et protecteurs<br \/>\n\u2022 BISABOLOL et POLYMERE BIOMIM\u00c9TIQUE : apaisants<br \/>\n\u2022 BUTYL AVOCADATE : s\u00e9bor\u00e9gulateur<br \/>\nConseils d&rsquo;utilisation :<br \/>\nAppliquer matin et soir sur l\u2019ensemble du visage et du cou pr\u00e9alablement nettoy\u00e9s et s\u00e9ch\u00e9s ou comme indiqu\u00e9 par votre dermatologue ou professionnel de sant\u00e9. \u00c9viter le contact avec les yeux.<br \/>\n0% PH\u00c9NOXY\u00c9THANOL \u2022 HYPOALLERG\u00c9NIQUE \u2022 NON COM\u00c9DOG\u00c8NE<br \/>\nTEST\u00c9 SOUS CONTR\u00d4LE DERMATOLOGIQUE<br \/>\nComposition :<br \/>\nAQUA (WATER), GLYCERIN, PROPYLENE GLYCOL, BUTYROSPERMUM PARKII (SHEA) BUTTER, CAPRYLIC\/CAPRIC TRIGLYCE-RIDE, DIMETHICONE, GLYCERYL STEARATE, PEN-TYLENE GLYCOL, THEOBROMA CACAO (COCOA) SEED BUTTER, XYLITYLGLUCOSIDE, CETEARYL ALCOHOL, ANHYDROXYLITOL, PEG-100 STEA-RATE, BISABOLOL, BUTYL AVOCADATE, XYLITOL, BUTYLENE GLYCOL, CHLORPHENESIN, CARBO-MER, O-CYMEN-5-OL, SODIUM HYDROXIDE, 1,2-HEXANEDIOL, CAPRYLYL GLYCOL, POLYQUATER-NIUM-51, PARFUM (FRAGRANCE), PROPYL GAL-LATE, CITRIC ACID<\/p>\n","protected":false},"excerpt":{"rendered":"<p>Isis Pharma TEEN DERM hydra Hydratant compensateur apaisant a \u00e9t\u00e9 sp\u00e9cialement d\u00e9velopp\u00e9 pour accompagner les peaux \u00e0 tendance acn\u00e9ique fragilis\u00e9es<\/p>\n","protected":false},"featured_media":27865,"comment_status":"open","ping_status":"closed","template":"","meta":[],"product_brand":[321],"product_cat":[525],"product_tag":[],"class_list":{"0":"post-27818","1":"product","2":"type-product","3":"status-publish","4":"has-post-thumbnail","6":"product_brand-isispharma","7":"product_cat-cremes-jour","9":"first","10":"instock","11":"sale","12":"shipping-taxable","13":"purchasable","14":"product-type-simple"},"yoast_head":"<!-- This site is optimized with the Yoast SEO plugin v26.6 - https:\/\/yoast.com\/wordpress\/plugins\/seo\/ -->\r\n<title>ISISPHARMA TEEN DERM HYDRA HYDRATANT COMPENSATEUR APAISANT LEGERE 100 ML - Paracherkaoui.ma<\/title>\r\n<meta name=\"robots\" content=\"index, follow, max-snippet:-1, max-image-preview:large, max-video-preview:-1\" \/>\r\n<link rel=\"canonical\" href=\"https:\/\/paracherkaoui.ma\/index.php\/produit\/isispharma-teen-derm-hydra-hydratant-compensateur-apaisant-legere-100-ml\/\" \/>\r\n<meta property=\"og:locale\" content=\"fr_FR\" \/>\r\n<meta property=\"og:type\" content=\"article\" \/>\r\n<meta property=\"og:title\" content=\"ISISPHARMA TEEN DERM HYDRA HYDRATANT COMPENSATEUR APAISANT LEGERE 100 ML - Paracherkaoui.ma\" \/>\r\n<meta property=\"og:description\" content=\"Isis Pharma TEEN DERM hydra Hydratant compensateur apaisant a \u00e9t\u00e9 sp\u00e9cialement d\u00e9velopp\u00e9 pour accompagner les peaux \u00e0 tendance acn\u00e9ique fragilis\u00e9es\" \/>\r\n<meta property=\"og:url\" content=\"https:\/\/paracherkaoui.ma\/index.php\/produit\/isispharma-teen-derm-hydra-hydratant-compensateur-apaisant-legere-100-ml\/\" \/>\r\n<meta property=\"og:site_name\" content=\"Paracherkaoui.ma\" \/>\r\n<meta property=\"article:modified_time\" content=\"2025-12-12T17:27:45+00:00\" \/>\r\n<meta property=\"og:image\" content=\"https:\/\/paracherkaoui.ma\/wp-content\/uploads\/2025\/12\/isispharma-isispharma-teen-derm-hydra-hydratant-compensateur-apaisant-legere-100-ml-cremes-jour.jpg\" \/>\r\n\t<meta property=\"og:image:width\" content=\"700\" \/>\r\n\t<meta property=\"og:image:height\" content=\"700\" \/>\r\n\t<meta property=\"og:image:type\" content=\"image\/jpeg\" \/>\r\n<meta name=\"twitter:card\" content=\"summary_large_image\" \/>\r\n<meta name=\"twitter:label1\" content=\"Dur\u00e9e de lecture estim\u00e9e\" \/>\n\t<meta name=\"twitter:data1\" content=\"1 minute\" \/>\r\n<script type=\"application\/ld+json\" class=\"yoast-schema-graph\">{\"@context\":\"https:\/\/schema.org\",\"@graph\":[{\"@type\":\"WebPage\",\"@id\":\"https:\/\/paracherkaoui.ma\/index.php\/produit\/isispharma-teen-derm-hydra-hydratant-compensateur-apaisant-legere-100-ml\/\",\"url\":\"https:\/\/paracherkaoui.ma\/index.php\/produit\/isispharma-teen-derm-hydra-hydratant-compensateur-apaisant-legere-100-ml\/\",\"name\":\"ISISPHARMA TEEN DERM HYDRA HYDRATANT COMPENSATEUR APAISANT LEGERE 100 ML - Paracherkaoui.ma\",\"isPartOf\":{\"@id\":\"https:\/\/paracherkaoui.ma\/#website\"},\"primaryImageOfPage\":{\"@id\":\"https:\/\/paracherkaoui.ma\/index.php\/produit\/isispharma-teen-derm-hydra-hydratant-compensateur-apaisant-legere-100-ml\/#primaryimage\"},\"image\":{\"@id\":\"https:\/\/paracherkaoui.ma\/index.php\/produit\/isispharma-teen-derm-hydra-hydratant-compensateur-apaisant-legere-100-ml\/#primaryimage\"},\"thumbnailUrl\":\"https:\/\/paracherkaoui.ma\/wp-content\/uploads\/2025\/12\/isispharma-isispharma-teen-derm-hydra-hydratant-compensateur-apaisant-legere-100-ml-cremes-jour.jpg\",\"datePublished\":\"2025-12-12T17:27:41+00:00\",\"dateModified\":\"2025-12-12T17:27:45+00:00\",\"breadcrumb\":{\"@id\":\"https:\/\/paracherkaoui.ma\/index.php\/produit\/isispharma-teen-derm-hydra-hydratant-compensateur-apaisant-legere-100-ml\/#breadcrumb\"},\"inLanguage\":\"fr-FR\",\"potentialAction\":[{\"@type\":\"ReadAction\",\"target\":[\"https:\/\/paracherkaoui.ma\/index.php\/produit\/isispharma-teen-derm-hydra-hydratant-compensateur-apaisant-legere-100-ml\/\"]}]},{\"@type\":\"ImageObject\",\"inLanguage\":\"fr-FR\",\"@id\":\"https:\/\/paracherkaoui.ma\/index.php\/produit\/isispharma-teen-derm-hydra-hydratant-compensateur-apaisant-legere-100-ml\/#primaryimage\",\"url\":\"https:\/\/paracherkaoui.ma\/wp-content\/uploads\/2025\/12\/isispharma-isispharma-teen-derm-hydra-hydratant-compensateur-apaisant-legere-100-ml-cremes-jour.jpg\",\"contentUrl\":\"https:\/\/paracherkaoui.ma\/wp-content\/uploads\/2025\/12\/isispharma-isispharma-teen-derm-hydra-hydratant-compensateur-apaisant-legere-100-ml-cremes-jour.jpg\",\"width\":700,\"height\":700},{\"@type\":\"BreadcrumbList\",\"@id\":\"https:\/\/paracherkaoui.ma\/index.php\/produit\/isispharma-teen-derm-hydra-hydratant-compensateur-apaisant-legere-100-ml\/#breadcrumb\",\"itemListElement\":[{\"@type\":\"ListItem\",\"position\":1,\"name\":\"Accueil\",\"item\":\"https:\/\/paracherkaoui.ma\/\"},{\"@type\":\"ListItem\",\"position\":2,\"name\":\"Boutique\",\"item\":\"https:\/\/paracherkaoui.ma\/index.php\/boutique\/\"},{\"@type\":\"ListItem\",\"position\":3,\"name\":\"ISISPHARMA TEEN DERM HYDRA HYDRATANT COMPENSATEUR APAISANT LEGERE 100 ML\"}]},{\"@type\":\"WebSite\",\"@id\":\"https:\/\/paracherkaoui.ma\/#website\",\"url\":\"https:\/\/paracherkaoui.ma\/\",\"name\":\"Paracherkaoui.ma\",\"description\":\"Achetez en ligne sur Paracherkaoui.ma\",\"potentialAction\":[{\"@type\":\"SearchAction\",\"target\":{\"@type\":\"EntryPoint\",\"urlTemplate\":\"https:\/\/paracherkaoui.ma\/?s={search_term_string}\"},\"query-input\":{\"@type\":\"PropertyValueSpecification\",\"valueRequired\":true,\"valueName\":\"search_term_string\"}}],\"inLanguage\":\"fr-FR\"}]}<\/script>\r\n<!-- \/ Yoast SEO plugin. -->","yoast_head_json":{"title":"ISISPHARMA TEEN DERM HYDRA HYDRATANT COMPENSATEUR APAISANT LEGERE 100 ML - Paracherkaoui.ma","robots":{"index":"index","follow":"follow","max-snippet":"max-snippet:-1","max-image-preview":"max-image-preview:large","max-video-preview":"max-video-preview:-1"},"canonical":"https:\/\/paracherkaoui.ma\/index.php\/produit\/isispharma-teen-derm-hydra-hydratant-compensateur-apaisant-legere-100-ml\/","og_locale":"fr_FR","og_type":"article","og_title":"ISISPHARMA TEEN DERM HYDRA HYDRATANT COMPENSATEUR APAISANT LEGERE 100 ML - Paracherkaoui.ma","og_description":"Isis Pharma TEEN DERM hydra Hydratant compensateur apaisant a \u00e9t\u00e9 sp\u00e9cialement d\u00e9velopp\u00e9 pour accompagner les peaux \u00e0 tendance acn\u00e9ique fragilis\u00e9es","og_url":"https:\/\/paracherkaoui.ma\/index.php\/produit\/isispharma-teen-derm-hydra-hydratant-compensateur-apaisant-legere-100-ml\/","og_site_name":"Paracherkaoui.ma","article_modified_time":"2025-12-12T17:27:45+00:00","og_image":[{"width":700,"height":700,"url":"https:\/\/paracherkaoui.ma\/wp-content\/uploads\/2025\/12\/isispharma-isispharma-teen-derm-hydra-hydratant-compensateur-apaisant-legere-100-ml-cremes-jour.jpg","type":"image\/jpeg"}],"twitter_card":"summary_large_image","twitter_misc":{"Dur\u00e9e de lecture estim\u00e9e":"1 minute"},"schema":{"@context":"https:\/\/schema.org","@graph":[{"@type":"WebPage","@id":"https:\/\/paracherkaoui.ma\/index.php\/produit\/isispharma-teen-derm-hydra-hydratant-compensateur-apaisant-legere-100-ml\/","url":"https:\/\/paracherkaoui.ma\/index.php\/produit\/isispharma-teen-derm-hydra-hydratant-compensateur-apaisant-legere-100-ml\/","name":"ISISPHARMA TEEN DERM HYDRA HYDRATANT COMPENSATEUR APAISANT LEGERE 100 ML - Paracherkaoui.ma","isPartOf":{"@id":"https:\/\/paracherkaoui.ma\/#website"},"primaryImageOfPage":{"@id":"https:\/\/paracherkaoui.ma\/index.php\/produit\/isispharma-teen-derm-hydra-hydratant-compensateur-apaisant-legere-100-ml\/#primaryimage"},"image":{"@id":"https:\/\/paracherkaoui.ma\/index.php\/produit\/isispharma-teen-derm-hydra-hydratant-compensateur-apaisant-legere-100-ml\/#primaryimage"},"thumbnailUrl":"https:\/\/paracherkaoui.ma\/wp-content\/uploads\/2025\/12\/isispharma-isispharma-teen-derm-hydra-hydratant-compensateur-apaisant-legere-100-ml-cremes-jour.jpg","datePublished":"2025-12-12T17:27:41+00:00","dateModified":"2025-12-12T17:27:45+00:00","breadcrumb":{"@id":"https:\/\/paracherkaoui.ma\/index.php\/produit\/isispharma-teen-derm-hydra-hydratant-compensateur-apaisant-legere-100-ml\/#breadcrumb"},"inLanguage":"fr-FR","potentialAction":[{"@type":"ReadAction","target":["https:\/\/paracherkaoui.ma\/index.php\/produit\/isispharma-teen-derm-hydra-hydratant-compensateur-apaisant-legere-100-ml\/"]}]},{"@type":"ImageObject","inLanguage":"fr-FR","@id":"https:\/\/paracherkaoui.ma\/index.php\/produit\/isispharma-teen-derm-hydra-hydratant-compensateur-apaisant-legere-100-ml\/#primaryimage","url":"https:\/\/paracherkaoui.ma\/wp-content\/uploads\/2025\/12\/isispharma-isispharma-teen-derm-hydra-hydratant-compensateur-apaisant-legere-100-ml-cremes-jour.jpg","contentUrl":"https:\/\/paracherkaoui.ma\/wp-content\/uploads\/2025\/12\/isispharma-isispharma-teen-derm-hydra-hydratant-compensateur-apaisant-legere-100-ml-cremes-jour.jpg","width":700,"height":700},{"@type":"BreadcrumbList","@id":"https:\/\/paracherkaoui.ma\/index.php\/produit\/isispharma-teen-derm-hydra-hydratant-compensateur-apaisant-legere-100-ml\/#breadcrumb","itemListElement":[{"@type":"ListItem","position":1,"name":"Accueil","item":"https:\/\/paracherkaoui.ma\/"},{"@type":"ListItem","position":2,"name":"Boutique","item":"https:\/\/paracherkaoui.ma\/index.php\/boutique\/"},{"@type":"ListItem","position":3,"name":"ISISPHARMA TEEN DERM HYDRA HYDRATANT COMPENSATEUR APAISANT LEGERE 100 ML"}]},{"@type":"WebSite","@id":"https:\/\/paracherkaoui.ma\/#website","url":"https:\/\/paracherkaoui.ma\/","name":"Paracherkaoui.ma","description":"Achetez en ligne sur Paracherkaoui.ma","potentialAction":[{"@type":"SearchAction","target":{"@type":"EntryPoint","urlTemplate":"https:\/\/paracherkaoui.ma\/?s={search_term_string}"},"query-input":{"@type":"PropertyValueSpecification","valueRequired":true,"valueName":"search_term_string"}}],"inLanguage":"fr-FR"}]}},"_links":{"self":[{"href":"https:\/\/paracherkaoui.ma\/index.php\/wp-json\/wp\/v2\/product\/27818","targetHints":{"allow":["GET"]}}],"collection":[{"href":"https:\/\/paracherkaoui.ma\/index.php\/wp-json\/wp\/v2\/product"}],"about":[{"href":"https:\/\/paracherkaoui.ma\/index.php\/wp-json\/wp\/v2\/types\/product"}],"replies":[{"embeddable":true,"href":"https:\/\/paracherkaoui.ma\/index.php\/wp-json\/wp\/v2\/comments?post=27818"}],"version-history":[{"count":1,"href":"https:\/\/paracherkaoui.ma\/index.php\/wp-json\/wp\/v2\/product\/27818\/revisions"}],"predecessor-version":[{"id":27866,"href":"https:\/\/paracherkaoui.ma\/index.php\/wp-json\/wp\/v2\/product\/27818\/revisions\/27866"}],"wp:featuredmedia":[{"embeddable":true,"href":"https:\/\/paracherkaoui.ma\/index.php\/wp-json\/wp\/v2\/media\/27865"}],"wp:attachment":[{"href":"https:\/\/paracherkaoui.ma\/index.php\/wp-json\/wp\/v2\/media?parent=27818"}],"wp:term":[{"taxonomy":"product_brand","embeddable":true,"href":"https:\/\/paracherkaoui.ma\/index.php\/wp-json\/wp\/v2\/product_brand?post=27818"},{"taxonomy":"product_cat","embeddable":true,"href":"https:\/\/paracherkaoui.ma\/index.php\/wp-json\/wp\/v2\/product_cat?post=27818"},{"taxonomy":"product_tag","embeddable":true,"href":"https:\/\/paracherkaoui.ma\/index.php\/wp-json\/wp\/v2\/product_tag?post=27818"}],"curies":[{"name":"wp","href":"https:\/\/api.w.org\/{rel}","templated":true}]}}