{"id":27736,"date":"2025-12-12T18:27:33","date_gmt":"2025-12-12T17:27:33","guid":{"rendered":"https:\/\/test.ecbeaute.com\/?post_type=product&#038;p=27736"},"modified":"2025-12-12T18:27:38","modified_gmt":"2025-12-12T17:27:38","slug":"acm-viticolor-gel-correcteur-de-teint-durable-50-ml-4","status":"publish","type":"product","link":"https:\/\/paracherkaoui.ma\/index.php\/produit\/acm-viticolor-gel-correcteur-de-teint-durable-50-ml-4\/","title":{"rendered":"ACM VITICOLOR GEL CORRECTEUR DE TEINT DURABLE 50 ML"},"content":{"rendered":"<p>Description:<br \/>\nLe gel Viticolor associe :<br \/>\n\u2013 des agents colorants qui donnent une\u00a0coloration imm\u00e9diate\u00a0\u00e0 la peau permettant ainsi de visualiser la zone d\u2019application.\u2013 des agents pigmentants (DHA et Erythrulose), qui assurent une\u00a0coloration plus en profondeur et plus durable. Cette coloration appara\u00eet quelques heures apr\u00e8s l\u2019application.<br \/>\nConseils d&rsquo;utilisation:<br \/>\nIl s\u2019applique avec un pinceau aussi bien sur le corps que sur le visage. Son action colorante masque efficacement la d\u00e9pigmentation et am\u00e9liore la qualit\u00e9 de vie des personnes atteintes de vitiligo.<\/p>\n","protected":false},"excerpt":{"rendered":"<p>Description: Le gel Viticolor associe : \u2013 des agents colorants qui donnent une\u00a0coloration imm\u00e9diate\u00a0\u00e0 la peau permettant ainsi de visualiser<\/p>\n","protected":false},"featured_media":11897,"comment_status":"open","ping_status":"closed","template":"","meta":[],"product_brand":[142],"product_cat":[525],"product_tag":[],"class_list":{"0":"post-27736","1":"product","2":"type-product","3":"status-publish","4":"has-post-thumbnail","6":"product_brand-acm","7":"product_cat-cremes-jour","9":"first","10":"instock","11":"sale","12":"shipping-taxable","13":"purchasable","14":"product-type-simple"},"yoast_head":"<!-- This site is optimized with the Yoast SEO plugin v26.6 - https:\/\/yoast.com\/wordpress\/plugins\/seo\/ -->\r\n<title>ACM VITICOLOR GEL CORRECTEUR DE TEINT DURABLE 50 ML - Paracherkaoui.ma<\/title>\r\n<meta name=\"robots\" content=\"index, follow, max-snippet:-1, max-image-preview:large, max-video-preview:-1\" \/>\r\n<link rel=\"canonical\" href=\"https:\/\/paracherkaoui.ma\/index.php\/produit\/acm-viticolor-gel-correcteur-de-teint-durable-50-ml-4\/\" \/>\r\n<meta property=\"og:locale\" content=\"fr_FR\" \/>\r\n<meta property=\"og:type\" content=\"article\" \/>\r\n<meta property=\"og:title\" content=\"ACM VITICOLOR GEL CORRECTEUR DE TEINT DURABLE 50 ML - Paracherkaoui.ma\" \/>\r\n<meta property=\"og:description\" content=\"Description: Le gel Viticolor associe : \u2013 des agents colorants qui donnent une\u00a0coloration imm\u00e9diate\u00a0\u00e0 la peau permettant ainsi de visualiser\" \/>\r\n<meta property=\"og:url\" content=\"https:\/\/paracherkaoui.ma\/index.php\/produit\/acm-viticolor-gel-correcteur-de-teint-durable-50-ml-4\/\" \/>\r\n<meta property=\"og:site_name\" content=\"Paracherkaoui.ma\" \/>\r\n<meta property=\"article:modified_time\" content=\"2025-12-12T17:27:38+00:00\" \/>\r\n<meta property=\"og:image\" content=\"https:\/\/paracherkaoui.ma\/wp-content\/uploads\/2025\/12\/acm-acm-viticolor-gel-correcteur-de-teint-durable-50-ml-cremes-depigmentantes.jpg\" \/>\r\n\t<meta property=\"og:image:width\" content=\"700\" \/>\r\n\t<meta property=\"og:image:height\" content=\"700\" \/>\r\n\t<meta property=\"og:image:type\" content=\"image\/jpeg\" \/>\r\n<meta name=\"twitter:card\" content=\"summary_large_image\" \/>\r\n<script type=\"application\/ld+json\" class=\"yoast-schema-graph\">{\"@context\":\"https:\/\/schema.org\",\"@graph\":[{\"@type\":\"WebPage\",\"@id\":\"https:\/\/paracherkaoui.ma\/index.php\/produit\/acm-viticolor-gel-correcteur-de-teint-durable-50-ml-4\/\",\"url\":\"https:\/\/paracherkaoui.ma\/index.php\/produit\/acm-viticolor-gel-correcteur-de-teint-durable-50-ml-4\/\",\"name\":\"ACM VITICOLOR GEL CORRECTEUR DE TEINT DURABLE 50 ML - Paracherkaoui.ma\",\"isPartOf\":{\"@id\":\"https:\/\/paracherkaoui.ma\/#website\"},\"primaryImageOfPage\":{\"@id\":\"https:\/\/paracherkaoui.ma\/index.php\/produit\/acm-viticolor-gel-correcteur-de-teint-durable-50-ml-4\/#primaryimage\"},\"image\":{\"@id\":\"https:\/\/paracherkaoui.ma\/index.php\/produit\/acm-viticolor-gel-correcteur-de-teint-durable-50-ml-4\/#primaryimage\"},\"thumbnailUrl\":\"https:\/\/paracherkaoui.ma\/wp-content\/uploads\/2025\/12\/acm-acm-viticolor-gel-correcteur-de-teint-durable-50-ml-cremes-depigmentantes.jpg\",\"datePublished\":\"2025-12-12T17:27:33+00:00\",\"dateModified\":\"2025-12-12T17:27:38+00:00\",\"breadcrumb\":{\"@id\":\"https:\/\/paracherkaoui.ma\/index.php\/produit\/acm-viticolor-gel-correcteur-de-teint-durable-50-ml-4\/#breadcrumb\"},\"inLanguage\":\"fr-FR\",\"potentialAction\":[{\"@type\":\"ReadAction\",\"target\":[\"https:\/\/paracherkaoui.ma\/index.php\/produit\/acm-viticolor-gel-correcteur-de-teint-durable-50-ml-4\/\"]}]},{\"@type\":\"ImageObject\",\"inLanguage\":\"fr-FR\",\"@id\":\"https:\/\/paracherkaoui.ma\/index.php\/produit\/acm-viticolor-gel-correcteur-de-teint-durable-50-ml-4\/#primaryimage\",\"url\":\"https:\/\/paracherkaoui.ma\/wp-content\/uploads\/2025\/12\/acm-acm-viticolor-gel-correcteur-de-teint-durable-50-ml-cremes-depigmentantes.jpg\",\"contentUrl\":\"https:\/\/paracherkaoui.ma\/wp-content\/uploads\/2025\/12\/acm-acm-viticolor-gel-correcteur-de-teint-durable-50-ml-cremes-depigmentantes.jpg\",\"width\":700,\"height\":700},{\"@type\":\"BreadcrumbList\",\"@id\":\"https:\/\/paracherkaoui.ma\/index.php\/produit\/acm-viticolor-gel-correcteur-de-teint-durable-50-ml-4\/#breadcrumb\",\"itemListElement\":[{\"@type\":\"ListItem\",\"position\":1,\"name\":\"Accueil\",\"item\":\"https:\/\/paracherkaoui.ma\/\"},{\"@type\":\"ListItem\",\"position\":2,\"name\":\"Boutique\",\"item\":\"https:\/\/paracherkaoui.ma\/index.php\/boutique\/\"},{\"@type\":\"ListItem\",\"position\":3,\"name\":\"ACM VITICOLOR GEL CORRECTEUR DE TEINT DURABLE 50 ML\"}]},{\"@type\":\"WebSite\",\"@id\":\"https:\/\/paracherkaoui.ma\/#website\",\"url\":\"https:\/\/paracherkaoui.ma\/\",\"name\":\"Paracherkaoui.ma\",\"description\":\"Achetez en ligne sur Paracherkaoui.ma\",\"potentialAction\":[{\"@type\":\"SearchAction\",\"target\":{\"@type\":\"EntryPoint\",\"urlTemplate\":\"https:\/\/paracherkaoui.ma\/?s={search_term_string}\"},\"query-input\":{\"@type\":\"PropertyValueSpecification\",\"valueRequired\":true,\"valueName\":\"search_term_string\"}}],\"inLanguage\":\"fr-FR\"}]}<\/script>\r\n<!-- \/ Yoast SEO plugin. -->","yoast_head_json":{"title":"ACM VITICOLOR GEL CORRECTEUR DE TEINT DURABLE 50 ML - Paracherkaoui.ma","robots":{"index":"index","follow":"follow","max-snippet":"max-snippet:-1","max-image-preview":"max-image-preview:large","max-video-preview":"max-video-preview:-1"},"canonical":"https:\/\/paracherkaoui.ma\/index.php\/produit\/acm-viticolor-gel-correcteur-de-teint-durable-50-ml-4\/","og_locale":"fr_FR","og_type":"article","og_title":"ACM VITICOLOR GEL CORRECTEUR DE TEINT DURABLE 50 ML - Paracherkaoui.ma","og_description":"Description: Le gel Viticolor associe : \u2013 des agents colorants qui donnent une\u00a0coloration imm\u00e9diate\u00a0\u00e0 la peau permettant ainsi de visualiser","og_url":"https:\/\/paracherkaoui.ma\/index.php\/produit\/acm-viticolor-gel-correcteur-de-teint-durable-50-ml-4\/","og_site_name":"Paracherkaoui.ma","article_modified_time":"2025-12-12T17:27:38+00:00","og_image":[{"width":700,"height":700,"url":"https:\/\/paracherkaoui.ma\/wp-content\/uploads\/2025\/12\/acm-acm-viticolor-gel-correcteur-de-teint-durable-50-ml-cremes-depigmentantes.jpg","type":"image\/jpeg"}],"twitter_card":"summary_large_image","schema":{"@context":"https:\/\/schema.org","@graph":[{"@type":"WebPage","@id":"https:\/\/paracherkaoui.ma\/index.php\/produit\/acm-viticolor-gel-correcteur-de-teint-durable-50-ml-4\/","url":"https:\/\/paracherkaoui.ma\/index.php\/produit\/acm-viticolor-gel-correcteur-de-teint-durable-50-ml-4\/","name":"ACM VITICOLOR GEL CORRECTEUR DE TEINT DURABLE 50 ML - Paracherkaoui.ma","isPartOf":{"@id":"https:\/\/paracherkaoui.ma\/#website"},"primaryImageOfPage":{"@id":"https:\/\/paracherkaoui.ma\/index.php\/produit\/acm-viticolor-gel-correcteur-de-teint-durable-50-ml-4\/#primaryimage"},"image":{"@id":"https:\/\/paracherkaoui.ma\/index.php\/produit\/acm-viticolor-gel-correcteur-de-teint-durable-50-ml-4\/#primaryimage"},"thumbnailUrl":"https:\/\/paracherkaoui.ma\/wp-content\/uploads\/2025\/12\/acm-acm-viticolor-gel-correcteur-de-teint-durable-50-ml-cremes-depigmentantes.jpg","datePublished":"2025-12-12T17:27:33+00:00","dateModified":"2025-12-12T17:27:38+00:00","breadcrumb":{"@id":"https:\/\/paracherkaoui.ma\/index.php\/produit\/acm-viticolor-gel-correcteur-de-teint-durable-50-ml-4\/#breadcrumb"},"inLanguage":"fr-FR","potentialAction":[{"@type":"ReadAction","target":["https:\/\/paracherkaoui.ma\/index.php\/produit\/acm-viticolor-gel-correcteur-de-teint-durable-50-ml-4\/"]}]},{"@type":"ImageObject","inLanguage":"fr-FR","@id":"https:\/\/paracherkaoui.ma\/index.php\/produit\/acm-viticolor-gel-correcteur-de-teint-durable-50-ml-4\/#primaryimage","url":"https:\/\/paracherkaoui.ma\/wp-content\/uploads\/2025\/12\/acm-acm-viticolor-gel-correcteur-de-teint-durable-50-ml-cremes-depigmentantes.jpg","contentUrl":"https:\/\/paracherkaoui.ma\/wp-content\/uploads\/2025\/12\/acm-acm-viticolor-gel-correcteur-de-teint-durable-50-ml-cremes-depigmentantes.jpg","width":700,"height":700},{"@type":"BreadcrumbList","@id":"https:\/\/paracherkaoui.ma\/index.php\/produit\/acm-viticolor-gel-correcteur-de-teint-durable-50-ml-4\/#breadcrumb","itemListElement":[{"@type":"ListItem","position":1,"name":"Accueil","item":"https:\/\/paracherkaoui.ma\/"},{"@type":"ListItem","position":2,"name":"Boutique","item":"https:\/\/paracherkaoui.ma\/index.php\/boutique\/"},{"@type":"ListItem","position":3,"name":"ACM VITICOLOR GEL CORRECTEUR DE TEINT DURABLE 50 ML"}]},{"@type":"WebSite","@id":"https:\/\/paracherkaoui.ma\/#website","url":"https:\/\/paracherkaoui.ma\/","name":"Paracherkaoui.ma","description":"Achetez en ligne sur Paracherkaoui.ma","potentialAction":[{"@type":"SearchAction","target":{"@type":"EntryPoint","urlTemplate":"https:\/\/paracherkaoui.ma\/?s={search_term_string}"},"query-input":{"@type":"PropertyValueSpecification","valueRequired":true,"valueName":"search_term_string"}}],"inLanguage":"fr-FR"}]}},"_links":{"self":[{"href":"https:\/\/paracherkaoui.ma\/index.php\/wp-json\/wp\/v2\/product\/27736","targetHints":{"allow":["GET"]}}],"collection":[{"href":"https:\/\/paracherkaoui.ma\/index.php\/wp-json\/wp\/v2\/product"}],"about":[{"href":"https:\/\/paracherkaoui.ma\/index.php\/wp-json\/wp\/v2\/types\/product"}],"replies":[{"embeddable":true,"href":"https:\/\/paracherkaoui.ma\/index.php\/wp-json\/wp\/v2\/comments?post=27736"}],"version-history":[{"count":1,"href":"https:\/\/paracherkaoui.ma\/index.php\/wp-json\/wp\/v2\/product\/27736\/revisions"}],"predecessor-version":[{"id":27788,"href":"https:\/\/paracherkaoui.ma\/index.php\/wp-json\/wp\/v2\/product\/27736\/revisions\/27788"}],"wp:featuredmedia":[{"embeddable":true,"href":"https:\/\/paracherkaoui.ma\/index.php\/wp-json\/wp\/v2\/media\/11897"}],"wp:attachment":[{"href":"https:\/\/paracherkaoui.ma\/index.php\/wp-json\/wp\/v2\/media?parent=27736"}],"wp:term":[{"taxonomy":"product_brand","embeddable":true,"href":"https:\/\/paracherkaoui.ma\/index.php\/wp-json\/wp\/v2\/product_brand?post=27736"},{"taxonomy":"product_cat","embeddable":true,"href":"https:\/\/paracherkaoui.ma\/index.php\/wp-json\/wp\/v2\/product_cat?post=27736"},{"taxonomy":"product_tag","embeddable":true,"href":"https:\/\/paracherkaoui.ma\/index.php\/wp-json\/wp\/v2\/product_tag?post=27736"}],"curies":[{"name":"wp","href":"https:\/\/api.w.org\/{rel}","templated":true}]}}