{"id":27735,"date":"2025-12-12T18:27:33","date_gmt":"2025-12-12T17:27:33","guid":{"rendered":"https:\/\/test.ecbeaute.com\/?post_type=product&#038;p=27735"},"modified":"2025-12-12T18:27:38","modified_gmt":"2025-12-12T17:27:38","slug":"lendan-vitamin-forza-c-traitement-122-ml","status":"publish","type":"product","link":"https:\/\/paracherkaoui.ma\/index.php\/produit\/lendan-vitamin-forza-c-traitement-122-ml\/","title":{"rendered":"LENDAN VITAMIN FORZA C TRAITEMENT 12*2 ML"},"content":{"rendered":"<p>Traitement intensif anti-radicaux libres.\u00a0Favorise la formation de collag\u00e8ne et acc\u00e9l\u00e8re la r\u00e9g\u00e9n\u00e9ration cellulaire, retardant ainsi le vieillissement. Sa composition \u00e9quilibr\u00e9e contient une forte concentration de vitamine C (10%) et incorpore un grand r\u00e9g\u00e9n\u00e9rateur, l&rsquo;huile de rose musqu\u00e9e, ce qui en fait un excellent traitement r\u00e9parateur pour les peaux endommag\u00e9es par le soleil et la pollution environnementale. Son application continue pendant 15 jours r\u00e9active les fonctions vitales de la peau, en lui redonnant tonus, \u00e9clat et luminosit\u00e9.<br \/>\nConvient \u00e0 tous les types de peau.<br \/>\nPRINCIPAUX ACTIFS<br \/>\n-Acide ascorbique :\u00a010% de vitamine C pure prot\u00e8ge les structures cellulaires contre l&rsquo;action des radicaux libres. Pr\u00e9vient le photovieillissement, augmente la synth\u00e8se du collag\u00e8ne et \u00e9claircit la peau.<br \/>\n&#8211; L&rsquo;huile de rose musqu\u00e9e: elle a un fort pouvoir r\u00e9g\u00e9n\u00e9rateur, cicatrisant et r\u00e9parateur des cellules.<br \/>\n&#8211; L&rsquo;huile de soja: compl\u00e9ment nourrissant, antioxydant et fortifiant cellulaire, le soja soigne et nourrit \u00e9galement votre peau gr\u00e2ce \u00e0 son effet hydratant.<br \/>\n-Extrait de romarin : agit comme un antioxydant, prot\u00e9geant la peau contre les radicaux libres, responsables du vieillissement de la peau.<br \/>\nFORMAT<br \/>\n12 u. x 2 ml. (0,07 fl. Oz)<br \/>\nCONSEILS D&rsquo;UTILISATION:<br \/>\nAppliquez le contenu de l&rsquo;ampoule enti\u00e8re sur le visage et le d\u00e9collet\u00e9, en massant doucement. Il est recommand\u00e9 de l&rsquo;utiliser avant la cr\u00e8me pour le visage \u00e0 la vitamine C pour intensifier les r\u00e9sultats.<br \/>\nComme il s&rsquo;agit d&rsquo;un produit acide, il peut provoquer une l\u00e9g\u00e8re irritation sur les peaux sensibles ou sensibilis\u00e9es. Dans ce cas, il est recommand\u00e9 d&rsquo;utiliser de petites doses (une demi-ampoule) tous les deux jours.<br \/>\nUne fois ouvertes, les ampoules doivent \u00eatre conserv\u00e9es ferm\u00e9es dans un endroit frais et sec et utilis\u00e9es dans les deux jours.<br \/>\nSon utilisation est recommand\u00e9e toute l&rsquo;ann\u00e9e, en particulier avant, pendant et apr\u00e8s l&rsquo;\u00e9t\u00e9 pour prot\u00e9ger et r\u00e9parer la peau. Apr\u00e8s l&rsquo;application, il est recommand\u00e9 d&rsquo;utiliser une cr\u00e8me avec SPF pendant la journ\u00e9e.<\/p>\n","protected":false},"excerpt":{"rendered":"<p>Traitement intensif anti-radicaux libres.\u00a0Favorise la formation de collag\u00e8ne et acc\u00e9l\u00e8re la r\u00e9g\u00e9n\u00e9ration cellulaire, retardant ainsi le vieillissement. Sa composition \u00e9quilibr\u00e9e<\/p>\n","protected":false},"featured_media":27786,"comment_status":"open","ping_status":"closed","template":"","meta":[],"product_brand":[474],"product_cat":[525],"product_tag":[],"class_list":{"0":"post-27735","1":"product","2":"type-product","3":"status-publish","4":"has-post-thumbnail","6":"product_brand-lendan","7":"product_cat-cremes-jour","9":"first","10":"instock","11":"sale","12":"shipping-taxable","13":"purchasable","14":"product-type-simple"},"yoast_head":"<!-- This site is optimized with the Yoast SEO plugin v26.6 - https:\/\/yoast.com\/wordpress\/plugins\/seo\/ -->\r\n<title>LENDAN VITAMIN FORZA C TRAITEMENT 12*2 ML - Paracherkaoui.ma<\/title>\r\n<meta name=\"robots\" content=\"index, follow, max-snippet:-1, max-image-preview:large, max-video-preview:-1\" \/>\r\n<link rel=\"canonical\" href=\"https:\/\/paracherkaoui.ma\/index.php\/produit\/lendan-vitamin-forza-c-traitement-122-ml\/\" \/>\r\n<meta property=\"og:locale\" content=\"fr_FR\" \/>\r\n<meta property=\"og:type\" content=\"article\" \/>\r\n<meta property=\"og:title\" content=\"LENDAN VITAMIN FORZA C TRAITEMENT 12*2 ML - Paracherkaoui.ma\" \/>\r\n<meta property=\"og:description\" content=\"Traitement intensif anti-radicaux libres.\u00a0Favorise la formation de collag\u00e8ne et acc\u00e9l\u00e8re la r\u00e9g\u00e9n\u00e9ration cellulaire, retardant ainsi le vieillissement. Sa composition \u00e9quilibr\u00e9e\" \/>\r\n<meta property=\"og:url\" content=\"https:\/\/paracherkaoui.ma\/index.php\/produit\/lendan-vitamin-forza-c-traitement-122-ml\/\" \/>\r\n<meta property=\"og:site_name\" content=\"Paracherkaoui.ma\" \/>\r\n<meta property=\"article:modified_time\" content=\"2025-12-12T17:27:38+00:00\" \/>\r\n<meta property=\"og:image\" content=\"https:\/\/paracherkaoui.ma\/wp-content\/uploads\/2025\/12\/lendan-lendan-vitamin-forza-c-traitement-122-ml-cremes-jour.jpg\" \/>\r\n\t<meta property=\"og:image:width\" content=\"700\" \/>\r\n\t<meta property=\"og:image:height\" content=\"700\" \/>\r\n\t<meta property=\"og:image:type\" content=\"image\/jpeg\" \/>\r\n<meta name=\"twitter:card\" content=\"summary_large_image\" \/>\r\n<meta name=\"twitter:label1\" content=\"Dur\u00e9e de lecture estim\u00e9e\" \/>\n\t<meta name=\"twitter:data1\" content=\"2 minutes\" \/>\r\n<script type=\"application\/ld+json\" class=\"yoast-schema-graph\">{\"@context\":\"https:\/\/schema.org\",\"@graph\":[{\"@type\":\"WebPage\",\"@id\":\"https:\/\/paracherkaoui.ma\/index.php\/produit\/lendan-vitamin-forza-c-traitement-122-ml\/\",\"url\":\"https:\/\/paracherkaoui.ma\/index.php\/produit\/lendan-vitamin-forza-c-traitement-122-ml\/\",\"name\":\"LENDAN VITAMIN FORZA C TRAITEMENT 12*2 ML - Paracherkaoui.ma\",\"isPartOf\":{\"@id\":\"https:\/\/paracherkaoui.ma\/#website\"},\"primaryImageOfPage\":{\"@id\":\"https:\/\/paracherkaoui.ma\/index.php\/produit\/lendan-vitamin-forza-c-traitement-122-ml\/#primaryimage\"},\"image\":{\"@id\":\"https:\/\/paracherkaoui.ma\/index.php\/produit\/lendan-vitamin-forza-c-traitement-122-ml\/#primaryimage\"},\"thumbnailUrl\":\"https:\/\/paracherkaoui.ma\/wp-content\/uploads\/2025\/12\/lendan-lendan-vitamin-forza-c-traitement-122-ml-cremes-jour.jpg\",\"datePublished\":\"2025-12-12T17:27:33+00:00\",\"dateModified\":\"2025-12-12T17:27:38+00:00\",\"breadcrumb\":{\"@id\":\"https:\/\/paracherkaoui.ma\/index.php\/produit\/lendan-vitamin-forza-c-traitement-122-ml\/#breadcrumb\"},\"inLanguage\":\"fr-FR\",\"potentialAction\":[{\"@type\":\"ReadAction\",\"target\":[\"https:\/\/paracherkaoui.ma\/index.php\/produit\/lendan-vitamin-forza-c-traitement-122-ml\/\"]}]},{\"@type\":\"ImageObject\",\"inLanguage\":\"fr-FR\",\"@id\":\"https:\/\/paracherkaoui.ma\/index.php\/produit\/lendan-vitamin-forza-c-traitement-122-ml\/#primaryimage\",\"url\":\"https:\/\/paracherkaoui.ma\/wp-content\/uploads\/2025\/12\/lendan-lendan-vitamin-forza-c-traitement-122-ml-cremes-jour.jpg\",\"contentUrl\":\"https:\/\/paracherkaoui.ma\/wp-content\/uploads\/2025\/12\/lendan-lendan-vitamin-forza-c-traitement-122-ml-cremes-jour.jpg\",\"width\":700,\"height\":700},{\"@type\":\"BreadcrumbList\",\"@id\":\"https:\/\/paracherkaoui.ma\/index.php\/produit\/lendan-vitamin-forza-c-traitement-122-ml\/#breadcrumb\",\"itemListElement\":[{\"@type\":\"ListItem\",\"position\":1,\"name\":\"Accueil\",\"item\":\"https:\/\/paracherkaoui.ma\/\"},{\"@type\":\"ListItem\",\"position\":2,\"name\":\"Boutique\",\"item\":\"https:\/\/paracherkaoui.ma\/index.php\/boutique\/\"},{\"@type\":\"ListItem\",\"position\":3,\"name\":\"LENDAN VITAMIN FORZA C TRAITEMENT 12*2 ML\"}]},{\"@type\":\"WebSite\",\"@id\":\"https:\/\/paracherkaoui.ma\/#website\",\"url\":\"https:\/\/paracherkaoui.ma\/\",\"name\":\"Paracherkaoui.ma\",\"description\":\"Achetez en ligne sur Paracherkaoui.ma\",\"potentialAction\":[{\"@type\":\"SearchAction\",\"target\":{\"@type\":\"EntryPoint\",\"urlTemplate\":\"https:\/\/paracherkaoui.ma\/?s={search_term_string}\"},\"query-input\":{\"@type\":\"PropertyValueSpecification\",\"valueRequired\":true,\"valueName\":\"search_term_string\"}}],\"inLanguage\":\"fr-FR\"}]}<\/script>\r\n<!-- \/ Yoast SEO plugin. -->","yoast_head_json":{"title":"LENDAN VITAMIN FORZA C TRAITEMENT 12*2 ML - Paracherkaoui.ma","robots":{"index":"index","follow":"follow","max-snippet":"max-snippet:-1","max-image-preview":"max-image-preview:large","max-video-preview":"max-video-preview:-1"},"canonical":"https:\/\/paracherkaoui.ma\/index.php\/produit\/lendan-vitamin-forza-c-traitement-122-ml\/","og_locale":"fr_FR","og_type":"article","og_title":"LENDAN VITAMIN FORZA C TRAITEMENT 12*2 ML - Paracherkaoui.ma","og_description":"Traitement intensif anti-radicaux libres.\u00a0Favorise la formation de collag\u00e8ne et acc\u00e9l\u00e8re la r\u00e9g\u00e9n\u00e9ration cellulaire, retardant ainsi le vieillissement. Sa composition \u00e9quilibr\u00e9e","og_url":"https:\/\/paracherkaoui.ma\/index.php\/produit\/lendan-vitamin-forza-c-traitement-122-ml\/","og_site_name":"Paracherkaoui.ma","article_modified_time":"2025-12-12T17:27:38+00:00","og_image":[{"width":700,"height":700,"url":"https:\/\/paracherkaoui.ma\/wp-content\/uploads\/2025\/12\/lendan-lendan-vitamin-forza-c-traitement-122-ml-cremes-jour.jpg","type":"image\/jpeg"}],"twitter_card":"summary_large_image","twitter_misc":{"Dur\u00e9e de lecture estim\u00e9e":"2 minutes"},"schema":{"@context":"https:\/\/schema.org","@graph":[{"@type":"WebPage","@id":"https:\/\/paracherkaoui.ma\/index.php\/produit\/lendan-vitamin-forza-c-traitement-122-ml\/","url":"https:\/\/paracherkaoui.ma\/index.php\/produit\/lendan-vitamin-forza-c-traitement-122-ml\/","name":"LENDAN VITAMIN FORZA C TRAITEMENT 12*2 ML - Paracherkaoui.ma","isPartOf":{"@id":"https:\/\/paracherkaoui.ma\/#website"},"primaryImageOfPage":{"@id":"https:\/\/paracherkaoui.ma\/index.php\/produit\/lendan-vitamin-forza-c-traitement-122-ml\/#primaryimage"},"image":{"@id":"https:\/\/paracherkaoui.ma\/index.php\/produit\/lendan-vitamin-forza-c-traitement-122-ml\/#primaryimage"},"thumbnailUrl":"https:\/\/paracherkaoui.ma\/wp-content\/uploads\/2025\/12\/lendan-lendan-vitamin-forza-c-traitement-122-ml-cremes-jour.jpg","datePublished":"2025-12-12T17:27:33+00:00","dateModified":"2025-12-12T17:27:38+00:00","breadcrumb":{"@id":"https:\/\/paracherkaoui.ma\/index.php\/produit\/lendan-vitamin-forza-c-traitement-122-ml\/#breadcrumb"},"inLanguage":"fr-FR","potentialAction":[{"@type":"ReadAction","target":["https:\/\/paracherkaoui.ma\/index.php\/produit\/lendan-vitamin-forza-c-traitement-122-ml\/"]}]},{"@type":"ImageObject","inLanguage":"fr-FR","@id":"https:\/\/paracherkaoui.ma\/index.php\/produit\/lendan-vitamin-forza-c-traitement-122-ml\/#primaryimage","url":"https:\/\/paracherkaoui.ma\/wp-content\/uploads\/2025\/12\/lendan-lendan-vitamin-forza-c-traitement-122-ml-cremes-jour.jpg","contentUrl":"https:\/\/paracherkaoui.ma\/wp-content\/uploads\/2025\/12\/lendan-lendan-vitamin-forza-c-traitement-122-ml-cremes-jour.jpg","width":700,"height":700},{"@type":"BreadcrumbList","@id":"https:\/\/paracherkaoui.ma\/index.php\/produit\/lendan-vitamin-forza-c-traitement-122-ml\/#breadcrumb","itemListElement":[{"@type":"ListItem","position":1,"name":"Accueil","item":"https:\/\/paracherkaoui.ma\/"},{"@type":"ListItem","position":2,"name":"Boutique","item":"https:\/\/paracherkaoui.ma\/index.php\/boutique\/"},{"@type":"ListItem","position":3,"name":"LENDAN VITAMIN FORZA C TRAITEMENT 12*2 ML"}]},{"@type":"WebSite","@id":"https:\/\/paracherkaoui.ma\/#website","url":"https:\/\/paracherkaoui.ma\/","name":"Paracherkaoui.ma","description":"Achetez en ligne sur Paracherkaoui.ma","potentialAction":[{"@type":"SearchAction","target":{"@type":"EntryPoint","urlTemplate":"https:\/\/paracherkaoui.ma\/?s={search_term_string}"},"query-input":{"@type":"PropertyValueSpecification","valueRequired":true,"valueName":"search_term_string"}}],"inLanguage":"fr-FR"}]}},"_links":{"self":[{"href":"https:\/\/paracherkaoui.ma\/index.php\/wp-json\/wp\/v2\/product\/27735","targetHints":{"allow":["GET"]}}],"collection":[{"href":"https:\/\/paracherkaoui.ma\/index.php\/wp-json\/wp\/v2\/product"}],"about":[{"href":"https:\/\/paracherkaoui.ma\/index.php\/wp-json\/wp\/v2\/types\/product"}],"replies":[{"embeddable":true,"href":"https:\/\/paracherkaoui.ma\/index.php\/wp-json\/wp\/v2\/comments?post=27735"}],"version-history":[{"count":1,"href":"https:\/\/paracherkaoui.ma\/index.php\/wp-json\/wp\/v2\/product\/27735\/revisions"}],"predecessor-version":[{"id":27787,"href":"https:\/\/paracherkaoui.ma\/index.php\/wp-json\/wp\/v2\/product\/27735\/revisions\/27787"}],"wp:featuredmedia":[{"embeddable":true,"href":"https:\/\/paracherkaoui.ma\/index.php\/wp-json\/wp\/v2\/media\/27786"}],"wp:attachment":[{"href":"https:\/\/paracherkaoui.ma\/index.php\/wp-json\/wp\/v2\/media?parent=27735"}],"wp:term":[{"taxonomy":"product_brand","embeddable":true,"href":"https:\/\/paracherkaoui.ma\/index.php\/wp-json\/wp\/v2\/product_brand?post=27735"},{"taxonomy":"product_cat","embeddable":true,"href":"https:\/\/paracherkaoui.ma\/index.php\/wp-json\/wp\/v2\/product_cat?post=27735"},{"taxonomy":"product_tag","embeddable":true,"href":"https:\/\/paracherkaoui.ma\/index.php\/wp-json\/wp\/v2\/product_tag?post=27735"}],"curies":[{"name":"wp","href":"https:\/\/api.w.org\/{rel}","templated":true}]}}