{"id":27718,"date":"2025-12-12T18:27:32","date_gmt":"2025-12-12T17:27:32","guid":{"rendered":"https:\/\/test.ecbeaute.com\/?post_type=product&#038;p=27718"},"modified":"2025-12-12T18:27:35","modified_gmt":"2025-12-12T17:27:35","slug":"patyka-hydra-serum-hydra-booster-30ml","status":"publish","type":"product","link":"https:\/\/paracherkaoui.ma\/index.php\/produit\/patyka-hydra-serum-hydra-booster-30ml\/","title":{"rendered":"PATYKA HYDRA SERUM HYDRA BOOSTER 30ML"},"content":{"rendered":"<p>Le PATYKA HYDRA S\u00c9RUM HYDRA BOOSTER agit comme un v\u00e9ritable bain d&rsquo;hydratation multi-niveaux pour votre peau assoiff\u00e9e. Sa formule experte r\u00e9tablit l&rsquo;\u00e9quilibre hydrique essentiel, laissant votre teint gorg\u00e9 d&rsquo;eau et de confort. L&rsquo;Acide Hyaluronique de haut poids mol\u00e9culaire forme un film protecteur \u00e0 la surface de la peau, limitant la d\u00e9shydratation et lui procurant une hydratation imm\u00e9diate. L&rsquo;extrait de Tremella, avec sa capacit\u00e9 exceptionnelle \u00e0 retenir l&rsquo;eau, p\u00e9n\u00e8tre plus profond\u00e9ment pour hydrater les cellules en continu et renforcer la barri\u00e8re cutan\u00e9e. Jour apr\u00e8s jour, votre peau est plus douce, plus souple, plus \u00e9clatante et visiblement plus belle, d\u00e9barrass\u00e9e des sensations de tiraillement et de s\u00e9cheresse. Laissez-vous s\u00e9duire par cette exp\u00e9rience sensorielle unique et offrez \u00e0 votre peau l&rsquo;hydratation intense qu&rsquo;elle m\u00e9rite.<br \/>\nRedonnez vie \u00e0 votre peau assoiff\u00e9e avec le PATYKA HYDRA S\u00c9RUM HYDRA BOOSTER. Sa formule unique associant Eau de Glacier du Mont-Blanc, Acide Hyaluronique et extrait de Tremella offre une hydratation intense et multi-niveaux. Sa texture gel-cr\u00e8me douce apaise, r\u00e9tablit l&rsquo;\u00e9quilibre hydrique et laisse la peau souple, douce et \u00e9clatante de beaut\u00e9.<br \/>\nConseils d&rsquo;utilisation :<br \/>\nNettoyer la peau : Appliquez le s\u00e9rum sur une peau propre et s\u00e8che, apr\u00e8s votre lotion tonique si vous en utilisez une.<br \/>\nApplication : Pr\u00e9levez quelques gouttes de s\u00e9rum et chauffez-les l\u00e9g\u00e8rement entre vos mains.<br \/>\nMasser d\u00e9licatement : Appliquez le s\u00e9rum sur l&rsquo;ensemble du visage, du cou et du d\u00e9collet\u00e9 en effectuant de l\u00e9gers mouvements ascendants. Tapotez d\u00e9licatement pour favoriser l&rsquo;absorption.<\/p>\n","protected":false},"excerpt":{"rendered":"<p>Le PATYKA HYDRA S\u00c9RUM HYDRA BOOSTER agit comme un v\u00e9ritable bain d&rsquo;hydratation multi-niveaux pour votre peau assoiff\u00e9e. Sa formule experte<\/p>\n","protected":false},"featured_media":27757,"comment_status":"open","ping_status":"closed","template":"","meta":[],"product_brand":[443],"product_cat":[525],"product_tag":[],"class_list":{"0":"post-27718","1":"product","2":"type-product","3":"status-publish","4":"has-post-thumbnail","6":"product_brand-patyka","7":"product_cat-cremes-jour","9":"first","10":"instock","11":"sale","12":"shipping-taxable","13":"purchasable","14":"product-type-simple"},"yoast_head":"<!-- This site is optimized with the Yoast SEO plugin v26.6 - https:\/\/yoast.com\/wordpress\/plugins\/seo\/ -->\r\n<title>PATYKA HYDRA SERUM HYDRA BOOSTER 30ML - Paracherkaoui.ma<\/title>\r\n<meta name=\"robots\" content=\"index, follow, max-snippet:-1, max-image-preview:large, max-video-preview:-1\" \/>\r\n<link rel=\"canonical\" href=\"https:\/\/paracherkaoui.ma\/index.php\/produit\/patyka-hydra-serum-hydra-booster-30ml\/\" \/>\r\n<meta property=\"og:locale\" content=\"fr_FR\" \/>\r\n<meta property=\"og:type\" content=\"article\" \/>\r\n<meta property=\"og:title\" content=\"PATYKA HYDRA SERUM HYDRA BOOSTER 30ML - Paracherkaoui.ma\" \/>\r\n<meta property=\"og:description\" content=\"Le PATYKA HYDRA S\u00c9RUM HYDRA BOOSTER agit comme un v\u00e9ritable bain d&rsquo;hydratation multi-niveaux pour votre peau assoiff\u00e9e. Sa formule experte\" \/>\r\n<meta property=\"og:url\" content=\"https:\/\/paracherkaoui.ma\/index.php\/produit\/patyka-hydra-serum-hydra-booster-30ml\/\" \/>\r\n<meta property=\"og:site_name\" content=\"Paracherkaoui.ma\" \/>\r\n<meta property=\"article:modified_time\" content=\"2025-12-12T17:27:35+00:00\" \/>\r\n<meta property=\"og:image\" content=\"https:\/\/paracherkaoui.ma\/wp-content\/uploads\/2025\/12\/patyka-patyka-hydra-serum-hydra-booster-30ml-cremes-jour.jpg\" \/>\r\n\t<meta property=\"og:image:width\" content=\"700\" \/>\r\n\t<meta property=\"og:image:height\" content=\"700\" \/>\r\n\t<meta property=\"og:image:type\" content=\"image\/jpeg\" \/>\r\n<meta name=\"twitter:card\" content=\"summary_large_image\" \/>\r\n<meta name=\"twitter:label1\" content=\"Dur\u00e9e de lecture estim\u00e9e\" \/>\n\t<meta name=\"twitter:data1\" content=\"1 minute\" \/>\r\n<script type=\"application\/ld+json\" class=\"yoast-schema-graph\">{\"@context\":\"https:\/\/schema.org\",\"@graph\":[{\"@type\":\"WebPage\",\"@id\":\"https:\/\/paracherkaoui.ma\/index.php\/produit\/patyka-hydra-serum-hydra-booster-30ml\/\",\"url\":\"https:\/\/paracherkaoui.ma\/index.php\/produit\/patyka-hydra-serum-hydra-booster-30ml\/\",\"name\":\"PATYKA HYDRA SERUM HYDRA BOOSTER 30ML - Paracherkaoui.ma\",\"isPartOf\":{\"@id\":\"https:\/\/paracherkaoui.ma\/#website\"},\"primaryImageOfPage\":{\"@id\":\"https:\/\/paracherkaoui.ma\/index.php\/produit\/patyka-hydra-serum-hydra-booster-30ml\/#primaryimage\"},\"image\":{\"@id\":\"https:\/\/paracherkaoui.ma\/index.php\/produit\/patyka-hydra-serum-hydra-booster-30ml\/#primaryimage\"},\"thumbnailUrl\":\"https:\/\/paracherkaoui.ma\/wp-content\/uploads\/2025\/12\/patyka-patyka-hydra-serum-hydra-booster-30ml-cremes-jour.jpg\",\"datePublished\":\"2025-12-12T17:27:32+00:00\",\"dateModified\":\"2025-12-12T17:27:35+00:00\",\"breadcrumb\":{\"@id\":\"https:\/\/paracherkaoui.ma\/index.php\/produit\/patyka-hydra-serum-hydra-booster-30ml\/#breadcrumb\"},\"inLanguage\":\"fr-FR\",\"potentialAction\":[{\"@type\":\"ReadAction\",\"target\":[\"https:\/\/paracherkaoui.ma\/index.php\/produit\/patyka-hydra-serum-hydra-booster-30ml\/\"]}]},{\"@type\":\"ImageObject\",\"inLanguage\":\"fr-FR\",\"@id\":\"https:\/\/paracherkaoui.ma\/index.php\/produit\/patyka-hydra-serum-hydra-booster-30ml\/#primaryimage\",\"url\":\"https:\/\/paracherkaoui.ma\/wp-content\/uploads\/2025\/12\/patyka-patyka-hydra-serum-hydra-booster-30ml-cremes-jour.jpg\",\"contentUrl\":\"https:\/\/paracherkaoui.ma\/wp-content\/uploads\/2025\/12\/patyka-patyka-hydra-serum-hydra-booster-30ml-cremes-jour.jpg\",\"width\":700,\"height\":700},{\"@type\":\"BreadcrumbList\",\"@id\":\"https:\/\/paracherkaoui.ma\/index.php\/produit\/patyka-hydra-serum-hydra-booster-30ml\/#breadcrumb\",\"itemListElement\":[{\"@type\":\"ListItem\",\"position\":1,\"name\":\"Accueil\",\"item\":\"https:\/\/paracherkaoui.ma\/\"},{\"@type\":\"ListItem\",\"position\":2,\"name\":\"Boutique\",\"item\":\"https:\/\/paracherkaoui.ma\/index.php\/boutique\/\"},{\"@type\":\"ListItem\",\"position\":3,\"name\":\"PATYKA HYDRA SERUM HYDRA BOOSTER 30ML\"}]},{\"@type\":\"WebSite\",\"@id\":\"https:\/\/paracherkaoui.ma\/#website\",\"url\":\"https:\/\/paracherkaoui.ma\/\",\"name\":\"Paracherkaoui.ma\",\"description\":\"Achetez en ligne sur Paracherkaoui.ma\",\"potentialAction\":[{\"@type\":\"SearchAction\",\"target\":{\"@type\":\"EntryPoint\",\"urlTemplate\":\"https:\/\/paracherkaoui.ma\/?s={search_term_string}\"},\"query-input\":{\"@type\":\"PropertyValueSpecification\",\"valueRequired\":true,\"valueName\":\"search_term_string\"}}],\"inLanguage\":\"fr-FR\"}]}<\/script>\r\n<!-- \/ Yoast SEO plugin. -->","yoast_head_json":{"title":"PATYKA HYDRA SERUM HYDRA BOOSTER 30ML - Paracherkaoui.ma","robots":{"index":"index","follow":"follow","max-snippet":"max-snippet:-1","max-image-preview":"max-image-preview:large","max-video-preview":"max-video-preview:-1"},"canonical":"https:\/\/paracherkaoui.ma\/index.php\/produit\/patyka-hydra-serum-hydra-booster-30ml\/","og_locale":"fr_FR","og_type":"article","og_title":"PATYKA HYDRA SERUM HYDRA BOOSTER 30ML - Paracherkaoui.ma","og_description":"Le PATYKA HYDRA S\u00c9RUM HYDRA BOOSTER agit comme un v\u00e9ritable bain d&rsquo;hydratation multi-niveaux pour votre peau assoiff\u00e9e. Sa formule experte","og_url":"https:\/\/paracherkaoui.ma\/index.php\/produit\/patyka-hydra-serum-hydra-booster-30ml\/","og_site_name":"Paracherkaoui.ma","article_modified_time":"2025-12-12T17:27:35+00:00","og_image":[{"width":700,"height":700,"url":"https:\/\/paracherkaoui.ma\/wp-content\/uploads\/2025\/12\/patyka-patyka-hydra-serum-hydra-booster-30ml-cremes-jour.jpg","type":"image\/jpeg"}],"twitter_card":"summary_large_image","twitter_misc":{"Dur\u00e9e de lecture estim\u00e9e":"1 minute"},"schema":{"@context":"https:\/\/schema.org","@graph":[{"@type":"WebPage","@id":"https:\/\/paracherkaoui.ma\/index.php\/produit\/patyka-hydra-serum-hydra-booster-30ml\/","url":"https:\/\/paracherkaoui.ma\/index.php\/produit\/patyka-hydra-serum-hydra-booster-30ml\/","name":"PATYKA HYDRA SERUM HYDRA BOOSTER 30ML - Paracherkaoui.ma","isPartOf":{"@id":"https:\/\/paracherkaoui.ma\/#website"},"primaryImageOfPage":{"@id":"https:\/\/paracherkaoui.ma\/index.php\/produit\/patyka-hydra-serum-hydra-booster-30ml\/#primaryimage"},"image":{"@id":"https:\/\/paracherkaoui.ma\/index.php\/produit\/patyka-hydra-serum-hydra-booster-30ml\/#primaryimage"},"thumbnailUrl":"https:\/\/paracherkaoui.ma\/wp-content\/uploads\/2025\/12\/patyka-patyka-hydra-serum-hydra-booster-30ml-cremes-jour.jpg","datePublished":"2025-12-12T17:27:32+00:00","dateModified":"2025-12-12T17:27:35+00:00","breadcrumb":{"@id":"https:\/\/paracherkaoui.ma\/index.php\/produit\/patyka-hydra-serum-hydra-booster-30ml\/#breadcrumb"},"inLanguage":"fr-FR","potentialAction":[{"@type":"ReadAction","target":["https:\/\/paracherkaoui.ma\/index.php\/produit\/patyka-hydra-serum-hydra-booster-30ml\/"]}]},{"@type":"ImageObject","inLanguage":"fr-FR","@id":"https:\/\/paracherkaoui.ma\/index.php\/produit\/patyka-hydra-serum-hydra-booster-30ml\/#primaryimage","url":"https:\/\/paracherkaoui.ma\/wp-content\/uploads\/2025\/12\/patyka-patyka-hydra-serum-hydra-booster-30ml-cremes-jour.jpg","contentUrl":"https:\/\/paracherkaoui.ma\/wp-content\/uploads\/2025\/12\/patyka-patyka-hydra-serum-hydra-booster-30ml-cremes-jour.jpg","width":700,"height":700},{"@type":"BreadcrumbList","@id":"https:\/\/paracherkaoui.ma\/index.php\/produit\/patyka-hydra-serum-hydra-booster-30ml\/#breadcrumb","itemListElement":[{"@type":"ListItem","position":1,"name":"Accueil","item":"https:\/\/paracherkaoui.ma\/"},{"@type":"ListItem","position":2,"name":"Boutique","item":"https:\/\/paracherkaoui.ma\/index.php\/boutique\/"},{"@type":"ListItem","position":3,"name":"PATYKA HYDRA SERUM HYDRA BOOSTER 30ML"}]},{"@type":"WebSite","@id":"https:\/\/paracherkaoui.ma\/#website","url":"https:\/\/paracherkaoui.ma\/","name":"Paracherkaoui.ma","description":"Achetez en ligne sur Paracherkaoui.ma","potentialAction":[{"@type":"SearchAction","target":{"@type":"EntryPoint","urlTemplate":"https:\/\/paracherkaoui.ma\/?s={search_term_string}"},"query-input":{"@type":"PropertyValueSpecification","valueRequired":true,"valueName":"search_term_string"}}],"inLanguage":"fr-FR"}]}},"_links":{"self":[{"href":"https:\/\/paracherkaoui.ma\/index.php\/wp-json\/wp\/v2\/product\/27718","targetHints":{"allow":["GET"]}}],"collection":[{"href":"https:\/\/paracherkaoui.ma\/index.php\/wp-json\/wp\/v2\/product"}],"about":[{"href":"https:\/\/paracherkaoui.ma\/index.php\/wp-json\/wp\/v2\/types\/product"}],"replies":[{"embeddable":true,"href":"https:\/\/paracherkaoui.ma\/index.php\/wp-json\/wp\/v2\/comments?post=27718"}],"version-history":[{"count":1,"href":"https:\/\/paracherkaoui.ma\/index.php\/wp-json\/wp\/v2\/product\/27718\/revisions"}],"predecessor-version":[{"id":27758,"href":"https:\/\/paracherkaoui.ma\/index.php\/wp-json\/wp\/v2\/product\/27718\/revisions\/27758"}],"wp:featuredmedia":[{"embeddable":true,"href":"https:\/\/paracherkaoui.ma\/index.php\/wp-json\/wp\/v2\/media\/27757"}],"wp:attachment":[{"href":"https:\/\/paracherkaoui.ma\/index.php\/wp-json\/wp\/v2\/media?parent=27718"}],"wp:term":[{"taxonomy":"product_brand","embeddable":true,"href":"https:\/\/paracherkaoui.ma\/index.php\/wp-json\/wp\/v2\/product_brand?post=27718"},{"taxonomy":"product_cat","embeddable":true,"href":"https:\/\/paracherkaoui.ma\/index.php\/wp-json\/wp\/v2\/product_cat?post=27718"},{"taxonomy":"product_tag","embeddable":true,"href":"https:\/\/paracherkaoui.ma\/index.php\/wp-json\/wp\/v2\/product_tag?post=27718"}],"curies":[{"name":"wp","href":"https:\/\/api.w.org\/{rel}","templated":true}]}}