{"id":27662,"date":"2025-12-12T18:27:16","date_gmt":"2025-12-12T17:27:16","guid":{"rendered":"https:\/\/test.ecbeaute.com\/?post_type=product&#038;p=27662"},"modified":"2025-12-12T18:27:17","modified_gmt":"2025-12-12T17:27:17","slug":"acm-sebionex-actimat-soin-anti-impperfection-teintee-claire-40-ml-3","status":"publish","type":"product","link":"https:\/\/paracherkaoui.ma\/index.php\/produit\/acm-sebionex-actimat-soin-anti-impperfection-teintee-claire-40-ml-3\/","title":{"rendered":"ACM SEBIONEX ACTIMAT SOIN ANTI IMPPERFECTION TEINTEE CLAIRE 40 ML"},"content":{"rendered":"<p>ACM Sebionex Actimat Soin Anti-imperfection Teint\u00e9e Claire 40ml; Sebionex Actimat augmente le taux d&rsquo;hydratation de la peau, renforce la fonction de barri\u00e8re cutan\u00e9e et apaise les rougeurs. Sa texture l\u00e9g\u00e8rement teint\u00e9e signifie que SEBIONEX Actimat couvre instantan\u00e9ment toutes les imperfections et unifie le teint . SEBIONEX Actimat associe trois actions compl\u00e9mentaires en un seul soin avec une texture non com\u00e9dog\u00e8ne tr\u00e8s agr\u00e9able sp\u00e9cialement formul\u00e9e pour ce type de peau. SEBIONEX Actimat corrige les imperfections gr\u00e2ce \u00e0 son action anti-inflammatoire, antibact\u00e9rienne et anti-oxydante. Anti-inflammatoire apaisant gr\u00e2ce \u00e0 la combinaison du complexe c\u00e9ramide-phytosphingosine, gluconolactone et 4% nicotinamide, qui freine la composante inflammatoire de l&rsquo;acn\u00e9 et r\u00e9duit l&rsquo;irritation provoqu\u00e9e par tout traitement associ\u00e9 de l&rsquo;acn\u00e9. Antibact\u00e9rien d\u00fb au benzoate de sodium .Antioxydant avec de la vitamine E<br \/>\nConseils d&rsquo;utilisation:<\/p>\n<p>Appliquer le matin uniform\u00e9ment sur le visage et le cou pr\u00e9alablement nettoy\u00e9 avec le gel nettoyant S\u00e9bionex ou la lotion micellaire S\u00e9bionex. Peut servir de maquillage ou de base de maquillage .<\/p>\n","protected":false},"excerpt":{"rendered":"<p>ACM Sebionex Actimat Soin Anti-imperfection Teint\u00e9e Claire 40ml; Sebionex Actimat augmente le taux d&rsquo;hydratation de la peau, renforce la fonction<\/p>\n","protected":false},"featured_media":13505,"comment_status":"open","ping_status":"closed","template":"","meta":[],"product_brand":[142],"product_cat":[525],"product_tag":[],"class_list":{"0":"post-27662","1":"product","2":"type-product","3":"status-publish","4":"has-post-thumbnail","6":"product_brand-acm","7":"product_cat-cremes-jour","9":"first","10":"instock","11":"sale","12":"shipping-taxable","13":"purchasable","14":"product-type-simple"},"yoast_head":"<!-- This site is optimized with the Yoast SEO plugin v26.6 - https:\/\/yoast.com\/wordpress\/plugins\/seo\/ -->\r\n<title>ACM SEBIONEX ACTIMAT SOIN ANTI IMPPERFECTION TEINTEE CLAIRE 40 ML - Paracherkaoui.ma<\/title>\r\n<meta name=\"robots\" content=\"index, follow, max-snippet:-1, max-image-preview:large, max-video-preview:-1\" \/>\r\n<link rel=\"canonical\" href=\"https:\/\/paracherkaoui.ma\/index.php\/produit\/acm-sebionex-actimat-soin-anti-impperfection-teintee-claire-40-ml-3\/\" \/>\r\n<meta property=\"og:locale\" content=\"fr_FR\" \/>\r\n<meta property=\"og:type\" content=\"article\" \/>\r\n<meta property=\"og:title\" content=\"ACM SEBIONEX ACTIMAT SOIN ANTI IMPPERFECTION TEINTEE CLAIRE 40 ML - Paracherkaoui.ma\" \/>\r\n<meta property=\"og:description\" content=\"ACM Sebionex Actimat Soin Anti-imperfection Teint\u00e9e Claire 40ml; Sebionex Actimat augmente le taux d&rsquo;hydratation de la peau, renforce la fonction\" \/>\r\n<meta property=\"og:url\" content=\"https:\/\/paracherkaoui.ma\/index.php\/produit\/acm-sebionex-actimat-soin-anti-impperfection-teintee-claire-40-ml-3\/\" \/>\r\n<meta property=\"og:site_name\" content=\"Paracherkaoui.ma\" \/>\r\n<meta property=\"article:modified_time\" content=\"2025-12-12T17:27:17+00:00\" \/>\r\n<meta property=\"og:image\" content=\"https:\/\/paracherkaoui.ma\/wp-content\/uploads\/2025\/12\/acm-acm-sebionex-actimat-soin-anti-impperfection-teintee-claire-40-ml-soins-anti-imperfections.jpg\" \/>\r\n\t<meta property=\"og:image:width\" content=\"700\" \/>\r\n\t<meta property=\"og:image:height\" content=\"700\" \/>\r\n\t<meta property=\"og:image:type\" content=\"image\/jpeg\" \/>\r\n<meta name=\"twitter:card\" content=\"summary_large_image\" \/>\r\n<meta name=\"twitter:label1\" content=\"Dur\u00e9e de lecture estim\u00e9e\" \/>\n\t<meta name=\"twitter:data1\" content=\"1 minute\" \/>\r\n<script type=\"application\/ld+json\" class=\"yoast-schema-graph\">{\"@context\":\"https:\/\/schema.org\",\"@graph\":[{\"@type\":\"WebPage\",\"@id\":\"https:\/\/paracherkaoui.ma\/index.php\/produit\/acm-sebionex-actimat-soin-anti-impperfection-teintee-claire-40-ml-3\/\",\"url\":\"https:\/\/paracherkaoui.ma\/index.php\/produit\/acm-sebionex-actimat-soin-anti-impperfection-teintee-claire-40-ml-3\/\",\"name\":\"ACM SEBIONEX ACTIMAT SOIN ANTI IMPPERFECTION TEINTEE CLAIRE 40 ML - Paracherkaoui.ma\",\"isPartOf\":{\"@id\":\"https:\/\/paracherkaoui.ma\/#website\"},\"primaryImageOfPage\":{\"@id\":\"https:\/\/paracherkaoui.ma\/index.php\/produit\/acm-sebionex-actimat-soin-anti-impperfection-teintee-claire-40-ml-3\/#primaryimage\"},\"image\":{\"@id\":\"https:\/\/paracherkaoui.ma\/index.php\/produit\/acm-sebionex-actimat-soin-anti-impperfection-teintee-claire-40-ml-3\/#primaryimage\"},\"thumbnailUrl\":\"https:\/\/paracherkaoui.ma\/wp-content\/uploads\/2025\/12\/acm-acm-sebionex-actimat-soin-anti-impperfection-teintee-claire-40-ml-soins-anti-imperfections.jpg\",\"datePublished\":\"2025-12-12T17:27:16+00:00\",\"dateModified\":\"2025-12-12T17:27:17+00:00\",\"breadcrumb\":{\"@id\":\"https:\/\/paracherkaoui.ma\/index.php\/produit\/acm-sebionex-actimat-soin-anti-impperfection-teintee-claire-40-ml-3\/#breadcrumb\"},\"inLanguage\":\"fr-FR\",\"potentialAction\":[{\"@type\":\"ReadAction\",\"target\":[\"https:\/\/paracherkaoui.ma\/index.php\/produit\/acm-sebionex-actimat-soin-anti-impperfection-teintee-claire-40-ml-3\/\"]}]},{\"@type\":\"ImageObject\",\"inLanguage\":\"fr-FR\",\"@id\":\"https:\/\/paracherkaoui.ma\/index.php\/produit\/acm-sebionex-actimat-soin-anti-impperfection-teintee-claire-40-ml-3\/#primaryimage\",\"url\":\"https:\/\/paracherkaoui.ma\/wp-content\/uploads\/2025\/12\/acm-acm-sebionex-actimat-soin-anti-impperfection-teintee-claire-40-ml-soins-anti-imperfections.jpg\",\"contentUrl\":\"https:\/\/paracherkaoui.ma\/wp-content\/uploads\/2025\/12\/acm-acm-sebionex-actimat-soin-anti-impperfection-teintee-claire-40-ml-soins-anti-imperfections.jpg\",\"width\":700,\"height\":700},{\"@type\":\"BreadcrumbList\",\"@id\":\"https:\/\/paracherkaoui.ma\/index.php\/produit\/acm-sebionex-actimat-soin-anti-impperfection-teintee-claire-40-ml-3\/#breadcrumb\",\"itemListElement\":[{\"@type\":\"ListItem\",\"position\":1,\"name\":\"Accueil\",\"item\":\"https:\/\/paracherkaoui.ma\/\"},{\"@type\":\"ListItem\",\"position\":2,\"name\":\"Boutique\",\"item\":\"https:\/\/paracherkaoui.ma\/index.php\/boutique\/\"},{\"@type\":\"ListItem\",\"position\":3,\"name\":\"ACM SEBIONEX ACTIMAT SOIN ANTI IMPPERFECTION TEINTEE CLAIRE 40 ML\"}]},{\"@type\":\"WebSite\",\"@id\":\"https:\/\/paracherkaoui.ma\/#website\",\"url\":\"https:\/\/paracherkaoui.ma\/\",\"name\":\"Paracherkaoui.ma\",\"description\":\"Achetez en ligne sur Paracherkaoui.ma\",\"potentialAction\":[{\"@type\":\"SearchAction\",\"target\":{\"@type\":\"EntryPoint\",\"urlTemplate\":\"https:\/\/paracherkaoui.ma\/?s={search_term_string}\"},\"query-input\":{\"@type\":\"PropertyValueSpecification\",\"valueRequired\":true,\"valueName\":\"search_term_string\"}}],\"inLanguage\":\"fr-FR\"}]}<\/script>\r\n<!-- \/ Yoast SEO plugin. -->","yoast_head_json":{"title":"ACM SEBIONEX ACTIMAT SOIN ANTI IMPPERFECTION TEINTEE CLAIRE 40 ML - Paracherkaoui.ma","robots":{"index":"index","follow":"follow","max-snippet":"max-snippet:-1","max-image-preview":"max-image-preview:large","max-video-preview":"max-video-preview:-1"},"canonical":"https:\/\/paracherkaoui.ma\/index.php\/produit\/acm-sebionex-actimat-soin-anti-impperfection-teintee-claire-40-ml-3\/","og_locale":"fr_FR","og_type":"article","og_title":"ACM SEBIONEX ACTIMAT SOIN ANTI IMPPERFECTION TEINTEE CLAIRE 40 ML - Paracherkaoui.ma","og_description":"ACM Sebionex Actimat Soin Anti-imperfection Teint\u00e9e Claire 40ml; Sebionex Actimat augmente le taux d&rsquo;hydratation de la peau, renforce la fonction","og_url":"https:\/\/paracherkaoui.ma\/index.php\/produit\/acm-sebionex-actimat-soin-anti-impperfection-teintee-claire-40-ml-3\/","og_site_name":"Paracherkaoui.ma","article_modified_time":"2025-12-12T17:27:17+00:00","og_image":[{"width":700,"height":700,"url":"https:\/\/paracherkaoui.ma\/wp-content\/uploads\/2025\/12\/acm-acm-sebionex-actimat-soin-anti-impperfection-teintee-claire-40-ml-soins-anti-imperfections.jpg","type":"image\/jpeg"}],"twitter_card":"summary_large_image","twitter_misc":{"Dur\u00e9e de lecture estim\u00e9e":"1 minute"},"schema":{"@context":"https:\/\/schema.org","@graph":[{"@type":"WebPage","@id":"https:\/\/paracherkaoui.ma\/index.php\/produit\/acm-sebionex-actimat-soin-anti-impperfection-teintee-claire-40-ml-3\/","url":"https:\/\/paracherkaoui.ma\/index.php\/produit\/acm-sebionex-actimat-soin-anti-impperfection-teintee-claire-40-ml-3\/","name":"ACM SEBIONEX ACTIMAT SOIN ANTI IMPPERFECTION TEINTEE CLAIRE 40 ML - Paracherkaoui.ma","isPartOf":{"@id":"https:\/\/paracherkaoui.ma\/#website"},"primaryImageOfPage":{"@id":"https:\/\/paracherkaoui.ma\/index.php\/produit\/acm-sebionex-actimat-soin-anti-impperfection-teintee-claire-40-ml-3\/#primaryimage"},"image":{"@id":"https:\/\/paracherkaoui.ma\/index.php\/produit\/acm-sebionex-actimat-soin-anti-impperfection-teintee-claire-40-ml-3\/#primaryimage"},"thumbnailUrl":"https:\/\/paracherkaoui.ma\/wp-content\/uploads\/2025\/12\/acm-acm-sebionex-actimat-soin-anti-impperfection-teintee-claire-40-ml-soins-anti-imperfections.jpg","datePublished":"2025-12-12T17:27:16+00:00","dateModified":"2025-12-12T17:27:17+00:00","breadcrumb":{"@id":"https:\/\/paracherkaoui.ma\/index.php\/produit\/acm-sebionex-actimat-soin-anti-impperfection-teintee-claire-40-ml-3\/#breadcrumb"},"inLanguage":"fr-FR","potentialAction":[{"@type":"ReadAction","target":["https:\/\/paracherkaoui.ma\/index.php\/produit\/acm-sebionex-actimat-soin-anti-impperfection-teintee-claire-40-ml-3\/"]}]},{"@type":"ImageObject","inLanguage":"fr-FR","@id":"https:\/\/paracherkaoui.ma\/index.php\/produit\/acm-sebionex-actimat-soin-anti-impperfection-teintee-claire-40-ml-3\/#primaryimage","url":"https:\/\/paracherkaoui.ma\/wp-content\/uploads\/2025\/12\/acm-acm-sebionex-actimat-soin-anti-impperfection-teintee-claire-40-ml-soins-anti-imperfections.jpg","contentUrl":"https:\/\/paracherkaoui.ma\/wp-content\/uploads\/2025\/12\/acm-acm-sebionex-actimat-soin-anti-impperfection-teintee-claire-40-ml-soins-anti-imperfections.jpg","width":700,"height":700},{"@type":"BreadcrumbList","@id":"https:\/\/paracherkaoui.ma\/index.php\/produit\/acm-sebionex-actimat-soin-anti-impperfection-teintee-claire-40-ml-3\/#breadcrumb","itemListElement":[{"@type":"ListItem","position":1,"name":"Accueil","item":"https:\/\/paracherkaoui.ma\/"},{"@type":"ListItem","position":2,"name":"Boutique","item":"https:\/\/paracherkaoui.ma\/index.php\/boutique\/"},{"@type":"ListItem","position":3,"name":"ACM SEBIONEX ACTIMAT SOIN ANTI IMPPERFECTION TEINTEE CLAIRE 40 ML"}]},{"@type":"WebSite","@id":"https:\/\/paracherkaoui.ma\/#website","url":"https:\/\/paracherkaoui.ma\/","name":"Paracherkaoui.ma","description":"Achetez en ligne sur Paracherkaoui.ma","potentialAction":[{"@type":"SearchAction","target":{"@type":"EntryPoint","urlTemplate":"https:\/\/paracherkaoui.ma\/?s={search_term_string}"},"query-input":{"@type":"PropertyValueSpecification","valueRequired":true,"valueName":"search_term_string"}}],"inLanguage":"fr-FR"}]}},"_links":{"self":[{"href":"https:\/\/paracherkaoui.ma\/index.php\/wp-json\/wp\/v2\/product\/27662","targetHints":{"allow":["GET"]}}],"collection":[{"href":"https:\/\/paracherkaoui.ma\/index.php\/wp-json\/wp\/v2\/product"}],"about":[{"href":"https:\/\/paracherkaoui.ma\/index.php\/wp-json\/wp\/v2\/types\/product"}],"replies":[{"embeddable":true,"href":"https:\/\/paracherkaoui.ma\/index.php\/wp-json\/wp\/v2\/comments?post=27662"}],"version-history":[{"count":1,"href":"https:\/\/paracherkaoui.ma\/index.php\/wp-json\/wp\/v2\/product\/27662\/revisions"}],"predecessor-version":[{"id":27683,"href":"https:\/\/paracherkaoui.ma\/index.php\/wp-json\/wp\/v2\/product\/27662\/revisions\/27683"}],"wp:featuredmedia":[{"embeddable":true,"href":"https:\/\/paracherkaoui.ma\/index.php\/wp-json\/wp\/v2\/media\/13505"}],"wp:attachment":[{"href":"https:\/\/paracherkaoui.ma\/index.php\/wp-json\/wp\/v2\/media?parent=27662"}],"wp:term":[{"taxonomy":"product_brand","embeddable":true,"href":"https:\/\/paracherkaoui.ma\/index.php\/wp-json\/wp\/v2\/product_brand?post=27662"},{"taxonomy":"product_cat","embeddable":true,"href":"https:\/\/paracherkaoui.ma\/index.php\/wp-json\/wp\/v2\/product_cat?post=27662"},{"taxonomy":"product_tag","embeddable":true,"href":"https:\/\/paracherkaoui.ma\/index.php\/wp-json\/wp\/v2\/product_tag?post=27662"}],"curies":[{"name":"wp","href":"https:\/\/api.w.org\/{rel}","templated":true}]}}