{"id":27661,"date":"2025-12-12T18:27:16","date_gmt":"2025-12-12T17:27:16","guid":{"rendered":"https:\/\/test.ecbeaute.com\/?post_type=product&#038;p=27661"},"modified":"2025-12-12T18:27:17","modified_gmt":"2025-12-12T17:27:17","slug":"caudalie-vinohydra-gelee-hydratante-60-ml","status":"publish","type":"product","link":"https:\/\/paracherkaoui.ma\/index.php\/produit\/caudalie-vinohydra-gelee-hydratante-60-ml\/","title":{"rendered":"CAUDALIE VINOHYDRA GELEE HYDRATANTE 60 ML"},"content":{"rendered":"<p>Offrez \u00e0 votre peau un bain d&rsquo;hydratation avec la Gel\u00e9e Hydratante VinoHydra, votre nouvel alli\u00e9 pour une peau fra\u00eeche et souple. Formul\u00e9e sans silicones, cette gel\u00e9e ultra-fra\u00eeche est id\u00e9ale pour les peaux mixtes, m\u00eame les plus sensibles. Sa texture l\u00e9g\u00e8re et non grasse fond instantan\u00e9ment sur la peau, apportant une hydratation intense et durable.<br \/>\nUne Hydratation Intense et L\u00e9g\u00e8re<br \/>\nLa Gel\u00e9e Hydratante VinoHydra agit comme un v\u00e9ritable patch d&rsquo;hydratation, infusant votre peau d&rsquo;eau pour une sensation de fra\u00eecheur imm\u00e9diate. D\u00e8s la premi\u00e8re application, votre peau est visiblement plus souple, comme gorg\u00e9e d&rsquo;eau. La texture gel\u00e9e p\u00e9n\u00e8tre rapidement, sans laisser de film gras, pour une peau douce et confortable.<br \/>\nId\u00e9ale pour les Peaux Mixtes et Sensibles<br \/>\nFormul\u00e9e pour r\u00e9pondre aux besoins sp\u00e9cifiques des peaux mixtes, la Gel\u00e9e Hydratante VinoHydra \u00e9quilibre l&rsquo;hydratation de votre peau sans obstruer les pores. Elle est \u00e9galement parfaitement adapt\u00e9e aux peaux sensibles, gr\u00e2ce \u00e0 sa composition sans silicones et sa texture l\u00e9g\u00e8re qui n&rsquo;irrite pas.<br \/>\nUn Teint Frais et \u00c9clatant<br \/>\nEn plus de ses propri\u00e9t\u00e9s hydratantes, cette gel\u00e9e revitalise votre teint, lui apportant \u00e9clat et fra\u00eecheur. Utilis\u00e9e quotidiennement, elle aide \u00e0 maintenir une peau saine et lumineuse, tout en prot\u00e9geant contre la d\u00e9shydratation. Votre teint est plus frais, votre peau plus \u00e9clatante.<br \/>\nComposition :<br \/>\naqua\/water\/eau, glycerin, vitis vinifera (grape) fruit water, isostearyl isostearate, octyldodecyl myristate, squalane, microcrystalline cellulose, caprylic\/capric triglyceride, benzyl alcohol, xanthan gum, carbomer, cellulose gum, caprylyl glycol, vitis vinifera (grape) juice, sodium hyaluronate, sodium hydroxide, aloe barbadensis leaf juice powder, helianthus annuus (sunflower) seed oil, tocopherol, citric acid, dehydroacetic acid, sodium phytate, sodium carboxymethyl beta-glucan, sodium benzoate, potassium sorbate, parfum (fragrance).(288\/048)<br \/>\nConseils d&rsquo;utilisation :<br \/>\nAppliquer matin et soir, sur le visage et le cou, seule ou apr\u00e8s votre s\u00e9rum.<\/p>\n","protected":false},"excerpt":{"rendered":"<p>Offrez \u00e0 votre peau un bain d&rsquo;hydratation avec la Gel\u00e9e Hydratante VinoHydra, votre nouvel alli\u00e9 pour une peau fra\u00eeche et<\/p>\n","protected":false},"featured_media":27681,"comment_status":"open","ping_status":"closed","template":"","meta":[],"product_brand":[358],"product_cat":[525],"product_tag":[],"class_list":{"0":"post-27661","1":"product","2":"type-product","3":"status-publish","4":"has-post-thumbnail","6":"product_brand-caudalie","7":"product_cat-cremes-jour","9":"first","10":"instock","11":"shipping-taxable","12":"purchasable","13":"product-type-simple"},"yoast_head":"<!-- This site is optimized with the Yoast SEO plugin v26.6 - https:\/\/yoast.com\/wordpress\/plugins\/seo\/ -->\r\n<title>CAUDALIE VINOHYDRA GELEE HYDRATANTE 60 ML - Paracherkaoui.ma<\/title>\r\n<meta name=\"robots\" content=\"index, follow, max-snippet:-1, max-image-preview:large, max-video-preview:-1\" \/>\r\n<link rel=\"canonical\" href=\"https:\/\/paracherkaoui.ma\/index.php\/produit\/caudalie-vinohydra-gelee-hydratante-60-ml\/\" \/>\r\n<meta property=\"og:locale\" content=\"fr_FR\" \/>\r\n<meta property=\"og:type\" content=\"article\" \/>\r\n<meta property=\"og:title\" content=\"CAUDALIE VINOHYDRA GELEE HYDRATANTE 60 ML - Paracherkaoui.ma\" \/>\r\n<meta property=\"og:description\" content=\"Offrez \u00e0 votre peau un bain d&rsquo;hydratation avec la Gel\u00e9e Hydratante VinoHydra, votre nouvel alli\u00e9 pour une peau fra\u00eeche et\" \/>\r\n<meta property=\"og:url\" content=\"https:\/\/paracherkaoui.ma\/index.php\/produit\/caudalie-vinohydra-gelee-hydratante-60-ml\/\" \/>\r\n<meta property=\"og:site_name\" content=\"Paracherkaoui.ma\" \/>\r\n<meta property=\"article:modified_time\" content=\"2025-12-12T17:27:17+00:00\" \/>\r\n<meta property=\"og:image\" content=\"https:\/\/paracherkaoui.ma\/wp-content\/uploads\/2025\/12\/caudalie-vinohydra-gelee-hydratante-60-ml.jpg\" \/>\r\n\t<meta property=\"og:image:width\" content=\"700\" \/>\r\n\t<meta property=\"og:image:height\" content=\"700\" \/>\r\n\t<meta property=\"og:image:type\" content=\"image\/jpeg\" \/>\r\n<meta name=\"twitter:card\" content=\"summary_large_image\" \/>\r\n<meta name=\"twitter:label1\" content=\"Dur\u00e9e de lecture estim\u00e9e\" \/>\n\t<meta name=\"twitter:data1\" content=\"2 minutes\" \/>\r\n<script type=\"application\/ld+json\" class=\"yoast-schema-graph\">{\"@context\":\"https:\/\/schema.org\",\"@graph\":[{\"@type\":\"WebPage\",\"@id\":\"https:\/\/paracherkaoui.ma\/index.php\/produit\/caudalie-vinohydra-gelee-hydratante-60-ml\/\",\"url\":\"https:\/\/paracherkaoui.ma\/index.php\/produit\/caudalie-vinohydra-gelee-hydratante-60-ml\/\",\"name\":\"CAUDALIE VINOHYDRA GELEE HYDRATANTE 60 ML - Paracherkaoui.ma\",\"isPartOf\":{\"@id\":\"https:\/\/paracherkaoui.ma\/#website\"},\"primaryImageOfPage\":{\"@id\":\"https:\/\/paracherkaoui.ma\/index.php\/produit\/caudalie-vinohydra-gelee-hydratante-60-ml\/#primaryimage\"},\"image\":{\"@id\":\"https:\/\/paracherkaoui.ma\/index.php\/produit\/caudalie-vinohydra-gelee-hydratante-60-ml\/#primaryimage\"},\"thumbnailUrl\":\"https:\/\/paracherkaoui.ma\/wp-content\/uploads\/2025\/12\/caudalie-vinohydra-gelee-hydratante-60-ml.jpg\",\"datePublished\":\"2025-12-12T17:27:16+00:00\",\"dateModified\":\"2025-12-12T17:27:17+00:00\",\"breadcrumb\":{\"@id\":\"https:\/\/paracherkaoui.ma\/index.php\/produit\/caudalie-vinohydra-gelee-hydratante-60-ml\/#breadcrumb\"},\"inLanguage\":\"fr-FR\",\"potentialAction\":[{\"@type\":\"ReadAction\",\"target\":[\"https:\/\/paracherkaoui.ma\/index.php\/produit\/caudalie-vinohydra-gelee-hydratante-60-ml\/\"]}]},{\"@type\":\"ImageObject\",\"inLanguage\":\"fr-FR\",\"@id\":\"https:\/\/paracherkaoui.ma\/index.php\/produit\/caudalie-vinohydra-gelee-hydratante-60-ml\/#primaryimage\",\"url\":\"https:\/\/paracherkaoui.ma\/wp-content\/uploads\/2025\/12\/caudalie-vinohydra-gelee-hydratante-60-ml.jpg\",\"contentUrl\":\"https:\/\/paracherkaoui.ma\/wp-content\/uploads\/2025\/12\/caudalie-vinohydra-gelee-hydratante-60-ml.jpg\",\"width\":700,\"height\":700},{\"@type\":\"BreadcrumbList\",\"@id\":\"https:\/\/paracherkaoui.ma\/index.php\/produit\/caudalie-vinohydra-gelee-hydratante-60-ml\/#breadcrumb\",\"itemListElement\":[{\"@type\":\"ListItem\",\"position\":1,\"name\":\"Accueil\",\"item\":\"https:\/\/paracherkaoui.ma\/\"},{\"@type\":\"ListItem\",\"position\":2,\"name\":\"Boutique\",\"item\":\"https:\/\/paracherkaoui.ma\/index.php\/boutique\/\"},{\"@type\":\"ListItem\",\"position\":3,\"name\":\"CAUDALIE VINOHYDRA GELEE HYDRATANTE 60 ML\"}]},{\"@type\":\"WebSite\",\"@id\":\"https:\/\/paracherkaoui.ma\/#website\",\"url\":\"https:\/\/paracherkaoui.ma\/\",\"name\":\"Paracherkaoui.ma\",\"description\":\"Achetez en ligne sur Paracherkaoui.ma\",\"potentialAction\":[{\"@type\":\"SearchAction\",\"target\":{\"@type\":\"EntryPoint\",\"urlTemplate\":\"https:\/\/paracherkaoui.ma\/?s={search_term_string}\"},\"query-input\":{\"@type\":\"PropertyValueSpecification\",\"valueRequired\":true,\"valueName\":\"search_term_string\"}}],\"inLanguage\":\"fr-FR\"}]}<\/script>\r\n<!-- \/ Yoast SEO plugin. -->","yoast_head_json":{"title":"CAUDALIE VINOHYDRA GELEE HYDRATANTE 60 ML - Paracherkaoui.ma","robots":{"index":"index","follow":"follow","max-snippet":"max-snippet:-1","max-image-preview":"max-image-preview:large","max-video-preview":"max-video-preview:-1"},"canonical":"https:\/\/paracherkaoui.ma\/index.php\/produit\/caudalie-vinohydra-gelee-hydratante-60-ml\/","og_locale":"fr_FR","og_type":"article","og_title":"CAUDALIE VINOHYDRA GELEE HYDRATANTE 60 ML - Paracherkaoui.ma","og_description":"Offrez \u00e0 votre peau un bain d&rsquo;hydratation avec la Gel\u00e9e Hydratante VinoHydra, votre nouvel alli\u00e9 pour une peau fra\u00eeche et","og_url":"https:\/\/paracherkaoui.ma\/index.php\/produit\/caudalie-vinohydra-gelee-hydratante-60-ml\/","og_site_name":"Paracherkaoui.ma","article_modified_time":"2025-12-12T17:27:17+00:00","og_image":[{"width":700,"height":700,"url":"https:\/\/paracherkaoui.ma\/wp-content\/uploads\/2025\/12\/caudalie-vinohydra-gelee-hydratante-60-ml.jpg","type":"image\/jpeg"}],"twitter_card":"summary_large_image","twitter_misc":{"Dur\u00e9e de lecture estim\u00e9e":"2 minutes"},"schema":{"@context":"https:\/\/schema.org","@graph":[{"@type":"WebPage","@id":"https:\/\/paracherkaoui.ma\/index.php\/produit\/caudalie-vinohydra-gelee-hydratante-60-ml\/","url":"https:\/\/paracherkaoui.ma\/index.php\/produit\/caudalie-vinohydra-gelee-hydratante-60-ml\/","name":"CAUDALIE VINOHYDRA GELEE HYDRATANTE 60 ML - Paracherkaoui.ma","isPartOf":{"@id":"https:\/\/paracherkaoui.ma\/#website"},"primaryImageOfPage":{"@id":"https:\/\/paracherkaoui.ma\/index.php\/produit\/caudalie-vinohydra-gelee-hydratante-60-ml\/#primaryimage"},"image":{"@id":"https:\/\/paracherkaoui.ma\/index.php\/produit\/caudalie-vinohydra-gelee-hydratante-60-ml\/#primaryimage"},"thumbnailUrl":"https:\/\/paracherkaoui.ma\/wp-content\/uploads\/2025\/12\/caudalie-vinohydra-gelee-hydratante-60-ml.jpg","datePublished":"2025-12-12T17:27:16+00:00","dateModified":"2025-12-12T17:27:17+00:00","breadcrumb":{"@id":"https:\/\/paracherkaoui.ma\/index.php\/produit\/caudalie-vinohydra-gelee-hydratante-60-ml\/#breadcrumb"},"inLanguage":"fr-FR","potentialAction":[{"@type":"ReadAction","target":["https:\/\/paracherkaoui.ma\/index.php\/produit\/caudalie-vinohydra-gelee-hydratante-60-ml\/"]}]},{"@type":"ImageObject","inLanguage":"fr-FR","@id":"https:\/\/paracherkaoui.ma\/index.php\/produit\/caudalie-vinohydra-gelee-hydratante-60-ml\/#primaryimage","url":"https:\/\/paracherkaoui.ma\/wp-content\/uploads\/2025\/12\/caudalie-vinohydra-gelee-hydratante-60-ml.jpg","contentUrl":"https:\/\/paracherkaoui.ma\/wp-content\/uploads\/2025\/12\/caudalie-vinohydra-gelee-hydratante-60-ml.jpg","width":700,"height":700},{"@type":"BreadcrumbList","@id":"https:\/\/paracherkaoui.ma\/index.php\/produit\/caudalie-vinohydra-gelee-hydratante-60-ml\/#breadcrumb","itemListElement":[{"@type":"ListItem","position":1,"name":"Accueil","item":"https:\/\/paracherkaoui.ma\/"},{"@type":"ListItem","position":2,"name":"Boutique","item":"https:\/\/paracherkaoui.ma\/index.php\/boutique\/"},{"@type":"ListItem","position":3,"name":"CAUDALIE VINOHYDRA GELEE HYDRATANTE 60 ML"}]},{"@type":"WebSite","@id":"https:\/\/paracherkaoui.ma\/#website","url":"https:\/\/paracherkaoui.ma\/","name":"Paracherkaoui.ma","description":"Achetez en ligne sur Paracherkaoui.ma","potentialAction":[{"@type":"SearchAction","target":{"@type":"EntryPoint","urlTemplate":"https:\/\/paracherkaoui.ma\/?s={search_term_string}"},"query-input":{"@type":"PropertyValueSpecification","valueRequired":true,"valueName":"search_term_string"}}],"inLanguage":"fr-FR"}]}},"_links":{"self":[{"href":"https:\/\/paracherkaoui.ma\/index.php\/wp-json\/wp\/v2\/product\/27661","targetHints":{"allow":["GET"]}}],"collection":[{"href":"https:\/\/paracherkaoui.ma\/index.php\/wp-json\/wp\/v2\/product"}],"about":[{"href":"https:\/\/paracherkaoui.ma\/index.php\/wp-json\/wp\/v2\/types\/product"}],"replies":[{"embeddable":true,"href":"https:\/\/paracherkaoui.ma\/index.php\/wp-json\/wp\/v2\/comments?post=27661"}],"version-history":[{"count":1,"href":"https:\/\/paracherkaoui.ma\/index.php\/wp-json\/wp\/v2\/product\/27661\/revisions"}],"predecessor-version":[{"id":27682,"href":"https:\/\/paracherkaoui.ma\/index.php\/wp-json\/wp\/v2\/product\/27661\/revisions\/27682"}],"wp:featuredmedia":[{"embeddable":true,"href":"https:\/\/paracherkaoui.ma\/index.php\/wp-json\/wp\/v2\/media\/27681"}],"wp:attachment":[{"href":"https:\/\/paracherkaoui.ma\/index.php\/wp-json\/wp\/v2\/media?parent=27661"}],"wp:term":[{"taxonomy":"product_brand","embeddable":true,"href":"https:\/\/paracherkaoui.ma\/index.php\/wp-json\/wp\/v2\/product_brand?post=27661"},{"taxonomy":"product_cat","embeddable":true,"href":"https:\/\/paracherkaoui.ma\/index.php\/wp-json\/wp\/v2\/product_cat?post=27661"},{"taxonomy":"product_tag","embeddable":true,"href":"https:\/\/paracherkaoui.ma\/index.php\/wp-json\/wp\/v2\/product_tag?post=27661"}],"curies":[{"name":"wp","href":"https:\/\/api.w.org\/{rel}","templated":true}]}}