{"id":27602,"date":"2025-12-12T18:27:08","date_gmt":"2025-12-12T17:27:08","guid":{"rendered":"https:\/\/test.ecbeaute.com\/?post_type=product&#038;p=27602"},"modified":"2025-12-12T18:27:12","modified_gmt":"2025-12-12T17:27:12","slug":"caudalie-coffret-serum-vinoperfect-eclat-anti-taches-30-ml-vinosun-protect-spf-50-20ml-offert-2","status":"publish","type":"product","link":"https:\/\/paracherkaoui.ma\/index.php\/produit\/caudalie-coffret-serum-vinoperfect-eclat-anti-taches-30-ml-vinosun-protect-spf-50-20ml-offert-2\/","title":{"rendered":"CAUDALIE COFFRET SERUM VINOPERFECT ECLAT ANTI TACHES 30 ML + VINOSUN PROTECT SPF 50+ 20ML OFFERT"},"content":{"rendered":"<p>Produit culte de Caudalie, le S\u00e9rum \u00c9clat Anti-taches Vinoperfect a d\u00e9j\u00e0 conquis des millions de femmes pour son action anti-taches exceptionnelle.<br \/>\n\u00c0 la fois efficace et ultra-respectueux de la peau, ce s\u00e9rum anti-taches est un prodige qui apporte au visage \u00e9clat et luminosit\u00e9. Il fonctionne sur tous les types de taches et tous les types de peaux, m\u00eame les plus sensibles.<br \/>\nSa fragrance phyto-aromatique, fra\u00eeche et subtile, associe des notes vertes de fleur de c\u00e9drat, feuilles d&rsquo;oranger, melon d&rsquo;eau et menthe froiss\u00e9e.<br \/>\nB\u00e9n\u00e9fices<br \/>\nCorrige et pr\u00e9vient l&rsquo;apparence des taches<br \/>\nUnifie le teint<br \/>\nIllumine le teint<br \/>\nIl s\u2019utilise matin et soir, sur le visage, le cou et le d\u00e9collet\u00e9, sous le soin habituel.<\/p>\n","protected":false},"excerpt":{"rendered":"<p>Produit culte de Caudalie, le S\u00e9rum \u00c9clat Anti-taches Vinoperfect a d\u00e9j\u00e0 conquis des millions de femmes pour son action anti-taches<\/p>\n","protected":false},"featured_media":25649,"comment_status":"open","ping_status":"closed","template":"","meta":[],"product_brand":[358],"product_cat":[525],"product_tag":[],"class_list":{"0":"post-27602","1":"product","2":"type-product","3":"status-publish","4":"has-post-thumbnail","6":"product_brand-caudalie","7":"product_cat-cremes-jour","9":"first","10":"instock","11":"shipping-taxable","12":"purchasable","13":"product-type-simple"},"yoast_head":"<!-- This site is optimized with the Yoast SEO plugin v26.6 - https:\/\/yoast.com\/wordpress\/plugins\/seo\/ -->\r\n<title>CAUDALIE COFFRET SERUM VINOPERFECT ECLAT ANTI TACHES 30 ML + VINOSUN PROTECT SPF 50+ 20ML OFFERT - Paracherkaoui.ma<\/title>\r\n<meta name=\"robots\" content=\"index, follow, max-snippet:-1, max-image-preview:large, max-video-preview:-1\" \/>\r\n<link rel=\"canonical\" href=\"https:\/\/paracherkaoui.ma\/index.php\/produit\/caudalie-coffret-serum-vinoperfect-eclat-anti-taches-30-ml-vinosun-protect-spf-50-20ml-offert-2\/\" \/>\r\n<meta property=\"og:locale\" content=\"fr_FR\" \/>\r\n<meta property=\"og:type\" content=\"article\" \/>\r\n<meta property=\"og:title\" content=\"CAUDALIE COFFRET SERUM VINOPERFECT ECLAT ANTI TACHES 30 ML + VINOSUN PROTECT SPF 50+ 20ML OFFERT - Paracherkaoui.ma\" \/>\r\n<meta property=\"og:description\" content=\"Produit culte de Caudalie, le S\u00e9rum \u00c9clat Anti-taches Vinoperfect a d\u00e9j\u00e0 conquis des millions de femmes pour son action anti-taches\" \/>\r\n<meta property=\"og:url\" content=\"https:\/\/paracherkaoui.ma\/index.php\/produit\/caudalie-coffret-serum-vinoperfect-eclat-anti-taches-30-ml-vinosun-protect-spf-50-20ml-offert-2\/\" \/>\r\n<meta property=\"og:site_name\" content=\"Paracherkaoui.ma\" \/>\r\n<meta property=\"article:modified_time\" content=\"2025-12-12T17:27:12+00:00\" \/>\r\n<meta property=\"og:image\" content=\"https:\/\/paracherkaoui.ma\/wp-content\/uploads\/2025\/12\/caudalie-coffret-serum-vinoperfect-eclat-anti-taches-30-ml-vinosun-protect-spf-50-20ml-offert.jpg\" \/>\r\n\t<meta property=\"og:image:width\" content=\"700\" \/>\r\n\t<meta property=\"og:image:height\" content=\"700\" \/>\r\n\t<meta property=\"og:image:type\" content=\"image\/jpeg\" \/>\r\n<meta name=\"twitter:card\" content=\"summary_large_image\" \/>\r\n<meta name=\"twitter:label1\" content=\"Dur\u00e9e de lecture estim\u00e9e\" \/>\n\t<meta name=\"twitter:data1\" content=\"1 minute\" \/>\r\n<script type=\"application\/ld+json\" class=\"yoast-schema-graph\">{\"@context\":\"https:\/\/schema.org\",\"@graph\":[{\"@type\":\"WebPage\",\"@id\":\"https:\/\/paracherkaoui.ma\/index.php\/produit\/caudalie-coffret-serum-vinoperfect-eclat-anti-taches-30-ml-vinosun-protect-spf-50-20ml-offert-2\/\",\"url\":\"https:\/\/paracherkaoui.ma\/index.php\/produit\/caudalie-coffret-serum-vinoperfect-eclat-anti-taches-30-ml-vinosun-protect-spf-50-20ml-offert-2\/\",\"name\":\"CAUDALIE COFFRET SERUM VINOPERFECT ECLAT ANTI TACHES 30 ML + VINOSUN PROTECT SPF 50+ 20ML OFFERT - Paracherkaoui.ma\",\"isPartOf\":{\"@id\":\"https:\/\/paracherkaoui.ma\/#website\"},\"primaryImageOfPage\":{\"@id\":\"https:\/\/paracherkaoui.ma\/index.php\/produit\/caudalie-coffret-serum-vinoperfect-eclat-anti-taches-30-ml-vinosun-protect-spf-50-20ml-offert-2\/#primaryimage\"},\"image\":{\"@id\":\"https:\/\/paracherkaoui.ma\/index.php\/produit\/caudalie-coffret-serum-vinoperfect-eclat-anti-taches-30-ml-vinosun-protect-spf-50-20ml-offert-2\/#primaryimage\"},\"thumbnailUrl\":\"https:\/\/paracherkaoui.ma\/wp-content\/uploads\/2025\/12\/caudalie-coffret-serum-vinoperfect-eclat-anti-taches-30-ml-vinosun-protect-spf-50-20ml-offert.jpg\",\"datePublished\":\"2025-12-12T17:27:08+00:00\",\"dateModified\":\"2025-12-12T17:27:12+00:00\",\"breadcrumb\":{\"@id\":\"https:\/\/paracherkaoui.ma\/index.php\/produit\/caudalie-coffret-serum-vinoperfect-eclat-anti-taches-30-ml-vinosun-protect-spf-50-20ml-offert-2\/#breadcrumb\"},\"inLanguage\":\"fr-FR\",\"potentialAction\":[{\"@type\":\"ReadAction\",\"target\":[\"https:\/\/paracherkaoui.ma\/index.php\/produit\/caudalie-coffret-serum-vinoperfect-eclat-anti-taches-30-ml-vinosun-protect-spf-50-20ml-offert-2\/\"]}]},{\"@type\":\"ImageObject\",\"inLanguage\":\"fr-FR\",\"@id\":\"https:\/\/paracherkaoui.ma\/index.php\/produit\/caudalie-coffret-serum-vinoperfect-eclat-anti-taches-30-ml-vinosun-protect-spf-50-20ml-offert-2\/#primaryimage\",\"url\":\"https:\/\/paracherkaoui.ma\/wp-content\/uploads\/2025\/12\/caudalie-coffret-serum-vinoperfect-eclat-anti-taches-30-ml-vinosun-protect-spf-50-20ml-offert.jpg\",\"contentUrl\":\"https:\/\/paracherkaoui.ma\/wp-content\/uploads\/2025\/12\/caudalie-coffret-serum-vinoperfect-eclat-anti-taches-30-ml-vinosun-protect-spf-50-20ml-offert.jpg\",\"width\":700,\"height\":700},{\"@type\":\"BreadcrumbList\",\"@id\":\"https:\/\/paracherkaoui.ma\/index.php\/produit\/caudalie-coffret-serum-vinoperfect-eclat-anti-taches-30-ml-vinosun-protect-spf-50-20ml-offert-2\/#breadcrumb\",\"itemListElement\":[{\"@type\":\"ListItem\",\"position\":1,\"name\":\"Accueil\",\"item\":\"https:\/\/paracherkaoui.ma\/\"},{\"@type\":\"ListItem\",\"position\":2,\"name\":\"Boutique\",\"item\":\"https:\/\/paracherkaoui.ma\/index.php\/boutique\/\"},{\"@type\":\"ListItem\",\"position\":3,\"name\":\"CAUDALIE COFFRET SERUM VINOPERFECT ECLAT ANTI TACHES 30 ML + VINOSUN PROTECT SPF 50+ 20ML OFFERT\"}]},{\"@type\":\"WebSite\",\"@id\":\"https:\/\/paracherkaoui.ma\/#website\",\"url\":\"https:\/\/paracherkaoui.ma\/\",\"name\":\"Paracherkaoui.ma\",\"description\":\"Achetez en ligne sur Paracherkaoui.ma\",\"potentialAction\":[{\"@type\":\"SearchAction\",\"target\":{\"@type\":\"EntryPoint\",\"urlTemplate\":\"https:\/\/paracherkaoui.ma\/?s={search_term_string}\"},\"query-input\":{\"@type\":\"PropertyValueSpecification\",\"valueRequired\":true,\"valueName\":\"search_term_string\"}}],\"inLanguage\":\"fr-FR\"}]}<\/script>\r\n<!-- \/ Yoast SEO plugin. -->","yoast_head_json":{"title":"CAUDALIE COFFRET SERUM VINOPERFECT ECLAT ANTI TACHES 30 ML + VINOSUN PROTECT SPF 50+ 20ML OFFERT - Paracherkaoui.ma","robots":{"index":"index","follow":"follow","max-snippet":"max-snippet:-1","max-image-preview":"max-image-preview:large","max-video-preview":"max-video-preview:-1"},"canonical":"https:\/\/paracherkaoui.ma\/index.php\/produit\/caudalie-coffret-serum-vinoperfect-eclat-anti-taches-30-ml-vinosun-protect-spf-50-20ml-offert-2\/","og_locale":"fr_FR","og_type":"article","og_title":"CAUDALIE COFFRET SERUM VINOPERFECT ECLAT ANTI TACHES 30 ML + VINOSUN PROTECT SPF 50+ 20ML OFFERT - Paracherkaoui.ma","og_description":"Produit culte de Caudalie, le S\u00e9rum \u00c9clat Anti-taches Vinoperfect a d\u00e9j\u00e0 conquis des millions de femmes pour son action anti-taches","og_url":"https:\/\/paracherkaoui.ma\/index.php\/produit\/caudalie-coffret-serum-vinoperfect-eclat-anti-taches-30-ml-vinosun-protect-spf-50-20ml-offert-2\/","og_site_name":"Paracherkaoui.ma","article_modified_time":"2025-12-12T17:27:12+00:00","og_image":[{"width":700,"height":700,"url":"https:\/\/paracherkaoui.ma\/wp-content\/uploads\/2025\/12\/caudalie-coffret-serum-vinoperfect-eclat-anti-taches-30-ml-vinosun-protect-spf-50-20ml-offert.jpg","type":"image\/jpeg"}],"twitter_card":"summary_large_image","twitter_misc":{"Dur\u00e9e de lecture estim\u00e9e":"1 minute"},"schema":{"@context":"https:\/\/schema.org","@graph":[{"@type":"WebPage","@id":"https:\/\/paracherkaoui.ma\/index.php\/produit\/caudalie-coffret-serum-vinoperfect-eclat-anti-taches-30-ml-vinosun-protect-spf-50-20ml-offert-2\/","url":"https:\/\/paracherkaoui.ma\/index.php\/produit\/caudalie-coffret-serum-vinoperfect-eclat-anti-taches-30-ml-vinosun-protect-spf-50-20ml-offert-2\/","name":"CAUDALIE COFFRET SERUM VINOPERFECT ECLAT ANTI TACHES 30 ML + VINOSUN PROTECT SPF 50+ 20ML OFFERT - Paracherkaoui.ma","isPartOf":{"@id":"https:\/\/paracherkaoui.ma\/#website"},"primaryImageOfPage":{"@id":"https:\/\/paracherkaoui.ma\/index.php\/produit\/caudalie-coffret-serum-vinoperfect-eclat-anti-taches-30-ml-vinosun-protect-spf-50-20ml-offert-2\/#primaryimage"},"image":{"@id":"https:\/\/paracherkaoui.ma\/index.php\/produit\/caudalie-coffret-serum-vinoperfect-eclat-anti-taches-30-ml-vinosun-protect-spf-50-20ml-offert-2\/#primaryimage"},"thumbnailUrl":"https:\/\/paracherkaoui.ma\/wp-content\/uploads\/2025\/12\/caudalie-coffret-serum-vinoperfect-eclat-anti-taches-30-ml-vinosun-protect-spf-50-20ml-offert.jpg","datePublished":"2025-12-12T17:27:08+00:00","dateModified":"2025-12-12T17:27:12+00:00","breadcrumb":{"@id":"https:\/\/paracherkaoui.ma\/index.php\/produit\/caudalie-coffret-serum-vinoperfect-eclat-anti-taches-30-ml-vinosun-protect-spf-50-20ml-offert-2\/#breadcrumb"},"inLanguage":"fr-FR","potentialAction":[{"@type":"ReadAction","target":["https:\/\/paracherkaoui.ma\/index.php\/produit\/caudalie-coffret-serum-vinoperfect-eclat-anti-taches-30-ml-vinosun-protect-spf-50-20ml-offert-2\/"]}]},{"@type":"ImageObject","inLanguage":"fr-FR","@id":"https:\/\/paracherkaoui.ma\/index.php\/produit\/caudalie-coffret-serum-vinoperfect-eclat-anti-taches-30-ml-vinosun-protect-spf-50-20ml-offert-2\/#primaryimage","url":"https:\/\/paracherkaoui.ma\/wp-content\/uploads\/2025\/12\/caudalie-coffret-serum-vinoperfect-eclat-anti-taches-30-ml-vinosun-protect-spf-50-20ml-offert.jpg","contentUrl":"https:\/\/paracherkaoui.ma\/wp-content\/uploads\/2025\/12\/caudalie-coffret-serum-vinoperfect-eclat-anti-taches-30-ml-vinosun-protect-spf-50-20ml-offert.jpg","width":700,"height":700},{"@type":"BreadcrumbList","@id":"https:\/\/paracherkaoui.ma\/index.php\/produit\/caudalie-coffret-serum-vinoperfect-eclat-anti-taches-30-ml-vinosun-protect-spf-50-20ml-offert-2\/#breadcrumb","itemListElement":[{"@type":"ListItem","position":1,"name":"Accueil","item":"https:\/\/paracherkaoui.ma\/"},{"@type":"ListItem","position":2,"name":"Boutique","item":"https:\/\/paracherkaoui.ma\/index.php\/boutique\/"},{"@type":"ListItem","position":3,"name":"CAUDALIE COFFRET SERUM VINOPERFECT ECLAT ANTI TACHES 30 ML + VINOSUN PROTECT SPF 50+ 20ML OFFERT"}]},{"@type":"WebSite","@id":"https:\/\/paracherkaoui.ma\/#website","url":"https:\/\/paracherkaoui.ma\/","name":"Paracherkaoui.ma","description":"Achetez en ligne sur Paracherkaoui.ma","potentialAction":[{"@type":"SearchAction","target":{"@type":"EntryPoint","urlTemplate":"https:\/\/paracherkaoui.ma\/?s={search_term_string}"},"query-input":{"@type":"PropertyValueSpecification","valueRequired":true,"valueName":"search_term_string"}}],"inLanguage":"fr-FR"}]}},"_links":{"self":[{"href":"https:\/\/paracherkaoui.ma\/index.php\/wp-json\/wp\/v2\/product\/27602","targetHints":{"allow":["GET"]}}],"collection":[{"href":"https:\/\/paracherkaoui.ma\/index.php\/wp-json\/wp\/v2\/product"}],"about":[{"href":"https:\/\/paracherkaoui.ma\/index.php\/wp-json\/wp\/v2\/types\/product"}],"replies":[{"embeddable":true,"href":"https:\/\/paracherkaoui.ma\/index.php\/wp-json\/wp\/v2\/comments?post=27602"}],"version-history":[{"count":1,"href":"https:\/\/paracherkaoui.ma\/index.php\/wp-json\/wp\/v2\/product\/27602\/revisions"}],"predecessor-version":[{"id":27647,"href":"https:\/\/paracherkaoui.ma\/index.php\/wp-json\/wp\/v2\/product\/27602\/revisions\/27647"}],"wp:featuredmedia":[{"embeddable":true,"href":"https:\/\/paracherkaoui.ma\/index.php\/wp-json\/wp\/v2\/media\/25649"}],"wp:attachment":[{"href":"https:\/\/paracherkaoui.ma\/index.php\/wp-json\/wp\/v2\/media?parent=27602"}],"wp:term":[{"taxonomy":"product_brand","embeddable":true,"href":"https:\/\/paracherkaoui.ma\/index.php\/wp-json\/wp\/v2\/product_brand?post=27602"},{"taxonomy":"product_cat","embeddable":true,"href":"https:\/\/paracherkaoui.ma\/index.php\/wp-json\/wp\/v2\/product_cat?post=27602"},{"taxonomy":"product_tag","embeddable":true,"href":"https:\/\/paracherkaoui.ma\/index.php\/wp-json\/wp\/v2\/product_tag?post=27602"}],"curies":[{"name":"wp","href":"https:\/\/api.w.org\/{rel}","templated":true}]}}