{"id":27597,"date":"2025-12-12T18:27:07","date_gmt":"2025-12-12T17:27:07","guid":{"rendered":"https:\/\/test.ecbeaute.com\/?post_type=product&#038;p=27597"},"modified":"2025-12-12T18:27:11","modified_gmt":"2025-12-12T17:27:11","slug":"md-ceuticals-x-trem-skin-renewal-50ml","status":"publish","type":"product","link":"https:\/\/paracherkaoui.ma\/index.php\/produit\/md-ceuticals-x-trem-skin-renewal-50ml\/","title":{"rendered":"Md Ceuticals X Trem Skin renewal 50ml"},"content":{"rendered":"<p>X: Treme Skin Renewal formul\u00e9 avec des cellules souches v\u00e9g\u00e9tales et des facteurs de croissance \u00e9pidermique.<br \/>\nX: treme Skin Renewal active les m\u00e9canismes d\u2019auto-r\u00e9paration cellulaire, en prot\u00e9geant la vie cellulaire et en r\u00e9parant la peau de l\u2019int\u00e9rieur.<br \/>\nX: Treme Skin Renewal offre un important pouvoir ultra-r\u00e9parateur qui r\u00e9active l\u2019activit\u00e9 cellulaire et restaure les lipides du manteau hydro-lipidique, donnant des niveaux \u00e9lev\u00e9s d\u2019hydratation, de nutrition et de fermet\u00e9.<br \/>\nUtilisez la meilleure formule pour hydrater votre peau et vous obtiendrez les meilleurs r\u00e9sultats!<\/p>\n","protected":false},"excerpt":{"rendered":"<p>X: Treme Skin Renewal formul\u00e9 avec des cellules souches v\u00e9g\u00e9tales et des facteurs de croissance \u00e9pidermique. X: treme Skin Renewal<\/p>\n","protected":false},"featured_media":27637,"comment_status":"open","ping_status":"closed","template":"","meta":[],"product_brand":[430],"product_cat":[525],"product_tag":[],"class_list":{"0":"post-27597","1":"product","2":"type-product","3":"status-publish","4":"has-post-thumbnail","6":"product_brand-md-ceuticals","7":"product_cat-cremes-jour","9":"first","10":"instock","11":"sale","12":"shipping-taxable","13":"purchasable","14":"product-type-simple"},"yoast_head":"<!-- This site is optimized with the Yoast SEO plugin v26.6 - https:\/\/yoast.com\/wordpress\/plugins\/seo\/ -->\r\n<title>Md Ceuticals X Trem Skin renewal 50ml - Paracherkaoui.ma<\/title>\r\n<meta name=\"robots\" content=\"index, follow, max-snippet:-1, max-image-preview:large, max-video-preview:-1\" \/>\r\n<link rel=\"canonical\" href=\"https:\/\/paracherkaoui.ma\/index.php\/produit\/md-ceuticals-x-trem-skin-renewal-50ml\/\" \/>\r\n<meta property=\"og:locale\" content=\"fr_FR\" \/>\r\n<meta property=\"og:type\" content=\"article\" \/>\r\n<meta property=\"og:title\" content=\"Md Ceuticals X Trem Skin renewal 50ml - Paracherkaoui.ma\" \/>\r\n<meta property=\"og:description\" content=\"X: Treme Skin Renewal formul\u00e9 avec des cellules souches v\u00e9g\u00e9tales et des facteurs de croissance \u00e9pidermique. X: treme Skin Renewal\" \/>\r\n<meta property=\"og:url\" content=\"https:\/\/paracherkaoui.ma\/index.php\/produit\/md-ceuticals-x-trem-skin-renewal-50ml\/\" \/>\r\n<meta property=\"og:site_name\" content=\"Paracherkaoui.ma\" \/>\r\n<meta property=\"article:modified_time\" content=\"2025-12-12T17:27:11+00:00\" \/>\r\n<meta property=\"og:image\" content=\"https:\/\/paracherkaoui.ma\/wp-content\/uploads\/2025\/12\/md-ceuticals-md-ceuticals-x-trem-skin-renewal-50ml-cremes-jour.jpg\" \/>\r\n\t<meta property=\"og:image:width\" content=\"700\" \/>\r\n\t<meta property=\"og:image:height\" content=\"700\" \/>\r\n\t<meta property=\"og:image:type\" content=\"image\/jpeg\" \/>\r\n<meta name=\"twitter:card\" content=\"summary_large_image\" \/>\r\n<script type=\"application\/ld+json\" class=\"yoast-schema-graph\">{\"@context\":\"https:\/\/schema.org\",\"@graph\":[{\"@type\":\"WebPage\",\"@id\":\"https:\/\/paracherkaoui.ma\/index.php\/produit\/md-ceuticals-x-trem-skin-renewal-50ml\/\",\"url\":\"https:\/\/paracherkaoui.ma\/index.php\/produit\/md-ceuticals-x-trem-skin-renewal-50ml\/\",\"name\":\"Md Ceuticals X Trem Skin renewal 50ml - Paracherkaoui.ma\",\"isPartOf\":{\"@id\":\"https:\/\/paracherkaoui.ma\/#website\"},\"primaryImageOfPage\":{\"@id\":\"https:\/\/paracherkaoui.ma\/index.php\/produit\/md-ceuticals-x-trem-skin-renewal-50ml\/#primaryimage\"},\"image\":{\"@id\":\"https:\/\/paracherkaoui.ma\/index.php\/produit\/md-ceuticals-x-trem-skin-renewal-50ml\/#primaryimage\"},\"thumbnailUrl\":\"https:\/\/paracherkaoui.ma\/wp-content\/uploads\/2025\/12\/md-ceuticals-md-ceuticals-x-trem-skin-renewal-50ml-cremes-jour.jpg\",\"datePublished\":\"2025-12-12T17:27:07+00:00\",\"dateModified\":\"2025-12-12T17:27:11+00:00\",\"breadcrumb\":{\"@id\":\"https:\/\/paracherkaoui.ma\/index.php\/produit\/md-ceuticals-x-trem-skin-renewal-50ml\/#breadcrumb\"},\"inLanguage\":\"fr-FR\",\"potentialAction\":[{\"@type\":\"ReadAction\",\"target\":[\"https:\/\/paracherkaoui.ma\/index.php\/produit\/md-ceuticals-x-trem-skin-renewal-50ml\/\"]}]},{\"@type\":\"ImageObject\",\"inLanguage\":\"fr-FR\",\"@id\":\"https:\/\/paracherkaoui.ma\/index.php\/produit\/md-ceuticals-x-trem-skin-renewal-50ml\/#primaryimage\",\"url\":\"https:\/\/paracherkaoui.ma\/wp-content\/uploads\/2025\/12\/md-ceuticals-md-ceuticals-x-trem-skin-renewal-50ml-cremes-jour.jpg\",\"contentUrl\":\"https:\/\/paracherkaoui.ma\/wp-content\/uploads\/2025\/12\/md-ceuticals-md-ceuticals-x-trem-skin-renewal-50ml-cremes-jour.jpg\",\"width\":700,\"height\":700},{\"@type\":\"BreadcrumbList\",\"@id\":\"https:\/\/paracherkaoui.ma\/index.php\/produit\/md-ceuticals-x-trem-skin-renewal-50ml\/#breadcrumb\",\"itemListElement\":[{\"@type\":\"ListItem\",\"position\":1,\"name\":\"Accueil\",\"item\":\"https:\/\/paracherkaoui.ma\/\"},{\"@type\":\"ListItem\",\"position\":2,\"name\":\"Boutique\",\"item\":\"https:\/\/paracherkaoui.ma\/index.php\/boutique\/\"},{\"@type\":\"ListItem\",\"position\":3,\"name\":\"Md Ceuticals X Trem Skin renewal 50ml\"}]},{\"@type\":\"WebSite\",\"@id\":\"https:\/\/paracherkaoui.ma\/#website\",\"url\":\"https:\/\/paracherkaoui.ma\/\",\"name\":\"Paracherkaoui.ma\",\"description\":\"Achetez en ligne sur Paracherkaoui.ma\",\"potentialAction\":[{\"@type\":\"SearchAction\",\"target\":{\"@type\":\"EntryPoint\",\"urlTemplate\":\"https:\/\/paracherkaoui.ma\/?s={search_term_string}\"},\"query-input\":{\"@type\":\"PropertyValueSpecification\",\"valueRequired\":true,\"valueName\":\"search_term_string\"}}],\"inLanguage\":\"fr-FR\"}]}<\/script>\r\n<!-- \/ Yoast SEO plugin. -->","yoast_head_json":{"title":"Md Ceuticals X Trem Skin renewal 50ml - Paracherkaoui.ma","robots":{"index":"index","follow":"follow","max-snippet":"max-snippet:-1","max-image-preview":"max-image-preview:large","max-video-preview":"max-video-preview:-1"},"canonical":"https:\/\/paracherkaoui.ma\/index.php\/produit\/md-ceuticals-x-trem-skin-renewal-50ml\/","og_locale":"fr_FR","og_type":"article","og_title":"Md Ceuticals X Trem Skin renewal 50ml - Paracherkaoui.ma","og_description":"X: Treme Skin Renewal formul\u00e9 avec des cellules souches v\u00e9g\u00e9tales et des facteurs de croissance \u00e9pidermique. X: treme Skin Renewal","og_url":"https:\/\/paracherkaoui.ma\/index.php\/produit\/md-ceuticals-x-trem-skin-renewal-50ml\/","og_site_name":"Paracherkaoui.ma","article_modified_time":"2025-12-12T17:27:11+00:00","og_image":[{"width":700,"height":700,"url":"https:\/\/paracherkaoui.ma\/wp-content\/uploads\/2025\/12\/md-ceuticals-md-ceuticals-x-trem-skin-renewal-50ml-cremes-jour.jpg","type":"image\/jpeg"}],"twitter_card":"summary_large_image","schema":{"@context":"https:\/\/schema.org","@graph":[{"@type":"WebPage","@id":"https:\/\/paracherkaoui.ma\/index.php\/produit\/md-ceuticals-x-trem-skin-renewal-50ml\/","url":"https:\/\/paracherkaoui.ma\/index.php\/produit\/md-ceuticals-x-trem-skin-renewal-50ml\/","name":"Md Ceuticals X Trem Skin renewal 50ml - Paracherkaoui.ma","isPartOf":{"@id":"https:\/\/paracherkaoui.ma\/#website"},"primaryImageOfPage":{"@id":"https:\/\/paracherkaoui.ma\/index.php\/produit\/md-ceuticals-x-trem-skin-renewal-50ml\/#primaryimage"},"image":{"@id":"https:\/\/paracherkaoui.ma\/index.php\/produit\/md-ceuticals-x-trem-skin-renewal-50ml\/#primaryimage"},"thumbnailUrl":"https:\/\/paracherkaoui.ma\/wp-content\/uploads\/2025\/12\/md-ceuticals-md-ceuticals-x-trem-skin-renewal-50ml-cremes-jour.jpg","datePublished":"2025-12-12T17:27:07+00:00","dateModified":"2025-12-12T17:27:11+00:00","breadcrumb":{"@id":"https:\/\/paracherkaoui.ma\/index.php\/produit\/md-ceuticals-x-trem-skin-renewal-50ml\/#breadcrumb"},"inLanguage":"fr-FR","potentialAction":[{"@type":"ReadAction","target":["https:\/\/paracherkaoui.ma\/index.php\/produit\/md-ceuticals-x-trem-skin-renewal-50ml\/"]}]},{"@type":"ImageObject","inLanguage":"fr-FR","@id":"https:\/\/paracherkaoui.ma\/index.php\/produit\/md-ceuticals-x-trem-skin-renewal-50ml\/#primaryimage","url":"https:\/\/paracherkaoui.ma\/wp-content\/uploads\/2025\/12\/md-ceuticals-md-ceuticals-x-trem-skin-renewal-50ml-cremes-jour.jpg","contentUrl":"https:\/\/paracherkaoui.ma\/wp-content\/uploads\/2025\/12\/md-ceuticals-md-ceuticals-x-trem-skin-renewal-50ml-cremes-jour.jpg","width":700,"height":700},{"@type":"BreadcrumbList","@id":"https:\/\/paracherkaoui.ma\/index.php\/produit\/md-ceuticals-x-trem-skin-renewal-50ml\/#breadcrumb","itemListElement":[{"@type":"ListItem","position":1,"name":"Accueil","item":"https:\/\/paracherkaoui.ma\/"},{"@type":"ListItem","position":2,"name":"Boutique","item":"https:\/\/paracherkaoui.ma\/index.php\/boutique\/"},{"@type":"ListItem","position":3,"name":"Md Ceuticals X Trem Skin renewal 50ml"}]},{"@type":"WebSite","@id":"https:\/\/paracherkaoui.ma\/#website","url":"https:\/\/paracherkaoui.ma\/","name":"Paracherkaoui.ma","description":"Achetez en ligne sur Paracherkaoui.ma","potentialAction":[{"@type":"SearchAction","target":{"@type":"EntryPoint","urlTemplate":"https:\/\/paracherkaoui.ma\/?s={search_term_string}"},"query-input":{"@type":"PropertyValueSpecification","valueRequired":true,"valueName":"search_term_string"}}],"inLanguage":"fr-FR"}]}},"_links":{"self":[{"href":"https:\/\/paracherkaoui.ma\/index.php\/wp-json\/wp\/v2\/product\/27597","targetHints":{"allow":["GET"]}}],"collection":[{"href":"https:\/\/paracherkaoui.ma\/index.php\/wp-json\/wp\/v2\/product"}],"about":[{"href":"https:\/\/paracherkaoui.ma\/index.php\/wp-json\/wp\/v2\/types\/product"}],"replies":[{"embeddable":true,"href":"https:\/\/paracherkaoui.ma\/index.php\/wp-json\/wp\/v2\/comments?post=27597"}],"version-history":[{"count":1,"href":"https:\/\/paracherkaoui.ma\/index.php\/wp-json\/wp\/v2\/product\/27597\/revisions"}],"predecessor-version":[{"id":27638,"href":"https:\/\/paracherkaoui.ma\/index.php\/wp-json\/wp\/v2\/product\/27597\/revisions\/27638"}],"wp:featuredmedia":[{"embeddable":true,"href":"https:\/\/paracherkaoui.ma\/index.php\/wp-json\/wp\/v2\/media\/27637"}],"wp:attachment":[{"href":"https:\/\/paracherkaoui.ma\/index.php\/wp-json\/wp\/v2\/media?parent=27597"}],"wp:term":[{"taxonomy":"product_brand","embeddable":true,"href":"https:\/\/paracherkaoui.ma\/index.php\/wp-json\/wp\/v2\/product_brand?post=27597"},{"taxonomy":"product_cat","embeddable":true,"href":"https:\/\/paracherkaoui.ma\/index.php\/wp-json\/wp\/v2\/product_cat?post=27597"},{"taxonomy":"product_tag","embeddable":true,"href":"https:\/\/paracherkaoui.ma\/index.php\/wp-json\/wp\/v2\/product_tag?post=27597"}],"curies":[{"name":"wp","href":"https:\/\/api.w.org\/{rel}","templated":true}]}}