{"id":27594,"date":"2025-12-12T18:27:07","date_gmt":"2025-12-12T17:27:07","guid":{"rendered":"https:\/\/test.ecbeaute.com\/?post_type=product&#038;p=27594"},"modified":"2025-12-12T18:27:10","modified_gmt":"2025-12-12T17:27:10","slug":"dermacare-sebialine-creme-matifiante-40-ml","status":"publish","type":"product","link":"https:\/\/paracherkaoui.ma\/index.php\/produit\/dermacare-sebialine-creme-matifiante-40-ml\/","title":{"rendered":"DERMACARE SEBIALINE CREME MATIFIANTE 40 ML"},"content":{"rendered":"<p>Description<br \/>\n\u00c0 la texture non-grasse, l\u00e9g\u00e8re et fluide, la cr\u00e8me matifiante SEBIALINE r\u00e9gule la s\u00e9cr\u00e9tion de s\u00e9bum, resserre les pores et matifie la peau.\u00c9mulsion \u00e0 texture non grasse, la cr\u00e8me matifiante SEBIALINE absorbe les exc\u00e8s de s\u00e9bum, limite l\u2019apparition des points noirs et boutons. Elle apaise et am\u00e9liore le grain de peau avec effet matifiant longue dur\u00e9e.Pour servir comme une excellente base de maquillage.<br \/>\nCONSEILS D&rsquo;UTILISATION :<br \/>\nAppliquer sur l\u2019ensemble du visage, le matin apr\u00e8s l\u2019avoir nettoy\u00e9 avec le gel moussant purifiant SEBIALINE\u00a0.<\/p>\n","protected":false},"excerpt":{"rendered":"<p>Description \u00c0 la texture non-grasse, l\u00e9g\u00e8re et fluide, la cr\u00e8me matifiante SEBIALINE r\u00e9gule la s\u00e9cr\u00e9tion de s\u00e9bum, resserre les pores<\/p>\n","protected":false},"featured_media":27631,"comment_status":"open","ping_status":"closed","template":"","meta":[],"product_brand":[464],"product_cat":[525],"product_tag":[],"class_list":{"0":"post-27594","1":"product","2":"type-product","3":"status-publish","4":"has-post-thumbnail","6":"product_brand-dermacare","7":"product_cat-cremes-jour","9":"first","10":"instock","11":"sale","12":"shipping-taxable","13":"purchasable","14":"product-type-simple"},"yoast_head":"<!-- This site is optimized with the Yoast SEO plugin v26.6 - https:\/\/yoast.com\/wordpress\/plugins\/seo\/ -->\r\n<title>DERMACARE SEBIALINE CREME MATIFIANTE 40 ML - Paracherkaoui.ma<\/title>\r\n<meta name=\"robots\" content=\"index, follow, max-snippet:-1, max-image-preview:large, max-video-preview:-1\" \/>\r\n<link rel=\"canonical\" href=\"https:\/\/paracherkaoui.ma\/index.php\/produit\/dermacare-sebialine-creme-matifiante-40-ml\/\" \/>\r\n<meta property=\"og:locale\" content=\"fr_FR\" \/>\r\n<meta property=\"og:type\" content=\"article\" \/>\r\n<meta property=\"og:title\" content=\"DERMACARE SEBIALINE CREME MATIFIANTE 40 ML - Paracherkaoui.ma\" \/>\r\n<meta property=\"og:description\" content=\"Description \u00c0 la texture non-grasse, l\u00e9g\u00e8re et fluide, la cr\u00e8me matifiante SEBIALINE r\u00e9gule la s\u00e9cr\u00e9tion de s\u00e9bum, resserre les pores\" \/>\r\n<meta property=\"og:url\" content=\"https:\/\/paracherkaoui.ma\/index.php\/produit\/dermacare-sebialine-creme-matifiante-40-ml\/\" \/>\r\n<meta property=\"og:site_name\" content=\"Paracherkaoui.ma\" \/>\r\n<meta property=\"article:modified_time\" content=\"2025-12-12T17:27:10+00:00\" \/>\r\n<meta property=\"og:image\" content=\"https:\/\/paracherkaoui.ma\/wp-content\/uploads\/2025\/12\/dermacare-dermacare-sebialine-creme-matifiante-40-ml-accueil.jpg\" \/>\r\n\t<meta property=\"og:image:width\" content=\"700\" \/>\r\n\t<meta property=\"og:image:height\" content=\"700\" \/>\r\n\t<meta property=\"og:image:type\" content=\"image\/jpeg\" \/>\r\n<meta name=\"twitter:card\" content=\"summary_large_image\" \/>\r\n<script type=\"application\/ld+json\" class=\"yoast-schema-graph\">{\"@context\":\"https:\/\/schema.org\",\"@graph\":[{\"@type\":\"WebPage\",\"@id\":\"https:\/\/paracherkaoui.ma\/index.php\/produit\/dermacare-sebialine-creme-matifiante-40-ml\/\",\"url\":\"https:\/\/paracherkaoui.ma\/index.php\/produit\/dermacare-sebialine-creme-matifiante-40-ml\/\",\"name\":\"DERMACARE SEBIALINE CREME MATIFIANTE 40 ML - Paracherkaoui.ma\",\"isPartOf\":{\"@id\":\"https:\/\/paracherkaoui.ma\/#website\"},\"primaryImageOfPage\":{\"@id\":\"https:\/\/paracherkaoui.ma\/index.php\/produit\/dermacare-sebialine-creme-matifiante-40-ml\/#primaryimage\"},\"image\":{\"@id\":\"https:\/\/paracherkaoui.ma\/index.php\/produit\/dermacare-sebialine-creme-matifiante-40-ml\/#primaryimage\"},\"thumbnailUrl\":\"https:\/\/paracherkaoui.ma\/wp-content\/uploads\/2025\/12\/dermacare-dermacare-sebialine-creme-matifiante-40-ml-accueil.jpg\",\"datePublished\":\"2025-12-12T17:27:07+00:00\",\"dateModified\":\"2025-12-12T17:27:10+00:00\",\"breadcrumb\":{\"@id\":\"https:\/\/paracherkaoui.ma\/index.php\/produit\/dermacare-sebialine-creme-matifiante-40-ml\/#breadcrumb\"},\"inLanguage\":\"fr-FR\",\"potentialAction\":[{\"@type\":\"ReadAction\",\"target\":[\"https:\/\/paracherkaoui.ma\/index.php\/produit\/dermacare-sebialine-creme-matifiante-40-ml\/\"]}]},{\"@type\":\"ImageObject\",\"inLanguage\":\"fr-FR\",\"@id\":\"https:\/\/paracherkaoui.ma\/index.php\/produit\/dermacare-sebialine-creme-matifiante-40-ml\/#primaryimage\",\"url\":\"https:\/\/paracherkaoui.ma\/wp-content\/uploads\/2025\/12\/dermacare-dermacare-sebialine-creme-matifiante-40-ml-accueil.jpg\",\"contentUrl\":\"https:\/\/paracherkaoui.ma\/wp-content\/uploads\/2025\/12\/dermacare-dermacare-sebialine-creme-matifiante-40-ml-accueil.jpg\",\"width\":700,\"height\":700},{\"@type\":\"BreadcrumbList\",\"@id\":\"https:\/\/paracherkaoui.ma\/index.php\/produit\/dermacare-sebialine-creme-matifiante-40-ml\/#breadcrumb\",\"itemListElement\":[{\"@type\":\"ListItem\",\"position\":1,\"name\":\"Accueil\",\"item\":\"https:\/\/paracherkaoui.ma\/\"},{\"@type\":\"ListItem\",\"position\":2,\"name\":\"Boutique\",\"item\":\"https:\/\/paracherkaoui.ma\/index.php\/boutique\/\"},{\"@type\":\"ListItem\",\"position\":3,\"name\":\"DERMACARE SEBIALINE CREME MATIFIANTE 40 ML\"}]},{\"@type\":\"WebSite\",\"@id\":\"https:\/\/paracherkaoui.ma\/#website\",\"url\":\"https:\/\/paracherkaoui.ma\/\",\"name\":\"Paracherkaoui.ma\",\"description\":\"Achetez en ligne sur Paracherkaoui.ma\",\"potentialAction\":[{\"@type\":\"SearchAction\",\"target\":{\"@type\":\"EntryPoint\",\"urlTemplate\":\"https:\/\/paracherkaoui.ma\/?s={search_term_string}\"},\"query-input\":{\"@type\":\"PropertyValueSpecification\",\"valueRequired\":true,\"valueName\":\"search_term_string\"}}],\"inLanguage\":\"fr-FR\"}]}<\/script>\r\n<!-- \/ Yoast SEO plugin. -->","yoast_head_json":{"title":"DERMACARE SEBIALINE CREME MATIFIANTE 40 ML - Paracherkaoui.ma","robots":{"index":"index","follow":"follow","max-snippet":"max-snippet:-1","max-image-preview":"max-image-preview:large","max-video-preview":"max-video-preview:-1"},"canonical":"https:\/\/paracherkaoui.ma\/index.php\/produit\/dermacare-sebialine-creme-matifiante-40-ml\/","og_locale":"fr_FR","og_type":"article","og_title":"DERMACARE SEBIALINE CREME MATIFIANTE 40 ML - Paracherkaoui.ma","og_description":"Description \u00c0 la texture non-grasse, l\u00e9g\u00e8re et fluide, la cr\u00e8me matifiante SEBIALINE r\u00e9gule la s\u00e9cr\u00e9tion de s\u00e9bum, resserre les pores","og_url":"https:\/\/paracherkaoui.ma\/index.php\/produit\/dermacare-sebialine-creme-matifiante-40-ml\/","og_site_name":"Paracherkaoui.ma","article_modified_time":"2025-12-12T17:27:10+00:00","og_image":[{"width":700,"height":700,"url":"https:\/\/paracherkaoui.ma\/wp-content\/uploads\/2025\/12\/dermacare-dermacare-sebialine-creme-matifiante-40-ml-accueil.jpg","type":"image\/jpeg"}],"twitter_card":"summary_large_image","schema":{"@context":"https:\/\/schema.org","@graph":[{"@type":"WebPage","@id":"https:\/\/paracherkaoui.ma\/index.php\/produit\/dermacare-sebialine-creme-matifiante-40-ml\/","url":"https:\/\/paracherkaoui.ma\/index.php\/produit\/dermacare-sebialine-creme-matifiante-40-ml\/","name":"DERMACARE SEBIALINE CREME MATIFIANTE 40 ML - Paracherkaoui.ma","isPartOf":{"@id":"https:\/\/paracherkaoui.ma\/#website"},"primaryImageOfPage":{"@id":"https:\/\/paracherkaoui.ma\/index.php\/produit\/dermacare-sebialine-creme-matifiante-40-ml\/#primaryimage"},"image":{"@id":"https:\/\/paracherkaoui.ma\/index.php\/produit\/dermacare-sebialine-creme-matifiante-40-ml\/#primaryimage"},"thumbnailUrl":"https:\/\/paracherkaoui.ma\/wp-content\/uploads\/2025\/12\/dermacare-dermacare-sebialine-creme-matifiante-40-ml-accueil.jpg","datePublished":"2025-12-12T17:27:07+00:00","dateModified":"2025-12-12T17:27:10+00:00","breadcrumb":{"@id":"https:\/\/paracherkaoui.ma\/index.php\/produit\/dermacare-sebialine-creme-matifiante-40-ml\/#breadcrumb"},"inLanguage":"fr-FR","potentialAction":[{"@type":"ReadAction","target":["https:\/\/paracherkaoui.ma\/index.php\/produit\/dermacare-sebialine-creme-matifiante-40-ml\/"]}]},{"@type":"ImageObject","inLanguage":"fr-FR","@id":"https:\/\/paracherkaoui.ma\/index.php\/produit\/dermacare-sebialine-creme-matifiante-40-ml\/#primaryimage","url":"https:\/\/paracherkaoui.ma\/wp-content\/uploads\/2025\/12\/dermacare-dermacare-sebialine-creme-matifiante-40-ml-accueil.jpg","contentUrl":"https:\/\/paracherkaoui.ma\/wp-content\/uploads\/2025\/12\/dermacare-dermacare-sebialine-creme-matifiante-40-ml-accueil.jpg","width":700,"height":700},{"@type":"BreadcrumbList","@id":"https:\/\/paracherkaoui.ma\/index.php\/produit\/dermacare-sebialine-creme-matifiante-40-ml\/#breadcrumb","itemListElement":[{"@type":"ListItem","position":1,"name":"Accueil","item":"https:\/\/paracherkaoui.ma\/"},{"@type":"ListItem","position":2,"name":"Boutique","item":"https:\/\/paracherkaoui.ma\/index.php\/boutique\/"},{"@type":"ListItem","position":3,"name":"DERMACARE SEBIALINE CREME MATIFIANTE 40 ML"}]},{"@type":"WebSite","@id":"https:\/\/paracherkaoui.ma\/#website","url":"https:\/\/paracherkaoui.ma\/","name":"Paracherkaoui.ma","description":"Achetez en ligne sur Paracherkaoui.ma","potentialAction":[{"@type":"SearchAction","target":{"@type":"EntryPoint","urlTemplate":"https:\/\/paracherkaoui.ma\/?s={search_term_string}"},"query-input":{"@type":"PropertyValueSpecification","valueRequired":true,"valueName":"search_term_string"}}],"inLanguage":"fr-FR"}]}},"_links":{"self":[{"href":"https:\/\/paracherkaoui.ma\/index.php\/wp-json\/wp\/v2\/product\/27594","targetHints":{"allow":["GET"]}}],"collection":[{"href":"https:\/\/paracherkaoui.ma\/index.php\/wp-json\/wp\/v2\/product"}],"about":[{"href":"https:\/\/paracherkaoui.ma\/index.php\/wp-json\/wp\/v2\/types\/product"}],"replies":[{"embeddable":true,"href":"https:\/\/paracherkaoui.ma\/index.php\/wp-json\/wp\/v2\/comments?post=27594"}],"version-history":[{"count":1,"href":"https:\/\/paracherkaoui.ma\/index.php\/wp-json\/wp\/v2\/product\/27594\/revisions"}],"predecessor-version":[{"id":27632,"href":"https:\/\/paracherkaoui.ma\/index.php\/wp-json\/wp\/v2\/product\/27594\/revisions\/27632"}],"wp:featuredmedia":[{"embeddable":true,"href":"https:\/\/paracherkaoui.ma\/index.php\/wp-json\/wp\/v2\/media\/27631"}],"wp:attachment":[{"href":"https:\/\/paracherkaoui.ma\/index.php\/wp-json\/wp\/v2\/media?parent=27594"}],"wp:term":[{"taxonomy":"product_brand","embeddable":true,"href":"https:\/\/paracherkaoui.ma\/index.php\/wp-json\/wp\/v2\/product_brand?post=27594"},{"taxonomy":"product_cat","embeddable":true,"href":"https:\/\/paracherkaoui.ma\/index.php\/wp-json\/wp\/v2\/product_cat?post=27594"},{"taxonomy":"product_tag","embeddable":true,"href":"https:\/\/paracherkaoui.ma\/index.php\/wp-json\/wp\/v2\/product_tag?post=27594"}],"curies":[{"name":"wp","href":"https:\/\/api.w.org\/{rel}","templated":true}]}}