{"id":27583,"date":"2025-12-12T18:27:07","date_gmt":"2025-12-12T17:27:07","guid":{"rendered":"https:\/\/test.ecbeaute.com\/?post_type=product&#038;p=27583"},"modified":"2025-12-12T18:27:09","modified_gmt":"2025-12-12T17:27:09","slug":"lierac-hydragenist-la-creme-rehydratante-eclat-50-ml","status":"publish","type":"product","link":"https:\/\/paracherkaoui.ma\/index.php\/produit\/lierac-hydragenist-la-creme-rehydratante-eclat-50-ml\/","title":{"rendered":"LIERAC HYDRAGENIST LA CREME REHYDRATANTE ECLAT 50 ML"},"content":{"rendered":"<p>Formul\u00e9e \u00e0 98% d\u2019ingr\u00e9dients d\u2019origine naturelle, la Cr\u00e8me R\u00e9hydratante \u00c9clat fond d\u00e9licatement sur la peau pour lui offrir hydratation intense et sensation de confort imm\u00e9diat. Sa texture fine, onctueuse et r\u00e9confortante enveloppe la peau d\u2019un voile de douceur.<br \/>\nLes peaux normales \u00e0 s\u00e8ches peuvent enfin concilier confort et l\u00e9g\u00e8ret\u00e9.<\/p>\n<p>Imm\u00e9diatement apr\u00e8s application, la peau est belle et souple. Elle est durablement hydrat\u00e9e. Les sensations d\u2019inconfort et de tiraillement disparaissent.<br \/>\nFormul\u00e9e pour convenir aux peaux normales \u00e0 s\u00e8ches, m\u00eame sensibles<br \/>\nConseils d&rsquo;utilisation:<br \/>\nAppliquer le matin et le soir sur le visage et le cou.<\/p>\n","protected":false},"excerpt":{"rendered":"<p>Formul\u00e9e \u00e0 98% d\u2019ingr\u00e9dients d\u2019origine naturelle, la Cr\u00e8me R\u00e9hydratante \u00c9clat fond d\u00e9licatement sur la peau pour lui offrir hydratation intense<\/p>\n","protected":false},"featured_media":27615,"comment_status":"open","ping_status":"closed","template":"","meta":[],"product_brand":[371],"product_cat":[525],"product_tag":[],"class_list":{"0":"post-27583","1":"product","2":"type-product","3":"status-publish","4":"has-post-thumbnail","6":"product_brand-lierac","7":"product_cat-cremes-jour","9":"first","10":"instock","11":"shipping-taxable","12":"purchasable","13":"product-type-simple"},"yoast_head":"<!-- This site is optimized with the Yoast SEO plugin v26.6 - https:\/\/yoast.com\/wordpress\/plugins\/seo\/ -->\r\n<title>LIERAC HYDRAGENIST LA CREME REHYDRATANTE ECLAT 50 ML - Paracherkaoui.ma<\/title>\r\n<meta name=\"robots\" content=\"index, follow, max-snippet:-1, max-image-preview:large, max-video-preview:-1\" \/>\r\n<link rel=\"canonical\" href=\"https:\/\/paracherkaoui.ma\/index.php\/produit\/lierac-hydragenist-la-creme-rehydratante-eclat-50-ml\/\" \/>\r\n<meta property=\"og:locale\" content=\"fr_FR\" \/>\r\n<meta property=\"og:type\" content=\"article\" \/>\r\n<meta property=\"og:title\" content=\"LIERAC HYDRAGENIST LA CREME REHYDRATANTE ECLAT 50 ML - Paracherkaoui.ma\" \/>\r\n<meta property=\"og:description\" content=\"Formul\u00e9e \u00e0 98% d\u2019ingr\u00e9dients d\u2019origine naturelle, la Cr\u00e8me R\u00e9hydratante \u00c9clat fond d\u00e9licatement sur la peau pour lui offrir hydratation intense\" \/>\r\n<meta property=\"og:url\" content=\"https:\/\/paracherkaoui.ma\/index.php\/produit\/lierac-hydragenist-la-creme-rehydratante-eclat-50-ml\/\" \/>\r\n<meta property=\"og:site_name\" content=\"Paracherkaoui.ma\" \/>\r\n<meta property=\"article:modified_time\" content=\"2025-12-12T17:27:09+00:00\" \/>\r\n<meta property=\"og:image\" content=\"https:\/\/paracherkaoui.ma\/wp-content\/uploads\/2025\/12\/lierac-lierac-hydragenist-la-creme-rehydratante-eclat-50-ml-cremes-jour.jpg\" \/>\r\n\t<meta property=\"og:image:width\" content=\"700\" \/>\r\n\t<meta property=\"og:image:height\" content=\"700\" \/>\r\n\t<meta property=\"og:image:type\" content=\"image\/jpeg\" \/>\r\n<meta name=\"twitter:card\" content=\"summary_large_image\" \/>\r\n<meta name=\"twitter:label1\" content=\"Dur\u00e9e de lecture estim\u00e9e\" \/>\n\t<meta name=\"twitter:data1\" content=\"1 minute\" \/>\r\n<script type=\"application\/ld+json\" class=\"yoast-schema-graph\">{\"@context\":\"https:\/\/schema.org\",\"@graph\":[{\"@type\":\"WebPage\",\"@id\":\"https:\/\/paracherkaoui.ma\/index.php\/produit\/lierac-hydragenist-la-creme-rehydratante-eclat-50-ml\/\",\"url\":\"https:\/\/paracherkaoui.ma\/index.php\/produit\/lierac-hydragenist-la-creme-rehydratante-eclat-50-ml\/\",\"name\":\"LIERAC HYDRAGENIST LA CREME REHYDRATANTE ECLAT 50 ML - Paracherkaoui.ma\",\"isPartOf\":{\"@id\":\"https:\/\/paracherkaoui.ma\/#website\"},\"primaryImageOfPage\":{\"@id\":\"https:\/\/paracherkaoui.ma\/index.php\/produit\/lierac-hydragenist-la-creme-rehydratante-eclat-50-ml\/#primaryimage\"},\"image\":{\"@id\":\"https:\/\/paracherkaoui.ma\/index.php\/produit\/lierac-hydragenist-la-creme-rehydratante-eclat-50-ml\/#primaryimage\"},\"thumbnailUrl\":\"https:\/\/paracherkaoui.ma\/wp-content\/uploads\/2025\/12\/lierac-lierac-hydragenist-la-creme-rehydratante-eclat-50-ml-cremes-jour.jpg\",\"datePublished\":\"2025-12-12T17:27:07+00:00\",\"dateModified\":\"2025-12-12T17:27:09+00:00\",\"breadcrumb\":{\"@id\":\"https:\/\/paracherkaoui.ma\/index.php\/produit\/lierac-hydragenist-la-creme-rehydratante-eclat-50-ml\/#breadcrumb\"},\"inLanguage\":\"fr-FR\",\"potentialAction\":[{\"@type\":\"ReadAction\",\"target\":[\"https:\/\/paracherkaoui.ma\/index.php\/produit\/lierac-hydragenist-la-creme-rehydratante-eclat-50-ml\/\"]}]},{\"@type\":\"ImageObject\",\"inLanguage\":\"fr-FR\",\"@id\":\"https:\/\/paracherkaoui.ma\/index.php\/produit\/lierac-hydragenist-la-creme-rehydratante-eclat-50-ml\/#primaryimage\",\"url\":\"https:\/\/paracherkaoui.ma\/wp-content\/uploads\/2025\/12\/lierac-lierac-hydragenist-la-creme-rehydratante-eclat-50-ml-cremes-jour.jpg\",\"contentUrl\":\"https:\/\/paracherkaoui.ma\/wp-content\/uploads\/2025\/12\/lierac-lierac-hydragenist-la-creme-rehydratante-eclat-50-ml-cremes-jour.jpg\",\"width\":700,\"height\":700},{\"@type\":\"BreadcrumbList\",\"@id\":\"https:\/\/paracherkaoui.ma\/index.php\/produit\/lierac-hydragenist-la-creme-rehydratante-eclat-50-ml\/#breadcrumb\",\"itemListElement\":[{\"@type\":\"ListItem\",\"position\":1,\"name\":\"Accueil\",\"item\":\"https:\/\/paracherkaoui.ma\/\"},{\"@type\":\"ListItem\",\"position\":2,\"name\":\"Boutique\",\"item\":\"https:\/\/paracherkaoui.ma\/index.php\/boutique\/\"},{\"@type\":\"ListItem\",\"position\":3,\"name\":\"LIERAC HYDRAGENIST LA CREME REHYDRATANTE ECLAT 50 ML\"}]},{\"@type\":\"WebSite\",\"@id\":\"https:\/\/paracherkaoui.ma\/#website\",\"url\":\"https:\/\/paracherkaoui.ma\/\",\"name\":\"Paracherkaoui.ma\",\"description\":\"Achetez en ligne sur Paracherkaoui.ma\",\"potentialAction\":[{\"@type\":\"SearchAction\",\"target\":{\"@type\":\"EntryPoint\",\"urlTemplate\":\"https:\/\/paracherkaoui.ma\/?s={search_term_string}\"},\"query-input\":{\"@type\":\"PropertyValueSpecification\",\"valueRequired\":true,\"valueName\":\"search_term_string\"}}],\"inLanguage\":\"fr-FR\"}]}<\/script>\r\n<!-- \/ Yoast SEO plugin. -->","yoast_head_json":{"title":"LIERAC HYDRAGENIST LA CREME REHYDRATANTE ECLAT 50 ML - Paracherkaoui.ma","robots":{"index":"index","follow":"follow","max-snippet":"max-snippet:-1","max-image-preview":"max-image-preview:large","max-video-preview":"max-video-preview:-1"},"canonical":"https:\/\/paracherkaoui.ma\/index.php\/produit\/lierac-hydragenist-la-creme-rehydratante-eclat-50-ml\/","og_locale":"fr_FR","og_type":"article","og_title":"LIERAC HYDRAGENIST LA CREME REHYDRATANTE ECLAT 50 ML - Paracherkaoui.ma","og_description":"Formul\u00e9e \u00e0 98% d\u2019ingr\u00e9dients d\u2019origine naturelle, la Cr\u00e8me R\u00e9hydratante \u00c9clat fond d\u00e9licatement sur la peau pour lui offrir hydratation intense","og_url":"https:\/\/paracherkaoui.ma\/index.php\/produit\/lierac-hydragenist-la-creme-rehydratante-eclat-50-ml\/","og_site_name":"Paracherkaoui.ma","article_modified_time":"2025-12-12T17:27:09+00:00","og_image":[{"width":700,"height":700,"url":"https:\/\/paracherkaoui.ma\/wp-content\/uploads\/2025\/12\/lierac-lierac-hydragenist-la-creme-rehydratante-eclat-50-ml-cremes-jour.jpg","type":"image\/jpeg"}],"twitter_card":"summary_large_image","twitter_misc":{"Dur\u00e9e de lecture estim\u00e9e":"1 minute"},"schema":{"@context":"https:\/\/schema.org","@graph":[{"@type":"WebPage","@id":"https:\/\/paracherkaoui.ma\/index.php\/produit\/lierac-hydragenist-la-creme-rehydratante-eclat-50-ml\/","url":"https:\/\/paracherkaoui.ma\/index.php\/produit\/lierac-hydragenist-la-creme-rehydratante-eclat-50-ml\/","name":"LIERAC HYDRAGENIST LA CREME REHYDRATANTE ECLAT 50 ML - Paracherkaoui.ma","isPartOf":{"@id":"https:\/\/paracherkaoui.ma\/#website"},"primaryImageOfPage":{"@id":"https:\/\/paracherkaoui.ma\/index.php\/produit\/lierac-hydragenist-la-creme-rehydratante-eclat-50-ml\/#primaryimage"},"image":{"@id":"https:\/\/paracherkaoui.ma\/index.php\/produit\/lierac-hydragenist-la-creme-rehydratante-eclat-50-ml\/#primaryimage"},"thumbnailUrl":"https:\/\/paracherkaoui.ma\/wp-content\/uploads\/2025\/12\/lierac-lierac-hydragenist-la-creme-rehydratante-eclat-50-ml-cremes-jour.jpg","datePublished":"2025-12-12T17:27:07+00:00","dateModified":"2025-12-12T17:27:09+00:00","breadcrumb":{"@id":"https:\/\/paracherkaoui.ma\/index.php\/produit\/lierac-hydragenist-la-creme-rehydratante-eclat-50-ml\/#breadcrumb"},"inLanguage":"fr-FR","potentialAction":[{"@type":"ReadAction","target":["https:\/\/paracherkaoui.ma\/index.php\/produit\/lierac-hydragenist-la-creme-rehydratante-eclat-50-ml\/"]}]},{"@type":"ImageObject","inLanguage":"fr-FR","@id":"https:\/\/paracherkaoui.ma\/index.php\/produit\/lierac-hydragenist-la-creme-rehydratante-eclat-50-ml\/#primaryimage","url":"https:\/\/paracherkaoui.ma\/wp-content\/uploads\/2025\/12\/lierac-lierac-hydragenist-la-creme-rehydratante-eclat-50-ml-cremes-jour.jpg","contentUrl":"https:\/\/paracherkaoui.ma\/wp-content\/uploads\/2025\/12\/lierac-lierac-hydragenist-la-creme-rehydratante-eclat-50-ml-cremes-jour.jpg","width":700,"height":700},{"@type":"BreadcrumbList","@id":"https:\/\/paracherkaoui.ma\/index.php\/produit\/lierac-hydragenist-la-creme-rehydratante-eclat-50-ml\/#breadcrumb","itemListElement":[{"@type":"ListItem","position":1,"name":"Accueil","item":"https:\/\/paracherkaoui.ma\/"},{"@type":"ListItem","position":2,"name":"Boutique","item":"https:\/\/paracherkaoui.ma\/index.php\/boutique\/"},{"@type":"ListItem","position":3,"name":"LIERAC HYDRAGENIST LA CREME REHYDRATANTE ECLAT 50 ML"}]},{"@type":"WebSite","@id":"https:\/\/paracherkaoui.ma\/#website","url":"https:\/\/paracherkaoui.ma\/","name":"Paracherkaoui.ma","description":"Achetez en ligne sur Paracherkaoui.ma","potentialAction":[{"@type":"SearchAction","target":{"@type":"EntryPoint","urlTemplate":"https:\/\/paracherkaoui.ma\/?s={search_term_string}"},"query-input":{"@type":"PropertyValueSpecification","valueRequired":true,"valueName":"search_term_string"}}],"inLanguage":"fr-FR"}]}},"_links":{"self":[{"href":"https:\/\/paracherkaoui.ma\/index.php\/wp-json\/wp\/v2\/product\/27583","targetHints":{"allow":["GET"]}}],"collection":[{"href":"https:\/\/paracherkaoui.ma\/index.php\/wp-json\/wp\/v2\/product"}],"about":[{"href":"https:\/\/paracherkaoui.ma\/index.php\/wp-json\/wp\/v2\/types\/product"}],"replies":[{"embeddable":true,"href":"https:\/\/paracherkaoui.ma\/index.php\/wp-json\/wp\/v2\/comments?post=27583"}],"version-history":[{"count":1,"href":"https:\/\/paracherkaoui.ma\/index.php\/wp-json\/wp\/v2\/product\/27583\/revisions"}],"predecessor-version":[{"id":27616,"href":"https:\/\/paracherkaoui.ma\/index.php\/wp-json\/wp\/v2\/product\/27583\/revisions\/27616"}],"wp:featuredmedia":[{"embeddable":true,"href":"https:\/\/paracherkaoui.ma\/index.php\/wp-json\/wp\/v2\/media\/27615"}],"wp:attachment":[{"href":"https:\/\/paracherkaoui.ma\/index.php\/wp-json\/wp\/v2\/media?parent=27583"}],"wp:term":[{"taxonomy":"product_brand","embeddable":true,"href":"https:\/\/paracherkaoui.ma\/index.php\/wp-json\/wp\/v2\/product_brand?post=27583"},{"taxonomy":"product_cat","embeddable":true,"href":"https:\/\/paracherkaoui.ma\/index.php\/wp-json\/wp\/v2\/product_cat?post=27583"},{"taxonomy":"product_tag","embeddable":true,"href":"https:\/\/paracherkaoui.ma\/index.php\/wp-json\/wp\/v2\/product_tag?post=27583"}],"curies":[{"name":"wp","href":"https:\/\/api.w.org\/{rel}","templated":true}]}}