{"id":27514,"date":"2025-12-12T18:26:57","date_gmt":"2025-12-12T17:26:57","guid":{"rendered":"https:\/\/test.ecbeaute.com\/?post_type=product&#038;p=27514"},"modified":"2025-12-12T18:27:04","modified_gmt":"2025-12-12T17:27:04","slug":"dermalift-fluide-hydratant-leger-peaux-mixtes-40-ml","status":"publish","type":"product","link":"https:\/\/paracherkaoui.ma\/index.php\/produit\/dermalift-fluide-hydratant-leger-peaux-mixtes-40-ml\/","title":{"rendered":"DERMALIFT FLUIDE HYDRATANT LEGER PEAUX MIXTES 40 ML"},"content":{"rendered":"<p>La Cr\u00e8me hydratante HydraLift\u00a0apaise et r\u00e9pare les peaux fragilis\u00e9es par les agressions ext\u00e9rieures. Riche en actifs hydratants, elle renforce la teneur en eau de la peau et apaise les peaux sensibles gr\u00e2ce aux extraits naturels. Son incroyable texture nourrit intens\u00e9ment la peau tout en laissant un fini mat. Hydrat\u00e9e, apais\u00e9e et r\u00e9g\u00e9n\u00e9r\u00e9e, la peau retrouve douceur, souplesse et r\u00e9confort durable<\/p>\n","protected":false},"excerpt":{"rendered":"<p>La Cr\u00e8me hydratante HydraLift\u00a0apaise et r\u00e9pare les peaux fragilis\u00e9es par les agressions ext\u00e9rieures. Riche en actifs hydratants, elle renforce la<\/p>\n","protected":false},"featured_media":27560,"comment_status":"open","ping_status":"closed","template":"","meta":[],"product_brand":[301],"product_cat":[525],"product_tag":[],"class_list":{"0":"post-27514","1":"product","2":"type-product","3":"status-publish","4":"has-post-thumbnail","6":"product_brand-dermalift","7":"product_cat-cremes-jour","9":"first","10":"instock","11":"sale","12":"shipping-taxable","13":"purchasable","14":"product-type-simple"},"yoast_head":"<!-- This site is optimized with the Yoast SEO plugin v26.6 - https:\/\/yoast.com\/wordpress\/plugins\/seo\/ -->\r\n<title>DERMALIFT FLUIDE HYDRATANT LEGER PEAUX MIXTES 40 ML - Paracherkaoui.ma<\/title>\r\n<meta name=\"robots\" content=\"index, follow, max-snippet:-1, max-image-preview:large, max-video-preview:-1\" \/>\r\n<link rel=\"canonical\" href=\"https:\/\/paracherkaoui.ma\/index.php\/produit\/dermalift-fluide-hydratant-leger-peaux-mixtes-40-ml\/\" \/>\r\n<meta property=\"og:locale\" content=\"fr_FR\" \/>\r\n<meta property=\"og:type\" content=\"article\" \/>\r\n<meta property=\"og:title\" content=\"DERMALIFT FLUIDE HYDRATANT LEGER PEAUX MIXTES 40 ML - Paracherkaoui.ma\" \/>\r\n<meta property=\"og:description\" content=\"La Cr\u00e8me hydratante HydraLift\u00a0apaise et r\u00e9pare les peaux fragilis\u00e9es par les agressions ext\u00e9rieures. Riche en actifs hydratants, elle renforce la\" \/>\r\n<meta property=\"og:url\" content=\"https:\/\/paracherkaoui.ma\/index.php\/produit\/dermalift-fluide-hydratant-leger-peaux-mixtes-40-ml\/\" \/>\r\n<meta property=\"og:site_name\" content=\"Paracherkaoui.ma\" \/>\r\n<meta property=\"article:modified_time\" content=\"2025-12-12T17:27:04+00:00\" \/>\r\n<meta property=\"og:image\" content=\"https:\/\/paracherkaoui.ma\/wp-content\/uploads\/2025\/12\/dermalift-fluide-hydratant-leger-peaux-mixtes-40-ml.jpg\" \/>\r\n\t<meta property=\"og:image:width\" content=\"700\" \/>\r\n\t<meta property=\"og:image:height\" content=\"700\" \/>\r\n\t<meta property=\"og:image:type\" content=\"image\/jpeg\" \/>\r\n<meta name=\"twitter:card\" content=\"summary_large_image\" \/>\r\n<script type=\"application\/ld+json\" class=\"yoast-schema-graph\">{\"@context\":\"https:\/\/schema.org\",\"@graph\":[{\"@type\":\"WebPage\",\"@id\":\"https:\/\/paracherkaoui.ma\/index.php\/produit\/dermalift-fluide-hydratant-leger-peaux-mixtes-40-ml\/\",\"url\":\"https:\/\/paracherkaoui.ma\/index.php\/produit\/dermalift-fluide-hydratant-leger-peaux-mixtes-40-ml\/\",\"name\":\"DERMALIFT FLUIDE HYDRATANT LEGER PEAUX MIXTES 40 ML - Paracherkaoui.ma\",\"isPartOf\":{\"@id\":\"https:\/\/paracherkaoui.ma\/#website\"},\"primaryImageOfPage\":{\"@id\":\"https:\/\/paracherkaoui.ma\/index.php\/produit\/dermalift-fluide-hydratant-leger-peaux-mixtes-40-ml\/#primaryimage\"},\"image\":{\"@id\":\"https:\/\/paracherkaoui.ma\/index.php\/produit\/dermalift-fluide-hydratant-leger-peaux-mixtes-40-ml\/#primaryimage\"},\"thumbnailUrl\":\"https:\/\/paracherkaoui.ma\/wp-content\/uploads\/2025\/12\/dermalift-fluide-hydratant-leger-peaux-mixtes-40-ml.jpg\",\"datePublished\":\"2025-12-12T17:26:57+00:00\",\"dateModified\":\"2025-12-12T17:27:04+00:00\",\"breadcrumb\":{\"@id\":\"https:\/\/paracherkaoui.ma\/index.php\/produit\/dermalift-fluide-hydratant-leger-peaux-mixtes-40-ml\/#breadcrumb\"},\"inLanguage\":\"fr-FR\",\"potentialAction\":[{\"@type\":\"ReadAction\",\"target\":[\"https:\/\/paracherkaoui.ma\/index.php\/produit\/dermalift-fluide-hydratant-leger-peaux-mixtes-40-ml\/\"]}]},{\"@type\":\"ImageObject\",\"inLanguage\":\"fr-FR\",\"@id\":\"https:\/\/paracherkaoui.ma\/index.php\/produit\/dermalift-fluide-hydratant-leger-peaux-mixtes-40-ml\/#primaryimage\",\"url\":\"https:\/\/paracherkaoui.ma\/wp-content\/uploads\/2025\/12\/dermalift-fluide-hydratant-leger-peaux-mixtes-40-ml.jpg\",\"contentUrl\":\"https:\/\/paracherkaoui.ma\/wp-content\/uploads\/2025\/12\/dermalift-fluide-hydratant-leger-peaux-mixtes-40-ml.jpg\",\"width\":700,\"height\":700},{\"@type\":\"BreadcrumbList\",\"@id\":\"https:\/\/paracherkaoui.ma\/index.php\/produit\/dermalift-fluide-hydratant-leger-peaux-mixtes-40-ml\/#breadcrumb\",\"itemListElement\":[{\"@type\":\"ListItem\",\"position\":1,\"name\":\"Accueil\",\"item\":\"https:\/\/paracherkaoui.ma\/\"},{\"@type\":\"ListItem\",\"position\":2,\"name\":\"Boutique\",\"item\":\"https:\/\/paracherkaoui.ma\/index.php\/boutique\/\"},{\"@type\":\"ListItem\",\"position\":3,\"name\":\"DERMALIFT FLUIDE HYDRATANT LEGER PEAUX MIXTES 40 ML\"}]},{\"@type\":\"WebSite\",\"@id\":\"https:\/\/paracherkaoui.ma\/#website\",\"url\":\"https:\/\/paracherkaoui.ma\/\",\"name\":\"Paracherkaoui.ma\",\"description\":\"Achetez en ligne sur Paracherkaoui.ma\",\"potentialAction\":[{\"@type\":\"SearchAction\",\"target\":{\"@type\":\"EntryPoint\",\"urlTemplate\":\"https:\/\/paracherkaoui.ma\/?s={search_term_string}\"},\"query-input\":{\"@type\":\"PropertyValueSpecification\",\"valueRequired\":true,\"valueName\":\"search_term_string\"}}],\"inLanguage\":\"fr-FR\"}]}<\/script>\r\n<!-- \/ Yoast SEO plugin. -->","yoast_head_json":{"title":"DERMALIFT FLUIDE HYDRATANT LEGER PEAUX MIXTES 40 ML - Paracherkaoui.ma","robots":{"index":"index","follow":"follow","max-snippet":"max-snippet:-1","max-image-preview":"max-image-preview:large","max-video-preview":"max-video-preview:-1"},"canonical":"https:\/\/paracherkaoui.ma\/index.php\/produit\/dermalift-fluide-hydratant-leger-peaux-mixtes-40-ml\/","og_locale":"fr_FR","og_type":"article","og_title":"DERMALIFT FLUIDE HYDRATANT LEGER PEAUX MIXTES 40 ML - Paracherkaoui.ma","og_description":"La Cr\u00e8me hydratante HydraLift\u00a0apaise et r\u00e9pare les peaux fragilis\u00e9es par les agressions ext\u00e9rieures. Riche en actifs hydratants, elle renforce la","og_url":"https:\/\/paracherkaoui.ma\/index.php\/produit\/dermalift-fluide-hydratant-leger-peaux-mixtes-40-ml\/","og_site_name":"Paracherkaoui.ma","article_modified_time":"2025-12-12T17:27:04+00:00","og_image":[{"width":700,"height":700,"url":"https:\/\/paracherkaoui.ma\/wp-content\/uploads\/2025\/12\/dermalift-fluide-hydratant-leger-peaux-mixtes-40-ml.jpg","type":"image\/jpeg"}],"twitter_card":"summary_large_image","schema":{"@context":"https:\/\/schema.org","@graph":[{"@type":"WebPage","@id":"https:\/\/paracherkaoui.ma\/index.php\/produit\/dermalift-fluide-hydratant-leger-peaux-mixtes-40-ml\/","url":"https:\/\/paracherkaoui.ma\/index.php\/produit\/dermalift-fluide-hydratant-leger-peaux-mixtes-40-ml\/","name":"DERMALIFT FLUIDE HYDRATANT LEGER PEAUX MIXTES 40 ML - Paracherkaoui.ma","isPartOf":{"@id":"https:\/\/paracherkaoui.ma\/#website"},"primaryImageOfPage":{"@id":"https:\/\/paracherkaoui.ma\/index.php\/produit\/dermalift-fluide-hydratant-leger-peaux-mixtes-40-ml\/#primaryimage"},"image":{"@id":"https:\/\/paracherkaoui.ma\/index.php\/produit\/dermalift-fluide-hydratant-leger-peaux-mixtes-40-ml\/#primaryimage"},"thumbnailUrl":"https:\/\/paracherkaoui.ma\/wp-content\/uploads\/2025\/12\/dermalift-fluide-hydratant-leger-peaux-mixtes-40-ml.jpg","datePublished":"2025-12-12T17:26:57+00:00","dateModified":"2025-12-12T17:27:04+00:00","breadcrumb":{"@id":"https:\/\/paracherkaoui.ma\/index.php\/produit\/dermalift-fluide-hydratant-leger-peaux-mixtes-40-ml\/#breadcrumb"},"inLanguage":"fr-FR","potentialAction":[{"@type":"ReadAction","target":["https:\/\/paracherkaoui.ma\/index.php\/produit\/dermalift-fluide-hydratant-leger-peaux-mixtes-40-ml\/"]}]},{"@type":"ImageObject","inLanguage":"fr-FR","@id":"https:\/\/paracherkaoui.ma\/index.php\/produit\/dermalift-fluide-hydratant-leger-peaux-mixtes-40-ml\/#primaryimage","url":"https:\/\/paracherkaoui.ma\/wp-content\/uploads\/2025\/12\/dermalift-fluide-hydratant-leger-peaux-mixtes-40-ml.jpg","contentUrl":"https:\/\/paracherkaoui.ma\/wp-content\/uploads\/2025\/12\/dermalift-fluide-hydratant-leger-peaux-mixtes-40-ml.jpg","width":700,"height":700},{"@type":"BreadcrumbList","@id":"https:\/\/paracherkaoui.ma\/index.php\/produit\/dermalift-fluide-hydratant-leger-peaux-mixtes-40-ml\/#breadcrumb","itemListElement":[{"@type":"ListItem","position":1,"name":"Accueil","item":"https:\/\/paracherkaoui.ma\/"},{"@type":"ListItem","position":2,"name":"Boutique","item":"https:\/\/paracherkaoui.ma\/index.php\/boutique\/"},{"@type":"ListItem","position":3,"name":"DERMALIFT FLUIDE HYDRATANT LEGER PEAUX MIXTES 40 ML"}]},{"@type":"WebSite","@id":"https:\/\/paracherkaoui.ma\/#website","url":"https:\/\/paracherkaoui.ma\/","name":"Paracherkaoui.ma","description":"Achetez en ligne sur Paracherkaoui.ma","potentialAction":[{"@type":"SearchAction","target":{"@type":"EntryPoint","urlTemplate":"https:\/\/paracherkaoui.ma\/?s={search_term_string}"},"query-input":{"@type":"PropertyValueSpecification","valueRequired":true,"valueName":"search_term_string"}}],"inLanguage":"fr-FR"}]}},"_links":{"self":[{"href":"https:\/\/paracherkaoui.ma\/index.php\/wp-json\/wp\/v2\/product\/27514","targetHints":{"allow":["GET"]}}],"collection":[{"href":"https:\/\/paracherkaoui.ma\/index.php\/wp-json\/wp\/v2\/product"}],"about":[{"href":"https:\/\/paracherkaoui.ma\/index.php\/wp-json\/wp\/v2\/types\/product"}],"replies":[{"embeddable":true,"href":"https:\/\/paracherkaoui.ma\/index.php\/wp-json\/wp\/v2\/comments?post=27514"}],"version-history":[{"count":1,"href":"https:\/\/paracherkaoui.ma\/index.php\/wp-json\/wp\/v2\/product\/27514\/revisions"}],"predecessor-version":[{"id":27561,"href":"https:\/\/paracherkaoui.ma\/index.php\/wp-json\/wp\/v2\/product\/27514\/revisions\/27561"}],"wp:featuredmedia":[{"embeddable":true,"href":"https:\/\/paracherkaoui.ma\/index.php\/wp-json\/wp\/v2\/media\/27560"}],"wp:attachment":[{"href":"https:\/\/paracherkaoui.ma\/index.php\/wp-json\/wp\/v2\/media?parent=27514"}],"wp:term":[{"taxonomy":"product_brand","embeddable":true,"href":"https:\/\/paracherkaoui.ma\/index.php\/wp-json\/wp\/v2\/product_brand?post=27514"},{"taxonomy":"product_cat","embeddable":true,"href":"https:\/\/paracherkaoui.ma\/index.php\/wp-json\/wp\/v2\/product_cat?post=27514"},{"taxonomy":"product_tag","embeddable":true,"href":"https:\/\/paracherkaoui.ma\/index.php\/wp-json\/wp\/v2\/product_tag?post=27514"}],"curies":[{"name":"wp","href":"https:\/\/api.w.org\/{rel}","templated":true}]}}