{"id":27440,"date":"2025-12-12T18:26:51","date_gmt":"2025-12-12T17:26:51","guid":{"rendered":"https:\/\/test.ecbeaute.com\/?post_type=product&#038;p=27440"},"modified":"2025-12-12T18:26:56","modified_gmt":"2025-12-12T17:26:56","slug":"dermo-z-creme-hydratante-compensatrice-50ml","status":"publish","type":"product","link":"https:\/\/paracherkaoui.ma\/index.php\/produit\/dermo-z-creme-hydratante-compensatrice-50ml\/","title":{"rendered":"DERMO Z CREME HYDRATANTE COMPENSATRICE 50ML"},"content":{"rendered":"<p>DERMOZ cr\u00e8me hydratante compensatrice nourrit et r\u00e9pare les peaux fragilis\u00e9es et d\u00e9ss\u00e9ch\u00e9es par les traitements d\u00e9ss\u00e8chants anti-acn\u00e9iques.<br \/>\nLa cr\u00e8me hydratante compensatrice DERMOZ r\u00e9pare et prot\u00e8ge durablement la peau des agressions ext\u00e9rieures.<br \/>\nLes actifs hydratants et restructurants de cette cr\u00e8me combattent la desquamation et les sensations de tiraillement. Les actifs apaisants att\u00e9nuent les rougeurs et calment l\u2019\u00e9piderme.<br \/>\nCONSEILS D\u2019UTILISATION:<br \/>\nAppliquer matin et\/ou soir sur l\u2019ensemble du visage pr\u00e9alablement nettoy\u00e9 avec un gel nettoyant purifiant.<br \/>\nEviter tout contact avec les yeux<\/p>\n","protected":false},"excerpt":{"rendered":"<p>DERMOZ cr\u00e8me hydratante compensatrice nourrit et r\u00e9pare les peaux fragilis\u00e9es et d\u00e9ss\u00e9ch\u00e9es par les traitements d\u00e9ss\u00e8chants anti-acn\u00e9iques. La cr\u00e8me hydratante<\/p>\n","protected":false},"featured_media":27492,"comment_status":"open","ping_status":"closed","template":"","meta":[],"product_brand":[422],"product_cat":[525],"product_tag":[],"class_list":{"0":"post-27440","1":"product","2":"type-product","3":"status-publish","4":"has-post-thumbnail","6":"product_brand-dermo-z","7":"product_cat-cremes-jour","9":"first","10":"instock","11":"sale","12":"shipping-taxable","13":"purchasable","14":"product-type-simple"},"yoast_head":"<!-- This site is optimized with the Yoast SEO plugin v26.6 - https:\/\/yoast.com\/wordpress\/plugins\/seo\/ -->\r\n<title>DERMO Z CREME HYDRATANTE COMPENSATRICE 50ML - Paracherkaoui.ma<\/title>\r\n<meta name=\"robots\" content=\"index, follow, max-snippet:-1, max-image-preview:large, max-video-preview:-1\" \/>\r\n<link rel=\"canonical\" href=\"https:\/\/paracherkaoui.ma\/index.php\/produit\/dermo-z-creme-hydratante-compensatrice-50ml\/\" \/>\r\n<meta property=\"og:locale\" content=\"fr_FR\" \/>\r\n<meta property=\"og:type\" content=\"article\" \/>\r\n<meta property=\"og:title\" content=\"DERMO Z CREME HYDRATANTE COMPENSATRICE 50ML - Paracherkaoui.ma\" \/>\r\n<meta property=\"og:description\" content=\"DERMOZ cr\u00e8me hydratante compensatrice nourrit et r\u00e9pare les peaux fragilis\u00e9es et d\u00e9ss\u00e9ch\u00e9es par les traitements d\u00e9ss\u00e8chants anti-acn\u00e9iques. La cr\u00e8me hydratante\" \/>\r\n<meta property=\"og:url\" content=\"https:\/\/paracherkaoui.ma\/index.php\/produit\/dermo-z-creme-hydratante-compensatrice-50ml\/\" \/>\r\n<meta property=\"og:site_name\" content=\"Paracherkaoui.ma\" \/>\r\n<meta property=\"article:modified_time\" content=\"2025-12-12T17:26:56+00:00\" \/>\r\n<meta property=\"og:image\" content=\"https:\/\/paracherkaoui.ma\/wp-content\/uploads\/2025\/12\/dermo-z-dermo-z-creme-hydratante-compensatrice-50ml-cremes-jour.jpg\" \/>\r\n\t<meta property=\"og:image:width\" content=\"700\" \/>\r\n\t<meta property=\"og:image:height\" content=\"700\" \/>\r\n\t<meta property=\"og:image:type\" content=\"image\/jpeg\" \/>\r\n<meta name=\"twitter:card\" content=\"summary_large_image\" \/>\r\n<script type=\"application\/ld+json\" class=\"yoast-schema-graph\">{\"@context\":\"https:\/\/schema.org\",\"@graph\":[{\"@type\":\"WebPage\",\"@id\":\"https:\/\/paracherkaoui.ma\/index.php\/produit\/dermo-z-creme-hydratante-compensatrice-50ml\/\",\"url\":\"https:\/\/paracherkaoui.ma\/index.php\/produit\/dermo-z-creme-hydratante-compensatrice-50ml\/\",\"name\":\"DERMO Z CREME HYDRATANTE COMPENSATRICE 50ML - Paracherkaoui.ma\",\"isPartOf\":{\"@id\":\"https:\/\/paracherkaoui.ma\/#website\"},\"primaryImageOfPage\":{\"@id\":\"https:\/\/paracherkaoui.ma\/index.php\/produit\/dermo-z-creme-hydratante-compensatrice-50ml\/#primaryimage\"},\"image\":{\"@id\":\"https:\/\/paracherkaoui.ma\/index.php\/produit\/dermo-z-creme-hydratante-compensatrice-50ml\/#primaryimage\"},\"thumbnailUrl\":\"https:\/\/paracherkaoui.ma\/wp-content\/uploads\/2025\/12\/dermo-z-dermo-z-creme-hydratante-compensatrice-50ml-cremes-jour.jpg\",\"datePublished\":\"2025-12-12T17:26:51+00:00\",\"dateModified\":\"2025-12-12T17:26:56+00:00\",\"breadcrumb\":{\"@id\":\"https:\/\/paracherkaoui.ma\/index.php\/produit\/dermo-z-creme-hydratante-compensatrice-50ml\/#breadcrumb\"},\"inLanguage\":\"fr-FR\",\"potentialAction\":[{\"@type\":\"ReadAction\",\"target\":[\"https:\/\/paracherkaoui.ma\/index.php\/produit\/dermo-z-creme-hydratante-compensatrice-50ml\/\"]}]},{\"@type\":\"ImageObject\",\"inLanguage\":\"fr-FR\",\"@id\":\"https:\/\/paracherkaoui.ma\/index.php\/produit\/dermo-z-creme-hydratante-compensatrice-50ml\/#primaryimage\",\"url\":\"https:\/\/paracherkaoui.ma\/wp-content\/uploads\/2025\/12\/dermo-z-dermo-z-creme-hydratante-compensatrice-50ml-cremes-jour.jpg\",\"contentUrl\":\"https:\/\/paracherkaoui.ma\/wp-content\/uploads\/2025\/12\/dermo-z-dermo-z-creme-hydratante-compensatrice-50ml-cremes-jour.jpg\",\"width\":700,\"height\":700},{\"@type\":\"BreadcrumbList\",\"@id\":\"https:\/\/paracherkaoui.ma\/index.php\/produit\/dermo-z-creme-hydratante-compensatrice-50ml\/#breadcrumb\",\"itemListElement\":[{\"@type\":\"ListItem\",\"position\":1,\"name\":\"Accueil\",\"item\":\"https:\/\/paracherkaoui.ma\/\"},{\"@type\":\"ListItem\",\"position\":2,\"name\":\"Boutique\",\"item\":\"https:\/\/paracherkaoui.ma\/index.php\/boutique\/\"},{\"@type\":\"ListItem\",\"position\":3,\"name\":\"DERMO Z CREME HYDRATANTE COMPENSATRICE 50ML\"}]},{\"@type\":\"WebSite\",\"@id\":\"https:\/\/paracherkaoui.ma\/#website\",\"url\":\"https:\/\/paracherkaoui.ma\/\",\"name\":\"Paracherkaoui.ma\",\"description\":\"Achetez en ligne sur Paracherkaoui.ma\",\"potentialAction\":[{\"@type\":\"SearchAction\",\"target\":{\"@type\":\"EntryPoint\",\"urlTemplate\":\"https:\/\/paracherkaoui.ma\/?s={search_term_string}\"},\"query-input\":{\"@type\":\"PropertyValueSpecification\",\"valueRequired\":true,\"valueName\":\"search_term_string\"}}],\"inLanguage\":\"fr-FR\"}]}<\/script>\r\n<!-- \/ Yoast SEO plugin. -->","yoast_head_json":{"title":"DERMO Z CREME HYDRATANTE COMPENSATRICE 50ML - Paracherkaoui.ma","robots":{"index":"index","follow":"follow","max-snippet":"max-snippet:-1","max-image-preview":"max-image-preview:large","max-video-preview":"max-video-preview:-1"},"canonical":"https:\/\/paracherkaoui.ma\/index.php\/produit\/dermo-z-creme-hydratante-compensatrice-50ml\/","og_locale":"fr_FR","og_type":"article","og_title":"DERMO Z CREME HYDRATANTE COMPENSATRICE 50ML - Paracherkaoui.ma","og_description":"DERMOZ cr\u00e8me hydratante compensatrice nourrit et r\u00e9pare les peaux fragilis\u00e9es et d\u00e9ss\u00e9ch\u00e9es par les traitements d\u00e9ss\u00e8chants anti-acn\u00e9iques. La cr\u00e8me hydratante","og_url":"https:\/\/paracherkaoui.ma\/index.php\/produit\/dermo-z-creme-hydratante-compensatrice-50ml\/","og_site_name":"Paracherkaoui.ma","article_modified_time":"2025-12-12T17:26:56+00:00","og_image":[{"width":700,"height":700,"url":"https:\/\/paracherkaoui.ma\/wp-content\/uploads\/2025\/12\/dermo-z-dermo-z-creme-hydratante-compensatrice-50ml-cremes-jour.jpg","type":"image\/jpeg"}],"twitter_card":"summary_large_image","schema":{"@context":"https:\/\/schema.org","@graph":[{"@type":"WebPage","@id":"https:\/\/paracherkaoui.ma\/index.php\/produit\/dermo-z-creme-hydratante-compensatrice-50ml\/","url":"https:\/\/paracherkaoui.ma\/index.php\/produit\/dermo-z-creme-hydratante-compensatrice-50ml\/","name":"DERMO Z CREME HYDRATANTE COMPENSATRICE 50ML - Paracherkaoui.ma","isPartOf":{"@id":"https:\/\/paracherkaoui.ma\/#website"},"primaryImageOfPage":{"@id":"https:\/\/paracherkaoui.ma\/index.php\/produit\/dermo-z-creme-hydratante-compensatrice-50ml\/#primaryimage"},"image":{"@id":"https:\/\/paracherkaoui.ma\/index.php\/produit\/dermo-z-creme-hydratante-compensatrice-50ml\/#primaryimage"},"thumbnailUrl":"https:\/\/paracherkaoui.ma\/wp-content\/uploads\/2025\/12\/dermo-z-dermo-z-creme-hydratante-compensatrice-50ml-cremes-jour.jpg","datePublished":"2025-12-12T17:26:51+00:00","dateModified":"2025-12-12T17:26:56+00:00","breadcrumb":{"@id":"https:\/\/paracherkaoui.ma\/index.php\/produit\/dermo-z-creme-hydratante-compensatrice-50ml\/#breadcrumb"},"inLanguage":"fr-FR","potentialAction":[{"@type":"ReadAction","target":["https:\/\/paracherkaoui.ma\/index.php\/produit\/dermo-z-creme-hydratante-compensatrice-50ml\/"]}]},{"@type":"ImageObject","inLanguage":"fr-FR","@id":"https:\/\/paracherkaoui.ma\/index.php\/produit\/dermo-z-creme-hydratante-compensatrice-50ml\/#primaryimage","url":"https:\/\/paracherkaoui.ma\/wp-content\/uploads\/2025\/12\/dermo-z-dermo-z-creme-hydratante-compensatrice-50ml-cremes-jour.jpg","contentUrl":"https:\/\/paracherkaoui.ma\/wp-content\/uploads\/2025\/12\/dermo-z-dermo-z-creme-hydratante-compensatrice-50ml-cremes-jour.jpg","width":700,"height":700},{"@type":"BreadcrumbList","@id":"https:\/\/paracherkaoui.ma\/index.php\/produit\/dermo-z-creme-hydratante-compensatrice-50ml\/#breadcrumb","itemListElement":[{"@type":"ListItem","position":1,"name":"Accueil","item":"https:\/\/paracherkaoui.ma\/"},{"@type":"ListItem","position":2,"name":"Boutique","item":"https:\/\/paracherkaoui.ma\/index.php\/boutique\/"},{"@type":"ListItem","position":3,"name":"DERMO Z CREME HYDRATANTE COMPENSATRICE 50ML"}]},{"@type":"WebSite","@id":"https:\/\/paracherkaoui.ma\/#website","url":"https:\/\/paracherkaoui.ma\/","name":"Paracherkaoui.ma","description":"Achetez en ligne sur Paracherkaoui.ma","potentialAction":[{"@type":"SearchAction","target":{"@type":"EntryPoint","urlTemplate":"https:\/\/paracherkaoui.ma\/?s={search_term_string}"},"query-input":{"@type":"PropertyValueSpecification","valueRequired":true,"valueName":"search_term_string"}}],"inLanguage":"fr-FR"}]}},"_links":{"self":[{"href":"https:\/\/paracherkaoui.ma\/index.php\/wp-json\/wp\/v2\/product\/27440","targetHints":{"allow":["GET"]}}],"collection":[{"href":"https:\/\/paracherkaoui.ma\/index.php\/wp-json\/wp\/v2\/product"}],"about":[{"href":"https:\/\/paracherkaoui.ma\/index.php\/wp-json\/wp\/v2\/types\/product"}],"replies":[{"embeddable":true,"href":"https:\/\/paracherkaoui.ma\/index.php\/wp-json\/wp\/v2\/comments?post=27440"}],"version-history":[{"count":1,"href":"https:\/\/paracherkaoui.ma\/index.php\/wp-json\/wp\/v2\/product\/27440\/revisions"}],"predecessor-version":[{"id":27493,"href":"https:\/\/paracherkaoui.ma\/index.php\/wp-json\/wp\/v2\/product\/27440\/revisions\/27493"}],"wp:featuredmedia":[{"embeddable":true,"href":"https:\/\/paracherkaoui.ma\/index.php\/wp-json\/wp\/v2\/media\/27492"}],"wp:attachment":[{"href":"https:\/\/paracherkaoui.ma\/index.php\/wp-json\/wp\/v2\/media?parent=27440"}],"wp:term":[{"taxonomy":"product_brand","embeddable":true,"href":"https:\/\/paracherkaoui.ma\/index.php\/wp-json\/wp\/v2\/product_brand?post=27440"},{"taxonomy":"product_cat","embeddable":true,"href":"https:\/\/paracherkaoui.ma\/index.php\/wp-json\/wp\/v2\/product_cat?post=27440"},{"taxonomy":"product_tag","embeddable":true,"href":"https:\/\/paracherkaoui.ma\/index.php\/wp-json\/wp\/v2\/product_tag?post=27440"}],"curies":[{"name":"wp","href":"https:\/\/api.w.org\/{rel}","templated":true}]}}