{"id":27436,"date":"2025-12-12T18:26:51","date_gmt":"2025-12-12T17:26:51","guid":{"rendered":"https:\/\/test.ecbeaute.com\/?post_type=product&#038;p=27436"},"modified":"2025-12-12T18:26:55","modified_gmt":"2025-12-12T17:26:55","slug":"dermacare-dermawhite-soin-depigmentant-30-ml-2","status":"publish","type":"product","link":"https:\/\/paracherkaoui.ma\/index.php\/produit\/dermacare-dermawhite-soin-depigmentant-30-ml-2\/","title":{"rendered":"DERMACARE DERMAWHITE SOIN DEPIGMENTANT 30 ML"},"content":{"rendered":"<p>DESCRIPTION :<br \/>\nLe soin concentr\u00e9 d\u00e9pigmentant r\u00e9duit r\u00e9versiblement et favorise l&rsquo;\u00e9limination des taches brunes li\u00e9es aux troubles de la pigmentation grace \u00e0 la synergie de ses actifs.Les actifs composants la gamme dermawhite contiennent sept plantes alpines qui poss\u00e8dent un fort pouvoir \u00e9claircissant et permettent d&rsquo;unifier le teint en estompant.<br \/>\nCONSEILS D&rsquo;UTILISATION :<br \/>\nAppliquer matin et soir sur les zones concern\u00e9es.Eviter le contour des yeux.Ne pas s&rsquo;exposer au soleil. en cas d&rsquo;exposition au soleil, appliquer en compl\u00e9ment une protection solaire adapt\u00e9e.<\/p>\n","protected":false},"excerpt":{"rendered":"<p>DESCRIPTION : Le soin concentr\u00e9 d\u00e9pigmentant r\u00e9duit r\u00e9versiblement et favorise l&rsquo;\u00e9limination des taches brunes li\u00e9es aux troubles de la pigmentation<\/p>\n","protected":false},"featured_media":25506,"comment_status":"open","ping_status":"closed","template":"","meta":[],"product_brand":[464],"product_cat":[525],"product_tag":[],"class_list":{"0":"post-27436","1":"product","2":"type-product","3":"status-publish","4":"has-post-thumbnail","6":"product_brand-dermacare","7":"product_cat-cremes-jour","9":"first","10":"instock","11":"sale","12":"shipping-taxable","13":"purchasable","14":"product-type-simple"},"yoast_head":"<!-- This site is optimized with the Yoast SEO plugin v26.6 - https:\/\/yoast.com\/wordpress\/plugins\/seo\/ -->\r\n<title>DERMACARE DERMAWHITE SOIN DEPIGMENTANT 30 ML - Paracherkaoui.ma<\/title>\r\n<meta name=\"robots\" content=\"index, follow, max-snippet:-1, max-image-preview:large, max-video-preview:-1\" \/>\r\n<link rel=\"canonical\" href=\"https:\/\/paracherkaoui.ma\/index.php\/produit\/dermacare-dermawhite-soin-depigmentant-30-ml-2\/\" \/>\r\n<meta property=\"og:locale\" content=\"fr_FR\" \/>\r\n<meta property=\"og:type\" content=\"article\" \/>\r\n<meta property=\"og:title\" content=\"DERMACARE DERMAWHITE SOIN DEPIGMENTANT 30 ML - Paracherkaoui.ma\" \/>\r\n<meta property=\"og:description\" content=\"DESCRIPTION : Le soin concentr\u00e9 d\u00e9pigmentant r\u00e9duit r\u00e9versiblement et favorise l&rsquo;\u00e9limination des taches brunes li\u00e9es aux troubles de la pigmentation\" \/>\r\n<meta property=\"og:url\" content=\"https:\/\/paracherkaoui.ma\/index.php\/produit\/dermacare-dermawhite-soin-depigmentant-30-ml-2\/\" \/>\r\n<meta property=\"og:site_name\" content=\"Paracherkaoui.ma\" \/>\r\n<meta property=\"article:modified_time\" content=\"2025-12-12T17:26:55+00:00\" \/>\r\n<meta property=\"og:image\" content=\"https:\/\/paracherkaoui.ma\/wp-content\/uploads\/2025\/12\/dermacare-dermacare-dermawhite-soin-depigmentant-30-ml-soins-anti-imperfections.jpg\" \/>\r\n\t<meta property=\"og:image:width\" content=\"700\" \/>\r\n\t<meta property=\"og:image:height\" content=\"700\" \/>\r\n\t<meta property=\"og:image:type\" content=\"image\/jpeg\" \/>\r\n<meta name=\"twitter:card\" content=\"summary_large_image\" \/>\r\n<script type=\"application\/ld+json\" class=\"yoast-schema-graph\">{\"@context\":\"https:\/\/schema.org\",\"@graph\":[{\"@type\":\"WebPage\",\"@id\":\"https:\/\/paracherkaoui.ma\/index.php\/produit\/dermacare-dermawhite-soin-depigmentant-30-ml-2\/\",\"url\":\"https:\/\/paracherkaoui.ma\/index.php\/produit\/dermacare-dermawhite-soin-depigmentant-30-ml-2\/\",\"name\":\"DERMACARE DERMAWHITE SOIN DEPIGMENTANT 30 ML - Paracherkaoui.ma\",\"isPartOf\":{\"@id\":\"https:\/\/paracherkaoui.ma\/#website\"},\"primaryImageOfPage\":{\"@id\":\"https:\/\/paracherkaoui.ma\/index.php\/produit\/dermacare-dermawhite-soin-depigmentant-30-ml-2\/#primaryimage\"},\"image\":{\"@id\":\"https:\/\/paracherkaoui.ma\/index.php\/produit\/dermacare-dermawhite-soin-depigmentant-30-ml-2\/#primaryimage\"},\"thumbnailUrl\":\"https:\/\/paracherkaoui.ma\/wp-content\/uploads\/2025\/12\/dermacare-dermacare-dermawhite-soin-depigmentant-30-ml-soins-anti-imperfections.jpg\",\"datePublished\":\"2025-12-12T17:26:51+00:00\",\"dateModified\":\"2025-12-12T17:26:55+00:00\",\"breadcrumb\":{\"@id\":\"https:\/\/paracherkaoui.ma\/index.php\/produit\/dermacare-dermawhite-soin-depigmentant-30-ml-2\/#breadcrumb\"},\"inLanguage\":\"fr-FR\",\"potentialAction\":[{\"@type\":\"ReadAction\",\"target\":[\"https:\/\/paracherkaoui.ma\/index.php\/produit\/dermacare-dermawhite-soin-depigmentant-30-ml-2\/\"]}]},{\"@type\":\"ImageObject\",\"inLanguage\":\"fr-FR\",\"@id\":\"https:\/\/paracherkaoui.ma\/index.php\/produit\/dermacare-dermawhite-soin-depigmentant-30-ml-2\/#primaryimage\",\"url\":\"https:\/\/paracherkaoui.ma\/wp-content\/uploads\/2025\/12\/dermacare-dermacare-dermawhite-soin-depigmentant-30-ml-soins-anti-imperfections.jpg\",\"contentUrl\":\"https:\/\/paracherkaoui.ma\/wp-content\/uploads\/2025\/12\/dermacare-dermacare-dermawhite-soin-depigmentant-30-ml-soins-anti-imperfections.jpg\",\"width\":700,\"height\":700},{\"@type\":\"BreadcrumbList\",\"@id\":\"https:\/\/paracherkaoui.ma\/index.php\/produit\/dermacare-dermawhite-soin-depigmentant-30-ml-2\/#breadcrumb\",\"itemListElement\":[{\"@type\":\"ListItem\",\"position\":1,\"name\":\"Accueil\",\"item\":\"https:\/\/paracherkaoui.ma\/\"},{\"@type\":\"ListItem\",\"position\":2,\"name\":\"Boutique\",\"item\":\"https:\/\/paracherkaoui.ma\/index.php\/boutique\/\"},{\"@type\":\"ListItem\",\"position\":3,\"name\":\"DERMACARE DERMAWHITE SOIN DEPIGMENTANT 30 ML\"}]},{\"@type\":\"WebSite\",\"@id\":\"https:\/\/paracherkaoui.ma\/#website\",\"url\":\"https:\/\/paracherkaoui.ma\/\",\"name\":\"Paracherkaoui.ma\",\"description\":\"Achetez en ligne sur Paracherkaoui.ma\",\"potentialAction\":[{\"@type\":\"SearchAction\",\"target\":{\"@type\":\"EntryPoint\",\"urlTemplate\":\"https:\/\/paracherkaoui.ma\/?s={search_term_string}\"},\"query-input\":{\"@type\":\"PropertyValueSpecification\",\"valueRequired\":true,\"valueName\":\"search_term_string\"}}],\"inLanguage\":\"fr-FR\"}]}<\/script>\r\n<!-- \/ Yoast SEO plugin. -->","yoast_head_json":{"title":"DERMACARE DERMAWHITE SOIN DEPIGMENTANT 30 ML - Paracherkaoui.ma","robots":{"index":"index","follow":"follow","max-snippet":"max-snippet:-1","max-image-preview":"max-image-preview:large","max-video-preview":"max-video-preview:-1"},"canonical":"https:\/\/paracherkaoui.ma\/index.php\/produit\/dermacare-dermawhite-soin-depigmentant-30-ml-2\/","og_locale":"fr_FR","og_type":"article","og_title":"DERMACARE DERMAWHITE SOIN DEPIGMENTANT 30 ML - Paracherkaoui.ma","og_description":"DESCRIPTION : Le soin concentr\u00e9 d\u00e9pigmentant r\u00e9duit r\u00e9versiblement et favorise l&rsquo;\u00e9limination des taches brunes li\u00e9es aux troubles de la pigmentation","og_url":"https:\/\/paracherkaoui.ma\/index.php\/produit\/dermacare-dermawhite-soin-depigmentant-30-ml-2\/","og_site_name":"Paracherkaoui.ma","article_modified_time":"2025-12-12T17:26:55+00:00","og_image":[{"width":700,"height":700,"url":"https:\/\/paracherkaoui.ma\/wp-content\/uploads\/2025\/12\/dermacare-dermacare-dermawhite-soin-depigmentant-30-ml-soins-anti-imperfections.jpg","type":"image\/jpeg"}],"twitter_card":"summary_large_image","schema":{"@context":"https:\/\/schema.org","@graph":[{"@type":"WebPage","@id":"https:\/\/paracherkaoui.ma\/index.php\/produit\/dermacare-dermawhite-soin-depigmentant-30-ml-2\/","url":"https:\/\/paracherkaoui.ma\/index.php\/produit\/dermacare-dermawhite-soin-depigmentant-30-ml-2\/","name":"DERMACARE DERMAWHITE SOIN DEPIGMENTANT 30 ML - Paracherkaoui.ma","isPartOf":{"@id":"https:\/\/paracherkaoui.ma\/#website"},"primaryImageOfPage":{"@id":"https:\/\/paracherkaoui.ma\/index.php\/produit\/dermacare-dermawhite-soin-depigmentant-30-ml-2\/#primaryimage"},"image":{"@id":"https:\/\/paracherkaoui.ma\/index.php\/produit\/dermacare-dermawhite-soin-depigmentant-30-ml-2\/#primaryimage"},"thumbnailUrl":"https:\/\/paracherkaoui.ma\/wp-content\/uploads\/2025\/12\/dermacare-dermacare-dermawhite-soin-depigmentant-30-ml-soins-anti-imperfections.jpg","datePublished":"2025-12-12T17:26:51+00:00","dateModified":"2025-12-12T17:26:55+00:00","breadcrumb":{"@id":"https:\/\/paracherkaoui.ma\/index.php\/produit\/dermacare-dermawhite-soin-depigmentant-30-ml-2\/#breadcrumb"},"inLanguage":"fr-FR","potentialAction":[{"@type":"ReadAction","target":["https:\/\/paracherkaoui.ma\/index.php\/produit\/dermacare-dermawhite-soin-depigmentant-30-ml-2\/"]}]},{"@type":"ImageObject","inLanguage":"fr-FR","@id":"https:\/\/paracherkaoui.ma\/index.php\/produit\/dermacare-dermawhite-soin-depigmentant-30-ml-2\/#primaryimage","url":"https:\/\/paracherkaoui.ma\/wp-content\/uploads\/2025\/12\/dermacare-dermacare-dermawhite-soin-depigmentant-30-ml-soins-anti-imperfections.jpg","contentUrl":"https:\/\/paracherkaoui.ma\/wp-content\/uploads\/2025\/12\/dermacare-dermacare-dermawhite-soin-depigmentant-30-ml-soins-anti-imperfections.jpg","width":700,"height":700},{"@type":"BreadcrumbList","@id":"https:\/\/paracherkaoui.ma\/index.php\/produit\/dermacare-dermawhite-soin-depigmentant-30-ml-2\/#breadcrumb","itemListElement":[{"@type":"ListItem","position":1,"name":"Accueil","item":"https:\/\/paracherkaoui.ma\/"},{"@type":"ListItem","position":2,"name":"Boutique","item":"https:\/\/paracherkaoui.ma\/index.php\/boutique\/"},{"@type":"ListItem","position":3,"name":"DERMACARE DERMAWHITE SOIN DEPIGMENTANT 30 ML"}]},{"@type":"WebSite","@id":"https:\/\/paracherkaoui.ma\/#website","url":"https:\/\/paracherkaoui.ma\/","name":"Paracherkaoui.ma","description":"Achetez en ligne sur Paracherkaoui.ma","potentialAction":[{"@type":"SearchAction","target":{"@type":"EntryPoint","urlTemplate":"https:\/\/paracherkaoui.ma\/?s={search_term_string}"},"query-input":{"@type":"PropertyValueSpecification","valueRequired":true,"valueName":"search_term_string"}}],"inLanguage":"fr-FR"}]}},"_links":{"self":[{"href":"https:\/\/paracherkaoui.ma\/index.php\/wp-json\/wp\/v2\/product\/27436","targetHints":{"allow":["GET"]}}],"collection":[{"href":"https:\/\/paracherkaoui.ma\/index.php\/wp-json\/wp\/v2\/product"}],"about":[{"href":"https:\/\/paracherkaoui.ma\/index.php\/wp-json\/wp\/v2\/types\/product"}],"replies":[{"embeddable":true,"href":"https:\/\/paracherkaoui.ma\/index.php\/wp-json\/wp\/v2\/comments?post=27436"}],"version-history":[{"count":1,"href":"https:\/\/paracherkaoui.ma\/index.php\/wp-json\/wp\/v2\/product\/27436\/revisions"}],"predecessor-version":[{"id":27486,"href":"https:\/\/paracherkaoui.ma\/index.php\/wp-json\/wp\/v2\/product\/27436\/revisions\/27486"}],"wp:featuredmedia":[{"embeddable":true,"href":"https:\/\/paracherkaoui.ma\/index.php\/wp-json\/wp\/v2\/media\/25506"}],"wp:attachment":[{"href":"https:\/\/paracherkaoui.ma\/index.php\/wp-json\/wp\/v2\/media?parent=27436"}],"wp:term":[{"taxonomy":"product_brand","embeddable":true,"href":"https:\/\/paracherkaoui.ma\/index.php\/wp-json\/wp\/v2\/product_brand?post=27436"},{"taxonomy":"product_cat","embeddable":true,"href":"https:\/\/paracherkaoui.ma\/index.php\/wp-json\/wp\/v2\/product_cat?post=27436"},{"taxonomy":"product_tag","embeddable":true,"href":"https:\/\/paracherkaoui.ma\/index.php\/wp-json\/wp\/v2\/product_tag?post=27436"}],"curies":[{"name":"wp","href":"https:\/\/api.w.org\/{rel}","templated":true}]}}