{"id":27435,"date":"2025-12-12T18:26:51","date_gmt":"2025-12-12T17:26:51","guid":{"rendered":"https:\/\/test.ecbeaute.com\/?post_type=product&#038;p=27435"},"modified":"2025-12-12T18:26:55","modified_gmt":"2025-12-12T17:26:55","slug":"cattier-soin-de-jour-nourrissant-50-ml","status":"publish","type":"product","link":"https:\/\/paracherkaoui.ma\/index.php\/produit\/cattier-soin-de-jour-nourrissant-50-ml\/","title":{"rendered":"CATTIER SOIN DE JOUR NOURRISSANT 50 ML"},"content":{"rendered":"<p>Formul\u00e9 sans parfum, le soin de jour nourrissant Secret Botanique Cattier est id\u00e9al pour hydrater au quotidien et nourrir les peaux s\u00e8ches et sensibles. Associ\u00e9 \u00e0 l\u2019huile de jojoba bio, aux propri\u00e9t\u00e9s r\u00e9\u00e9quilibrantes et protectrices, l\u2019extrait de tournesol bio, agit comme antioxydant, nourrit et adoucit l\u2019\u00e9piderme. Des phospholipides, actifs hydratants et r\u00e9g\u00e9n\u00e9rants en parfaite affinit\u00e9 avec la peau, renforcent la barri\u00e8re cutan\u00e9e et r\u00e9pondent tout au long de la journ\u00e9e au besoin d&rsquo;hydratation de l&rsquo;\u00e9piderme. V\u00e9ritable tr\u00e9sor de beaut\u00e9, la rose bio tonifie, rafra\u00eechit et apaise la peau.<br \/>\nContenance: 50 ml<br \/>\nAppuyer lentement sur la pompe pour d\u00e9livrer la dose optimale de soin. Faire p\u00e9n\u00e9trer le Soin de jour Secret Botanique Cattier sur l\u2019ensemble du visage, le cou et le d\u00e9collet\u00e9 pr\u00e9alablement nettoy\u00e9s. Appliquer quotidiennement pour une peau souple, douce et parfaitement hydrat\u00e9e.<\/p>\n","protected":false},"excerpt":{"rendered":"<p>Formul\u00e9 sans parfum, le soin de jour nourrissant Secret Botanique Cattier est id\u00e9al pour hydrater au quotidien et nourrir les<\/p>\n","protected":false},"featured_media":27484,"comment_status":"open","ping_status":"closed","template":"","meta":[],"product_brand":[187],"product_cat":[525],"product_tag":[],"class_list":{"0":"post-27435","1":"product","2":"type-product","3":"status-publish","4":"has-post-thumbnail","6":"product_brand-cattier","7":"product_cat-cremes-jour","9":"first","10":"instock","11":"shipping-taxable","12":"purchasable","13":"product-type-simple"},"yoast_head":"<!-- This site is optimized with the Yoast SEO plugin v26.6 - https:\/\/yoast.com\/wordpress\/plugins\/seo\/ -->\r\n<title>CATTIER SOIN DE JOUR NOURRISSANT 50 ML - Paracherkaoui.ma<\/title>\r\n<meta name=\"robots\" content=\"index, follow, max-snippet:-1, max-image-preview:large, max-video-preview:-1\" \/>\r\n<link rel=\"canonical\" href=\"https:\/\/paracherkaoui.ma\/index.php\/produit\/cattier-soin-de-jour-nourrissant-50-ml\/\" \/>\r\n<meta property=\"og:locale\" content=\"fr_FR\" \/>\r\n<meta property=\"og:type\" content=\"article\" \/>\r\n<meta property=\"og:title\" content=\"CATTIER SOIN DE JOUR NOURRISSANT 50 ML - Paracherkaoui.ma\" \/>\r\n<meta property=\"og:description\" content=\"Formul\u00e9 sans parfum, le soin de jour nourrissant Secret Botanique Cattier est id\u00e9al pour hydrater au quotidien et nourrir les\" \/>\r\n<meta property=\"og:url\" content=\"https:\/\/paracherkaoui.ma\/index.php\/produit\/cattier-soin-de-jour-nourrissant-50-ml\/\" \/>\r\n<meta property=\"og:site_name\" content=\"Paracherkaoui.ma\" \/>\r\n<meta property=\"article:modified_time\" content=\"2025-12-12T17:26:55+00:00\" \/>\r\n<meta property=\"og:image\" content=\"https:\/\/paracherkaoui.ma\/wp-content\/uploads\/2025\/12\/cattier-soin-de-jour-nourrissant-50-ml.jpg\" \/>\r\n\t<meta property=\"og:image:width\" content=\"700\" \/>\r\n\t<meta property=\"og:image:height\" content=\"700\" \/>\r\n\t<meta property=\"og:image:type\" content=\"image\/jpeg\" \/>\r\n<meta name=\"twitter:card\" content=\"summary_large_image\" \/>\r\n<meta name=\"twitter:label1\" content=\"Dur\u00e9e de lecture estim\u00e9e\" \/>\n\t<meta name=\"twitter:data1\" content=\"1 minute\" \/>\r\n<script type=\"application\/ld+json\" class=\"yoast-schema-graph\">{\"@context\":\"https:\/\/schema.org\",\"@graph\":[{\"@type\":\"WebPage\",\"@id\":\"https:\/\/paracherkaoui.ma\/index.php\/produit\/cattier-soin-de-jour-nourrissant-50-ml\/\",\"url\":\"https:\/\/paracherkaoui.ma\/index.php\/produit\/cattier-soin-de-jour-nourrissant-50-ml\/\",\"name\":\"CATTIER SOIN DE JOUR NOURRISSANT 50 ML - Paracherkaoui.ma\",\"isPartOf\":{\"@id\":\"https:\/\/paracherkaoui.ma\/#website\"},\"primaryImageOfPage\":{\"@id\":\"https:\/\/paracherkaoui.ma\/index.php\/produit\/cattier-soin-de-jour-nourrissant-50-ml\/#primaryimage\"},\"image\":{\"@id\":\"https:\/\/paracherkaoui.ma\/index.php\/produit\/cattier-soin-de-jour-nourrissant-50-ml\/#primaryimage\"},\"thumbnailUrl\":\"https:\/\/paracherkaoui.ma\/wp-content\/uploads\/2025\/12\/cattier-soin-de-jour-nourrissant-50-ml.jpg\",\"datePublished\":\"2025-12-12T17:26:51+00:00\",\"dateModified\":\"2025-12-12T17:26:55+00:00\",\"breadcrumb\":{\"@id\":\"https:\/\/paracherkaoui.ma\/index.php\/produit\/cattier-soin-de-jour-nourrissant-50-ml\/#breadcrumb\"},\"inLanguage\":\"fr-FR\",\"potentialAction\":[{\"@type\":\"ReadAction\",\"target\":[\"https:\/\/paracherkaoui.ma\/index.php\/produit\/cattier-soin-de-jour-nourrissant-50-ml\/\"]}]},{\"@type\":\"ImageObject\",\"inLanguage\":\"fr-FR\",\"@id\":\"https:\/\/paracherkaoui.ma\/index.php\/produit\/cattier-soin-de-jour-nourrissant-50-ml\/#primaryimage\",\"url\":\"https:\/\/paracherkaoui.ma\/wp-content\/uploads\/2025\/12\/cattier-soin-de-jour-nourrissant-50-ml.jpg\",\"contentUrl\":\"https:\/\/paracherkaoui.ma\/wp-content\/uploads\/2025\/12\/cattier-soin-de-jour-nourrissant-50-ml.jpg\",\"width\":700,\"height\":700},{\"@type\":\"BreadcrumbList\",\"@id\":\"https:\/\/paracherkaoui.ma\/index.php\/produit\/cattier-soin-de-jour-nourrissant-50-ml\/#breadcrumb\",\"itemListElement\":[{\"@type\":\"ListItem\",\"position\":1,\"name\":\"Accueil\",\"item\":\"https:\/\/paracherkaoui.ma\/\"},{\"@type\":\"ListItem\",\"position\":2,\"name\":\"Boutique\",\"item\":\"https:\/\/paracherkaoui.ma\/index.php\/boutique\/\"},{\"@type\":\"ListItem\",\"position\":3,\"name\":\"CATTIER SOIN DE JOUR NOURRISSANT 50 ML\"}]},{\"@type\":\"WebSite\",\"@id\":\"https:\/\/paracherkaoui.ma\/#website\",\"url\":\"https:\/\/paracherkaoui.ma\/\",\"name\":\"Paracherkaoui.ma\",\"description\":\"Achetez en ligne sur Paracherkaoui.ma\",\"potentialAction\":[{\"@type\":\"SearchAction\",\"target\":{\"@type\":\"EntryPoint\",\"urlTemplate\":\"https:\/\/paracherkaoui.ma\/?s={search_term_string}\"},\"query-input\":{\"@type\":\"PropertyValueSpecification\",\"valueRequired\":true,\"valueName\":\"search_term_string\"}}],\"inLanguage\":\"fr-FR\"}]}<\/script>\r\n<!-- \/ Yoast SEO plugin. -->","yoast_head_json":{"title":"CATTIER SOIN DE JOUR NOURRISSANT 50 ML - Paracherkaoui.ma","robots":{"index":"index","follow":"follow","max-snippet":"max-snippet:-1","max-image-preview":"max-image-preview:large","max-video-preview":"max-video-preview:-1"},"canonical":"https:\/\/paracherkaoui.ma\/index.php\/produit\/cattier-soin-de-jour-nourrissant-50-ml\/","og_locale":"fr_FR","og_type":"article","og_title":"CATTIER SOIN DE JOUR NOURRISSANT 50 ML - Paracherkaoui.ma","og_description":"Formul\u00e9 sans parfum, le soin de jour nourrissant Secret Botanique Cattier est id\u00e9al pour hydrater au quotidien et nourrir les","og_url":"https:\/\/paracherkaoui.ma\/index.php\/produit\/cattier-soin-de-jour-nourrissant-50-ml\/","og_site_name":"Paracherkaoui.ma","article_modified_time":"2025-12-12T17:26:55+00:00","og_image":[{"width":700,"height":700,"url":"https:\/\/paracherkaoui.ma\/wp-content\/uploads\/2025\/12\/cattier-soin-de-jour-nourrissant-50-ml.jpg","type":"image\/jpeg"}],"twitter_card":"summary_large_image","twitter_misc":{"Dur\u00e9e de lecture estim\u00e9e":"1 minute"},"schema":{"@context":"https:\/\/schema.org","@graph":[{"@type":"WebPage","@id":"https:\/\/paracherkaoui.ma\/index.php\/produit\/cattier-soin-de-jour-nourrissant-50-ml\/","url":"https:\/\/paracherkaoui.ma\/index.php\/produit\/cattier-soin-de-jour-nourrissant-50-ml\/","name":"CATTIER SOIN DE JOUR NOURRISSANT 50 ML - Paracherkaoui.ma","isPartOf":{"@id":"https:\/\/paracherkaoui.ma\/#website"},"primaryImageOfPage":{"@id":"https:\/\/paracherkaoui.ma\/index.php\/produit\/cattier-soin-de-jour-nourrissant-50-ml\/#primaryimage"},"image":{"@id":"https:\/\/paracherkaoui.ma\/index.php\/produit\/cattier-soin-de-jour-nourrissant-50-ml\/#primaryimage"},"thumbnailUrl":"https:\/\/paracherkaoui.ma\/wp-content\/uploads\/2025\/12\/cattier-soin-de-jour-nourrissant-50-ml.jpg","datePublished":"2025-12-12T17:26:51+00:00","dateModified":"2025-12-12T17:26:55+00:00","breadcrumb":{"@id":"https:\/\/paracherkaoui.ma\/index.php\/produit\/cattier-soin-de-jour-nourrissant-50-ml\/#breadcrumb"},"inLanguage":"fr-FR","potentialAction":[{"@type":"ReadAction","target":["https:\/\/paracherkaoui.ma\/index.php\/produit\/cattier-soin-de-jour-nourrissant-50-ml\/"]}]},{"@type":"ImageObject","inLanguage":"fr-FR","@id":"https:\/\/paracherkaoui.ma\/index.php\/produit\/cattier-soin-de-jour-nourrissant-50-ml\/#primaryimage","url":"https:\/\/paracherkaoui.ma\/wp-content\/uploads\/2025\/12\/cattier-soin-de-jour-nourrissant-50-ml.jpg","contentUrl":"https:\/\/paracherkaoui.ma\/wp-content\/uploads\/2025\/12\/cattier-soin-de-jour-nourrissant-50-ml.jpg","width":700,"height":700},{"@type":"BreadcrumbList","@id":"https:\/\/paracherkaoui.ma\/index.php\/produit\/cattier-soin-de-jour-nourrissant-50-ml\/#breadcrumb","itemListElement":[{"@type":"ListItem","position":1,"name":"Accueil","item":"https:\/\/paracherkaoui.ma\/"},{"@type":"ListItem","position":2,"name":"Boutique","item":"https:\/\/paracherkaoui.ma\/index.php\/boutique\/"},{"@type":"ListItem","position":3,"name":"CATTIER SOIN DE JOUR NOURRISSANT 50 ML"}]},{"@type":"WebSite","@id":"https:\/\/paracherkaoui.ma\/#website","url":"https:\/\/paracherkaoui.ma\/","name":"Paracherkaoui.ma","description":"Achetez en ligne sur Paracherkaoui.ma","potentialAction":[{"@type":"SearchAction","target":{"@type":"EntryPoint","urlTemplate":"https:\/\/paracherkaoui.ma\/?s={search_term_string}"},"query-input":{"@type":"PropertyValueSpecification","valueRequired":true,"valueName":"search_term_string"}}],"inLanguage":"fr-FR"}]}},"_links":{"self":[{"href":"https:\/\/paracherkaoui.ma\/index.php\/wp-json\/wp\/v2\/product\/27435","targetHints":{"allow":["GET"]}}],"collection":[{"href":"https:\/\/paracherkaoui.ma\/index.php\/wp-json\/wp\/v2\/product"}],"about":[{"href":"https:\/\/paracherkaoui.ma\/index.php\/wp-json\/wp\/v2\/types\/product"}],"replies":[{"embeddable":true,"href":"https:\/\/paracherkaoui.ma\/index.php\/wp-json\/wp\/v2\/comments?post=27435"}],"version-history":[{"count":1,"href":"https:\/\/paracherkaoui.ma\/index.php\/wp-json\/wp\/v2\/product\/27435\/revisions"}],"predecessor-version":[{"id":27485,"href":"https:\/\/paracherkaoui.ma\/index.php\/wp-json\/wp\/v2\/product\/27435\/revisions\/27485"}],"wp:featuredmedia":[{"embeddable":true,"href":"https:\/\/paracherkaoui.ma\/index.php\/wp-json\/wp\/v2\/media\/27484"}],"wp:attachment":[{"href":"https:\/\/paracherkaoui.ma\/index.php\/wp-json\/wp\/v2\/media?parent=27435"}],"wp:term":[{"taxonomy":"product_brand","embeddable":true,"href":"https:\/\/paracherkaoui.ma\/index.php\/wp-json\/wp\/v2\/product_brand?post=27435"},{"taxonomy":"product_cat","embeddable":true,"href":"https:\/\/paracherkaoui.ma\/index.php\/wp-json\/wp\/v2\/product_cat?post=27435"},{"taxonomy":"product_tag","embeddable":true,"href":"https:\/\/paracherkaoui.ma\/index.php\/wp-json\/wp\/v2\/product_tag?post=27435"}],"curies":[{"name":"wp","href":"https:\/\/api.w.org\/{rel}","templated":true}]}}