{"id":27417,"date":"2025-12-12T18:26:50","date_gmt":"2025-12-12T17:26:50","guid":{"rendered":"https:\/\/test.ecbeaute.com\/?post_type=product&#038;p=27417"},"modified":"2025-12-12T18:26:52","modified_gmt":"2025-12-12T17:26:52","slug":"sensilis-supreme-renewel-detox-creme-du-jour-2","status":"publish","type":"product","link":"https:\/\/paracherkaoui.ma\/index.php\/produit\/sensilis-supreme-renewel-detox-creme-du-jour-2\/","title":{"rendered":"SENSILIS SUPREME RENEWEL DETOX CREME DU JOUR"},"content":{"rendered":"<p>Que peut faire le caviar pour votre peau ? Beaucoup. Son extrait aux actifs restructurants redonne de l\u2019\u00e9lasticit\u00e9 et de la beaut\u00e9 \u00e0 la peau. C\u2019est pourquoi nous l\u2019utilisons dans ce traitement qui renouvelle les structures cutan\u00e9es et att\u00e9nue efficacement les rides.<br \/>\nConseils d&rsquo;utilisation:<br \/>\nAppliquer depuis la moiti\u00e9 du visage jusqu\u2019au menton, de l\u2019int\u00e9rieur vers l\u2019ext\u00e9rieur, par de petits massages.Appliquer ensuite une petite quantit\u00e9 sur le front et l\u2019\u00e9taler de bas en haut. Mettre du produit sur le cou. \u00c9taler la cr\u00e8me sur l\u2019ensemble du cou en r\u00e9alisant des mouvements de bas en haut.<\/p>\n","protected":false},"excerpt":{"rendered":"<p>Que peut faire le caviar pour votre peau ? Beaucoup. Son extrait aux actifs restructurants redonne de l\u2019\u00e9lasticit\u00e9 et de<\/p>\n","protected":false},"featured_media":24054,"comment_status":"open","ping_status":"closed","template":"","meta":[],"product_brand":[425],"product_cat":[525],"product_tag":[],"class_list":{"0":"post-27417","1":"product","2":"type-product","3":"status-publish","4":"has-post-thumbnail","6":"product_brand-sensilis","7":"product_cat-cremes-jour","9":"first","10":"instock","11":"sale","12":"shipping-taxable","13":"purchasable","14":"product-type-simple"},"yoast_head":"<!-- This site is optimized with the Yoast SEO plugin v26.6 - https:\/\/yoast.com\/wordpress\/plugins\/seo\/ -->\r\n<title>SENSILIS SUPREME RENEWEL DETOX CREME DU JOUR - Paracherkaoui.ma<\/title>\r\n<meta name=\"robots\" content=\"index, follow, max-snippet:-1, max-image-preview:large, max-video-preview:-1\" \/>\r\n<link rel=\"canonical\" href=\"https:\/\/paracherkaoui.ma\/index.php\/produit\/sensilis-supreme-renewel-detox-creme-du-jour-2\/\" \/>\r\n<meta property=\"og:locale\" content=\"fr_FR\" \/>\r\n<meta property=\"og:type\" content=\"article\" \/>\r\n<meta property=\"og:title\" content=\"SENSILIS SUPREME RENEWEL DETOX CREME DU JOUR - Paracherkaoui.ma\" \/>\r\n<meta property=\"og:description\" content=\"Que peut faire le caviar pour votre peau ? Beaucoup. Son extrait aux actifs restructurants redonne de l\u2019\u00e9lasticit\u00e9 et de\" \/>\r\n<meta property=\"og:url\" content=\"https:\/\/paracherkaoui.ma\/index.php\/produit\/sensilis-supreme-renewel-detox-creme-du-jour-2\/\" \/>\r\n<meta property=\"og:site_name\" content=\"Paracherkaoui.ma\" \/>\r\n<meta property=\"article:modified_time\" content=\"2025-12-12T17:26:52+00:00\" \/>\r\n<meta property=\"og:image\" content=\"https:\/\/paracherkaoui.ma\/wp-content\/uploads\/2025\/12\/sensilis-supreme-renewel-detox-creme-du-jour.jpg\" \/>\r\n\t<meta property=\"og:image:width\" content=\"700\" \/>\r\n\t<meta property=\"og:image:height\" content=\"700\" \/>\r\n\t<meta property=\"og:image:type\" content=\"image\/jpeg\" \/>\r\n<meta name=\"twitter:card\" content=\"summary_large_image\" \/>\r\n<meta name=\"twitter:label1\" content=\"Dur\u00e9e de lecture estim\u00e9e\" \/>\n\t<meta name=\"twitter:data1\" content=\"1 minute\" \/>\r\n<script type=\"application\/ld+json\" class=\"yoast-schema-graph\">{\"@context\":\"https:\/\/schema.org\",\"@graph\":[{\"@type\":\"WebPage\",\"@id\":\"https:\/\/paracherkaoui.ma\/index.php\/produit\/sensilis-supreme-renewel-detox-creme-du-jour-2\/\",\"url\":\"https:\/\/paracherkaoui.ma\/index.php\/produit\/sensilis-supreme-renewel-detox-creme-du-jour-2\/\",\"name\":\"SENSILIS SUPREME RENEWEL DETOX CREME DU JOUR - Paracherkaoui.ma\",\"isPartOf\":{\"@id\":\"https:\/\/paracherkaoui.ma\/#website\"},\"primaryImageOfPage\":{\"@id\":\"https:\/\/paracherkaoui.ma\/index.php\/produit\/sensilis-supreme-renewel-detox-creme-du-jour-2\/#primaryimage\"},\"image\":{\"@id\":\"https:\/\/paracherkaoui.ma\/index.php\/produit\/sensilis-supreme-renewel-detox-creme-du-jour-2\/#primaryimage\"},\"thumbnailUrl\":\"https:\/\/paracherkaoui.ma\/wp-content\/uploads\/2025\/12\/sensilis-supreme-renewel-detox-creme-du-jour.jpg\",\"datePublished\":\"2025-12-12T17:26:50+00:00\",\"dateModified\":\"2025-12-12T17:26:52+00:00\",\"breadcrumb\":{\"@id\":\"https:\/\/paracherkaoui.ma\/index.php\/produit\/sensilis-supreme-renewel-detox-creme-du-jour-2\/#breadcrumb\"},\"inLanguage\":\"fr-FR\",\"potentialAction\":[{\"@type\":\"ReadAction\",\"target\":[\"https:\/\/paracherkaoui.ma\/index.php\/produit\/sensilis-supreme-renewel-detox-creme-du-jour-2\/\"]}]},{\"@type\":\"ImageObject\",\"inLanguage\":\"fr-FR\",\"@id\":\"https:\/\/paracherkaoui.ma\/index.php\/produit\/sensilis-supreme-renewel-detox-creme-du-jour-2\/#primaryimage\",\"url\":\"https:\/\/paracherkaoui.ma\/wp-content\/uploads\/2025\/12\/sensilis-supreme-renewel-detox-creme-du-jour.jpg\",\"contentUrl\":\"https:\/\/paracherkaoui.ma\/wp-content\/uploads\/2025\/12\/sensilis-supreme-renewel-detox-creme-du-jour.jpg\",\"width\":700,\"height\":700},{\"@type\":\"BreadcrumbList\",\"@id\":\"https:\/\/paracherkaoui.ma\/index.php\/produit\/sensilis-supreme-renewel-detox-creme-du-jour-2\/#breadcrumb\",\"itemListElement\":[{\"@type\":\"ListItem\",\"position\":1,\"name\":\"Accueil\",\"item\":\"https:\/\/paracherkaoui.ma\/\"},{\"@type\":\"ListItem\",\"position\":2,\"name\":\"Boutique\",\"item\":\"https:\/\/paracherkaoui.ma\/index.php\/boutique\/\"},{\"@type\":\"ListItem\",\"position\":3,\"name\":\"SENSILIS SUPREME RENEWEL DETOX CREME DU JOUR\"}]},{\"@type\":\"WebSite\",\"@id\":\"https:\/\/paracherkaoui.ma\/#website\",\"url\":\"https:\/\/paracherkaoui.ma\/\",\"name\":\"Paracherkaoui.ma\",\"description\":\"Achetez en ligne sur Paracherkaoui.ma\",\"potentialAction\":[{\"@type\":\"SearchAction\",\"target\":{\"@type\":\"EntryPoint\",\"urlTemplate\":\"https:\/\/paracherkaoui.ma\/?s={search_term_string}\"},\"query-input\":{\"@type\":\"PropertyValueSpecification\",\"valueRequired\":true,\"valueName\":\"search_term_string\"}}],\"inLanguage\":\"fr-FR\"}]}<\/script>\r\n<!-- \/ Yoast SEO plugin. -->","yoast_head_json":{"title":"SENSILIS SUPREME RENEWEL DETOX CREME DU JOUR - Paracherkaoui.ma","robots":{"index":"index","follow":"follow","max-snippet":"max-snippet:-1","max-image-preview":"max-image-preview:large","max-video-preview":"max-video-preview:-1"},"canonical":"https:\/\/paracherkaoui.ma\/index.php\/produit\/sensilis-supreme-renewel-detox-creme-du-jour-2\/","og_locale":"fr_FR","og_type":"article","og_title":"SENSILIS SUPREME RENEWEL DETOX CREME DU JOUR - Paracherkaoui.ma","og_description":"Que peut faire le caviar pour votre peau ? Beaucoup. Son extrait aux actifs restructurants redonne de l\u2019\u00e9lasticit\u00e9 et de","og_url":"https:\/\/paracherkaoui.ma\/index.php\/produit\/sensilis-supreme-renewel-detox-creme-du-jour-2\/","og_site_name":"Paracherkaoui.ma","article_modified_time":"2025-12-12T17:26:52+00:00","og_image":[{"width":700,"height":700,"url":"https:\/\/paracherkaoui.ma\/wp-content\/uploads\/2025\/12\/sensilis-supreme-renewel-detox-creme-du-jour.jpg","type":"image\/jpeg"}],"twitter_card":"summary_large_image","twitter_misc":{"Dur\u00e9e de lecture estim\u00e9e":"1 minute"},"schema":{"@context":"https:\/\/schema.org","@graph":[{"@type":"WebPage","@id":"https:\/\/paracherkaoui.ma\/index.php\/produit\/sensilis-supreme-renewel-detox-creme-du-jour-2\/","url":"https:\/\/paracherkaoui.ma\/index.php\/produit\/sensilis-supreme-renewel-detox-creme-du-jour-2\/","name":"SENSILIS SUPREME RENEWEL DETOX CREME DU JOUR - Paracherkaoui.ma","isPartOf":{"@id":"https:\/\/paracherkaoui.ma\/#website"},"primaryImageOfPage":{"@id":"https:\/\/paracherkaoui.ma\/index.php\/produit\/sensilis-supreme-renewel-detox-creme-du-jour-2\/#primaryimage"},"image":{"@id":"https:\/\/paracherkaoui.ma\/index.php\/produit\/sensilis-supreme-renewel-detox-creme-du-jour-2\/#primaryimage"},"thumbnailUrl":"https:\/\/paracherkaoui.ma\/wp-content\/uploads\/2025\/12\/sensilis-supreme-renewel-detox-creme-du-jour.jpg","datePublished":"2025-12-12T17:26:50+00:00","dateModified":"2025-12-12T17:26:52+00:00","breadcrumb":{"@id":"https:\/\/paracherkaoui.ma\/index.php\/produit\/sensilis-supreme-renewel-detox-creme-du-jour-2\/#breadcrumb"},"inLanguage":"fr-FR","potentialAction":[{"@type":"ReadAction","target":["https:\/\/paracherkaoui.ma\/index.php\/produit\/sensilis-supreme-renewel-detox-creme-du-jour-2\/"]}]},{"@type":"ImageObject","inLanguage":"fr-FR","@id":"https:\/\/paracherkaoui.ma\/index.php\/produit\/sensilis-supreme-renewel-detox-creme-du-jour-2\/#primaryimage","url":"https:\/\/paracherkaoui.ma\/wp-content\/uploads\/2025\/12\/sensilis-supreme-renewel-detox-creme-du-jour.jpg","contentUrl":"https:\/\/paracherkaoui.ma\/wp-content\/uploads\/2025\/12\/sensilis-supreme-renewel-detox-creme-du-jour.jpg","width":700,"height":700},{"@type":"BreadcrumbList","@id":"https:\/\/paracherkaoui.ma\/index.php\/produit\/sensilis-supreme-renewel-detox-creme-du-jour-2\/#breadcrumb","itemListElement":[{"@type":"ListItem","position":1,"name":"Accueil","item":"https:\/\/paracherkaoui.ma\/"},{"@type":"ListItem","position":2,"name":"Boutique","item":"https:\/\/paracherkaoui.ma\/index.php\/boutique\/"},{"@type":"ListItem","position":3,"name":"SENSILIS SUPREME RENEWEL DETOX CREME DU JOUR"}]},{"@type":"WebSite","@id":"https:\/\/paracherkaoui.ma\/#website","url":"https:\/\/paracherkaoui.ma\/","name":"Paracherkaoui.ma","description":"Achetez en ligne sur Paracherkaoui.ma","potentialAction":[{"@type":"SearchAction","target":{"@type":"EntryPoint","urlTemplate":"https:\/\/paracherkaoui.ma\/?s={search_term_string}"},"query-input":{"@type":"PropertyValueSpecification","valueRequired":true,"valueName":"search_term_string"}}],"inLanguage":"fr-FR"}]}},"_links":{"self":[{"href":"https:\/\/paracherkaoui.ma\/index.php\/wp-json\/wp\/v2\/product\/27417","targetHints":{"allow":["GET"]}}],"collection":[{"href":"https:\/\/paracherkaoui.ma\/index.php\/wp-json\/wp\/v2\/product"}],"about":[{"href":"https:\/\/paracherkaoui.ma\/index.php\/wp-json\/wp\/v2\/types\/product"}],"replies":[{"embeddable":true,"href":"https:\/\/paracherkaoui.ma\/index.php\/wp-json\/wp\/v2\/comments?post=27417"}],"version-history":[{"count":1,"href":"https:\/\/paracherkaoui.ma\/index.php\/wp-json\/wp\/v2\/product\/27417\/revisions"}],"predecessor-version":[{"id":27452,"href":"https:\/\/paracherkaoui.ma\/index.php\/wp-json\/wp\/v2\/product\/27417\/revisions\/27452"}],"wp:featuredmedia":[{"embeddable":true,"href":"https:\/\/paracherkaoui.ma\/index.php\/wp-json\/wp\/v2\/media\/24054"}],"wp:attachment":[{"href":"https:\/\/paracherkaoui.ma\/index.php\/wp-json\/wp\/v2\/media?parent=27417"}],"wp:term":[{"taxonomy":"product_brand","embeddable":true,"href":"https:\/\/paracherkaoui.ma\/index.php\/wp-json\/wp\/v2\/product_brand?post=27417"},{"taxonomy":"product_cat","embeddable":true,"href":"https:\/\/paracherkaoui.ma\/index.php\/wp-json\/wp\/v2\/product_cat?post=27417"},{"taxonomy":"product_tag","embeddable":true,"href":"https:\/\/paracherkaoui.ma\/index.php\/wp-json\/wp\/v2\/product_tag?post=27417"}],"curies":[{"name":"wp","href":"https:\/\/api.w.org\/{rel}","templated":true}]}}