{"id":27415,"date":"2025-12-12T18:26:50","date_gmt":"2025-12-12T17:26:50","guid":{"rendered":"https:\/\/test.ecbeaute.com\/?post_type=product&#038;p=27415"},"modified":"2025-12-12T18:26:52","modified_gmt":"2025-12-12T17:26:52","slug":"skinor-delice-du-ciel-creme-de-jour-50-ml","status":"publish","type":"product","link":"https:\/\/paracherkaoui.ma\/index.php\/produit\/skinor-delice-du-ciel-creme-de-jour-50-ml\/","title":{"rendered":"SKINOR DELICE DU CIEL CREME DE JOUR 50 ML"},"content":{"rendered":"<p>La cr\u00e8me de jour anti-\u00e2ge compos\u00e9e d\u2019huile d\u2019argan 100 % naturelle, avec un facteur de protection SPF 15, a non seulement une concentration et une polarisation d\u2019argan, mais \u00e9galement des agents actifs 100 % naturels pour tous les types de peau.<br \/>\nCette cr\u00e8me est \u00e9tonnante car, test\u00e9e, elle a donn\u00e9 des r\u00e9sultats extraordinaires, en plus de t\u00e9moignages poignants d\u2019utilisatrices consciencieuses et avis\u00e9es qui rappellent la n\u00e9cessit\u00e9 d\u2019utiliser cette cr\u00e8me soyeuse et p\u00e9n\u00e9trante qui contient des ingr\u00e9dients actifs forts et un ar\u00f4me surprenant car totalement naturel et pur.<br \/>\nTout ce que les femmes d\u00e9couvrent dans cette cr\u00e8me de jour r\u00e9pond \u00e0 leurs attentes et comble leurs esp\u00e9rances les plus belles.<\/p>\n","protected":false},"excerpt":{"rendered":"<p>La cr\u00e8me de jour anti-\u00e2ge compos\u00e9e d\u2019huile d\u2019argan 100 % naturelle, avec un facteur de protection SPF 15, a non<\/p>\n","protected":false},"featured_media":27448,"comment_status":"open","ping_status":"closed","template":"","meta":[],"product_brand":[213],"product_cat":[525],"product_tag":[],"class_list":{"0":"post-27415","1":"product","2":"type-product","3":"status-publish","4":"has-post-thumbnail","6":"product_brand-skinor","7":"product_cat-cremes-jour","9":"first","10":"instock","11":"sale","12":"shipping-taxable","13":"purchasable","14":"product-type-simple"},"yoast_head":"<!-- This site is optimized with the Yoast SEO plugin v26.6 - https:\/\/yoast.com\/wordpress\/plugins\/seo\/ -->\r\n<title>SKINOR DELICE DU CIEL CREME DE JOUR 50 ML - Paracherkaoui.ma<\/title>\r\n<meta name=\"robots\" content=\"index, follow, max-snippet:-1, max-image-preview:large, max-video-preview:-1\" \/>\r\n<link rel=\"canonical\" href=\"https:\/\/paracherkaoui.ma\/index.php\/produit\/skinor-delice-du-ciel-creme-de-jour-50-ml\/\" \/>\r\n<meta property=\"og:locale\" content=\"fr_FR\" \/>\r\n<meta property=\"og:type\" content=\"article\" \/>\r\n<meta property=\"og:title\" content=\"SKINOR DELICE DU CIEL CREME DE JOUR 50 ML - Paracherkaoui.ma\" \/>\r\n<meta property=\"og:description\" content=\"La cr\u00e8me de jour anti-\u00e2ge compos\u00e9e d\u2019huile d\u2019argan 100 % naturelle, avec un facteur de protection SPF 15, a non\" \/>\r\n<meta property=\"og:url\" content=\"https:\/\/paracherkaoui.ma\/index.php\/produit\/skinor-delice-du-ciel-creme-de-jour-50-ml\/\" \/>\r\n<meta property=\"og:site_name\" content=\"Paracherkaoui.ma\" \/>\r\n<meta property=\"article:modified_time\" content=\"2025-12-12T17:26:52+00:00\" \/>\r\n<meta property=\"og:image\" content=\"https:\/\/paracherkaoui.ma\/wp-content\/uploads\/2025\/12\/skinor-skinor-delice-du-ciel-creme-de-jour-50-ml-cremes-jour.jpg\" \/>\r\n\t<meta property=\"og:image:width\" content=\"700\" \/>\r\n\t<meta property=\"og:image:height\" content=\"700\" \/>\r\n\t<meta property=\"og:image:type\" content=\"image\/jpeg\" \/>\r\n<meta name=\"twitter:card\" content=\"summary_large_image\" \/>\r\n<meta name=\"twitter:label1\" content=\"Dur\u00e9e de lecture estim\u00e9e\" \/>\n\t<meta name=\"twitter:data1\" content=\"1 minute\" \/>\r\n<script type=\"application\/ld+json\" class=\"yoast-schema-graph\">{\"@context\":\"https:\/\/schema.org\",\"@graph\":[{\"@type\":\"WebPage\",\"@id\":\"https:\/\/paracherkaoui.ma\/index.php\/produit\/skinor-delice-du-ciel-creme-de-jour-50-ml\/\",\"url\":\"https:\/\/paracherkaoui.ma\/index.php\/produit\/skinor-delice-du-ciel-creme-de-jour-50-ml\/\",\"name\":\"SKINOR DELICE DU CIEL CREME DE JOUR 50 ML - Paracherkaoui.ma\",\"isPartOf\":{\"@id\":\"https:\/\/paracherkaoui.ma\/#website\"},\"primaryImageOfPage\":{\"@id\":\"https:\/\/paracherkaoui.ma\/index.php\/produit\/skinor-delice-du-ciel-creme-de-jour-50-ml\/#primaryimage\"},\"image\":{\"@id\":\"https:\/\/paracherkaoui.ma\/index.php\/produit\/skinor-delice-du-ciel-creme-de-jour-50-ml\/#primaryimage\"},\"thumbnailUrl\":\"https:\/\/paracherkaoui.ma\/wp-content\/uploads\/2025\/12\/skinor-skinor-delice-du-ciel-creme-de-jour-50-ml-cremes-jour.jpg\",\"datePublished\":\"2025-12-12T17:26:50+00:00\",\"dateModified\":\"2025-12-12T17:26:52+00:00\",\"breadcrumb\":{\"@id\":\"https:\/\/paracherkaoui.ma\/index.php\/produit\/skinor-delice-du-ciel-creme-de-jour-50-ml\/#breadcrumb\"},\"inLanguage\":\"fr-FR\",\"potentialAction\":[{\"@type\":\"ReadAction\",\"target\":[\"https:\/\/paracherkaoui.ma\/index.php\/produit\/skinor-delice-du-ciel-creme-de-jour-50-ml\/\"]}]},{\"@type\":\"ImageObject\",\"inLanguage\":\"fr-FR\",\"@id\":\"https:\/\/paracherkaoui.ma\/index.php\/produit\/skinor-delice-du-ciel-creme-de-jour-50-ml\/#primaryimage\",\"url\":\"https:\/\/paracherkaoui.ma\/wp-content\/uploads\/2025\/12\/skinor-skinor-delice-du-ciel-creme-de-jour-50-ml-cremes-jour.jpg\",\"contentUrl\":\"https:\/\/paracherkaoui.ma\/wp-content\/uploads\/2025\/12\/skinor-skinor-delice-du-ciel-creme-de-jour-50-ml-cremes-jour.jpg\",\"width\":700,\"height\":700},{\"@type\":\"BreadcrumbList\",\"@id\":\"https:\/\/paracherkaoui.ma\/index.php\/produit\/skinor-delice-du-ciel-creme-de-jour-50-ml\/#breadcrumb\",\"itemListElement\":[{\"@type\":\"ListItem\",\"position\":1,\"name\":\"Accueil\",\"item\":\"https:\/\/paracherkaoui.ma\/\"},{\"@type\":\"ListItem\",\"position\":2,\"name\":\"Boutique\",\"item\":\"https:\/\/paracherkaoui.ma\/index.php\/boutique\/\"},{\"@type\":\"ListItem\",\"position\":3,\"name\":\"SKINOR DELICE DU CIEL CREME DE JOUR 50 ML\"}]},{\"@type\":\"WebSite\",\"@id\":\"https:\/\/paracherkaoui.ma\/#website\",\"url\":\"https:\/\/paracherkaoui.ma\/\",\"name\":\"Paracherkaoui.ma\",\"description\":\"Achetez en ligne sur Paracherkaoui.ma\",\"potentialAction\":[{\"@type\":\"SearchAction\",\"target\":{\"@type\":\"EntryPoint\",\"urlTemplate\":\"https:\/\/paracherkaoui.ma\/?s={search_term_string}\"},\"query-input\":{\"@type\":\"PropertyValueSpecification\",\"valueRequired\":true,\"valueName\":\"search_term_string\"}}],\"inLanguage\":\"fr-FR\"}]}<\/script>\r\n<!-- \/ Yoast SEO plugin. -->","yoast_head_json":{"title":"SKINOR DELICE DU CIEL CREME DE JOUR 50 ML - Paracherkaoui.ma","robots":{"index":"index","follow":"follow","max-snippet":"max-snippet:-1","max-image-preview":"max-image-preview:large","max-video-preview":"max-video-preview:-1"},"canonical":"https:\/\/paracherkaoui.ma\/index.php\/produit\/skinor-delice-du-ciel-creme-de-jour-50-ml\/","og_locale":"fr_FR","og_type":"article","og_title":"SKINOR DELICE DU CIEL CREME DE JOUR 50 ML - Paracherkaoui.ma","og_description":"La cr\u00e8me de jour anti-\u00e2ge compos\u00e9e d\u2019huile d\u2019argan 100 % naturelle, avec un facteur de protection SPF 15, a non","og_url":"https:\/\/paracherkaoui.ma\/index.php\/produit\/skinor-delice-du-ciel-creme-de-jour-50-ml\/","og_site_name":"Paracherkaoui.ma","article_modified_time":"2025-12-12T17:26:52+00:00","og_image":[{"width":700,"height":700,"url":"https:\/\/paracherkaoui.ma\/wp-content\/uploads\/2025\/12\/skinor-skinor-delice-du-ciel-creme-de-jour-50-ml-cremes-jour.jpg","type":"image\/jpeg"}],"twitter_card":"summary_large_image","twitter_misc":{"Dur\u00e9e de lecture estim\u00e9e":"1 minute"},"schema":{"@context":"https:\/\/schema.org","@graph":[{"@type":"WebPage","@id":"https:\/\/paracherkaoui.ma\/index.php\/produit\/skinor-delice-du-ciel-creme-de-jour-50-ml\/","url":"https:\/\/paracherkaoui.ma\/index.php\/produit\/skinor-delice-du-ciel-creme-de-jour-50-ml\/","name":"SKINOR DELICE DU CIEL CREME DE JOUR 50 ML - Paracherkaoui.ma","isPartOf":{"@id":"https:\/\/paracherkaoui.ma\/#website"},"primaryImageOfPage":{"@id":"https:\/\/paracherkaoui.ma\/index.php\/produit\/skinor-delice-du-ciel-creme-de-jour-50-ml\/#primaryimage"},"image":{"@id":"https:\/\/paracherkaoui.ma\/index.php\/produit\/skinor-delice-du-ciel-creme-de-jour-50-ml\/#primaryimage"},"thumbnailUrl":"https:\/\/paracherkaoui.ma\/wp-content\/uploads\/2025\/12\/skinor-skinor-delice-du-ciel-creme-de-jour-50-ml-cremes-jour.jpg","datePublished":"2025-12-12T17:26:50+00:00","dateModified":"2025-12-12T17:26:52+00:00","breadcrumb":{"@id":"https:\/\/paracherkaoui.ma\/index.php\/produit\/skinor-delice-du-ciel-creme-de-jour-50-ml\/#breadcrumb"},"inLanguage":"fr-FR","potentialAction":[{"@type":"ReadAction","target":["https:\/\/paracherkaoui.ma\/index.php\/produit\/skinor-delice-du-ciel-creme-de-jour-50-ml\/"]}]},{"@type":"ImageObject","inLanguage":"fr-FR","@id":"https:\/\/paracherkaoui.ma\/index.php\/produit\/skinor-delice-du-ciel-creme-de-jour-50-ml\/#primaryimage","url":"https:\/\/paracherkaoui.ma\/wp-content\/uploads\/2025\/12\/skinor-skinor-delice-du-ciel-creme-de-jour-50-ml-cremes-jour.jpg","contentUrl":"https:\/\/paracherkaoui.ma\/wp-content\/uploads\/2025\/12\/skinor-skinor-delice-du-ciel-creme-de-jour-50-ml-cremes-jour.jpg","width":700,"height":700},{"@type":"BreadcrumbList","@id":"https:\/\/paracherkaoui.ma\/index.php\/produit\/skinor-delice-du-ciel-creme-de-jour-50-ml\/#breadcrumb","itemListElement":[{"@type":"ListItem","position":1,"name":"Accueil","item":"https:\/\/paracherkaoui.ma\/"},{"@type":"ListItem","position":2,"name":"Boutique","item":"https:\/\/paracherkaoui.ma\/index.php\/boutique\/"},{"@type":"ListItem","position":3,"name":"SKINOR DELICE DU CIEL CREME DE JOUR 50 ML"}]},{"@type":"WebSite","@id":"https:\/\/paracherkaoui.ma\/#website","url":"https:\/\/paracherkaoui.ma\/","name":"Paracherkaoui.ma","description":"Achetez en ligne sur Paracherkaoui.ma","potentialAction":[{"@type":"SearchAction","target":{"@type":"EntryPoint","urlTemplate":"https:\/\/paracherkaoui.ma\/?s={search_term_string}"},"query-input":{"@type":"PropertyValueSpecification","valueRequired":true,"valueName":"search_term_string"}}],"inLanguage":"fr-FR"}]}},"_links":{"self":[{"href":"https:\/\/paracherkaoui.ma\/index.php\/wp-json\/wp\/v2\/product\/27415","targetHints":{"allow":["GET"]}}],"collection":[{"href":"https:\/\/paracherkaoui.ma\/index.php\/wp-json\/wp\/v2\/product"}],"about":[{"href":"https:\/\/paracherkaoui.ma\/index.php\/wp-json\/wp\/v2\/types\/product"}],"replies":[{"embeddable":true,"href":"https:\/\/paracherkaoui.ma\/index.php\/wp-json\/wp\/v2\/comments?post=27415"}],"version-history":[{"count":1,"href":"https:\/\/paracherkaoui.ma\/index.php\/wp-json\/wp\/v2\/product\/27415\/revisions"}],"predecessor-version":[{"id":27449,"href":"https:\/\/paracherkaoui.ma\/index.php\/wp-json\/wp\/v2\/product\/27415\/revisions\/27449"}],"wp:featuredmedia":[{"embeddable":true,"href":"https:\/\/paracherkaoui.ma\/index.php\/wp-json\/wp\/v2\/media\/27448"}],"wp:attachment":[{"href":"https:\/\/paracherkaoui.ma\/index.php\/wp-json\/wp\/v2\/media?parent=27415"}],"wp:term":[{"taxonomy":"product_brand","embeddable":true,"href":"https:\/\/paracherkaoui.ma\/index.php\/wp-json\/wp\/v2\/product_brand?post=27415"},{"taxonomy":"product_cat","embeddable":true,"href":"https:\/\/paracherkaoui.ma\/index.php\/wp-json\/wp\/v2\/product_cat?post=27415"},{"taxonomy":"product_tag","embeddable":true,"href":"https:\/\/paracherkaoui.ma\/index.php\/wp-json\/wp\/v2\/product_tag?post=27415"}],"curies":[{"name":"wp","href":"https:\/\/api.w.org\/{rel}","templated":true}]}}