{"id":27358,"date":"2025-12-12T18:26:40","date_gmt":"2025-12-12T17:26:40","guid":{"rendered":"https:\/\/test.ecbeaute.com\/?post_type=product&#038;p=27358"},"modified":"2025-12-12T18:26:49","modified_gmt":"2025-12-12T17:26:49","slug":"eptaderm-epta-spot-lait-depigmentant-intensif-100-ml-2","status":"publish","type":"product","link":"https:\/\/paracherkaoui.ma\/index.php\/produit\/eptaderm-epta-spot-lait-depigmentant-intensif-100-ml-2\/","title":{"rendered":"EPTADERM EPTA SPOT LAIT DEPIGMENTANT INTENSIF 100 ML"},"content":{"rendered":"<p>DESCRIPTIF:<br \/>\nEPTA SPOT\u00a0LAIT\u00a0D\u00e9pigmentant Intensif est un traitement sp\u00e9cifique pour les d\u00e9sordres pigmentaires du corps et du visage. Sa formule compl\u00e8te et innovante, qui combine des actifs hydratants naturels associ\u00e9s aux complexes d&rsquo;actifs d\u00e9pigmentants, a une action exfoliante et blanchissante, qui favorise l&rsquo;\u00e9limination des t\u00e2ches brunes d\u00e9j\u00e0 install\u00e9es et une action hydratante, qui nourrit la peau en profondeur.\u00a0EPTA SPOT\u00a0LAIT\u00a0D\u00e9pigmentant Intensif redonne \u00e0 votre peau souplesse, \u00e9clat et blancheur.<br \/>\nMODE D&rsquo;EMPLOI :<br \/>\nAppliquer EPTA SPOT LAIT D\u00e9pigmentant Intensif une fois par jour, le soir, et masser l\u00e9g\u00e8rement. Sa texture l\u00e9g\u00e8re et non grasse p\u00e9n\u00e8tre rapidement en donnant une sensation de confort d\u00e8s l&rsquo;application et la peau reste hydrat\u00e9e longtemps.<br \/>\nPRECAUTIONS :<br \/>\nNe pas utiliser chez l&rsquo;enfant moins de 12 ans.<\/p>\n","protected":false},"excerpt":{"rendered":"<p>DESCRIPTIF: EPTA SPOT\u00a0LAIT\u00a0D\u00e9pigmentant Intensif est un traitement sp\u00e9cifique pour les d\u00e9sordres pigmentaires du corps et du visage. Sa formule compl\u00e8te<\/p>\n","protected":false},"featured_media":25523,"comment_status":"open","ping_status":"closed","template":"","meta":[],"product_brand":[243],"product_cat":[525],"product_tag":[],"class_list":{"0":"post-27358","1":"product","2":"type-product","3":"status-publish","4":"has-post-thumbnail","6":"product_brand-eptaderm","7":"product_cat-cremes-jour","9":"first","10":"instock","11":"sale","12":"shipping-taxable","13":"purchasable","14":"product-type-simple"},"yoast_head":"<!-- This site is optimized with the Yoast SEO plugin v26.6 - https:\/\/yoast.com\/wordpress\/plugins\/seo\/ -->\r\n<title>EPTADERM EPTA SPOT LAIT DEPIGMENTANT INTENSIF 100 ML - Paracherkaoui.ma<\/title>\r\n<meta name=\"robots\" content=\"index, follow, max-snippet:-1, max-image-preview:large, max-video-preview:-1\" \/>\r\n<link rel=\"canonical\" href=\"https:\/\/paracherkaoui.ma\/index.php\/produit\/eptaderm-epta-spot-lait-depigmentant-intensif-100-ml-2\/\" \/>\r\n<meta property=\"og:locale\" content=\"fr_FR\" \/>\r\n<meta property=\"og:type\" content=\"article\" \/>\r\n<meta property=\"og:title\" content=\"EPTADERM EPTA SPOT LAIT DEPIGMENTANT INTENSIF 100 ML - Paracherkaoui.ma\" \/>\r\n<meta property=\"og:description\" content=\"DESCRIPTIF: EPTA SPOT\u00a0LAIT\u00a0D\u00e9pigmentant Intensif est un traitement sp\u00e9cifique pour les d\u00e9sordres pigmentaires du corps et du visage. Sa formule compl\u00e8te\" \/>\r\n<meta property=\"og:url\" content=\"https:\/\/paracherkaoui.ma\/index.php\/produit\/eptaderm-epta-spot-lait-depigmentant-intensif-100-ml-2\/\" \/>\r\n<meta property=\"og:site_name\" content=\"Paracherkaoui.ma\" \/>\r\n<meta property=\"article:modified_time\" content=\"2025-12-12T17:26:49+00:00\" \/>\r\n<meta property=\"og:image\" content=\"https:\/\/paracherkaoui.ma\/wp-content\/uploads\/2025\/12\/eptaderm-eptaderm-epta-spot-lait-depigmentant-intensif-100-ml-creme-depigmentantes.jpg\" \/>\r\n\t<meta property=\"og:image:width\" content=\"700\" \/>\r\n\t<meta property=\"og:image:height\" content=\"700\" \/>\r\n\t<meta property=\"og:image:type\" content=\"image\/jpeg\" \/>\r\n<meta name=\"twitter:card\" content=\"summary_large_image\" \/>\r\n<meta name=\"twitter:label1\" content=\"Dur\u00e9e de lecture estim\u00e9e\" \/>\n\t<meta name=\"twitter:data1\" content=\"1 minute\" \/>\r\n<script type=\"application\/ld+json\" class=\"yoast-schema-graph\">{\"@context\":\"https:\/\/schema.org\",\"@graph\":[{\"@type\":\"WebPage\",\"@id\":\"https:\/\/paracherkaoui.ma\/index.php\/produit\/eptaderm-epta-spot-lait-depigmentant-intensif-100-ml-2\/\",\"url\":\"https:\/\/paracherkaoui.ma\/index.php\/produit\/eptaderm-epta-spot-lait-depigmentant-intensif-100-ml-2\/\",\"name\":\"EPTADERM EPTA SPOT LAIT DEPIGMENTANT INTENSIF 100 ML - Paracherkaoui.ma\",\"isPartOf\":{\"@id\":\"https:\/\/paracherkaoui.ma\/#website\"},\"primaryImageOfPage\":{\"@id\":\"https:\/\/paracherkaoui.ma\/index.php\/produit\/eptaderm-epta-spot-lait-depigmentant-intensif-100-ml-2\/#primaryimage\"},\"image\":{\"@id\":\"https:\/\/paracherkaoui.ma\/index.php\/produit\/eptaderm-epta-spot-lait-depigmentant-intensif-100-ml-2\/#primaryimage\"},\"thumbnailUrl\":\"https:\/\/paracherkaoui.ma\/wp-content\/uploads\/2025\/12\/eptaderm-eptaderm-epta-spot-lait-depigmentant-intensif-100-ml-creme-depigmentantes.jpg\",\"datePublished\":\"2025-12-12T17:26:40+00:00\",\"dateModified\":\"2025-12-12T17:26:49+00:00\",\"breadcrumb\":{\"@id\":\"https:\/\/paracherkaoui.ma\/index.php\/produit\/eptaderm-epta-spot-lait-depigmentant-intensif-100-ml-2\/#breadcrumb\"},\"inLanguage\":\"fr-FR\",\"potentialAction\":[{\"@type\":\"ReadAction\",\"target\":[\"https:\/\/paracherkaoui.ma\/index.php\/produit\/eptaderm-epta-spot-lait-depigmentant-intensif-100-ml-2\/\"]}]},{\"@type\":\"ImageObject\",\"inLanguage\":\"fr-FR\",\"@id\":\"https:\/\/paracherkaoui.ma\/index.php\/produit\/eptaderm-epta-spot-lait-depigmentant-intensif-100-ml-2\/#primaryimage\",\"url\":\"https:\/\/paracherkaoui.ma\/wp-content\/uploads\/2025\/12\/eptaderm-eptaderm-epta-spot-lait-depigmentant-intensif-100-ml-creme-depigmentantes.jpg\",\"contentUrl\":\"https:\/\/paracherkaoui.ma\/wp-content\/uploads\/2025\/12\/eptaderm-eptaderm-epta-spot-lait-depigmentant-intensif-100-ml-creme-depigmentantes.jpg\",\"width\":700,\"height\":700},{\"@type\":\"BreadcrumbList\",\"@id\":\"https:\/\/paracherkaoui.ma\/index.php\/produit\/eptaderm-epta-spot-lait-depigmentant-intensif-100-ml-2\/#breadcrumb\",\"itemListElement\":[{\"@type\":\"ListItem\",\"position\":1,\"name\":\"Accueil\",\"item\":\"https:\/\/paracherkaoui.ma\/\"},{\"@type\":\"ListItem\",\"position\":2,\"name\":\"Boutique\",\"item\":\"https:\/\/paracherkaoui.ma\/index.php\/boutique\/\"},{\"@type\":\"ListItem\",\"position\":3,\"name\":\"EPTADERM EPTA SPOT LAIT DEPIGMENTANT INTENSIF 100 ML\"}]},{\"@type\":\"WebSite\",\"@id\":\"https:\/\/paracherkaoui.ma\/#website\",\"url\":\"https:\/\/paracherkaoui.ma\/\",\"name\":\"Paracherkaoui.ma\",\"description\":\"Achetez en ligne sur Paracherkaoui.ma\",\"potentialAction\":[{\"@type\":\"SearchAction\",\"target\":{\"@type\":\"EntryPoint\",\"urlTemplate\":\"https:\/\/paracherkaoui.ma\/?s={search_term_string}\"},\"query-input\":{\"@type\":\"PropertyValueSpecification\",\"valueRequired\":true,\"valueName\":\"search_term_string\"}}],\"inLanguage\":\"fr-FR\"}]}<\/script>\r\n<!-- \/ Yoast SEO plugin. -->","yoast_head_json":{"title":"EPTADERM EPTA SPOT LAIT DEPIGMENTANT INTENSIF 100 ML - Paracherkaoui.ma","robots":{"index":"index","follow":"follow","max-snippet":"max-snippet:-1","max-image-preview":"max-image-preview:large","max-video-preview":"max-video-preview:-1"},"canonical":"https:\/\/paracherkaoui.ma\/index.php\/produit\/eptaderm-epta-spot-lait-depigmentant-intensif-100-ml-2\/","og_locale":"fr_FR","og_type":"article","og_title":"EPTADERM EPTA SPOT LAIT DEPIGMENTANT INTENSIF 100 ML - Paracherkaoui.ma","og_description":"DESCRIPTIF: EPTA SPOT\u00a0LAIT\u00a0D\u00e9pigmentant Intensif est un traitement sp\u00e9cifique pour les d\u00e9sordres pigmentaires du corps et du visage. Sa formule compl\u00e8te","og_url":"https:\/\/paracherkaoui.ma\/index.php\/produit\/eptaderm-epta-spot-lait-depigmentant-intensif-100-ml-2\/","og_site_name":"Paracherkaoui.ma","article_modified_time":"2025-12-12T17:26:49+00:00","og_image":[{"width":700,"height":700,"url":"https:\/\/paracherkaoui.ma\/wp-content\/uploads\/2025\/12\/eptaderm-eptaderm-epta-spot-lait-depigmentant-intensif-100-ml-creme-depigmentantes.jpg","type":"image\/jpeg"}],"twitter_card":"summary_large_image","twitter_misc":{"Dur\u00e9e de lecture estim\u00e9e":"1 minute"},"schema":{"@context":"https:\/\/schema.org","@graph":[{"@type":"WebPage","@id":"https:\/\/paracherkaoui.ma\/index.php\/produit\/eptaderm-epta-spot-lait-depigmentant-intensif-100-ml-2\/","url":"https:\/\/paracherkaoui.ma\/index.php\/produit\/eptaderm-epta-spot-lait-depigmentant-intensif-100-ml-2\/","name":"EPTADERM EPTA SPOT LAIT DEPIGMENTANT INTENSIF 100 ML - Paracherkaoui.ma","isPartOf":{"@id":"https:\/\/paracherkaoui.ma\/#website"},"primaryImageOfPage":{"@id":"https:\/\/paracherkaoui.ma\/index.php\/produit\/eptaderm-epta-spot-lait-depigmentant-intensif-100-ml-2\/#primaryimage"},"image":{"@id":"https:\/\/paracherkaoui.ma\/index.php\/produit\/eptaderm-epta-spot-lait-depigmentant-intensif-100-ml-2\/#primaryimage"},"thumbnailUrl":"https:\/\/paracherkaoui.ma\/wp-content\/uploads\/2025\/12\/eptaderm-eptaderm-epta-spot-lait-depigmentant-intensif-100-ml-creme-depigmentantes.jpg","datePublished":"2025-12-12T17:26:40+00:00","dateModified":"2025-12-12T17:26:49+00:00","breadcrumb":{"@id":"https:\/\/paracherkaoui.ma\/index.php\/produit\/eptaderm-epta-spot-lait-depigmentant-intensif-100-ml-2\/#breadcrumb"},"inLanguage":"fr-FR","potentialAction":[{"@type":"ReadAction","target":["https:\/\/paracherkaoui.ma\/index.php\/produit\/eptaderm-epta-spot-lait-depigmentant-intensif-100-ml-2\/"]}]},{"@type":"ImageObject","inLanguage":"fr-FR","@id":"https:\/\/paracherkaoui.ma\/index.php\/produit\/eptaderm-epta-spot-lait-depigmentant-intensif-100-ml-2\/#primaryimage","url":"https:\/\/paracherkaoui.ma\/wp-content\/uploads\/2025\/12\/eptaderm-eptaderm-epta-spot-lait-depigmentant-intensif-100-ml-creme-depigmentantes.jpg","contentUrl":"https:\/\/paracherkaoui.ma\/wp-content\/uploads\/2025\/12\/eptaderm-eptaderm-epta-spot-lait-depigmentant-intensif-100-ml-creme-depigmentantes.jpg","width":700,"height":700},{"@type":"BreadcrumbList","@id":"https:\/\/paracherkaoui.ma\/index.php\/produit\/eptaderm-epta-spot-lait-depigmentant-intensif-100-ml-2\/#breadcrumb","itemListElement":[{"@type":"ListItem","position":1,"name":"Accueil","item":"https:\/\/paracherkaoui.ma\/"},{"@type":"ListItem","position":2,"name":"Boutique","item":"https:\/\/paracherkaoui.ma\/index.php\/boutique\/"},{"@type":"ListItem","position":3,"name":"EPTADERM EPTA SPOT LAIT DEPIGMENTANT INTENSIF 100 ML"}]},{"@type":"WebSite","@id":"https:\/\/paracherkaoui.ma\/#website","url":"https:\/\/paracherkaoui.ma\/","name":"Paracherkaoui.ma","description":"Achetez en ligne sur Paracherkaoui.ma","potentialAction":[{"@type":"SearchAction","target":{"@type":"EntryPoint","urlTemplate":"https:\/\/paracherkaoui.ma\/?s={search_term_string}"},"query-input":{"@type":"PropertyValueSpecification","valueRequired":true,"valueName":"search_term_string"}}],"inLanguage":"fr-FR"}]}},"_links":{"self":[{"href":"https:\/\/paracherkaoui.ma\/index.php\/wp-json\/wp\/v2\/product\/27358","targetHints":{"allow":["GET"]}}],"collection":[{"href":"https:\/\/paracherkaoui.ma\/index.php\/wp-json\/wp\/v2\/product"}],"about":[{"href":"https:\/\/paracherkaoui.ma\/index.php\/wp-json\/wp\/v2\/types\/product"}],"replies":[{"embeddable":true,"href":"https:\/\/paracherkaoui.ma\/index.php\/wp-json\/wp\/v2\/comments?post=27358"}],"version-history":[{"count":1,"href":"https:\/\/paracherkaoui.ma\/index.php\/wp-json\/wp\/v2\/product\/27358\/revisions"}],"predecessor-version":[{"id":27411,"href":"https:\/\/paracherkaoui.ma\/index.php\/wp-json\/wp\/v2\/product\/27358\/revisions\/27411"}],"wp:featuredmedia":[{"embeddable":true,"href":"https:\/\/paracherkaoui.ma\/index.php\/wp-json\/wp\/v2\/media\/25523"}],"wp:attachment":[{"href":"https:\/\/paracherkaoui.ma\/index.php\/wp-json\/wp\/v2\/media?parent=27358"}],"wp:term":[{"taxonomy":"product_brand","embeddable":true,"href":"https:\/\/paracherkaoui.ma\/index.php\/wp-json\/wp\/v2\/product_brand?post=27358"},{"taxonomy":"product_cat","embeddable":true,"href":"https:\/\/paracherkaoui.ma\/index.php\/wp-json\/wp\/v2\/product_cat?post=27358"},{"taxonomy":"product_tag","embeddable":true,"href":"https:\/\/paracherkaoui.ma\/index.php\/wp-json\/wp\/v2\/product_tag?post=27358"}],"curies":[{"name":"wp","href":"https:\/\/api.w.org\/{rel}","templated":true}]}}