{"id":27353,"date":"2025-12-12T18:26:39","date_gmt":"2025-12-12T17:26:39","guid":{"rendered":"https:\/\/test.ecbeaute.com\/?post_type=product&#038;p=27353"},"modified":"2025-12-12T18:26:48","modified_gmt":"2025-12-12T17:26:48","slug":"dermo-soin-aposeche-creme-emolliante-visage-et-corps-250-ml","status":"publish","type":"product","link":"https:\/\/paracherkaoui.ma\/index.php\/produit\/dermo-soin-aposeche-creme-emolliante-visage-et-corps-250-ml\/","title":{"rendered":"DERMO SOIN APOSECHE CREME EMOLLIANTE VISAGE ET CORPS 250 ML"},"content":{"rendered":"<p>Cr\u00e8me hydratante pour peaux s\u00e8ches et tr\u00e8s s\u00e8ches riche en actifs hydratants et surgraissants naturels.<br \/>\nIndications<br \/>\nSoin des peaux atopiques chez le nourrisson, l\u2019enfant et l\u2019adulte, pour visage et corps,<br \/>\n-Soin des peaux s\u00e8ches et peaux \u00e0 tendance ichtyosique et k\u00e9ratosique,<br \/>\n-Recommand\u00e9e apr\u00e8s certains traitements dermatologiques dess\u00e9chants.<br \/>\nConseils d\u2019utilisation<br \/>\nAppliquez Apos\u00e8che quotidiennement en massage doux de pr\u00e9f\u00e9rence apr\u00e8s toilette.<br \/>\n-Peut \u00eatre utilis\u00e9 plusieurs fois par jour si besoin.<br \/>\n-En cas de s\u00e8cheresse cutan\u00e9e s\u00e9v\u00e8re, utiliser Apos\u00e8che en couche \u00e9paisse sur les zones dess\u00e9ch\u00e9es et laisser p\u00e9n\u00e9trer pendant quelques minutes avant de s\u2019habiller.<\/p>\n","protected":false},"excerpt":{"rendered":"<p>Cr\u00e8me hydratante pour peaux s\u00e8ches et tr\u00e8s s\u00e8ches riche en actifs hydratants et surgraissants naturels. Indications Soin des peaux atopiques<\/p>\n","protected":false},"featured_media":27403,"comment_status":"open","ping_status":"closed","template":"","meta":[],"product_brand":[319],"product_cat":[525],"product_tag":[],"class_list":{"0":"post-27353","1":"product","2":"type-product","3":"status-publish","4":"has-post-thumbnail","6":"product_brand-dermo-soin","7":"product_cat-cremes-jour","9":"first","10":"instock","11":"sale","12":"shipping-taxable","13":"purchasable","14":"product-type-simple"},"yoast_head":"<!-- This site is optimized with the Yoast SEO plugin v26.6 - https:\/\/yoast.com\/wordpress\/plugins\/seo\/ -->\r\n<title>DERMO SOIN APOSECHE CREME EMOLLIANTE VISAGE ET CORPS 250 ML - Paracherkaoui.ma<\/title>\r\n<meta name=\"robots\" content=\"index, follow, max-snippet:-1, max-image-preview:large, max-video-preview:-1\" \/>\r\n<link rel=\"canonical\" href=\"https:\/\/paracherkaoui.ma\/index.php\/produit\/dermo-soin-aposeche-creme-emolliante-visage-et-corps-250-ml\/\" \/>\r\n<meta property=\"og:locale\" content=\"fr_FR\" \/>\r\n<meta property=\"og:type\" content=\"article\" \/>\r\n<meta property=\"og:title\" content=\"DERMO SOIN APOSECHE CREME EMOLLIANTE VISAGE ET CORPS 250 ML - Paracherkaoui.ma\" \/>\r\n<meta property=\"og:description\" content=\"Cr\u00e8me hydratante pour peaux s\u00e8ches et tr\u00e8s s\u00e8ches riche en actifs hydratants et surgraissants naturels. Indications Soin des peaux atopiques\" \/>\r\n<meta property=\"og:url\" content=\"https:\/\/paracherkaoui.ma\/index.php\/produit\/dermo-soin-aposeche-creme-emolliante-visage-et-corps-250-ml\/\" \/>\r\n<meta property=\"og:site_name\" content=\"Paracherkaoui.ma\" \/>\r\n<meta property=\"article:modified_time\" content=\"2025-12-12T17:26:48+00:00\" \/>\r\n<meta property=\"og:image\" content=\"https:\/\/paracherkaoui.ma\/wp-content\/uploads\/2025\/12\/dermo-soin-dermo-soin-aposeche-creme-emolliante-visage-et-corps-250-ml-cremes-jour.jpg\" \/>\r\n\t<meta property=\"og:image:width\" content=\"700\" \/>\r\n\t<meta property=\"og:image:height\" content=\"700\" \/>\r\n\t<meta property=\"og:image:type\" content=\"image\/jpeg\" \/>\r\n<meta name=\"twitter:card\" content=\"summary_large_image\" \/>\r\n<meta name=\"twitter:label1\" content=\"Dur\u00e9e de lecture estim\u00e9e\" \/>\n\t<meta name=\"twitter:data1\" content=\"1 minute\" \/>\r\n<script type=\"application\/ld+json\" class=\"yoast-schema-graph\">{\"@context\":\"https:\/\/schema.org\",\"@graph\":[{\"@type\":\"WebPage\",\"@id\":\"https:\/\/paracherkaoui.ma\/index.php\/produit\/dermo-soin-aposeche-creme-emolliante-visage-et-corps-250-ml\/\",\"url\":\"https:\/\/paracherkaoui.ma\/index.php\/produit\/dermo-soin-aposeche-creme-emolliante-visage-et-corps-250-ml\/\",\"name\":\"DERMO SOIN APOSECHE CREME EMOLLIANTE VISAGE ET CORPS 250 ML - Paracherkaoui.ma\",\"isPartOf\":{\"@id\":\"https:\/\/paracherkaoui.ma\/#website\"},\"primaryImageOfPage\":{\"@id\":\"https:\/\/paracherkaoui.ma\/index.php\/produit\/dermo-soin-aposeche-creme-emolliante-visage-et-corps-250-ml\/#primaryimage\"},\"image\":{\"@id\":\"https:\/\/paracherkaoui.ma\/index.php\/produit\/dermo-soin-aposeche-creme-emolliante-visage-et-corps-250-ml\/#primaryimage\"},\"thumbnailUrl\":\"https:\/\/paracherkaoui.ma\/wp-content\/uploads\/2025\/12\/dermo-soin-dermo-soin-aposeche-creme-emolliante-visage-et-corps-250-ml-cremes-jour.jpg\",\"datePublished\":\"2025-12-12T17:26:39+00:00\",\"dateModified\":\"2025-12-12T17:26:48+00:00\",\"breadcrumb\":{\"@id\":\"https:\/\/paracherkaoui.ma\/index.php\/produit\/dermo-soin-aposeche-creme-emolliante-visage-et-corps-250-ml\/#breadcrumb\"},\"inLanguage\":\"fr-FR\",\"potentialAction\":[{\"@type\":\"ReadAction\",\"target\":[\"https:\/\/paracherkaoui.ma\/index.php\/produit\/dermo-soin-aposeche-creme-emolliante-visage-et-corps-250-ml\/\"]}]},{\"@type\":\"ImageObject\",\"inLanguage\":\"fr-FR\",\"@id\":\"https:\/\/paracherkaoui.ma\/index.php\/produit\/dermo-soin-aposeche-creme-emolliante-visage-et-corps-250-ml\/#primaryimage\",\"url\":\"https:\/\/paracherkaoui.ma\/wp-content\/uploads\/2025\/12\/dermo-soin-dermo-soin-aposeche-creme-emolliante-visage-et-corps-250-ml-cremes-jour.jpg\",\"contentUrl\":\"https:\/\/paracherkaoui.ma\/wp-content\/uploads\/2025\/12\/dermo-soin-dermo-soin-aposeche-creme-emolliante-visage-et-corps-250-ml-cremes-jour.jpg\",\"width\":700,\"height\":700},{\"@type\":\"BreadcrumbList\",\"@id\":\"https:\/\/paracherkaoui.ma\/index.php\/produit\/dermo-soin-aposeche-creme-emolliante-visage-et-corps-250-ml\/#breadcrumb\",\"itemListElement\":[{\"@type\":\"ListItem\",\"position\":1,\"name\":\"Accueil\",\"item\":\"https:\/\/paracherkaoui.ma\/\"},{\"@type\":\"ListItem\",\"position\":2,\"name\":\"Boutique\",\"item\":\"https:\/\/paracherkaoui.ma\/index.php\/boutique\/\"},{\"@type\":\"ListItem\",\"position\":3,\"name\":\"DERMO SOIN APOSECHE CREME EMOLLIANTE VISAGE ET CORPS 250 ML\"}]},{\"@type\":\"WebSite\",\"@id\":\"https:\/\/paracherkaoui.ma\/#website\",\"url\":\"https:\/\/paracherkaoui.ma\/\",\"name\":\"Paracherkaoui.ma\",\"description\":\"Achetez en ligne sur Paracherkaoui.ma\",\"potentialAction\":[{\"@type\":\"SearchAction\",\"target\":{\"@type\":\"EntryPoint\",\"urlTemplate\":\"https:\/\/paracherkaoui.ma\/?s={search_term_string}\"},\"query-input\":{\"@type\":\"PropertyValueSpecification\",\"valueRequired\":true,\"valueName\":\"search_term_string\"}}],\"inLanguage\":\"fr-FR\"}]}<\/script>\r\n<!-- \/ Yoast SEO plugin. -->","yoast_head_json":{"title":"DERMO SOIN APOSECHE CREME EMOLLIANTE VISAGE ET CORPS 250 ML - Paracherkaoui.ma","robots":{"index":"index","follow":"follow","max-snippet":"max-snippet:-1","max-image-preview":"max-image-preview:large","max-video-preview":"max-video-preview:-1"},"canonical":"https:\/\/paracherkaoui.ma\/index.php\/produit\/dermo-soin-aposeche-creme-emolliante-visage-et-corps-250-ml\/","og_locale":"fr_FR","og_type":"article","og_title":"DERMO SOIN APOSECHE CREME EMOLLIANTE VISAGE ET CORPS 250 ML - Paracherkaoui.ma","og_description":"Cr\u00e8me hydratante pour peaux s\u00e8ches et tr\u00e8s s\u00e8ches riche en actifs hydratants et surgraissants naturels. Indications Soin des peaux atopiques","og_url":"https:\/\/paracherkaoui.ma\/index.php\/produit\/dermo-soin-aposeche-creme-emolliante-visage-et-corps-250-ml\/","og_site_name":"Paracherkaoui.ma","article_modified_time":"2025-12-12T17:26:48+00:00","og_image":[{"width":700,"height":700,"url":"https:\/\/paracherkaoui.ma\/wp-content\/uploads\/2025\/12\/dermo-soin-dermo-soin-aposeche-creme-emolliante-visage-et-corps-250-ml-cremes-jour.jpg","type":"image\/jpeg"}],"twitter_card":"summary_large_image","twitter_misc":{"Dur\u00e9e de lecture estim\u00e9e":"1 minute"},"schema":{"@context":"https:\/\/schema.org","@graph":[{"@type":"WebPage","@id":"https:\/\/paracherkaoui.ma\/index.php\/produit\/dermo-soin-aposeche-creme-emolliante-visage-et-corps-250-ml\/","url":"https:\/\/paracherkaoui.ma\/index.php\/produit\/dermo-soin-aposeche-creme-emolliante-visage-et-corps-250-ml\/","name":"DERMO SOIN APOSECHE CREME EMOLLIANTE VISAGE ET CORPS 250 ML - Paracherkaoui.ma","isPartOf":{"@id":"https:\/\/paracherkaoui.ma\/#website"},"primaryImageOfPage":{"@id":"https:\/\/paracherkaoui.ma\/index.php\/produit\/dermo-soin-aposeche-creme-emolliante-visage-et-corps-250-ml\/#primaryimage"},"image":{"@id":"https:\/\/paracherkaoui.ma\/index.php\/produit\/dermo-soin-aposeche-creme-emolliante-visage-et-corps-250-ml\/#primaryimage"},"thumbnailUrl":"https:\/\/paracherkaoui.ma\/wp-content\/uploads\/2025\/12\/dermo-soin-dermo-soin-aposeche-creme-emolliante-visage-et-corps-250-ml-cremes-jour.jpg","datePublished":"2025-12-12T17:26:39+00:00","dateModified":"2025-12-12T17:26:48+00:00","breadcrumb":{"@id":"https:\/\/paracherkaoui.ma\/index.php\/produit\/dermo-soin-aposeche-creme-emolliante-visage-et-corps-250-ml\/#breadcrumb"},"inLanguage":"fr-FR","potentialAction":[{"@type":"ReadAction","target":["https:\/\/paracherkaoui.ma\/index.php\/produit\/dermo-soin-aposeche-creme-emolliante-visage-et-corps-250-ml\/"]}]},{"@type":"ImageObject","inLanguage":"fr-FR","@id":"https:\/\/paracherkaoui.ma\/index.php\/produit\/dermo-soin-aposeche-creme-emolliante-visage-et-corps-250-ml\/#primaryimage","url":"https:\/\/paracherkaoui.ma\/wp-content\/uploads\/2025\/12\/dermo-soin-dermo-soin-aposeche-creme-emolliante-visage-et-corps-250-ml-cremes-jour.jpg","contentUrl":"https:\/\/paracherkaoui.ma\/wp-content\/uploads\/2025\/12\/dermo-soin-dermo-soin-aposeche-creme-emolliante-visage-et-corps-250-ml-cremes-jour.jpg","width":700,"height":700},{"@type":"BreadcrumbList","@id":"https:\/\/paracherkaoui.ma\/index.php\/produit\/dermo-soin-aposeche-creme-emolliante-visage-et-corps-250-ml\/#breadcrumb","itemListElement":[{"@type":"ListItem","position":1,"name":"Accueil","item":"https:\/\/paracherkaoui.ma\/"},{"@type":"ListItem","position":2,"name":"Boutique","item":"https:\/\/paracherkaoui.ma\/index.php\/boutique\/"},{"@type":"ListItem","position":3,"name":"DERMO SOIN APOSECHE CREME EMOLLIANTE VISAGE ET CORPS 250 ML"}]},{"@type":"WebSite","@id":"https:\/\/paracherkaoui.ma\/#website","url":"https:\/\/paracherkaoui.ma\/","name":"Paracherkaoui.ma","description":"Achetez en ligne sur Paracherkaoui.ma","potentialAction":[{"@type":"SearchAction","target":{"@type":"EntryPoint","urlTemplate":"https:\/\/paracherkaoui.ma\/?s={search_term_string}"},"query-input":{"@type":"PropertyValueSpecification","valueRequired":true,"valueName":"search_term_string"}}],"inLanguage":"fr-FR"}]}},"_links":{"self":[{"href":"https:\/\/paracherkaoui.ma\/index.php\/wp-json\/wp\/v2\/product\/27353","targetHints":{"allow":["GET"]}}],"collection":[{"href":"https:\/\/paracherkaoui.ma\/index.php\/wp-json\/wp\/v2\/product"}],"about":[{"href":"https:\/\/paracherkaoui.ma\/index.php\/wp-json\/wp\/v2\/types\/product"}],"replies":[{"embeddable":true,"href":"https:\/\/paracherkaoui.ma\/index.php\/wp-json\/wp\/v2\/comments?post=27353"}],"version-history":[{"count":1,"href":"https:\/\/paracherkaoui.ma\/index.php\/wp-json\/wp\/v2\/product\/27353\/revisions"}],"predecessor-version":[{"id":27404,"href":"https:\/\/paracherkaoui.ma\/index.php\/wp-json\/wp\/v2\/product\/27353\/revisions\/27404"}],"wp:featuredmedia":[{"embeddable":true,"href":"https:\/\/paracherkaoui.ma\/index.php\/wp-json\/wp\/v2\/media\/27403"}],"wp:attachment":[{"href":"https:\/\/paracherkaoui.ma\/index.php\/wp-json\/wp\/v2\/media?parent=27353"}],"wp:term":[{"taxonomy":"product_brand","embeddable":true,"href":"https:\/\/paracherkaoui.ma\/index.php\/wp-json\/wp\/v2\/product_brand?post=27353"},{"taxonomy":"product_cat","embeddable":true,"href":"https:\/\/paracherkaoui.ma\/index.php\/wp-json\/wp\/v2\/product_cat?post=27353"},{"taxonomy":"product_tag","embeddable":true,"href":"https:\/\/paracherkaoui.ma\/index.php\/wp-json\/wp\/v2\/product_tag?post=27353"}],"curies":[{"name":"wp","href":"https:\/\/api.w.org\/{rel}","templated":true}]}}