{"id":27348,"date":"2025-12-12T18:26:38","date_gmt":"2025-12-12T17:26:38","guid":{"rendered":"https:\/\/test.ecbeaute.com\/?post_type=product&#038;p=27348"},"modified":"2025-12-12T18:26:47","modified_gmt":"2025-12-12T17:26:47","slug":"lea-nature-eau-thermale-reactive-control-40-ml","status":"publish","type":"product","link":"https:\/\/paracherkaoui.ma\/index.php\/produit\/lea-nature-eau-thermale-reactive-control-40-ml\/","title":{"rendered":"LEA NATURE EAU THERMALE REACTIVE CONTROL 40 ML"},"content":{"rendered":"<p>Offrez \u00e0 votre peau l\u2019apaisement et la protection dont elle a besoin avec la Cr\u00e8me L\u00e9g\u00e8re Apaisante Reactive Control de L\u00e9a Nature. D\u00e9velopp\u00e9e sp\u00e9cifiquement pour les peaux r\u00e9actives, intol\u00e9rantes et sujettes aux allergies, elle limite les risques de r\u00e9actions cutan\u00e9es tout en hydratant intens\u00e9ment.<br \/>\nSa formule haute tol\u00e9rance, sans parfum et non com\u00e9dog\u00e8ne, est enrichie en phytosphingosine et dextrine, des actifs reconnus pour leurs propri\u00e9t\u00e9s anti-inflammatoires et r\u00e9paratrices. Gr\u00e2ce au complexe brevet\u00e9 MICROBIOME-THERMAL, qui associe l\u2019eau thermale de Jonzac apaisante et un postbiotique puissant, le Lactobacillus, cette cr\u00e8me pr\u00e9serve l\u2019\u00e9quilibre du microbiome cutan\u00e9 et renforce les d\u00e9fenses naturelles de la peau.<br \/>\nD\u00e8s l\u2019application, la peau est imm\u00e9diatement apais\u00e9e, hydrat\u00e9e et prot\u00e9g\u00e9e contre les agressions ext\u00e9rieures. Jour apr\u00e8s jour, elle retrouve force, confort et souplesse. Ce soin convient m\u00eame aux peaux les plus sensibles, y compris celles des b\u00e9b\u00e9s.<br \/>\nConseils d\u2019utilisation<br \/>\nAppliquez matin et soir sur peau propre et s\u00e8che.<br \/>\nUtilisez sur le visage et le cou, en massant d\u00e9licatement jusqu\u2019\u00e0 absorption.<br \/>\nId\u00e9ale en base de maquillage pour une peau apais\u00e9e et prot\u00e9g\u00e9e toute la journ\u00e9e.<br \/>\nComposition :<br \/>\nAQUA\/WATER\/EAU\u00a0: Eau thermale de Jonzac apaisante et eau purifi\u00e9e<br \/>\nCAPRYLIC\/CAPRIC TRIGLYCERIDE, COCO-CAPRYLATE\/CAPRATE\u00a0: \u00c9mollients permettant d&rsquo;adoucir la peau<br \/>\nGLYCERYL STEARATE CITRATE\u00a0: \u00c9mulsionnant permettant la formation du soin<br \/>\nGLYCERIN : Hydratant\u00b9<br \/>\nOCTYLDODECANOL\u00a0: \u00c9mollient permettant d&rsquo;adoucir la peau<br \/>\nPENTYLENE GLYCOL\u00a0: Humectant retenant l\u2019eau \u00e0 la surface de la peau<br \/>\nDEXTRIN\u00a0: Actif apaisant<br \/>\nHYDROGENATED COCONUT OIL\u00a0: \u00c9mollient permettant d&rsquo;adoucir la peau<br \/>\nLACTOBACILLUS FERMENT : Postbiotique reconnu pour renforcer la barri\u00e8re cutan\u00e9e<br \/>\nLAURYL LAURATE\u00a0: \u00c9mollient permettant d&rsquo;adoucir la peau<\/p>\n","protected":false},"excerpt":{"rendered":"<p>Offrez \u00e0 votre peau l\u2019apaisement et la protection dont elle a besoin avec la Cr\u00e8me L\u00e9g\u00e8re Apaisante Reactive Control de<\/p>\n","protected":false},"featured_media":27394,"comment_status":"open","ping_status":"closed","template":"","meta":[],"product_brand":[373],"product_cat":[525],"product_tag":[],"class_list":{"0":"post-27348","1":"product","2":"type-product","3":"status-publish","4":"has-post-thumbnail","6":"product_brand-lea-nature","7":"product_cat-cremes-jour","9":"first","10":"instock","11":"sale","12":"shipping-taxable","13":"purchasable","14":"product-type-simple"},"yoast_head":"<!-- This site is optimized with the Yoast SEO plugin v26.6 - https:\/\/yoast.com\/wordpress\/plugins\/seo\/ -->\r\n<title>LEA NATURE EAU THERMALE REACTIVE CONTROL 40 ML - Paracherkaoui.ma<\/title>\r\n<meta name=\"robots\" content=\"index, follow, max-snippet:-1, max-image-preview:large, max-video-preview:-1\" \/>\r\n<link rel=\"canonical\" href=\"https:\/\/paracherkaoui.ma\/index.php\/produit\/lea-nature-eau-thermale-reactive-control-40-ml\/\" \/>\r\n<meta property=\"og:locale\" content=\"fr_FR\" \/>\r\n<meta property=\"og:type\" content=\"article\" \/>\r\n<meta property=\"og:title\" content=\"LEA NATURE EAU THERMALE REACTIVE CONTROL 40 ML - Paracherkaoui.ma\" \/>\r\n<meta property=\"og:description\" content=\"Offrez \u00e0 votre peau l\u2019apaisement et la protection dont elle a besoin avec la Cr\u00e8me L\u00e9g\u00e8re Apaisante Reactive Control de\" \/>\r\n<meta property=\"og:url\" content=\"https:\/\/paracherkaoui.ma\/index.php\/produit\/lea-nature-eau-thermale-reactive-control-40-ml\/\" \/>\r\n<meta property=\"og:site_name\" content=\"Paracherkaoui.ma\" \/>\r\n<meta property=\"article:modified_time\" content=\"2025-12-12T17:26:47+00:00\" \/>\r\n<meta property=\"og:image\" content=\"https:\/\/paracherkaoui.ma\/wp-content\/uploads\/2025\/12\/lea-nature-eau-thermale-reactive-control-40-ml.jpg\" \/>\r\n\t<meta property=\"og:image:width\" content=\"700\" \/>\r\n\t<meta property=\"og:image:height\" content=\"700\" \/>\r\n\t<meta property=\"og:image:type\" content=\"image\/jpeg\" \/>\r\n<meta name=\"twitter:card\" content=\"summary_large_image\" \/>\r\n<meta name=\"twitter:label1\" content=\"Dur\u00e9e de lecture estim\u00e9e\" \/>\n\t<meta name=\"twitter:data1\" content=\"1 minute\" \/>\r\n<script type=\"application\/ld+json\" class=\"yoast-schema-graph\">{\"@context\":\"https:\/\/schema.org\",\"@graph\":[{\"@type\":\"WebPage\",\"@id\":\"https:\/\/paracherkaoui.ma\/index.php\/produit\/lea-nature-eau-thermale-reactive-control-40-ml\/\",\"url\":\"https:\/\/paracherkaoui.ma\/index.php\/produit\/lea-nature-eau-thermale-reactive-control-40-ml\/\",\"name\":\"LEA NATURE EAU THERMALE REACTIVE CONTROL 40 ML - Paracherkaoui.ma\",\"isPartOf\":{\"@id\":\"https:\/\/paracherkaoui.ma\/#website\"},\"primaryImageOfPage\":{\"@id\":\"https:\/\/paracherkaoui.ma\/index.php\/produit\/lea-nature-eau-thermale-reactive-control-40-ml\/#primaryimage\"},\"image\":{\"@id\":\"https:\/\/paracherkaoui.ma\/index.php\/produit\/lea-nature-eau-thermale-reactive-control-40-ml\/#primaryimage\"},\"thumbnailUrl\":\"https:\/\/paracherkaoui.ma\/wp-content\/uploads\/2025\/12\/lea-nature-eau-thermale-reactive-control-40-ml.jpg\",\"datePublished\":\"2025-12-12T17:26:38+00:00\",\"dateModified\":\"2025-12-12T17:26:47+00:00\",\"breadcrumb\":{\"@id\":\"https:\/\/paracherkaoui.ma\/index.php\/produit\/lea-nature-eau-thermale-reactive-control-40-ml\/#breadcrumb\"},\"inLanguage\":\"fr-FR\",\"potentialAction\":[{\"@type\":\"ReadAction\",\"target\":[\"https:\/\/paracherkaoui.ma\/index.php\/produit\/lea-nature-eau-thermale-reactive-control-40-ml\/\"]}]},{\"@type\":\"ImageObject\",\"inLanguage\":\"fr-FR\",\"@id\":\"https:\/\/paracherkaoui.ma\/index.php\/produit\/lea-nature-eau-thermale-reactive-control-40-ml\/#primaryimage\",\"url\":\"https:\/\/paracherkaoui.ma\/wp-content\/uploads\/2025\/12\/lea-nature-eau-thermale-reactive-control-40-ml.jpg\",\"contentUrl\":\"https:\/\/paracherkaoui.ma\/wp-content\/uploads\/2025\/12\/lea-nature-eau-thermale-reactive-control-40-ml.jpg\",\"width\":700,\"height\":700},{\"@type\":\"BreadcrumbList\",\"@id\":\"https:\/\/paracherkaoui.ma\/index.php\/produit\/lea-nature-eau-thermale-reactive-control-40-ml\/#breadcrumb\",\"itemListElement\":[{\"@type\":\"ListItem\",\"position\":1,\"name\":\"Accueil\",\"item\":\"https:\/\/paracherkaoui.ma\/\"},{\"@type\":\"ListItem\",\"position\":2,\"name\":\"Boutique\",\"item\":\"https:\/\/paracherkaoui.ma\/index.php\/boutique\/\"},{\"@type\":\"ListItem\",\"position\":3,\"name\":\"LEA NATURE EAU THERMALE REACTIVE CONTROL 40 ML\"}]},{\"@type\":\"WebSite\",\"@id\":\"https:\/\/paracherkaoui.ma\/#website\",\"url\":\"https:\/\/paracherkaoui.ma\/\",\"name\":\"Paracherkaoui.ma\",\"description\":\"Achetez en ligne sur Paracherkaoui.ma\",\"potentialAction\":[{\"@type\":\"SearchAction\",\"target\":{\"@type\":\"EntryPoint\",\"urlTemplate\":\"https:\/\/paracherkaoui.ma\/?s={search_term_string}\"},\"query-input\":{\"@type\":\"PropertyValueSpecification\",\"valueRequired\":true,\"valueName\":\"search_term_string\"}}],\"inLanguage\":\"fr-FR\"}]}<\/script>\r\n<!-- \/ Yoast SEO plugin. -->","yoast_head_json":{"title":"LEA NATURE EAU THERMALE REACTIVE CONTROL 40 ML - Paracherkaoui.ma","robots":{"index":"index","follow":"follow","max-snippet":"max-snippet:-1","max-image-preview":"max-image-preview:large","max-video-preview":"max-video-preview:-1"},"canonical":"https:\/\/paracherkaoui.ma\/index.php\/produit\/lea-nature-eau-thermale-reactive-control-40-ml\/","og_locale":"fr_FR","og_type":"article","og_title":"LEA NATURE EAU THERMALE REACTIVE CONTROL 40 ML - Paracherkaoui.ma","og_description":"Offrez \u00e0 votre peau l\u2019apaisement et la protection dont elle a besoin avec la Cr\u00e8me L\u00e9g\u00e8re Apaisante Reactive Control de","og_url":"https:\/\/paracherkaoui.ma\/index.php\/produit\/lea-nature-eau-thermale-reactive-control-40-ml\/","og_site_name":"Paracherkaoui.ma","article_modified_time":"2025-12-12T17:26:47+00:00","og_image":[{"width":700,"height":700,"url":"https:\/\/paracherkaoui.ma\/wp-content\/uploads\/2025\/12\/lea-nature-eau-thermale-reactive-control-40-ml.jpg","type":"image\/jpeg"}],"twitter_card":"summary_large_image","twitter_misc":{"Dur\u00e9e de lecture estim\u00e9e":"1 minute"},"schema":{"@context":"https:\/\/schema.org","@graph":[{"@type":"WebPage","@id":"https:\/\/paracherkaoui.ma\/index.php\/produit\/lea-nature-eau-thermale-reactive-control-40-ml\/","url":"https:\/\/paracherkaoui.ma\/index.php\/produit\/lea-nature-eau-thermale-reactive-control-40-ml\/","name":"LEA NATURE EAU THERMALE REACTIVE CONTROL 40 ML - Paracherkaoui.ma","isPartOf":{"@id":"https:\/\/paracherkaoui.ma\/#website"},"primaryImageOfPage":{"@id":"https:\/\/paracherkaoui.ma\/index.php\/produit\/lea-nature-eau-thermale-reactive-control-40-ml\/#primaryimage"},"image":{"@id":"https:\/\/paracherkaoui.ma\/index.php\/produit\/lea-nature-eau-thermale-reactive-control-40-ml\/#primaryimage"},"thumbnailUrl":"https:\/\/paracherkaoui.ma\/wp-content\/uploads\/2025\/12\/lea-nature-eau-thermale-reactive-control-40-ml.jpg","datePublished":"2025-12-12T17:26:38+00:00","dateModified":"2025-12-12T17:26:47+00:00","breadcrumb":{"@id":"https:\/\/paracherkaoui.ma\/index.php\/produit\/lea-nature-eau-thermale-reactive-control-40-ml\/#breadcrumb"},"inLanguage":"fr-FR","potentialAction":[{"@type":"ReadAction","target":["https:\/\/paracherkaoui.ma\/index.php\/produit\/lea-nature-eau-thermale-reactive-control-40-ml\/"]}]},{"@type":"ImageObject","inLanguage":"fr-FR","@id":"https:\/\/paracherkaoui.ma\/index.php\/produit\/lea-nature-eau-thermale-reactive-control-40-ml\/#primaryimage","url":"https:\/\/paracherkaoui.ma\/wp-content\/uploads\/2025\/12\/lea-nature-eau-thermale-reactive-control-40-ml.jpg","contentUrl":"https:\/\/paracherkaoui.ma\/wp-content\/uploads\/2025\/12\/lea-nature-eau-thermale-reactive-control-40-ml.jpg","width":700,"height":700},{"@type":"BreadcrumbList","@id":"https:\/\/paracherkaoui.ma\/index.php\/produit\/lea-nature-eau-thermale-reactive-control-40-ml\/#breadcrumb","itemListElement":[{"@type":"ListItem","position":1,"name":"Accueil","item":"https:\/\/paracherkaoui.ma\/"},{"@type":"ListItem","position":2,"name":"Boutique","item":"https:\/\/paracherkaoui.ma\/index.php\/boutique\/"},{"@type":"ListItem","position":3,"name":"LEA NATURE EAU THERMALE REACTIVE CONTROL 40 ML"}]},{"@type":"WebSite","@id":"https:\/\/paracherkaoui.ma\/#website","url":"https:\/\/paracherkaoui.ma\/","name":"Paracherkaoui.ma","description":"Achetez en ligne sur Paracherkaoui.ma","potentialAction":[{"@type":"SearchAction","target":{"@type":"EntryPoint","urlTemplate":"https:\/\/paracherkaoui.ma\/?s={search_term_string}"},"query-input":{"@type":"PropertyValueSpecification","valueRequired":true,"valueName":"search_term_string"}}],"inLanguage":"fr-FR"}]}},"_links":{"self":[{"href":"https:\/\/paracherkaoui.ma\/index.php\/wp-json\/wp\/v2\/product\/27348","targetHints":{"allow":["GET"]}}],"collection":[{"href":"https:\/\/paracherkaoui.ma\/index.php\/wp-json\/wp\/v2\/product"}],"about":[{"href":"https:\/\/paracherkaoui.ma\/index.php\/wp-json\/wp\/v2\/types\/product"}],"replies":[{"embeddable":true,"href":"https:\/\/paracherkaoui.ma\/index.php\/wp-json\/wp\/v2\/comments?post=27348"}],"version-history":[{"count":1,"href":"https:\/\/paracherkaoui.ma\/index.php\/wp-json\/wp\/v2\/product\/27348\/revisions"}],"predecessor-version":[{"id":27395,"href":"https:\/\/paracherkaoui.ma\/index.php\/wp-json\/wp\/v2\/product\/27348\/revisions\/27395"}],"wp:featuredmedia":[{"embeddable":true,"href":"https:\/\/paracherkaoui.ma\/index.php\/wp-json\/wp\/v2\/media\/27394"}],"wp:attachment":[{"href":"https:\/\/paracherkaoui.ma\/index.php\/wp-json\/wp\/v2\/media?parent=27348"}],"wp:term":[{"taxonomy":"product_brand","embeddable":true,"href":"https:\/\/paracherkaoui.ma\/index.php\/wp-json\/wp\/v2\/product_brand?post=27348"},{"taxonomy":"product_cat","embeddable":true,"href":"https:\/\/paracherkaoui.ma\/index.php\/wp-json\/wp\/v2\/product_cat?post=27348"},{"taxonomy":"product_tag","embeddable":true,"href":"https:\/\/paracherkaoui.ma\/index.php\/wp-json\/wp\/v2\/product_tag?post=27348"}],"curies":[{"name":"wp","href":"https:\/\/api.w.org\/{rel}","templated":true}]}}