{"id":27266,"date":"2025-12-12T18:26:28","date_gmt":"2025-12-12T17:26:28","guid":{"rendered":"https:\/\/test.ecbeaute.com\/?post_type=product&#038;p=27266"},"modified":"2025-12-12T18:26:32","modified_gmt":"2025-12-12T17:26:32","slug":"heliabrine-bb-creme-soin-teinte-beige-spf-30-hydratation-et-protection-40-ml","status":"publish","type":"product","link":"https:\/\/paracherkaoui.ma\/index.php\/produit\/heliabrine-bb-creme-soin-teinte-beige-spf-30-hydratation-et-protection-40-ml\/","title":{"rendered":"HELIABRINE BB CREME SOIN TEINTE BEIGE SPF 30 HYDRATATION ET PROTECTION 40 ML"},"content":{"rendered":"<p>Gr\u00e2ce \u00e0 sa teinte universelle, elle s\u2019adapte \u00e0 toutes les carnations, pour un teint sublim\u00e9 et uniforme. Ses pigments min\u00e9raux permettent de camoufler les imperfections telles que les taches, les rougeurs et les ridules, tout en apportant un \u00e9clat naturel. Enrichie en beurre de karit\u00e9 et en algue marine, cette BB cr\u00e8me offre une hydratation en profondeur tout en renfor\u00e7ant la barri\u00e8re cutan\u00e9e. Le beurre de karit\u00e9 nourrit intens\u00e9ment la peau, tandis que l&rsquo;algue marine contribue \u00e0 la prot\u00e9ger des agressions ext\u00e9rieures.<br \/>\nLa vitamine E, un puissant antioxydant, aide \u00e0 lutter contre les effets n\u00e9fastes des radicaux libres, tout en prot\u00e9geant la peau du vieillissement pr\u00e9matur\u00e9. Enfin, les filtres solaires SPF 30 offrent une haute protection contre les rayons UV, responsables du vieillissement et des dommages cutan\u00e9s.<br \/>\nCette BB cr\u00e8me combine ainsi les avantages d&rsquo;un soin hydratant, d&rsquo;une protection solaire et d&rsquo;un fond de teint l\u00e9ger. Elle est parfaite pour un maquillage rapide, offrant une couvrance modulable qui laisse la peau douce, lumineuse et prot\u00e9g\u00e9e tout au long de la journ\u00e9e.<br \/>\nComposition<br \/>\nAqua (Water), Dicaprylyl Carbonate, Ethylhexyl Methoxycinnamate, Diethylamino Hydroxybenzoyl Hexyl Benzoate, Homosalate, Propylene Glycol, Glycerin, CI 77891\/ Titanium Dioxide, Cocoglycerides, Silica, Bis-Ethylhexyloxyphenol Methoxyphenyl Triazine, Butyrospermum Parkii (Shea) Butter, Ethylhexyl Triazone, Glyceryl Stearate, Caprylic\/Capric Triglyceride, Cetearyl Alcohol, Microcrystalline Cellulose, CI 77492\/Iron Oxides, Coco-Glucoside, Caprylyl Glycol, Sodium Stearoyl Glutamate, Hydroxyethyl Acrylate\/Sodium Acryloyldimethyl Taurate Copolymer, CI 77491\/Iron Oxides, Isohexadecane, Xanthan Gum, Tocopheryl Acetate, CI 77499\/Iron Oxides, Cellulose Gum, Caprylhydroxamic Acid, Inositol, Laminaria Ochroleuca Extract, Parfum (Fragrance), Disodium EDTA, Polysorbate 60, Sorbitan Isostearate, Sodium Hydroxide, BHT, Tocopherol, Glycine Soja (Soybean) Oil.<br \/>\nConseils d&rsquo;utilisation<br \/>\nPr\u00e9paration de la peau : Appliquer la BB Cr\u00e8me HELIABRINE sur une peau propre et d\u00e9maquill\u00e9e. Pour de meilleurs r\u00e9sultats, utilisez-la apr\u00e8s votre soin quotidien HELIABRINE.<br \/>\nApplication : \u00c9talez une fine couche de cr\u00e8me uniform\u00e9ment sur le visage et le cou en partant de l\u2019int\u00e9rieur vers l\u2019ext\u00e9rieur, en effectuant des mouvements l\u00e9g\u00e8rement ascendants. Ajustez la couvrance en fonction de vos besoins.<br \/>\nCiblage des imperfections : Pour les zones n\u00e9cessitant plus de correction (taches, rougeurs), appliquez une petite quantit\u00e9 de cr\u00e8me suppl\u00e9mentaire par tapotements d\u00e9licats.<br \/>\nD\u00e9maquillage : D\u00e9maquillez-vous en fin de journ\u00e9e pour maintenir la fra\u00eecheur et la sant\u00e9 de votre peau.<\/p>\n","protected":false},"excerpt":{"rendered":"<p>Gr\u00e2ce \u00e0 sa teinte universelle, elle s\u2019adapte \u00e0 toutes les carnations, pour un teint sublim\u00e9 et uniforme. Ses pigments min\u00e9raux<\/p>\n","protected":false},"featured_media":27306,"comment_status":"open","ping_status":"closed","template":"","meta":[],"product_brand":[360],"product_cat":[525],"product_tag":[],"class_list":{"0":"post-27266","1":"product","2":"type-product","3":"status-publish","4":"has-post-thumbnail","6":"product_brand-heliabrine","7":"product_cat-cremes-jour","9":"first","10":"instock","11":"sale","12":"shipping-taxable","13":"purchasable","14":"product-type-simple"},"yoast_head":"<!-- This site is optimized with the Yoast SEO plugin v26.6 - https:\/\/yoast.com\/wordpress\/plugins\/seo\/ -->\r\n<title>HELIABRINE BB CREME SOIN TEINTE BEIGE SPF 30 HYDRATATION ET PROTECTION 40 ML - Paracherkaoui.ma<\/title>\r\n<meta name=\"robots\" content=\"index, follow, max-snippet:-1, max-image-preview:large, max-video-preview:-1\" \/>\r\n<link rel=\"canonical\" href=\"https:\/\/paracherkaoui.ma\/index.php\/produit\/heliabrine-bb-creme-soin-teinte-beige-spf-30-hydratation-et-protection-40-ml\/\" \/>\r\n<meta property=\"og:locale\" content=\"fr_FR\" \/>\r\n<meta property=\"og:type\" content=\"article\" \/>\r\n<meta property=\"og:title\" content=\"HELIABRINE BB CREME SOIN TEINTE BEIGE SPF 30 HYDRATATION ET PROTECTION 40 ML - Paracherkaoui.ma\" \/>\r\n<meta property=\"og:description\" content=\"Gr\u00e2ce \u00e0 sa teinte universelle, elle s\u2019adapte \u00e0 toutes les carnations, pour un teint sublim\u00e9 et uniforme. Ses pigments min\u00e9raux\" \/>\r\n<meta property=\"og:url\" content=\"https:\/\/paracherkaoui.ma\/index.php\/produit\/heliabrine-bb-creme-soin-teinte-beige-spf-30-hydratation-et-protection-40-ml\/\" \/>\r\n<meta property=\"og:site_name\" content=\"Paracherkaoui.ma\" \/>\r\n<meta property=\"article:modified_time\" content=\"2025-12-12T17:26:32+00:00\" \/>\r\n<meta property=\"og:image\" content=\"https:\/\/paracherkaoui.ma\/wp-content\/uploads\/2025\/12\/heliabrine-heliabrine-bb-creme-soin-teinte-beige-spf-30-hydratation-et-protection-40-ml-cremes-jour.jpg\" \/>\r\n\t<meta property=\"og:image:width\" content=\"700\" \/>\r\n\t<meta property=\"og:image:height\" content=\"700\" \/>\r\n\t<meta property=\"og:image:type\" content=\"image\/jpeg\" \/>\r\n<meta name=\"twitter:card\" content=\"summary_large_image\" \/>\r\n<meta name=\"twitter:label1\" content=\"Dur\u00e9e de lecture estim\u00e9e\" \/>\n\t<meta name=\"twitter:data1\" content=\"2 minutes\" \/>\r\n<script type=\"application\/ld+json\" class=\"yoast-schema-graph\">{\"@context\":\"https:\/\/schema.org\",\"@graph\":[{\"@type\":\"WebPage\",\"@id\":\"https:\/\/paracherkaoui.ma\/index.php\/produit\/heliabrine-bb-creme-soin-teinte-beige-spf-30-hydratation-et-protection-40-ml\/\",\"url\":\"https:\/\/paracherkaoui.ma\/index.php\/produit\/heliabrine-bb-creme-soin-teinte-beige-spf-30-hydratation-et-protection-40-ml\/\",\"name\":\"HELIABRINE BB CREME SOIN TEINTE BEIGE SPF 30 HYDRATATION ET PROTECTION 40 ML - Paracherkaoui.ma\",\"isPartOf\":{\"@id\":\"https:\/\/paracherkaoui.ma\/#website\"},\"primaryImageOfPage\":{\"@id\":\"https:\/\/paracherkaoui.ma\/index.php\/produit\/heliabrine-bb-creme-soin-teinte-beige-spf-30-hydratation-et-protection-40-ml\/#primaryimage\"},\"image\":{\"@id\":\"https:\/\/paracherkaoui.ma\/index.php\/produit\/heliabrine-bb-creme-soin-teinte-beige-spf-30-hydratation-et-protection-40-ml\/#primaryimage\"},\"thumbnailUrl\":\"https:\/\/paracherkaoui.ma\/wp-content\/uploads\/2025\/12\/heliabrine-heliabrine-bb-creme-soin-teinte-beige-spf-30-hydratation-et-protection-40-ml-cremes-jour.jpg\",\"datePublished\":\"2025-12-12T17:26:28+00:00\",\"dateModified\":\"2025-12-12T17:26:32+00:00\",\"breadcrumb\":{\"@id\":\"https:\/\/paracherkaoui.ma\/index.php\/produit\/heliabrine-bb-creme-soin-teinte-beige-spf-30-hydratation-et-protection-40-ml\/#breadcrumb\"},\"inLanguage\":\"fr-FR\",\"potentialAction\":[{\"@type\":\"ReadAction\",\"target\":[\"https:\/\/paracherkaoui.ma\/index.php\/produit\/heliabrine-bb-creme-soin-teinte-beige-spf-30-hydratation-et-protection-40-ml\/\"]}]},{\"@type\":\"ImageObject\",\"inLanguage\":\"fr-FR\",\"@id\":\"https:\/\/paracherkaoui.ma\/index.php\/produit\/heliabrine-bb-creme-soin-teinte-beige-spf-30-hydratation-et-protection-40-ml\/#primaryimage\",\"url\":\"https:\/\/paracherkaoui.ma\/wp-content\/uploads\/2025\/12\/heliabrine-heliabrine-bb-creme-soin-teinte-beige-spf-30-hydratation-et-protection-40-ml-cremes-jour.jpg\",\"contentUrl\":\"https:\/\/paracherkaoui.ma\/wp-content\/uploads\/2025\/12\/heliabrine-heliabrine-bb-creme-soin-teinte-beige-spf-30-hydratation-et-protection-40-ml-cremes-jour.jpg\",\"width\":700,\"height\":700},{\"@type\":\"BreadcrumbList\",\"@id\":\"https:\/\/paracherkaoui.ma\/index.php\/produit\/heliabrine-bb-creme-soin-teinte-beige-spf-30-hydratation-et-protection-40-ml\/#breadcrumb\",\"itemListElement\":[{\"@type\":\"ListItem\",\"position\":1,\"name\":\"Accueil\",\"item\":\"https:\/\/paracherkaoui.ma\/\"},{\"@type\":\"ListItem\",\"position\":2,\"name\":\"Boutique\",\"item\":\"https:\/\/paracherkaoui.ma\/index.php\/boutique\/\"},{\"@type\":\"ListItem\",\"position\":3,\"name\":\"HELIABRINE BB CREME SOIN TEINTE BEIGE SPF 30 HYDRATATION ET PROTECTION 40 ML\"}]},{\"@type\":\"WebSite\",\"@id\":\"https:\/\/paracherkaoui.ma\/#website\",\"url\":\"https:\/\/paracherkaoui.ma\/\",\"name\":\"Paracherkaoui.ma\",\"description\":\"Achetez en ligne sur Paracherkaoui.ma\",\"potentialAction\":[{\"@type\":\"SearchAction\",\"target\":{\"@type\":\"EntryPoint\",\"urlTemplate\":\"https:\/\/paracherkaoui.ma\/?s={search_term_string}\"},\"query-input\":{\"@type\":\"PropertyValueSpecification\",\"valueRequired\":true,\"valueName\":\"search_term_string\"}}],\"inLanguage\":\"fr-FR\"}]}<\/script>\r\n<!-- \/ Yoast SEO plugin. -->","yoast_head_json":{"title":"HELIABRINE BB CREME SOIN TEINTE BEIGE SPF 30 HYDRATATION ET PROTECTION 40 ML - Paracherkaoui.ma","robots":{"index":"index","follow":"follow","max-snippet":"max-snippet:-1","max-image-preview":"max-image-preview:large","max-video-preview":"max-video-preview:-1"},"canonical":"https:\/\/paracherkaoui.ma\/index.php\/produit\/heliabrine-bb-creme-soin-teinte-beige-spf-30-hydratation-et-protection-40-ml\/","og_locale":"fr_FR","og_type":"article","og_title":"HELIABRINE BB CREME SOIN TEINTE BEIGE SPF 30 HYDRATATION ET PROTECTION 40 ML - Paracherkaoui.ma","og_description":"Gr\u00e2ce \u00e0 sa teinte universelle, elle s\u2019adapte \u00e0 toutes les carnations, pour un teint sublim\u00e9 et uniforme. Ses pigments min\u00e9raux","og_url":"https:\/\/paracherkaoui.ma\/index.php\/produit\/heliabrine-bb-creme-soin-teinte-beige-spf-30-hydratation-et-protection-40-ml\/","og_site_name":"Paracherkaoui.ma","article_modified_time":"2025-12-12T17:26:32+00:00","og_image":[{"width":700,"height":700,"url":"https:\/\/paracherkaoui.ma\/wp-content\/uploads\/2025\/12\/heliabrine-heliabrine-bb-creme-soin-teinte-beige-spf-30-hydratation-et-protection-40-ml-cremes-jour.jpg","type":"image\/jpeg"}],"twitter_card":"summary_large_image","twitter_misc":{"Dur\u00e9e de lecture estim\u00e9e":"2 minutes"},"schema":{"@context":"https:\/\/schema.org","@graph":[{"@type":"WebPage","@id":"https:\/\/paracherkaoui.ma\/index.php\/produit\/heliabrine-bb-creme-soin-teinte-beige-spf-30-hydratation-et-protection-40-ml\/","url":"https:\/\/paracherkaoui.ma\/index.php\/produit\/heliabrine-bb-creme-soin-teinte-beige-spf-30-hydratation-et-protection-40-ml\/","name":"HELIABRINE BB CREME SOIN TEINTE BEIGE SPF 30 HYDRATATION ET PROTECTION 40 ML - Paracherkaoui.ma","isPartOf":{"@id":"https:\/\/paracherkaoui.ma\/#website"},"primaryImageOfPage":{"@id":"https:\/\/paracherkaoui.ma\/index.php\/produit\/heliabrine-bb-creme-soin-teinte-beige-spf-30-hydratation-et-protection-40-ml\/#primaryimage"},"image":{"@id":"https:\/\/paracherkaoui.ma\/index.php\/produit\/heliabrine-bb-creme-soin-teinte-beige-spf-30-hydratation-et-protection-40-ml\/#primaryimage"},"thumbnailUrl":"https:\/\/paracherkaoui.ma\/wp-content\/uploads\/2025\/12\/heliabrine-heliabrine-bb-creme-soin-teinte-beige-spf-30-hydratation-et-protection-40-ml-cremes-jour.jpg","datePublished":"2025-12-12T17:26:28+00:00","dateModified":"2025-12-12T17:26:32+00:00","breadcrumb":{"@id":"https:\/\/paracherkaoui.ma\/index.php\/produit\/heliabrine-bb-creme-soin-teinte-beige-spf-30-hydratation-et-protection-40-ml\/#breadcrumb"},"inLanguage":"fr-FR","potentialAction":[{"@type":"ReadAction","target":["https:\/\/paracherkaoui.ma\/index.php\/produit\/heliabrine-bb-creme-soin-teinte-beige-spf-30-hydratation-et-protection-40-ml\/"]}]},{"@type":"ImageObject","inLanguage":"fr-FR","@id":"https:\/\/paracherkaoui.ma\/index.php\/produit\/heliabrine-bb-creme-soin-teinte-beige-spf-30-hydratation-et-protection-40-ml\/#primaryimage","url":"https:\/\/paracherkaoui.ma\/wp-content\/uploads\/2025\/12\/heliabrine-heliabrine-bb-creme-soin-teinte-beige-spf-30-hydratation-et-protection-40-ml-cremes-jour.jpg","contentUrl":"https:\/\/paracherkaoui.ma\/wp-content\/uploads\/2025\/12\/heliabrine-heliabrine-bb-creme-soin-teinte-beige-spf-30-hydratation-et-protection-40-ml-cremes-jour.jpg","width":700,"height":700},{"@type":"BreadcrumbList","@id":"https:\/\/paracherkaoui.ma\/index.php\/produit\/heliabrine-bb-creme-soin-teinte-beige-spf-30-hydratation-et-protection-40-ml\/#breadcrumb","itemListElement":[{"@type":"ListItem","position":1,"name":"Accueil","item":"https:\/\/paracherkaoui.ma\/"},{"@type":"ListItem","position":2,"name":"Boutique","item":"https:\/\/paracherkaoui.ma\/index.php\/boutique\/"},{"@type":"ListItem","position":3,"name":"HELIABRINE BB CREME SOIN TEINTE BEIGE SPF 30 HYDRATATION ET PROTECTION 40 ML"}]},{"@type":"WebSite","@id":"https:\/\/paracherkaoui.ma\/#website","url":"https:\/\/paracherkaoui.ma\/","name":"Paracherkaoui.ma","description":"Achetez en ligne sur Paracherkaoui.ma","potentialAction":[{"@type":"SearchAction","target":{"@type":"EntryPoint","urlTemplate":"https:\/\/paracherkaoui.ma\/?s={search_term_string}"},"query-input":{"@type":"PropertyValueSpecification","valueRequired":true,"valueName":"search_term_string"}}],"inLanguage":"fr-FR"}]}},"_links":{"self":[{"href":"https:\/\/paracherkaoui.ma\/index.php\/wp-json\/wp\/v2\/product\/27266","targetHints":{"allow":["GET"]}}],"collection":[{"href":"https:\/\/paracherkaoui.ma\/index.php\/wp-json\/wp\/v2\/product"}],"about":[{"href":"https:\/\/paracherkaoui.ma\/index.php\/wp-json\/wp\/v2\/types\/product"}],"replies":[{"embeddable":true,"href":"https:\/\/paracherkaoui.ma\/index.php\/wp-json\/wp\/v2\/comments?post=27266"}],"version-history":[{"count":1,"href":"https:\/\/paracherkaoui.ma\/index.php\/wp-json\/wp\/v2\/product\/27266\/revisions"}],"predecessor-version":[{"id":27307,"href":"https:\/\/paracherkaoui.ma\/index.php\/wp-json\/wp\/v2\/product\/27266\/revisions\/27307"}],"wp:featuredmedia":[{"embeddable":true,"href":"https:\/\/paracherkaoui.ma\/index.php\/wp-json\/wp\/v2\/media\/27306"}],"wp:attachment":[{"href":"https:\/\/paracherkaoui.ma\/index.php\/wp-json\/wp\/v2\/media?parent=27266"}],"wp:term":[{"taxonomy":"product_brand","embeddable":true,"href":"https:\/\/paracherkaoui.ma\/index.php\/wp-json\/wp\/v2\/product_brand?post=27266"},{"taxonomy":"product_cat","embeddable":true,"href":"https:\/\/paracherkaoui.ma\/index.php\/wp-json\/wp\/v2\/product_cat?post=27266"},{"taxonomy":"product_tag","embeddable":true,"href":"https:\/\/paracherkaoui.ma\/index.php\/wp-json\/wp\/v2\/product_tag?post=27266"}],"curies":[{"name":"wp","href":"https:\/\/api.w.org\/{rel}","templated":true}]}}