{"id":27263,"date":"2025-12-12T18:26:28","date_gmt":"2025-12-12T17:26:28","guid":{"rendered":"https:\/\/test.ecbeaute.com\/?post_type=product&#038;p=27263"},"modified":"2025-12-12T18:26:31","modified_gmt":"2025-12-12T17:26:31","slug":"rilastil-aqua-intense-72h-creme-hydratante-40-ml","status":"publish","type":"product","link":"https:\/\/paracherkaoui.ma\/index.php\/produit\/rilastil-aqua-intense-72h-creme-hydratante-40-ml\/","title":{"rendered":"Rilastil aqua intense 72h creme hydratante 40 Ml"},"content":{"rendered":"<p>RILASTIL | RILASTIL AQUA INTENSE 72H 40ML<br \/>\nRilastil Aqua Intense 72h 40ml\u00a0est une\u00a0cr\u00e8me hydratante intensive pour le visage\u00a0qui convient \u00e0\u00a0tous les types de peau, y compris les peaux sensibles. Il est formul\u00e9 avec de l&rsquo;acide\u00a0hyaluronique et la technologie\u00a0Hydraboost pour un effethydratant\u00a0prolong\u00e9 de 72 heures. Il contient \u00e9galement des c\u00e9ramides\u00a0pour\u00a0prot\u00e9ger la barri\u00e8re cutan\u00e9e.Ce\u00a0gel-cr\u00e8me\u00a0aide \u00e0 pr\u00e9server la jeunesse et l&rsquo;\u00e9clat de la peau. Il est\u00a0non com\u00e9dog\u00e8ne, hypoallerg\u00e9nique\u00a0et\u00a0test\u00e9 cliniquement et dermatologiquement.<br \/>\nMODE D&rsquo;EMPLOI<br \/>\nAppliquez matin et soir sur la peau propre et s\u00e8che du visage.<\/p>\n","protected":false},"excerpt":{"rendered":"<p>RILASTIL | RILASTIL AQUA INTENSE 72H 40ML Rilastil Aqua Intense 72h 40ml\u00a0est une\u00a0cr\u00e8me hydratante intensive pour le visage\u00a0qui convient \u00e0\u00a0tous<\/p>\n","protected":false},"featured_media":27301,"comment_status":"open","ping_status":"closed","template":"","meta":[],"product_brand":[393],"product_cat":[525],"product_tag":[],"class_list":{"0":"post-27263","1":"product","2":"type-product","3":"status-publish","4":"has-post-thumbnail","6":"product_brand-rilastil","7":"product_cat-cremes-jour","9":"first","10":"instock","11":"sale","12":"shipping-taxable","13":"purchasable","14":"product-type-simple"},"yoast_head":"<!-- This site is optimized with the Yoast SEO plugin v26.6 - https:\/\/yoast.com\/wordpress\/plugins\/seo\/ -->\r\n<title>Rilastil aqua intense 72h creme hydratante 40 Ml - Paracherkaoui.ma<\/title>\r\n<meta name=\"robots\" content=\"index, follow, max-snippet:-1, max-image-preview:large, max-video-preview:-1\" \/>\r\n<link rel=\"canonical\" href=\"https:\/\/paracherkaoui.ma\/index.php\/produit\/rilastil-aqua-intense-72h-creme-hydratante-40-ml\/\" \/>\r\n<meta property=\"og:locale\" content=\"fr_FR\" \/>\r\n<meta property=\"og:type\" content=\"article\" \/>\r\n<meta property=\"og:title\" content=\"Rilastil aqua intense 72h creme hydratante 40 Ml - Paracherkaoui.ma\" \/>\r\n<meta property=\"og:description\" content=\"RILASTIL | RILASTIL AQUA INTENSE 72H 40ML Rilastil Aqua Intense 72h 40ml\u00a0est une\u00a0cr\u00e8me hydratante intensive pour le visage\u00a0qui convient \u00e0\u00a0tous\" \/>\r\n<meta property=\"og:url\" content=\"https:\/\/paracherkaoui.ma\/index.php\/produit\/rilastil-aqua-intense-72h-creme-hydratante-40-ml\/\" \/>\r\n<meta property=\"og:site_name\" content=\"Paracherkaoui.ma\" \/>\r\n<meta property=\"article:modified_time\" content=\"2025-12-12T17:26:31+00:00\" \/>\r\n<meta property=\"og:image\" content=\"https:\/\/paracherkaoui.ma\/wp-content\/uploads\/2025\/12\/rilastil-rilastil-aqua-intense-72h-creme-hydratante-40-ml-cremes-jour.jpg\" \/>\r\n\t<meta property=\"og:image:width\" content=\"700\" \/>\r\n\t<meta property=\"og:image:height\" content=\"700\" \/>\r\n\t<meta property=\"og:image:type\" content=\"image\/jpeg\" \/>\r\n<meta name=\"twitter:card\" content=\"summary_large_image\" \/>\r\n<meta name=\"twitter:label1\" content=\"Dur\u00e9e de lecture estim\u00e9e\" \/>\n\t<meta name=\"twitter:data1\" content=\"1 minute\" \/>\r\n<script type=\"application\/ld+json\" class=\"yoast-schema-graph\">{\"@context\":\"https:\/\/schema.org\",\"@graph\":[{\"@type\":\"WebPage\",\"@id\":\"https:\/\/paracherkaoui.ma\/index.php\/produit\/rilastil-aqua-intense-72h-creme-hydratante-40-ml\/\",\"url\":\"https:\/\/paracherkaoui.ma\/index.php\/produit\/rilastil-aqua-intense-72h-creme-hydratante-40-ml\/\",\"name\":\"Rilastil aqua intense 72h creme hydratante 40 Ml - Paracherkaoui.ma\",\"isPartOf\":{\"@id\":\"https:\/\/paracherkaoui.ma\/#website\"},\"primaryImageOfPage\":{\"@id\":\"https:\/\/paracherkaoui.ma\/index.php\/produit\/rilastil-aqua-intense-72h-creme-hydratante-40-ml\/#primaryimage\"},\"image\":{\"@id\":\"https:\/\/paracherkaoui.ma\/index.php\/produit\/rilastil-aqua-intense-72h-creme-hydratante-40-ml\/#primaryimage\"},\"thumbnailUrl\":\"https:\/\/paracherkaoui.ma\/wp-content\/uploads\/2025\/12\/rilastil-rilastil-aqua-intense-72h-creme-hydratante-40-ml-cremes-jour.jpg\",\"datePublished\":\"2025-12-12T17:26:28+00:00\",\"dateModified\":\"2025-12-12T17:26:31+00:00\",\"breadcrumb\":{\"@id\":\"https:\/\/paracherkaoui.ma\/index.php\/produit\/rilastil-aqua-intense-72h-creme-hydratante-40-ml\/#breadcrumb\"},\"inLanguage\":\"fr-FR\",\"potentialAction\":[{\"@type\":\"ReadAction\",\"target\":[\"https:\/\/paracherkaoui.ma\/index.php\/produit\/rilastil-aqua-intense-72h-creme-hydratante-40-ml\/\"]}]},{\"@type\":\"ImageObject\",\"inLanguage\":\"fr-FR\",\"@id\":\"https:\/\/paracherkaoui.ma\/index.php\/produit\/rilastil-aqua-intense-72h-creme-hydratante-40-ml\/#primaryimage\",\"url\":\"https:\/\/paracherkaoui.ma\/wp-content\/uploads\/2025\/12\/rilastil-rilastil-aqua-intense-72h-creme-hydratante-40-ml-cremes-jour.jpg\",\"contentUrl\":\"https:\/\/paracherkaoui.ma\/wp-content\/uploads\/2025\/12\/rilastil-rilastil-aqua-intense-72h-creme-hydratante-40-ml-cremes-jour.jpg\",\"width\":700,\"height\":700},{\"@type\":\"BreadcrumbList\",\"@id\":\"https:\/\/paracherkaoui.ma\/index.php\/produit\/rilastil-aqua-intense-72h-creme-hydratante-40-ml\/#breadcrumb\",\"itemListElement\":[{\"@type\":\"ListItem\",\"position\":1,\"name\":\"Accueil\",\"item\":\"https:\/\/paracherkaoui.ma\/\"},{\"@type\":\"ListItem\",\"position\":2,\"name\":\"Boutique\",\"item\":\"https:\/\/paracherkaoui.ma\/index.php\/boutique\/\"},{\"@type\":\"ListItem\",\"position\":3,\"name\":\"Rilastil aqua intense 72h creme hydratante 40 Ml\"}]},{\"@type\":\"WebSite\",\"@id\":\"https:\/\/paracherkaoui.ma\/#website\",\"url\":\"https:\/\/paracherkaoui.ma\/\",\"name\":\"Paracherkaoui.ma\",\"description\":\"Achetez en ligne sur Paracherkaoui.ma\",\"potentialAction\":[{\"@type\":\"SearchAction\",\"target\":{\"@type\":\"EntryPoint\",\"urlTemplate\":\"https:\/\/paracherkaoui.ma\/?s={search_term_string}\"},\"query-input\":{\"@type\":\"PropertyValueSpecification\",\"valueRequired\":true,\"valueName\":\"search_term_string\"}}],\"inLanguage\":\"fr-FR\"}]}<\/script>\r\n<!-- \/ Yoast SEO plugin. -->","yoast_head_json":{"title":"Rilastil aqua intense 72h creme hydratante 40 Ml - Paracherkaoui.ma","robots":{"index":"index","follow":"follow","max-snippet":"max-snippet:-1","max-image-preview":"max-image-preview:large","max-video-preview":"max-video-preview:-1"},"canonical":"https:\/\/paracherkaoui.ma\/index.php\/produit\/rilastil-aqua-intense-72h-creme-hydratante-40-ml\/","og_locale":"fr_FR","og_type":"article","og_title":"Rilastil aqua intense 72h creme hydratante 40 Ml - Paracherkaoui.ma","og_description":"RILASTIL | RILASTIL AQUA INTENSE 72H 40ML Rilastil Aqua Intense 72h 40ml\u00a0est une\u00a0cr\u00e8me hydratante intensive pour le visage\u00a0qui convient \u00e0\u00a0tous","og_url":"https:\/\/paracherkaoui.ma\/index.php\/produit\/rilastil-aqua-intense-72h-creme-hydratante-40-ml\/","og_site_name":"Paracherkaoui.ma","article_modified_time":"2025-12-12T17:26:31+00:00","og_image":[{"width":700,"height":700,"url":"https:\/\/paracherkaoui.ma\/wp-content\/uploads\/2025\/12\/rilastil-rilastil-aqua-intense-72h-creme-hydratante-40-ml-cremes-jour.jpg","type":"image\/jpeg"}],"twitter_card":"summary_large_image","twitter_misc":{"Dur\u00e9e de lecture estim\u00e9e":"1 minute"},"schema":{"@context":"https:\/\/schema.org","@graph":[{"@type":"WebPage","@id":"https:\/\/paracherkaoui.ma\/index.php\/produit\/rilastil-aqua-intense-72h-creme-hydratante-40-ml\/","url":"https:\/\/paracherkaoui.ma\/index.php\/produit\/rilastil-aqua-intense-72h-creme-hydratante-40-ml\/","name":"Rilastil aqua intense 72h creme hydratante 40 Ml - Paracherkaoui.ma","isPartOf":{"@id":"https:\/\/paracherkaoui.ma\/#website"},"primaryImageOfPage":{"@id":"https:\/\/paracherkaoui.ma\/index.php\/produit\/rilastil-aqua-intense-72h-creme-hydratante-40-ml\/#primaryimage"},"image":{"@id":"https:\/\/paracherkaoui.ma\/index.php\/produit\/rilastil-aqua-intense-72h-creme-hydratante-40-ml\/#primaryimage"},"thumbnailUrl":"https:\/\/paracherkaoui.ma\/wp-content\/uploads\/2025\/12\/rilastil-rilastil-aqua-intense-72h-creme-hydratante-40-ml-cremes-jour.jpg","datePublished":"2025-12-12T17:26:28+00:00","dateModified":"2025-12-12T17:26:31+00:00","breadcrumb":{"@id":"https:\/\/paracherkaoui.ma\/index.php\/produit\/rilastil-aqua-intense-72h-creme-hydratante-40-ml\/#breadcrumb"},"inLanguage":"fr-FR","potentialAction":[{"@type":"ReadAction","target":["https:\/\/paracherkaoui.ma\/index.php\/produit\/rilastil-aqua-intense-72h-creme-hydratante-40-ml\/"]}]},{"@type":"ImageObject","inLanguage":"fr-FR","@id":"https:\/\/paracherkaoui.ma\/index.php\/produit\/rilastil-aqua-intense-72h-creme-hydratante-40-ml\/#primaryimage","url":"https:\/\/paracherkaoui.ma\/wp-content\/uploads\/2025\/12\/rilastil-rilastil-aqua-intense-72h-creme-hydratante-40-ml-cremes-jour.jpg","contentUrl":"https:\/\/paracherkaoui.ma\/wp-content\/uploads\/2025\/12\/rilastil-rilastil-aqua-intense-72h-creme-hydratante-40-ml-cremes-jour.jpg","width":700,"height":700},{"@type":"BreadcrumbList","@id":"https:\/\/paracherkaoui.ma\/index.php\/produit\/rilastil-aqua-intense-72h-creme-hydratante-40-ml\/#breadcrumb","itemListElement":[{"@type":"ListItem","position":1,"name":"Accueil","item":"https:\/\/paracherkaoui.ma\/"},{"@type":"ListItem","position":2,"name":"Boutique","item":"https:\/\/paracherkaoui.ma\/index.php\/boutique\/"},{"@type":"ListItem","position":3,"name":"Rilastil aqua intense 72h creme hydratante 40 Ml"}]},{"@type":"WebSite","@id":"https:\/\/paracherkaoui.ma\/#website","url":"https:\/\/paracherkaoui.ma\/","name":"Paracherkaoui.ma","description":"Achetez en ligne sur Paracherkaoui.ma","potentialAction":[{"@type":"SearchAction","target":{"@type":"EntryPoint","urlTemplate":"https:\/\/paracherkaoui.ma\/?s={search_term_string}"},"query-input":{"@type":"PropertyValueSpecification","valueRequired":true,"valueName":"search_term_string"}}],"inLanguage":"fr-FR"}]}},"_links":{"self":[{"href":"https:\/\/paracherkaoui.ma\/index.php\/wp-json\/wp\/v2\/product\/27263","targetHints":{"allow":["GET"]}}],"collection":[{"href":"https:\/\/paracherkaoui.ma\/index.php\/wp-json\/wp\/v2\/product"}],"about":[{"href":"https:\/\/paracherkaoui.ma\/index.php\/wp-json\/wp\/v2\/types\/product"}],"replies":[{"embeddable":true,"href":"https:\/\/paracherkaoui.ma\/index.php\/wp-json\/wp\/v2\/comments?post=27263"}],"version-history":[{"count":1,"href":"https:\/\/paracherkaoui.ma\/index.php\/wp-json\/wp\/v2\/product\/27263\/revisions"}],"predecessor-version":[{"id":27302,"href":"https:\/\/paracherkaoui.ma\/index.php\/wp-json\/wp\/v2\/product\/27263\/revisions\/27302"}],"wp:featuredmedia":[{"embeddable":true,"href":"https:\/\/paracherkaoui.ma\/index.php\/wp-json\/wp\/v2\/media\/27301"}],"wp:attachment":[{"href":"https:\/\/paracherkaoui.ma\/index.php\/wp-json\/wp\/v2\/media?parent=27263"}],"wp:term":[{"taxonomy":"product_brand","embeddable":true,"href":"https:\/\/paracherkaoui.ma\/index.php\/wp-json\/wp\/v2\/product_brand?post=27263"},{"taxonomy":"product_cat","embeddable":true,"href":"https:\/\/paracherkaoui.ma\/index.php\/wp-json\/wp\/v2\/product_cat?post=27263"},{"taxonomy":"product_tag","embeddable":true,"href":"https:\/\/paracherkaoui.ma\/index.php\/wp-json\/wp\/v2\/product_tag?post=27263"}],"curies":[{"name":"wp","href":"https:\/\/api.w.org\/{rel}","templated":true}]}}