{"id":27256,"date":"2025-12-12T18:26:27","date_gmt":"2025-12-12T17:26:27","guid":{"rendered":"https:\/\/test.ecbeaute.com\/?post_type=product&#038;p=27256"},"modified":"2025-12-12T18:26:30","modified_gmt":"2025-12-12T17:26:30","slug":"isispharma-vitiskin-hydrogel-regulateur-50-ml-2","status":"publish","type":"product","link":"https:\/\/paracherkaoui.ma\/index.php\/produit\/isispharma-vitiskin-hydrogel-regulateur-50-ml-2\/","title":{"rendered":"ISISPHARMA VITISKIN HYDROGEL REGULATEUR 50 ML"},"content":{"rendered":"<p>DESCRIPTION:<\/p>\n<p>Isispharma Vitiskin Hydrogel R\u00e9gulateur des D\u00e9ficits Pigmentaires<br \/>\nTraitement Vitiligo (\u0627\u0644\u0628\u0631\u0635) des Zones D\u00e9pigment\u00e9es<br \/>\nVitiskin anti-t\u00e2ches \u00e0 base de SOD*, Cuivre, Zinc, Vitamine B12 et Pantoth\u00e9nate de Calcium est le 1er hydrogel qui agit \u00e0 tous les niveaux de la r\u00e9gulation des d\u00e9ficits pigmentaires pour une efficacit\u00e9 compl\u00e8te.<br \/>\n*Superoxide Dismutase<br \/>\nEfficacit\u00e9 cliniquement prouv\u00e9e contre placebo.<br \/>\nTest\u00e9 sous contr\u00f4le dermatologique en double aveugle sur les probl\u00e8mes de r\u00e9gulations des d\u00e9ficits pigmentaires (vitiligo, &#8230;)<br \/>\nETUDE CLINIQUE EN DOUBLE AVEUGLE<br \/>\n\u00ab\u00a0Vitiskin en tant que compl\u00e9ment de soin \u00e0 un traitement UVB am\u00e9liore les plaques de vitiligo dans le sch\u00e9ma th\u00e9rapeutique o\u00f9 l&rsquo;application est associ\u00e9e aux UVB pendant 10 semaines<\/p>\n<p>Conseils d&rsquo;utilisation:<\/p>\n<p>Apliquer 2 fois par jour (matin et soir) sur les zones concern\u00e9es ainsi que sur leur pourtour. Eviter le contour des yeux.<\/p>\n<p>Superoxyde Dismutase Dismutin-BT, Cuivre et Zinc, Vitamine B12, Panthotenate de Calcium.<\/p>\n","protected":false},"excerpt":{"rendered":"<p>DESCRIPTION: Isispharma Vitiskin Hydrogel R\u00e9gulateur des D\u00e9ficits Pigmentaires Traitement Vitiligo (\u0627\u0644\u0628\u0631\u0635) des Zones D\u00e9pigment\u00e9es Vitiskin anti-t\u00e2ches \u00e0 base de SOD*,<\/p>\n","protected":false},"featured_media":25339,"comment_status":"open","ping_status":"closed","template":"","meta":[],"product_brand":[321],"product_cat":[525],"product_tag":[],"class_list":{"0":"post-27256","1":"product","2":"type-product","3":"status-publish","4":"has-post-thumbnail","6":"product_brand-isispharma","7":"product_cat-cremes-jour","9":"first","10":"instock","11":"sale","12":"shipping-taxable","13":"purchasable","14":"product-type-simple"},"yoast_head":"<!-- This site is optimized with the Yoast SEO plugin v26.6 - https:\/\/yoast.com\/wordpress\/plugins\/seo\/ -->\r\n<title>ISISPHARMA VITISKIN HYDROGEL REGULATEUR 50 ML - Paracherkaoui.ma<\/title>\r\n<meta name=\"robots\" content=\"index, follow, max-snippet:-1, max-image-preview:large, max-video-preview:-1\" \/>\r\n<link rel=\"canonical\" href=\"https:\/\/paracherkaoui.ma\/index.php\/produit\/isispharma-vitiskin-hydrogel-regulateur-50-ml-2\/\" \/>\r\n<meta property=\"og:locale\" content=\"fr_FR\" \/>\r\n<meta property=\"og:type\" content=\"article\" \/>\r\n<meta property=\"og:title\" content=\"ISISPHARMA VITISKIN HYDROGEL REGULATEUR 50 ML - Paracherkaoui.ma\" \/>\r\n<meta property=\"og:description\" content=\"DESCRIPTION: Isispharma Vitiskin Hydrogel R\u00e9gulateur des D\u00e9ficits Pigmentaires Traitement Vitiligo (\u0627\u0644\u0628\u0631\u0635) des Zones D\u00e9pigment\u00e9es Vitiskin anti-t\u00e2ches \u00e0 base de SOD*,\" \/>\r\n<meta property=\"og:url\" content=\"https:\/\/paracherkaoui.ma\/index.php\/produit\/isispharma-vitiskin-hydrogel-regulateur-50-ml-2\/\" \/>\r\n<meta property=\"og:site_name\" content=\"Paracherkaoui.ma\" \/>\r\n<meta property=\"article:modified_time\" content=\"2025-12-12T17:26:30+00:00\" \/>\r\n<meta property=\"og:image\" content=\"https:\/\/paracherkaoui.ma\/wp-content\/uploads\/2025\/12\/isispharma-isispharma-vitiskin-hydrogel-regulateur-50-ml-cremes-depigmentantes.jpg\" \/>\r\n\t<meta property=\"og:image:width\" content=\"700\" \/>\r\n\t<meta property=\"og:image:height\" content=\"700\" \/>\r\n\t<meta property=\"og:image:type\" content=\"image\/jpeg\" \/>\r\n<meta name=\"twitter:card\" content=\"summary_large_image\" \/>\r\n<meta name=\"twitter:label1\" content=\"Dur\u00e9e de lecture estim\u00e9e\" \/>\n\t<meta name=\"twitter:data1\" content=\"1 minute\" \/>\r\n<script type=\"application\/ld+json\" class=\"yoast-schema-graph\">{\"@context\":\"https:\/\/schema.org\",\"@graph\":[{\"@type\":\"WebPage\",\"@id\":\"https:\/\/paracherkaoui.ma\/index.php\/produit\/isispharma-vitiskin-hydrogel-regulateur-50-ml-2\/\",\"url\":\"https:\/\/paracherkaoui.ma\/index.php\/produit\/isispharma-vitiskin-hydrogel-regulateur-50-ml-2\/\",\"name\":\"ISISPHARMA VITISKIN HYDROGEL REGULATEUR 50 ML - Paracherkaoui.ma\",\"isPartOf\":{\"@id\":\"https:\/\/paracherkaoui.ma\/#website\"},\"primaryImageOfPage\":{\"@id\":\"https:\/\/paracherkaoui.ma\/index.php\/produit\/isispharma-vitiskin-hydrogel-regulateur-50-ml-2\/#primaryimage\"},\"image\":{\"@id\":\"https:\/\/paracherkaoui.ma\/index.php\/produit\/isispharma-vitiskin-hydrogel-regulateur-50-ml-2\/#primaryimage\"},\"thumbnailUrl\":\"https:\/\/paracherkaoui.ma\/wp-content\/uploads\/2025\/12\/isispharma-isispharma-vitiskin-hydrogel-regulateur-50-ml-cremes-depigmentantes.jpg\",\"datePublished\":\"2025-12-12T17:26:27+00:00\",\"dateModified\":\"2025-12-12T17:26:30+00:00\",\"breadcrumb\":{\"@id\":\"https:\/\/paracherkaoui.ma\/index.php\/produit\/isispharma-vitiskin-hydrogel-regulateur-50-ml-2\/#breadcrumb\"},\"inLanguage\":\"fr-FR\",\"potentialAction\":[{\"@type\":\"ReadAction\",\"target\":[\"https:\/\/paracherkaoui.ma\/index.php\/produit\/isispharma-vitiskin-hydrogel-regulateur-50-ml-2\/\"]}]},{\"@type\":\"ImageObject\",\"inLanguage\":\"fr-FR\",\"@id\":\"https:\/\/paracherkaoui.ma\/index.php\/produit\/isispharma-vitiskin-hydrogel-regulateur-50-ml-2\/#primaryimage\",\"url\":\"https:\/\/paracherkaoui.ma\/wp-content\/uploads\/2025\/12\/isispharma-isispharma-vitiskin-hydrogel-regulateur-50-ml-cremes-depigmentantes.jpg\",\"contentUrl\":\"https:\/\/paracherkaoui.ma\/wp-content\/uploads\/2025\/12\/isispharma-isispharma-vitiskin-hydrogel-regulateur-50-ml-cremes-depigmentantes.jpg\",\"width\":700,\"height\":700},{\"@type\":\"BreadcrumbList\",\"@id\":\"https:\/\/paracherkaoui.ma\/index.php\/produit\/isispharma-vitiskin-hydrogel-regulateur-50-ml-2\/#breadcrumb\",\"itemListElement\":[{\"@type\":\"ListItem\",\"position\":1,\"name\":\"Accueil\",\"item\":\"https:\/\/paracherkaoui.ma\/\"},{\"@type\":\"ListItem\",\"position\":2,\"name\":\"Boutique\",\"item\":\"https:\/\/paracherkaoui.ma\/index.php\/boutique\/\"},{\"@type\":\"ListItem\",\"position\":3,\"name\":\"ISISPHARMA VITISKIN HYDROGEL REGULATEUR 50 ML\"}]},{\"@type\":\"WebSite\",\"@id\":\"https:\/\/paracherkaoui.ma\/#website\",\"url\":\"https:\/\/paracherkaoui.ma\/\",\"name\":\"Paracherkaoui.ma\",\"description\":\"Achetez en ligne sur Paracherkaoui.ma\",\"potentialAction\":[{\"@type\":\"SearchAction\",\"target\":{\"@type\":\"EntryPoint\",\"urlTemplate\":\"https:\/\/paracherkaoui.ma\/?s={search_term_string}\"},\"query-input\":{\"@type\":\"PropertyValueSpecification\",\"valueRequired\":true,\"valueName\":\"search_term_string\"}}],\"inLanguage\":\"fr-FR\"}]}<\/script>\r\n<!-- \/ Yoast SEO plugin. -->","yoast_head_json":{"title":"ISISPHARMA VITISKIN HYDROGEL REGULATEUR 50 ML - Paracherkaoui.ma","robots":{"index":"index","follow":"follow","max-snippet":"max-snippet:-1","max-image-preview":"max-image-preview:large","max-video-preview":"max-video-preview:-1"},"canonical":"https:\/\/paracherkaoui.ma\/index.php\/produit\/isispharma-vitiskin-hydrogel-regulateur-50-ml-2\/","og_locale":"fr_FR","og_type":"article","og_title":"ISISPHARMA VITISKIN HYDROGEL REGULATEUR 50 ML - Paracherkaoui.ma","og_description":"DESCRIPTION: Isispharma Vitiskin Hydrogel R\u00e9gulateur des D\u00e9ficits Pigmentaires Traitement Vitiligo (\u0627\u0644\u0628\u0631\u0635) des Zones D\u00e9pigment\u00e9es Vitiskin anti-t\u00e2ches \u00e0 base de SOD*,","og_url":"https:\/\/paracherkaoui.ma\/index.php\/produit\/isispharma-vitiskin-hydrogel-regulateur-50-ml-2\/","og_site_name":"Paracherkaoui.ma","article_modified_time":"2025-12-12T17:26:30+00:00","og_image":[{"width":700,"height":700,"url":"https:\/\/paracherkaoui.ma\/wp-content\/uploads\/2025\/12\/isispharma-isispharma-vitiskin-hydrogel-regulateur-50-ml-cremes-depigmentantes.jpg","type":"image\/jpeg"}],"twitter_card":"summary_large_image","twitter_misc":{"Dur\u00e9e de lecture estim\u00e9e":"1 minute"},"schema":{"@context":"https:\/\/schema.org","@graph":[{"@type":"WebPage","@id":"https:\/\/paracherkaoui.ma\/index.php\/produit\/isispharma-vitiskin-hydrogel-regulateur-50-ml-2\/","url":"https:\/\/paracherkaoui.ma\/index.php\/produit\/isispharma-vitiskin-hydrogel-regulateur-50-ml-2\/","name":"ISISPHARMA VITISKIN HYDROGEL REGULATEUR 50 ML - Paracherkaoui.ma","isPartOf":{"@id":"https:\/\/paracherkaoui.ma\/#website"},"primaryImageOfPage":{"@id":"https:\/\/paracherkaoui.ma\/index.php\/produit\/isispharma-vitiskin-hydrogel-regulateur-50-ml-2\/#primaryimage"},"image":{"@id":"https:\/\/paracherkaoui.ma\/index.php\/produit\/isispharma-vitiskin-hydrogel-regulateur-50-ml-2\/#primaryimage"},"thumbnailUrl":"https:\/\/paracherkaoui.ma\/wp-content\/uploads\/2025\/12\/isispharma-isispharma-vitiskin-hydrogel-regulateur-50-ml-cremes-depigmentantes.jpg","datePublished":"2025-12-12T17:26:27+00:00","dateModified":"2025-12-12T17:26:30+00:00","breadcrumb":{"@id":"https:\/\/paracherkaoui.ma\/index.php\/produit\/isispharma-vitiskin-hydrogel-regulateur-50-ml-2\/#breadcrumb"},"inLanguage":"fr-FR","potentialAction":[{"@type":"ReadAction","target":["https:\/\/paracherkaoui.ma\/index.php\/produit\/isispharma-vitiskin-hydrogel-regulateur-50-ml-2\/"]}]},{"@type":"ImageObject","inLanguage":"fr-FR","@id":"https:\/\/paracherkaoui.ma\/index.php\/produit\/isispharma-vitiskin-hydrogel-regulateur-50-ml-2\/#primaryimage","url":"https:\/\/paracherkaoui.ma\/wp-content\/uploads\/2025\/12\/isispharma-isispharma-vitiskin-hydrogel-regulateur-50-ml-cremes-depigmentantes.jpg","contentUrl":"https:\/\/paracherkaoui.ma\/wp-content\/uploads\/2025\/12\/isispharma-isispharma-vitiskin-hydrogel-regulateur-50-ml-cremes-depigmentantes.jpg","width":700,"height":700},{"@type":"BreadcrumbList","@id":"https:\/\/paracherkaoui.ma\/index.php\/produit\/isispharma-vitiskin-hydrogel-regulateur-50-ml-2\/#breadcrumb","itemListElement":[{"@type":"ListItem","position":1,"name":"Accueil","item":"https:\/\/paracherkaoui.ma\/"},{"@type":"ListItem","position":2,"name":"Boutique","item":"https:\/\/paracherkaoui.ma\/index.php\/boutique\/"},{"@type":"ListItem","position":3,"name":"ISISPHARMA VITISKIN HYDROGEL REGULATEUR 50 ML"}]},{"@type":"WebSite","@id":"https:\/\/paracherkaoui.ma\/#website","url":"https:\/\/paracherkaoui.ma\/","name":"Paracherkaoui.ma","description":"Achetez en ligne sur Paracherkaoui.ma","potentialAction":[{"@type":"SearchAction","target":{"@type":"EntryPoint","urlTemplate":"https:\/\/paracherkaoui.ma\/?s={search_term_string}"},"query-input":{"@type":"PropertyValueSpecification","valueRequired":true,"valueName":"search_term_string"}}],"inLanguage":"fr-FR"}]}},"_links":{"self":[{"href":"https:\/\/paracherkaoui.ma\/index.php\/wp-json\/wp\/v2\/product\/27256","targetHints":{"allow":["GET"]}}],"collection":[{"href":"https:\/\/paracherkaoui.ma\/index.php\/wp-json\/wp\/v2\/product"}],"about":[{"href":"https:\/\/paracherkaoui.ma\/index.php\/wp-json\/wp\/v2\/types\/product"}],"replies":[{"embeddable":true,"href":"https:\/\/paracherkaoui.ma\/index.php\/wp-json\/wp\/v2\/comments?post=27256"}],"version-history":[{"count":1,"href":"https:\/\/paracherkaoui.ma\/index.php\/wp-json\/wp\/v2\/product\/27256\/revisions"}],"predecessor-version":[{"id":27290,"href":"https:\/\/paracherkaoui.ma\/index.php\/wp-json\/wp\/v2\/product\/27256\/revisions\/27290"}],"wp:featuredmedia":[{"embeddable":true,"href":"https:\/\/paracherkaoui.ma\/index.php\/wp-json\/wp\/v2\/media\/25339"}],"wp:attachment":[{"href":"https:\/\/paracherkaoui.ma\/index.php\/wp-json\/wp\/v2\/media?parent=27256"}],"wp:term":[{"taxonomy":"product_brand","embeddable":true,"href":"https:\/\/paracherkaoui.ma\/index.php\/wp-json\/wp\/v2\/product_brand?post=27256"},{"taxonomy":"product_cat","embeddable":true,"href":"https:\/\/paracherkaoui.ma\/index.php\/wp-json\/wp\/v2\/product_cat?post=27256"},{"taxonomy":"product_tag","embeddable":true,"href":"https:\/\/paracherkaoui.ma\/index.php\/wp-json\/wp\/v2\/product_tag?post=27256"}],"curies":[{"name":"wp","href":"https:\/\/api.w.org\/{rel}","templated":true}]}}