{"id":27255,"date":"2025-12-12T18:26:27","date_gmt":"2025-12-12T17:26:27","guid":{"rendered":"https:\/\/test.ecbeaute.com\/?post_type=product&#038;p=27255"},"modified":"2025-12-12T18:26:30","modified_gmt":"2025-12-12T17:26:30","slug":"svr-hyalu-biotic-gelee-regenerante-repulpante-50-ml-3","status":"publish","type":"product","link":"https:\/\/paracherkaoui.ma\/index.php\/produit\/svr-hyalu-biotic-gelee-regenerante-repulpante-50-ml-3\/","title":{"rendered":"SVR HYALU BIOTIC GELEE REGENERANTE REPULPANTE 50 ML"},"content":{"rendered":"<p>Description:<br \/>\nSVR Biotic Hyalu Gel\u00e9e R\u00e9g\u00e9n\u00e9rante Repulpante 50 ml est une gel\u00e9e qui est faite pour r\u00e9g\u00e9n\u00e9rer votre peau gr\u00e2ce \u00e0 une combinaison de 3 actifs essentiels \u00e0 la fonction de la peau :<br \/>\nles probiotiques pasteuris\u00e9s : ils prot\u00e8gent et renforcent la barri\u00e8re cutan\u00e9e. duo d&rsquo;acides hyaluroniques : favorise le processus d&rsquo;hydratation, repulpe et lisse les rides. vitamine C stabilis\u00e9e : elle prot\u00e8ge des radicaux libres, raffermie et d\u00e9fatigue la peau. Jour apr\u00e8s jour, la peau est confortable, apais\u00e9e et liss\u00e9e. La d\u00e9shydratation est un \u00e9tat cutan\u00e9 et toutes les peaux, qu&rsquo;elles soient grasses, s\u00e8ches ou mixtes, peuvent y \u00eatre confront\u00e9es. Une peau d\u00e9shydrat\u00e9e est une peau qui manque d&rsquo;eau. Cette d\u00e9shydratation peut survenir en raison de divers facteurs : des facteurs environnementaux (froid, pollution, UV&#8230;), des facteurs externes (tabac, alcool), des facteurs \u00e9motionnels (stress, fatigue), des produits cosm\u00e9tiques mal adapt\u00e9s ou encore des traitements m\u00e9dicamenteux (anti-acn\u00e9iques par exemple). Le film hydrolipidique situ\u00e9 \u00e0 la surface de la peau est un bouclier naturel qui freine l&rsquo;\u00e9vaporation de l&rsquo;eau cutan\u00e9e. L&rsquo;hydratation est essentielle pour conserver ce r\u00f4le de barri\u00e8re. Si la peau manque d&rsquo;eau, sa fonction barri\u00e8re s&rsquo;alt\u00e8re et l&rsquo;eau s&rsquo;\u00e9chappe plus vite.<br \/>\nConseils d&rsquo;utilisation:<br \/>\nAppliquer uniform\u00e9ment matin et\/ou soir sur le visage et le cou. Usage externe.<\/p>\n","protected":false},"excerpt":{"rendered":"<p>Description: SVR Biotic Hyalu Gel\u00e9e R\u00e9g\u00e9n\u00e9rante Repulpante 50 ml est une gel\u00e9e qui est faite pour r\u00e9g\u00e9n\u00e9rer votre peau gr\u00e2ce<\/p>\n","protected":false},"featured_media":13760,"comment_status":"open","ping_status":"closed","template":"","meta":[],"product_brand":[133],"product_cat":[525],"product_tag":[],"class_list":{"0":"post-27255","1":"product","2":"type-product","3":"status-publish","4":"has-post-thumbnail","6":"product_brand-svr","7":"product_cat-cremes-jour","9":"first","10":"instock","11":"sale","12":"shipping-taxable","13":"purchasable","14":"product-type-simple"},"yoast_head":"<!-- This site is optimized with the Yoast SEO plugin v26.6 - https:\/\/yoast.com\/wordpress\/plugins\/seo\/ -->\r\n<title>SVR HYALU BIOTIC GELEE REGENERANTE REPULPANTE 50 ML - Paracherkaoui.ma<\/title>\r\n<meta name=\"robots\" content=\"index, follow, max-snippet:-1, max-image-preview:large, max-video-preview:-1\" \/>\r\n<link rel=\"canonical\" href=\"https:\/\/paracherkaoui.ma\/index.php\/produit\/svr-hyalu-biotic-gelee-regenerante-repulpante-50-ml-3\/\" \/>\r\n<meta property=\"og:locale\" content=\"fr_FR\" \/>\r\n<meta property=\"og:type\" content=\"article\" \/>\r\n<meta property=\"og:title\" content=\"SVR HYALU BIOTIC GELEE REGENERANTE REPULPANTE 50 ML - Paracherkaoui.ma\" \/>\r\n<meta property=\"og:description\" content=\"Description: SVR Biotic Hyalu Gel\u00e9e R\u00e9g\u00e9n\u00e9rante Repulpante 50 ml est une gel\u00e9e qui est faite pour r\u00e9g\u00e9n\u00e9rer votre peau gr\u00e2ce\" \/>\r\n<meta property=\"og:url\" content=\"https:\/\/paracherkaoui.ma\/index.php\/produit\/svr-hyalu-biotic-gelee-regenerante-repulpante-50-ml-3\/\" \/>\r\n<meta property=\"og:site_name\" content=\"Paracherkaoui.ma\" \/>\r\n<meta property=\"article:modified_time\" content=\"2025-12-12T17:26:30+00:00\" \/>\r\n<meta property=\"og:image\" content=\"https:\/\/paracherkaoui.ma\/wp-content\/uploads\/2025\/12\/svr-svr-hyalu-biotic-gelee-regenerante-repulpante-50-ml-cremes-jour.jpg\" \/>\r\n\t<meta property=\"og:image:width\" content=\"700\" \/>\r\n\t<meta property=\"og:image:height\" content=\"700\" \/>\r\n\t<meta property=\"og:image:type\" content=\"image\/jpeg\" \/>\r\n<meta name=\"twitter:card\" content=\"summary_large_image\" \/>\r\n<meta name=\"twitter:label1\" content=\"Dur\u00e9e de lecture estim\u00e9e\" \/>\n\t<meta name=\"twitter:data1\" content=\"1 minute\" \/>\r\n<script type=\"application\/ld+json\" class=\"yoast-schema-graph\">{\"@context\":\"https:\/\/schema.org\",\"@graph\":[{\"@type\":\"WebPage\",\"@id\":\"https:\/\/paracherkaoui.ma\/index.php\/produit\/svr-hyalu-biotic-gelee-regenerante-repulpante-50-ml-3\/\",\"url\":\"https:\/\/paracherkaoui.ma\/index.php\/produit\/svr-hyalu-biotic-gelee-regenerante-repulpante-50-ml-3\/\",\"name\":\"SVR HYALU BIOTIC GELEE REGENERANTE REPULPANTE 50 ML - Paracherkaoui.ma\",\"isPartOf\":{\"@id\":\"https:\/\/paracherkaoui.ma\/#website\"},\"primaryImageOfPage\":{\"@id\":\"https:\/\/paracherkaoui.ma\/index.php\/produit\/svr-hyalu-biotic-gelee-regenerante-repulpante-50-ml-3\/#primaryimage\"},\"image\":{\"@id\":\"https:\/\/paracherkaoui.ma\/index.php\/produit\/svr-hyalu-biotic-gelee-regenerante-repulpante-50-ml-3\/#primaryimage\"},\"thumbnailUrl\":\"https:\/\/paracherkaoui.ma\/wp-content\/uploads\/2025\/12\/svr-svr-hyalu-biotic-gelee-regenerante-repulpante-50-ml-cremes-jour.jpg\",\"datePublished\":\"2025-12-12T17:26:27+00:00\",\"dateModified\":\"2025-12-12T17:26:30+00:00\",\"breadcrumb\":{\"@id\":\"https:\/\/paracherkaoui.ma\/index.php\/produit\/svr-hyalu-biotic-gelee-regenerante-repulpante-50-ml-3\/#breadcrumb\"},\"inLanguage\":\"fr-FR\",\"potentialAction\":[{\"@type\":\"ReadAction\",\"target\":[\"https:\/\/paracherkaoui.ma\/index.php\/produit\/svr-hyalu-biotic-gelee-regenerante-repulpante-50-ml-3\/\"]}]},{\"@type\":\"ImageObject\",\"inLanguage\":\"fr-FR\",\"@id\":\"https:\/\/paracherkaoui.ma\/index.php\/produit\/svr-hyalu-biotic-gelee-regenerante-repulpante-50-ml-3\/#primaryimage\",\"url\":\"https:\/\/paracherkaoui.ma\/wp-content\/uploads\/2025\/12\/svr-svr-hyalu-biotic-gelee-regenerante-repulpante-50-ml-cremes-jour.jpg\",\"contentUrl\":\"https:\/\/paracherkaoui.ma\/wp-content\/uploads\/2025\/12\/svr-svr-hyalu-biotic-gelee-regenerante-repulpante-50-ml-cremes-jour.jpg\",\"width\":700,\"height\":700},{\"@type\":\"BreadcrumbList\",\"@id\":\"https:\/\/paracherkaoui.ma\/index.php\/produit\/svr-hyalu-biotic-gelee-regenerante-repulpante-50-ml-3\/#breadcrumb\",\"itemListElement\":[{\"@type\":\"ListItem\",\"position\":1,\"name\":\"Accueil\",\"item\":\"https:\/\/paracherkaoui.ma\/\"},{\"@type\":\"ListItem\",\"position\":2,\"name\":\"Boutique\",\"item\":\"https:\/\/paracherkaoui.ma\/index.php\/boutique\/\"},{\"@type\":\"ListItem\",\"position\":3,\"name\":\"SVR HYALU BIOTIC GELEE REGENERANTE REPULPANTE 50 ML\"}]},{\"@type\":\"WebSite\",\"@id\":\"https:\/\/paracherkaoui.ma\/#website\",\"url\":\"https:\/\/paracherkaoui.ma\/\",\"name\":\"Paracherkaoui.ma\",\"description\":\"Achetez en ligne sur Paracherkaoui.ma\",\"potentialAction\":[{\"@type\":\"SearchAction\",\"target\":{\"@type\":\"EntryPoint\",\"urlTemplate\":\"https:\/\/paracherkaoui.ma\/?s={search_term_string}\"},\"query-input\":{\"@type\":\"PropertyValueSpecification\",\"valueRequired\":true,\"valueName\":\"search_term_string\"}}],\"inLanguage\":\"fr-FR\"}]}<\/script>\r\n<!-- \/ Yoast SEO plugin. -->","yoast_head_json":{"title":"SVR HYALU BIOTIC GELEE REGENERANTE REPULPANTE 50 ML - Paracherkaoui.ma","robots":{"index":"index","follow":"follow","max-snippet":"max-snippet:-1","max-image-preview":"max-image-preview:large","max-video-preview":"max-video-preview:-1"},"canonical":"https:\/\/paracherkaoui.ma\/index.php\/produit\/svr-hyalu-biotic-gelee-regenerante-repulpante-50-ml-3\/","og_locale":"fr_FR","og_type":"article","og_title":"SVR HYALU BIOTIC GELEE REGENERANTE REPULPANTE 50 ML - Paracherkaoui.ma","og_description":"Description: SVR Biotic Hyalu Gel\u00e9e R\u00e9g\u00e9n\u00e9rante Repulpante 50 ml est une gel\u00e9e qui est faite pour r\u00e9g\u00e9n\u00e9rer votre peau gr\u00e2ce","og_url":"https:\/\/paracherkaoui.ma\/index.php\/produit\/svr-hyalu-biotic-gelee-regenerante-repulpante-50-ml-3\/","og_site_name":"Paracherkaoui.ma","article_modified_time":"2025-12-12T17:26:30+00:00","og_image":[{"width":700,"height":700,"url":"https:\/\/paracherkaoui.ma\/wp-content\/uploads\/2025\/12\/svr-svr-hyalu-biotic-gelee-regenerante-repulpante-50-ml-cremes-jour.jpg","type":"image\/jpeg"}],"twitter_card":"summary_large_image","twitter_misc":{"Dur\u00e9e de lecture estim\u00e9e":"1 minute"},"schema":{"@context":"https:\/\/schema.org","@graph":[{"@type":"WebPage","@id":"https:\/\/paracherkaoui.ma\/index.php\/produit\/svr-hyalu-biotic-gelee-regenerante-repulpante-50-ml-3\/","url":"https:\/\/paracherkaoui.ma\/index.php\/produit\/svr-hyalu-biotic-gelee-regenerante-repulpante-50-ml-3\/","name":"SVR HYALU BIOTIC GELEE REGENERANTE REPULPANTE 50 ML - Paracherkaoui.ma","isPartOf":{"@id":"https:\/\/paracherkaoui.ma\/#website"},"primaryImageOfPage":{"@id":"https:\/\/paracherkaoui.ma\/index.php\/produit\/svr-hyalu-biotic-gelee-regenerante-repulpante-50-ml-3\/#primaryimage"},"image":{"@id":"https:\/\/paracherkaoui.ma\/index.php\/produit\/svr-hyalu-biotic-gelee-regenerante-repulpante-50-ml-3\/#primaryimage"},"thumbnailUrl":"https:\/\/paracherkaoui.ma\/wp-content\/uploads\/2025\/12\/svr-svr-hyalu-biotic-gelee-regenerante-repulpante-50-ml-cremes-jour.jpg","datePublished":"2025-12-12T17:26:27+00:00","dateModified":"2025-12-12T17:26:30+00:00","breadcrumb":{"@id":"https:\/\/paracherkaoui.ma\/index.php\/produit\/svr-hyalu-biotic-gelee-regenerante-repulpante-50-ml-3\/#breadcrumb"},"inLanguage":"fr-FR","potentialAction":[{"@type":"ReadAction","target":["https:\/\/paracherkaoui.ma\/index.php\/produit\/svr-hyalu-biotic-gelee-regenerante-repulpante-50-ml-3\/"]}]},{"@type":"ImageObject","inLanguage":"fr-FR","@id":"https:\/\/paracherkaoui.ma\/index.php\/produit\/svr-hyalu-biotic-gelee-regenerante-repulpante-50-ml-3\/#primaryimage","url":"https:\/\/paracherkaoui.ma\/wp-content\/uploads\/2025\/12\/svr-svr-hyalu-biotic-gelee-regenerante-repulpante-50-ml-cremes-jour.jpg","contentUrl":"https:\/\/paracherkaoui.ma\/wp-content\/uploads\/2025\/12\/svr-svr-hyalu-biotic-gelee-regenerante-repulpante-50-ml-cremes-jour.jpg","width":700,"height":700},{"@type":"BreadcrumbList","@id":"https:\/\/paracherkaoui.ma\/index.php\/produit\/svr-hyalu-biotic-gelee-regenerante-repulpante-50-ml-3\/#breadcrumb","itemListElement":[{"@type":"ListItem","position":1,"name":"Accueil","item":"https:\/\/paracherkaoui.ma\/"},{"@type":"ListItem","position":2,"name":"Boutique","item":"https:\/\/paracherkaoui.ma\/index.php\/boutique\/"},{"@type":"ListItem","position":3,"name":"SVR HYALU BIOTIC GELEE REGENERANTE REPULPANTE 50 ML"}]},{"@type":"WebSite","@id":"https:\/\/paracherkaoui.ma\/#website","url":"https:\/\/paracherkaoui.ma\/","name":"Paracherkaoui.ma","description":"Achetez en ligne sur Paracherkaoui.ma","potentialAction":[{"@type":"SearchAction","target":{"@type":"EntryPoint","urlTemplate":"https:\/\/paracherkaoui.ma\/?s={search_term_string}"},"query-input":{"@type":"PropertyValueSpecification","valueRequired":true,"valueName":"search_term_string"}}],"inLanguage":"fr-FR"}]}},"_links":{"self":[{"href":"https:\/\/paracherkaoui.ma\/index.php\/wp-json\/wp\/v2\/product\/27255","targetHints":{"allow":["GET"]}}],"collection":[{"href":"https:\/\/paracherkaoui.ma\/index.php\/wp-json\/wp\/v2\/product"}],"about":[{"href":"https:\/\/paracherkaoui.ma\/index.php\/wp-json\/wp\/v2\/types\/product"}],"replies":[{"embeddable":true,"href":"https:\/\/paracherkaoui.ma\/index.php\/wp-json\/wp\/v2\/comments?post=27255"}],"version-history":[{"count":1,"href":"https:\/\/paracherkaoui.ma\/index.php\/wp-json\/wp\/v2\/product\/27255\/revisions"}],"predecessor-version":[{"id":27289,"href":"https:\/\/paracherkaoui.ma\/index.php\/wp-json\/wp\/v2\/product\/27255\/revisions\/27289"}],"wp:featuredmedia":[{"embeddable":true,"href":"https:\/\/paracherkaoui.ma\/index.php\/wp-json\/wp\/v2\/media\/13760"}],"wp:attachment":[{"href":"https:\/\/paracherkaoui.ma\/index.php\/wp-json\/wp\/v2\/media?parent=27255"}],"wp:term":[{"taxonomy":"product_brand","embeddable":true,"href":"https:\/\/paracherkaoui.ma\/index.php\/wp-json\/wp\/v2\/product_brand?post=27255"},{"taxonomy":"product_cat","embeddable":true,"href":"https:\/\/paracherkaoui.ma\/index.php\/wp-json\/wp\/v2\/product_cat?post=27255"},{"taxonomy":"product_tag","embeddable":true,"href":"https:\/\/paracherkaoui.ma\/index.php\/wp-json\/wp\/v2\/product_tag?post=27255"}],"curies":[{"name":"wp","href":"https:\/\/api.w.org\/{rel}","templated":true}]}}