{"id":27252,"date":"2025-12-12T18:26:27","date_gmt":"2025-12-12T17:26:27","guid":{"rendered":"https:\/\/test.ecbeaute.com\/?post_type=product&#038;p=27252"},"modified":"2025-12-12T18:26:29","modified_gmt":"2025-12-12T17:26:29","slug":"bionike-coffret-defence-hydractive-serum-hydratant-intensif-30-ml-creme-hydratante-offerte","status":"publish","type":"product","link":"https:\/\/paracherkaoui.ma\/index.php\/produit\/bionike-coffret-defence-hydractive-serum-hydratant-intensif-30-ml-creme-hydratante-offerte\/","title":{"rendered":"BIONIKE COFFRET DEFENCE HYDRACTIVE SERUM HYDRATANT INTENSIF 30 ML+ CREME HYDRATANTE OFFERTE"},"content":{"rendered":"<p>Offrez \u00e0 votre peau une dose d&rsquo;hydratation intense et une protection quotidienne avec le s\u00e9rum hydratant intensif BIONIKE DEFENCE HYDRACTIVE. Ce soin concentr\u00e9, \u00e0 la texture fra\u00eeche et l\u00e9g\u00e8re, est un v\u00e9ritable bouclier contre les agressions ext\u00e9rieures, laissant votre peau lisse, \u00e9clatante et rebondie.<br \/>\nSa formule unique, enrichie en Hyaluron-pro, un complexe d&rsquo;acide hyaluronique de diff\u00e9rents poids mol\u00e9culaires, assure une hydratation imm\u00e9diate et continue jusqu&rsquo;\u00e0 48 heures. Il p\u00e9n\u00e8tre en profondeur dans toutes les couches de l&rsquo;\u00e9piderme, repulpant la peau et lissant les ridules.<br \/>\nMais ce n&rsquo;est pas tout ! Le s\u00e9rum BIONIKE DEFENCE HYDRACTIVE est \u00e9galement un puissant alli\u00e9 contre les radicaux libres, gr\u00e2ce \u00e0 ses phytoactifs antioxydants. Il prot\u00e8ge votre peau des effets n\u00e9fastes des UV, de la pollution et de la lumi\u00e8re bleue, pr\u00e9venant ainsi le vieillissement cutan\u00e9 pr\u00e9matur\u00e9.<br \/>\nEnrichi en carnosine, il renforce la barri\u00e8re cutan\u00e9e et prot\u00e8ge votre peau des effets nocifs de la lumi\u00e8re bleue, \u00e9mise par les \u00e9crans. D\u00e8s la premi\u00e8re application, vous remarquerez une peau plus lisse, plus lumineuse et visiblement plus hydrat\u00e9e.<br \/>\nConseils d&rsquo;utilisation :<br \/>\nAppliquez quelques gouttes de s\u00e9rum sur le visage et le cou, matin et soir, apr\u00e8s le nettoyage.<br \/>\nMassez d\u00e9licatement jusqu&rsquo;\u00e0 absorption compl\u00e8te du produit.<br \/>\nPeut \u00eatre utilis\u00e9 seul ou avant votre cr\u00e8me hydratante habituelle.<br \/>\nComposition :<br \/>\neau (eau), cyclopentasiloxane, butyl\u00e8ne glycol, st\u00e9areth-21, carnosine, glyc\u00e9rine, caprylyl glycol, 1,2-hexanediol, palmitate d&rsquo;\u00e9thylhexyle, acrylates\/polym\u00e8re crois\u00e9 d&rsquo;acrylate d&rsquo;alkyle en C10-30, polysilicone-11, pentyl\u00e8ne glycol, glutamine, extrait de fleur\/feuille\/tige de ciste incanus, gynostemma pentaphyllum extrait de feuille\/tige, hyaluronate de sodium, acide hyaluronique, acide hyaluronique hydrolys\u00e9, polym\u00e9thylsilsesquioxane, gomme de scl\u00e9rote, xylitol, polym\u00e8re crois\u00e9 HDI\/trim\u00e9thylol hexyllactone, algine, filtrat de ferment d&rsquo;alteromonas, gomme d&rsquo;acacia s\u00e9n\u00e9gal, s\u00e9rine, hydroxyde de potassium, d\u00e9cylglucoside, acide citrique, trihydroxyst\u00e9arine, tropolone, glucomannane, disuccinate d&rsquo;\u00e9thyl\u00e8nediamine trisodique.<\/p>\n","protected":false},"excerpt":{"rendered":"<p>Offrez \u00e0 votre peau une dose d&rsquo;hydratation intense et une protection quotidienne avec le s\u00e9rum hydratant intensif BIONIKE DEFENCE HYDRACTIVE.<\/p>\n","protected":false},"featured_media":27284,"comment_status":"open","ping_status":"closed","template":"","meta":[],"product_brand":[369],"product_cat":[525],"product_tag":[],"class_list":{"0":"post-27252","1":"product","2":"type-product","3":"status-publish","4":"has-post-thumbnail","6":"product_brand-bionike","7":"product_cat-cremes-jour","9":"first","10":"instock","11":"sale","12":"shipping-taxable","13":"purchasable","14":"product-type-simple"},"yoast_head":"<!-- This site is optimized with the Yoast SEO plugin v26.6 - https:\/\/yoast.com\/wordpress\/plugins\/seo\/ -->\r\n<title>BIONIKE COFFRET DEFENCE HYDRACTIVE SERUM HYDRATANT INTENSIF 30 ML+ CREME HYDRATANTE OFFERTE - Paracherkaoui.ma<\/title>\r\n<meta name=\"robots\" content=\"index, follow, max-snippet:-1, max-image-preview:large, max-video-preview:-1\" \/>\r\n<link rel=\"canonical\" href=\"https:\/\/paracherkaoui.ma\/index.php\/produit\/bionike-coffret-defence-hydractive-serum-hydratant-intensif-30-ml-creme-hydratante-offerte\/\" \/>\r\n<meta property=\"og:locale\" content=\"fr_FR\" \/>\r\n<meta property=\"og:type\" content=\"article\" \/>\r\n<meta property=\"og:title\" content=\"BIONIKE COFFRET DEFENCE HYDRACTIVE SERUM HYDRATANT INTENSIF 30 ML+ CREME HYDRATANTE OFFERTE - Paracherkaoui.ma\" \/>\r\n<meta property=\"og:description\" content=\"Offrez \u00e0 votre peau une dose d&rsquo;hydratation intense et une protection quotidienne avec le s\u00e9rum hydratant intensif BIONIKE DEFENCE HYDRACTIVE.\" \/>\r\n<meta property=\"og:url\" content=\"https:\/\/paracherkaoui.ma\/index.php\/produit\/bionike-coffret-defence-hydractive-serum-hydratant-intensif-30-ml-creme-hydratante-offerte\/\" \/>\r\n<meta property=\"og:site_name\" content=\"Paracherkaoui.ma\" \/>\r\n<meta property=\"article:modified_time\" content=\"2025-12-12T17:26:29+00:00\" \/>\r\n<meta property=\"og:image\" content=\"https:\/\/paracherkaoui.ma\/wp-content\/uploads\/2025\/12\/bionike-coffret-defence-hydractive-serum-hydratant-intensif-30-ml-creme-hydratante-offerte.jpg\" \/>\r\n\t<meta property=\"og:image:width\" content=\"700\" \/>\r\n\t<meta property=\"og:image:height\" content=\"700\" \/>\r\n\t<meta property=\"og:image:type\" content=\"image\/jpeg\" \/>\r\n<meta name=\"twitter:card\" content=\"summary_large_image\" \/>\r\n<meta name=\"twitter:label1\" content=\"Dur\u00e9e de lecture estim\u00e9e\" \/>\n\t<meta name=\"twitter:data1\" content=\"2 minutes\" \/>\r\n<script type=\"application\/ld+json\" class=\"yoast-schema-graph\">{\"@context\":\"https:\/\/schema.org\",\"@graph\":[{\"@type\":\"WebPage\",\"@id\":\"https:\/\/paracherkaoui.ma\/index.php\/produit\/bionike-coffret-defence-hydractive-serum-hydratant-intensif-30-ml-creme-hydratante-offerte\/\",\"url\":\"https:\/\/paracherkaoui.ma\/index.php\/produit\/bionike-coffret-defence-hydractive-serum-hydratant-intensif-30-ml-creme-hydratante-offerte\/\",\"name\":\"BIONIKE COFFRET DEFENCE HYDRACTIVE SERUM HYDRATANT INTENSIF 30 ML+ CREME HYDRATANTE OFFERTE - Paracherkaoui.ma\",\"isPartOf\":{\"@id\":\"https:\/\/paracherkaoui.ma\/#website\"},\"primaryImageOfPage\":{\"@id\":\"https:\/\/paracherkaoui.ma\/index.php\/produit\/bionike-coffret-defence-hydractive-serum-hydratant-intensif-30-ml-creme-hydratante-offerte\/#primaryimage\"},\"image\":{\"@id\":\"https:\/\/paracherkaoui.ma\/index.php\/produit\/bionike-coffret-defence-hydractive-serum-hydratant-intensif-30-ml-creme-hydratante-offerte\/#primaryimage\"},\"thumbnailUrl\":\"https:\/\/paracherkaoui.ma\/wp-content\/uploads\/2025\/12\/bionike-coffret-defence-hydractive-serum-hydratant-intensif-30-ml-creme-hydratante-offerte.jpg\",\"datePublished\":\"2025-12-12T17:26:27+00:00\",\"dateModified\":\"2025-12-12T17:26:29+00:00\",\"breadcrumb\":{\"@id\":\"https:\/\/paracherkaoui.ma\/index.php\/produit\/bionike-coffret-defence-hydractive-serum-hydratant-intensif-30-ml-creme-hydratante-offerte\/#breadcrumb\"},\"inLanguage\":\"fr-FR\",\"potentialAction\":[{\"@type\":\"ReadAction\",\"target\":[\"https:\/\/paracherkaoui.ma\/index.php\/produit\/bionike-coffret-defence-hydractive-serum-hydratant-intensif-30-ml-creme-hydratante-offerte\/\"]}]},{\"@type\":\"ImageObject\",\"inLanguage\":\"fr-FR\",\"@id\":\"https:\/\/paracherkaoui.ma\/index.php\/produit\/bionike-coffret-defence-hydractive-serum-hydratant-intensif-30-ml-creme-hydratante-offerte\/#primaryimage\",\"url\":\"https:\/\/paracherkaoui.ma\/wp-content\/uploads\/2025\/12\/bionike-coffret-defence-hydractive-serum-hydratant-intensif-30-ml-creme-hydratante-offerte.jpg\",\"contentUrl\":\"https:\/\/paracherkaoui.ma\/wp-content\/uploads\/2025\/12\/bionike-coffret-defence-hydractive-serum-hydratant-intensif-30-ml-creme-hydratante-offerte.jpg\",\"width\":700,\"height\":700},{\"@type\":\"BreadcrumbList\",\"@id\":\"https:\/\/paracherkaoui.ma\/index.php\/produit\/bionike-coffret-defence-hydractive-serum-hydratant-intensif-30-ml-creme-hydratante-offerte\/#breadcrumb\",\"itemListElement\":[{\"@type\":\"ListItem\",\"position\":1,\"name\":\"Accueil\",\"item\":\"https:\/\/paracherkaoui.ma\/\"},{\"@type\":\"ListItem\",\"position\":2,\"name\":\"Boutique\",\"item\":\"https:\/\/paracherkaoui.ma\/index.php\/boutique\/\"},{\"@type\":\"ListItem\",\"position\":3,\"name\":\"BIONIKE COFFRET DEFENCE HYDRACTIVE SERUM HYDRATANT INTENSIF 30 ML+ CREME HYDRATANTE OFFERTE\"}]},{\"@type\":\"WebSite\",\"@id\":\"https:\/\/paracherkaoui.ma\/#website\",\"url\":\"https:\/\/paracherkaoui.ma\/\",\"name\":\"Paracherkaoui.ma\",\"description\":\"Achetez en ligne sur Paracherkaoui.ma\",\"potentialAction\":[{\"@type\":\"SearchAction\",\"target\":{\"@type\":\"EntryPoint\",\"urlTemplate\":\"https:\/\/paracherkaoui.ma\/?s={search_term_string}\"},\"query-input\":{\"@type\":\"PropertyValueSpecification\",\"valueRequired\":true,\"valueName\":\"search_term_string\"}}],\"inLanguage\":\"fr-FR\"}]}<\/script>\r\n<!-- \/ Yoast SEO plugin. -->","yoast_head_json":{"title":"BIONIKE COFFRET DEFENCE HYDRACTIVE SERUM HYDRATANT INTENSIF 30 ML+ CREME HYDRATANTE OFFERTE - Paracherkaoui.ma","robots":{"index":"index","follow":"follow","max-snippet":"max-snippet:-1","max-image-preview":"max-image-preview:large","max-video-preview":"max-video-preview:-1"},"canonical":"https:\/\/paracherkaoui.ma\/index.php\/produit\/bionike-coffret-defence-hydractive-serum-hydratant-intensif-30-ml-creme-hydratante-offerte\/","og_locale":"fr_FR","og_type":"article","og_title":"BIONIKE COFFRET DEFENCE HYDRACTIVE SERUM HYDRATANT INTENSIF 30 ML+ CREME HYDRATANTE OFFERTE - Paracherkaoui.ma","og_description":"Offrez \u00e0 votre peau une dose d&rsquo;hydratation intense et une protection quotidienne avec le s\u00e9rum hydratant intensif BIONIKE DEFENCE HYDRACTIVE.","og_url":"https:\/\/paracherkaoui.ma\/index.php\/produit\/bionike-coffret-defence-hydractive-serum-hydratant-intensif-30-ml-creme-hydratante-offerte\/","og_site_name":"Paracherkaoui.ma","article_modified_time":"2025-12-12T17:26:29+00:00","og_image":[{"width":700,"height":700,"url":"https:\/\/paracherkaoui.ma\/wp-content\/uploads\/2025\/12\/bionike-coffret-defence-hydractive-serum-hydratant-intensif-30-ml-creme-hydratante-offerte.jpg","type":"image\/jpeg"}],"twitter_card":"summary_large_image","twitter_misc":{"Dur\u00e9e de lecture estim\u00e9e":"2 minutes"},"schema":{"@context":"https:\/\/schema.org","@graph":[{"@type":"WebPage","@id":"https:\/\/paracherkaoui.ma\/index.php\/produit\/bionike-coffret-defence-hydractive-serum-hydratant-intensif-30-ml-creme-hydratante-offerte\/","url":"https:\/\/paracherkaoui.ma\/index.php\/produit\/bionike-coffret-defence-hydractive-serum-hydratant-intensif-30-ml-creme-hydratante-offerte\/","name":"BIONIKE COFFRET DEFENCE HYDRACTIVE SERUM HYDRATANT INTENSIF 30 ML+ CREME HYDRATANTE OFFERTE - Paracherkaoui.ma","isPartOf":{"@id":"https:\/\/paracherkaoui.ma\/#website"},"primaryImageOfPage":{"@id":"https:\/\/paracherkaoui.ma\/index.php\/produit\/bionike-coffret-defence-hydractive-serum-hydratant-intensif-30-ml-creme-hydratante-offerte\/#primaryimage"},"image":{"@id":"https:\/\/paracherkaoui.ma\/index.php\/produit\/bionike-coffret-defence-hydractive-serum-hydratant-intensif-30-ml-creme-hydratante-offerte\/#primaryimage"},"thumbnailUrl":"https:\/\/paracherkaoui.ma\/wp-content\/uploads\/2025\/12\/bionike-coffret-defence-hydractive-serum-hydratant-intensif-30-ml-creme-hydratante-offerte.jpg","datePublished":"2025-12-12T17:26:27+00:00","dateModified":"2025-12-12T17:26:29+00:00","breadcrumb":{"@id":"https:\/\/paracherkaoui.ma\/index.php\/produit\/bionike-coffret-defence-hydractive-serum-hydratant-intensif-30-ml-creme-hydratante-offerte\/#breadcrumb"},"inLanguage":"fr-FR","potentialAction":[{"@type":"ReadAction","target":["https:\/\/paracherkaoui.ma\/index.php\/produit\/bionike-coffret-defence-hydractive-serum-hydratant-intensif-30-ml-creme-hydratante-offerte\/"]}]},{"@type":"ImageObject","inLanguage":"fr-FR","@id":"https:\/\/paracherkaoui.ma\/index.php\/produit\/bionike-coffret-defence-hydractive-serum-hydratant-intensif-30-ml-creme-hydratante-offerte\/#primaryimage","url":"https:\/\/paracherkaoui.ma\/wp-content\/uploads\/2025\/12\/bionike-coffret-defence-hydractive-serum-hydratant-intensif-30-ml-creme-hydratante-offerte.jpg","contentUrl":"https:\/\/paracherkaoui.ma\/wp-content\/uploads\/2025\/12\/bionike-coffret-defence-hydractive-serum-hydratant-intensif-30-ml-creme-hydratante-offerte.jpg","width":700,"height":700},{"@type":"BreadcrumbList","@id":"https:\/\/paracherkaoui.ma\/index.php\/produit\/bionike-coffret-defence-hydractive-serum-hydratant-intensif-30-ml-creme-hydratante-offerte\/#breadcrumb","itemListElement":[{"@type":"ListItem","position":1,"name":"Accueil","item":"https:\/\/paracherkaoui.ma\/"},{"@type":"ListItem","position":2,"name":"Boutique","item":"https:\/\/paracherkaoui.ma\/index.php\/boutique\/"},{"@type":"ListItem","position":3,"name":"BIONIKE COFFRET DEFENCE HYDRACTIVE SERUM HYDRATANT INTENSIF 30 ML+ CREME HYDRATANTE OFFERTE"}]},{"@type":"WebSite","@id":"https:\/\/paracherkaoui.ma\/#website","url":"https:\/\/paracherkaoui.ma\/","name":"Paracherkaoui.ma","description":"Achetez en ligne sur Paracherkaoui.ma","potentialAction":[{"@type":"SearchAction","target":{"@type":"EntryPoint","urlTemplate":"https:\/\/paracherkaoui.ma\/?s={search_term_string}"},"query-input":{"@type":"PropertyValueSpecification","valueRequired":true,"valueName":"search_term_string"}}],"inLanguage":"fr-FR"}]}},"_links":{"self":[{"href":"https:\/\/paracherkaoui.ma\/index.php\/wp-json\/wp\/v2\/product\/27252","targetHints":{"allow":["GET"]}}],"collection":[{"href":"https:\/\/paracherkaoui.ma\/index.php\/wp-json\/wp\/v2\/product"}],"about":[{"href":"https:\/\/paracherkaoui.ma\/index.php\/wp-json\/wp\/v2\/types\/product"}],"replies":[{"embeddable":true,"href":"https:\/\/paracherkaoui.ma\/index.php\/wp-json\/wp\/v2\/comments?post=27252"}],"version-history":[{"count":1,"href":"https:\/\/paracherkaoui.ma\/index.php\/wp-json\/wp\/v2\/product\/27252\/revisions"}],"predecessor-version":[{"id":27285,"href":"https:\/\/paracherkaoui.ma\/index.php\/wp-json\/wp\/v2\/product\/27252\/revisions\/27285"}],"wp:featuredmedia":[{"embeddable":true,"href":"https:\/\/paracherkaoui.ma\/index.php\/wp-json\/wp\/v2\/media\/27284"}],"wp:attachment":[{"href":"https:\/\/paracherkaoui.ma\/index.php\/wp-json\/wp\/v2\/media?parent=27252"}],"wp:term":[{"taxonomy":"product_brand","embeddable":true,"href":"https:\/\/paracherkaoui.ma\/index.php\/wp-json\/wp\/v2\/product_brand?post=27252"},{"taxonomy":"product_cat","embeddable":true,"href":"https:\/\/paracherkaoui.ma\/index.php\/wp-json\/wp\/v2\/product_cat?post=27252"},{"taxonomy":"product_tag","embeddable":true,"href":"https:\/\/paracherkaoui.ma\/index.php\/wp-json\/wp\/v2\/product_tag?post=27252"}],"curies":[{"name":"wp","href":"https:\/\/api.w.org\/{rel}","templated":true}]}}