{"id":27177,"date":"2025-12-12T18:26:19","date_gmt":"2025-12-12T17:26:19","guid":{"rendered":"https:\/\/test.ecbeaute.com\/?post_type=product&#038;p=27177"},"modified":"2025-12-12T18:26:22","modified_gmt":"2025-12-12T17:26:22","slug":"dermeden-hydra-protocole-creme-riche-50-ml","status":"publish","type":"product","link":"https:\/\/paracherkaoui.ma\/index.php\/produit\/dermeden-hydra-protocole-creme-riche-50-ml\/","title":{"rendered":"DERMEDEN HYDRA PROTOCOLE CREME RICHE 50 ML"},"content":{"rendered":"<p>D\u00e9couvrez la Dermeden Hydra Protocole Cr\u00e8me Riche 50 ml, une solution r\u00e9volutionnaire pour combattre les signes de l&rsquo;\u00e2ge. \u00c0 partir de 40 ans, notre peau subit une diminution significative de la synth\u00e8se d\u2019acides hyaluroniques de 10 % par d\u00e9cennie et de collag\u00e8ne de 25 % par an. Ces changements entra\u00eenent une d\u00e9shydratation progressive, une perte de fermet\u00e9, et l&rsquo;apparition de fines rides et ridules. Ce concentr\u00e9 hydratant intensif est con\u00e7u pour inverser cette tendance gr\u00e2ce \u00e0 une formule avanc\u00e9e.<br \/>\nEn agissant comme un anti-\u00e2ge sans aiguilles, cette cr\u00e8me combine des acides hyaluroniques de diff\u00e9rentes structures mol\u00e9culaires. Cela permet de capturer l\u2019eau au sein des diverses couches de la peau et de stimuler la production de Pro-Collag\u00e8ne I. Avec la Gluconolactone, reconnue pour ses propri\u00e9t\u00e9s antioxydantes, vous renforcez vos fibres de collag\u00e8ne tout en am\u00e9liorant la r\u00e9tention d\u2019eau dans l\u2019\u00e9piderme. Cela se traduit par une hydratation maximale et un aspect visiblement plus jeune et repulp\u00e9.<br \/>\nL\u2019ajout de Phytosqualane, une mol\u00e9cule essentielle du s\u00e9bum humain, renforce encore plus l&rsquo;efficacit\u00e9 de cette cr\u00e8me. \u00c0 partir de 30 ans, la production de s\u00e9bum diminue, ce qui peut affecter la barri\u00e8re cutan\u00e9e. Avec un dosage de 3 %, le phytosqualane nourrit en profondeur et pr\u00e9serve l&rsquo;hydratation tout en apportant des lipides essentiels \u00e0 votre peau. Vous constaterez une texture plus douce et souple d\u00e8s les premi\u00e8res applications.<br \/>\nConseils d&rsquo;utilisation :<br \/>\nAppliquez la cr\u00e8me chaque matin et soir sur une peau propre. Massez d\u00e9licatement jusqu&rsquo;\u00e0 absorption compl\u00e8te pour maximiser l&rsquo;hydratation et le confort. Pour des r\u00e9sultats optimaux, associez ce soin \u00e0 un s\u00e9rum enrichi en acide hyaluronique.<br \/>\nComposition :<br \/>\n5% Gluconolactone<br \/>\n3% Acide Hyaluronique non r\u00e9ticul\u00e9 de haut poids mol\u00e9culaire<br \/>\n0.25% Acide Hyaluronique \u00e0 bas poids mol\u00e9culaire<br \/>\n3% Phytosqualane<br \/>\nAqua, Coco Caprylate Caprate, Helianthus Annuus Seed Oil, Cetearyl Olivate, Sorbitan Olivate, Glycerin, Gluconolactone, C10-18 Triglyceride, Squalan, Cetearyl Alcohol, Sodium Hydroxyde, Glyceryl Stearate SE, Hydrolyzed Hyaluronic Acid, Sodium Hyaluronate, Tocopheryl Acetate, Ammonium Acryloyldimethyltaurate\/VP Copolymer, Ethylhexylglycerin, Chlorphenesin.<\/p>\n","protected":false},"excerpt":{"rendered":"<p>D\u00e9couvrez la Dermeden Hydra Protocole Cr\u00e8me Riche 50 ml, une solution r\u00e9volutionnaire pour combattre les signes de l&rsquo;\u00e2ge. \u00c0 partir<\/p>\n","protected":false},"featured_media":27212,"comment_status":"open","ping_status":"closed","template":"","meta":[],"product_brand":[470],"product_cat":[525],"product_tag":[],"class_list":{"0":"post-27177","1":"product","2":"type-product","3":"status-publish","4":"has-post-thumbnail","6":"product_brand-dermeden","7":"product_cat-cremes-jour","9":"first","10":"instock","11":"sale","12":"shipping-taxable","13":"purchasable","14":"product-type-simple"},"yoast_head":"<!-- This site is optimized with the Yoast SEO plugin v26.6 - https:\/\/yoast.com\/wordpress\/plugins\/seo\/ -->\r\n<title>DERMEDEN HYDRA PROTOCOLE CREME RICHE 50 ML - Paracherkaoui.ma<\/title>\r\n<meta name=\"robots\" content=\"index, follow, max-snippet:-1, max-image-preview:large, max-video-preview:-1\" \/>\r\n<link rel=\"canonical\" href=\"https:\/\/paracherkaoui.ma\/index.php\/produit\/dermeden-hydra-protocole-creme-riche-50-ml\/\" \/>\r\n<meta property=\"og:locale\" content=\"fr_FR\" \/>\r\n<meta property=\"og:type\" content=\"article\" \/>\r\n<meta property=\"og:title\" content=\"DERMEDEN HYDRA PROTOCOLE CREME RICHE 50 ML - Paracherkaoui.ma\" \/>\r\n<meta property=\"og:description\" content=\"D\u00e9couvrez la Dermeden Hydra Protocole Cr\u00e8me Riche 50 ml, une solution r\u00e9volutionnaire pour combattre les signes de l&rsquo;\u00e2ge. \u00c0 partir\" \/>\r\n<meta property=\"og:url\" content=\"https:\/\/paracherkaoui.ma\/index.php\/produit\/dermeden-hydra-protocole-creme-riche-50-ml\/\" \/>\r\n<meta property=\"og:site_name\" content=\"Paracherkaoui.ma\" \/>\r\n<meta property=\"article:modified_time\" content=\"2025-12-12T17:26:22+00:00\" \/>\r\n<meta property=\"og:image\" content=\"https:\/\/paracherkaoui.ma\/wp-content\/uploads\/2025\/12\/dermeden-hydra-protocole-creme-riche-50-ml.jpg\" \/>\r\n\t<meta property=\"og:image:width\" content=\"700\" \/>\r\n\t<meta property=\"og:image:height\" content=\"700\" \/>\r\n\t<meta property=\"og:image:type\" content=\"image\/jpeg\" \/>\r\n<meta name=\"twitter:card\" content=\"summary_large_image\" \/>\r\n<meta name=\"twitter:label1\" content=\"Dur\u00e9e de lecture estim\u00e9e\" \/>\n\t<meta name=\"twitter:data1\" content=\"2 minutes\" \/>\r\n<script type=\"application\/ld+json\" class=\"yoast-schema-graph\">{\"@context\":\"https:\/\/schema.org\",\"@graph\":[{\"@type\":\"WebPage\",\"@id\":\"https:\/\/paracherkaoui.ma\/index.php\/produit\/dermeden-hydra-protocole-creme-riche-50-ml\/\",\"url\":\"https:\/\/paracherkaoui.ma\/index.php\/produit\/dermeden-hydra-protocole-creme-riche-50-ml\/\",\"name\":\"DERMEDEN HYDRA PROTOCOLE CREME RICHE 50 ML - Paracherkaoui.ma\",\"isPartOf\":{\"@id\":\"https:\/\/paracherkaoui.ma\/#website\"},\"primaryImageOfPage\":{\"@id\":\"https:\/\/paracherkaoui.ma\/index.php\/produit\/dermeden-hydra-protocole-creme-riche-50-ml\/#primaryimage\"},\"image\":{\"@id\":\"https:\/\/paracherkaoui.ma\/index.php\/produit\/dermeden-hydra-protocole-creme-riche-50-ml\/#primaryimage\"},\"thumbnailUrl\":\"https:\/\/paracherkaoui.ma\/wp-content\/uploads\/2025\/12\/dermeden-hydra-protocole-creme-riche-50-ml.jpg\",\"datePublished\":\"2025-12-12T17:26:19+00:00\",\"dateModified\":\"2025-12-12T17:26:22+00:00\",\"breadcrumb\":{\"@id\":\"https:\/\/paracherkaoui.ma\/index.php\/produit\/dermeden-hydra-protocole-creme-riche-50-ml\/#breadcrumb\"},\"inLanguage\":\"fr-FR\",\"potentialAction\":[{\"@type\":\"ReadAction\",\"target\":[\"https:\/\/paracherkaoui.ma\/index.php\/produit\/dermeden-hydra-protocole-creme-riche-50-ml\/\"]}]},{\"@type\":\"ImageObject\",\"inLanguage\":\"fr-FR\",\"@id\":\"https:\/\/paracherkaoui.ma\/index.php\/produit\/dermeden-hydra-protocole-creme-riche-50-ml\/#primaryimage\",\"url\":\"https:\/\/paracherkaoui.ma\/wp-content\/uploads\/2025\/12\/dermeden-hydra-protocole-creme-riche-50-ml.jpg\",\"contentUrl\":\"https:\/\/paracherkaoui.ma\/wp-content\/uploads\/2025\/12\/dermeden-hydra-protocole-creme-riche-50-ml.jpg\",\"width\":700,\"height\":700},{\"@type\":\"BreadcrumbList\",\"@id\":\"https:\/\/paracherkaoui.ma\/index.php\/produit\/dermeden-hydra-protocole-creme-riche-50-ml\/#breadcrumb\",\"itemListElement\":[{\"@type\":\"ListItem\",\"position\":1,\"name\":\"Accueil\",\"item\":\"https:\/\/paracherkaoui.ma\/\"},{\"@type\":\"ListItem\",\"position\":2,\"name\":\"Boutique\",\"item\":\"https:\/\/paracherkaoui.ma\/index.php\/boutique\/\"},{\"@type\":\"ListItem\",\"position\":3,\"name\":\"DERMEDEN HYDRA PROTOCOLE CREME RICHE 50 ML\"}]},{\"@type\":\"WebSite\",\"@id\":\"https:\/\/paracherkaoui.ma\/#website\",\"url\":\"https:\/\/paracherkaoui.ma\/\",\"name\":\"Paracherkaoui.ma\",\"description\":\"Achetez en ligne sur Paracherkaoui.ma\",\"potentialAction\":[{\"@type\":\"SearchAction\",\"target\":{\"@type\":\"EntryPoint\",\"urlTemplate\":\"https:\/\/paracherkaoui.ma\/?s={search_term_string}\"},\"query-input\":{\"@type\":\"PropertyValueSpecification\",\"valueRequired\":true,\"valueName\":\"search_term_string\"}}],\"inLanguage\":\"fr-FR\"}]}<\/script>\r\n<!-- \/ Yoast SEO plugin. -->","yoast_head_json":{"title":"DERMEDEN HYDRA PROTOCOLE CREME RICHE 50 ML - Paracherkaoui.ma","robots":{"index":"index","follow":"follow","max-snippet":"max-snippet:-1","max-image-preview":"max-image-preview:large","max-video-preview":"max-video-preview:-1"},"canonical":"https:\/\/paracherkaoui.ma\/index.php\/produit\/dermeden-hydra-protocole-creme-riche-50-ml\/","og_locale":"fr_FR","og_type":"article","og_title":"DERMEDEN HYDRA PROTOCOLE CREME RICHE 50 ML - Paracherkaoui.ma","og_description":"D\u00e9couvrez la Dermeden Hydra Protocole Cr\u00e8me Riche 50 ml, une solution r\u00e9volutionnaire pour combattre les signes de l&rsquo;\u00e2ge. \u00c0 partir","og_url":"https:\/\/paracherkaoui.ma\/index.php\/produit\/dermeden-hydra-protocole-creme-riche-50-ml\/","og_site_name":"Paracherkaoui.ma","article_modified_time":"2025-12-12T17:26:22+00:00","og_image":[{"width":700,"height":700,"url":"https:\/\/paracherkaoui.ma\/wp-content\/uploads\/2025\/12\/dermeden-hydra-protocole-creme-riche-50-ml.jpg","type":"image\/jpeg"}],"twitter_card":"summary_large_image","twitter_misc":{"Dur\u00e9e de lecture estim\u00e9e":"2 minutes"},"schema":{"@context":"https:\/\/schema.org","@graph":[{"@type":"WebPage","@id":"https:\/\/paracherkaoui.ma\/index.php\/produit\/dermeden-hydra-protocole-creme-riche-50-ml\/","url":"https:\/\/paracherkaoui.ma\/index.php\/produit\/dermeden-hydra-protocole-creme-riche-50-ml\/","name":"DERMEDEN HYDRA PROTOCOLE CREME RICHE 50 ML - Paracherkaoui.ma","isPartOf":{"@id":"https:\/\/paracherkaoui.ma\/#website"},"primaryImageOfPage":{"@id":"https:\/\/paracherkaoui.ma\/index.php\/produit\/dermeden-hydra-protocole-creme-riche-50-ml\/#primaryimage"},"image":{"@id":"https:\/\/paracherkaoui.ma\/index.php\/produit\/dermeden-hydra-protocole-creme-riche-50-ml\/#primaryimage"},"thumbnailUrl":"https:\/\/paracherkaoui.ma\/wp-content\/uploads\/2025\/12\/dermeden-hydra-protocole-creme-riche-50-ml.jpg","datePublished":"2025-12-12T17:26:19+00:00","dateModified":"2025-12-12T17:26:22+00:00","breadcrumb":{"@id":"https:\/\/paracherkaoui.ma\/index.php\/produit\/dermeden-hydra-protocole-creme-riche-50-ml\/#breadcrumb"},"inLanguage":"fr-FR","potentialAction":[{"@type":"ReadAction","target":["https:\/\/paracherkaoui.ma\/index.php\/produit\/dermeden-hydra-protocole-creme-riche-50-ml\/"]}]},{"@type":"ImageObject","inLanguage":"fr-FR","@id":"https:\/\/paracherkaoui.ma\/index.php\/produit\/dermeden-hydra-protocole-creme-riche-50-ml\/#primaryimage","url":"https:\/\/paracherkaoui.ma\/wp-content\/uploads\/2025\/12\/dermeden-hydra-protocole-creme-riche-50-ml.jpg","contentUrl":"https:\/\/paracherkaoui.ma\/wp-content\/uploads\/2025\/12\/dermeden-hydra-protocole-creme-riche-50-ml.jpg","width":700,"height":700},{"@type":"BreadcrumbList","@id":"https:\/\/paracherkaoui.ma\/index.php\/produit\/dermeden-hydra-protocole-creme-riche-50-ml\/#breadcrumb","itemListElement":[{"@type":"ListItem","position":1,"name":"Accueil","item":"https:\/\/paracherkaoui.ma\/"},{"@type":"ListItem","position":2,"name":"Boutique","item":"https:\/\/paracherkaoui.ma\/index.php\/boutique\/"},{"@type":"ListItem","position":3,"name":"DERMEDEN HYDRA PROTOCOLE CREME RICHE 50 ML"}]},{"@type":"WebSite","@id":"https:\/\/paracherkaoui.ma\/#website","url":"https:\/\/paracherkaoui.ma\/","name":"Paracherkaoui.ma","description":"Achetez en ligne sur Paracherkaoui.ma","potentialAction":[{"@type":"SearchAction","target":{"@type":"EntryPoint","urlTemplate":"https:\/\/paracherkaoui.ma\/?s={search_term_string}"},"query-input":{"@type":"PropertyValueSpecification","valueRequired":true,"valueName":"search_term_string"}}],"inLanguage":"fr-FR"}]}},"_links":{"self":[{"href":"https:\/\/paracherkaoui.ma\/index.php\/wp-json\/wp\/v2\/product\/27177","targetHints":{"allow":["GET"]}}],"collection":[{"href":"https:\/\/paracherkaoui.ma\/index.php\/wp-json\/wp\/v2\/product"}],"about":[{"href":"https:\/\/paracherkaoui.ma\/index.php\/wp-json\/wp\/v2\/types\/product"}],"replies":[{"embeddable":true,"href":"https:\/\/paracherkaoui.ma\/index.php\/wp-json\/wp\/v2\/comments?post=27177"}],"version-history":[{"count":1,"href":"https:\/\/paracherkaoui.ma\/index.php\/wp-json\/wp\/v2\/product\/27177\/revisions"}],"predecessor-version":[{"id":27213,"href":"https:\/\/paracherkaoui.ma\/index.php\/wp-json\/wp\/v2\/product\/27177\/revisions\/27213"}],"wp:featuredmedia":[{"embeddable":true,"href":"https:\/\/paracherkaoui.ma\/index.php\/wp-json\/wp\/v2\/media\/27212"}],"wp:attachment":[{"href":"https:\/\/paracherkaoui.ma\/index.php\/wp-json\/wp\/v2\/media?parent=27177"}],"wp:term":[{"taxonomy":"product_brand","embeddable":true,"href":"https:\/\/paracherkaoui.ma\/index.php\/wp-json\/wp\/v2\/product_brand?post=27177"},{"taxonomy":"product_cat","embeddable":true,"href":"https:\/\/paracherkaoui.ma\/index.php\/wp-json\/wp\/v2\/product_cat?post=27177"},{"taxonomy":"product_tag","embeddable":true,"href":"https:\/\/paracherkaoui.ma\/index.php\/wp-json\/wp\/v2\/product_tag?post=27177"}],"curies":[{"name":"wp","href":"https:\/\/api.w.org\/{rel}","templated":true}]}}