{"id":27176,"date":"2025-12-12T18:26:19","date_gmt":"2025-12-12T17:26:19","guid":{"rendered":"https:\/\/test.ecbeaute.com\/?post_type=product&#038;p=27176"},"modified":"2025-12-12T18:26:22","modified_gmt":"2025-12-12T17:26:22","slug":"acure-seriously-soothing-serum-solide-3-en-1-50-ml","status":"publish","type":"product","link":"https:\/\/paracherkaoui.ma\/index.php\/produit\/acure-seriously-soothing-serum-solide-3-en-1-50-ml\/","title":{"rendered":"ACURE SERIOUSLY SOOTHING SERUM SOLIDE 3 EN 1 50 ML"},"content":{"rendered":"<p>Le s\u00e9rum concentr\u00e9 solide multifonctionnel \u00e0 la tanaisie bleue et au cassis est 3 produits en 1 :<br \/>\n1. Baume nettoyant doux d\u00e9maquillant<br \/>\n2. Soulage les ger\u00e7ures du visage et du corps (id\u00e9al pour les mains !)<br \/>\n3. Soin du visage m\u00e9ga hydratant<br \/>\nConseils d&rsquo;utilisation:<br \/>\nComme baume nettoyant : Masser sur la peau, en particulier sur les zones maquill\u00e9es, jusqu&rsquo;\u00e0 ce que le produit fonde et prenne la consistance d&rsquo;une huile. Rincer \u00e0 l&rsquo;eau et essuyer avec un gant de toilette chaud<br \/>\nComme traitement localis\u00e9 : appliquez une petite quantit\u00e9 sur la zone s\u00e8che \u00e0 probl\u00e8mes. Masser jusqu&rsquo;\u00e0 obtenir une consistance d&rsquo;huile.<br \/>\nEn soin du visage : Appliquer sur le visage et laisser durcir. Essuyez avec un gant de toilette chaud si vous le souhaitez.<\/p>\n","protected":false},"excerpt":{"rendered":"<p>Le s\u00e9rum concentr\u00e9 solide multifonctionnel \u00e0 la tanaisie bleue et au cassis est 3 produits en 1 : 1. Baume<\/p>\n","protected":false},"featured_media":27210,"comment_status":"open","ping_status":"closed","template":"","meta":[],"product_brand":[347],"product_cat":[525],"product_tag":[],"class_list":{"0":"post-27176","1":"product","2":"type-product","3":"status-publish","4":"has-post-thumbnail","6":"product_brand-acure","7":"product_cat-cremes-jour","9":"first","10":"instock","11":"shipping-taxable","12":"purchasable","13":"product-type-simple"},"yoast_head":"<!-- This site is optimized with the Yoast SEO plugin v26.6 - https:\/\/yoast.com\/wordpress\/plugins\/seo\/ -->\r\n<title>ACURE SERIOUSLY SOOTHING SERUM SOLIDE 3 EN 1 50 ML - Paracherkaoui.ma<\/title>\r\n<meta name=\"robots\" content=\"index, follow, max-snippet:-1, max-image-preview:large, max-video-preview:-1\" \/>\r\n<link rel=\"canonical\" href=\"https:\/\/paracherkaoui.ma\/index.php\/produit\/acure-seriously-soothing-serum-solide-3-en-1-50-ml\/\" \/>\r\n<meta property=\"og:locale\" content=\"fr_FR\" \/>\r\n<meta property=\"og:type\" content=\"article\" \/>\r\n<meta property=\"og:title\" content=\"ACURE SERIOUSLY SOOTHING SERUM SOLIDE 3 EN 1 50 ML - Paracherkaoui.ma\" \/>\r\n<meta property=\"og:description\" content=\"Le s\u00e9rum concentr\u00e9 solide multifonctionnel \u00e0 la tanaisie bleue et au cassis est 3 produits en 1 : 1. Baume\" \/>\r\n<meta property=\"og:url\" content=\"https:\/\/paracherkaoui.ma\/index.php\/produit\/acure-seriously-soothing-serum-solide-3-en-1-50-ml\/\" \/>\r\n<meta property=\"og:site_name\" content=\"Paracherkaoui.ma\" \/>\r\n<meta property=\"article:modified_time\" content=\"2025-12-12T17:26:22+00:00\" \/>\r\n<meta property=\"og:image\" content=\"https:\/\/paracherkaoui.ma\/wp-content\/uploads\/2025\/12\/acure-acure-seriously-soothing-serum-solide-3-en-1-50-ml-cremes-jour.jpg\" \/>\r\n\t<meta property=\"og:image:width\" content=\"700\" \/>\r\n\t<meta property=\"og:image:height\" content=\"700\" \/>\r\n\t<meta property=\"og:image:type\" content=\"image\/jpeg\" \/>\r\n<meta name=\"twitter:card\" content=\"summary_large_image\" \/>\r\n<meta name=\"twitter:label1\" content=\"Dur\u00e9e de lecture estim\u00e9e\" \/>\n\t<meta name=\"twitter:data1\" content=\"1 minute\" \/>\r\n<script type=\"application\/ld+json\" class=\"yoast-schema-graph\">{\"@context\":\"https:\/\/schema.org\",\"@graph\":[{\"@type\":\"WebPage\",\"@id\":\"https:\/\/paracherkaoui.ma\/index.php\/produit\/acure-seriously-soothing-serum-solide-3-en-1-50-ml\/\",\"url\":\"https:\/\/paracherkaoui.ma\/index.php\/produit\/acure-seriously-soothing-serum-solide-3-en-1-50-ml\/\",\"name\":\"ACURE SERIOUSLY SOOTHING SERUM SOLIDE 3 EN 1 50 ML - Paracherkaoui.ma\",\"isPartOf\":{\"@id\":\"https:\/\/paracherkaoui.ma\/#website\"},\"primaryImageOfPage\":{\"@id\":\"https:\/\/paracherkaoui.ma\/index.php\/produit\/acure-seriously-soothing-serum-solide-3-en-1-50-ml\/#primaryimage\"},\"image\":{\"@id\":\"https:\/\/paracherkaoui.ma\/index.php\/produit\/acure-seriously-soothing-serum-solide-3-en-1-50-ml\/#primaryimage\"},\"thumbnailUrl\":\"https:\/\/paracherkaoui.ma\/wp-content\/uploads\/2025\/12\/acure-acure-seriously-soothing-serum-solide-3-en-1-50-ml-cremes-jour.jpg\",\"datePublished\":\"2025-12-12T17:26:19+00:00\",\"dateModified\":\"2025-12-12T17:26:22+00:00\",\"breadcrumb\":{\"@id\":\"https:\/\/paracherkaoui.ma\/index.php\/produit\/acure-seriously-soothing-serum-solide-3-en-1-50-ml\/#breadcrumb\"},\"inLanguage\":\"fr-FR\",\"potentialAction\":[{\"@type\":\"ReadAction\",\"target\":[\"https:\/\/paracherkaoui.ma\/index.php\/produit\/acure-seriously-soothing-serum-solide-3-en-1-50-ml\/\"]}]},{\"@type\":\"ImageObject\",\"inLanguage\":\"fr-FR\",\"@id\":\"https:\/\/paracherkaoui.ma\/index.php\/produit\/acure-seriously-soothing-serum-solide-3-en-1-50-ml\/#primaryimage\",\"url\":\"https:\/\/paracherkaoui.ma\/wp-content\/uploads\/2025\/12\/acure-acure-seriously-soothing-serum-solide-3-en-1-50-ml-cremes-jour.jpg\",\"contentUrl\":\"https:\/\/paracherkaoui.ma\/wp-content\/uploads\/2025\/12\/acure-acure-seriously-soothing-serum-solide-3-en-1-50-ml-cremes-jour.jpg\",\"width\":700,\"height\":700},{\"@type\":\"BreadcrumbList\",\"@id\":\"https:\/\/paracherkaoui.ma\/index.php\/produit\/acure-seriously-soothing-serum-solide-3-en-1-50-ml\/#breadcrumb\",\"itemListElement\":[{\"@type\":\"ListItem\",\"position\":1,\"name\":\"Accueil\",\"item\":\"https:\/\/paracherkaoui.ma\/\"},{\"@type\":\"ListItem\",\"position\":2,\"name\":\"Boutique\",\"item\":\"https:\/\/paracherkaoui.ma\/index.php\/boutique\/\"},{\"@type\":\"ListItem\",\"position\":3,\"name\":\"ACURE SERIOUSLY SOOTHING SERUM SOLIDE 3 EN 1 50 ML\"}]},{\"@type\":\"WebSite\",\"@id\":\"https:\/\/paracherkaoui.ma\/#website\",\"url\":\"https:\/\/paracherkaoui.ma\/\",\"name\":\"Paracherkaoui.ma\",\"description\":\"Achetez en ligne sur Paracherkaoui.ma\",\"potentialAction\":[{\"@type\":\"SearchAction\",\"target\":{\"@type\":\"EntryPoint\",\"urlTemplate\":\"https:\/\/paracherkaoui.ma\/?s={search_term_string}\"},\"query-input\":{\"@type\":\"PropertyValueSpecification\",\"valueRequired\":true,\"valueName\":\"search_term_string\"}}],\"inLanguage\":\"fr-FR\"}]}<\/script>\r\n<!-- \/ Yoast SEO plugin. -->","yoast_head_json":{"title":"ACURE SERIOUSLY SOOTHING SERUM SOLIDE 3 EN 1 50 ML - Paracherkaoui.ma","robots":{"index":"index","follow":"follow","max-snippet":"max-snippet:-1","max-image-preview":"max-image-preview:large","max-video-preview":"max-video-preview:-1"},"canonical":"https:\/\/paracherkaoui.ma\/index.php\/produit\/acure-seriously-soothing-serum-solide-3-en-1-50-ml\/","og_locale":"fr_FR","og_type":"article","og_title":"ACURE SERIOUSLY SOOTHING SERUM SOLIDE 3 EN 1 50 ML - Paracherkaoui.ma","og_description":"Le s\u00e9rum concentr\u00e9 solide multifonctionnel \u00e0 la tanaisie bleue et au cassis est 3 produits en 1 : 1. Baume","og_url":"https:\/\/paracherkaoui.ma\/index.php\/produit\/acure-seriously-soothing-serum-solide-3-en-1-50-ml\/","og_site_name":"Paracherkaoui.ma","article_modified_time":"2025-12-12T17:26:22+00:00","og_image":[{"width":700,"height":700,"url":"https:\/\/paracherkaoui.ma\/wp-content\/uploads\/2025\/12\/acure-acure-seriously-soothing-serum-solide-3-en-1-50-ml-cremes-jour.jpg","type":"image\/jpeg"}],"twitter_card":"summary_large_image","twitter_misc":{"Dur\u00e9e de lecture estim\u00e9e":"1 minute"},"schema":{"@context":"https:\/\/schema.org","@graph":[{"@type":"WebPage","@id":"https:\/\/paracherkaoui.ma\/index.php\/produit\/acure-seriously-soothing-serum-solide-3-en-1-50-ml\/","url":"https:\/\/paracherkaoui.ma\/index.php\/produit\/acure-seriously-soothing-serum-solide-3-en-1-50-ml\/","name":"ACURE SERIOUSLY SOOTHING SERUM SOLIDE 3 EN 1 50 ML - Paracherkaoui.ma","isPartOf":{"@id":"https:\/\/paracherkaoui.ma\/#website"},"primaryImageOfPage":{"@id":"https:\/\/paracherkaoui.ma\/index.php\/produit\/acure-seriously-soothing-serum-solide-3-en-1-50-ml\/#primaryimage"},"image":{"@id":"https:\/\/paracherkaoui.ma\/index.php\/produit\/acure-seriously-soothing-serum-solide-3-en-1-50-ml\/#primaryimage"},"thumbnailUrl":"https:\/\/paracherkaoui.ma\/wp-content\/uploads\/2025\/12\/acure-acure-seriously-soothing-serum-solide-3-en-1-50-ml-cremes-jour.jpg","datePublished":"2025-12-12T17:26:19+00:00","dateModified":"2025-12-12T17:26:22+00:00","breadcrumb":{"@id":"https:\/\/paracherkaoui.ma\/index.php\/produit\/acure-seriously-soothing-serum-solide-3-en-1-50-ml\/#breadcrumb"},"inLanguage":"fr-FR","potentialAction":[{"@type":"ReadAction","target":["https:\/\/paracherkaoui.ma\/index.php\/produit\/acure-seriously-soothing-serum-solide-3-en-1-50-ml\/"]}]},{"@type":"ImageObject","inLanguage":"fr-FR","@id":"https:\/\/paracherkaoui.ma\/index.php\/produit\/acure-seriously-soothing-serum-solide-3-en-1-50-ml\/#primaryimage","url":"https:\/\/paracherkaoui.ma\/wp-content\/uploads\/2025\/12\/acure-acure-seriously-soothing-serum-solide-3-en-1-50-ml-cremes-jour.jpg","contentUrl":"https:\/\/paracherkaoui.ma\/wp-content\/uploads\/2025\/12\/acure-acure-seriously-soothing-serum-solide-3-en-1-50-ml-cremes-jour.jpg","width":700,"height":700},{"@type":"BreadcrumbList","@id":"https:\/\/paracherkaoui.ma\/index.php\/produit\/acure-seriously-soothing-serum-solide-3-en-1-50-ml\/#breadcrumb","itemListElement":[{"@type":"ListItem","position":1,"name":"Accueil","item":"https:\/\/paracherkaoui.ma\/"},{"@type":"ListItem","position":2,"name":"Boutique","item":"https:\/\/paracherkaoui.ma\/index.php\/boutique\/"},{"@type":"ListItem","position":3,"name":"ACURE SERIOUSLY SOOTHING SERUM SOLIDE 3 EN 1 50 ML"}]},{"@type":"WebSite","@id":"https:\/\/paracherkaoui.ma\/#website","url":"https:\/\/paracherkaoui.ma\/","name":"Paracherkaoui.ma","description":"Achetez en ligne sur Paracherkaoui.ma","potentialAction":[{"@type":"SearchAction","target":{"@type":"EntryPoint","urlTemplate":"https:\/\/paracherkaoui.ma\/?s={search_term_string}"},"query-input":{"@type":"PropertyValueSpecification","valueRequired":true,"valueName":"search_term_string"}}],"inLanguage":"fr-FR"}]}},"_links":{"self":[{"href":"https:\/\/paracherkaoui.ma\/index.php\/wp-json\/wp\/v2\/product\/27176","targetHints":{"allow":["GET"]}}],"collection":[{"href":"https:\/\/paracherkaoui.ma\/index.php\/wp-json\/wp\/v2\/product"}],"about":[{"href":"https:\/\/paracherkaoui.ma\/index.php\/wp-json\/wp\/v2\/types\/product"}],"replies":[{"embeddable":true,"href":"https:\/\/paracherkaoui.ma\/index.php\/wp-json\/wp\/v2\/comments?post=27176"}],"version-history":[{"count":1,"href":"https:\/\/paracherkaoui.ma\/index.php\/wp-json\/wp\/v2\/product\/27176\/revisions"}],"predecessor-version":[{"id":27211,"href":"https:\/\/paracherkaoui.ma\/index.php\/wp-json\/wp\/v2\/product\/27176\/revisions\/27211"}],"wp:featuredmedia":[{"embeddable":true,"href":"https:\/\/paracherkaoui.ma\/index.php\/wp-json\/wp\/v2\/media\/27210"}],"wp:attachment":[{"href":"https:\/\/paracherkaoui.ma\/index.php\/wp-json\/wp\/v2\/media?parent=27176"}],"wp:term":[{"taxonomy":"product_brand","embeddable":true,"href":"https:\/\/paracherkaoui.ma\/index.php\/wp-json\/wp\/v2\/product_brand?post=27176"},{"taxonomy":"product_cat","embeddable":true,"href":"https:\/\/paracherkaoui.ma\/index.php\/wp-json\/wp\/v2\/product_cat?post=27176"},{"taxonomy":"product_tag","embeddable":true,"href":"https:\/\/paracherkaoui.ma\/index.php\/wp-json\/wp\/v2\/product_tag?post=27176"}],"curies":[{"name":"wp","href":"https:\/\/api.w.org\/{rel}","templated":true}]}}