{"id":27174,"date":"2025-12-12T18:26:19","date_gmt":"2025-12-12T17:26:19","guid":{"rendered":"https:\/\/test.ecbeaute.com\/?post_type=product&#038;p=27174"},"modified":"2025-12-12T18:26:21","modified_gmt":"2025-12-12T17:26:21","slug":"biomimetic-antioxidant-base-de-traitement-30-ml","status":"publish","type":"product","link":"https:\/\/paracherkaoui.ma\/index.php\/produit\/biomimetic-antioxidant-base-de-traitement-30-ml\/","title":{"rendered":"BIOMIMETIC ANTIOXIDANT BASE DE TRAITEMENT 30 ML"},"content":{"rendered":"<p>Traitement indiqu\u00e9 pour pr\u00e9venir et r\u00e9parer le photovieillissement et le stress oxydatif. Int\u00e8gre des micelles de Vitamine E et de Resv\u00e9ratrol, puissants antioxydants, qui se lib\u00e8rent progressivement dans les cellules cibles pour prot\u00e9ger la peau des agressions ext\u00e9rieures (pollution, soleil, stress, tabac\u2026)<br \/>\nIl pr\u00e9vient les dommages caus\u00e9s par un exc\u00e8s de radicaux libres (rayons UV, tabac, m\u00e9dicaments\u2026), favorise la r\u00e9cup\u00e9ration des peaux photo-vieillies, unifie le teint, apporte de la luminosit\u00e9, restaure l&rsquo;hydratation, pr\u00e9vient l&rsquo;apparition de nouveaux m\u00e9faits du soleil profond.<br \/>\nTous les soins pr\u00e9-base int\u00e8grent comme base un traitement \u00e0 base d&rsquo;acide hyaluronique et d&rsquo;acides amin\u00e9s dont l&rsquo;excellente biocompatibilit\u00e9 avec la peau permet une p\u00e9n\u00e9tration rapide : hydratant, nourrissant et r\u00e9g\u00e9n\u00e9rant m\u00eame les couches les plus profondes de la peau.<br \/>\nConseils d&rsquo;utilisation:<br \/>\nAvec une peau propre et s\u00e8che, appliquez 4 ou 5 gouttes de votre PBT dans le creux de la main.<br \/>\nMasser d\u00e9licatement sur la peau, toujours avant le produit habituel pour renforcer son efficacit\u00e9. R\u00e9p\u00e9tez le traitement matin et soir pour nourrir, hydrater et r\u00e9parer la peau et la pr\u00e9parer afin que le traitement appliqu\u00e9 ensuite soit plus efficace.<\/p>\n","protected":false},"excerpt":{"rendered":"<p>Traitement indiqu\u00e9 pour pr\u00e9venir et r\u00e9parer le photovieillissement et le stress oxydatif. Int\u00e8gre des micelles de Vitamine E et de<\/p>\n","protected":false},"featured_media":27206,"comment_status":"open","ping_status":"closed","template":"","meta":[],"product_brand":[461],"product_cat":[525],"product_tag":[],"class_list":{"0":"post-27174","1":"product","2":"type-product","3":"status-publish","4":"has-post-thumbnail","6":"product_brand-biomimetic","7":"product_cat-cremes-jour","9":"first","10":"instock","11":"sale","12":"shipping-taxable","13":"purchasable","14":"product-type-simple"},"yoast_head":"<!-- This site is optimized with the Yoast SEO plugin v26.6 - https:\/\/yoast.com\/wordpress\/plugins\/seo\/ -->\r\n<title>BIOMIMETIC ANTIOXIDANT BASE DE TRAITEMENT 30 ML - Paracherkaoui.ma<\/title>\r\n<meta name=\"robots\" content=\"index, follow, max-snippet:-1, max-image-preview:large, max-video-preview:-1\" \/>\r\n<link rel=\"canonical\" href=\"https:\/\/paracherkaoui.ma\/index.php\/produit\/biomimetic-antioxidant-base-de-traitement-30-ml\/\" \/>\r\n<meta property=\"og:locale\" content=\"fr_FR\" \/>\r\n<meta property=\"og:type\" content=\"article\" \/>\r\n<meta property=\"og:title\" content=\"BIOMIMETIC ANTIOXIDANT BASE DE TRAITEMENT 30 ML - Paracherkaoui.ma\" \/>\r\n<meta property=\"og:description\" content=\"Traitement indiqu\u00e9 pour pr\u00e9venir et r\u00e9parer le photovieillissement et le stress oxydatif. Int\u00e8gre des micelles de Vitamine E et de\" \/>\r\n<meta property=\"og:url\" content=\"https:\/\/paracherkaoui.ma\/index.php\/produit\/biomimetic-antioxidant-base-de-traitement-30-ml\/\" \/>\r\n<meta property=\"og:site_name\" content=\"Paracherkaoui.ma\" \/>\r\n<meta property=\"article:modified_time\" content=\"2025-12-12T17:26:21+00:00\" \/>\r\n<meta property=\"og:image\" content=\"https:\/\/paracherkaoui.ma\/wp-content\/uploads\/2025\/12\/biomimetic-biomimetic-antioxidant-base-de-traitement-30-ml-home.jpg\" \/>\r\n\t<meta property=\"og:image:width\" content=\"700\" \/>\r\n\t<meta property=\"og:image:height\" content=\"700\" \/>\r\n\t<meta property=\"og:image:type\" content=\"image\/jpeg\" \/>\r\n<meta name=\"twitter:card\" content=\"summary_large_image\" \/>\r\n<meta name=\"twitter:label1\" content=\"Dur\u00e9e de lecture estim\u00e9e\" \/>\n\t<meta name=\"twitter:data1\" content=\"1 minute\" \/>\r\n<script type=\"application\/ld+json\" class=\"yoast-schema-graph\">{\"@context\":\"https:\/\/schema.org\",\"@graph\":[{\"@type\":\"WebPage\",\"@id\":\"https:\/\/paracherkaoui.ma\/index.php\/produit\/biomimetic-antioxidant-base-de-traitement-30-ml\/\",\"url\":\"https:\/\/paracherkaoui.ma\/index.php\/produit\/biomimetic-antioxidant-base-de-traitement-30-ml\/\",\"name\":\"BIOMIMETIC ANTIOXIDANT BASE DE TRAITEMENT 30 ML - Paracherkaoui.ma\",\"isPartOf\":{\"@id\":\"https:\/\/paracherkaoui.ma\/#website\"},\"primaryImageOfPage\":{\"@id\":\"https:\/\/paracherkaoui.ma\/index.php\/produit\/biomimetic-antioxidant-base-de-traitement-30-ml\/#primaryimage\"},\"image\":{\"@id\":\"https:\/\/paracherkaoui.ma\/index.php\/produit\/biomimetic-antioxidant-base-de-traitement-30-ml\/#primaryimage\"},\"thumbnailUrl\":\"https:\/\/paracherkaoui.ma\/wp-content\/uploads\/2025\/12\/biomimetic-biomimetic-antioxidant-base-de-traitement-30-ml-home.jpg\",\"datePublished\":\"2025-12-12T17:26:19+00:00\",\"dateModified\":\"2025-12-12T17:26:21+00:00\",\"breadcrumb\":{\"@id\":\"https:\/\/paracherkaoui.ma\/index.php\/produit\/biomimetic-antioxidant-base-de-traitement-30-ml\/#breadcrumb\"},\"inLanguage\":\"fr-FR\",\"potentialAction\":[{\"@type\":\"ReadAction\",\"target\":[\"https:\/\/paracherkaoui.ma\/index.php\/produit\/biomimetic-antioxidant-base-de-traitement-30-ml\/\"]}]},{\"@type\":\"ImageObject\",\"inLanguage\":\"fr-FR\",\"@id\":\"https:\/\/paracherkaoui.ma\/index.php\/produit\/biomimetic-antioxidant-base-de-traitement-30-ml\/#primaryimage\",\"url\":\"https:\/\/paracherkaoui.ma\/wp-content\/uploads\/2025\/12\/biomimetic-biomimetic-antioxidant-base-de-traitement-30-ml-home.jpg\",\"contentUrl\":\"https:\/\/paracherkaoui.ma\/wp-content\/uploads\/2025\/12\/biomimetic-biomimetic-antioxidant-base-de-traitement-30-ml-home.jpg\",\"width\":700,\"height\":700},{\"@type\":\"BreadcrumbList\",\"@id\":\"https:\/\/paracherkaoui.ma\/index.php\/produit\/biomimetic-antioxidant-base-de-traitement-30-ml\/#breadcrumb\",\"itemListElement\":[{\"@type\":\"ListItem\",\"position\":1,\"name\":\"Accueil\",\"item\":\"https:\/\/paracherkaoui.ma\/\"},{\"@type\":\"ListItem\",\"position\":2,\"name\":\"Boutique\",\"item\":\"https:\/\/paracherkaoui.ma\/index.php\/boutique\/\"},{\"@type\":\"ListItem\",\"position\":3,\"name\":\"BIOMIMETIC ANTIOXIDANT BASE DE TRAITEMENT 30 ML\"}]},{\"@type\":\"WebSite\",\"@id\":\"https:\/\/paracherkaoui.ma\/#website\",\"url\":\"https:\/\/paracherkaoui.ma\/\",\"name\":\"Paracherkaoui.ma\",\"description\":\"Achetez en ligne sur Paracherkaoui.ma\",\"potentialAction\":[{\"@type\":\"SearchAction\",\"target\":{\"@type\":\"EntryPoint\",\"urlTemplate\":\"https:\/\/paracherkaoui.ma\/?s={search_term_string}\"},\"query-input\":{\"@type\":\"PropertyValueSpecification\",\"valueRequired\":true,\"valueName\":\"search_term_string\"}}],\"inLanguage\":\"fr-FR\"}]}<\/script>\r\n<!-- \/ Yoast SEO plugin. -->","yoast_head_json":{"title":"BIOMIMETIC ANTIOXIDANT BASE DE TRAITEMENT 30 ML - Paracherkaoui.ma","robots":{"index":"index","follow":"follow","max-snippet":"max-snippet:-1","max-image-preview":"max-image-preview:large","max-video-preview":"max-video-preview:-1"},"canonical":"https:\/\/paracherkaoui.ma\/index.php\/produit\/biomimetic-antioxidant-base-de-traitement-30-ml\/","og_locale":"fr_FR","og_type":"article","og_title":"BIOMIMETIC ANTIOXIDANT BASE DE TRAITEMENT 30 ML - Paracherkaoui.ma","og_description":"Traitement indiqu\u00e9 pour pr\u00e9venir et r\u00e9parer le photovieillissement et le stress oxydatif. Int\u00e8gre des micelles de Vitamine E et de","og_url":"https:\/\/paracherkaoui.ma\/index.php\/produit\/biomimetic-antioxidant-base-de-traitement-30-ml\/","og_site_name":"Paracherkaoui.ma","article_modified_time":"2025-12-12T17:26:21+00:00","og_image":[{"width":700,"height":700,"url":"https:\/\/paracherkaoui.ma\/wp-content\/uploads\/2025\/12\/biomimetic-biomimetic-antioxidant-base-de-traitement-30-ml-home.jpg","type":"image\/jpeg"}],"twitter_card":"summary_large_image","twitter_misc":{"Dur\u00e9e de lecture estim\u00e9e":"1 minute"},"schema":{"@context":"https:\/\/schema.org","@graph":[{"@type":"WebPage","@id":"https:\/\/paracherkaoui.ma\/index.php\/produit\/biomimetic-antioxidant-base-de-traitement-30-ml\/","url":"https:\/\/paracherkaoui.ma\/index.php\/produit\/biomimetic-antioxidant-base-de-traitement-30-ml\/","name":"BIOMIMETIC ANTIOXIDANT BASE DE TRAITEMENT 30 ML - Paracherkaoui.ma","isPartOf":{"@id":"https:\/\/paracherkaoui.ma\/#website"},"primaryImageOfPage":{"@id":"https:\/\/paracherkaoui.ma\/index.php\/produit\/biomimetic-antioxidant-base-de-traitement-30-ml\/#primaryimage"},"image":{"@id":"https:\/\/paracherkaoui.ma\/index.php\/produit\/biomimetic-antioxidant-base-de-traitement-30-ml\/#primaryimage"},"thumbnailUrl":"https:\/\/paracherkaoui.ma\/wp-content\/uploads\/2025\/12\/biomimetic-biomimetic-antioxidant-base-de-traitement-30-ml-home.jpg","datePublished":"2025-12-12T17:26:19+00:00","dateModified":"2025-12-12T17:26:21+00:00","breadcrumb":{"@id":"https:\/\/paracherkaoui.ma\/index.php\/produit\/biomimetic-antioxidant-base-de-traitement-30-ml\/#breadcrumb"},"inLanguage":"fr-FR","potentialAction":[{"@type":"ReadAction","target":["https:\/\/paracherkaoui.ma\/index.php\/produit\/biomimetic-antioxidant-base-de-traitement-30-ml\/"]}]},{"@type":"ImageObject","inLanguage":"fr-FR","@id":"https:\/\/paracherkaoui.ma\/index.php\/produit\/biomimetic-antioxidant-base-de-traitement-30-ml\/#primaryimage","url":"https:\/\/paracherkaoui.ma\/wp-content\/uploads\/2025\/12\/biomimetic-biomimetic-antioxidant-base-de-traitement-30-ml-home.jpg","contentUrl":"https:\/\/paracherkaoui.ma\/wp-content\/uploads\/2025\/12\/biomimetic-biomimetic-antioxidant-base-de-traitement-30-ml-home.jpg","width":700,"height":700},{"@type":"BreadcrumbList","@id":"https:\/\/paracherkaoui.ma\/index.php\/produit\/biomimetic-antioxidant-base-de-traitement-30-ml\/#breadcrumb","itemListElement":[{"@type":"ListItem","position":1,"name":"Accueil","item":"https:\/\/paracherkaoui.ma\/"},{"@type":"ListItem","position":2,"name":"Boutique","item":"https:\/\/paracherkaoui.ma\/index.php\/boutique\/"},{"@type":"ListItem","position":3,"name":"BIOMIMETIC ANTIOXIDANT BASE DE TRAITEMENT 30 ML"}]},{"@type":"WebSite","@id":"https:\/\/paracherkaoui.ma\/#website","url":"https:\/\/paracherkaoui.ma\/","name":"Paracherkaoui.ma","description":"Achetez en ligne sur Paracherkaoui.ma","potentialAction":[{"@type":"SearchAction","target":{"@type":"EntryPoint","urlTemplate":"https:\/\/paracherkaoui.ma\/?s={search_term_string}"},"query-input":{"@type":"PropertyValueSpecification","valueRequired":true,"valueName":"search_term_string"}}],"inLanguage":"fr-FR"}]}},"_links":{"self":[{"href":"https:\/\/paracherkaoui.ma\/index.php\/wp-json\/wp\/v2\/product\/27174","targetHints":{"allow":["GET"]}}],"collection":[{"href":"https:\/\/paracherkaoui.ma\/index.php\/wp-json\/wp\/v2\/product"}],"about":[{"href":"https:\/\/paracherkaoui.ma\/index.php\/wp-json\/wp\/v2\/types\/product"}],"replies":[{"embeddable":true,"href":"https:\/\/paracherkaoui.ma\/index.php\/wp-json\/wp\/v2\/comments?post=27174"}],"version-history":[{"count":1,"href":"https:\/\/paracherkaoui.ma\/index.php\/wp-json\/wp\/v2\/product\/27174\/revisions"}],"predecessor-version":[{"id":27207,"href":"https:\/\/paracherkaoui.ma\/index.php\/wp-json\/wp\/v2\/product\/27174\/revisions\/27207"}],"wp:featuredmedia":[{"embeddable":true,"href":"https:\/\/paracherkaoui.ma\/index.php\/wp-json\/wp\/v2\/media\/27206"}],"wp:attachment":[{"href":"https:\/\/paracherkaoui.ma\/index.php\/wp-json\/wp\/v2\/media?parent=27174"}],"wp:term":[{"taxonomy":"product_brand","embeddable":true,"href":"https:\/\/paracherkaoui.ma\/index.php\/wp-json\/wp\/v2\/product_brand?post=27174"},{"taxonomy":"product_cat","embeddable":true,"href":"https:\/\/paracherkaoui.ma\/index.php\/wp-json\/wp\/v2\/product_cat?post=27174"},{"taxonomy":"product_tag","embeddable":true,"href":"https:\/\/paracherkaoui.ma\/index.php\/wp-json\/wp\/v2\/product_tag?post=27174"}],"curies":[{"name":"wp","href":"https:\/\/api.w.org\/{rel}","templated":true}]}}