{"id":27122,"date":"2025-12-12T18:26:03","date_gmt":"2025-12-12T17:26:03","guid":{"rendered":"https:\/\/test.ecbeaute.com\/?post_type=product&#038;p=27122"},"modified":"2025-12-12T18:26:05","modified_gmt":"2025-12-12T17:26:05","slug":"anubis-total-hydrating-bi-gel-50-ml","status":"publish","type":"product","link":"https:\/\/paracherkaoui.ma\/index.php\/produit\/anubis-total-hydrating-bi-gel-50-ml\/","title":{"rendered":"ANUBIS TOTAL HYDRATING BI GEL 50 ML"},"content":{"rendered":"<p>Emulsion rafra\u00eechissante de texture bi-gel \u00e0 effet \u00ab quick break \u00bb, qui p\u00e9n\u00e8tre la peau au contact. Au niveau superficiel, procure une hydratation imm\u00e9diate. Au niveau interne, procure un effet hydratant \u00e0 long terme et durable. L&rsquo;effet hydratant imm\u00e9diat donne \u00e0 la peau un aspect plus homog\u00e8ne tandis que son action hydratante profonde est progressive et de plus longue dur\u00e9e.<br \/>\nIndiqu\u00e9 pour tous les types de peaux, m\u00eame les plus sensibles, ayant besoin de protection et d&rsquo;un niveau d&rsquo;hydratation sup\u00e9rieur<br \/>\nConseils d&rsquo;utilisation:<br \/>\nSur une peau propre, appliquer sur le visage, le cou et le d\u00e9collet\u00e9, effectuez un massage doux jusqu&rsquo;\u00e0 absorption compl\u00e8te.<\/p>\n","protected":false},"excerpt":{"rendered":"<p>Emulsion rafra\u00eechissante de texture bi-gel \u00e0 effet \u00ab quick break \u00bb, qui p\u00e9n\u00e8tre la peau au contact. Au niveau superficiel,<\/p>\n","protected":false},"featured_media":27145,"comment_status":"open","ping_status":"closed","template":"","meta":[],"product_brand":[376],"product_cat":[525],"product_tag":[],"class_list":{"0":"post-27122","1":"product","2":"type-product","3":"status-publish","4":"has-post-thumbnail","6":"product_brand-anubis","7":"product_cat-cremes-jour","9":"first","10":"instock","11":"sale","12":"shipping-taxable","13":"purchasable","14":"product-type-simple"},"yoast_head":"<!-- This site is optimized with the Yoast SEO plugin v26.6 - https:\/\/yoast.com\/wordpress\/plugins\/seo\/ -->\r\n<title>ANUBIS TOTAL HYDRATING BI GEL 50 ML - Paracherkaoui.ma<\/title>\r\n<meta name=\"robots\" content=\"index, follow, max-snippet:-1, max-image-preview:large, max-video-preview:-1\" \/>\r\n<link rel=\"canonical\" href=\"https:\/\/paracherkaoui.ma\/index.php\/produit\/anubis-total-hydrating-bi-gel-50-ml\/\" \/>\r\n<meta property=\"og:locale\" content=\"fr_FR\" \/>\r\n<meta property=\"og:type\" content=\"article\" \/>\r\n<meta property=\"og:title\" content=\"ANUBIS TOTAL HYDRATING BI GEL 50 ML - Paracherkaoui.ma\" \/>\r\n<meta property=\"og:description\" content=\"Emulsion rafra\u00eechissante de texture bi-gel \u00e0 effet \u00ab quick break \u00bb, qui p\u00e9n\u00e8tre la peau au contact. Au niveau superficiel,\" \/>\r\n<meta property=\"og:url\" content=\"https:\/\/paracherkaoui.ma\/index.php\/produit\/anubis-total-hydrating-bi-gel-50-ml\/\" \/>\r\n<meta property=\"og:site_name\" content=\"Paracherkaoui.ma\" \/>\r\n<meta property=\"article:modified_time\" content=\"2025-12-12T17:26:05+00:00\" \/>\r\n<meta property=\"og:image\" content=\"https:\/\/paracherkaoui.ma\/wp-content\/uploads\/2025\/12\/anubis-anubis-total-hydrating-bi-gel-50-ml-home.jpg\" \/>\r\n\t<meta property=\"og:image:width\" content=\"700\" \/>\r\n\t<meta property=\"og:image:height\" content=\"700\" \/>\r\n\t<meta property=\"og:image:type\" content=\"image\/jpeg\" \/>\r\n<meta name=\"twitter:card\" content=\"summary_large_image\" \/>\r\n<meta name=\"twitter:label1\" content=\"Dur\u00e9e de lecture estim\u00e9e\" \/>\n\t<meta name=\"twitter:data1\" content=\"1 minute\" \/>\r\n<script type=\"application\/ld+json\" class=\"yoast-schema-graph\">{\"@context\":\"https:\/\/schema.org\",\"@graph\":[{\"@type\":\"WebPage\",\"@id\":\"https:\/\/paracherkaoui.ma\/index.php\/produit\/anubis-total-hydrating-bi-gel-50-ml\/\",\"url\":\"https:\/\/paracherkaoui.ma\/index.php\/produit\/anubis-total-hydrating-bi-gel-50-ml\/\",\"name\":\"ANUBIS TOTAL HYDRATING BI GEL 50 ML - Paracherkaoui.ma\",\"isPartOf\":{\"@id\":\"https:\/\/paracherkaoui.ma\/#website\"},\"primaryImageOfPage\":{\"@id\":\"https:\/\/paracherkaoui.ma\/index.php\/produit\/anubis-total-hydrating-bi-gel-50-ml\/#primaryimage\"},\"image\":{\"@id\":\"https:\/\/paracherkaoui.ma\/index.php\/produit\/anubis-total-hydrating-bi-gel-50-ml\/#primaryimage\"},\"thumbnailUrl\":\"https:\/\/paracherkaoui.ma\/wp-content\/uploads\/2025\/12\/anubis-anubis-total-hydrating-bi-gel-50-ml-home.jpg\",\"datePublished\":\"2025-12-12T17:26:03+00:00\",\"dateModified\":\"2025-12-12T17:26:05+00:00\",\"breadcrumb\":{\"@id\":\"https:\/\/paracherkaoui.ma\/index.php\/produit\/anubis-total-hydrating-bi-gel-50-ml\/#breadcrumb\"},\"inLanguage\":\"fr-FR\",\"potentialAction\":[{\"@type\":\"ReadAction\",\"target\":[\"https:\/\/paracherkaoui.ma\/index.php\/produit\/anubis-total-hydrating-bi-gel-50-ml\/\"]}]},{\"@type\":\"ImageObject\",\"inLanguage\":\"fr-FR\",\"@id\":\"https:\/\/paracherkaoui.ma\/index.php\/produit\/anubis-total-hydrating-bi-gel-50-ml\/#primaryimage\",\"url\":\"https:\/\/paracherkaoui.ma\/wp-content\/uploads\/2025\/12\/anubis-anubis-total-hydrating-bi-gel-50-ml-home.jpg\",\"contentUrl\":\"https:\/\/paracherkaoui.ma\/wp-content\/uploads\/2025\/12\/anubis-anubis-total-hydrating-bi-gel-50-ml-home.jpg\",\"width\":700,\"height\":700},{\"@type\":\"BreadcrumbList\",\"@id\":\"https:\/\/paracherkaoui.ma\/index.php\/produit\/anubis-total-hydrating-bi-gel-50-ml\/#breadcrumb\",\"itemListElement\":[{\"@type\":\"ListItem\",\"position\":1,\"name\":\"Accueil\",\"item\":\"https:\/\/paracherkaoui.ma\/\"},{\"@type\":\"ListItem\",\"position\":2,\"name\":\"Boutique\",\"item\":\"https:\/\/paracherkaoui.ma\/index.php\/boutique\/\"},{\"@type\":\"ListItem\",\"position\":3,\"name\":\"ANUBIS TOTAL HYDRATING BI GEL 50 ML\"}]},{\"@type\":\"WebSite\",\"@id\":\"https:\/\/paracherkaoui.ma\/#website\",\"url\":\"https:\/\/paracherkaoui.ma\/\",\"name\":\"Paracherkaoui.ma\",\"description\":\"Achetez en ligne sur Paracherkaoui.ma\",\"potentialAction\":[{\"@type\":\"SearchAction\",\"target\":{\"@type\":\"EntryPoint\",\"urlTemplate\":\"https:\/\/paracherkaoui.ma\/?s={search_term_string}\"},\"query-input\":{\"@type\":\"PropertyValueSpecification\",\"valueRequired\":true,\"valueName\":\"search_term_string\"}}],\"inLanguage\":\"fr-FR\"}]}<\/script>\r\n<!-- \/ Yoast SEO plugin. -->","yoast_head_json":{"title":"ANUBIS TOTAL HYDRATING BI GEL 50 ML - Paracherkaoui.ma","robots":{"index":"index","follow":"follow","max-snippet":"max-snippet:-1","max-image-preview":"max-image-preview:large","max-video-preview":"max-video-preview:-1"},"canonical":"https:\/\/paracherkaoui.ma\/index.php\/produit\/anubis-total-hydrating-bi-gel-50-ml\/","og_locale":"fr_FR","og_type":"article","og_title":"ANUBIS TOTAL HYDRATING BI GEL 50 ML - Paracherkaoui.ma","og_description":"Emulsion rafra\u00eechissante de texture bi-gel \u00e0 effet \u00ab quick break \u00bb, qui p\u00e9n\u00e8tre la peau au contact. Au niveau superficiel,","og_url":"https:\/\/paracherkaoui.ma\/index.php\/produit\/anubis-total-hydrating-bi-gel-50-ml\/","og_site_name":"Paracherkaoui.ma","article_modified_time":"2025-12-12T17:26:05+00:00","og_image":[{"width":700,"height":700,"url":"https:\/\/paracherkaoui.ma\/wp-content\/uploads\/2025\/12\/anubis-anubis-total-hydrating-bi-gel-50-ml-home.jpg","type":"image\/jpeg"}],"twitter_card":"summary_large_image","twitter_misc":{"Dur\u00e9e de lecture estim\u00e9e":"1 minute"},"schema":{"@context":"https:\/\/schema.org","@graph":[{"@type":"WebPage","@id":"https:\/\/paracherkaoui.ma\/index.php\/produit\/anubis-total-hydrating-bi-gel-50-ml\/","url":"https:\/\/paracherkaoui.ma\/index.php\/produit\/anubis-total-hydrating-bi-gel-50-ml\/","name":"ANUBIS TOTAL HYDRATING BI GEL 50 ML - Paracherkaoui.ma","isPartOf":{"@id":"https:\/\/paracherkaoui.ma\/#website"},"primaryImageOfPage":{"@id":"https:\/\/paracherkaoui.ma\/index.php\/produit\/anubis-total-hydrating-bi-gel-50-ml\/#primaryimage"},"image":{"@id":"https:\/\/paracherkaoui.ma\/index.php\/produit\/anubis-total-hydrating-bi-gel-50-ml\/#primaryimage"},"thumbnailUrl":"https:\/\/paracherkaoui.ma\/wp-content\/uploads\/2025\/12\/anubis-anubis-total-hydrating-bi-gel-50-ml-home.jpg","datePublished":"2025-12-12T17:26:03+00:00","dateModified":"2025-12-12T17:26:05+00:00","breadcrumb":{"@id":"https:\/\/paracherkaoui.ma\/index.php\/produit\/anubis-total-hydrating-bi-gel-50-ml\/#breadcrumb"},"inLanguage":"fr-FR","potentialAction":[{"@type":"ReadAction","target":["https:\/\/paracherkaoui.ma\/index.php\/produit\/anubis-total-hydrating-bi-gel-50-ml\/"]}]},{"@type":"ImageObject","inLanguage":"fr-FR","@id":"https:\/\/paracherkaoui.ma\/index.php\/produit\/anubis-total-hydrating-bi-gel-50-ml\/#primaryimage","url":"https:\/\/paracherkaoui.ma\/wp-content\/uploads\/2025\/12\/anubis-anubis-total-hydrating-bi-gel-50-ml-home.jpg","contentUrl":"https:\/\/paracherkaoui.ma\/wp-content\/uploads\/2025\/12\/anubis-anubis-total-hydrating-bi-gel-50-ml-home.jpg","width":700,"height":700},{"@type":"BreadcrumbList","@id":"https:\/\/paracherkaoui.ma\/index.php\/produit\/anubis-total-hydrating-bi-gel-50-ml\/#breadcrumb","itemListElement":[{"@type":"ListItem","position":1,"name":"Accueil","item":"https:\/\/paracherkaoui.ma\/"},{"@type":"ListItem","position":2,"name":"Boutique","item":"https:\/\/paracherkaoui.ma\/index.php\/boutique\/"},{"@type":"ListItem","position":3,"name":"ANUBIS TOTAL HYDRATING BI GEL 50 ML"}]},{"@type":"WebSite","@id":"https:\/\/paracherkaoui.ma\/#website","url":"https:\/\/paracherkaoui.ma\/","name":"Paracherkaoui.ma","description":"Achetez en ligne sur Paracherkaoui.ma","potentialAction":[{"@type":"SearchAction","target":{"@type":"EntryPoint","urlTemplate":"https:\/\/paracherkaoui.ma\/?s={search_term_string}"},"query-input":{"@type":"PropertyValueSpecification","valueRequired":true,"valueName":"search_term_string"}}],"inLanguage":"fr-FR"}]}},"_links":{"self":[{"href":"https:\/\/paracherkaoui.ma\/index.php\/wp-json\/wp\/v2\/product\/27122","targetHints":{"allow":["GET"]}}],"collection":[{"href":"https:\/\/paracherkaoui.ma\/index.php\/wp-json\/wp\/v2\/product"}],"about":[{"href":"https:\/\/paracherkaoui.ma\/index.php\/wp-json\/wp\/v2\/types\/product"}],"replies":[{"embeddable":true,"href":"https:\/\/paracherkaoui.ma\/index.php\/wp-json\/wp\/v2\/comments?post=27122"}],"version-history":[{"count":1,"href":"https:\/\/paracherkaoui.ma\/index.php\/wp-json\/wp\/v2\/product\/27122\/revisions"}],"predecessor-version":[{"id":27146,"href":"https:\/\/paracherkaoui.ma\/index.php\/wp-json\/wp\/v2\/product\/27122\/revisions\/27146"}],"wp:featuredmedia":[{"embeddable":true,"href":"https:\/\/paracherkaoui.ma\/index.php\/wp-json\/wp\/v2\/media\/27145"}],"wp:attachment":[{"href":"https:\/\/paracherkaoui.ma\/index.php\/wp-json\/wp\/v2\/media?parent=27122"}],"wp:term":[{"taxonomy":"product_brand","embeddable":true,"href":"https:\/\/paracherkaoui.ma\/index.php\/wp-json\/wp\/v2\/product_brand?post=27122"},{"taxonomy":"product_cat","embeddable":true,"href":"https:\/\/paracherkaoui.ma\/index.php\/wp-json\/wp\/v2\/product_cat?post=27122"},{"taxonomy":"product_tag","embeddable":true,"href":"https:\/\/paracherkaoui.ma\/index.php\/wp-json\/wp\/v2\/product_tag?post=27122"}],"curies":[{"name":"wp","href":"https:\/\/api.w.org\/{rel}","templated":true}]}}