{"id":27058,"date":"2025-12-12T18:25:56","date_gmt":"2025-12-12T17:25:56","guid":{"rendered":"https:\/\/test.ecbeaute.com\/?post_type=product&#038;p=27058"},"modified":"2025-12-12T18:26:01","modified_gmt":"2025-12-12T17:26:01","slug":"centaurea-serum-niacinamide-10-30-ml","status":"publish","type":"product","link":"https:\/\/paracherkaoui.ma\/index.php\/produit\/centaurea-serum-niacinamide-10-30-ml\/","title":{"rendered":"CENTAUREA SERUM NIACINAMIDE 10% 30 ML"},"content":{"rendered":"<p>D\u00e9couvrez le s\u00e9rum Centaurea Niacinamide 10% en format 30 ml, un soin puissant et innovant con\u00e7u pour corriger efficacement les taches pigmentaires et redonner \u00e0 votre peau son \u00e9clat naturel. Formul\u00e9 avec 10% de Niacinamide pur, cet actif agit en profondeur pour unifier le teint, r\u00e9duire les inflammations et pr\u00e9venir l&rsquo;apparition de nouvelles imperfections. Gr\u00e2ce \u00e0 ses propri\u00e9t\u00e9s apaisantes et r\u00e9paratrices, il convient \u00e0 tous les types de peaux, y compris les plus sensibles.<br \/>\nL&rsquo;ingr\u00e9dient phare, la Niacinamide, est reconnu pour sa capacit\u00e9 \u00e0 renforcer la barri\u00e8re cutan\u00e9e en r\u00e9gulant la production de s\u00e9bum, ce qui aide \u00e0 combattre les imperfections tout en hydratant intens\u00e9ment. En plus de son action d\u00e9pigmentante, ce s\u00e9rum am\u00e9liore la texture de la peau en r\u00e9duisant visiblement les rougeurs et les irr\u00e9gularit\u00e9s du teint. Il agit \u00e9galement comme un bouclier protecteur contre les agressions environnementales, parfait pour celles et ceux \u00e0 la recherche d\u2019un soin pr\u00e9ventif et correctif.<br \/>\nConseils d\u2019utilisation :<br \/>\nAppliquer matin et soir sur une peau propre et s\u00e8che avant la cr\u00e8me hydratante.<br \/>\nD\u00e9posez quelques gouttes dans le creux de la main et massez doucement sur le visage et le cou.<br \/>\nPour un r\u00e9sultat optimal, utilisez ce s\u00e9rum en compl\u00e9ment d\u2019un \u00e9cran solaire le matin afin d\u2019\u00e9viter l\u2019apparition de nouvelles taches.<br \/>\nAssociez-le \u00e0 des soins hydratants et apaisants pour une routine compl\u00e8te.<\/p>\n","protected":false},"excerpt":{"rendered":"<p>D\u00e9couvrez le s\u00e9rum Centaurea Niacinamide 10% en format 30 ml, un soin puissant et innovant con\u00e7u pour corriger efficacement les<\/p>\n","protected":false},"featured_media":27104,"comment_status":"open","ping_status":"closed","template":"","meta":[],"product_brand":[263],"product_cat":[525],"product_tag":[],"class_list":{"0":"post-27058","1":"product","2":"type-product","3":"status-publish","4":"has-post-thumbnail","6":"product_brand-centaurea","7":"product_cat-cremes-jour","9":"first","10":"instock","11":"sale","12":"shipping-taxable","13":"purchasable","14":"product-type-simple"},"yoast_head":"<!-- This site is optimized with the Yoast SEO plugin v26.6 - https:\/\/yoast.com\/wordpress\/plugins\/seo\/ -->\r\n<title>CENTAUREA SERUM NIACINAMIDE 10% 30 ML - Paracherkaoui.ma<\/title>\r\n<meta name=\"robots\" content=\"index, follow, max-snippet:-1, max-image-preview:large, max-video-preview:-1\" \/>\r\n<link rel=\"canonical\" href=\"https:\/\/paracherkaoui.ma\/index.php\/produit\/centaurea-serum-niacinamide-10-30-ml\/\" \/>\r\n<meta property=\"og:locale\" content=\"fr_FR\" \/>\r\n<meta property=\"og:type\" content=\"article\" \/>\r\n<meta property=\"og:title\" content=\"CENTAUREA SERUM NIACINAMIDE 10% 30 ML - Paracherkaoui.ma\" \/>\r\n<meta property=\"og:description\" content=\"D\u00e9couvrez le s\u00e9rum Centaurea Niacinamide 10% en format 30 ml, un soin puissant et innovant con\u00e7u pour corriger efficacement les\" \/>\r\n<meta property=\"og:url\" content=\"https:\/\/paracherkaoui.ma\/index.php\/produit\/centaurea-serum-niacinamide-10-30-ml\/\" \/>\r\n<meta property=\"og:site_name\" content=\"Paracherkaoui.ma\" \/>\r\n<meta property=\"article:modified_time\" content=\"2025-12-12T17:26:01+00:00\" \/>\r\n<meta property=\"og:image\" content=\"https:\/\/paracherkaoui.ma\/wp-content\/uploads\/2025\/12\/centaurea-centaurea-serum-niacinamide-10-30-ml-cremes-jour.jpg\" \/>\r\n\t<meta property=\"og:image:width\" content=\"700\" \/>\r\n\t<meta property=\"og:image:height\" content=\"700\" \/>\r\n\t<meta property=\"og:image:type\" content=\"image\/jpeg\" \/>\r\n<meta name=\"twitter:card\" content=\"summary_large_image\" \/>\r\n<meta name=\"twitter:label1\" content=\"Dur\u00e9e de lecture estim\u00e9e\" \/>\n\t<meta name=\"twitter:data1\" content=\"1 minute\" \/>\r\n<script type=\"application\/ld+json\" class=\"yoast-schema-graph\">{\"@context\":\"https:\/\/schema.org\",\"@graph\":[{\"@type\":\"WebPage\",\"@id\":\"https:\/\/paracherkaoui.ma\/index.php\/produit\/centaurea-serum-niacinamide-10-30-ml\/\",\"url\":\"https:\/\/paracherkaoui.ma\/index.php\/produit\/centaurea-serum-niacinamide-10-30-ml\/\",\"name\":\"CENTAUREA SERUM NIACINAMIDE 10% 30 ML - Paracherkaoui.ma\",\"isPartOf\":{\"@id\":\"https:\/\/paracherkaoui.ma\/#website\"},\"primaryImageOfPage\":{\"@id\":\"https:\/\/paracherkaoui.ma\/index.php\/produit\/centaurea-serum-niacinamide-10-30-ml\/#primaryimage\"},\"image\":{\"@id\":\"https:\/\/paracherkaoui.ma\/index.php\/produit\/centaurea-serum-niacinamide-10-30-ml\/#primaryimage\"},\"thumbnailUrl\":\"https:\/\/paracherkaoui.ma\/wp-content\/uploads\/2025\/12\/centaurea-centaurea-serum-niacinamide-10-30-ml-cremes-jour.jpg\",\"datePublished\":\"2025-12-12T17:25:56+00:00\",\"dateModified\":\"2025-12-12T17:26:01+00:00\",\"breadcrumb\":{\"@id\":\"https:\/\/paracherkaoui.ma\/index.php\/produit\/centaurea-serum-niacinamide-10-30-ml\/#breadcrumb\"},\"inLanguage\":\"fr-FR\",\"potentialAction\":[{\"@type\":\"ReadAction\",\"target\":[\"https:\/\/paracherkaoui.ma\/index.php\/produit\/centaurea-serum-niacinamide-10-30-ml\/\"]}]},{\"@type\":\"ImageObject\",\"inLanguage\":\"fr-FR\",\"@id\":\"https:\/\/paracherkaoui.ma\/index.php\/produit\/centaurea-serum-niacinamide-10-30-ml\/#primaryimage\",\"url\":\"https:\/\/paracherkaoui.ma\/wp-content\/uploads\/2025\/12\/centaurea-centaurea-serum-niacinamide-10-30-ml-cremes-jour.jpg\",\"contentUrl\":\"https:\/\/paracherkaoui.ma\/wp-content\/uploads\/2025\/12\/centaurea-centaurea-serum-niacinamide-10-30-ml-cremes-jour.jpg\",\"width\":700,\"height\":700},{\"@type\":\"BreadcrumbList\",\"@id\":\"https:\/\/paracherkaoui.ma\/index.php\/produit\/centaurea-serum-niacinamide-10-30-ml\/#breadcrumb\",\"itemListElement\":[{\"@type\":\"ListItem\",\"position\":1,\"name\":\"Accueil\",\"item\":\"https:\/\/paracherkaoui.ma\/\"},{\"@type\":\"ListItem\",\"position\":2,\"name\":\"Boutique\",\"item\":\"https:\/\/paracherkaoui.ma\/index.php\/boutique\/\"},{\"@type\":\"ListItem\",\"position\":3,\"name\":\"CENTAUREA SERUM NIACINAMIDE 10% 30 ML\"}]},{\"@type\":\"WebSite\",\"@id\":\"https:\/\/paracherkaoui.ma\/#website\",\"url\":\"https:\/\/paracherkaoui.ma\/\",\"name\":\"Paracherkaoui.ma\",\"description\":\"Achetez en ligne sur Paracherkaoui.ma\",\"potentialAction\":[{\"@type\":\"SearchAction\",\"target\":{\"@type\":\"EntryPoint\",\"urlTemplate\":\"https:\/\/paracherkaoui.ma\/?s={search_term_string}\"},\"query-input\":{\"@type\":\"PropertyValueSpecification\",\"valueRequired\":true,\"valueName\":\"search_term_string\"}}],\"inLanguage\":\"fr-FR\"}]}<\/script>\r\n<!-- \/ Yoast SEO plugin. -->","yoast_head_json":{"title":"CENTAUREA SERUM NIACINAMIDE 10% 30 ML - Paracherkaoui.ma","robots":{"index":"index","follow":"follow","max-snippet":"max-snippet:-1","max-image-preview":"max-image-preview:large","max-video-preview":"max-video-preview:-1"},"canonical":"https:\/\/paracherkaoui.ma\/index.php\/produit\/centaurea-serum-niacinamide-10-30-ml\/","og_locale":"fr_FR","og_type":"article","og_title":"CENTAUREA SERUM NIACINAMIDE 10% 30 ML - Paracherkaoui.ma","og_description":"D\u00e9couvrez le s\u00e9rum Centaurea Niacinamide 10% en format 30 ml, un soin puissant et innovant con\u00e7u pour corriger efficacement les","og_url":"https:\/\/paracherkaoui.ma\/index.php\/produit\/centaurea-serum-niacinamide-10-30-ml\/","og_site_name":"Paracherkaoui.ma","article_modified_time":"2025-12-12T17:26:01+00:00","og_image":[{"width":700,"height":700,"url":"https:\/\/paracherkaoui.ma\/wp-content\/uploads\/2025\/12\/centaurea-centaurea-serum-niacinamide-10-30-ml-cremes-jour.jpg","type":"image\/jpeg"}],"twitter_card":"summary_large_image","twitter_misc":{"Dur\u00e9e de lecture estim\u00e9e":"1 minute"},"schema":{"@context":"https:\/\/schema.org","@graph":[{"@type":"WebPage","@id":"https:\/\/paracherkaoui.ma\/index.php\/produit\/centaurea-serum-niacinamide-10-30-ml\/","url":"https:\/\/paracherkaoui.ma\/index.php\/produit\/centaurea-serum-niacinamide-10-30-ml\/","name":"CENTAUREA SERUM NIACINAMIDE 10% 30 ML - Paracherkaoui.ma","isPartOf":{"@id":"https:\/\/paracherkaoui.ma\/#website"},"primaryImageOfPage":{"@id":"https:\/\/paracherkaoui.ma\/index.php\/produit\/centaurea-serum-niacinamide-10-30-ml\/#primaryimage"},"image":{"@id":"https:\/\/paracherkaoui.ma\/index.php\/produit\/centaurea-serum-niacinamide-10-30-ml\/#primaryimage"},"thumbnailUrl":"https:\/\/paracherkaoui.ma\/wp-content\/uploads\/2025\/12\/centaurea-centaurea-serum-niacinamide-10-30-ml-cremes-jour.jpg","datePublished":"2025-12-12T17:25:56+00:00","dateModified":"2025-12-12T17:26:01+00:00","breadcrumb":{"@id":"https:\/\/paracherkaoui.ma\/index.php\/produit\/centaurea-serum-niacinamide-10-30-ml\/#breadcrumb"},"inLanguage":"fr-FR","potentialAction":[{"@type":"ReadAction","target":["https:\/\/paracherkaoui.ma\/index.php\/produit\/centaurea-serum-niacinamide-10-30-ml\/"]}]},{"@type":"ImageObject","inLanguage":"fr-FR","@id":"https:\/\/paracherkaoui.ma\/index.php\/produit\/centaurea-serum-niacinamide-10-30-ml\/#primaryimage","url":"https:\/\/paracherkaoui.ma\/wp-content\/uploads\/2025\/12\/centaurea-centaurea-serum-niacinamide-10-30-ml-cremes-jour.jpg","contentUrl":"https:\/\/paracherkaoui.ma\/wp-content\/uploads\/2025\/12\/centaurea-centaurea-serum-niacinamide-10-30-ml-cremes-jour.jpg","width":700,"height":700},{"@type":"BreadcrumbList","@id":"https:\/\/paracherkaoui.ma\/index.php\/produit\/centaurea-serum-niacinamide-10-30-ml\/#breadcrumb","itemListElement":[{"@type":"ListItem","position":1,"name":"Accueil","item":"https:\/\/paracherkaoui.ma\/"},{"@type":"ListItem","position":2,"name":"Boutique","item":"https:\/\/paracherkaoui.ma\/index.php\/boutique\/"},{"@type":"ListItem","position":3,"name":"CENTAUREA SERUM NIACINAMIDE 10% 30 ML"}]},{"@type":"WebSite","@id":"https:\/\/paracherkaoui.ma\/#website","url":"https:\/\/paracherkaoui.ma\/","name":"Paracherkaoui.ma","description":"Achetez en ligne sur Paracherkaoui.ma","potentialAction":[{"@type":"SearchAction","target":{"@type":"EntryPoint","urlTemplate":"https:\/\/paracherkaoui.ma\/?s={search_term_string}"},"query-input":{"@type":"PropertyValueSpecification","valueRequired":true,"valueName":"search_term_string"}}],"inLanguage":"fr-FR"}]}},"_links":{"self":[{"href":"https:\/\/paracherkaoui.ma\/index.php\/wp-json\/wp\/v2\/product\/27058","targetHints":{"allow":["GET"]}}],"collection":[{"href":"https:\/\/paracherkaoui.ma\/index.php\/wp-json\/wp\/v2\/product"}],"about":[{"href":"https:\/\/paracherkaoui.ma\/index.php\/wp-json\/wp\/v2\/types\/product"}],"replies":[{"embeddable":true,"href":"https:\/\/paracherkaoui.ma\/index.php\/wp-json\/wp\/v2\/comments?post=27058"}],"version-history":[{"count":1,"href":"https:\/\/paracherkaoui.ma\/index.php\/wp-json\/wp\/v2\/product\/27058\/revisions"}],"predecessor-version":[{"id":27105,"href":"https:\/\/paracherkaoui.ma\/index.php\/wp-json\/wp\/v2\/product\/27058\/revisions\/27105"}],"wp:featuredmedia":[{"embeddable":true,"href":"https:\/\/paracherkaoui.ma\/index.php\/wp-json\/wp\/v2\/media\/27104"}],"wp:attachment":[{"href":"https:\/\/paracherkaoui.ma\/index.php\/wp-json\/wp\/v2\/media?parent=27058"}],"wp:term":[{"taxonomy":"product_brand","embeddable":true,"href":"https:\/\/paracherkaoui.ma\/index.php\/wp-json\/wp\/v2\/product_brand?post=27058"},{"taxonomy":"product_cat","embeddable":true,"href":"https:\/\/paracherkaoui.ma\/index.php\/wp-json\/wp\/v2\/product_cat?post=27058"},{"taxonomy":"product_tag","embeddable":true,"href":"https:\/\/paracherkaoui.ma\/index.php\/wp-json\/wp\/v2\/product_tag?post=27058"}],"curies":[{"name":"wp","href":"https:\/\/api.w.org\/{rel}","templated":true}]}}