{"id":27048,"date":"2025-12-12T18:25:56","date_gmt":"2025-12-12T17:25:56","guid":{"rendered":"https:\/\/test.ecbeaute.com\/?post_type=product&#038;p=27048"},"modified":"2025-12-12T18:25:59","modified_gmt":"2025-12-12T17:25:59","slug":"bioderma-atoderm-pp-baume-ultra-nourrissant-200-ml-3","status":"publish","type":"product","link":"https:\/\/paracherkaoui.ma\/index.php\/produit\/bioderma-atoderm-pp-baume-ultra-nourrissant-200-ml-3\/","title":{"rendered":"BIODERMA ATODERM PP BAUME ULTRA NOURRISSANT 200 ML"},"content":{"rendered":"<p>Le soin \u00e9mollient ultra-nourrissant REPARATEUR de la barri\u00e8re cutan\u00e9e des peaux sensibles tr\u00e8s s\u00e8ches \u00e0 atopiques,<br \/>\n\u2022\u00a0Atoderm PP Baume\u00a0pr\u00e9vient les s\u00e9cheresses cutan\u00e9es s\u00e9v\u00e8res et r\u00e9cidivantes,<br \/>\n\u2022\u00a0Son complexe brevet\u00e9 \u00e9cod\u00e9fensine r\u00e9gule l&rsquo;\u00e9cosyst\u00e8me cutan\u00e9 et pr\u00e9serve l&rsquo;\u00e9quilibre biologique de la peau, Elle se d\u00e9fend mieux et de mani\u00e8re naturelle contre les agressions ext\u00e9rieures,<br \/>\n\u2022\u00a0La vitamine PP et les actifs hydratants r\u00e9parent et renforcent la barri\u00e8re cutan\u00e9e,<br \/>\n\u2022\u00a0Atoderm PP Baume\u00a0calme durablement les irritations et les d\u00e9mangeaisons, Il apporte un confort d\u00e8s la premi\u00e8re application,<br \/>\n\u2022\u00a0Sa texture onctueuse p\u00e9n\u00e8tre instantan\u00e9ment,<br \/>\n\u2022\u00a0Atoderm PP Baume\u00a0garantit une excellente tol\u00e9rance cutan\u00e9e,<br \/>\nConseils d&rsquo;utilisation<br \/>\nAppliquez g\u00e9n\u00e9reusement Atoderm PP Baume, 1 \u00e0 2 fois par jour, sur votre peau pr\u00e9alablement nettoy\u00e9e avec Atoderm PP Gel moussant\u00a0ou Atoderm Pain surgras,<\/p>\n","protected":false},"excerpt":{"rendered":"<p>Le soin \u00e9mollient ultra-nourrissant REPARATEUR de la barri\u00e8re cutan\u00e9e des peaux sensibles tr\u00e8s s\u00e8ches \u00e0 atopiques, \u2022\u00a0Atoderm PP Baume\u00a0pr\u00e9vient les<\/p>\n","protected":false},"featured_media":11454,"comment_status":"open","ping_status":"closed","template":"","meta":[],"product_brand":[137],"product_cat":[525],"product_tag":[],"class_list":{"0":"post-27048","1":"product","2":"type-product","3":"status-publish","4":"has-post-thumbnail","6":"product_brand-bioderma","7":"product_cat-cremes-jour","9":"first","10":"instock","11":"sale","12":"shipping-taxable","13":"purchasable","14":"product-type-simple"},"yoast_head":"<!-- This site is optimized with the Yoast SEO plugin v26.6 - https:\/\/yoast.com\/wordpress\/plugins\/seo\/ -->\r\n<title>BIODERMA ATODERM PP BAUME ULTRA NOURRISSANT 200 ML - Paracherkaoui.ma<\/title>\r\n<meta name=\"robots\" content=\"index, follow, max-snippet:-1, max-image-preview:large, max-video-preview:-1\" \/>\r\n<link rel=\"canonical\" href=\"https:\/\/paracherkaoui.ma\/index.php\/produit\/bioderma-atoderm-pp-baume-ultra-nourrissant-200-ml-3\/\" \/>\r\n<meta property=\"og:locale\" content=\"fr_FR\" \/>\r\n<meta property=\"og:type\" content=\"article\" \/>\r\n<meta property=\"og:title\" content=\"BIODERMA ATODERM PP BAUME ULTRA NOURRISSANT 200 ML - Paracherkaoui.ma\" \/>\r\n<meta property=\"og:description\" content=\"Le soin \u00e9mollient ultra-nourrissant REPARATEUR de la barri\u00e8re cutan\u00e9e des peaux sensibles tr\u00e8s s\u00e8ches \u00e0 atopiques, \u2022\u00a0Atoderm PP Baume\u00a0pr\u00e9vient les\" \/>\r\n<meta property=\"og:url\" content=\"https:\/\/paracherkaoui.ma\/index.php\/produit\/bioderma-atoderm-pp-baume-ultra-nourrissant-200-ml-3\/\" \/>\r\n<meta property=\"og:site_name\" content=\"Paracherkaoui.ma\" \/>\r\n<meta property=\"article:modified_time\" content=\"2025-12-12T17:25:59+00:00\" \/>\r\n<meta property=\"og:image\" content=\"https:\/\/paracherkaoui.ma\/wp-content\/uploads\/2025\/12\/bioderma-bioderma-atoderm-pp-baume-ultra-nourrissant-200-ml-home.jpg\" \/>\r\n\t<meta property=\"og:image:width\" content=\"700\" \/>\r\n\t<meta property=\"og:image:height\" content=\"700\" \/>\r\n\t<meta property=\"og:image:type\" content=\"image\/jpeg\" \/>\r\n<meta name=\"twitter:card\" content=\"summary_large_image\" \/>\r\n<meta name=\"twitter:label1\" content=\"Dur\u00e9e de lecture estim\u00e9e\" \/>\n\t<meta name=\"twitter:data1\" content=\"1 minute\" \/>\r\n<script type=\"application\/ld+json\" class=\"yoast-schema-graph\">{\"@context\":\"https:\/\/schema.org\",\"@graph\":[{\"@type\":\"WebPage\",\"@id\":\"https:\/\/paracherkaoui.ma\/index.php\/produit\/bioderma-atoderm-pp-baume-ultra-nourrissant-200-ml-3\/\",\"url\":\"https:\/\/paracherkaoui.ma\/index.php\/produit\/bioderma-atoderm-pp-baume-ultra-nourrissant-200-ml-3\/\",\"name\":\"BIODERMA ATODERM PP BAUME ULTRA NOURRISSANT 200 ML - Paracherkaoui.ma\",\"isPartOf\":{\"@id\":\"https:\/\/paracherkaoui.ma\/#website\"},\"primaryImageOfPage\":{\"@id\":\"https:\/\/paracherkaoui.ma\/index.php\/produit\/bioderma-atoderm-pp-baume-ultra-nourrissant-200-ml-3\/#primaryimage\"},\"image\":{\"@id\":\"https:\/\/paracherkaoui.ma\/index.php\/produit\/bioderma-atoderm-pp-baume-ultra-nourrissant-200-ml-3\/#primaryimage\"},\"thumbnailUrl\":\"https:\/\/paracherkaoui.ma\/wp-content\/uploads\/2025\/12\/bioderma-bioderma-atoderm-pp-baume-ultra-nourrissant-200-ml-home.jpg\",\"datePublished\":\"2025-12-12T17:25:56+00:00\",\"dateModified\":\"2025-12-12T17:25:59+00:00\",\"breadcrumb\":{\"@id\":\"https:\/\/paracherkaoui.ma\/index.php\/produit\/bioderma-atoderm-pp-baume-ultra-nourrissant-200-ml-3\/#breadcrumb\"},\"inLanguage\":\"fr-FR\",\"potentialAction\":[{\"@type\":\"ReadAction\",\"target\":[\"https:\/\/paracherkaoui.ma\/index.php\/produit\/bioderma-atoderm-pp-baume-ultra-nourrissant-200-ml-3\/\"]}]},{\"@type\":\"ImageObject\",\"inLanguage\":\"fr-FR\",\"@id\":\"https:\/\/paracherkaoui.ma\/index.php\/produit\/bioderma-atoderm-pp-baume-ultra-nourrissant-200-ml-3\/#primaryimage\",\"url\":\"https:\/\/paracherkaoui.ma\/wp-content\/uploads\/2025\/12\/bioderma-bioderma-atoderm-pp-baume-ultra-nourrissant-200-ml-home.jpg\",\"contentUrl\":\"https:\/\/paracherkaoui.ma\/wp-content\/uploads\/2025\/12\/bioderma-bioderma-atoderm-pp-baume-ultra-nourrissant-200-ml-home.jpg\",\"width\":700,\"height\":700},{\"@type\":\"BreadcrumbList\",\"@id\":\"https:\/\/paracherkaoui.ma\/index.php\/produit\/bioderma-atoderm-pp-baume-ultra-nourrissant-200-ml-3\/#breadcrumb\",\"itemListElement\":[{\"@type\":\"ListItem\",\"position\":1,\"name\":\"Accueil\",\"item\":\"https:\/\/paracherkaoui.ma\/\"},{\"@type\":\"ListItem\",\"position\":2,\"name\":\"Boutique\",\"item\":\"https:\/\/paracherkaoui.ma\/index.php\/boutique\/\"},{\"@type\":\"ListItem\",\"position\":3,\"name\":\"BIODERMA ATODERM PP BAUME ULTRA NOURRISSANT 200 ML\"}]},{\"@type\":\"WebSite\",\"@id\":\"https:\/\/paracherkaoui.ma\/#website\",\"url\":\"https:\/\/paracherkaoui.ma\/\",\"name\":\"Paracherkaoui.ma\",\"description\":\"Achetez en ligne sur Paracherkaoui.ma\",\"potentialAction\":[{\"@type\":\"SearchAction\",\"target\":{\"@type\":\"EntryPoint\",\"urlTemplate\":\"https:\/\/paracherkaoui.ma\/?s={search_term_string}\"},\"query-input\":{\"@type\":\"PropertyValueSpecification\",\"valueRequired\":true,\"valueName\":\"search_term_string\"}}],\"inLanguage\":\"fr-FR\"}]}<\/script>\r\n<!-- \/ Yoast SEO plugin. -->","yoast_head_json":{"title":"BIODERMA ATODERM PP BAUME ULTRA NOURRISSANT 200 ML - Paracherkaoui.ma","robots":{"index":"index","follow":"follow","max-snippet":"max-snippet:-1","max-image-preview":"max-image-preview:large","max-video-preview":"max-video-preview:-1"},"canonical":"https:\/\/paracherkaoui.ma\/index.php\/produit\/bioderma-atoderm-pp-baume-ultra-nourrissant-200-ml-3\/","og_locale":"fr_FR","og_type":"article","og_title":"BIODERMA ATODERM PP BAUME ULTRA NOURRISSANT 200 ML - Paracherkaoui.ma","og_description":"Le soin \u00e9mollient ultra-nourrissant REPARATEUR de la barri\u00e8re cutan\u00e9e des peaux sensibles tr\u00e8s s\u00e8ches \u00e0 atopiques, \u2022\u00a0Atoderm PP Baume\u00a0pr\u00e9vient les","og_url":"https:\/\/paracherkaoui.ma\/index.php\/produit\/bioderma-atoderm-pp-baume-ultra-nourrissant-200-ml-3\/","og_site_name":"Paracherkaoui.ma","article_modified_time":"2025-12-12T17:25:59+00:00","og_image":[{"width":700,"height":700,"url":"https:\/\/paracherkaoui.ma\/wp-content\/uploads\/2025\/12\/bioderma-bioderma-atoderm-pp-baume-ultra-nourrissant-200-ml-home.jpg","type":"image\/jpeg"}],"twitter_card":"summary_large_image","twitter_misc":{"Dur\u00e9e de lecture estim\u00e9e":"1 minute"},"schema":{"@context":"https:\/\/schema.org","@graph":[{"@type":"WebPage","@id":"https:\/\/paracherkaoui.ma\/index.php\/produit\/bioderma-atoderm-pp-baume-ultra-nourrissant-200-ml-3\/","url":"https:\/\/paracherkaoui.ma\/index.php\/produit\/bioderma-atoderm-pp-baume-ultra-nourrissant-200-ml-3\/","name":"BIODERMA ATODERM PP BAUME ULTRA NOURRISSANT 200 ML - Paracherkaoui.ma","isPartOf":{"@id":"https:\/\/paracherkaoui.ma\/#website"},"primaryImageOfPage":{"@id":"https:\/\/paracherkaoui.ma\/index.php\/produit\/bioderma-atoderm-pp-baume-ultra-nourrissant-200-ml-3\/#primaryimage"},"image":{"@id":"https:\/\/paracherkaoui.ma\/index.php\/produit\/bioderma-atoderm-pp-baume-ultra-nourrissant-200-ml-3\/#primaryimage"},"thumbnailUrl":"https:\/\/paracherkaoui.ma\/wp-content\/uploads\/2025\/12\/bioderma-bioderma-atoderm-pp-baume-ultra-nourrissant-200-ml-home.jpg","datePublished":"2025-12-12T17:25:56+00:00","dateModified":"2025-12-12T17:25:59+00:00","breadcrumb":{"@id":"https:\/\/paracherkaoui.ma\/index.php\/produit\/bioderma-atoderm-pp-baume-ultra-nourrissant-200-ml-3\/#breadcrumb"},"inLanguage":"fr-FR","potentialAction":[{"@type":"ReadAction","target":["https:\/\/paracherkaoui.ma\/index.php\/produit\/bioderma-atoderm-pp-baume-ultra-nourrissant-200-ml-3\/"]}]},{"@type":"ImageObject","inLanguage":"fr-FR","@id":"https:\/\/paracherkaoui.ma\/index.php\/produit\/bioderma-atoderm-pp-baume-ultra-nourrissant-200-ml-3\/#primaryimage","url":"https:\/\/paracherkaoui.ma\/wp-content\/uploads\/2025\/12\/bioderma-bioderma-atoderm-pp-baume-ultra-nourrissant-200-ml-home.jpg","contentUrl":"https:\/\/paracherkaoui.ma\/wp-content\/uploads\/2025\/12\/bioderma-bioderma-atoderm-pp-baume-ultra-nourrissant-200-ml-home.jpg","width":700,"height":700},{"@type":"BreadcrumbList","@id":"https:\/\/paracherkaoui.ma\/index.php\/produit\/bioderma-atoderm-pp-baume-ultra-nourrissant-200-ml-3\/#breadcrumb","itemListElement":[{"@type":"ListItem","position":1,"name":"Accueil","item":"https:\/\/paracherkaoui.ma\/"},{"@type":"ListItem","position":2,"name":"Boutique","item":"https:\/\/paracherkaoui.ma\/index.php\/boutique\/"},{"@type":"ListItem","position":3,"name":"BIODERMA ATODERM PP BAUME ULTRA NOURRISSANT 200 ML"}]},{"@type":"WebSite","@id":"https:\/\/paracherkaoui.ma\/#website","url":"https:\/\/paracherkaoui.ma\/","name":"Paracherkaoui.ma","description":"Achetez en ligne sur Paracherkaoui.ma","potentialAction":[{"@type":"SearchAction","target":{"@type":"EntryPoint","urlTemplate":"https:\/\/paracherkaoui.ma\/?s={search_term_string}"},"query-input":{"@type":"PropertyValueSpecification","valueRequired":true,"valueName":"search_term_string"}}],"inLanguage":"fr-FR"}]}},"_links":{"self":[{"href":"https:\/\/paracherkaoui.ma\/index.php\/wp-json\/wp\/v2\/product\/27048","targetHints":{"allow":["GET"]}}],"collection":[{"href":"https:\/\/paracherkaoui.ma\/index.php\/wp-json\/wp\/v2\/product"}],"about":[{"href":"https:\/\/paracherkaoui.ma\/index.php\/wp-json\/wp\/v2\/types\/product"}],"replies":[{"embeddable":true,"href":"https:\/\/paracherkaoui.ma\/index.php\/wp-json\/wp\/v2\/comments?post=27048"}],"version-history":[{"count":1,"href":"https:\/\/paracherkaoui.ma\/index.php\/wp-json\/wp\/v2\/product\/27048\/revisions"}],"predecessor-version":[{"id":27089,"href":"https:\/\/paracherkaoui.ma\/index.php\/wp-json\/wp\/v2\/product\/27048\/revisions\/27089"}],"wp:featuredmedia":[{"embeddable":true,"href":"https:\/\/paracherkaoui.ma\/index.php\/wp-json\/wp\/v2\/media\/11454"}],"wp:attachment":[{"href":"https:\/\/paracherkaoui.ma\/index.php\/wp-json\/wp\/v2\/media?parent=27048"}],"wp:term":[{"taxonomy":"product_brand","embeddable":true,"href":"https:\/\/paracherkaoui.ma\/index.php\/wp-json\/wp\/v2\/product_brand?post=27048"},{"taxonomy":"product_cat","embeddable":true,"href":"https:\/\/paracherkaoui.ma\/index.php\/wp-json\/wp\/v2\/product_cat?post=27048"},{"taxonomy":"product_tag","embeddable":true,"href":"https:\/\/paracherkaoui.ma\/index.php\/wp-json\/wp\/v2\/product_tag?post=27048"}],"curies":[{"name":"wp","href":"https:\/\/api.w.org\/{rel}","templated":true}]}}