{"id":27045,"date":"2025-12-12T18:25:56","date_gmt":"2025-12-12T17:25:56","guid":{"rendered":"https:\/\/test.ecbeaute.com\/?post_type=product&#038;p=27045"},"modified":"2025-12-12T18:25:59","modified_gmt":"2025-12-12T17:25:59","slug":"d-biotic-baume-hydratant-regenerant-150-ml","status":"publish","type":"product","link":"https:\/\/paracherkaoui.ma\/index.php\/produit\/d-biotic-baume-hydratant-regenerant-150-ml\/","title":{"rendered":"D BIOTIC BAUME HYDRATANT REGENERANT 150 ML"},"content":{"rendered":"<p>Le baume hydratant r\u00e9g\u00e9n\u00e9rant D-Biotic est un soin exceptionnellement hydratant, soigneusement \u00e9labor\u00e9 avec une combinaison puissante de sept (07) c\u00e9ramides et d\u2019actifs hydratants, r\u00e9g\u00e9n\u00e9rants et restructurants pour l\u2019\u00e9cosyst\u00e8me cutan\u00e9. Sa formule riche offre une solution compl\u00e8te pour nourrir et revitaliser la peau, la laissant douce, souple et \u00e9clatante.<br \/>\nConseils d\u2019application :<br \/>\nMatin et soir, int\u00e9grez D-Biotic Baume Hydratant R\u00e9g\u00e9n\u00e9rant dans votre routine de soins.<br \/>\nAppliquez g\u00e9n\u00e9reusement sur le visage et le corps.<\/p>\n","protected":false},"excerpt":{"rendered":"<p>Le baume hydratant r\u00e9g\u00e9n\u00e9rant D-Biotic est un soin exceptionnellement hydratant, soigneusement \u00e9labor\u00e9 avec une combinaison puissante de sept (07) c\u00e9ramides<\/p>\n","protected":false},"featured_media":27083,"comment_status":"open","ping_status":"closed","template":"","meta":[],"product_brand":[382],"product_cat":[525],"product_tag":[],"class_list":{"0":"post-27045","1":"product","2":"type-product","3":"status-publish","4":"has-post-thumbnail","6":"product_brand-d-biotic","7":"product_cat-cremes-jour","9":"first","10":"instock","11":"sale","12":"shipping-taxable","13":"purchasable","14":"product-type-simple"},"yoast_head":"<!-- This site is optimized with the Yoast SEO plugin v26.6 - https:\/\/yoast.com\/wordpress\/plugins\/seo\/ -->\r\n<title>D BIOTIC BAUME HYDRATANT REGENERANT 150 ML - Paracherkaoui.ma<\/title>\r\n<meta name=\"robots\" content=\"index, follow, max-snippet:-1, max-image-preview:large, max-video-preview:-1\" \/>\r\n<link rel=\"canonical\" href=\"https:\/\/paracherkaoui.ma\/index.php\/produit\/d-biotic-baume-hydratant-regenerant-150-ml\/\" \/>\r\n<meta property=\"og:locale\" content=\"fr_FR\" \/>\r\n<meta property=\"og:type\" content=\"article\" \/>\r\n<meta property=\"og:title\" content=\"D BIOTIC BAUME HYDRATANT REGENERANT 150 ML - Paracherkaoui.ma\" \/>\r\n<meta property=\"og:description\" content=\"Le baume hydratant r\u00e9g\u00e9n\u00e9rant D-Biotic est un soin exceptionnellement hydratant, soigneusement \u00e9labor\u00e9 avec une combinaison puissante de sept (07) c\u00e9ramides\" \/>\r\n<meta property=\"og:url\" content=\"https:\/\/paracherkaoui.ma\/index.php\/produit\/d-biotic-baume-hydratant-regenerant-150-ml\/\" \/>\r\n<meta property=\"og:site_name\" content=\"Paracherkaoui.ma\" \/>\r\n<meta property=\"article:modified_time\" content=\"2025-12-12T17:25:59+00:00\" \/>\r\n<meta property=\"og:image\" content=\"https:\/\/paracherkaoui.ma\/wp-content\/uploads\/2025\/12\/d-biotic-d-biotic-baume-hydratant-regenerant-150-ml-cremes-jour.jpg\" \/>\r\n\t<meta property=\"og:image:width\" content=\"700\" \/>\r\n\t<meta property=\"og:image:height\" content=\"700\" \/>\r\n\t<meta property=\"og:image:type\" content=\"image\/jpeg\" \/>\r\n<meta name=\"twitter:card\" content=\"summary_large_image\" \/>\r\n<script type=\"application\/ld+json\" class=\"yoast-schema-graph\">{\"@context\":\"https:\/\/schema.org\",\"@graph\":[{\"@type\":\"WebPage\",\"@id\":\"https:\/\/paracherkaoui.ma\/index.php\/produit\/d-biotic-baume-hydratant-regenerant-150-ml\/\",\"url\":\"https:\/\/paracherkaoui.ma\/index.php\/produit\/d-biotic-baume-hydratant-regenerant-150-ml\/\",\"name\":\"D BIOTIC BAUME HYDRATANT REGENERANT 150 ML - Paracherkaoui.ma\",\"isPartOf\":{\"@id\":\"https:\/\/paracherkaoui.ma\/#website\"},\"primaryImageOfPage\":{\"@id\":\"https:\/\/paracherkaoui.ma\/index.php\/produit\/d-biotic-baume-hydratant-regenerant-150-ml\/#primaryimage\"},\"image\":{\"@id\":\"https:\/\/paracherkaoui.ma\/index.php\/produit\/d-biotic-baume-hydratant-regenerant-150-ml\/#primaryimage\"},\"thumbnailUrl\":\"https:\/\/paracherkaoui.ma\/wp-content\/uploads\/2025\/12\/d-biotic-d-biotic-baume-hydratant-regenerant-150-ml-cremes-jour.jpg\",\"datePublished\":\"2025-12-12T17:25:56+00:00\",\"dateModified\":\"2025-12-12T17:25:59+00:00\",\"breadcrumb\":{\"@id\":\"https:\/\/paracherkaoui.ma\/index.php\/produit\/d-biotic-baume-hydratant-regenerant-150-ml\/#breadcrumb\"},\"inLanguage\":\"fr-FR\",\"potentialAction\":[{\"@type\":\"ReadAction\",\"target\":[\"https:\/\/paracherkaoui.ma\/index.php\/produit\/d-biotic-baume-hydratant-regenerant-150-ml\/\"]}]},{\"@type\":\"ImageObject\",\"inLanguage\":\"fr-FR\",\"@id\":\"https:\/\/paracherkaoui.ma\/index.php\/produit\/d-biotic-baume-hydratant-regenerant-150-ml\/#primaryimage\",\"url\":\"https:\/\/paracherkaoui.ma\/wp-content\/uploads\/2025\/12\/d-biotic-d-biotic-baume-hydratant-regenerant-150-ml-cremes-jour.jpg\",\"contentUrl\":\"https:\/\/paracherkaoui.ma\/wp-content\/uploads\/2025\/12\/d-biotic-d-biotic-baume-hydratant-regenerant-150-ml-cremes-jour.jpg\",\"width\":700,\"height\":700},{\"@type\":\"BreadcrumbList\",\"@id\":\"https:\/\/paracherkaoui.ma\/index.php\/produit\/d-biotic-baume-hydratant-regenerant-150-ml\/#breadcrumb\",\"itemListElement\":[{\"@type\":\"ListItem\",\"position\":1,\"name\":\"Accueil\",\"item\":\"https:\/\/paracherkaoui.ma\/\"},{\"@type\":\"ListItem\",\"position\":2,\"name\":\"Boutique\",\"item\":\"https:\/\/paracherkaoui.ma\/index.php\/boutique\/\"},{\"@type\":\"ListItem\",\"position\":3,\"name\":\"D BIOTIC BAUME HYDRATANT REGENERANT 150 ML\"}]},{\"@type\":\"WebSite\",\"@id\":\"https:\/\/paracherkaoui.ma\/#website\",\"url\":\"https:\/\/paracherkaoui.ma\/\",\"name\":\"Paracherkaoui.ma\",\"description\":\"Achetez en ligne sur Paracherkaoui.ma\",\"potentialAction\":[{\"@type\":\"SearchAction\",\"target\":{\"@type\":\"EntryPoint\",\"urlTemplate\":\"https:\/\/paracherkaoui.ma\/?s={search_term_string}\"},\"query-input\":{\"@type\":\"PropertyValueSpecification\",\"valueRequired\":true,\"valueName\":\"search_term_string\"}}],\"inLanguage\":\"fr-FR\"}]}<\/script>\r\n<!-- \/ Yoast SEO plugin. -->","yoast_head_json":{"title":"D BIOTIC BAUME HYDRATANT REGENERANT 150 ML - Paracherkaoui.ma","robots":{"index":"index","follow":"follow","max-snippet":"max-snippet:-1","max-image-preview":"max-image-preview:large","max-video-preview":"max-video-preview:-1"},"canonical":"https:\/\/paracherkaoui.ma\/index.php\/produit\/d-biotic-baume-hydratant-regenerant-150-ml\/","og_locale":"fr_FR","og_type":"article","og_title":"D BIOTIC BAUME HYDRATANT REGENERANT 150 ML - Paracherkaoui.ma","og_description":"Le baume hydratant r\u00e9g\u00e9n\u00e9rant D-Biotic est un soin exceptionnellement hydratant, soigneusement \u00e9labor\u00e9 avec une combinaison puissante de sept (07) c\u00e9ramides","og_url":"https:\/\/paracherkaoui.ma\/index.php\/produit\/d-biotic-baume-hydratant-regenerant-150-ml\/","og_site_name":"Paracherkaoui.ma","article_modified_time":"2025-12-12T17:25:59+00:00","og_image":[{"width":700,"height":700,"url":"https:\/\/paracherkaoui.ma\/wp-content\/uploads\/2025\/12\/d-biotic-d-biotic-baume-hydratant-regenerant-150-ml-cremes-jour.jpg","type":"image\/jpeg"}],"twitter_card":"summary_large_image","schema":{"@context":"https:\/\/schema.org","@graph":[{"@type":"WebPage","@id":"https:\/\/paracherkaoui.ma\/index.php\/produit\/d-biotic-baume-hydratant-regenerant-150-ml\/","url":"https:\/\/paracherkaoui.ma\/index.php\/produit\/d-biotic-baume-hydratant-regenerant-150-ml\/","name":"D BIOTIC BAUME HYDRATANT REGENERANT 150 ML - Paracherkaoui.ma","isPartOf":{"@id":"https:\/\/paracherkaoui.ma\/#website"},"primaryImageOfPage":{"@id":"https:\/\/paracherkaoui.ma\/index.php\/produit\/d-biotic-baume-hydratant-regenerant-150-ml\/#primaryimage"},"image":{"@id":"https:\/\/paracherkaoui.ma\/index.php\/produit\/d-biotic-baume-hydratant-regenerant-150-ml\/#primaryimage"},"thumbnailUrl":"https:\/\/paracherkaoui.ma\/wp-content\/uploads\/2025\/12\/d-biotic-d-biotic-baume-hydratant-regenerant-150-ml-cremes-jour.jpg","datePublished":"2025-12-12T17:25:56+00:00","dateModified":"2025-12-12T17:25:59+00:00","breadcrumb":{"@id":"https:\/\/paracherkaoui.ma\/index.php\/produit\/d-biotic-baume-hydratant-regenerant-150-ml\/#breadcrumb"},"inLanguage":"fr-FR","potentialAction":[{"@type":"ReadAction","target":["https:\/\/paracherkaoui.ma\/index.php\/produit\/d-biotic-baume-hydratant-regenerant-150-ml\/"]}]},{"@type":"ImageObject","inLanguage":"fr-FR","@id":"https:\/\/paracherkaoui.ma\/index.php\/produit\/d-biotic-baume-hydratant-regenerant-150-ml\/#primaryimage","url":"https:\/\/paracherkaoui.ma\/wp-content\/uploads\/2025\/12\/d-biotic-d-biotic-baume-hydratant-regenerant-150-ml-cremes-jour.jpg","contentUrl":"https:\/\/paracherkaoui.ma\/wp-content\/uploads\/2025\/12\/d-biotic-d-biotic-baume-hydratant-regenerant-150-ml-cremes-jour.jpg","width":700,"height":700},{"@type":"BreadcrumbList","@id":"https:\/\/paracherkaoui.ma\/index.php\/produit\/d-biotic-baume-hydratant-regenerant-150-ml\/#breadcrumb","itemListElement":[{"@type":"ListItem","position":1,"name":"Accueil","item":"https:\/\/paracherkaoui.ma\/"},{"@type":"ListItem","position":2,"name":"Boutique","item":"https:\/\/paracherkaoui.ma\/index.php\/boutique\/"},{"@type":"ListItem","position":3,"name":"D BIOTIC BAUME HYDRATANT REGENERANT 150 ML"}]},{"@type":"WebSite","@id":"https:\/\/paracherkaoui.ma\/#website","url":"https:\/\/paracherkaoui.ma\/","name":"Paracherkaoui.ma","description":"Achetez en ligne sur Paracherkaoui.ma","potentialAction":[{"@type":"SearchAction","target":{"@type":"EntryPoint","urlTemplate":"https:\/\/paracherkaoui.ma\/?s={search_term_string}"},"query-input":{"@type":"PropertyValueSpecification","valueRequired":true,"valueName":"search_term_string"}}],"inLanguage":"fr-FR"}]}},"_links":{"self":[{"href":"https:\/\/paracherkaoui.ma\/index.php\/wp-json\/wp\/v2\/product\/27045","targetHints":{"allow":["GET"]}}],"collection":[{"href":"https:\/\/paracherkaoui.ma\/index.php\/wp-json\/wp\/v2\/product"}],"about":[{"href":"https:\/\/paracherkaoui.ma\/index.php\/wp-json\/wp\/v2\/types\/product"}],"replies":[{"embeddable":true,"href":"https:\/\/paracherkaoui.ma\/index.php\/wp-json\/wp\/v2\/comments?post=27045"}],"version-history":[{"count":1,"href":"https:\/\/paracherkaoui.ma\/index.php\/wp-json\/wp\/v2\/product\/27045\/revisions"}],"predecessor-version":[{"id":27084,"href":"https:\/\/paracherkaoui.ma\/index.php\/wp-json\/wp\/v2\/product\/27045\/revisions\/27084"}],"wp:featuredmedia":[{"embeddable":true,"href":"https:\/\/paracherkaoui.ma\/index.php\/wp-json\/wp\/v2\/media\/27083"}],"wp:attachment":[{"href":"https:\/\/paracherkaoui.ma\/index.php\/wp-json\/wp\/v2\/media?parent=27045"}],"wp:term":[{"taxonomy":"product_brand","embeddable":true,"href":"https:\/\/paracherkaoui.ma\/index.php\/wp-json\/wp\/v2\/product_brand?post=27045"},{"taxonomy":"product_cat","embeddable":true,"href":"https:\/\/paracherkaoui.ma\/index.php\/wp-json\/wp\/v2\/product_cat?post=27045"},{"taxonomy":"product_tag","embeddable":true,"href":"https:\/\/paracherkaoui.ma\/index.php\/wp-json\/wp\/v2\/product_tag?post=27045"}],"curies":[{"name":"wp","href":"https:\/\/api.w.org\/{rel}","templated":true}]}}