{"id":26983,"date":"2025-12-12T18:25:49","date_gmt":"2025-12-12T17:25:49","guid":{"rendered":"https:\/\/test.ecbeaute.com\/?post_type=product&#038;p=26983"},"modified":"2025-12-12T18:25:54","modified_gmt":"2025-12-12T17:25:54","slug":"lca-pharma-creme-depigmentante-2","status":"publish","type":"product","link":"https:\/\/paracherkaoui.ma\/index.php\/produit\/lca-pharma-creme-depigmentante-2\/","title":{"rendered":"LCA PHARMA CR\u00c8ME D\u00c9PIGMENTANTE"},"content":{"rendered":"<p>Cr\u00e8me d\u00e9pigmentante de LCA Pharma\u00a0: Homog\u00e9n\u00e9ise la pigmentation et corrige les t\u00e2ches<br \/>\nCette cr\u00e8me est un<br \/>\nsoin quotidien<br \/>\nqui permet une prise en charge efficace des t\u00e2ches pigmentaires.<br \/>\nElle agit de fa\u00e7on\u00a0rapide\u00a0et\u00a0visible\u00a0sur les t\u00e2ches brunes. Le teint s&rsquo;\u00e9claircit et devient homog\u00e8ne.<br \/>\nCONSEILS D&rsquo;UTILISATION :<br \/>\nAppliquer matin et soir sur les zones concern\u00e9es en massant l\u00e9g\u00e8rement.<\/p>\n","protected":false},"excerpt":{"rendered":"<p>Cr\u00e8me d\u00e9pigmentante de LCA Pharma\u00a0: Homog\u00e9n\u00e9ise la pigmentation et corrige les t\u00e2ches Cette cr\u00e8me est un soin quotidien qui permet<\/p>\n","protected":false},"featured_media":25152,"comment_status":"open","ping_status":"closed","template":"","meta":[],"product_brand":[397],"product_cat":[525],"product_tag":[],"class_list":{"0":"post-26983","1":"product","2":"type-product","3":"status-publish","4":"has-post-thumbnail","6":"product_brand-lca-pharma","7":"product_cat-cremes-jour","9":"first","10":"instock","11":"sale","12":"shipping-taxable","13":"purchasable","14":"product-type-simple"},"yoast_head":"<!-- This site is optimized with the Yoast SEO plugin v26.6 - https:\/\/yoast.com\/wordpress\/plugins\/seo\/ -->\r\n<title>LCA PHARMA CR\u00c8ME D\u00c9PIGMENTANTE - Paracherkaoui.ma<\/title>\r\n<meta name=\"robots\" content=\"index, follow, max-snippet:-1, max-image-preview:large, max-video-preview:-1\" \/>\r\n<link rel=\"canonical\" href=\"https:\/\/paracherkaoui.ma\/index.php\/produit\/lca-pharma-creme-depigmentante-2\/\" \/>\r\n<meta property=\"og:locale\" content=\"fr_FR\" \/>\r\n<meta property=\"og:type\" content=\"article\" \/>\r\n<meta property=\"og:title\" content=\"LCA PHARMA CR\u00c8ME D\u00c9PIGMENTANTE - Paracherkaoui.ma\" \/>\r\n<meta property=\"og:description\" content=\"Cr\u00e8me d\u00e9pigmentante de LCA Pharma\u00a0: Homog\u00e9n\u00e9ise la pigmentation et corrige les t\u00e2ches Cette cr\u00e8me est un soin quotidien qui permet\" \/>\r\n<meta property=\"og:url\" content=\"https:\/\/paracherkaoui.ma\/index.php\/produit\/lca-pharma-creme-depigmentante-2\/\" \/>\r\n<meta property=\"og:site_name\" content=\"Paracherkaoui.ma\" \/>\r\n<meta property=\"article:modified_time\" content=\"2025-12-12T17:25:54+00:00\" \/>\r\n<meta property=\"og:image\" content=\"https:\/\/paracherkaoui.ma\/wp-content\/uploads\/2025\/12\/lca-pharma-lca-pharma-creme-depigmentante-creme-depigmentantes.jpg\" \/>\r\n\t<meta property=\"og:image:width\" content=\"700\" \/>\r\n\t<meta property=\"og:image:height\" content=\"700\" \/>\r\n\t<meta property=\"og:image:type\" content=\"image\/jpeg\" \/>\r\n<meta name=\"twitter:card\" content=\"summary_large_image\" \/>\r\n<script type=\"application\/ld+json\" class=\"yoast-schema-graph\">{\"@context\":\"https:\/\/schema.org\",\"@graph\":[{\"@type\":\"WebPage\",\"@id\":\"https:\/\/paracherkaoui.ma\/index.php\/produit\/lca-pharma-creme-depigmentante-2\/\",\"url\":\"https:\/\/paracherkaoui.ma\/index.php\/produit\/lca-pharma-creme-depigmentante-2\/\",\"name\":\"LCA PHARMA CR\u00c8ME D\u00c9PIGMENTANTE - Paracherkaoui.ma\",\"isPartOf\":{\"@id\":\"https:\/\/paracherkaoui.ma\/#website\"},\"primaryImageOfPage\":{\"@id\":\"https:\/\/paracherkaoui.ma\/index.php\/produit\/lca-pharma-creme-depigmentante-2\/#primaryimage\"},\"image\":{\"@id\":\"https:\/\/paracherkaoui.ma\/index.php\/produit\/lca-pharma-creme-depigmentante-2\/#primaryimage\"},\"thumbnailUrl\":\"https:\/\/paracherkaoui.ma\/wp-content\/uploads\/2025\/12\/lca-pharma-lca-pharma-creme-depigmentante-creme-depigmentantes.jpg\",\"datePublished\":\"2025-12-12T17:25:49+00:00\",\"dateModified\":\"2025-12-12T17:25:54+00:00\",\"breadcrumb\":{\"@id\":\"https:\/\/paracherkaoui.ma\/index.php\/produit\/lca-pharma-creme-depigmentante-2\/#breadcrumb\"},\"inLanguage\":\"fr-FR\",\"potentialAction\":[{\"@type\":\"ReadAction\",\"target\":[\"https:\/\/paracherkaoui.ma\/index.php\/produit\/lca-pharma-creme-depigmentante-2\/\"]}]},{\"@type\":\"ImageObject\",\"inLanguage\":\"fr-FR\",\"@id\":\"https:\/\/paracherkaoui.ma\/index.php\/produit\/lca-pharma-creme-depigmentante-2\/#primaryimage\",\"url\":\"https:\/\/paracherkaoui.ma\/wp-content\/uploads\/2025\/12\/lca-pharma-lca-pharma-creme-depigmentante-creme-depigmentantes.jpg\",\"contentUrl\":\"https:\/\/paracherkaoui.ma\/wp-content\/uploads\/2025\/12\/lca-pharma-lca-pharma-creme-depigmentante-creme-depigmentantes.jpg\",\"width\":700,\"height\":700},{\"@type\":\"BreadcrumbList\",\"@id\":\"https:\/\/paracherkaoui.ma\/index.php\/produit\/lca-pharma-creme-depigmentante-2\/#breadcrumb\",\"itemListElement\":[{\"@type\":\"ListItem\",\"position\":1,\"name\":\"Accueil\",\"item\":\"https:\/\/paracherkaoui.ma\/\"},{\"@type\":\"ListItem\",\"position\":2,\"name\":\"Boutique\",\"item\":\"https:\/\/paracherkaoui.ma\/index.php\/boutique\/\"},{\"@type\":\"ListItem\",\"position\":3,\"name\":\"LCA PHARMA CR\u00c8ME D\u00c9PIGMENTANTE\"}]},{\"@type\":\"WebSite\",\"@id\":\"https:\/\/paracherkaoui.ma\/#website\",\"url\":\"https:\/\/paracherkaoui.ma\/\",\"name\":\"Paracherkaoui.ma\",\"description\":\"Achetez en ligne sur Paracherkaoui.ma\",\"potentialAction\":[{\"@type\":\"SearchAction\",\"target\":{\"@type\":\"EntryPoint\",\"urlTemplate\":\"https:\/\/paracherkaoui.ma\/?s={search_term_string}\"},\"query-input\":{\"@type\":\"PropertyValueSpecification\",\"valueRequired\":true,\"valueName\":\"search_term_string\"}}],\"inLanguage\":\"fr-FR\"}]}<\/script>\r\n<!-- \/ Yoast SEO plugin. -->","yoast_head_json":{"title":"LCA PHARMA CR\u00c8ME D\u00c9PIGMENTANTE - Paracherkaoui.ma","robots":{"index":"index","follow":"follow","max-snippet":"max-snippet:-1","max-image-preview":"max-image-preview:large","max-video-preview":"max-video-preview:-1"},"canonical":"https:\/\/paracherkaoui.ma\/index.php\/produit\/lca-pharma-creme-depigmentante-2\/","og_locale":"fr_FR","og_type":"article","og_title":"LCA PHARMA CR\u00c8ME D\u00c9PIGMENTANTE - Paracherkaoui.ma","og_description":"Cr\u00e8me d\u00e9pigmentante de LCA Pharma\u00a0: Homog\u00e9n\u00e9ise la pigmentation et corrige les t\u00e2ches Cette cr\u00e8me est un soin quotidien qui permet","og_url":"https:\/\/paracherkaoui.ma\/index.php\/produit\/lca-pharma-creme-depigmentante-2\/","og_site_name":"Paracherkaoui.ma","article_modified_time":"2025-12-12T17:25:54+00:00","og_image":[{"width":700,"height":700,"url":"https:\/\/paracherkaoui.ma\/wp-content\/uploads\/2025\/12\/lca-pharma-lca-pharma-creme-depigmentante-creme-depigmentantes.jpg","type":"image\/jpeg"}],"twitter_card":"summary_large_image","schema":{"@context":"https:\/\/schema.org","@graph":[{"@type":"WebPage","@id":"https:\/\/paracherkaoui.ma\/index.php\/produit\/lca-pharma-creme-depigmentante-2\/","url":"https:\/\/paracherkaoui.ma\/index.php\/produit\/lca-pharma-creme-depigmentante-2\/","name":"LCA PHARMA CR\u00c8ME D\u00c9PIGMENTANTE - Paracherkaoui.ma","isPartOf":{"@id":"https:\/\/paracherkaoui.ma\/#website"},"primaryImageOfPage":{"@id":"https:\/\/paracherkaoui.ma\/index.php\/produit\/lca-pharma-creme-depigmentante-2\/#primaryimage"},"image":{"@id":"https:\/\/paracherkaoui.ma\/index.php\/produit\/lca-pharma-creme-depigmentante-2\/#primaryimage"},"thumbnailUrl":"https:\/\/paracherkaoui.ma\/wp-content\/uploads\/2025\/12\/lca-pharma-lca-pharma-creme-depigmentante-creme-depigmentantes.jpg","datePublished":"2025-12-12T17:25:49+00:00","dateModified":"2025-12-12T17:25:54+00:00","breadcrumb":{"@id":"https:\/\/paracherkaoui.ma\/index.php\/produit\/lca-pharma-creme-depigmentante-2\/#breadcrumb"},"inLanguage":"fr-FR","potentialAction":[{"@type":"ReadAction","target":["https:\/\/paracherkaoui.ma\/index.php\/produit\/lca-pharma-creme-depigmentante-2\/"]}]},{"@type":"ImageObject","inLanguage":"fr-FR","@id":"https:\/\/paracherkaoui.ma\/index.php\/produit\/lca-pharma-creme-depigmentante-2\/#primaryimage","url":"https:\/\/paracherkaoui.ma\/wp-content\/uploads\/2025\/12\/lca-pharma-lca-pharma-creme-depigmentante-creme-depigmentantes.jpg","contentUrl":"https:\/\/paracherkaoui.ma\/wp-content\/uploads\/2025\/12\/lca-pharma-lca-pharma-creme-depigmentante-creme-depigmentantes.jpg","width":700,"height":700},{"@type":"BreadcrumbList","@id":"https:\/\/paracherkaoui.ma\/index.php\/produit\/lca-pharma-creme-depigmentante-2\/#breadcrumb","itemListElement":[{"@type":"ListItem","position":1,"name":"Accueil","item":"https:\/\/paracherkaoui.ma\/"},{"@type":"ListItem","position":2,"name":"Boutique","item":"https:\/\/paracherkaoui.ma\/index.php\/boutique\/"},{"@type":"ListItem","position":3,"name":"LCA PHARMA CR\u00c8ME D\u00c9PIGMENTANTE"}]},{"@type":"WebSite","@id":"https:\/\/paracherkaoui.ma\/#website","url":"https:\/\/paracherkaoui.ma\/","name":"Paracherkaoui.ma","description":"Achetez en ligne sur Paracherkaoui.ma","potentialAction":[{"@type":"SearchAction","target":{"@type":"EntryPoint","urlTemplate":"https:\/\/paracherkaoui.ma\/?s={search_term_string}"},"query-input":{"@type":"PropertyValueSpecification","valueRequired":true,"valueName":"search_term_string"}}],"inLanguage":"fr-FR"}]}},"_links":{"self":[{"href":"https:\/\/paracherkaoui.ma\/index.php\/wp-json\/wp\/v2\/product\/26983","targetHints":{"allow":["GET"]}}],"collection":[{"href":"https:\/\/paracherkaoui.ma\/index.php\/wp-json\/wp\/v2\/product"}],"about":[{"href":"https:\/\/paracherkaoui.ma\/index.php\/wp-json\/wp\/v2\/types\/product"}],"replies":[{"embeddable":true,"href":"https:\/\/paracherkaoui.ma\/index.php\/wp-json\/wp\/v2\/comments?post=26983"}],"version-history":[{"count":1,"href":"https:\/\/paracherkaoui.ma\/index.php\/wp-json\/wp\/v2\/product\/26983\/revisions"}],"predecessor-version":[{"id":27030,"href":"https:\/\/paracherkaoui.ma\/index.php\/wp-json\/wp\/v2\/product\/26983\/revisions\/27030"}],"wp:featuredmedia":[{"embeddable":true,"href":"https:\/\/paracherkaoui.ma\/index.php\/wp-json\/wp\/v2\/media\/25152"}],"wp:attachment":[{"href":"https:\/\/paracherkaoui.ma\/index.php\/wp-json\/wp\/v2\/media?parent=26983"}],"wp:term":[{"taxonomy":"product_brand","embeddable":true,"href":"https:\/\/paracherkaoui.ma\/index.php\/wp-json\/wp\/v2\/product_brand?post=26983"},{"taxonomy":"product_cat","embeddable":true,"href":"https:\/\/paracherkaoui.ma\/index.php\/wp-json\/wp\/v2\/product_cat?post=26983"},{"taxonomy":"product_tag","embeddable":true,"href":"https:\/\/paracherkaoui.ma\/index.php\/wp-json\/wp\/v2\/product_tag?post=26983"}],"curies":[{"name":"wp","href":"https:\/\/api.w.org\/{rel}","templated":true}]}}